{"id":13262,"date":"2025-10-25T12:52:15","date_gmt":"2025-10-25T10:52:15","guid":{"rendered":"https:\/\/www.swisscrochet.ch\/product\/scheepjes-catona-shine\/"},"modified":"2025-12-12T12:22:52","modified_gmt":"2025-12-12T11:22:52","slug":"scheepjes-catona-shine","status":"publish","type":"product","link":"https:\/\/www.swisscrochet.ch\/fr\/produit\/scheepjes-catona-shine\/","title":{"rendered":"Scheepjes &#8211; Catona Shine"},"content":{"rendered":"","protected":false},"excerpt":{"rendered":"<p>Scheepjes Catona Shine est un fil de type fingering compos\u00e9 de 98 % de coton merceris\u00e9 et de 2 % de polyester m\u00e9tallis\u00e9, appr\u00e9ci\u00e9 pour sa respirabilit\u00e9 naturelle, sa brillance d\u00e9licate et sa texture souple et lisse. Parfait pour une grande vari\u00e9t\u00e9 de projets \u2013 v\u00eatements, accessoires, amigurumis, jouets ou d\u00e9coration int\u00e9rieure \u2013 Catona Shine est un choix incontournable pour toute passionn\u00e9e de crochet.<\/p>\n<p>Catona Shine est id\u00e9al pour cr\u00e9er des contrastes, des accents ou simplement ajouter une touche originale \u00e0 vos projets. Le fil lurex, en argent, or ou paillettes arc-en-ciel, est soigneusement assorti \u00e0 une couleur Catona existante.<\/p>\n<p>Certifi\u00e9 EN71-3, ce fil convient aux peaux sensibles, ce qui le rend parfait pour r\u00e9aliser des articles destin\u00e9s aux b\u00e9b\u00e9s et aux enfants. De plus, Catona est fabriqu\u00e9 \u00e0 partir d\u2019eaux us\u00e9es recycl\u00e9es, offrant une option \u00e9coresponsable pour des cr\u00e9ations durables.<\/p>\n<p>L\u2019\u00e9chantillon illustr\u00e9 a \u00e9t\u00e9 lav\u00e9 en machine (programme normal \u00e0 40 \u00b0C) et repass\u00e9 \u00e0 la vapeur.<\/p>\n<p>Disponible dans une superbe palette de 20 coloris, Scheepjes Catona Shine invite \u00e0 une cr\u00e9ativit\u00e9 sans fin et \u00e0 d\u2019innombrables combinaisons de couleurs pour tous vos projets au crochet. Choisissez Scheepjes Catona Shine pour sa qualit\u00e9, sa polyvalence et ses couleurs brillantes \u00e0 chaque maille !<\/p>\n","protected":false},"featured_media":13083,"template":"","meta":[],"product_brand":[],"product_cat":[1880,1885,227,1887,1882,1893],"product_tag":[],"class_list":{"0":"post-13262","1":"product","2":"type-product","3":"status-publish","4":"has-post-thumbnail","6":"product_cat-fils-amigurumi","7":"product_cat-fils-couvertures","8":"product_cat-fils","9":"product_cat-fils-fils-basiques","10":"product_cat-fils-sacs-et-decoration-interieure","11":"product_cat-fils-vetements","12":"pa_y1-brand-scheepjes-fr","13":"pa_y17-yarn-weight-fingering-fr","14":"description-off","16":"first","17":"instock","18":"taxable","19":"shipping-taxable","20":"purchasable","21":"product-type-variable","22":"wvs-archive-product-wrapper"},"bundled_by":[],"bundle_stock_status":"instock","bundle_stock_quantity":null,"bundle_virtual":false,"bundle_layout":"","bundle_add_to_cart_form_location":"","bundle_editable_in_cart":false,"bundle_sold_individually_context":"","bundle_item_grouping":"","bundle_min_size":"","bundle_max_size":"","bundle_price":[],"bundled_items":[],"bundle_sell_ids":[],"yoast_head":"<!-- This site is optimized with the Yoast SEO plugin v27.5 - https:\/\/yoast.com\/product\/yoast-seo-wordpress\/ -->\n<title>Scheepjes - Catona Shine &#171; Swiss Crochet<\/title>\n<meta name=\"description\" content=\"Scheepjes Catona Shine est un fil de coton merceris\u00e9 de type fingering, \u00e0 la texture lisse et avec une touche d\u2019\u00e9clat ! Parfait pour les amigurumis, v\u00eatements et bien plus encore, dans 20 couleurs \u00e9clatantes !\" \/>\n<meta name=\"robots\" content=\"index, follow, max-snippet:-1, max-image-preview:large, max-video-preview:-1\" \/>\n<link rel=\"canonical\" href=\"https:\/\/www.swisscrochet.ch\/fr\/produit\/scheepjes-catona-shine\/\" \/>\n<meta property=\"og:locale\" content=\"fr_FR\" \/>\n<meta property=\"og:type\" content=\"article\" \/>\n<meta property=\"og:title\" content=\"Scheepjes - Catona Shine &#171; Swiss Crochet\" \/>\n<meta property=\"og:description\" content=\"Scheepjes Catona Shine est un fil de coton merceris\u00e9 de type fingering, \u00e0 la texture lisse et avec une touche d\u2019\u00e9clat ! Parfait pour les amigurumis, v\u00eatements et bien plus encore, dans 20 couleurs \u00e9clatantes !\" \/>\n<meta property=\"og:url\" content=\"https:\/\/www.swisscrochet.ch\/fr\/produit\/scheepjes-catona-shine\/\" \/>\n<meta property=\"og:site_name\" content=\"Swiss Crochet\" \/>\n<meta property=\"article:modified_time\" content=\"2025-12-12T11:22:52+00:00\" \/>\n<meta property=\"og:image\" content=\"https:\/\/www.swisscrochet.ch\/wp-content\/uploads\/2025\/10\/Scheepjes-Catona-Shine-Overview.jpg\" \/>\n\t<meta property=\"og:image:width\" content=\"1000\" \/>\n\t<meta property=\"og:image:height\" content=\"1000\" \/>\n\t<meta property=\"og:image:type\" content=\"image\/jpeg\" \/>\n<meta name=\"twitter:card\" content=\"summary_large_image\" \/>\n<meta name=\"twitter:label1\" content=\"Dur\u00e9e de lecture estim\u00e9e\" \/>\n\t<meta name=\"twitter:data1\" content=\"1 minute\" \/>\n<script type=\"application\/ld+json\" class=\"yoast-schema-graph\">{\"@context\":\"https:\\\/\\\/schema.org\",\"@graph\":[{\"@type\":[\"WebPage\",\"ItemPage\"],\"@id\":\"https:\\\/\\\/www.swisscrochet.ch\\\/fr\\\/produit\\\/scheepjes-catona-shine\\\/\",\"url\":\"https:\\\/\\\/www.swisscrochet.ch\\\/fr\\\/produit\\\/scheepjes-catona-shine\\\/\",\"name\":\"Scheepjes - Catona Shine &#171; Swiss Crochet\",\"isPartOf\":{\"@id\":\"https:\\\/\\\/www.swisscrochet.ch\\\/#website\"},\"primaryImageOfPage\":{\"@id\":\"https:\\\/\\\/www.swisscrochet.ch\\\/fr\\\/produit\\\/scheepjes-catona-shine\\\/#primaryimage\"},\"image\":{\"@id\":\"https:\\\/\\\/www.swisscrochet.ch\\\/fr\\\/produit\\\/scheepjes-catona-shine\\\/#primaryimage\"},\"thumbnailUrl\":\"https:\\\/\\\/www.swisscrochet.ch\\\/wp-content\\\/uploads\\\/2025\\\/10\\\/Scheepjes-Catona-Shine-Overview.jpg\",\"datePublished\":\"2025-10-25T10:52:15+00:00\",\"dateModified\":\"2025-12-12T11:22:52+00:00\",\"description\":\"Scheepjes Catona Shine est un fil de coton merceris\u00e9 de type fingering, \u00e0 la texture lisse et avec une touche d\u2019\u00e9clat ! Parfait pour les amigurumis, v\u00eatements et bien plus encore, dans 20 couleurs \u00e9clatantes !\",\"breadcrumb\":{\"@id\":\"https:\\\/\\\/www.swisscrochet.ch\\\/fr\\\/produit\\\/scheepjes-catona-shine\\\/#breadcrumb\"},\"inLanguage\":\"fr-FR\",\"potentialAction\":[{\"@type\":\"ReadAction\",\"target\":[\"https:\\\/\\\/www.swisscrochet.ch\\\/fr\\\/produit\\\/scheepjes-catona-shine\\\/\"]}]},{\"@type\":\"ImageObject\",\"inLanguage\":\"fr-FR\",\"@id\":\"https:\\\/\\\/www.swisscrochet.ch\\\/fr\\\/produit\\\/scheepjes-catona-shine\\\/#primaryimage\",\"url\":\"https:\\\/\\\/www.swisscrochet.ch\\\/wp-content\\\/uploads\\\/2025\\\/10\\\/Scheepjes-Catona-Shine-Overview.jpg\",\"contentUrl\":\"https:\\\/\\\/www.swisscrochet.ch\\\/wp-content\\\/uploads\\\/2025\\\/10\\\/Scheepjes-Catona-Shine-Overview.jpg\",\"width\":1000,\"height\":1000},{\"@type\":\"BreadcrumbList\",\"@id\":\"https:\\\/\\\/www.swisscrochet.ch\\\/fr\\\/produit\\\/scheepjes-catona-shine\\\/#breadcrumb\",\"itemListElement\":[{\"@type\":\"ListItem\",\"position\":1,\"name\":\"Home\",\"item\":\"https:\\\/\\\/www.swisscrochet.ch\\\/fr\\\/\"},{\"@type\":\"ListItem\",\"position\":2,\"name\":\"Boutique\",\"item\":\"https:\\\/\\\/www.swisscrochet.ch\\\/fr\\\/boutique\\\/\"},{\"@type\":\"ListItem\",\"position\":3,\"name\":\"Scheepjes &#8211; Catona Shine\"}]},{\"@type\":\"WebSite\",\"@id\":\"https:\\\/\\\/www.swisscrochet.ch\\\/#website\",\"url\":\"https:\\\/\\\/www.swisscrochet.ch\\\/\",\"name\":\"Swiss Crochet\",\"description\":\"Lib\u00e9rez votre potentiel cr\u00e9atif\",\"potentialAction\":[{\"@type\":\"SearchAction\",\"target\":{\"@type\":\"EntryPoint\",\"urlTemplate\":\"https:\\\/\\\/www.swisscrochet.ch\\\/?s={search_term_string}\"},\"query-input\":{\"@type\":\"PropertyValueSpecification\",\"valueRequired\":true,\"valueName\":\"search_term_string\"}}],\"inLanguage\":\"fr-FR\"}]}<\/script>\n<!-- \/ Yoast SEO plugin. -->","yoast_head_json":{"title":"Scheepjes - Catona Shine &#171; Swiss Crochet","description":"Scheepjes Catona Shine est un fil de coton merceris\u00e9 de type fingering, \u00e0 la texture lisse et avec une touche d\u2019\u00e9clat ! Parfait pour les amigurumis, v\u00eatements et bien plus encore, dans 20 couleurs \u00e9clatantes !","robots":{"index":"index","follow":"follow","max-snippet":"max-snippet:-1","max-image-preview":"max-image-preview:large","max-video-preview":"max-video-preview:-1"},"canonical":"https:\/\/www.swisscrochet.ch\/fr\/produit\/scheepjes-catona-shine\/","og_locale":"fr_FR","og_type":"article","og_title":"Scheepjes - Catona Shine &#171; Swiss Crochet","og_description":"Scheepjes Catona Shine est un fil de coton merceris\u00e9 de type fingering, \u00e0 la texture lisse et avec une touche d\u2019\u00e9clat ! Parfait pour les amigurumis, v\u00eatements et bien plus encore, dans 20 couleurs \u00e9clatantes !","og_url":"https:\/\/www.swisscrochet.ch\/fr\/produit\/scheepjes-catona-shine\/","og_site_name":"Swiss Crochet","article_modified_time":"2025-12-12T11:22:52+00:00","og_image":[{"width":1000,"height":1000,"url":"https:\/\/www.swisscrochet.ch\/wp-content\/uploads\/2025\/10\/Scheepjes-Catona-Shine-Overview.jpg","type":"image\/jpeg"}],"twitter_card":"summary_large_image","twitter_misc":{"Dur\u00e9e de lecture estim\u00e9e":"1 minute"},"schema":{"@context":"https:\/\/schema.org","@graph":[{"@type":["WebPage","ItemPage"],"@id":"https:\/\/www.swisscrochet.ch\/fr\/produit\/scheepjes-catona-shine\/","url":"https:\/\/www.swisscrochet.ch\/fr\/produit\/scheepjes-catona-shine\/","name":"Scheepjes - Catona Shine &#171; Swiss Crochet","isPartOf":{"@id":"https:\/\/www.swisscrochet.ch\/#website"},"primaryImageOfPage":{"@id":"https:\/\/www.swisscrochet.ch\/fr\/produit\/scheepjes-catona-shine\/#primaryimage"},"image":{"@id":"https:\/\/www.swisscrochet.ch\/fr\/produit\/scheepjes-catona-shine\/#primaryimage"},"thumbnailUrl":"https:\/\/www.swisscrochet.ch\/wp-content\/uploads\/2025\/10\/Scheepjes-Catona-Shine-Overview.jpg","datePublished":"2025-10-25T10:52:15+00:00","dateModified":"2025-12-12T11:22:52+00:00","description":"Scheepjes Catona Shine est un fil de coton merceris\u00e9 de type fingering, \u00e0 la texture lisse et avec une touche d\u2019\u00e9clat ! Parfait pour les amigurumis, v\u00eatements et bien plus encore, dans 20 couleurs \u00e9clatantes !","breadcrumb":{"@id":"https:\/\/www.swisscrochet.ch\/fr\/produit\/scheepjes-catona-shine\/#breadcrumb"},"inLanguage":"fr-FR","potentialAction":[{"@type":"ReadAction","target":["https:\/\/www.swisscrochet.ch\/fr\/produit\/scheepjes-catona-shine\/"]}]},{"@type":"ImageObject","inLanguage":"fr-FR","@id":"https:\/\/www.swisscrochet.ch\/fr\/produit\/scheepjes-catona-shine\/#primaryimage","url":"https:\/\/www.swisscrochet.ch\/wp-content\/uploads\/2025\/10\/Scheepjes-Catona-Shine-Overview.jpg","contentUrl":"https:\/\/www.swisscrochet.ch\/wp-content\/uploads\/2025\/10\/Scheepjes-Catona-Shine-Overview.jpg","width":1000,"height":1000},{"@type":"BreadcrumbList","@id":"https:\/\/www.swisscrochet.ch\/fr\/produit\/scheepjes-catona-shine\/#breadcrumb","itemListElement":[{"@type":"ListItem","position":1,"name":"Home","item":"https:\/\/www.swisscrochet.ch\/fr\/"},{"@type":"ListItem","position":2,"name":"Boutique","item":"https:\/\/www.swisscrochet.ch\/fr\/boutique\/"},{"@type":"ListItem","position":3,"name":"Scheepjes &#8211; Catona Shine"}]},{"@type":"WebSite","@id":"https:\/\/www.swisscrochet.ch\/#website","url":"https:\/\/www.swisscrochet.ch\/","name":"Swiss Crochet","description":"Lib\u00e9rez votre potentiel cr\u00e9atif","potentialAction":[{"@type":"SearchAction","target":{"@type":"EntryPoint","urlTemplate":"https:\/\/www.swisscrochet.ch\/?s={search_term_string}"},"query-input":{"@type":"PropertyValueSpecification","valueRequired":true,"valueName":"search_term_string"}}],"inLanguage":"fr-FR"}]}},"_links":{"self":[{"href":"https:\/\/www.swisscrochet.ch\/fr\/wp-json\/wp\/v2\/product\/13262","targetHints":{"allow":["GET"]}}],"collection":[{"href":"https:\/\/www.swisscrochet.ch\/fr\/wp-json\/wp\/v2\/product"}],"about":[{"href":"https:\/\/www.swisscrochet.ch\/fr\/wp-json\/wp\/v2\/types\/product"}],"wp:featuredmedia":[{"embeddable":true,"href":"https:\/\/www.swisscrochet.ch\/fr\/wp-json\/wp\/v2\/media\/13083"}],"wp:attachment":[{"href":"https:\/\/www.swisscrochet.ch\/fr\/wp-json\/wp\/v2\/media?parent=13262"}],"wp:term":[{"taxonomy":"product_brand","embeddable":true,"href":"https:\/\/www.swisscrochet.ch\/fr\/wp-json\/wp\/v2\/product_brand?post=13262"},{"taxonomy":"product_cat","embeddable":true,"href":"https:\/\/www.swisscrochet.ch\/fr\/wp-json\/wp\/v2\/product_cat?post=13262"},{"taxonomy":"product_tag","embeddable":true,"href":"https:\/\/www.swisscrochet.ch\/fr\/wp-json\/wp\/v2\/product_tag?post=13262"}],"curies":[{"name":"wp","href":"https:\/\/api.w.org\/{rel}","templated":true}]}}