{"id":13387,"date":"2025-10-25T14:07:07","date_gmt":"2025-10-25T12:07:07","guid":{"rendered":"https:\/\/www.swisscrochet.ch\/product\/hoooked-wooole\/"},"modified":"2025-10-25T14:20:41","modified_gmt":"2025-10-25T12:20:41","slug":"hoooked-wooole","status":"publish","type":"product","link":"https:\/\/www.swisscrochet.ch\/fr\/produit\/hoooked-wooole\/","title":{"rendered":"Hoooked &#8211; Woool&rsquo;e"},"content":{"rendered":"","protected":false},"excerpt":{"rendered":"<p>Hoooked Woool\u2019e est un fil de type sport fabriqu\u00e9 exclusivement \u00e0 partir de d\u00e9chets textiles pr\u00e9consommateurs recycl\u00e9s, provenant de l\u2019industrie de la mode portugaise. Sa mission : prolonger la dur\u00e9e de vie des fibres textiles et r\u00e9duire la production de d\u00e9chets.<\/p>\n<p>Compos\u00e9 de 60 % de laine recycl\u00e9e et de 40 % de coton recycl\u00e9, Woool\u2019e se distingue de la plupart des fils recycl\u00e9s gr\u00e2ce \u00e0 sa structure en c\u00e2ble, qui le rend exceptionnellement solide, durable et r\u00e9sistant au d\u00e9doublement \u2013 tout en offrant une excellente d\u00e9finition des mailles.<\/p>\n<p>Ce fil polyvalent et abordable est id\u00e9al pour une large gamme de projets : v\u00eatements, accessoires, couvertures et amigurumis.<\/p>\n<p>L\u2019\u00e9chantillon pr\u00e9sent\u00e9 a \u00e9t\u00e9 lav\u00e9 en machine (programme laine \u00e0 30 \u00b0C) puis repass\u00e9 \u00e0 la vapeur.<\/p>\n<p>Choisissez Woool\u2019e pour vos projets de crochet durables \u2013 disponible en 11 magnifiques coloris.<\/p>\n","protected":false},"featured_media":13372,"template":"","meta":[],"product_brand":[],"product_cat":[1880,1885,227,1887,1893],"product_tag":[],"class_list":{"0":"post-13387","1":"product","2":"type-product","3":"status-publish","4":"has-post-thumbnail","6":"product_cat-fils-amigurumi","7":"product_cat-fils-couvertures","8":"product_cat-fils","9":"product_cat-fils-fils-basiques","10":"product_cat-fils-vetements","11":"pa_y1-brand-hoooked-fr","12":"pa_y17-yarn-weight-sport-fr","13":"description-off","15":"first","16":"instock","17":"taxable","18":"shipping-taxable","19":"purchasable","20":"product-type-variable","21":"wvs-archive-product-wrapper"},"bundled_by":[],"bundle_stock_status":"instock","bundle_stock_quantity":null,"bundle_virtual":false,"bundle_layout":"","bundle_add_to_cart_form_location":"","bundle_editable_in_cart":false,"bundle_sold_individually_context":"","bundle_item_grouping":"","bundle_min_size":"","bundle_max_size":"","bundle_price":[],"bundled_items":[],"bundle_sell_ids":[],"yoast_head":"<!-- This site is optimized with the Yoast SEO plugin v27.5 - https:\/\/yoast.com\/product\/yoast-seo-wordpress\/ -->\n<title>Hoooked - Woool&#039;e &#171; Swiss Crochet<\/title>\n<meta name=\"description\" content=\"Hoooked Woool\u2019e est un fil r\u00e9sistant de type sport, compos\u00e9 de 60 % de laine recycl\u00e9e et de 40 % de coton recycl\u00e9. Solide, doux et \u00e9cologique \u2013 parfait pour les v\u00eatements, accessoires, couvertures et amigurumis.\" \/>\n<meta name=\"robots\" content=\"index, follow, max-snippet:-1, max-image-preview:large, max-video-preview:-1\" \/>\n<link rel=\"canonical\" href=\"https:\/\/www.swisscrochet.ch\/fr\/produit\/hoooked-wooole\/\" \/>\n<meta property=\"og:locale\" content=\"fr_FR\" \/>\n<meta property=\"og:type\" content=\"article\" \/>\n<meta property=\"og:title\" content=\"Hoooked - Woool&#039;e &#171; Swiss Crochet\" \/>\n<meta property=\"og:description\" content=\"Hoooked Woool\u2019e est un fil r\u00e9sistant de type sport, compos\u00e9 de 60 % de laine recycl\u00e9e et de 40 % de coton recycl\u00e9. Solide, doux et \u00e9cologique \u2013 parfait pour les v\u00eatements, accessoires, couvertures et amigurumis.\" \/>\n<meta property=\"og:url\" content=\"https:\/\/www.swisscrochet.ch\/fr\/produit\/hoooked-wooole\/\" \/>\n<meta property=\"og:site_name\" content=\"Swiss Crochet\" \/>\n<meta property=\"article:modified_time\" content=\"2025-10-25T12:20:41+00:00\" \/>\n<meta property=\"og:image\" content=\"https:\/\/www.swisscrochet.ch\/wp-content\/uploads\/2025\/10\/Hoooked-Wooole-Overview.jpg\" \/>\n\t<meta property=\"og:image:width\" content=\"1000\" \/>\n\t<meta property=\"og:image:height\" content=\"1000\" \/>\n\t<meta property=\"og:image:type\" content=\"image\/jpeg\" \/>\n<meta name=\"twitter:card\" content=\"summary_large_image\" \/>\n<meta name=\"twitter:label1\" content=\"Dur\u00e9e de lecture estim\u00e9e\" \/>\n\t<meta name=\"twitter:data1\" content=\"1 minute\" \/>\n<script type=\"application\/ld+json\" class=\"yoast-schema-graph\">{\"@context\":\"https:\\\/\\\/schema.org\",\"@graph\":[{\"@type\":[\"WebPage\",\"ItemPage\"],\"@id\":\"https:\\\/\\\/www.swisscrochet.ch\\\/fr\\\/produit\\\/hoooked-wooole\\\/\",\"url\":\"https:\\\/\\\/www.swisscrochet.ch\\\/fr\\\/produit\\\/hoooked-wooole\\\/\",\"name\":\"Hoooked - Woool'e &#171; Swiss Crochet\",\"isPartOf\":{\"@id\":\"https:\\\/\\\/www.swisscrochet.ch\\\/#website\"},\"primaryImageOfPage\":{\"@id\":\"https:\\\/\\\/www.swisscrochet.ch\\\/fr\\\/produit\\\/hoooked-wooole\\\/#primaryimage\"},\"image\":{\"@id\":\"https:\\\/\\\/www.swisscrochet.ch\\\/fr\\\/produit\\\/hoooked-wooole\\\/#primaryimage\"},\"thumbnailUrl\":\"https:\\\/\\\/www.swisscrochet.ch\\\/wp-content\\\/uploads\\\/2025\\\/10\\\/Hoooked-Wooole-Overview.jpg\",\"datePublished\":\"2025-10-25T12:07:07+00:00\",\"dateModified\":\"2025-10-25T12:20:41+00:00\",\"description\":\"Hoooked Woool\u2019e est un fil r\u00e9sistant de type sport, compos\u00e9 de 60 % de laine recycl\u00e9e et de 40 % de coton recycl\u00e9. Solide, doux et \u00e9cologique \u2013 parfait pour les v\u00eatements, accessoires, couvertures et amigurumis.\",\"breadcrumb\":{\"@id\":\"https:\\\/\\\/www.swisscrochet.ch\\\/fr\\\/produit\\\/hoooked-wooole\\\/#breadcrumb\"},\"inLanguage\":\"fr-FR\",\"potentialAction\":[{\"@type\":\"ReadAction\",\"target\":[\"https:\\\/\\\/www.swisscrochet.ch\\\/fr\\\/produit\\\/hoooked-wooole\\\/\"]}]},{\"@type\":\"ImageObject\",\"inLanguage\":\"fr-FR\",\"@id\":\"https:\\\/\\\/www.swisscrochet.ch\\\/fr\\\/produit\\\/hoooked-wooole\\\/#primaryimage\",\"url\":\"https:\\\/\\\/www.swisscrochet.ch\\\/wp-content\\\/uploads\\\/2025\\\/10\\\/Hoooked-Wooole-Overview.jpg\",\"contentUrl\":\"https:\\\/\\\/www.swisscrochet.ch\\\/wp-content\\\/uploads\\\/2025\\\/10\\\/Hoooked-Wooole-Overview.jpg\",\"width\":1000,\"height\":1000},{\"@type\":\"BreadcrumbList\",\"@id\":\"https:\\\/\\\/www.swisscrochet.ch\\\/fr\\\/produit\\\/hoooked-wooole\\\/#breadcrumb\",\"itemListElement\":[{\"@type\":\"ListItem\",\"position\":1,\"name\":\"Home\",\"item\":\"https:\\\/\\\/www.swisscrochet.ch\\\/fr\\\/\"},{\"@type\":\"ListItem\",\"position\":2,\"name\":\"Boutique\",\"item\":\"https:\\\/\\\/www.swisscrochet.ch\\\/fr\\\/boutique\\\/\"},{\"@type\":\"ListItem\",\"position\":3,\"name\":\"Hoooked &#8211; Woool&rsquo;e\"}]},{\"@type\":\"WebSite\",\"@id\":\"https:\\\/\\\/www.swisscrochet.ch\\\/#website\",\"url\":\"https:\\\/\\\/www.swisscrochet.ch\\\/\",\"name\":\"Swiss Crochet\",\"description\":\"Lib\u00e9rez votre potentiel cr\u00e9atif\",\"potentialAction\":[{\"@type\":\"SearchAction\",\"target\":{\"@type\":\"EntryPoint\",\"urlTemplate\":\"https:\\\/\\\/www.swisscrochet.ch\\\/?s={search_term_string}\"},\"query-input\":{\"@type\":\"PropertyValueSpecification\",\"valueRequired\":true,\"valueName\":\"search_term_string\"}}],\"inLanguage\":\"fr-FR\"}]}<\/script>\n<!-- \/ Yoast SEO plugin. -->","yoast_head_json":{"title":"Hoooked - Woool'e &#171; Swiss Crochet","description":"Hoooked Woool\u2019e est un fil r\u00e9sistant de type sport, compos\u00e9 de 60 % de laine recycl\u00e9e et de 40 % de coton recycl\u00e9. Solide, doux et \u00e9cologique \u2013 parfait pour les v\u00eatements, accessoires, couvertures et amigurumis.","robots":{"index":"index","follow":"follow","max-snippet":"max-snippet:-1","max-image-preview":"max-image-preview:large","max-video-preview":"max-video-preview:-1"},"canonical":"https:\/\/www.swisscrochet.ch\/fr\/produit\/hoooked-wooole\/","og_locale":"fr_FR","og_type":"article","og_title":"Hoooked - Woool'e &#171; Swiss Crochet","og_description":"Hoooked Woool\u2019e est un fil r\u00e9sistant de type sport, compos\u00e9 de 60 % de laine recycl\u00e9e et de 40 % de coton recycl\u00e9. Solide, doux et \u00e9cologique \u2013 parfait pour les v\u00eatements, accessoires, couvertures et amigurumis.","og_url":"https:\/\/www.swisscrochet.ch\/fr\/produit\/hoooked-wooole\/","og_site_name":"Swiss Crochet","article_modified_time":"2025-10-25T12:20:41+00:00","og_image":[{"width":1000,"height":1000,"url":"https:\/\/www.swisscrochet.ch\/wp-content\/uploads\/2025\/10\/Hoooked-Wooole-Overview.jpg","type":"image\/jpeg"}],"twitter_card":"summary_large_image","twitter_misc":{"Dur\u00e9e de lecture estim\u00e9e":"1 minute"},"schema":{"@context":"https:\/\/schema.org","@graph":[{"@type":["WebPage","ItemPage"],"@id":"https:\/\/www.swisscrochet.ch\/fr\/produit\/hoooked-wooole\/","url":"https:\/\/www.swisscrochet.ch\/fr\/produit\/hoooked-wooole\/","name":"Hoooked - Woool'e &#171; Swiss Crochet","isPartOf":{"@id":"https:\/\/www.swisscrochet.ch\/#website"},"primaryImageOfPage":{"@id":"https:\/\/www.swisscrochet.ch\/fr\/produit\/hoooked-wooole\/#primaryimage"},"image":{"@id":"https:\/\/www.swisscrochet.ch\/fr\/produit\/hoooked-wooole\/#primaryimage"},"thumbnailUrl":"https:\/\/www.swisscrochet.ch\/wp-content\/uploads\/2025\/10\/Hoooked-Wooole-Overview.jpg","datePublished":"2025-10-25T12:07:07+00:00","dateModified":"2025-10-25T12:20:41+00:00","description":"Hoooked Woool\u2019e est un fil r\u00e9sistant de type sport, compos\u00e9 de 60 % de laine recycl\u00e9e et de 40 % de coton recycl\u00e9. Solide, doux et \u00e9cologique \u2013 parfait pour les v\u00eatements, accessoires, couvertures et amigurumis.","breadcrumb":{"@id":"https:\/\/www.swisscrochet.ch\/fr\/produit\/hoooked-wooole\/#breadcrumb"},"inLanguage":"fr-FR","potentialAction":[{"@type":"ReadAction","target":["https:\/\/www.swisscrochet.ch\/fr\/produit\/hoooked-wooole\/"]}]},{"@type":"ImageObject","inLanguage":"fr-FR","@id":"https:\/\/www.swisscrochet.ch\/fr\/produit\/hoooked-wooole\/#primaryimage","url":"https:\/\/www.swisscrochet.ch\/wp-content\/uploads\/2025\/10\/Hoooked-Wooole-Overview.jpg","contentUrl":"https:\/\/www.swisscrochet.ch\/wp-content\/uploads\/2025\/10\/Hoooked-Wooole-Overview.jpg","width":1000,"height":1000},{"@type":"BreadcrumbList","@id":"https:\/\/www.swisscrochet.ch\/fr\/produit\/hoooked-wooole\/#breadcrumb","itemListElement":[{"@type":"ListItem","position":1,"name":"Home","item":"https:\/\/www.swisscrochet.ch\/fr\/"},{"@type":"ListItem","position":2,"name":"Boutique","item":"https:\/\/www.swisscrochet.ch\/fr\/boutique\/"},{"@type":"ListItem","position":3,"name":"Hoooked &#8211; Woool&rsquo;e"}]},{"@type":"WebSite","@id":"https:\/\/www.swisscrochet.ch\/#website","url":"https:\/\/www.swisscrochet.ch\/","name":"Swiss Crochet","description":"Lib\u00e9rez votre potentiel cr\u00e9atif","potentialAction":[{"@type":"SearchAction","target":{"@type":"EntryPoint","urlTemplate":"https:\/\/www.swisscrochet.ch\/?s={search_term_string}"},"query-input":{"@type":"PropertyValueSpecification","valueRequired":true,"valueName":"search_term_string"}}],"inLanguage":"fr-FR"}]}},"_links":{"self":[{"href":"https:\/\/www.swisscrochet.ch\/fr\/wp-json\/wp\/v2\/product\/13387","targetHints":{"allow":["GET"]}}],"collection":[{"href":"https:\/\/www.swisscrochet.ch\/fr\/wp-json\/wp\/v2\/product"}],"about":[{"href":"https:\/\/www.swisscrochet.ch\/fr\/wp-json\/wp\/v2\/types\/product"}],"wp:featuredmedia":[{"embeddable":true,"href":"https:\/\/www.swisscrochet.ch\/fr\/wp-json\/wp\/v2\/media\/13372"}],"wp:attachment":[{"href":"https:\/\/www.swisscrochet.ch\/fr\/wp-json\/wp\/v2\/media?parent=13387"}],"wp:term":[{"taxonomy":"product_brand","embeddable":true,"href":"https:\/\/www.swisscrochet.ch\/fr\/wp-json\/wp\/v2\/product_brand?post=13387"},{"taxonomy":"product_cat","embeddable":true,"href":"https:\/\/www.swisscrochet.ch\/fr\/wp-json\/wp\/v2\/product_cat?post=13387"},{"taxonomy":"product_tag","embeddable":true,"href":"https:\/\/www.swisscrochet.ch\/fr\/wp-json\/wp\/v2\/product_tag?post=13387"}],"curies":[{"name":"wp","href":"https:\/\/api.w.org\/{rel}","templated":true}]}}