{"id":13449,"date":"2025-10-25T14:37:58","date_gmt":"2025-10-25T12:37:58","guid":{"rendered":"https:\/\/www.swisscrochet.ch\/product\/milward-tapestry-needles-for-amigurumi\/"},"modified":"2025-10-25T15:16:44","modified_gmt":"2025-10-25T13:16:44","slug":"milward-aiguilles-a-tapisserie-pour-amigurumi","status":"publish","type":"product","link":"https:\/\/www.swisscrochet.ch\/fr\/produit\/milward-aiguilles-a-tapisserie-pour-amigurumi\/","title":{"rendered":"Milward &#8211; Aiguilles \u00e0 tapisserie pour amigurumi"},"content":{"rendered":"","protected":false},"excerpt":{"rendered":"<p>Les aiguilles \u00e0 tapisserie Milward pour amigurumi sont extra-longues et sp\u00e9cialement con\u00e7ues pour finir et assembler vos projets d\u2019amigurumi. Leur chas allong\u00e9 facilite le passage du fil, tandis que les pointes ac\u00e9r\u00e9es traversent facilement le rembourrage \u2014 parfait pour s\u00e9curiser les fils proprement \u00e0 l\u2019int\u00e9rieur de vos cr\u00e9ations.<\/p>\n<p>\u2714 Parfaites pour coudre de petites parties comme les yeux, le nez et les membres<br \/>\n\u2714 Design extra-long permettant de passer les fils \u00e0 travers le rembourrage pour une finition s\u00e9curis\u00e9e<br \/>\n\u2714 Id\u00e9al pour les amigurumis, les peluches et autres projets de crochet 3D<\/p>\n<p>Comprend : 4 aiguilles en acier de tailles assorties.<\/p>\n","protected":false},"featured_media":13440,"template":"","meta":[],"product_brand":[],"product_cat":[569,221],"product_tag":[],"class_list":{"0":"post-13449","1":"product","2":"type-product","3":"status-publish","4":"has-post-thumbnail","6":"product_cat-aiguilles-a-tapisserie","7":"product_cat-crochets-et-outils","8":"product_shipping_class-petits-envois","9":"pa_t1-manufacturer-milward-fr","10":"description-off","12":"first","13":"instock","14":"taxable","15":"shipping-taxable","16":"purchasable","17":"product-type-simple"},"bundled_by":[],"bundle_stock_status":"instock","bundle_stock_quantity":7,"bundle_virtual":false,"bundle_layout":"","bundle_add_to_cart_form_location":"","bundle_editable_in_cart":false,"bundle_sold_individually_context":"","bundle_item_grouping":"","bundle_min_size":"","bundle_max_size":"","bundle_price":[],"bundled_items":[],"bundle_sell_ids":[],"yoast_head":"<!-- This site is optimized with the Yoast SEO plugin v27.5 - https:\/\/yoast.com\/product\/yoast-seo-wordpress\/ -->\n<title>Milward - Aiguilles \u00e0 tapisserie pour amigurumi &#171; Swiss Crochet<\/title>\n<meta name=\"description\" content=\"Aiguilles \u00e0 tapisserie Milward pour amigurumi \u2013 Aiguilles en acier extra-longues con\u00e7ues pour la finition des amigurumis. Parfaites pour coudre de petites parties et s\u00e9curiser les fils dans les peluches.\" \/>\n<meta name=\"robots\" content=\"index, follow, max-snippet:-1, max-image-preview:large, max-video-preview:-1\" \/>\n<link rel=\"canonical\" href=\"https:\/\/www.swisscrochet.ch\/produit\/milward-tapestry-needles-for-amigurumi\/\" \/>\n<meta property=\"og:locale\" content=\"fr_FR\" \/>\n<meta property=\"og:type\" content=\"article\" \/>\n<meta property=\"og:title\" content=\"Milward - Aiguilles \u00e0 tapisserie pour amigurumi &#171; Swiss Crochet\" \/>\n<meta property=\"og:description\" content=\"Aiguilles \u00e0 tapisserie Milward pour amigurumi \u2013 Aiguilles en acier extra-longues con\u00e7ues pour la finition des amigurumis. Parfaites pour coudre de petites parties et s\u00e9curiser les fils dans les peluches.\" \/>\n<meta property=\"og:url\" content=\"https:\/\/www.swisscrochet.ch\/produit\/milward-tapestry-needles-for-amigurumi\/\" \/>\n<meta property=\"og:site_name\" content=\"Swiss Crochet\" \/>\n<meta property=\"article:modified_time\" content=\"2025-10-25T13:16:44+00:00\" \/>\n<meta property=\"og:image\" content=\"https:\/\/www.swisscrochet.ch\/wp-content\/uploads\/2025\/10\/Milward-Tapestry-Needles-for-Amigurumi-Overview.jpg\" \/>\n\t<meta property=\"og:image:width\" content=\"1000\" \/>\n\t<meta property=\"og:image:height\" content=\"1000\" \/>\n\t<meta property=\"og:image:type\" content=\"image\/jpeg\" \/>\n<meta name=\"twitter:card\" content=\"summary_large_image\" \/>\n<meta name=\"twitter:label1\" content=\"Dur\u00e9e de lecture estim\u00e9e\" \/>\n\t<meta name=\"twitter:data1\" content=\"1 minute\" \/>\n<script type=\"application\/ld+json\" class=\"yoast-schema-graph\">{\"@context\":\"https:\\\/\\\/schema.org\",\"@graph\":[{\"@type\":[\"WebPage\",\"ItemPage\"],\"@id\":\"https:\\\/\\\/www.swisscrochet.ch\\\/produit\\\/milward-tapestry-needles-for-amigurumi\\\/\",\"url\":\"https:\\\/\\\/www.swisscrochet.ch\\\/produit\\\/milward-tapestry-needles-for-amigurumi\\\/\",\"name\":\"Milward - Aiguilles \u00e0 tapisserie pour amigurumi &#171; Swiss Crochet\",\"isPartOf\":{\"@id\":\"https:\\\/\\\/www.swisscrochet.ch\\\/#website\"},\"primaryImageOfPage\":{\"@id\":\"https:\\\/\\\/www.swisscrochet.ch\\\/produit\\\/milward-tapestry-needles-for-amigurumi\\\/#primaryimage\"},\"image\":{\"@id\":\"https:\\\/\\\/www.swisscrochet.ch\\\/produit\\\/milward-tapestry-needles-for-amigurumi\\\/#primaryimage\"},\"thumbnailUrl\":\"https:\\\/\\\/www.swisscrochet.ch\\\/wp-content\\\/uploads\\\/2025\\\/10\\\/Milward-Tapestry-Needles-for-Amigurumi-Overview.jpg\",\"datePublished\":\"2025-10-25T12:37:58+00:00\",\"dateModified\":\"2025-10-25T13:16:44+00:00\",\"description\":\"Aiguilles \u00e0 tapisserie Milward pour amigurumi \u2013 Aiguilles en acier extra-longues con\u00e7ues pour la finition des amigurumis. Parfaites pour coudre de petites parties et s\u00e9curiser les fils dans les peluches.\",\"breadcrumb\":{\"@id\":\"https:\\\/\\\/www.swisscrochet.ch\\\/produit\\\/milward-tapestry-needles-for-amigurumi\\\/#breadcrumb\"},\"inLanguage\":\"fr-FR\",\"potentialAction\":[{\"@type\":\"ReadAction\",\"target\":[\"https:\\\/\\\/www.swisscrochet.ch\\\/produit\\\/milward-tapestry-needles-for-amigurumi\\\/\"]}]},{\"@type\":\"ImageObject\",\"inLanguage\":\"fr-FR\",\"@id\":\"https:\\\/\\\/www.swisscrochet.ch\\\/produit\\\/milward-tapestry-needles-for-amigurumi\\\/#primaryimage\",\"url\":\"https:\\\/\\\/www.swisscrochet.ch\\\/wp-content\\\/uploads\\\/2025\\\/10\\\/Milward-Tapestry-Needles-for-Amigurumi-Overview.jpg\",\"contentUrl\":\"https:\\\/\\\/www.swisscrochet.ch\\\/wp-content\\\/uploads\\\/2025\\\/10\\\/Milward-Tapestry-Needles-for-Amigurumi-Overview.jpg\",\"width\":1000,\"height\":1000},{\"@type\":\"BreadcrumbList\",\"@id\":\"https:\\\/\\\/www.swisscrochet.ch\\\/produit\\\/milward-tapestry-needles-for-amigurumi\\\/#breadcrumb\",\"itemListElement\":[{\"@type\":\"ListItem\",\"position\":1,\"name\":\"Home\",\"item\":\"https:\\\/\\\/www.swisscrochet.ch\\\/fr\\\/\"},{\"@type\":\"ListItem\",\"position\":2,\"name\":\"Boutique\",\"item\":\"https:\\\/\\\/www.swisscrochet.ch\\\/fr\\\/boutique\\\/\"},{\"@type\":\"ListItem\",\"position\":3,\"name\":\"Milward &#8211; Aiguilles \u00e0 tapisserie pour amigurumi\"}]},{\"@type\":\"WebSite\",\"@id\":\"https:\\\/\\\/www.swisscrochet.ch\\\/#website\",\"url\":\"https:\\\/\\\/www.swisscrochet.ch\\\/\",\"name\":\"Swiss Crochet\",\"description\":\"Lib\u00e9rez votre potentiel cr\u00e9atif\",\"potentialAction\":[{\"@type\":\"SearchAction\",\"target\":{\"@type\":\"EntryPoint\",\"urlTemplate\":\"https:\\\/\\\/www.swisscrochet.ch\\\/?s={search_term_string}\"},\"query-input\":{\"@type\":\"PropertyValueSpecification\",\"valueRequired\":true,\"valueName\":\"search_term_string\"}}],\"inLanguage\":\"fr-FR\"}]}<\/script>\n<!-- \/ Yoast SEO plugin. -->","yoast_head_json":{"title":"Milward - Aiguilles \u00e0 tapisserie pour amigurumi &#171; Swiss Crochet","description":"Aiguilles \u00e0 tapisserie Milward pour amigurumi \u2013 Aiguilles en acier extra-longues con\u00e7ues pour la finition des amigurumis. Parfaites pour coudre de petites parties et s\u00e9curiser les fils dans les peluches.","robots":{"index":"index","follow":"follow","max-snippet":"max-snippet:-1","max-image-preview":"max-image-preview:large","max-video-preview":"max-video-preview:-1"},"canonical":"https:\/\/www.swisscrochet.ch\/produit\/milward-tapestry-needles-for-amigurumi\/","og_locale":"fr_FR","og_type":"article","og_title":"Milward - Aiguilles \u00e0 tapisserie pour amigurumi &#171; Swiss Crochet","og_description":"Aiguilles \u00e0 tapisserie Milward pour amigurumi \u2013 Aiguilles en acier extra-longues con\u00e7ues pour la finition des amigurumis. Parfaites pour coudre de petites parties et s\u00e9curiser les fils dans les peluches.","og_url":"https:\/\/www.swisscrochet.ch\/produit\/milward-tapestry-needles-for-amigurumi\/","og_site_name":"Swiss Crochet","article_modified_time":"2025-10-25T13:16:44+00:00","og_image":[{"width":1000,"height":1000,"url":"https:\/\/www.swisscrochet.ch\/wp-content\/uploads\/2025\/10\/Milward-Tapestry-Needles-for-Amigurumi-Overview.jpg","type":"image\/jpeg"}],"twitter_card":"summary_large_image","twitter_misc":{"Dur\u00e9e de lecture estim\u00e9e":"1 minute"},"schema":{"@context":"https:\/\/schema.org","@graph":[{"@type":["WebPage","ItemPage"],"@id":"https:\/\/www.swisscrochet.ch\/produit\/milward-tapestry-needles-for-amigurumi\/","url":"https:\/\/www.swisscrochet.ch\/produit\/milward-tapestry-needles-for-amigurumi\/","name":"Milward - Aiguilles \u00e0 tapisserie pour amigurumi &#171; Swiss Crochet","isPartOf":{"@id":"https:\/\/www.swisscrochet.ch\/#website"},"primaryImageOfPage":{"@id":"https:\/\/www.swisscrochet.ch\/produit\/milward-tapestry-needles-for-amigurumi\/#primaryimage"},"image":{"@id":"https:\/\/www.swisscrochet.ch\/produit\/milward-tapestry-needles-for-amigurumi\/#primaryimage"},"thumbnailUrl":"https:\/\/www.swisscrochet.ch\/wp-content\/uploads\/2025\/10\/Milward-Tapestry-Needles-for-Amigurumi-Overview.jpg","datePublished":"2025-10-25T12:37:58+00:00","dateModified":"2025-10-25T13:16:44+00:00","description":"Aiguilles \u00e0 tapisserie Milward pour amigurumi \u2013 Aiguilles en acier extra-longues con\u00e7ues pour la finition des amigurumis. Parfaites pour coudre de petites parties et s\u00e9curiser les fils dans les peluches.","breadcrumb":{"@id":"https:\/\/www.swisscrochet.ch\/produit\/milward-tapestry-needles-for-amigurumi\/#breadcrumb"},"inLanguage":"fr-FR","potentialAction":[{"@type":"ReadAction","target":["https:\/\/www.swisscrochet.ch\/produit\/milward-tapestry-needles-for-amigurumi\/"]}]},{"@type":"ImageObject","inLanguage":"fr-FR","@id":"https:\/\/www.swisscrochet.ch\/produit\/milward-tapestry-needles-for-amigurumi\/#primaryimage","url":"https:\/\/www.swisscrochet.ch\/wp-content\/uploads\/2025\/10\/Milward-Tapestry-Needles-for-Amigurumi-Overview.jpg","contentUrl":"https:\/\/www.swisscrochet.ch\/wp-content\/uploads\/2025\/10\/Milward-Tapestry-Needles-for-Amigurumi-Overview.jpg","width":1000,"height":1000},{"@type":"BreadcrumbList","@id":"https:\/\/www.swisscrochet.ch\/produit\/milward-tapestry-needles-for-amigurumi\/#breadcrumb","itemListElement":[{"@type":"ListItem","position":1,"name":"Home","item":"https:\/\/www.swisscrochet.ch\/fr\/"},{"@type":"ListItem","position":2,"name":"Boutique","item":"https:\/\/www.swisscrochet.ch\/fr\/boutique\/"},{"@type":"ListItem","position":3,"name":"Milward &#8211; Aiguilles \u00e0 tapisserie pour amigurumi"}]},{"@type":"WebSite","@id":"https:\/\/www.swisscrochet.ch\/#website","url":"https:\/\/www.swisscrochet.ch\/","name":"Swiss Crochet","description":"Lib\u00e9rez votre potentiel cr\u00e9atif","potentialAction":[{"@type":"SearchAction","target":{"@type":"EntryPoint","urlTemplate":"https:\/\/www.swisscrochet.ch\/?s={search_term_string}"},"query-input":{"@type":"PropertyValueSpecification","valueRequired":true,"valueName":"search_term_string"}}],"inLanguage":"fr-FR"}]}},"_links":{"self":[{"href":"https:\/\/www.swisscrochet.ch\/fr\/wp-json\/wp\/v2\/product\/13449","targetHints":{"allow":["GET"]}}],"collection":[{"href":"https:\/\/www.swisscrochet.ch\/fr\/wp-json\/wp\/v2\/product"}],"about":[{"href":"https:\/\/www.swisscrochet.ch\/fr\/wp-json\/wp\/v2\/types\/product"}],"wp:featuredmedia":[{"embeddable":true,"href":"https:\/\/www.swisscrochet.ch\/fr\/wp-json\/wp\/v2\/media\/13440"}],"wp:attachment":[{"href":"https:\/\/www.swisscrochet.ch\/fr\/wp-json\/wp\/v2\/media?parent=13449"}],"wp:term":[{"taxonomy":"product_brand","embeddable":true,"href":"https:\/\/www.swisscrochet.ch\/fr\/wp-json\/wp\/v2\/product_brand?post=13449"},{"taxonomy":"product_cat","embeddable":true,"href":"https:\/\/www.swisscrochet.ch\/fr\/wp-json\/wp\/v2\/product_cat?post=13449"},{"taxonomy":"product_tag","embeddable":true,"href":"https:\/\/www.swisscrochet.ch\/fr\/wp-json\/wp\/v2\/product_tag?post=13449"}],"curies":[{"name":"wp","href":"https:\/\/api.w.org\/{rel}","templated":true}]}}