{"id":13474,"date":"2025-10-25T15:07:04","date_gmt":"2025-10-25T13:07:04","guid":{"rendered":"https:\/\/www.swisscrochet.ch\/product\/clover-amour-crochet-hook-with-handle\/"},"modified":"2026-04-28T15:33:52","modified_gmt":"2026-04-28T13:33:52","slug":"clover-amour-crochet-avec-manche-souple","status":"publish","type":"product","link":"https:\/\/www.swisscrochet.ch\/fr\/produit\/clover-amour-crochet-avec-manche-souple\/","title":{"rendered":"Clover &#8211; Amour Crochet avec manche souple"},"content":{"rendered":"","protected":false},"excerpt":{"rendered":"<p>Le crochet Clover Amour est un crochet [dt_tooltip title=\"effil\u00e9\"]Un crochet effil\u00e9 a une t\u00eate arrondie, un col plus \u00e9troit que le corps et un long corps, surtout compar\u00e9 aux autres types de crochets.[\/dt_tooltip] de haute qualit\u00e9 avec une t\u00eate bien arrondie garantissant un crochet lisse et pr\u00e9cis. Sa poign\u00e9e douce et ergonomique est \u00e9quip\u00e9e d\u2019un repose-pouce anatomique pour un confort optimal, r\u00e9duisant la fatigue de la main lors de longues s\u00e9ances de crochet.<\/p>\n<p>Le mat\u00e9riau varie selon la taille :<\/p>\n<ul>\n<li>M\u00e9tal : tailles 2.00 mm \u00e0 6.00 mm<\/li>\n<li>Plastique : tailles 6.50 mm \u00e0 15.00 mm<\/li>\n<\/ul>\n<p>Con\u00e7u pour la polyvalence, le crochet Clover Amour fonctionne parfaitement avec tous types de fils et de fibres.<\/p>\n","protected":false},"featured_media":13432,"template":"","meta":[],"product_brand":[],"product_cat":[550,221],"product_tag":[],"class_list":{"0":"post-13474","1":"product","2":"type-product","3":"status-publish","4":"has-post-thumbnail","6":"product_cat-crochets-avec-poignee","7":"product_cat-crochets-et-outils","8":"product_shipping_class-petits-envois","9":"pa_t1-manufacturer-clover-fr","10":"description-off","12":"first","13":"instock","14":"taxable","15":"shipping-taxable","16":"purchasable","17":"product-type-variable","18":"wvs-archive-product-wrapper"},"bundled_by":["29140","29149","29168"],"bundle_stock_status":"instock","bundle_stock_quantity":null,"bundle_virtual":false,"bundle_layout":"","bundle_add_to_cart_form_location":"","bundle_editable_in_cart":false,"bundle_sold_individually_context":"","bundle_item_grouping":"","bundle_min_size":"","bundle_max_size":"","bundle_price":[],"bundled_items":[],"bundle_sell_ids":[],"yoast_head":"<!-- This site is optimized with the Yoast SEO plugin v27.5 - https:\/\/yoast.com\/product\/yoast-seo-wordpress\/ -->\n<title>Clover - Amour Crochet avec manche souple &#171; Swiss Crochet<\/title>\n<meta name=\"description\" content=\"Crochet Clover Amour \u2013 Crochet effil\u00e9 ergonomique avec poign\u00e9e douce et glisse facile du fil. Id\u00e9al pour tous les types de fil.\" \/>\n<meta name=\"robots\" content=\"index, follow, max-snippet:-1, max-image-preview:large, max-video-preview:-1\" \/>\n<link rel=\"canonical\" href=\"https:\/\/www.swisscrochet.ch\/fr\/produit\/clover-amour-crochet-avec-manche-souple\/\" \/>\n<meta property=\"og:locale\" content=\"fr_FR\" \/>\n<meta property=\"og:type\" content=\"article\" \/>\n<meta property=\"og:title\" content=\"Clover - Amour Crochet avec manche souple &#171; Swiss Crochet\" \/>\n<meta property=\"og:description\" content=\"Crochet Clover Amour \u2013 Crochet effil\u00e9 ergonomique avec poign\u00e9e douce et glisse facile du fil. Id\u00e9al pour tous les types de fil.\" \/>\n<meta property=\"og:url\" content=\"https:\/\/www.swisscrochet.ch\/fr\/produit\/clover-amour-crochet-avec-manche-souple\/\" \/>\n<meta property=\"og:site_name\" content=\"Swiss Crochet\" \/>\n<meta property=\"article:modified_time\" content=\"2026-04-28T13:33:52+00:00\" \/>\n<meta property=\"og:image\" content=\"https:\/\/www.swisscrochet.ch\/wp-content\/uploads\/2025\/10\/Clover-Amour-Crochet-Hook-with-handle-Overview.jpg\" \/>\n\t<meta property=\"og:image:width\" content=\"1000\" \/>\n\t<meta property=\"og:image:height\" content=\"1000\" \/>\n\t<meta property=\"og:image:type\" content=\"image\/jpeg\" \/>\n<meta name=\"twitter:card\" content=\"summary_large_image\" \/>\n<meta name=\"twitter:label1\" content=\"Dur\u00e9e de lecture estim\u00e9e\" \/>\n\t<meta name=\"twitter:data1\" content=\"1 minute\" \/>\n<script type=\"application\/ld+json\" class=\"yoast-schema-graph\">{\"@context\":\"https:\\\/\\\/schema.org\",\"@graph\":[{\"@type\":[\"WebPage\",\"ItemPage\"],\"@id\":\"https:\\\/\\\/www.swisscrochet.ch\\\/fr\\\/produit\\\/clover-amour-crochet-avec-manche-souple\\\/\",\"url\":\"https:\\\/\\\/www.swisscrochet.ch\\\/fr\\\/produit\\\/clover-amour-crochet-avec-manche-souple\\\/\",\"name\":\"Clover - Amour Crochet avec manche souple &#171; Swiss Crochet\",\"isPartOf\":{\"@id\":\"https:\\\/\\\/www.swisscrochet.ch\\\/#website\"},\"primaryImageOfPage\":{\"@id\":\"https:\\\/\\\/www.swisscrochet.ch\\\/fr\\\/produit\\\/clover-amour-crochet-avec-manche-souple\\\/#primaryimage\"},\"image\":{\"@id\":\"https:\\\/\\\/www.swisscrochet.ch\\\/fr\\\/produit\\\/clover-amour-crochet-avec-manche-souple\\\/#primaryimage\"},\"thumbnailUrl\":\"https:\\\/\\\/www.swisscrochet.ch\\\/wp-content\\\/uploads\\\/2025\\\/10\\\/Clover-Amour-Crochet-Hook-with-handle-Overview.jpg\",\"datePublished\":\"2025-10-25T13:07:04+00:00\",\"dateModified\":\"2026-04-28T13:33:52+00:00\",\"description\":\"Crochet Clover Amour \u2013 Crochet effil\u00e9 ergonomique avec poign\u00e9e douce et glisse facile du fil. Id\u00e9al pour tous les types de fil.\",\"breadcrumb\":{\"@id\":\"https:\\\/\\\/www.swisscrochet.ch\\\/fr\\\/produit\\\/clover-amour-crochet-avec-manche-souple\\\/#breadcrumb\"},\"inLanguage\":\"fr-FR\",\"potentialAction\":[{\"@type\":\"ReadAction\",\"target\":[\"https:\\\/\\\/www.swisscrochet.ch\\\/fr\\\/produit\\\/clover-amour-crochet-avec-manche-souple\\\/\"]}]},{\"@type\":\"ImageObject\",\"inLanguage\":\"fr-FR\",\"@id\":\"https:\\\/\\\/www.swisscrochet.ch\\\/fr\\\/produit\\\/clover-amour-crochet-avec-manche-souple\\\/#primaryimage\",\"url\":\"https:\\\/\\\/www.swisscrochet.ch\\\/wp-content\\\/uploads\\\/2025\\\/10\\\/Clover-Amour-Crochet-Hook-with-handle-Overview.jpg\",\"contentUrl\":\"https:\\\/\\\/www.swisscrochet.ch\\\/wp-content\\\/uploads\\\/2025\\\/10\\\/Clover-Amour-Crochet-Hook-with-handle-Overview.jpg\",\"width\":1000,\"height\":1000},{\"@type\":\"BreadcrumbList\",\"@id\":\"https:\\\/\\\/www.swisscrochet.ch\\\/fr\\\/produit\\\/clover-amour-crochet-avec-manche-souple\\\/#breadcrumb\",\"itemListElement\":[{\"@type\":\"ListItem\",\"position\":1,\"name\":\"Home\",\"item\":\"https:\\\/\\\/www.swisscrochet.ch\\\/fr\\\/\"},{\"@type\":\"ListItem\",\"position\":2,\"name\":\"Boutique\",\"item\":\"https:\\\/\\\/www.swisscrochet.ch\\\/fr\\\/boutique\\\/\"},{\"@type\":\"ListItem\",\"position\":3,\"name\":\"Clover &#8211; Amour Crochet avec manche souple\"}]},{\"@type\":\"WebSite\",\"@id\":\"https:\\\/\\\/www.swisscrochet.ch\\\/#website\",\"url\":\"https:\\\/\\\/www.swisscrochet.ch\\\/\",\"name\":\"Swiss Crochet\",\"description\":\"Lib\u00e9rez votre potentiel cr\u00e9atif\",\"potentialAction\":[{\"@type\":\"SearchAction\",\"target\":{\"@type\":\"EntryPoint\",\"urlTemplate\":\"https:\\\/\\\/www.swisscrochet.ch\\\/?s={search_term_string}\"},\"query-input\":{\"@type\":\"PropertyValueSpecification\",\"valueRequired\":true,\"valueName\":\"search_term_string\"}}],\"inLanguage\":\"fr-FR\"}]}<\/script>\n<!-- \/ Yoast SEO plugin. -->","yoast_head_json":{"title":"Clover - Amour Crochet avec manche souple &#171; Swiss Crochet","description":"Crochet Clover Amour \u2013 Crochet effil\u00e9 ergonomique avec poign\u00e9e douce et glisse facile du fil. Id\u00e9al pour tous les types de fil.","robots":{"index":"index","follow":"follow","max-snippet":"max-snippet:-1","max-image-preview":"max-image-preview:large","max-video-preview":"max-video-preview:-1"},"canonical":"https:\/\/www.swisscrochet.ch\/fr\/produit\/clover-amour-crochet-avec-manche-souple\/","og_locale":"fr_FR","og_type":"article","og_title":"Clover - Amour Crochet avec manche souple &#171; Swiss Crochet","og_description":"Crochet Clover Amour \u2013 Crochet effil\u00e9 ergonomique avec poign\u00e9e douce et glisse facile du fil. Id\u00e9al pour tous les types de fil.","og_url":"https:\/\/www.swisscrochet.ch\/fr\/produit\/clover-amour-crochet-avec-manche-souple\/","og_site_name":"Swiss Crochet","article_modified_time":"2026-04-28T13:33:52+00:00","og_image":[{"width":1000,"height":1000,"url":"https:\/\/www.swisscrochet.ch\/wp-content\/uploads\/2025\/10\/Clover-Amour-Crochet-Hook-with-handle-Overview.jpg","type":"image\/jpeg"}],"twitter_card":"summary_large_image","twitter_misc":{"Dur\u00e9e de lecture estim\u00e9e":"1 minute"},"schema":{"@context":"https:\/\/schema.org","@graph":[{"@type":["WebPage","ItemPage"],"@id":"https:\/\/www.swisscrochet.ch\/fr\/produit\/clover-amour-crochet-avec-manche-souple\/","url":"https:\/\/www.swisscrochet.ch\/fr\/produit\/clover-amour-crochet-avec-manche-souple\/","name":"Clover - Amour Crochet avec manche souple &#171; Swiss Crochet","isPartOf":{"@id":"https:\/\/www.swisscrochet.ch\/#website"},"primaryImageOfPage":{"@id":"https:\/\/www.swisscrochet.ch\/fr\/produit\/clover-amour-crochet-avec-manche-souple\/#primaryimage"},"image":{"@id":"https:\/\/www.swisscrochet.ch\/fr\/produit\/clover-amour-crochet-avec-manche-souple\/#primaryimage"},"thumbnailUrl":"https:\/\/www.swisscrochet.ch\/wp-content\/uploads\/2025\/10\/Clover-Amour-Crochet-Hook-with-handle-Overview.jpg","datePublished":"2025-10-25T13:07:04+00:00","dateModified":"2026-04-28T13:33:52+00:00","description":"Crochet Clover Amour \u2013 Crochet effil\u00e9 ergonomique avec poign\u00e9e douce et glisse facile du fil. Id\u00e9al pour tous les types de fil.","breadcrumb":{"@id":"https:\/\/www.swisscrochet.ch\/fr\/produit\/clover-amour-crochet-avec-manche-souple\/#breadcrumb"},"inLanguage":"fr-FR","potentialAction":[{"@type":"ReadAction","target":["https:\/\/www.swisscrochet.ch\/fr\/produit\/clover-amour-crochet-avec-manche-souple\/"]}]},{"@type":"ImageObject","inLanguage":"fr-FR","@id":"https:\/\/www.swisscrochet.ch\/fr\/produit\/clover-amour-crochet-avec-manche-souple\/#primaryimage","url":"https:\/\/www.swisscrochet.ch\/wp-content\/uploads\/2025\/10\/Clover-Amour-Crochet-Hook-with-handle-Overview.jpg","contentUrl":"https:\/\/www.swisscrochet.ch\/wp-content\/uploads\/2025\/10\/Clover-Amour-Crochet-Hook-with-handle-Overview.jpg","width":1000,"height":1000},{"@type":"BreadcrumbList","@id":"https:\/\/www.swisscrochet.ch\/fr\/produit\/clover-amour-crochet-avec-manche-souple\/#breadcrumb","itemListElement":[{"@type":"ListItem","position":1,"name":"Home","item":"https:\/\/www.swisscrochet.ch\/fr\/"},{"@type":"ListItem","position":2,"name":"Boutique","item":"https:\/\/www.swisscrochet.ch\/fr\/boutique\/"},{"@type":"ListItem","position":3,"name":"Clover &#8211; Amour Crochet avec manche souple"}]},{"@type":"WebSite","@id":"https:\/\/www.swisscrochet.ch\/#website","url":"https:\/\/www.swisscrochet.ch\/","name":"Swiss Crochet","description":"Lib\u00e9rez votre potentiel cr\u00e9atif","potentialAction":[{"@type":"SearchAction","target":{"@type":"EntryPoint","urlTemplate":"https:\/\/www.swisscrochet.ch\/?s={search_term_string}"},"query-input":{"@type":"PropertyValueSpecification","valueRequired":true,"valueName":"search_term_string"}}],"inLanguage":"fr-FR"}]}},"_links":{"self":[{"href":"https:\/\/www.swisscrochet.ch\/fr\/wp-json\/wp\/v2\/product\/13474","targetHints":{"allow":["GET"]}}],"collection":[{"href":"https:\/\/www.swisscrochet.ch\/fr\/wp-json\/wp\/v2\/product"}],"about":[{"href":"https:\/\/www.swisscrochet.ch\/fr\/wp-json\/wp\/v2\/types\/product"}],"wp:featuredmedia":[{"embeddable":true,"href":"https:\/\/www.swisscrochet.ch\/fr\/wp-json\/wp\/v2\/media\/13432"}],"wp:attachment":[{"href":"https:\/\/www.swisscrochet.ch\/fr\/wp-json\/wp\/v2\/media?parent=13474"}],"wp:term":[{"taxonomy":"product_brand","embeddable":true,"href":"https:\/\/www.swisscrochet.ch\/fr\/wp-json\/wp\/v2\/product_brand?post=13474"},{"taxonomy":"product_cat","embeddable":true,"href":"https:\/\/www.swisscrochet.ch\/fr\/wp-json\/wp\/v2\/product_cat?post=13474"},{"taxonomy":"product_tag","embeddable":true,"href":"https:\/\/www.swisscrochet.ch\/fr\/wp-json\/wp\/v2\/product_tag?post=13474"}],"curies":[{"name":"wp","href":"https:\/\/api.w.org\/{rel}","templated":true}]}}