{"id":1387,"date":"2024-10-19T17:42:52","date_gmt":"2024-10-19T15:42:52","guid":{"rendered":"https:\/\/www.swisscrochet.ch\/?post_type=product&#038;p=1387"},"modified":"2026-04-10T23:44:01","modified_gmt":"2026-04-10T21:44:01","slug":"crochet-apero","status":"publish","type":"product","link":"https:\/\/www.swisscrochet.ch\/fr\/produit\/crochet-apero\/","title":{"rendered":"Crochet Ap\u00e9ro"},"content":{"rendered":"","protected":false},"excerpt":{"rendered":"<h3>Crochet Ap\u00e9ro \u2013 D\u00e9tendez-vous, cr\u00e9ez &amp; connectez-vous<\/h3>\n<p>Rejoignez-nous pour le <em>Crochet Ap\u00e9ro<\/em> \u2013 un rassemblement cr\u00e9atif et d\u00e9contract\u00e9 o\u00f9 le crochet rencontre la bonne compagnie! Que vous soyez d\u00e9butant ou crocheteur exp\u00e9riment\u00e9, tout le monde est le bienvenu \u00e0 cet \u00e9v\u00e9nement gratuit. Apportez votre fil, vos crochets et votre passion pour le crochet, et d\u00e9tendez-vous en crochetant et en discutant ensemble.<\/p>\n<p>Le lieu peut varier, mais l&rsquo;ambiance est toujours chaleureuse et accueillante. Restez \u00e0 l&rsquo;\u00e9coute des mises \u00e0 jour sur les \u00e9v\u00e9nements directement sur notre site web. Venez seul ou avec des amis \u2013 mais n&rsquo;oubliez pas votre projet de crochet!<\/p>\n<h5>Langue<\/h5>\n<p>Anglais ou Allemand<\/p>\n<h5>Lieu<\/h5>\n<p>Bureau de Swiss Crochet <a href=\"https:\/\/www.swisscrochet.ch\/fr\/mentions-legales\/\">ici<\/a><br \/>\nLe bureau de Swiss Crochet se trouve au deuxi\u00e8me \u00e9tage du b\u00e2timent.<\/p>\n<h5>Dates<\/h5>\n<ul>\n<li>23.05.2026: 10:00-12:00<\/li>\n<li>27.06.2026: 10:00-12:00<\/li>\n<li>25.07.2026: 10:00-12:00<\/li>\n<li>29:08.2026: 10:00-12:00<\/li>\n<\/ul>\n<p>&nbsp;<\/p>\n<p><strong>Vous avez des questions ?<\/strong> Consultez la page <a href=\"https:\/\/www.swisscrochet.ch\/fr\/f-a-q-foire-aux-questions\/\">F.A.Q. \u2013 Foire aux questions<\/a>.<\/p>\n","protected":false},"featured_media":1389,"template":"","meta":[],"product_brand":[],"product_cat":[214],"product_tag":[],"class_list":{"0":"post-1387","1":"product","2":"type-product","3":"status-publish","4":"has-post-thumbnail","6":"product_cat-evenements","7":"description-off","9":"first","10":"instock","11":"purchasable","12":"product-type-variable","13":"wvs-archive-product-wrapper"},"bundled_by":[],"bundle_stock_status":"instock","bundle_stock_quantity":null,"bundle_virtual":false,"bundle_layout":"","bundle_add_to_cart_form_location":"","bundle_editable_in_cart":false,"bundle_sold_individually_context":"","bundle_item_grouping":"","bundle_min_size":"","bundle_max_size":"","bundle_price":[],"bundled_items":[],"bundle_sell_ids":[],"yoast_head":"<!-- This site is optimized with the Yoast SEO plugin v27.5 - https:\/\/yoast.com\/product\/yoast-seo-wordpress\/ -->\n<title>Crochet Ap\u00e9ro &#171; Swiss Crochet<\/title>\n<meta name=\"description\" content=\"Rejoignez le Crochet Ap\u00e9ro \u2013 un rassemblement gratuit et d\u00e9contract\u00e9 pour les passionn\u00e9s de crochet de tous niveaux. Cr\u00e9ez, connectez-vous et d\u00e9tendez-vous avec nous.\" \/>\n<meta name=\"robots\" content=\"index, follow, max-snippet:-1, max-image-preview:large, max-video-preview:-1\" \/>\n<link rel=\"canonical\" href=\"https:\/\/www.swisscrochet.ch\/fr\/produit\/crochet-apero\/\" \/>\n<meta property=\"og:locale\" content=\"fr_FR\" \/>\n<meta property=\"og:type\" content=\"article\" \/>\n<meta property=\"og:title\" content=\"Crochet Ap\u00e9ro &#171; Swiss Crochet\" \/>\n<meta property=\"og:description\" content=\"Rejoignez le Crochet Ap\u00e9ro \u2013 un rassemblement gratuit et d\u00e9contract\u00e9 pour les passionn\u00e9s de crochet de tous niveaux. Cr\u00e9ez, connectez-vous et d\u00e9tendez-vous avec nous.\" \/>\n<meta property=\"og:url\" content=\"https:\/\/www.swisscrochet.ch\/fr\/produit\/crochet-apero\/\" \/>\n<meta property=\"og:site_name\" content=\"Swiss Crochet\" \/>\n<meta property=\"article:modified_time\" content=\"2026-04-10T21:44:01+00:00\" \/>\n<meta property=\"og:image\" content=\"https:\/\/www.swisscrochet.ch\/wp-content\/uploads\/2024\/12\/Swiss-Crochet-Crochet-Apero-Overview.jpg\" \/>\n\t<meta property=\"og:image:width\" content=\"1000\" \/>\n\t<meta property=\"og:image:height\" content=\"1000\" \/>\n\t<meta property=\"og:image:type\" content=\"image\/jpeg\" \/>\n<meta name=\"twitter:card\" content=\"summary_large_image\" \/>\n<meta name=\"twitter:label1\" content=\"Dur\u00e9e de lecture estim\u00e9e\" \/>\n\t<meta name=\"twitter:data1\" content=\"1 minute\" \/>\n<script type=\"application\/ld+json\" class=\"yoast-schema-graph\">{\"@context\":\"https:\\\/\\\/schema.org\",\"@graph\":[{\"@type\":[\"WebPage\",\"ItemPage\"],\"@id\":\"https:\\\/\\\/www.swisscrochet.ch\\\/fr\\\/produit\\\/crochet-apero\\\/\",\"url\":\"https:\\\/\\\/www.swisscrochet.ch\\\/fr\\\/produit\\\/crochet-apero\\\/\",\"name\":\"Crochet Ap\u00e9ro &#171; Swiss Crochet\",\"isPartOf\":{\"@id\":\"https:\\\/\\\/www.swisscrochet.ch\\\/#website\"},\"primaryImageOfPage\":{\"@id\":\"https:\\\/\\\/www.swisscrochet.ch\\\/fr\\\/produit\\\/crochet-apero\\\/#primaryimage\"},\"image\":{\"@id\":\"https:\\\/\\\/www.swisscrochet.ch\\\/fr\\\/produit\\\/crochet-apero\\\/#primaryimage\"},\"thumbnailUrl\":\"https:\\\/\\\/www.swisscrochet.ch\\\/wp-content\\\/uploads\\\/2024\\\/12\\\/Swiss-Crochet-Crochet-Apero-Overview.jpg\",\"datePublished\":\"2024-10-19T15:42:52+00:00\",\"dateModified\":\"2026-04-10T21:44:01+00:00\",\"description\":\"Rejoignez le Crochet Ap\u00e9ro \u2013 un rassemblement gratuit et d\u00e9contract\u00e9 pour les passionn\u00e9s de crochet de tous niveaux. Cr\u00e9ez, connectez-vous et d\u00e9tendez-vous avec nous.\",\"breadcrumb\":{\"@id\":\"https:\\\/\\\/www.swisscrochet.ch\\\/fr\\\/produit\\\/crochet-apero\\\/#breadcrumb\"},\"inLanguage\":\"fr-FR\",\"potentialAction\":[{\"@type\":\"ReadAction\",\"target\":[\"https:\\\/\\\/www.swisscrochet.ch\\\/fr\\\/produit\\\/crochet-apero\\\/\"]}]},{\"@type\":\"ImageObject\",\"inLanguage\":\"fr-FR\",\"@id\":\"https:\\\/\\\/www.swisscrochet.ch\\\/fr\\\/produit\\\/crochet-apero\\\/#primaryimage\",\"url\":\"https:\\\/\\\/www.swisscrochet.ch\\\/wp-content\\\/uploads\\\/2024\\\/12\\\/Swiss-Crochet-Crochet-Apero-Overview.jpg\",\"contentUrl\":\"https:\\\/\\\/www.swisscrochet.ch\\\/wp-content\\\/uploads\\\/2024\\\/12\\\/Swiss-Crochet-Crochet-Apero-Overview.jpg\",\"width\":1000,\"height\":1000,\"caption\":\"Swiss Crochet Event - Crochet Ape\u0301ro\"},{\"@type\":\"BreadcrumbList\",\"@id\":\"https:\\\/\\\/www.swisscrochet.ch\\\/fr\\\/produit\\\/crochet-apero\\\/#breadcrumb\",\"itemListElement\":[{\"@type\":\"ListItem\",\"position\":1,\"name\":\"Home\",\"item\":\"https:\\\/\\\/www.swisscrochet.ch\\\/fr\\\/\"},{\"@type\":\"ListItem\",\"position\":2,\"name\":\"Boutique\",\"item\":\"https:\\\/\\\/www.swisscrochet.ch\\\/fr\\\/boutique\\\/\"},{\"@type\":\"ListItem\",\"position\":3,\"name\":\"Crochet Ap\u00e9ro\"}]},{\"@type\":\"WebSite\",\"@id\":\"https:\\\/\\\/www.swisscrochet.ch\\\/#website\",\"url\":\"https:\\\/\\\/www.swisscrochet.ch\\\/\",\"name\":\"Swiss Crochet\",\"description\":\"Lib\u00e9rez votre potentiel cr\u00e9atif\",\"potentialAction\":[{\"@type\":\"SearchAction\",\"target\":{\"@type\":\"EntryPoint\",\"urlTemplate\":\"https:\\\/\\\/www.swisscrochet.ch\\\/?s={search_term_string}\"},\"query-input\":{\"@type\":\"PropertyValueSpecification\",\"valueRequired\":true,\"valueName\":\"search_term_string\"}}],\"inLanguage\":\"fr-FR\"}]}<\/script>\n<!-- \/ Yoast SEO plugin. -->","yoast_head_json":{"title":"Crochet Ap\u00e9ro &#171; Swiss Crochet","description":"Rejoignez le Crochet Ap\u00e9ro \u2013 un rassemblement gratuit et d\u00e9contract\u00e9 pour les passionn\u00e9s de crochet de tous niveaux. Cr\u00e9ez, connectez-vous et d\u00e9tendez-vous avec nous.","robots":{"index":"index","follow":"follow","max-snippet":"max-snippet:-1","max-image-preview":"max-image-preview:large","max-video-preview":"max-video-preview:-1"},"canonical":"https:\/\/www.swisscrochet.ch\/fr\/produit\/crochet-apero\/","og_locale":"fr_FR","og_type":"article","og_title":"Crochet Ap\u00e9ro &#171; Swiss Crochet","og_description":"Rejoignez le Crochet Ap\u00e9ro \u2013 un rassemblement gratuit et d\u00e9contract\u00e9 pour les passionn\u00e9s de crochet de tous niveaux. Cr\u00e9ez, connectez-vous et d\u00e9tendez-vous avec nous.","og_url":"https:\/\/www.swisscrochet.ch\/fr\/produit\/crochet-apero\/","og_site_name":"Swiss Crochet","article_modified_time":"2026-04-10T21:44:01+00:00","og_image":[{"width":1000,"height":1000,"url":"https:\/\/www.swisscrochet.ch\/wp-content\/uploads\/2024\/12\/Swiss-Crochet-Crochet-Apero-Overview.jpg","type":"image\/jpeg"}],"twitter_card":"summary_large_image","twitter_misc":{"Dur\u00e9e de lecture estim\u00e9e":"1 minute"},"schema":{"@context":"https:\/\/schema.org","@graph":[{"@type":["WebPage","ItemPage"],"@id":"https:\/\/www.swisscrochet.ch\/fr\/produit\/crochet-apero\/","url":"https:\/\/www.swisscrochet.ch\/fr\/produit\/crochet-apero\/","name":"Crochet Ap\u00e9ro &#171; Swiss Crochet","isPartOf":{"@id":"https:\/\/www.swisscrochet.ch\/#website"},"primaryImageOfPage":{"@id":"https:\/\/www.swisscrochet.ch\/fr\/produit\/crochet-apero\/#primaryimage"},"image":{"@id":"https:\/\/www.swisscrochet.ch\/fr\/produit\/crochet-apero\/#primaryimage"},"thumbnailUrl":"https:\/\/www.swisscrochet.ch\/wp-content\/uploads\/2024\/12\/Swiss-Crochet-Crochet-Apero-Overview.jpg","datePublished":"2024-10-19T15:42:52+00:00","dateModified":"2026-04-10T21:44:01+00:00","description":"Rejoignez le Crochet Ap\u00e9ro \u2013 un rassemblement gratuit et d\u00e9contract\u00e9 pour les passionn\u00e9s de crochet de tous niveaux. Cr\u00e9ez, connectez-vous et d\u00e9tendez-vous avec nous.","breadcrumb":{"@id":"https:\/\/www.swisscrochet.ch\/fr\/produit\/crochet-apero\/#breadcrumb"},"inLanguage":"fr-FR","potentialAction":[{"@type":"ReadAction","target":["https:\/\/www.swisscrochet.ch\/fr\/produit\/crochet-apero\/"]}]},{"@type":"ImageObject","inLanguage":"fr-FR","@id":"https:\/\/www.swisscrochet.ch\/fr\/produit\/crochet-apero\/#primaryimage","url":"https:\/\/www.swisscrochet.ch\/wp-content\/uploads\/2024\/12\/Swiss-Crochet-Crochet-Apero-Overview.jpg","contentUrl":"https:\/\/www.swisscrochet.ch\/wp-content\/uploads\/2024\/12\/Swiss-Crochet-Crochet-Apero-Overview.jpg","width":1000,"height":1000,"caption":"Swiss Crochet Event - Crochet Ape\u0301ro"},{"@type":"BreadcrumbList","@id":"https:\/\/www.swisscrochet.ch\/fr\/produit\/crochet-apero\/#breadcrumb","itemListElement":[{"@type":"ListItem","position":1,"name":"Home","item":"https:\/\/www.swisscrochet.ch\/fr\/"},{"@type":"ListItem","position":2,"name":"Boutique","item":"https:\/\/www.swisscrochet.ch\/fr\/boutique\/"},{"@type":"ListItem","position":3,"name":"Crochet Ap\u00e9ro"}]},{"@type":"WebSite","@id":"https:\/\/www.swisscrochet.ch\/#website","url":"https:\/\/www.swisscrochet.ch\/","name":"Swiss Crochet","description":"Lib\u00e9rez votre potentiel cr\u00e9atif","potentialAction":[{"@type":"SearchAction","target":{"@type":"EntryPoint","urlTemplate":"https:\/\/www.swisscrochet.ch\/?s={search_term_string}"},"query-input":{"@type":"PropertyValueSpecification","valueRequired":true,"valueName":"search_term_string"}}],"inLanguage":"fr-FR"}]}},"_links":{"self":[{"href":"https:\/\/www.swisscrochet.ch\/fr\/wp-json\/wp\/v2\/product\/1387","targetHints":{"allow":["GET"]}}],"collection":[{"href":"https:\/\/www.swisscrochet.ch\/fr\/wp-json\/wp\/v2\/product"}],"about":[{"href":"https:\/\/www.swisscrochet.ch\/fr\/wp-json\/wp\/v2\/types\/product"}],"wp:featuredmedia":[{"embeddable":true,"href":"https:\/\/www.swisscrochet.ch\/fr\/wp-json\/wp\/v2\/media\/1389"}],"wp:attachment":[{"href":"https:\/\/www.swisscrochet.ch\/fr\/wp-json\/wp\/v2\/media?parent=1387"}],"wp:term":[{"taxonomy":"product_brand","embeddable":true,"href":"https:\/\/www.swisscrochet.ch\/fr\/wp-json\/wp\/v2\/product_brand?post=1387"},{"taxonomy":"product_cat","embeddable":true,"href":"https:\/\/www.swisscrochet.ch\/fr\/wp-json\/wp\/v2\/product_cat?post=1387"},{"taxonomy":"product_tag","embeddable":true,"href":"https:\/\/www.swisscrochet.ch\/fr\/wp-json\/wp\/v2\/product_tag?post=1387"}],"curies":[{"name":"wp","href":"https:\/\/api.w.org\/{rel}","templated":true}]}}