{"id":14264,"date":"2025-11-01T14:50:11","date_gmt":"2025-11-01T13:50:11","guid":{"rendered":"https:\/\/www.swisscrochet.ch\/product\/scheepjes-glow-up-colour-pack\/"},"modified":"2025-12-11T18:14:29","modified_gmt":"2025-12-11T17:14:29","slug":"scheepjes-glow-up-colour-pack","status":"publish","type":"product","link":"https:\/\/www.swisscrochet.ch\/fr\/produit\/scheepjes-glow-up-colour-pack\/","title":{"rendered":"Scheepjes &#8211; Glow Up Colour Pack"},"content":{"rendered":"","protected":false},"excerpt":{"rendered":"<p>Lib\u00e9rez votre cr\u00e9ativit\u00e9 avec le Glow Up Colour Pack !<\/p>\n<p>Ce coffret comprend 10 coloris de Scheepjes Glow Up en adorables mini pelotes de 25 g, offrant un total de 525 m\u00e8tres de fil polyester, pr\u00e9sent\u00e9s dans une bo\u00eete luxueuse et facile \u00e0 transporter.<\/p>\n<p>Scheepjes Glow Up fait litt\u00e9ralement briller vos projets ! Ce fil sp\u00e9cial poss\u00e8de un effet phosphorescent gr\u00e2ce \u00e0 un rev\u00eatement unique qui emmagasine la lumi\u00e8re pendant la journ\u00e9e et la diffuse progressivement dans l\u2019obscurit\u00e9. Vos cr\u00e9ations rayonneront d\u2019une lueur magique et attireront tous les regards !<\/p>\n<p>\u00c0 la lumi\u00e8re du jour, Scheepjes Glow Up pr\u00e9sente une couleur blanc \u00e9clatant, tandis que la lumi\u00e8re artificielle \u2013 en particulier LED \u2013 renforce son effet lumineux. L\u00e9ger et r\u00e9sistant, ce fil est parfait pour le crochet, id\u00e9al pour les amigurumis, la d\u00e9coration int\u00e9rieure et les accessoires ludiques.<\/p>\n<p>Ce coffret contient :<\/p>\n<ul>\n<li>10 mini pelotes de Scheepjes Glow Up (100 % polyester \u2013 25 g \/ 52.50 m chacune)<\/li>\n<\/ul>\n<p><em>Remarque : ce coffret contient uniquement le fil, sans mod\u00e8le ni crochet\/outils.<\/em><\/p>\n","protected":false},"featured_media":14059,"template":"","meta":[],"product_brand":[],"product_cat":[331,1677],"product_tag":[],"class_list":{"0":"post-14264","1":"product","2":"type-product","3":"status-publish","4":"has-post-thumbnail","6":"product_cat-kits-de-fils","7":"product_cat-kits-de-fils-packs-de-fil","8":"pa_t1-manufacturer-scheepjes-fr","9":"description-off","11":"first","12":"instock","13":"taxable","14":"shipping-taxable","15":"purchasable","16":"product-type-simple"},"bundled_by":[],"bundle_stock_status":"instock","bundle_stock_quantity":6,"bundle_virtual":false,"bundle_layout":"","bundle_add_to_cart_form_location":"","bundle_editable_in_cart":false,"bundle_sold_individually_context":"","bundle_item_grouping":"","bundle_min_size":"","bundle_max_size":"","bundle_price":[],"bundled_items":[],"bundle_sell_ids":[],"yoast_head":"<!-- This site is optimized with the Yoast SEO plugin v27.5 - https:\/\/yoast.com\/product\/yoast-seo-wordpress\/ -->\n<title>Scheepjes - Glow Up Colour Pack &#171; Swiss Crochet<\/title>\n<meta name=\"description\" content=\"Glow Up Colour Pack : 10 mini pelotes de fil Scheepjes Glow Up (100 % polyester). Parfait pour l\u2019amigurumi, les petits projets et le crochet color\u00e9.\" \/>\n<meta name=\"robots\" content=\"index, follow, max-snippet:-1, max-image-preview:large, max-video-preview:-1\" \/>\n<link rel=\"canonical\" href=\"https:\/\/www.swisscrochet.ch\/produit\/scheepjes-glow-up-colour-pack\/\" \/>\n<meta property=\"og:locale\" content=\"fr_FR\" \/>\n<meta property=\"og:type\" content=\"article\" \/>\n<meta property=\"og:title\" content=\"Scheepjes - Glow Up Colour Pack &#171; Swiss Crochet\" \/>\n<meta property=\"og:description\" content=\"Glow Up Colour Pack : 10 mini pelotes de fil Scheepjes Glow Up (100 % polyester). Parfait pour l\u2019amigurumi, les petits projets et le crochet color\u00e9.\" \/>\n<meta property=\"og:url\" content=\"https:\/\/www.swisscrochet.ch\/produit\/scheepjes-glow-up-colour-pack\/\" \/>\n<meta property=\"og:site_name\" content=\"Swiss Crochet\" \/>\n<meta property=\"article:modified_time\" content=\"2025-12-11T17:14:29+00:00\" \/>\n<meta property=\"og:image\" content=\"https:\/\/www.swisscrochet.ch\/wp-content\/uploads\/2025\/11\/Scheepjes-Glow-Up-Colour-Pack-Overview.jpg\" \/>\n\t<meta property=\"og:image:width\" content=\"1000\" \/>\n\t<meta property=\"og:image:height\" content=\"1000\" \/>\n\t<meta property=\"og:image:type\" content=\"image\/jpeg\" \/>\n<meta name=\"twitter:card\" content=\"summary_large_image\" \/>\n<meta name=\"twitter:label1\" content=\"Dur\u00e9e de lecture estim\u00e9e\" \/>\n\t<meta name=\"twitter:data1\" content=\"1 minute\" \/>\n<script type=\"application\/ld+json\" class=\"yoast-schema-graph\">{\"@context\":\"https:\\\/\\\/schema.org\",\"@graph\":[{\"@type\":[\"WebPage\",\"ItemPage\"],\"@id\":\"https:\\\/\\\/www.swisscrochet.ch\\\/produit\\\/scheepjes-glow-up-colour-pack\\\/\",\"url\":\"https:\\\/\\\/www.swisscrochet.ch\\\/produit\\\/scheepjes-glow-up-colour-pack\\\/\",\"name\":\"Scheepjes - Glow Up Colour Pack &#171; Swiss Crochet\",\"isPartOf\":{\"@id\":\"https:\\\/\\\/www.swisscrochet.ch\\\/#website\"},\"primaryImageOfPage\":{\"@id\":\"https:\\\/\\\/www.swisscrochet.ch\\\/produit\\\/scheepjes-glow-up-colour-pack\\\/#primaryimage\"},\"image\":{\"@id\":\"https:\\\/\\\/www.swisscrochet.ch\\\/produit\\\/scheepjes-glow-up-colour-pack\\\/#primaryimage\"},\"thumbnailUrl\":\"https:\\\/\\\/www.swisscrochet.ch\\\/wp-content\\\/uploads\\\/2025\\\/11\\\/Scheepjes-Glow-Up-Colour-Pack-Overview.jpg\",\"datePublished\":\"2025-11-01T13:50:11+00:00\",\"dateModified\":\"2025-12-11T17:14:29+00:00\",\"description\":\"Glow Up Colour Pack : 10 mini pelotes de fil Scheepjes Glow Up (100 % polyester). Parfait pour l\u2019amigurumi, les petits projets et le crochet color\u00e9.\",\"breadcrumb\":{\"@id\":\"https:\\\/\\\/www.swisscrochet.ch\\\/produit\\\/scheepjes-glow-up-colour-pack\\\/#breadcrumb\"},\"inLanguage\":\"fr-FR\",\"potentialAction\":[{\"@type\":\"ReadAction\",\"target\":[\"https:\\\/\\\/www.swisscrochet.ch\\\/produit\\\/scheepjes-glow-up-colour-pack\\\/\"]}]},{\"@type\":\"ImageObject\",\"inLanguage\":\"fr-FR\",\"@id\":\"https:\\\/\\\/www.swisscrochet.ch\\\/produit\\\/scheepjes-glow-up-colour-pack\\\/#primaryimage\",\"url\":\"https:\\\/\\\/www.swisscrochet.ch\\\/wp-content\\\/uploads\\\/2025\\\/11\\\/Scheepjes-Glow-Up-Colour-Pack-Overview.jpg\",\"contentUrl\":\"https:\\\/\\\/www.swisscrochet.ch\\\/wp-content\\\/uploads\\\/2025\\\/11\\\/Scheepjes-Glow-Up-Colour-Pack-Overview.jpg\",\"width\":1000,\"height\":1000},{\"@type\":\"BreadcrumbList\",\"@id\":\"https:\\\/\\\/www.swisscrochet.ch\\\/produit\\\/scheepjes-glow-up-colour-pack\\\/#breadcrumb\",\"itemListElement\":[{\"@type\":\"ListItem\",\"position\":1,\"name\":\"Home\",\"item\":\"https:\\\/\\\/www.swisscrochet.ch\\\/fr\\\/\"},{\"@type\":\"ListItem\",\"position\":2,\"name\":\"Boutique\",\"item\":\"https:\\\/\\\/www.swisscrochet.ch\\\/fr\\\/boutique\\\/\"},{\"@type\":\"ListItem\",\"position\":3,\"name\":\"Scheepjes &#8211; Glow Up Colour Pack\"}]},{\"@type\":\"WebSite\",\"@id\":\"https:\\\/\\\/www.swisscrochet.ch\\\/#website\",\"url\":\"https:\\\/\\\/www.swisscrochet.ch\\\/\",\"name\":\"Swiss Crochet\",\"description\":\"Lib\u00e9rez votre potentiel cr\u00e9atif\",\"potentialAction\":[{\"@type\":\"SearchAction\",\"target\":{\"@type\":\"EntryPoint\",\"urlTemplate\":\"https:\\\/\\\/www.swisscrochet.ch\\\/?s={search_term_string}\"},\"query-input\":{\"@type\":\"PropertyValueSpecification\",\"valueRequired\":true,\"valueName\":\"search_term_string\"}}],\"inLanguage\":\"fr-FR\"}]}<\/script>\n<!-- \/ Yoast SEO plugin. -->","yoast_head_json":{"title":"Scheepjes - Glow Up Colour Pack &#171; Swiss Crochet","description":"Glow Up Colour Pack : 10 mini pelotes de fil Scheepjes Glow Up (100 % polyester). Parfait pour l\u2019amigurumi, les petits projets et le crochet color\u00e9.","robots":{"index":"index","follow":"follow","max-snippet":"max-snippet:-1","max-image-preview":"max-image-preview:large","max-video-preview":"max-video-preview:-1"},"canonical":"https:\/\/www.swisscrochet.ch\/produit\/scheepjes-glow-up-colour-pack\/","og_locale":"fr_FR","og_type":"article","og_title":"Scheepjes - Glow Up Colour Pack &#171; Swiss Crochet","og_description":"Glow Up Colour Pack : 10 mini pelotes de fil Scheepjes Glow Up (100 % polyester). Parfait pour l\u2019amigurumi, les petits projets et le crochet color\u00e9.","og_url":"https:\/\/www.swisscrochet.ch\/produit\/scheepjes-glow-up-colour-pack\/","og_site_name":"Swiss Crochet","article_modified_time":"2025-12-11T17:14:29+00:00","og_image":[{"width":1000,"height":1000,"url":"https:\/\/www.swisscrochet.ch\/wp-content\/uploads\/2025\/11\/Scheepjes-Glow-Up-Colour-Pack-Overview.jpg","type":"image\/jpeg"}],"twitter_card":"summary_large_image","twitter_misc":{"Dur\u00e9e de lecture estim\u00e9e":"1 minute"},"schema":{"@context":"https:\/\/schema.org","@graph":[{"@type":["WebPage","ItemPage"],"@id":"https:\/\/www.swisscrochet.ch\/produit\/scheepjes-glow-up-colour-pack\/","url":"https:\/\/www.swisscrochet.ch\/produit\/scheepjes-glow-up-colour-pack\/","name":"Scheepjes - Glow Up Colour Pack &#171; Swiss Crochet","isPartOf":{"@id":"https:\/\/www.swisscrochet.ch\/#website"},"primaryImageOfPage":{"@id":"https:\/\/www.swisscrochet.ch\/produit\/scheepjes-glow-up-colour-pack\/#primaryimage"},"image":{"@id":"https:\/\/www.swisscrochet.ch\/produit\/scheepjes-glow-up-colour-pack\/#primaryimage"},"thumbnailUrl":"https:\/\/www.swisscrochet.ch\/wp-content\/uploads\/2025\/11\/Scheepjes-Glow-Up-Colour-Pack-Overview.jpg","datePublished":"2025-11-01T13:50:11+00:00","dateModified":"2025-12-11T17:14:29+00:00","description":"Glow Up Colour Pack : 10 mini pelotes de fil Scheepjes Glow Up (100 % polyester). Parfait pour l\u2019amigurumi, les petits projets et le crochet color\u00e9.","breadcrumb":{"@id":"https:\/\/www.swisscrochet.ch\/produit\/scheepjes-glow-up-colour-pack\/#breadcrumb"},"inLanguage":"fr-FR","potentialAction":[{"@type":"ReadAction","target":["https:\/\/www.swisscrochet.ch\/produit\/scheepjes-glow-up-colour-pack\/"]}]},{"@type":"ImageObject","inLanguage":"fr-FR","@id":"https:\/\/www.swisscrochet.ch\/produit\/scheepjes-glow-up-colour-pack\/#primaryimage","url":"https:\/\/www.swisscrochet.ch\/wp-content\/uploads\/2025\/11\/Scheepjes-Glow-Up-Colour-Pack-Overview.jpg","contentUrl":"https:\/\/www.swisscrochet.ch\/wp-content\/uploads\/2025\/11\/Scheepjes-Glow-Up-Colour-Pack-Overview.jpg","width":1000,"height":1000},{"@type":"BreadcrumbList","@id":"https:\/\/www.swisscrochet.ch\/produit\/scheepjes-glow-up-colour-pack\/#breadcrumb","itemListElement":[{"@type":"ListItem","position":1,"name":"Home","item":"https:\/\/www.swisscrochet.ch\/fr\/"},{"@type":"ListItem","position":2,"name":"Boutique","item":"https:\/\/www.swisscrochet.ch\/fr\/boutique\/"},{"@type":"ListItem","position":3,"name":"Scheepjes &#8211; Glow Up Colour Pack"}]},{"@type":"WebSite","@id":"https:\/\/www.swisscrochet.ch\/#website","url":"https:\/\/www.swisscrochet.ch\/","name":"Swiss Crochet","description":"Lib\u00e9rez votre potentiel cr\u00e9atif","potentialAction":[{"@type":"SearchAction","target":{"@type":"EntryPoint","urlTemplate":"https:\/\/www.swisscrochet.ch\/?s={search_term_string}"},"query-input":{"@type":"PropertyValueSpecification","valueRequired":true,"valueName":"search_term_string"}}],"inLanguage":"fr-FR"}]}},"_links":{"self":[{"href":"https:\/\/www.swisscrochet.ch\/fr\/wp-json\/wp\/v2\/product\/14264","targetHints":{"allow":["GET"]}}],"collection":[{"href":"https:\/\/www.swisscrochet.ch\/fr\/wp-json\/wp\/v2\/product"}],"about":[{"href":"https:\/\/www.swisscrochet.ch\/fr\/wp-json\/wp\/v2\/types\/product"}],"wp:featuredmedia":[{"embeddable":true,"href":"https:\/\/www.swisscrochet.ch\/fr\/wp-json\/wp\/v2\/media\/14059"}],"wp:attachment":[{"href":"https:\/\/www.swisscrochet.ch\/fr\/wp-json\/wp\/v2\/media?parent=14264"}],"wp:term":[{"taxonomy":"product_brand","embeddable":true,"href":"https:\/\/www.swisscrochet.ch\/fr\/wp-json\/wp\/v2\/product_brand?post=14264"},{"taxonomy":"product_cat","embeddable":true,"href":"https:\/\/www.swisscrochet.ch\/fr\/wp-json\/wp\/v2\/product_cat?post=14264"},{"taxonomy":"product_tag","embeddable":true,"href":"https:\/\/www.swisscrochet.ch\/fr\/wp-json\/wp\/v2\/product_tag?post=14264"}],"curies":[{"name":"wp","href":"https:\/\/api.w.org\/{rel}","templated":true}]}}