{"id":14274,"date":"2025-11-01T19:30:30","date_gmt":"2025-11-01T18:30:30","guid":{"rendered":"https:\/\/www.swisscrochet.ch\/product\/scheepjes-glow-up\/"},"modified":"2025-12-12T12:22:47","modified_gmt":"2025-12-12T11:22:47","slug":"scheepjes-glow-up","status":"publish","type":"product","link":"https:\/\/www.swisscrochet.ch\/fr\/produit\/scheepjes-glow-up\/","title":{"rendered":"Scheepjes &#8211; Glow Up"},"content":{"rendered":"","protected":false},"excerpt":{"rendered":"<p>Scheepjes Glow Up fait litt\u00e9ralement briller vos projets ! Ce fil sp\u00e9cial poss\u00e8de un effet phosphorescent gr\u00e2ce \u00e0 un rev\u00eatement unique qui emmagasine la lumi\u00e8re pendant la journ\u00e9e et la diffuse progressivement dans l\u2019obscurit\u00e9. Vos cr\u00e9ations finies rayonneront d\u2019une lueur magique et ne passeront pas inaper\u00e7ues !<\/p>\n<p>\u00c0 la lumi\u00e8re du jour, Scheepjes Glow Up pr\u00e9sente une couleur blanc \u00e9clatant, tandis que la lumi\u00e8re artificielle \u2013 en particulier LED \u2013 renforce son effet lumineux. L\u00e9ger et r\u00e9sistant, ce fil est parfait pour le crochet, id\u00e9al pour les amigurumis, la d\u00e9coration int\u00e9rieure et les accessoires ludiques.<\/p>\n<p>Les enfants adoreront tout particuli\u00e8rement la magie scintillante de Glow Up \u2013 parfait pour apporter une touche amusante et rassurante aux chambres ou aux jouets.<\/p>\n<p>L\u2019\u00e9chantillon pr\u00e9sent\u00e9 a \u00e9t\u00e9 lav\u00e9 en machine (programme laine \u00e0 30 \u00b0C) et repass\u00e9 \u00e0 la vapeur.<\/p>\n<p>Laissez briller votre cr\u00e9ativit\u00e9 \u2013 cr\u00e9ez des projets magiques avec Scheepjes Glow Up !<\/p>\n","protected":false},"featured_media":14055,"template":"","meta":[],"product_brand":[],"product_cat":[1880,227,1882],"product_tag":[],"class_list":{"0":"post-14274","1":"product","2":"type-product","3":"status-publish","4":"has-post-thumbnail","6":"product_cat-fils-amigurumi","7":"product_cat-fils","8":"product_cat-fils-sacs-et-decoration-interieure","9":"pa_y1-brand-scheepjes-fr","10":"pa_y17-yarn-weight-fingering-fr","11":"description-off","13":"first","14":"instock","15":"taxable","16":"shipping-taxable","17":"purchasable","18":"product-type-simple"},"bundled_by":[],"bundle_stock_status":"instock","bundle_stock_quantity":22,"bundle_virtual":false,"bundle_layout":"","bundle_add_to_cart_form_location":"","bundle_editable_in_cart":false,"bundle_sold_individually_context":"","bundle_item_grouping":"","bundle_min_size":"","bundle_max_size":"","bundle_price":[],"bundled_items":[],"bundle_sell_ids":[],"yoast_head":"<!-- This site is optimized with the Yoast SEO plugin v27.5 - https:\/\/yoast.com\/product\/yoast-seo-wordpress\/ -->\n<title>Scheepjes - Glow Up &#171; Swiss Crochet<\/title>\n<meta name=\"description\" content=\"Scheepjes Glow Up est un fil phosphorescent, parfait pour le crochet, le tricot et l\u2019amigurumi. L\u00e9ger, r\u00e9sistant et magique pour les projets destin\u00e9s aux enfants.\" \/>\n<meta name=\"robots\" content=\"index, follow, max-snippet:-1, max-image-preview:large, max-video-preview:-1\" \/>\n<link rel=\"canonical\" href=\"https:\/\/www.swisscrochet.ch\/produit\/scheepjes-glow-up\/\" \/>\n<meta property=\"og:locale\" content=\"fr_FR\" \/>\n<meta property=\"og:type\" content=\"article\" \/>\n<meta property=\"og:title\" content=\"Scheepjes - Glow Up &#171; Swiss Crochet\" \/>\n<meta property=\"og:description\" content=\"Scheepjes Glow Up est un fil phosphorescent, parfait pour le crochet, le tricot et l\u2019amigurumi. L\u00e9ger, r\u00e9sistant et magique pour les projets destin\u00e9s aux enfants.\" \/>\n<meta property=\"og:url\" content=\"https:\/\/www.swisscrochet.ch\/produit\/scheepjes-glow-up\/\" \/>\n<meta property=\"og:site_name\" content=\"Swiss Crochet\" \/>\n<meta property=\"article:modified_time\" content=\"2025-12-12T11:22:47+00:00\" \/>\n<meta property=\"og:image\" content=\"https:\/\/www.swisscrochet.ch\/wp-content\/uploads\/2025\/11\/Scheepjes-Glow-Up-Overview.jpg\" \/>\n\t<meta property=\"og:image:width\" content=\"1000\" \/>\n\t<meta property=\"og:image:height\" content=\"1000\" \/>\n\t<meta property=\"og:image:type\" content=\"image\/jpeg\" \/>\n<meta name=\"twitter:card\" content=\"summary_large_image\" \/>\n<meta name=\"twitter:label1\" content=\"Dur\u00e9e de lecture estim\u00e9e\" \/>\n\t<meta name=\"twitter:data1\" content=\"1 minute\" \/>\n<script type=\"application\/ld+json\" class=\"yoast-schema-graph\">{\"@context\":\"https:\\\/\\\/schema.org\",\"@graph\":[{\"@type\":[\"WebPage\",\"ItemPage\"],\"@id\":\"https:\\\/\\\/www.swisscrochet.ch\\\/produit\\\/scheepjes-glow-up\\\/\",\"url\":\"https:\\\/\\\/www.swisscrochet.ch\\\/produit\\\/scheepjes-glow-up\\\/\",\"name\":\"Scheepjes - Glow Up &#171; Swiss Crochet\",\"isPartOf\":{\"@id\":\"https:\\\/\\\/www.swisscrochet.ch\\\/#website\"},\"primaryImageOfPage\":{\"@id\":\"https:\\\/\\\/www.swisscrochet.ch\\\/produit\\\/scheepjes-glow-up\\\/#primaryimage\"},\"image\":{\"@id\":\"https:\\\/\\\/www.swisscrochet.ch\\\/produit\\\/scheepjes-glow-up\\\/#primaryimage\"},\"thumbnailUrl\":\"https:\\\/\\\/www.swisscrochet.ch\\\/wp-content\\\/uploads\\\/2025\\\/11\\\/Scheepjes-Glow-Up-Overview.jpg\",\"datePublished\":\"2025-11-01T18:30:30+00:00\",\"dateModified\":\"2025-12-12T11:22:47+00:00\",\"description\":\"Scheepjes Glow Up est un fil phosphorescent, parfait pour le crochet, le tricot et l\u2019amigurumi. L\u00e9ger, r\u00e9sistant et magique pour les projets destin\u00e9s aux enfants.\",\"breadcrumb\":{\"@id\":\"https:\\\/\\\/www.swisscrochet.ch\\\/produit\\\/scheepjes-glow-up\\\/#breadcrumb\"},\"inLanguage\":\"fr-FR\",\"potentialAction\":[{\"@type\":\"ReadAction\",\"target\":[\"https:\\\/\\\/www.swisscrochet.ch\\\/produit\\\/scheepjes-glow-up\\\/\"]}]},{\"@type\":\"ImageObject\",\"inLanguage\":\"fr-FR\",\"@id\":\"https:\\\/\\\/www.swisscrochet.ch\\\/produit\\\/scheepjes-glow-up\\\/#primaryimage\",\"url\":\"https:\\\/\\\/www.swisscrochet.ch\\\/wp-content\\\/uploads\\\/2025\\\/11\\\/Scheepjes-Glow-Up-Overview.jpg\",\"contentUrl\":\"https:\\\/\\\/www.swisscrochet.ch\\\/wp-content\\\/uploads\\\/2025\\\/11\\\/Scheepjes-Glow-Up-Overview.jpg\",\"width\":1000,\"height\":1000},{\"@type\":\"BreadcrumbList\",\"@id\":\"https:\\\/\\\/www.swisscrochet.ch\\\/produit\\\/scheepjes-glow-up\\\/#breadcrumb\",\"itemListElement\":[{\"@type\":\"ListItem\",\"position\":1,\"name\":\"Home\",\"item\":\"https:\\\/\\\/www.swisscrochet.ch\\\/fr\\\/\"},{\"@type\":\"ListItem\",\"position\":2,\"name\":\"Boutique\",\"item\":\"https:\\\/\\\/www.swisscrochet.ch\\\/fr\\\/boutique\\\/\"},{\"@type\":\"ListItem\",\"position\":3,\"name\":\"Scheepjes &#8211; Glow Up\"}]},{\"@type\":\"WebSite\",\"@id\":\"https:\\\/\\\/www.swisscrochet.ch\\\/#website\",\"url\":\"https:\\\/\\\/www.swisscrochet.ch\\\/\",\"name\":\"Swiss Crochet\",\"description\":\"Lib\u00e9rez votre potentiel cr\u00e9atif\",\"potentialAction\":[{\"@type\":\"SearchAction\",\"target\":{\"@type\":\"EntryPoint\",\"urlTemplate\":\"https:\\\/\\\/www.swisscrochet.ch\\\/?s={search_term_string}\"},\"query-input\":{\"@type\":\"PropertyValueSpecification\",\"valueRequired\":true,\"valueName\":\"search_term_string\"}}],\"inLanguage\":\"fr-FR\"}]}<\/script>\n<!-- \/ Yoast SEO plugin. -->","yoast_head_json":{"title":"Scheepjes - Glow Up &#171; Swiss Crochet","description":"Scheepjes Glow Up est un fil phosphorescent, parfait pour le crochet, le tricot et l\u2019amigurumi. L\u00e9ger, r\u00e9sistant et magique pour les projets destin\u00e9s aux enfants.","robots":{"index":"index","follow":"follow","max-snippet":"max-snippet:-1","max-image-preview":"max-image-preview:large","max-video-preview":"max-video-preview:-1"},"canonical":"https:\/\/www.swisscrochet.ch\/produit\/scheepjes-glow-up\/","og_locale":"fr_FR","og_type":"article","og_title":"Scheepjes - Glow Up &#171; Swiss Crochet","og_description":"Scheepjes Glow Up est un fil phosphorescent, parfait pour le crochet, le tricot et l\u2019amigurumi. L\u00e9ger, r\u00e9sistant et magique pour les projets destin\u00e9s aux enfants.","og_url":"https:\/\/www.swisscrochet.ch\/produit\/scheepjes-glow-up\/","og_site_name":"Swiss Crochet","article_modified_time":"2025-12-12T11:22:47+00:00","og_image":[{"width":1000,"height":1000,"url":"https:\/\/www.swisscrochet.ch\/wp-content\/uploads\/2025\/11\/Scheepjes-Glow-Up-Overview.jpg","type":"image\/jpeg"}],"twitter_card":"summary_large_image","twitter_misc":{"Dur\u00e9e de lecture estim\u00e9e":"1 minute"},"schema":{"@context":"https:\/\/schema.org","@graph":[{"@type":["WebPage","ItemPage"],"@id":"https:\/\/www.swisscrochet.ch\/produit\/scheepjes-glow-up\/","url":"https:\/\/www.swisscrochet.ch\/produit\/scheepjes-glow-up\/","name":"Scheepjes - Glow Up &#171; Swiss Crochet","isPartOf":{"@id":"https:\/\/www.swisscrochet.ch\/#website"},"primaryImageOfPage":{"@id":"https:\/\/www.swisscrochet.ch\/produit\/scheepjes-glow-up\/#primaryimage"},"image":{"@id":"https:\/\/www.swisscrochet.ch\/produit\/scheepjes-glow-up\/#primaryimage"},"thumbnailUrl":"https:\/\/www.swisscrochet.ch\/wp-content\/uploads\/2025\/11\/Scheepjes-Glow-Up-Overview.jpg","datePublished":"2025-11-01T18:30:30+00:00","dateModified":"2025-12-12T11:22:47+00:00","description":"Scheepjes Glow Up est un fil phosphorescent, parfait pour le crochet, le tricot et l\u2019amigurumi. L\u00e9ger, r\u00e9sistant et magique pour les projets destin\u00e9s aux enfants.","breadcrumb":{"@id":"https:\/\/www.swisscrochet.ch\/produit\/scheepjes-glow-up\/#breadcrumb"},"inLanguage":"fr-FR","potentialAction":[{"@type":"ReadAction","target":["https:\/\/www.swisscrochet.ch\/produit\/scheepjes-glow-up\/"]}]},{"@type":"ImageObject","inLanguage":"fr-FR","@id":"https:\/\/www.swisscrochet.ch\/produit\/scheepjes-glow-up\/#primaryimage","url":"https:\/\/www.swisscrochet.ch\/wp-content\/uploads\/2025\/11\/Scheepjes-Glow-Up-Overview.jpg","contentUrl":"https:\/\/www.swisscrochet.ch\/wp-content\/uploads\/2025\/11\/Scheepjes-Glow-Up-Overview.jpg","width":1000,"height":1000},{"@type":"BreadcrumbList","@id":"https:\/\/www.swisscrochet.ch\/produit\/scheepjes-glow-up\/#breadcrumb","itemListElement":[{"@type":"ListItem","position":1,"name":"Home","item":"https:\/\/www.swisscrochet.ch\/fr\/"},{"@type":"ListItem","position":2,"name":"Boutique","item":"https:\/\/www.swisscrochet.ch\/fr\/boutique\/"},{"@type":"ListItem","position":3,"name":"Scheepjes &#8211; Glow Up"}]},{"@type":"WebSite","@id":"https:\/\/www.swisscrochet.ch\/#website","url":"https:\/\/www.swisscrochet.ch\/","name":"Swiss Crochet","description":"Lib\u00e9rez votre potentiel cr\u00e9atif","potentialAction":[{"@type":"SearchAction","target":{"@type":"EntryPoint","urlTemplate":"https:\/\/www.swisscrochet.ch\/?s={search_term_string}"},"query-input":{"@type":"PropertyValueSpecification","valueRequired":true,"valueName":"search_term_string"}}],"inLanguage":"fr-FR"}]}},"_links":{"self":[{"href":"https:\/\/www.swisscrochet.ch\/fr\/wp-json\/wp\/v2\/product\/14274","targetHints":{"allow":["GET"]}}],"collection":[{"href":"https:\/\/www.swisscrochet.ch\/fr\/wp-json\/wp\/v2\/product"}],"about":[{"href":"https:\/\/www.swisscrochet.ch\/fr\/wp-json\/wp\/v2\/types\/product"}],"wp:featuredmedia":[{"embeddable":true,"href":"https:\/\/www.swisscrochet.ch\/fr\/wp-json\/wp\/v2\/media\/14055"}],"wp:attachment":[{"href":"https:\/\/www.swisscrochet.ch\/fr\/wp-json\/wp\/v2\/media?parent=14274"}],"wp:term":[{"taxonomy":"product_brand","embeddable":true,"href":"https:\/\/www.swisscrochet.ch\/fr\/wp-json\/wp\/v2\/product_brand?post=14274"},{"taxonomy":"product_cat","embeddable":true,"href":"https:\/\/www.swisscrochet.ch\/fr\/wp-json\/wp\/v2\/product_cat?post=14274"},{"taxonomy":"product_tag","embeddable":true,"href":"https:\/\/www.swisscrochet.ch\/fr\/wp-json\/wp\/v2\/product_tag?post=14274"}],"curies":[{"name":"wp","href":"https:\/\/api.w.org\/{rel}","templated":true}]}}