{"id":14358,"date":"2025-11-01T19:31:31","date_gmt":"2025-11-01T18:31:31","guid":{"rendered":"https:\/\/www.swisscrochet.ch\/product\/laines-du-nord-teddy-b\/"},"modified":"2025-11-01T20:20:55","modified_gmt":"2025-11-01T19:20:55","slug":"laines-du-nord-teddy-b","status":"publish","type":"product","link":"https:\/\/www.swisscrochet.ch\/fr\/produit\/laines-du-nord-teddy-b\/","title":{"rendered":"Laines du Nord &#8211; Teddy B"},"content":{"rendered":"","protected":false},"excerpt":{"rendered":"<p>Teddy B est un fil ultra doux et moelleux, parfait pour le crochet. Sa structure boucl\u00e9 lui conf\u00e8re une \u00e9paisseur Worsted tout en restant exceptionnellement l\u00e9ger. Cette texture particuli\u00e8re emp\u00eache \u00e9galement le fil de se d\u00e9doubler ou de s\u2019effilocher pendant l\u2019utilisation, rendant le travail au crochet un v\u00e9ritable plaisir. Le tissu fini est merveilleusement doux avec une surface joliment boucl\u00e9e.<\/p>\n<p>Compos\u00e9 de 75 % alpaga, 15 % polyamide et 10 % laine sans mulesing, Teddy B est id\u00e9al pour une large gamme de projets au crochet \u2013 des pulls, gilets et tops douillets aux bonnets, \u00e9charpes et moufles confortables.<\/p>\n<p>L\u2019\u00e9chantillon pr\u00e9sent\u00e9 a \u00e9t\u00e9 lav\u00e9 en machine (programme laine \u00e0 30 \u00b0C) et repass\u00e9 \u00e0 la vapeur.<\/p>\n<p><strong>Astuce pro d\u2019Assimina :<\/strong> <em>Les fils boucl\u00e9 peuvent rendre les mailles un peu plus difficiles \u00e0 voir. Pour cette raison, je recommande de commencer vos projets avec des mailles serr\u00e9es de fondation (foundation single crochet) plut\u00f4t qu\u2019avec des mailles en l\u2019air. Les mailles serr\u00e9es de fondation cr\u00e9ent une base plus solide et facilitent la visibilit\u00e9 et le travail des mailles.<\/em><\/p>\n<p>Entoure-toi du luxe doux de Teddy B \u2013 choisis ta teinte pr\u00e9f\u00e9r\u00e9e et commence d\u00e8s aujourd\u2019hui ton prochain projet cocooning !<\/p>\n","protected":false},"featured_media":14171,"template":"","meta":[],"product_brand":[],"product_cat":[1880,227,1893],"product_tag":[],"class_list":{"0":"post-14358","1":"product","2":"type-product","3":"status-publish","4":"has-post-thumbnail","6":"product_cat-fils-amigurumi","7":"product_cat-fils","8":"product_cat-fils-vetements","9":"pa_y1-brand-laines-du-nord-fr","10":"pa_y17-yarn-weight-worsted-fr","11":"description-off","13":"first","14":"instock","15":"taxable","16":"shipping-taxable","17":"purchasable","18":"product-type-variable","19":"wvs-archive-product-wrapper"},"bundled_by":[],"bundle_stock_status":"instock","bundle_stock_quantity":null,"bundle_virtual":false,"bundle_layout":"","bundle_add_to_cart_form_location":"","bundle_editable_in_cart":false,"bundle_sold_individually_context":"","bundle_item_grouping":"","bundle_min_size":"","bundle_max_size":"","bundle_price":[],"bundled_items":[],"bundle_sell_ids":[],"yoast_head":"<!-- This site is optimized with the Yoast SEO plugin v27.5 - https:\/\/yoast.com\/product\/yoast-seo-wordpress\/ -->\n<title>Laines du Nord - Teddy B &#171; Swiss Crochet<\/title>\n<meta name=\"description\" content=\"D\u00e9couvrez Teddy B \u2013 un fil boucl\u00e9 ultra doux compos\u00e9 d\u2019alpaga, de polyamide et de laine sans mulesing. L\u00e9ger, moelleux et parfait pour des projets au crochet tout doux et confortables.\" \/>\n<meta name=\"robots\" content=\"index, follow, max-snippet:-1, max-image-preview:large, max-video-preview:-1\" \/>\n<link rel=\"canonical\" href=\"https:\/\/www.swisscrochet.ch\/produit\/laines-du-nord-teddy-b\/\" \/>\n<meta property=\"og:locale\" content=\"fr_FR\" \/>\n<meta property=\"og:type\" content=\"article\" \/>\n<meta property=\"og:title\" content=\"Laines du Nord - Teddy B &#171; Swiss Crochet\" \/>\n<meta property=\"og:description\" content=\"D\u00e9couvrez Teddy B \u2013 un fil boucl\u00e9 ultra doux compos\u00e9 d\u2019alpaga, de polyamide et de laine sans mulesing. L\u00e9ger, moelleux et parfait pour des projets au crochet tout doux et confortables.\" \/>\n<meta property=\"og:url\" content=\"https:\/\/www.swisscrochet.ch\/produit\/laines-du-nord-teddy-b\/\" \/>\n<meta property=\"og:site_name\" content=\"Swiss Crochet\" \/>\n<meta property=\"article:modified_time\" content=\"2025-11-01T19:20:55+00:00\" \/>\n<meta property=\"og:image\" content=\"https:\/\/www.swisscrochet.ch\/wp-content\/uploads\/2025\/11\/Laines-du-Nord-Teddy-B-Overview.jpg\" \/>\n\t<meta property=\"og:image:width\" content=\"1000\" \/>\n\t<meta property=\"og:image:height\" content=\"1000\" \/>\n\t<meta property=\"og:image:type\" content=\"image\/jpeg\" \/>\n<meta name=\"twitter:card\" content=\"summary_large_image\" \/>\n<meta name=\"twitter:label1\" content=\"Dur\u00e9e de lecture estim\u00e9e\" \/>\n\t<meta name=\"twitter:data1\" content=\"1 minute\" \/>\n<script type=\"application\/ld+json\" class=\"yoast-schema-graph\">{\"@context\":\"https:\\\/\\\/schema.org\",\"@graph\":[{\"@type\":[\"WebPage\",\"ItemPage\"],\"@id\":\"https:\\\/\\\/www.swisscrochet.ch\\\/produit\\\/laines-du-nord-teddy-b\\\/\",\"url\":\"https:\\\/\\\/www.swisscrochet.ch\\\/produit\\\/laines-du-nord-teddy-b\\\/\",\"name\":\"Laines du Nord - Teddy B &#171; Swiss Crochet\",\"isPartOf\":{\"@id\":\"https:\\\/\\\/www.swisscrochet.ch\\\/#website\"},\"primaryImageOfPage\":{\"@id\":\"https:\\\/\\\/www.swisscrochet.ch\\\/produit\\\/laines-du-nord-teddy-b\\\/#primaryimage\"},\"image\":{\"@id\":\"https:\\\/\\\/www.swisscrochet.ch\\\/produit\\\/laines-du-nord-teddy-b\\\/#primaryimage\"},\"thumbnailUrl\":\"https:\\\/\\\/www.swisscrochet.ch\\\/wp-content\\\/uploads\\\/2025\\\/11\\\/Laines-du-Nord-Teddy-B-Overview.jpg\",\"datePublished\":\"2025-11-01T18:31:31+00:00\",\"dateModified\":\"2025-11-01T19:20:55+00:00\",\"description\":\"D\u00e9couvrez Teddy B \u2013 un fil boucl\u00e9 ultra doux compos\u00e9 d\u2019alpaga, de polyamide et de laine sans mulesing. L\u00e9ger, moelleux et parfait pour des projets au crochet tout doux et confortables.\",\"breadcrumb\":{\"@id\":\"https:\\\/\\\/www.swisscrochet.ch\\\/produit\\\/laines-du-nord-teddy-b\\\/#breadcrumb\"},\"inLanguage\":\"fr-FR\",\"potentialAction\":[{\"@type\":\"ReadAction\",\"target\":[\"https:\\\/\\\/www.swisscrochet.ch\\\/produit\\\/laines-du-nord-teddy-b\\\/\"]}]},{\"@type\":\"ImageObject\",\"inLanguage\":\"fr-FR\",\"@id\":\"https:\\\/\\\/www.swisscrochet.ch\\\/produit\\\/laines-du-nord-teddy-b\\\/#primaryimage\",\"url\":\"https:\\\/\\\/www.swisscrochet.ch\\\/wp-content\\\/uploads\\\/2025\\\/11\\\/Laines-du-Nord-Teddy-B-Overview.jpg\",\"contentUrl\":\"https:\\\/\\\/www.swisscrochet.ch\\\/wp-content\\\/uploads\\\/2025\\\/11\\\/Laines-du-Nord-Teddy-B-Overview.jpg\",\"width\":1000,\"height\":1000},{\"@type\":\"BreadcrumbList\",\"@id\":\"https:\\\/\\\/www.swisscrochet.ch\\\/produit\\\/laines-du-nord-teddy-b\\\/#breadcrumb\",\"itemListElement\":[{\"@type\":\"ListItem\",\"position\":1,\"name\":\"Home\",\"item\":\"https:\\\/\\\/www.swisscrochet.ch\\\/fr\\\/\"},{\"@type\":\"ListItem\",\"position\":2,\"name\":\"Boutique\",\"item\":\"https:\\\/\\\/www.swisscrochet.ch\\\/fr\\\/boutique\\\/\"},{\"@type\":\"ListItem\",\"position\":3,\"name\":\"Laines du Nord &#8211; Teddy B\"}]},{\"@type\":\"WebSite\",\"@id\":\"https:\\\/\\\/www.swisscrochet.ch\\\/#website\",\"url\":\"https:\\\/\\\/www.swisscrochet.ch\\\/\",\"name\":\"Swiss Crochet\",\"description\":\"Lib\u00e9rez votre potentiel cr\u00e9atif\",\"potentialAction\":[{\"@type\":\"SearchAction\",\"target\":{\"@type\":\"EntryPoint\",\"urlTemplate\":\"https:\\\/\\\/www.swisscrochet.ch\\\/?s={search_term_string}\"},\"query-input\":{\"@type\":\"PropertyValueSpecification\",\"valueRequired\":true,\"valueName\":\"search_term_string\"}}],\"inLanguage\":\"fr-FR\"}]}<\/script>\n<!-- \/ Yoast SEO plugin. -->","yoast_head_json":{"title":"Laines du Nord - Teddy B &#171; Swiss Crochet","description":"D\u00e9couvrez Teddy B \u2013 un fil boucl\u00e9 ultra doux compos\u00e9 d\u2019alpaga, de polyamide et de laine sans mulesing. L\u00e9ger, moelleux et parfait pour des projets au crochet tout doux et confortables.","robots":{"index":"index","follow":"follow","max-snippet":"max-snippet:-1","max-image-preview":"max-image-preview:large","max-video-preview":"max-video-preview:-1"},"canonical":"https:\/\/www.swisscrochet.ch\/produit\/laines-du-nord-teddy-b\/","og_locale":"fr_FR","og_type":"article","og_title":"Laines du Nord - Teddy B &#171; Swiss Crochet","og_description":"D\u00e9couvrez Teddy B \u2013 un fil boucl\u00e9 ultra doux compos\u00e9 d\u2019alpaga, de polyamide et de laine sans mulesing. L\u00e9ger, moelleux et parfait pour des projets au crochet tout doux et confortables.","og_url":"https:\/\/www.swisscrochet.ch\/produit\/laines-du-nord-teddy-b\/","og_site_name":"Swiss Crochet","article_modified_time":"2025-11-01T19:20:55+00:00","og_image":[{"width":1000,"height":1000,"url":"https:\/\/www.swisscrochet.ch\/wp-content\/uploads\/2025\/11\/Laines-du-Nord-Teddy-B-Overview.jpg","type":"image\/jpeg"}],"twitter_card":"summary_large_image","twitter_misc":{"Dur\u00e9e de lecture estim\u00e9e":"1 minute"},"schema":{"@context":"https:\/\/schema.org","@graph":[{"@type":["WebPage","ItemPage"],"@id":"https:\/\/www.swisscrochet.ch\/produit\/laines-du-nord-teddy-b\/","url":"https:\/\/www.swisscrochet.ch\/produit\/laines-du-nord-teddy-b\/","name":"Laines du Nord - Teddy B &#171; Swiss Crochet","isPartOf":{"@id":"https:\/\/www.swisscrochet.ch\/#website"},"primaryImageOfPage":{"@id":"https:\/\/www.swisscrochet.ch\/produit\/laines-du-nord-teddy-b\/#primaryimage"},"image":{"@id":"https:\/\/www.swisscrochet.ch\/produit\/laines-du-nord-teddy-b\/#primaryimage"},"thumbnailUrl":"https:\/\/www.swisscrochet.ch\/wp-content\/uploads\/2025\/11\/Laines-du-Nord-Teddy-B-Overview.jpg","datePublished":"2025-11-01T18:31:31+00:00","dateModified":"2025-11-01T19:20:55+00:00","description":"D\u00e9couvrez Teddy B \u2013 un fil boucl\u00e9 ultra doux compos\u00e9 d\u2019alpaga, de polyamide et de laine sans mulesing. L\u00e9ger, moelleux et parfait pour des projets au crochet tout doux et confortables.","breadcrumb":{"@id":"https:\/\/www.swisscrochet.ch\/produit\/laines-du-nord-teddy-b\/#breadcrumb"},"inLanguage":"fr-FR","potentialAction":[{"@type":"ReadAction","target":["https:\/\/www.swisscrochet.ch\/produit\/laines-du-nord-teddy-b\/"]}]},{"@type":"ImageObject","inLanguage":"fr-FR","@id":"https:\/\/www.swisscrochet.ch\/produit\/laines-du-nord-teddy-b\/#primaryimage","url":"https:\/\/www.swisscrochet.ch\/wp-content\/uploads\/2025\/11\/Laines-du-Nord-Teddy-B-Overview.jpg","contentUrl":"https:\/\/www.swisscrochet.ch\/wp-content\/uploads\/2025\/11\/Laines-du-Nord-Teddy-B-Overview.jpg","width":1000,"height":1000},{"@type":"BreadcrumbList","@id":"https:\/\/www.swisscrochet.ch\/produit\/laines-du-nord-teddy-b\/#breadcrumb","itemListElement":[{"@type":"ListItem","position":1,"name":"Home","item":"https:\/\/www.swisscrochet.ch\/fr\/"},{"@type":"ListItem","position":2,"name":"Boutique","item":"https:\/\/www.swisscrochet.ch\/fr\/boutique\/"},{"@type":"ListItem","position":3,"name":"Laines du Nord &#8211; Teddy B"}]},{"@type":"WebSite","@id":"https:\/\/www.swisscrochet.ch\/#website","url":"https:\/\/www.swisscrochet.ch\/","name":"Swiss Crochet","description":"Lib\u00e9rez votre potentiel cr\u00e9atif","potentialAction":[{"@type":"SearchAction","target":{"@type":"EntryPoint","urlTemplate":"https:\/\/www.swisscrochet.ch\/?s={search_term_string}"},"query-input":{"@type":"PropertyValueSpecification","valueRequired":true,"valueName":"search_term_string"}}],"inLanguage":"fr-FR"}]}},"_links":{"self":[{"href":"https:\/\/www.swisscrochet.ch\/fr\/wp-json\/wp\/v2\/product\/14358","targetHints":{"allow":["GET"]}}],"collection":[{"href":"https:\/\/www.swisscrochet.ch\/fr\/wp-json\/wp\/v2\/product"}],"about":[{"href":"https:\/\/www.swisscrochet.ch\/fr\/wp-json\/wp\/v2\/types\/product"}],"wp:featuredmedia":[{"embeddable":true,"href":"https:\/\/www.swisscrochet.ch\/fr\/wp-json\/wp\/v2\/media\/14171"}],"wp:attachment":[{"href":"https:\/\/www.swisscrochet.ch\/fr\/wp-json\/wp\/v2\/media?parent=14358"}],"wp:term":[{"taxonomy":"product_brand","embeddable":true,"href":"https:\/\/www.swisscrochet.ch\/fr\/wp-json\/wp\/v2\/product_brand?post=14358"},{"taxonomy":"product_cat","embeddable":true,"href":"https:\/\/www.swisscrochet.ch\/fr\/wp-json\/wp\/v2\/product_cat?post=14358"},{"taxonomy":"product_tag","embeddable":true,"href":"https:\/\/www.swisscrochet.ch\/fr\/wp-json\/wp\/v2\/product_tag?post=14358"}],"curies":[{"name":"wp","href":"https:\/\/api.w.org\/{rel}","templated":true}]}}