{"id":14545,"date":"2025-11-02T18:00:14","date_gmt":"2025-11-02T17:00:14","guid":{"rendered":"https:\/\/www.swisscrochet.ch\/product\/hexagranny-cardigan-with-poema-yarn-kit\/"},"modified":"2025-12-11T19:14:41","modified_gmt":"2025-12-11T18:14:41","slug":"cardigan-hexagranny-avec-poema-kit-de-fil","status":"publish","type":"product","link":"https:\/\/www.swisscrochet.ch\/fr\/produit\/cardigan-hexagranny-avec-poema-kit-de-fil\/","title":{"rendered":"Cardigan HexaGranny avec Poema \u2013 Kit de fil"},"content":{"rendered":"","protected":false},"excerpt":{"rendered":"<p>Cr\u00e9ez votre propre cardigan HexaGranny \u00e9l\u00e9gant avec ce kit de fil complet. Les doux d\u00e9grad\u00e9s de Laines du Nord Poema donnent vie au cardigan avec de magnifiques transitions de couleurs fluides.<\/p>\n<p>Le mod\u00e8le pr\u00e9sent\u00e9 est r\u00e9alis\u00e9 en taille M\/L et utilise environ 400 g de fil (3 pelotes de Poema). Le patron est \u00e9crit pour des tailles personnalisables et comprend des instructions pour cinq tailles : XS\/S, M\/L, XL\/2XL, 3XL\/4XL et 5XL.<\/p>\n<p><strong>M\u00e9trage estim\u00e9 par taille :<\/strong><\/p>\n<ul>\n<li>XS\/S : 3 pelotes<\/li>\n<li>M\/L : 3 pelotes<\/li>\n<li>XL\/2XL : 4 pelotes<\/li>\n<li>3XL\/4XL : 4 pelotes<\/li>\n<li>5XL : 5 pelotes<\/li>\n<\/ul>\n<p><strong>Le kit comprend :<\/strong><\/p>\n<ul>\n<li>une copie num\u00e9rique du <a href=\"https:\/\/www.ravelry.com\/patterns\/library\/hexagranny-cardigan\">mod\u00e8le de crochet HexaGranny Cardigan de Toni Lipsey<\/a> (disponible en anglais, avec tutoriel vid\u00e9o \u00e9tape par \u00e9tape)<\/li>\n<li>le nombre requis de pelotes de Laines du Nord Poema dans la couleur de votre choix, selon la taille s\u00e9lectionn\u00e9e<\/li>\n<\/ul>\n<p>&#8211;&gt; Pour plus de commodit\u00e9, vous pouvez \u00e9galement ajouter un crochet de 3,00 mm \u00e0 votre kit.<\/p>\n<p>Tout ce dont vous avez besoin pour commencer votre prochain projet au crochet pr\u00e9f\u00e9r\u00e9 \u2013 simple, \u00e9l\u00e9gant et inspirant.<\/p>\n","protected":false},"featured_media":14485,"template":"","meta":[],"product_brand":[],"product_cat":[331,1671],"product_tag":[2096],"class_list":{"0":"post-14545","1":"product","2":"type-product","3":"status-publish","4":"has-post-thumbnail","6":"product_cat-kits-de-fils","7":"product_cat-kits-de-fils-vetements","8":"product_tag-poema","9":"description-off","11":"first","12":"instock","13":"virtual","14":"taxable","15":"purchasable","16":"product-type-bundle"},"bundled_by":[],"bundle_stock_status":"instock","bundle_stock_quantity":18,"bundle_virtual":false,"bundle_layout":"default","bundle_add_to_cart_form_location":"default","bundle_editable_in_cart":false,"bundle_sold_individually_context":"product","bundle_item_grouping":"parent","bundle_min_size":"","bundle_max_size":"","bundle_price":{"price":{"min":{"incl_tax":"89.5","excl_tax":"82.79"},"max":{"incl_tax":"","excl_tax":""}},"regular_price":{"min":{"incl_tax":"89.5","excl_tax":"82.79"},"max":{"incl_tax":"","excl_tax":""}}},"bundled_items":[{"bundled_item_id":525,"product_id":5961,"menu_order":0,"quantity_min":3,"quantity_max":"","quantity_default":3,"priced_individually":true,"shipped_individually":false,"override_title":false,"title":"Laines du Nord &#8211; Poema","override_description":true,"description":"Choisissez le nombre de pelotes en fonction de votre taille :\r\n<ul> <li>XS\/S : 3 pelotes<\/li> <li>M\/L : 3 pelotes<\/li> <li>XL\/2XL : 4 pelotes<\/li> <li>3XL\/4XL : 4 pelotes<\/li> <li>5XL : 5 pelotes<\/li> <\/ul>","optional":false,"hide_thumbnail":false,"discount":"","override_variations":false,"allowed_variations":[""],"override_default_variation_attributes":false,"default_variation_attributes":[],"single_product_visibility":"visible","cart_visibility":"visible","order_visibility":"visible","single_product_price_visibility":"visible","cart_price_visibility":"visible","order_price_visibility":"visible","stock_status":"in_stock"},{"bundled_item_id":526,"product_id":3501,"menu_order":1,"quantity_min":1,"quantity_max":1,"quantity_default":1,"priced_individually":true,"shipped_individually":false,"override_title":false,"title":"Tulip &#8211; Etimo Red &#8211; Crochet avec manche souple","override_description":true,"description":"","optional":true,"hide_thumbnail":false,"discount":"","override_variations":true,"allowed_variations":[3506],"override_default_variation_attributes":true,"default_variation_attributes":[{"id":0,"name":"Size","option":"3.00 mm"}],"single_product_visibility":"visible","cart_visibility":"visible","order_visibility":"visible","single_product_price_visibility":"visible","cart_price_visibility":"visible","order_price_visibility":"visible","stock_status":"in_stock"}],"bundle_sell_ids":[],"yoast_head":"<!-- This site is optimized with the Yoast SEO plugin v27.5 - https:\/\/yoast.com\/product\/yoast-seo-wordpress\/ -->\n<title>Cardigan HexaGranny avec Poema \u2013 Kit de fil &#171; Swiss Crochet<\/title>\n<meta name=\"description\" content=\"Cr\u00e9ez le cardigan HexaGranny avec ce kit complet ! Comprend le fil Poema, le mod\u00e8le num\u00e9rique de Toni Lipsey et, en option, un crochet de 3.00 mm.\" \/>\n<meta name=\"robots\" content=\"index, follow, max-snippet:-1, max-image-preview:large, max-video-preview:-1\" \/>\n<link rel=\"canonical\" href=\"https:\/\/www.swisscrochet.ch\/produit\/hexagranny-cardigan-with-poema-yarn-kit\/\" \/>\n<meta property=\"og:locale\" content=\"fr_FR\" \/>\n<meta property=\"og:type\" content=\"article\" \/>\n<meta property=\"og:title\" content=\"Cardigan HexaGranny avec Poema \u2013 Kit de fil &#171; Swiss Crochet\" \/>\n<meta property=\"og:description\" content=\"Cr\u00e9ez le cardigan HexaGranny avec ce kit complet ! Comprend le fil Poema, le mod\u00e8le num\u00e9rique de Toni Lipsey et, en option, un crochet de 3.00 mm.\" \/>\n<meta property=\"og:url\" content=\"https:\/\/www.swisscrochet.ch\/produit\/hexagranny-cardigan-with-poema-yarn-kit\/\" \/>\n<meta property=\"og:site_name\" content=\"Swiss Crochet\" \/>\n<meta property=\"article:modified_time\" content=\"2025-12-11T18:14:41+00:00\" \/>\n<meta property=\"og:image\" content=\"https:\/\/www.swisscrochet.ch\/wp-content\/uploads\/2025\/11\/Hexagranny-Cardigan-Poema-1.jpg\" \/>\n\t<meta property=\"og:image:width\" content=\"668\" \/>\n\t<meta property=\"og:image:height\" content=\"1000\" \/>\n\t<meta property=\"og:image:type\" content=\"image\/jpeg\" \/>\n<meta name=\"twitter:card\" content=\"summary_large_image\" \/>\n<meta name=\"twitter:label1\" content=\"Dur\u00e9e de lecture estim\u00e9e\" \/>\n\t<meta name=\"twitter:data1\" content=\"1 minute\" \/>\n<script type=\"application\/ld+json\" class=\"yoast-schema-graph\">{\"@context\":\"https:\\\/\\\/schema.org\",\"@graph\":[{\"@type\":[\"WebPage\",\"ItemPage\"],\"@id\":\"https:\\\/\\\/www.swisscrochet.ch\\\/produit\\\/hexagranny-cardigan-with-poema-yarn-kit\\\/\",\"url\":\"https:\\\/\\\/www.swisscrochet.ch\\\/produit\\\/hexagranny-cardigan-with-poema-yarn-kit\\\/\",\"name\":\"Cardigan HexaGranny avec Poema \u2013 Kit de fil &#171; Swiss Crochet\",\"isPartOf\":{\"@id\":\"https:\\\/\\\/www.swisscrochet.ch\\\/#website\"},\"primaryImageOfPage\":{\"@id\":\"https:\\\/\\\/www.swisscrochet.ch\\\/produit\\\/hexagranny-cardigan-with-poema-yarn-kit\\\/#primaryimage\"},\"image\":{\"@id\":\"https:\\\/\\\/www.swisscrochet.ch\\\/produit\\\/hexagranny-cardigan-with-poema-yarn-kit\\\/#primaryimage\"},\"thumbnailUrl\":\"https:\\\/\\\/www.swisscrochet.ch\\\/wp-content\\\/uploads\\\/2025\\\/11\\\/Hexagranny-Cardigan-Poema-1.jpg\",\"datePublished\":\"2025-11-02T17:00:14+00:00\",\"dateModified\":\"2025-12-11T18:14:41+00:00\",\"description\":\"Cr\u00e9ez le cardigan HexaGranny avec ce kit complet ! Comprend le fil Poema, le mod\u00e8le num\u00e9rique de Toni Lipsey et, en option, un crochet de 3.00 mm.\",\"breadcrumb\":{\"@id\":\"https:\\\/\\\/www.swisscrochet.ch\\\/produit\\\/hexagranny-cardigan-with-poema-yarn-kit\\\/#breadcrumb\"},\"inLanguage\":\"fr-FR\",\"potentialAction\":[{\"@type\":\"ReadAction\",\"target\":[\"https:\\\/\\\/www.swisscrochet.ch\\\/produit\\\/hexagranny-cardigan-with-poema-yarn-kit\\\/\"]}]},{\"@type\":\"ImageObject\",\"inLanguage\":\"fr-FR\",\"@id\":\"https:\\\/\\\/www.swisscrochet.ch\\\/produit\\\/hexagranny-cardigan-with-poema-yarn-kit\\\/#primaryimage\",\"url\":\"https:\\\/\\\/www.swisscrochet.ch\\\/wp-content\\\/uploads\\\/2025\\\/11\\\/Hexagranny-Cardigan-Poema-1.jpg\",\"contentUrl\":\"https:\\\/\\\/www.swisscrochet.ch\\\/wp-content\\\/uploads\\\/2025\\\/11\\\/Hexagranny-Cardigan-Poema-1.jpg\",\"width\":668,\"height\":1000},{\"@type\":\"BreadcrumbList\",\"@id\":\"https:\\\/\\\/www.swisscrochet.ch\\\/produit\\\/hexagranny-cardigan-with-poema-yarn-kit\\\/#breadcrumb\",\"itemListElement\":[{\"@type\":\"ListItem\",\"position\":1,\"name\":\"Home\",\"item\":\"https:\\\/\\\/www.swisscrochet.ch\\\/fr\\\/\"},{\"@type\":\"ListItem\",\"position\":2,\"name\":\"Boutique\",\"item\":\"https:\\\/\\\/www.swisscrochet.ch\\\/fr\\\/boutique\\\/\"},{\"@type\":\"ListItem\",\"position\":3,\"name\":\"Cardigan HexaGranny avec Poema \u2013 Kit de fil\"}]},{\"@type\":\"WebSite\",\"@id\":\"https:\\\/\\\/www.swisscrochet.ch\\\/#website\",\"url\":\"https:\\\/\\\/www.swisscrochet.ch\\\/\",\"name\":\"Swiss Crochet\",\"description\":\"Lib\u00e9rez votre potentiel cr\u00e9atif\",\"potentialAction\":[{\"@type\":\"SearchAction\",\"target\":{\"@type\":\"EntryPoint\",\"urlTemplate\":\"https:\\\/\\\/www.swisscrochet.ch\\\/?s={search_term_string}\"},\"query-input\":{\"@type\":\"PropertyValueSpecification\",\"valueRequired\":true,\"valueName\":\"search_term_string\"}}],\"inLanguage\":\"fr-FR\"}]}<\/script>\n<!-- \/ Yoast SEO plugin. -->","yoast_head_json":{"title":"Cardigan HexaGranny avec Poema \u2013 Kit de fil &#171; Swiss Crochet","description":"Cr\u00e9ez le cardigan HexaGranny avec ce kit complet ! Comprend le fil Poema, le mod\u00e8le num\u00e9rique de Toni Lipsey et, en option, un crochet de 3.00 mm.","robots":{"index":"index","follow":"follow","max-snippet":"max-snippet:-1","max-image-preview":"max-image-preview:large","max-video-preview":"max-video-preview:-1"},"canonical":"https:\/\/www.swisscrochet.ch\/produit\/hexagranny-cardigan-with-poema-yarn-kit\/","og_locale":"fr_FR","og_type":"article","og_title":"Cardigan HexaGranny avec Poema \u2013 Kit de fil &#171; Swiss Crochet","og_description":"Cr\u00e9ez le cardigan HexaGranny avec ce kit complet ! Comprend le fil Poema, le mod\u00e8le num\u00e9rique de Toni Lipsey et, en option, un crochet de 3.00 mm.","og_url":"https:\/\/www.swisscrochet.ch\/produit\/hexagranny-cardigan-with-poema-yarn-kit\/","og_site_name":"Swiss Crochet","article_modified_time":"2025-12-11T18:14:41+00:00","og_image":[{"width":668,"height":1000,"url":"https:\/\/www.swisscrochet.ch\/wp-content\/uploads\/2025\/11\/Hexagranny-Cardigan-Poema-1.jpg","type":"image\/jpeg"}],"twitter_card":"summary_large_image","twitter_misc":{"Dur\u00e9e de lecture estim\u00e9e":"1 minute"},"schema":{"@context":"https:\/\/schema.org","@graph":[{"@type":["WebPage","ItemPage"],"@id":"https:\/\/www.swisscrochet.ch\/produit\/hexagranny-cardigan-with-poema-yarn-kit\/","url":"https:\/\/www.swisscrochet.ch\/produit\/hexagranny-cardigan-with-poema-yarn-kit\/","name":"Cardigan HexaGranny avec Poema \u2013 Kit de fil &#171; Swiss Crochet","isPartOf":{"@id":"https:\/\/www.swisscrochet.ch\/#website"},"primaryImageOfPage":{"@id":"https:\/\/www.swisscrochet.ch\/produit\/hexagranny-cardigan-with-poema-yarn-kit\/#primaryimage"},"image":{"@id":"https:\/\/www.swisscrochet.ch\/produit\/hexagranny-cardigan-with-poema-yarn-kit\/#primaryimage"},"thumbnailUrl":"https:\/\/www.swisscrochet.ch\/wp-content\/uploads\/2025\/11\/Hexagranny-Cardigan-Poema-1.jpg","datePublished":"2025-11-02T17:00:14+00:00","dateModified":"2025-12-11T18:14:41+00:00","description":"Cr\u00e9ez le cardigan HexaGranny avec ce kit complet ! Comprend le fil Poema, le mod\u00e8le num\u00e9rique de Toni Lipsey et, en option, un crochet de 3.00 mm.","breadcrumb":{"@id":"https:\/\/www.swisscrochet.ch\/produit\/hexagranny-cardigan-with-poema-yarn-kit\/#breadcrumb"},"inLanguage":"fr-FR","potentialAction":[{"@type":"ReadAction","target":["https:\/\/www.swisscrochet.ch\/produit\/hexagranny-cardigan-with-poema-yarn-kit\/"]}]},{"@type":"ImageObject","inLanguage":"fr-FR","@id":"https:\/\/www.swisscrochet.ch\/produit\/hexagranny-cardigan-with-poema-yarn-kit\/#primaryimage","url":"https:\/\/www.swisscrochet.ch\/wp-content\/uploads\/2025\/11\/Hexagranny-Cardigan-Poema-1.jpg","contentUrl":"https:\/\/www.swisscrochet.ch\/wp-content\/uploads\/2025\/11\/Hexagranny-Cardigan-Poema-1.jpg","width":668,"height":1000},{"@type":"BreadcrumbList","@id":"https:\/\/www.swisscrochet.ch\/produit\/hexagranny-cardigan-with-poema-yarn-kit\/#breadcrumb","itemListElement":[{"@type":"ListItem","position":1,"name":"Home","item":"https:\/\/www.swisscrochet.ch\/fr\/"},{"@type":"ListItem","position":2,"name":"Boutique","item":"https:\/\/www.swisscrochet.ch\/fr\/boutique\/"},{"@type":"ListItem","position":3,"name":"Cardigan HexaGranny avec Poema \u2013 Kit de fil"}]},{"@type":"WebSite","@id":"https:\/\/www.swisscrochet.ch\/#website","url":"https:\/\/www.swisscrochet.ch\/","name":"Swiss Crochet","description":"Lib\u00e9rez votre potentiel cr\u00e9atif","potentialAction":[{"@type":"SearchAction","target":{"@type":"EntryPoint","urlTemplate":"https:\/\/www.swisscrochet.ch\/?s={search_term_string}"},"query-input":{"@type":"PropertyValueSpecification","valueRequired":true,"valueName":"search_term_string"}}],"inLanguage":"fr-FR"}]}},"_links":{"self":[{"href":"https:\/\/www.swisscrochet.ch\/fr\/wp-json\/wp\/v2\/product\/14545","targetHints":{"allow":["GET"]}}],"collection":[{"href":"https:\/\/www.swisscrochet.ch\/fr\/wp-json\/wp\/v2\/product"}],"about":[{"href":"https:\/\/www.swisscrochet.ch\/fr\/wp-json\/wp\/v2\/types\/product"}],"wp:featuredmedia":[{"embeddable":true,"href":"https:\/\/www.swisscrochet.ch\/fr\/wp-json\/wp\/v2\/media\/14485"}],"wp:attachment":[{"href":"https:\/\/www.swisscrochet.ch\/fr\/wp-json\/wp\/v2\/media?parent=14545"}],"wp:term":[{"taxonomy":"product_brand","embeddable":true,"href":"https:\/\/www.swisscrochet.ch\/fr\/wp-json\/wp\/v2\/product_brand?post=14545"},{"taxonomy":"product_cat","embeddable":true,"href":"https:\/\/www.swisscrochet.ch\/fr\/wp-json\/wp\/v2\/product_cat?post=14545"},{"taxonomy":"product_tag","embeddable":true,"href":"https:\/\/www.swisscrochet.ch\/fr\/wp-json\/wp\/v2\/product_tag?post=14545"}],"curies":[{"name":"wp","href":"https:\/\/api.w.org\/{rel}","templated":true}]}}