{"id":14783,"date":"2025-11-04T11:57:53","date_gmt":"2025-11-04T10:57:53","guid":{"rendered":"https:\/\/www.swisscrochet.ch\/product\/metal-rings-thick-1-piece\/"},"modified":"2025-11-04T12:03:08","modified_gmt":"2025-11-04T11:03:08","slug":"anneaux-metalliques-epais-1-piece","status":"publish","type":"product","link":"https:\/\/www.swisscrochet.ch\/fr\/produit\/anneaux-metalliques-epais-1-piece\/","title":{"rendered":"Anneaux m\u00e9talliques \u00e9pais \u2013 1 pi\u00e8ce"},"content":{"rendered":"","protected":false},"excerpt":{"rendered":"<p>Les anneaux m\u00e9talliques \u00e9pais sont des anneaux ronds et solides, parfaits pour apporter structure et style \u00e0 vos cr\u00e9ations faites main. Leur design robuste et \u00e9pais les rend id\u00e9aux comme poign\u00e9es de sac ou comme base pour des projets de d\u00e9coration int\u00e9rieure tels que suspensions murales, macram\u00e9 ou cr\u00e9ations au crochet.<\/p>\n<p>Ces anneaux polyvalents peuvent \u00eatre fix\u00e9s avec du mat\u00e9riel ou cousus directement sur des pi\u00e8ces au crochet, offrant ainsi de nombreuses possibilit\u00e9s cr\u00e9atives.<\/p>\n<p>Disponibles en diff\u00e9rentes tailles et couleurs pour s\u2019adapter \u00e0 tous les projets.<\/p>\n<p>Chaque anneau est fourni \u00e0 l\u2019unit\u00e9.<\/p>\n<p>Ajoutez solidit\u00e9 et style \u00e0 votre prochaine cr\u00e9ation \u2013 choisissez votre anneau m\u00e9tallique \u00e9pais pr\u00e9f\u00e9r\u00e9 et commencez \u00e0 cr\u00e9er d\u00e8s aujourd\u2019hui !<\/p>\n","protected":false},"featured_media":14631,"template":"","meta":[],"product_brand":[],"product_cat":[560,221,1556],"product_tag":[],"class_list":{"0":"post-14783","1":"product","2":"type-product","3":"status-publish","4":"has-post-thumbnail","6":"product_cat-autres-accessoires","7":"product_cat-crochets-et-outils","8":"product_cat-outils-pour-sacs","9":"product_shipping_class-petits-envois","10":"description-off","12":"first","13":"instock","14":"taxable","15":"shipping-taxable","16":"purchasable","17":"product-type-variable","18":"wvs-archive-product-wrapper"},"bundled_by":["25451"],"bundle_stock_status":"instock","bundle_stock_quantity":null,"bundle_virtual":false,"bundle_layout":"","bundle_add_to_cart_form_location":"","bundle_editable_in_cart":false,"bundle_sold_individually_context":"","bundle_item_grouping":"","bundle_min_size":"","bundle_max_size":"","bundle_price":[],"bundled_items":[],"bundle_sell_ids":[],"yoast_head":"<!-- This site is optimized with the Yoast SEO plugin v27.5 - https:\/\/yoast.com\/product\/yoast-seo-wordpress\/ -->\n<title>Anneaux m\u00e9talliques \u00e9pais \u2013 1 pi\u00e8ce &#171; Swiss Crochet<\/title>\n<meta name=\"description\" content=\"Anneaux m\u00e9talliques \u00e9pais et solides pour sacs ou articles de d\u00e9coration int\u00e9rieure. Faciles \u00e0 coudre ou \u00e0 fixer sur des pi\u00e8ces au crochet. Disponibles en plusieurs tailles et coloris. Fournis \u00e0 l\u2019unit\u00e9.\" \/>\n<meta name=\"robots\" content=\"index, follow, max-snippet:-1, max-image-preview:large, max-video-preview:-1\" \/>\n<link rel=\"canonical\" href=\"https:\/\/www.swisscrochet.ch\/produit\/metal-rings-thick-1-piece\/\" \/>\n<meta property=\"og:locale\" content=\"fr_FR\" \/>\n<meta property=\"og:type\" content=\"article\" \/>\n<meta property=\"og:title\" content=\"Anneaux m\u00e9talliques \u00e9pais \u2013 1 pi\u00e8ce &#171; Swiss Crochet\" \/>\n<meta property=\"og:description\" content=\"Anneaux m\u00e9talliques \u00e9pais et solides pour sacs ou articles de d\u00e9coration int\u00e9rieure. Faciles \u00e0 coudre ou \u00e0 fixer sur des pi\u00e8ces au crochet. Disponibles en plusieurs tailles et coloris. Fournis \u00e0 l\u2019unit\u00e9.\" \/>\n<meta property=\"og:url\" content=\"https:\/\/www.swisscrochet.ch\/produit\/metal-rings-thick-1-piece\/\" \/>\n<meta property=\"og:site_name\" content=\"Swiss Crochet\" \/>\n<meta property=\"article:modified_time\" content=\"2025-11-04T11:03:08+00:00\" \/>\n<meta property=\"og:image\" content=\"https:\/\/www.swisscrochet.ch\/wp-content\/uploads\/2025\/11\/Metal-Rings-Thick-Overview.jpg\" \/>\n\t<meta property=\"og:image:width\" content=\"1000\" \/>\n\t<meta property=\"og:image:height\" content=\"1000\" \/>\n\t<meta property=\"og:image:type\" content=\"image\/jpeg\" \/>\n<meta name=\"twitter:card\" content=\"summary_large_image\" \/>\n<meta name=\"twitter:label1\" content=\"Dur\u00e9e de lecture estim\u00e9e\" \/>\n\t<meta name=\"twitter:data1\" content=\"1 minute\" \/>\n<script type=\"application\/ld+json\" class=\"yoast-schema-graph\">{\"@context\":\"https:\\\/\\\/schema.org\",\"@graph\":[{\"@type\":[\"WebPage\",\"ItemPage\"],\"@id\":\"https:\\\/\\\/www.swisscrochet.ch\\\/produit\\\/metal-rings-thick-1-piece\\\/\",\"url\":\"https:\\\/\\\/www.swisscrochet.ch\\\/produit\\\/metal-rings-thick-1-piece\\\/\",\"name\":\"Anneaux m\u00e9talliques \u00e9pais \u2013 1 pi\u00e8ce &#171; Swiss Crochet\",\"isPartOf\":{\"@id\":\"https:\\\/\\\/www.swisscrochet.ch\\\/#website\"},\"primaryImageOfPage\":{\"@id\":\"https:\\\/\\\/www.swisscrochet.ch\\\/produit\\\/metal-rings-thick-1-piece\\\/#primaryimage\"},\"image\":{\"@id\":\"https:\\\/\\\/www.swisscrochet.ch\\\/produit\\\/metal-rings-thick-1-piece\\\/#primaryimage\"},\"thumbnailUrl\":\"https:\\\/\\\/www.swisscrochet.ch\\\/wp-content\\\/uploads\\\/2025\\\/11\\\/Metal-Rings-Thick-Overview.jpg\",\"datePublished\":\"2025-11-04T10:57:53+00:00\",\"dateModified\":\"2025-11-04T11:03:08+00:00\",\"description\":\"Anneaux m\u00e9talliques \u00e9pais et solides pour sacs ou articles de d\u00e9coration int\u00e9rieure. Faciles \u00e0 coudre ou \u00e0 fixer sur des pi\u00e8ces au crochet. Disponibles en plusieurs tailles et coloris. Fournis \u00e0 l\u2019unit\u00e9.\",\"breadcrumb\":{\"@id\":\"https:\\\/\\\/www.swisscrochet.ch\\\/produit\\\/metal-rings-thick-1-piece\\\/#breadcrumb\"},\"inLanguage\":\"fr-FR\",\"potentialAction\":[{\"@type\":\"ReadAction\",\"target\":[\"https:\\\/\\\/www.swisscrochet.ch\\\/produit\\\/metal-rings-thick-1-piece\\\/\"]}]},{\"@type\":\"ImageObject\",\"inLanguage\":\"fr-FR\",\"@id\":\"https:\\\/\\\/www.swisscrochet.ch\\\/produit\\\/metal-rings-thick-1-piece\\\/#primaryimage\",\"url\":\"https:\\\/\\\/www.swisscrochet.ch\\\/wp-content\\\/uploads\\\/2025\\\/11\\\/Metal-Rings-Thick-Overview.jpg\",\"contentUrl\":\"https:\\\/\\\/www.swisscrochet.ch\\\/wp-content\\\/uploads\\\/2025\\\/11\\\/Metal-Rings-Thick-Overview.jpg\",\"width\":1000,\"height\":1000},{\"@type\":\"BreadcrumbList\",\"@id\":\"https:\\\/\\\/www.swisscrochet.ch\\\/produit\\\/metal-rings-thick-1-piece\\\/#breadcrumb\",\"itemListElement\":[{\"@type\":\"ListItem\",\"position\":1,\"name\":\"Home\",\"item\":\"https:\\\/\\\/www.swisscrochet.ch\\\/fr\\\/\"},{\"@type\":\"ListItem\",\"position\":2,\"name\":\"Boutique\",\"item\":\"https:\\\/\\\/www.swisscrochet.ch\\\/fr\\\/boutique\\\/\"},{\"@type\":\"ListItem\",\"position\":3,\"name\":\"Anneaux m\u00e9talliques \u00e9pais \u2013 1 pi\u00e8ce\"}]},{\"@type\":\"WebSite\",\"@id\":\"https:\\\/\\\/www.swisscrochet.ch\\\/#website\",\"url\":\"https:\\\/\\\/www.swisscrochet.ch\\\/\",\"name\":\"Swiss Crochet\",\"description\":\"Lib\u00e9rez votre potentiel cr\u00e9atif\",\"potentialAction\":[{\"@type\":\"SearchAction\",\"target\":{\"@type\":\"EntryPoint\",\"urlTemplate\":\"https:\\\/\\\/www.swisscrochet.ch\\\/?s={search_term_string}\"},\"query-input\":{\"@type\":\"PropertyValueSpecification\",\"valueRequired\":true,\"valueName\":\"search_term_string\"}}],\"inLanguage\":\"fr-FR\"}]}<\/script>\n<!-- \/ Yoast SEO plugin. -->","yoast_head_json":{"title":"Anneaux m\u00e9talliques \u00e9pais \u2013 1 pi\u00e8ce &#171; Swiss Crochet","description":"Anneaux m\u00e9talliques \u00e9pais et solides pour sacs ou articles de d\u00e9coration int\u00e9rieure. Faciles \u00e0 coudre ou \u00e0 fixer sur des pi\u00e8ces au crochet. Disponibles en plusieurs tailles et coloris. Fournis \u00e0 l\u2019unit\u00e9.","robots":{"index":"index","follow":"follow","max-snippet":"max-snippet:-1","max-image-preview":"max-image-preview:large","max-video-preview":"max-video-preview:-1"},"canonical":"https:\/\/www.swisscrochet.ch\/produit\/metal-rings-thick-1-piece\/","og_locale":"fr_FR","og_type":"article","og_title":"Anneaux m\u00e9talliques \u00e9pais \u2013 1 pi\u00e8ce &#171; Swiss Crochet","og_description":"Anneaux m\u00e9talliques \u00e9pais et solides pour sacs ou articles de d\u00e9coration int\u00e9rieure. Faciles \u00e0 coudre ou \u00e0 fixer sur des pi\u00e8ces au crochet. Disponibles en plusieurs tailles et coloris. Fournis \u00e0 l\u2019unit\u00e9.","og_url":"https:\/\/www.swisscrochet.ch\/produit\/metal-rings-thick-1-piece\/","og_site_name":"Swiss Crochet","article_modified_time":"2025-11-04T11:03:08+00:00","og_image":[{"width":1000,"height":1000,"url":"https:\/\/www.swisscrochet.ch\/wp-content\/uploads\/2025\/11\/Metal-Rings-Thick-Overview.jpg","type":"image\/jpeg"}],"twitter_card":"summary_large_image","twitter_misc":{"Dur\u00e9e de lecture estim\u00e9e":"1 minute"},"schema":{"@context":"https:\/\/schema.org","@graph":[{"@type":["WebPage","ItemPage"],"@id":"https:\/\/www.swisscrochet.ch\/produit\/metal-rings-thick-1-piece\/","url":"https:\/\/www.swisscrochet.ch\/produit\/metal-rings-thick-1-piece\/","name":"Anneaux m\u00e9talliques \u00e9pais \u2013 1 pi\u00e8ce &#171; Swiss Crochet","isPartOf":{"@id":"https:\/\/www.swisscrochet.ch\/#website"},"primaryImageOfPage":{"@id":"https:\/\/www.swisscrochet.ch\/produit\/metal-rings-thick-1-piece\/#primaryimage"},"image":{"@id":"https:\/\/www.swisscrochet.ch\/produit\/metal-rings-thick-1-piece\/#primaryimage"},"thumbnailUrl":"https:\/\/www.swisscrochet.ch\/wp-content\/uploads\/2025\/11\/Metal-Rings-Thick-Overview.jpg","datePublished":"2025-11-04T10:57:53+00:00","dateModified":"2025-11-04T11:03:08+00:00","description":"Anneaux m\u00e9talliques \u00e9pais et solides pour sacs ou articles de d\u00e9coration int\u00e9rieure. Faciles \u00e0 coudre ou \u00e0 fixer sur des pi\u00e8ces au crochet. Disponibles en plusieurs tailles et coloris. Fournis \u00e0 l\u2019unit\u00e9.","breadcrumb":{"@id":"https:\/\/www.swisscrochet.ch\/produit\/metal-rings-thick-1-piece\/#breadcrumb"},"inLanguage":"fr-FR","potentialAction":[{"@type":"ReadAction","target":["https:\/\/www.swisscrochet.ch\/produit\/metal-rings-thick-1-piece\/"]}]},{"@type":"ImageObject","inLanguage":"fr-FR","@id":"https:\/\/www.swisscrochet.ch\/produit\/metal-rings-thick-1-piece\/#primaryimage","url":"https:\/\/www.swisscrochet.ch\/wp-content\/uploads\/2025\/11\/Metal-Rings-Thick-Overview.jpg","contentUrl":"https:\/\/www.swisscrochet.ch\/wp-content\/uploads\/2025\/11\/Metal-Rings-Thick-Overview.jpg","width":1000,"height":1000},{"@type":"BreadcrumbList","@id":"https:\/\/www.swisscrochet.ch\/produit\/metal-rings-thick-1-piece\/#breadcrumb","itemListElement":[{"@type":"ListItem","position":1,"name":"Home","item":"https:\/\/www.swisscrochet.ch\/fr\/"},{"@type":"ListItem","position":2,"name":"Boutique","item":"https:\/\/www.swisscrochet.ch\/fr\/boutique\/"},{"@type":"ListItem","position":3,"name":"Anneaux m\u00e9talliques \u00e9pais \u2013 1 pi\u00e8ce"}]},{"@type":"WebSite","@id":"https:\/\/www.swisscrochet.ch\/#website","url":"https:\/\/www.swisscrochet.ch\/","name":"Swiss Crochet","description":"Lib\u00e9rez votre potentiel cr\u00e9atif","potentialAction":[{"@type":"SearchAction","target":{"@type":"EntryPoint","urlTemplate":"https:\/\/www.swisscrochet.ch\/?s={search_term_string}"},"query-input":{"@type":"PropertyValueSpecification","valueRequired":true,"valueName":"search_term_string"}}],"inLanguage":"fr-FR"}]}},"_links":{"self":[{"href":"https:\/\/www.swisscrochet.ch\/fr\/wp-json\/wp\/v2\/product\/14783","targetHints":{"allow":["GET"]}}],"collection":[{"href":"https:\/\/www.swisscrochet.ch\/fr\/wp-json\/wp\/v2\/product"}],"about":[{"href":"https:\/\/www.swisscrochet.ch\/fr\/wp-json\/wp\/v2\/types\/product"}],"wp:featuredmedia":[{"embeddable":true,"href":"https:\/\/www.swisscrochet.ch\/fr\/wp-json\/wp\/v2\/media\/14631"}],"wp:attachment":[{"href":"https:\/\/www.swisscrochet.ch\/fr\/wp-json\/wp\/v2\/media?parent=14783"}],"wp:term":[{"taxonomy":"product_brand","embeddable":true,"href":"https:\/\/www.swisscrochet.ch\/fr\/wp-json\/wp\/v2\/product_brand?post=14783"},{"taxonomy":"product_cat","embeddable":true,"href":"https:\/\/www.swisscrochet.ch\/fr\/wp-json\/wp\/v2\/product_cat?post=14783"},{"taxonomy":"product_tag","embeddable":true,"href":"https:\/\/www.swisscrochet.ch\/fr\/wp-json\/wp\/v2\/product_tag?post=14783"}],"curies":[{"name":"wp","href":"https:\/\/api.w.org\/{rel}","templated":true}]}}