{"id":14816,"date":"2025-11-04T12:54:49","date_gmt":"2025-11-04T11:54:49","guid":{"rendered":"https:\/\/www.swisscrochet.ch\/product\/amigurumi-gnomes-mufficorn\/"},"modified":"2026-04-16T14:13:05","modified_gmt":"2026-04-16T12:13:05","slug":"amigurumi-gnomes-mufficorn","status":"publish","type":"product","link":"https:\/\/www.swisscrochet.ch\/fr\/produit\/amigurumi-gnomes-mufficorn\/","title":{"rendered":"Amigurumi Gnomes &#8211; Mufficorn"},"content":{"rendered":"","protected":false},"excerpt":{"rendered":"<p>\u00c0 la recherche d&rsquo;un patron de crochet pour offrir un amigurumi original \u00e0 un proche ? Ce livre de crochet est la r\u00e9f\u00e9rence qu\u2019il vous faut !<\/p>\n<p>Au fil des 116 pages, vous d\u00e9couvrirez une collection de personnages irr\u00e9sistibles \u00e0 crocheter tout au long de l&rsquo;ann\u00e9e, en 2 versions (petite et grande taille) :<\/p>\n<ul>\n<li>Petit et grand lapin<\/li>\n<li>Petite et grande orange<\/li>\n<li>Petit et grand \u00e9colier<\/li>\n<li>Petit et grand citron<\/li>\n<li>Petit et grand p\u00e8re No\u00ebl<\/li>\n<li>Petite et grande tulipe<\/li>\n<li>Petit et grand Halloween\u2026<\/li>\n<\/ul>\n<p>Du printemps revigorant aux joyeuses f\u00eates de fin d&rsquo;ann\u00e9e, en passant par les journ\u00e9es estivales gorg\u00e9es de soleil, ces 24 gnomes crochet\u00e9s deviendront des cadeaux sensationnels \u00e0 personnaliser : d\u00e9corations de saison, jouets\u2026 Votre entourage va les adorer !<\/p>\n<p><strong>Crocheter un amigurumi gnome : facile pour tous les adeptes<\/strong><\/p>\n<p>Bonne nouvelle : ces amigurumis originaux sont \u00e0 la port\u00e9e de tous, que vous soyez novice en crochet ou plus exp\u00e9riment\u00e9 !<\/p>\n<p>M\u00eame pour les d\u00e9butants, ces mod\u00e8les sont rapides et faciles \u00e0 crocheter gr\u00e2ce \u00e0 :<br \/>\nLes points de base du crochet expliqu\u00e9s via des textes et sch\u00e9mas pas \u00e0 pas. En bonus, scannez les QR codes pour acc\u00e9der aux tutoriels vid\u00e9o de chaque point !<\/p>\n<p>Des instructions d\u00e9taill\u00e9es avec des pas \u00e0 pas photos pour chaque projet.<\/p>\n<p>Vous disposez \u00e9galement des explications pour transformer ces petits personnages en porte-cl\u00e9s, ajouter des jambes\u2026 Des variations bienvenues pour lib\u00e9rer votre cr\u00e9ativit\u00e9 et donner vie \u00e0 vos propres gnomes !<\/p>\n<p>Langue : Fran\u00e7ais<\/p>\n","protected":false},"featured_media":11888,"template":"","meta":[],"product_brand":[],"product_cat":[1424,208],"product_tag":[],"class_list":{"0":"post-14816","1":"product","2":"type-product","3":"status-publish","4":"has-post-thumbnail","6":"product_cat-amigurumi-fr","7":"product_cat-livres","8":"pa_b1-language-francais","9":"pa_b11-author-designer-mufficorn","10":"description-off","12":"first","13":"instock","14":"taxable","15":"shipping-taxable","16":"purchasable","17":"product-type-simple"},"bundled_by":[],"bundle_stock_status":"instock","bundle_stock_quantity":1,"bundle_virtual":false,"bundle_layout":"","bundle_add_to_cart_form_location":"","bundle_editable_in_cart":false,"bundle_sold_individually_context":"","bundle_item_grouping":"","bundle_min_size":"","bundle_max_size":"","bundle_price":[],"bundled_items":[],"bundle_sell_ids":[],"yoast_head":"<!-- This site is optimized with the Yoast SEO plugin v27.4 - https:\/\/yoast.com\/product\/yoast-seo-wordpress\/ -->\n<title>Amigurumi Gnomes - Mufficorn &#171; Swiss Crochet<\/title>\n<meta name=\"robots\" content=\"index, follow, max-snippet:-1, max-image-preview:large, max-video-preview:-1\" \/>\n<link rel=\"canonical\" href=\"https:\/\/www.swisscrochet.ch\/fr\/produit\/amigurumi-gnomes-mufficorn\/\" \/>\n<meta property=\"og:locale\" content=\"fr_FR\" \/>\n<meta property=\"og:type\" content=\"article\" \/>\n<meta property=\"og:title\" content=\"Amigurumi Gnomes - Mufficorn &#171; Swiss Crochet\" \/>\n<meta property=\"og:description\" content=\"\u00c0 la recherche d&#039;un patron de crochet pour offrir un amigurumi original \u00e0 un proche ? Ce livre de crochet est la r\u00e9f\u00e9rence qu\u2019il vous faut !  Au fil des 116 pages, vous d\u00e9couvrirez une collection de personnages irr\u00e9sistibles \u00e0 crocheter tout au long de l&#039;ann\u00e9e, en 2 versions (petite et grande taille) :   Petit et grand lapin  Petite et grande orange  Petit et grand \u00e9colier  Petit et grand citron  Petit et grand p\u00e8re No\u00ebl  Petite et grande tulipe  Petit et grand Halloween\u2026  Du printemps revigorant aux joyeuses f\u00eates de fin d&#039;ann\u00e9e, en passant par les journ\u00e9es estivales gorg\u00e9es de soleil, ces 24 gnomes crochet\u00e9s deviendront des cadeaux sensationnels \u00e0 personnaliser : d\u00e9corations de saison, jouets\u2026 Votre entourage va les adorer !  Crocheter un amigurumi gnome : facile pour tous les adeptes  Bonne nouvelle : ces amigurumis originaux sont \u00e0 la port\u00e9e de tous, que vous soyez novice en crochet ou plus exp\u00e9riment\u00e9 !  M\u00eame pour les d\u00e9butants, ces mod\u00e8les sont rapides et faciles \u00e0 crocheter gr\u00e2ce \u00e0 : Les points de base du crochet expliqu\u00e9s via des textes et sch\u00e9mas pas \u00e0 pas. En bonus, scannez les QR codes pour acc\u00e9der aux tutoriels vid\u00e9o de chaque point !  Des instructions d\u00e9taill\u00e9es avec des pas \u00e0 pas photos pour chaque projet.  Vous disposez \u00e9galement des explications pour transformer ces petits personnages en porte-cl\u00e9s, ajouter des jambes\u2026 Des variations bienvenues pour lib\u00e9rer votre cr\u00e9ativit\u00e9 et donner vie \u00e0 vos propres gnomes !  Langue : Fran\u00e7ais\" \/>\n<meta property=\"og:url\" content=\"https:\/\/www.swisscrochet.ch\/fr\/produit\/amigurumi-gnomes-mufficorn\/\" \/>\n<meta property=\"og:site_name\" content=\"Swiss Crochet\" \/>\n<meta property=\"article:modified_time\" content=\"2026-04-16T12:13:05+00:00\" \/>\n<meta property=\"og:image\" content=\"https:\/\/www.swisscrochet.ch\/wp-content\/uploads\/2025\/10\/Amigurumi-Gnomes-Overview.jpg\" \/>\n\t<meta property=\"og:image:width\" content=\"1000\" \/>\n\t<meta property=\"og:image:height\" content=\"1000\" \/>\n\t<meta property=\"og:image:type\" content=\"image\/jpeg\" \/>\n<meta name=\"twitter:card\" content=\"summary_large_image\" \/>\n<meta name=\"twitter:label1\" content=\"Dur\u00e9e de lecture estim\u00e9e\" \/>\n\t<meta name=\"twitter:data1\" content=\"1 minute\" \/>\n<script type=\"application\/ld+json\" class=\"yoast-schema-graph\">{\"@context\":\"https:\\\/\\\/schema.org\",\"@graph\":[{\"@type\":[\"WebPage\",\"ItemPage\"],\"@id\":\"https:\\\/\\\/www.swisscrochet.ch\\\/fr\\\/produit\\\/amigurumi-gnomes-mufficorn\\\/\",\"url\":\"https:\\\/\\\/www.swisscrochet.ch\\\/fr\\\/produit\\\/amigurumi-gnomes-mufficorn\\\/\",\"name\":\"Amigurumi Gnomes - Mufficorn &#171; Swiss Crochet\",\"isPartOf\":{\"@id\":\"https:\\\/\\\/www.swisscrochet.ch\\\/#website\"},\"primaryImageOfPage\":{\"@id\":\"https:\\\/\\\/www.swisscrochet.ch\\\/fr\\\/produit\\\/amigurumi-gnomes-mufficorn\\\/#primaryimage\"},\"image\":{\"@id\":\"https:\\\/\\\/www.swisscrochet.ch\\\/fr\\\/produit\\\/amigurumi-gnomes-mufficorn\\\/#primaryimage\"},\"thumbnailUrl\":\"https:\\\/\\\/www.swisscrochet.ch\\\/wp-content\\\/uploads\\\/2025\\\/10\\\/Amigurumi-Gnomes-Overview.jpg\",\"datePublished\":\"2025-11-04T11:54:49+00:00\",\"dateModified\":\"2026-04-16T12:13:05+00:00\",\"breadcrumb\":{\"@id\":\"https:\\\/\\\/www.swisscrochet.ch\\\/fr\\\/produit\\\/amigurumi-gnomes-mufficorn\\\/#breadcrumb\"},\"inLanguage\":\"fr-FR\",\"potentialAction\":[{\"@type\":\"ReadAction\",\"target\":[\"https:\\\/\\\/www.swisscrochet.ch\\\/fr\\\/produit\\\/amigurumi-gnomes-mufficorn\\\/\"]}]},{\"@type\":\"ImageObject\",\"inLanguage\":\"fr-FR\",\"@id\":\"https:\\\/\\\/www.swisscrochet.ch\\\/fr\\\/produit\\\/amigurumi-gnomes-mufficorn\\\/#primaryimage\",\"url\":\"https:\\\/\\\/www.swisscrochet.ch\\\/wp-content\\\/uploads\\\/2025\\\/10\\\/Amigurumi-Gnomes-Overview.jpg\",\"contentUrl\":\"https:\\\/\\\/www.swisscrochet.ch\\\/wp-content\\\/uploads\\\/2025\\\/10\\\/Amigurumi-Gnomes-Overview.jpg\",\"width\":1000,\"height\":1000},{\"@type\":\"BreadcrumbList\",\"@id\":\"https:\\\/\\\/www.swisscrochet.ch\\\/fr\\\/produit\\\/amigurumi-gnomes-mufficorn\\\/#breadcrumb\",\"itemListElement\":[{\"@type\":\"ListItem\",\"position\":1,\"name\":\"Home\",\"item\":\"https:\\\/\\\/www.swisscrochet.ch\\\/fr\\\/\"},{\"@type\":\"ListItem\",\"position\":2,\"name\":\"Boutique\",\"item\":\"https:\\\/\\\/www.swisscrochet.ch\\\/fr\\\/boutique\\\/\"},{\"@type\":\"ListItem\",\"position\":3,\"name\":\"Amigurumi Gnomes &#8211; Mufficorn\"}]},{\"@type\":\"WebSite\",\"@id\":\"https:\\\/\\\/www.swisscrochet.ch\\\/#website\",\"url\":\"https:\\\/\\\/www.swisscrochet.ch\\\/\",\"name\":\"Swiss Crochet\",\"description\":\"Lib\u00e9rez votre potentiel cr\u00e9atif\",\"potentialAction\":[{\"@type\":\"SearchAction\",\"target\":{\"@type\":\"EntryPoint\",\"urlTemplate\":\"https:\\\/\\\/www.swisscrochet.ch\\\/?s={search_term_string}\"},\"query-input\":{\"@type\":\"PropertyValueSpecification\",\"valueRequired\":true,\"valueName\":\"search_term_string\"}}],\"inLanguage\":\"fr-FR\"}]}<\/script>\n<!-- \/ Yoast SEO plugin. -->","yoast_head_json":{"title":"Amigurumi Gnomes - Mufficorn &#171; Swiss Crochet","robots":{"index":"index","follow":"follow","max-snippet":"max-snippet:-1","max-image-preview":"max-image-preview:large","max-video-preview":"max-video-preview:-1"},"canonical":"https:\/\/www.swisscrochet.ch\/fr\/produit\/amigurumi-gnomes-mufficorn\/","og_locale":"fr_FR","og_type":"article","og_title":"Amigurumi Gnomes - Mufficorn &#171; Swiss Crochet","og_description":"\u00c0 la recherche d'un patron de crochet pour offrir un amigurumi original \u00e0 un proche ? Ce livre de crochet est la r\u00e9f\u00e9rence qu\u2019il vous faut !  Au fil des 116 pages, vous d\u00e9couvrirez une collection de personnages irr\u00e9sistibles \u00e0 crocheter tout au long de l'ann\u00e9e, en 2 versions (petite et grande taille) :   Petit et grand lapin  Petite et grande orange  Petit et grand \u00e9colier  Petit et grand citron  Petit et grand p\u00e8re No\u00ebl  Petite et grande tulipe  Petit et grand Halloween\u2026  Du printemps revigorant aux joyeuses f\u00eates de fin d'ann\u00e9e, en passant par les journ\u00e9es estivales gorg\u00e9es de soleil, ces 24 gnomes crochet\u00e9s deviendront des cadeaux sensationnels \u00e0 personnaliser : d\u00e9corations de saison, jouets\u2026 Votre entourage va les adorer !  Crocheter un amigurumi gnome : facile pour tous les adeptes  Bonne nouvelle : ces amigurumis originaux sont \u00e0 la port\u00e9e de tous, que vous soyez novice en crochet ou plus exp\u00e9riment\u00e9 !  M\u00eame pour les d\u00e9butants, ces mod\u00e8les sont rapides et faciles \u00e0 crocheter gr\u00e2ce \u00e0 : Les points de base du crochet expliqu\u00e9s via des textes et sch\u00e9mas pas \u00e0 pas. En bonus, scannez les QR codes pour acc\u00e9der aux tutoriels vid\u00e9o de chaque point !  Des instructions d\u00e9taill\u00e9es avec des pas \u00e0 pas photos pour chaque projet.  Vous disposez \u00e9galement des explications pour transformer ces petits personnages en porte-cl\u00e9s, ajouter des jambes\u2026 Des variations bienvenues pour lib\u00e9rer votre cr\u00e9ativit\u00e9 et donner vie \u00e0 vos propres gnomes !  Langue : Fran\u00e7ais","og_url":"https:\/\/www.swisscrochet.ch\/fr\/produit\/amigurumi-gnomes-mufficorn\/","og_site_name":"Swiss Crochet","article_modified_time":"2026-04-16T12:13:05+00:00","og_image":[{"width":1000,"height":1000,"url":"https:\/\/www.swisscrochet.ch\/wp-content\/uploads\/2025\/10\/Amigurumi-Gnomes-Overview.jpg","type":"image\/jpeg"}],"twitter_card":"summary_large_image","twitter_misc":{"Dur\u00e9e de lecture estim\u00e9e":"1 minute"},"schema":{"@context":"https:\/\/schema.org","@graph":[{"@type":["WebPage","ItemPage"],"@id":"https:\/\/www.swisscrochet.ch\/fr\/produit\/amigurumi-gnomes-mufficorn\/","url":"https:\/\/www.swisscrochet.ch\/fr\/produit\/amigurumi-gnomes-mufficorn\/","name":"Amigurumi Gnomes - Mufficorn &#171; Swiss Crochet","isPartOf":{"@id":"https:\/\/www.swisscrochet.ch\/#website"},"primaryImageOfPage":{"@id":"https:\/\/www.swisscrochet.ch\/fr\/produit\/amigurumi-gnomes-mufficorn\/#primaryimage"},"image":{"@id":"https:\/\/www.swisscrochet.ch\/fr\/produit\/amigurumi-gnomes-mufficorn\/#primaryimage"},"thumbnailUrl":"https:\/\/www.swisscrochet.ch\/wp-content\/uploads\/2025\/10\/Amigurumi-Gnomes-Overview.jpg","datePublished":"2025-11-04T11:54:49+00:00","dateModified":"2026-04-16T12:13:05+00:00","breadcrumb":{"@id":"https:\/\/www.swisscrochet.ch\/fr\/produit\/amigurumi-gnomes-mufficorn\/#breadcrumb"},"inLanguage":"fr-FR","potentialAction":[{"@type":"ReadAction","target":["https:\/\/www.swisscrochet.ch\/fr\/produit\/amigurumi-gnomes-mufficorn\/"]}]},{"@type":"ImageObject","inLanguage":"fr-FR","@id":"https:\/\/www.swisscrochet.ch\/fr\/produit\/amigurumi-gnomes-mufficorn\/#primaryimage","url":"https:\/\/www.swisscrochet.ch\/wp-content\/uploads\/2025\/10\/Amigurumi-Gnomes-Overview.jpg","contentUrl":"https:\/\/www.swisscrochet.ch\/wp-content\/uploads\/2025\/10\/Amigurumi-Gnomes-Overview.jpg","width":1000,"height":1000},{"@type":"BreadcrumbList","@id":"https:\/\/www.swisscrochet.ch\/fr\/produit\/amigurumi-gnomes-mufficorn\/#breadcrumb","itemListElement":[{"@type":"ListItem","position":1,"name":"Home","item":"https:\/\/www.swisscrochet.ch\/fr\/"},{"@type":"ListItem","position":2,"name":"Boutique","item":"https:\/\/www.swisscrochet.ch\/fr\/boutique\/"},{"@type":"ListItem","position":3,"name":"Amigurumi Gnomes &#8211; Mufficorn"}]},{"@type":"WebSite","@id":"https:\/\/www.swisscrochet.ch\/#website","url":"https:\/\/www.swisscrochet.ch\/","name":"Swiss Crochet","description":"Lib\u00e9rez votre potentiel cr\u00e9atif","potentialAction":[{"@type":"SearchAction","target":{"@type":"EntryPoint","urlTemplate":"https:\/\/www.swisscrochet.ch\/?s={search_term_string}"},"query-input":{"@type":"PropertyValueSpecification","valueRequired":true,"valueName":"search_term_string"}}],"inLanguage":"fr-FR"}]}},"_links":{"self":[{"href":"https:\/\/www.swisscrochet.ch\/fr\/wp-json\/wp\/v2\/product\/14816","targetHints":{"allow":["GET"]}}],"collection":[{"href":"https:\/\/www.swisscrochet.ch\/fr\/wp-json\/wp\/v2\/product"}],"about":[{"href":"https:\/\/www.swisscrochet.ch\/fr\/wp-json\/wp\/v2\/types\/product"}],"wp:featuredmedia":[{"embeddable":true,"href":"https:\/\/www.swisscrochet.ch\/fr\/wp-json\/wp\/v2\/media\/11888"}],"wp:attachment":[{"href":"https:\/\/www.swisscrochet.ch\/fr\/wp-json\/wp\/v2\/media?parent=14816"}],"wp:term":[{"taxonomy":"product_brand","embeddable":true,"href":"https:\/\/www.swisscrochet.ch\/fr\/wp-json\/wp\/v2\/product_brand?post=14816"},{"taxonomy":"product_cat","embeddable":true,"href":"https:\/\/www.swisscrochet.ch\/fr\/wp-json\/wp\/v2\/product_cat?post=14816"},{"taxonomy":"product_tag","embeddable":true,"href":"https:\/\/www.swisscrochet.ch\/fr\/wp-json\/wp\/v2\/product_tag?post=14816"}],"curies":[{"name":"wp","href":"https:\/\/api.w.org\/{rel}","templated":true}]}}