{"id":14911,"date":"2025-11-04T19:31:13","date_gmt":"2025-11-04T18:31:13","guid":{"rendered":"https:\/\/www.swisscrochet.ch\/product\/scheepjes-big-darling\/"},"modified":"2026-03-07T07:45:00","modified_gmt":"2026-03-07T06:45:00","slug":"scheepjes-big-darling","status":"publish","type":"product","link":"https:\/\/www.swisscrochet.ch\/fr\/produit\/scheepjes-big-darling\/","title":{"rendered":"Scheepjes &#8211; Big Darling"},"content":{"rendered":"","protected":false},"excerpt":{"rendered":"<p>Big Darling est un fil doux et \u00e9pais, parfait pour le crochet. Sa structure en chenille offre une excellente d\u00e9finition des mailles et emp\u00eache le fil de se d\u00e9doubler ou de s\u2019effilocher pendant le travail, rendant le crochet particuli\u00e8rement agr\u00e9able.<\/p>\n<p>Les fils chenille fabriqu\u00e9s \u00e0 partir de fibres naturelles sont rares en raison de la demande du march\u00e9 et du co\u00fbt de production. Il est plus courant de trouver des fils chenille en fibres synth\u00e9tiques. Big Darling est compos\u00e9 \u00e0 100 % de polyester, ce qui le rend plus facile \u00e0 recycler que les fils m\u00e9lang\u00e9s \u2013 lui conf\u00e9rant ainsi un profil plus respectueux de l\u2019environnement qu\u2019il n\u2019y para\u00eet \u00e0 premi\u00e8re vue.<\/p>\n<p>Big Darling est id\u00e9al pour les projets de d\u00e9coration int\u00e9rieure, les accessoires originaux et les grands amigurumis.<\/p>\n<p>L\u2019\u00e9chantillon pr\u00e9sent\u00e9 a \u00e9t\u00e9 lav\u00e9 en machine (programme normal \u00e0 40 \u00b0C) et repass\u00e9 \u00e0 la vapeur.<\/p>\n<p>D\u00e9couvrez la magie de Big Darling \u2013 choisissez votre couleur pr\u00e9f\u00e9r\u00e9e et commencez d\u00e8s aujourd\u2019hui votre prochain projet cr\u00e9atif !<\/p>\n","protected":false},"featured_media":14843,"template":"","meta":[],"product_brand":[],"product_cat":[1880,1885,227],"product_tag":[],"class_list":{"0":"post-14911","1":"product","2":"type-product","3":"status-publish","4":"has-post-thumbnail","6":"product_cat-fils-amigurumi","7":"product_cat-fils-couvertures","8":"product_cat-fils","9":"pa_y1-brand-scheepjes-fr","10":"pa_y17-yarn-weight-bulky-fr","11":"description-off","13":"first","14":"instock","15":"taxable","16":"shipping-taxable","17":"purchasable","18":"product-type-variable","19":"wvs-archive-product-wrapper"},"bundled_by":[],"bundle_stock_status":"instock","bundle_stock_quantity":null,"bundle_virtual":false,"bundle_layout":"","bundle_add_to_cart_form_location":"","bundle_editable_in_cart":false,"bundle_sold_individually_context":"","bundle_item_grouping":"","bundle_min_size":"","bundle_max_size":"","bundle_price":[],"bundled_items":[],"bundle_sell_ids":[],"yoast_head":"<!-- This site is optimized with the Yoast SEO plugin v27.4 - https:\/\/yoast.com\/product\/yoast-seo-wordpress\/ -->\n<title>Scheepjes - Big Darling &#171; Swiss Crochet<\/title>\n<meta name=\"description\" content=\"Big Darling est un fil chenille doux et \u00e9pais compos\u00e9 \u00e0 100 % de polyester. Parfait pour le crochet, la d\u00e9coration int\u00e9rieure, les accessoires et les grands projets d\u2019amigurumi.\" \/>\n<meta name=\"robots\" content=\"index, follow, max-snippet:-1, max-image-preview:large, max-video-preview:-1\" \/>\n<link rel=\"canonical\" href=\"https:\/\/www.swisscrochet.ch\/produit\/scheepjes-big-darling\/\" \/>\n<meta property=\"og:locale\" content=\"fr_FR\" \/>\n<meta property=\"og:type\" content=\"article\" \/>\n<meta property=\"og:title\" content=\"Scheepjes - Big Darling &#171; Swiss Crochet\" \/>\n<meta property=\"og:description\" content=\"Big Darling est un fil chenille doux et \u00e9pais compos\u00e9 \u00e0 100 % de polyester. Parfait pour le crochet, la d\u00e9coration int\u00e9rieure, les accessoires et les grands projets d\u2019amigurumi.\" \/>\n<meta property=\"og:url\" content=\"https:\/\/www.swisscrochet.ch\/produit\/scheepjes-big-darling\/\" \/>\n<meta property=\"og:site_name\" content=\"Swiss Crochet\" \/>\n<meta property=\"article:modified_time\" content=\"2026-03-07T06:45:00+00:00\" \/>\n<meta property=\"og:image\" content=\"https:\/\/www.swisscrochet.ch\/wp-content\/uploads\/2025\/11\/Scheepjes-Big-Darling-Overview.jpg\" \/>\n\t<meta property=\"og:image:width\" content=\"1000\" \/>\n\t<meta property=\"og:image:height\" content=\"1000\" \/>\n\t<meta property=\"og:image:type\" content=\"image\/jpeg\" \/>\n<meta name=\"twitter:card\" content=\"summary_large_image\" \/>\n<meta name=\"twitter:label1\" content=\"Dur\u00e9e de lecture estim\u00e9e\" \/>\n\t<meta name=\"twitter:data1\" content=\"1 minute\" \/>\n<script type=\"application\/ld+json\" class=\"yoast-schema-graph\">{\"@context\":\"https:\\\/\\\/schema.org\",\"@graph\":[{\"@type\":[\"WebPage\",\"ItemPage\"],\"@id\":\"https:\\\/\\\/www.swisscrochet.ch\\\/produit\\\/scheepjes-big-darling\\\/\",\"url\":\"https:\\\/\\\/www.swisscrochet.ch\\\/produit\\\/scheepjes-big-darling\\\/\",\"name\":\"Scheepjes - Big Darling &#171; Swiss Crochet\",\"isPartOf\":{\"@id\":\"https:\\\/\\\/www.swisscrochet.ch\\\/#website\"},\"primaryImageOfPage\":{\"@id\":\"https:\\\/\\\/www.swisscrochet.ch\\\/produit\\\/scheepjes-big-darling\\\/#primaryimage\"},\"image\":{\"@id\":\"https:\\\/\\\/www.swisscrochet.ch\\\/produit\\\/scheepjes-big-darling\\\/#primaryimage\"},\"thumbnailUrl\":\"https:\\\/\\\/www.swisscrochet.ch\\\/wp-content\\\/uploads\\\/2025\\\/11\\\/Scheepjes-Big-Darling-Overview.jpg\",\"datePublished\":\"2025-11-04T18:31:13+00:00\",\"dateModified\":\"2026-03-07T06:45:00+00:00\",\"description\":\"Big Darling est un fil chenille doux et \u00e9pais compos\u00e9 \u00e0 100 % de polyester. Parfait pour le crochet, la d\u00e9coration int\u00e9rieure, les accessoires et les grands projets d\u2019amigurumi.\",\"breadcrumb\":{\"@id\":\"https:\\\/\\\/www.swisscrochet.ch\\\/produit\\\/scheepjes-big-darling\\\/#breadcrumb\"},\"inLanguage\":\"fr-FR\",\"potentialAction\":[{\"@type\":\"ReadAction\",\"target\":[\"https:\\\/\\\/www.swisscrochet.ch\\\/produit\\\/scheepjes-big-darling\\\/\"]}]},{\"@type\":\"ImageObject\",\"inLanguage\":\"fr-FR\",\"@id\":\"https:\\\/\\\/www.swisscrochet.ch\\\/produit\\\/scheepjes-big-darling\\\/#primaryimage\",\"url\":\"https:\\\/\\\/www.swisscrochet.ch\\\/wp-content\\\/uploads\\\/2025\\\/11\\\/Scheepjes-Big-Darling-Overview.jpg\",\"contentUrl\":\"https:\\\/\\\/www.swisscrochet.ch\\\/wp-content\\\/uploads\\\/2025\\\/11\\\/Scheepjes-Big-Darling-Overview.jpg\",\"width\":1000,\"height\":1000},{\"@type\":\"BreadcrumbList\",\"@id\":\"https:\\\/\\\/www.swisscrochet.ch\\\/produit\\\/scheepjes-big-darling\\\/#breadcrumb\",\"itemListElement\":[{\"@type\":\"ListItem\",\"position\":1,\"name\":\"Home\",\"item\":\"https:\\\/\\\/www.swisscrochet.ch\\\/fr\\\/\"},{\"@type\":\"ListItem\",\"position\":2,\"name\":\"Boutique\",\"item\":\"https:\\\/\\\/www.swisscrochet.ch\\\/fr\\\/boutique\\\/\"},{\"@type\":\"ListItem\",\"position\":3,\"name\":\"Scheepjes &#8211; Big Darling\"}]},{\"@type\":\"WebSite\",\"@id\":\"https:\\\/\\\/www.swisscrochet.ch\\\/#website\",\"url\":\"https:\\\/\\\/www.swisscrochet.ch\\\/\",\"name\":\"Swiss Crochet\",\"description\":\"Lib\u00e9rez votre potentiel cr\u00e9atif\",\"potentialAction\":[{\"@type\":\"SearchAction\",\"target\":{\"@type\":\"EntryPoint\",\"urlTemplate\":\"https:\\\/\\\/www.swisscrochet.ch\\\/?s={search_term_string}\"},\"query-input\":{\"@type\":\"PropertyValueSpecification\",\"valueRequired\":true,\"valueName\":\"search_term_string\"}}],\"inLanguage\":\"fr-FR\"}]}<\/script>\n<!-- \/ Yoast SEO plugin. -->","yoast_head_json":{"title":"Scheepjes - Big Darling &#171; Swiss Crochet","description":"Big Darling est un fil chenille doux et \u00e9pais compos\u00e9 \u00e0 100 % de polyester. Parfait pour le crochet, la d\u00e9coration int\u00e9rieure, les accessoires et les grands projets d\u2019amigurumi.","robots":{"index":"index","follow":"follow","max-snippet":"max-snippet:-1","max-image-preview":"max-image-preview:large","max-video-preview":"max-video-preview:-1"},"canonical":"https:\/\/www.swisscrochet.ch\/produit\/scheepjes-big-darling\/","og_locale":"fr_FR","og_type":"article","og_title":"Scheepjes - Big Darling &#171; Swiss Crochet","og_description":"Big Darling est un fil chenille doux et \u00e9pais compos\u00e9 \u00e0 100 % de polyester. Parfait pour le crochet, la d\u00e9coration int\u00e9rieure, les accessoires et les grands projets d\u2019amigurumi.","og_url":"https:\/\/www.swisscrochet.ch\/produit\/scheepjes-big-darling\/","og_site_name":"Swiss Crochet","article_modified_time":"2026-03-07T06:45:00+00:00","og_image":[{"width":1000,"height":1000,"url":"https:\/\/www.swisscrochet.ch\/wp-content\/uploads\/2025\/11\/Scheepjes-Big-Darling-Overview.jpg","type":"image\/jpeg"}],"twitter_card":"summary_large_image","twitter_misc":{"Dur\u00e9e de lecture estim\u00e9e":"1 minute"},"schema":{"@context":"https:\/\/schema.org","@graph":[{"@type":["WebPage","ItemPage"],"@id":"https:\/\/www.swisscrochet.ch\/produit\/scheepjes-big-darling\/","url":"https:\/\/www.swisscrochet.ch\/produit\/scheepjes-big-darling\/","name":"Scheepjes - Big Darling &#171; Swiss Crochet","isPartOf":{"@id":"https:\/\/www.swisscrochet.ch\/#website"},"primaryImageOfPage":{"@id":"https:\/\/www.swisscrochet.ch\/produit\/scheepjes-big-darling\/#primaryimage"},"image":{"@id":"https:\/\/www.swisscrochet.ch\/produit\/scheepjes-big-darling\/#primaryimage"},"thumbnailUrl":"https:\/\/www.swisscrochet.ch\/wp-content\/uploads\/2025\/11\/Scheepjes-Big-Darling-Overview.jpg","datePublished":"2025-11-04T18:31:13+00:00","dateModified":"2026-03-07T06:45:00+00:00","description":"Big Darling est un fil chenille doux et \u00e9pais compos\u00e9 \u00e0 100 % de polyester. Parfait pour le crochet, la d\u00e9coration int\u00e9rieure, les accessoires et les grands projets d\u2019amigurumi.","breadcrumb":{"@id":"https:\/\/www.swisscrochet.ch\/produit\/scheepjes-big-darling\/#breadcrumb"},"inLanguage":"fr-FR","potentialAction":[{"@type":"ReadAction","target":["https:\/\/www.swisscrochet.ch\/produit\/scheepjes-big-darling\/"]}]},{"@type":"ImageObject","inLanguage":"fr-FR","@id":"https:\/\/www.swisscrochet.ch\/produit\/scheepjes-big-darling\/#primaryimage","url":"https:\/\/www.swisscrochet.ch\/wp-content\/uploads\/2025\/11\/Scheepjes-Big-Darling-Overview.jpg","contentUrl":"https:\/\/www.swisscrochet.ch\/wp-content\/uploads\/2025\/11\/Scheepjes-Big-Darling-Overview.jpg","width":1000,"height":1000},{"@type":"BreadcrumbList","@id":"https:\/\/www.swisscrochet.ch\/produit\/scheepjes-big-darling\/#breadcrumb","itemListElement":[{"@type":"ListItem","position":1,"name":"Home","item":"https:\/\/www.swisscrochet.ch\/fr\/"},{"@type":"ListItem","position":2,"name":"Boutique","item":"https:\/\/www.swisscrochet.ch\/fr\/boutique\/"},{"@type":"ListItem","position":3,"name":"Scheepjes &#8211; Big Darling"}]},{"@type":"WebSite","@id":"https:\/\/www.swisscrochet.ch\/#website","url":"https:\/\/www.swisscrochet.ch\/","name":"Swiss Crochet","description":"Lib\u00e9rez votre potentiel cr\u00e9atif","potentialAction":[{"@type":"SearchAction","target":{"@type":"EntryPoint","urlTemplate":"https:\/\/www.swisscrochet.ch\/?s={search_term_string}"},"query-input":{"@type":"PropertyValueSpecification","valueRequired":true,"valueName":"search_term_string"}}],"inLanguage":"fr-FR"}]}},"_links":{"self":[{"href":"https:\/\/www.swisscrochet.ch\/fr\/wp-json\/wp\/v2\/product\/14911","targetHints":{"allow":["GET"]}}],"collection":[{"href":"https:\/\/www.swisscrochet.ch\/fr\/wp-json\/wp\/v2\/product"}],"about":[{"href":"https:\/\/www.swisscrochet.ch\/fr\/wp-json\/wp\/v2\/types\/product"}],"wp:featuredmedia":[{"embeddable":true,"href":"https:\/\/www.swisscrochet.ch\/fr\/wp-json\/wp\/v2\/media\/14843"}],"wp:attachment":[{"href":"https:\/\/www.swisscrochet.ch\/fr\/wp-json\/wp\/v2\/media?parent=14911"}],"wp:term":[{"taxonomy":"product_brand","embeddable":true,"href":"https:\/\/www.swisscrochet.ch\/fr\/wp-json\/wp\/v2\/product_brand?post=14911"},{"taxonomy":"product_cat","embeddable":true,"href":"https:\/\/www.swisscrochet.ch\/fr\/wp-json\/wp\/v2\/product_cat?post=14911"},{"taxonomy":"product_tag","embeddable":true,"href":"https:\/\/www.swisscrochet.ch\/fr\/wp-json\/wp\/v2\/product_tag?post=14911"}],"curies":[{"name":"wp","href":"https:\/\/api.w.org\/{rel}","templated":true}]}}