{"id":14997,"date":"2025-11-19T19:51:08","date_gmt":"2025-11-19T18:51:08","guid":{"rendered":"https:\/\/www.swisscrochet.ch\/product\/salvo-leather-adjustable-leather-bag-straps\/"},"modified":"2025-11-19T20:29:21","modified_gmt":"2025-11-19T19:29:21","slug":"salvo-leather-bandoulieres-reglables-en-cuir","status":"publish","type":"product","link":"https:\/\/www.swisscrochet.ch\/fr\/produit\/salvo-leather-bandoulieres-reglables-en-cuir\/","title":{"rendered":"Salvo Leather &#8211; Bandouli\u00e8res r\u00e9glables en cuir"},"content":{"rendered":"","protected":false},"excerpt":{"rendered":"<p>Les bandouli\u00e8res r\u00e9glables en cuir Salvo Leather sont l\u2019am\u00e9lioration parfaite pour vos sacs au crochet faits main. Fabriqu\u00e9es en <strong>cuir v\u00e9ritable pleine fleur de vachette<\/strong>, chaque bandouli\u00e8re est <strong>faite \u00e0 la main en Gr\u00e8ce par des artisanes et artisans qualifi\u00e9s<\/strong>, garantissant une durabilit\u00e9 exceptionnelle, un confort optimal et un style intemporel.<\/p>\n<p>Ces sangles de haute qualit\u00e9 sont pli\u00e9es, soigneusement cousues et dot\u00e9es de bords finis. Elles sont fournies avec toute la bouclerie n\u00e9cessaire et sont pr\u00eates \u00e0 \u00eatre fix\u00e9es \u00e0 votre sac au crochet. Con\u00e7ues comme bandouli\u00e8res r\u00e9glables et amovibles, elles offrent \u00e0 la fois polyvalence et \u00e9l\u00e9gance.<\/p>\n<p>La largeur de la sangle est de 1,8 cm, offrant une tenue confortable sans surcharger le design de votre sac.<\/p>\n<p>La longueur commence \u00e0 117 cm et s\u2019\u00e9tend jusqu\u2019\u00e0 132 cm, vous permettant d\u2019ajuster parfaitement la bandouli\u00e8re \u00e0 votre pr\u00e9f\u00e9rence.<\/p>\n<p>Apportez une touche premium \u00e0 votre sac au crochet fait main \u2014 choisissez une bandouli\u00e8re r\u00e9glable Salvo Leather et sublimez votre cr\u00e9ation d\u00e8s aujourd\u2019hui !<\/p>\n<p><strong>Astuce d\u2019Assimina :<\/strong> <em>Le march\u00e9 de l\u2019artisanat regorge de bandouli\u00e8res en simili-cuir (c\u2019est-\u00e0-dire en plastique). Trouver des <strong>bandouli\u00e8res en cuir v\u00e9ritable et produites de mani\u00e8re durable<\/strong> a \u00e9t\u00e9 un v\u00e9ritable d\u00e9fi \u2013 c\u2019est pourquoi je suis ravie d\u2019avoir enfin d\u00e9couvert ce fournisseur de confiance en Gr\u00e8ce !<\/em><\/p>\n","protected":false},"featured_media":14595,"template":"","meta":[],"product_brand":[],"product_cat":[221,1556],"product_tag":[],"class_list":{"0":"post-14997","1":"product","2":"type-product","3":"status-publish","4":"has-post-thumbnail","6":"product_cat-crochets-et-outils","7":"product_cat-outils-pour-sacs","8":"pa_t1-manufacturer-salvo-leather","9":"description-off","11":"first","12":"instock","13":"taxable","14":"shipping-taxable","15":"purchasable","16":"product-type-variable","17":"wvs-archive-product-wrapper"},"bundled_by":[],"bundle_stock_status":"instock","bundle_stock_quantity":null,"bundle_virtual":false,"bundle_layout":"","bundle_add_to_cart_form_location":"","bundle_editable_in_cart":false,"bundle_sold_individually_context":"","bundle_item_grouping":"","bundle_min_size":"","bundle_max_size":"","bundle_price":[],"bundled_items":[],"bundle_sell_ids":[],"yoast_head":"<!-- This site is optimized with the Yoast SEO plugin v27.4 - https:\/\/yoast.com\/product\/yoast-seo-wordpress\/ -->\n<title>Salvo Leather - Bandouli\u00e8res r\u00e9glables en cuir &#171; Swiss Crochet<\/title>\n<meta name=\"description\" content=\"Bandouli\u00e8res artisanales en cuir pleine fleur pour sacs au crochet. Ajustables, amovibles et fournies avec la bouclerie. Qualit\u00e9 premium, fabriqu\u00e9es en Gr\u00e8ce.\" \/>\n<meta name=\"robots\" content=\"index, follow, max-snippet:-1, max-image-preview:large, max-video-preview:-1\" \/>\n<link rel=\"canonical\" href=\"https:\/\/www.swisscrochet.ch\/fr\/produit\/salvo-leather-bandoulieres-reglables-en-cuir\/\" \/>\n<meta property=\"og:locale\" content=\"fr_FR\" \/>\n<meta property=\"og:type\" content=\"article\" \/>\n<meta property=\"og:title\" content=\"Salvo Leather - Bandouli\u00e8res r\u00e9glables en cuir &#171; Swiss Crochet\" \/>\n<meta property=\"og:description\" content=\"Bandouli\u00e8res artisanales en cuir pleine fleur pour sacs au crochet. Ajustables, amovibles et fournies avec la bouclerie. Qualit\u00e9 premium, fabriqu\u00e9es en Gr\u00e8ce.\" \/>\n<meta property=\"og:url\" content=\"https:\/\/www.swisscrochet.ch\/fr\/produit\/salvo-leather-bandoulieres-reglables-en-cuir\/\" \/>\n<meta property=\"og:site_name\" content=\"Swiss Crochet\" \/>\n<meta property=\"article:modified_time\" content=\"2025-11-19T19:29:21+00:00\" \/>\n<meta property=\"og:image\" content=\"https:\/\/www.swisscrochet.ch\/wp-content\/uploads\/2025\/11\/Leather-Bag-Straps-Overview.jpg\" \/>\n\t<meta property=\"og:image:width\" content=\"1000\" \/>\n\t<meta property=\"og:image:height\" content=\"1000\" \/>\n\t<meta property=\"og:image:type\" content=\"image\/jpeg\" \/>\n<meta name=\"twitter:card\" content=\"summary_large_image\" \/>\n<meta name=\"twitter:label1\" content=\"Dur\u00e9e de lecture estim\u00e9e\" \/>\n\t<meta name=\"twitter:data1\" content=\"1 minute\" \/>\n<script type=\"application\/ld+json\" class=\"yoast-schema-graph\">{\"@context\":\"https:\\\/\\\/schema.org\",\"@graph\":[{\"@type\":[\"WebPage\",\"ItemPage\"],\"@id\":\"https:\\\/\\\/www.swisscrochet.ch\\\/fr\\\/produit\\\/salvo-leather-bandoulieres-reglables-en-cuir\\\/\",\"url\":\"https:\\\/\\\/www.swisscrochet.ch\\\/fr\\\/produit\\\/salvo-leather-bandoulieres-reglables-en-cuir\\\/\",\"name\":\"Salvo Leather - Bandouli\u00e8res r\u00e9glables en cuir &#171; Swiss Crochet\",\"isPartOf\":{\"@id\":\"https:\\\/\\\/www.swisscrochet.ch\\\/#website\"},\"primaryImageOfPage\":{\"@id\":\"https:\\\/\\\/www.swisscrochet.ch\\\/fr\\\/produit\\\/salvo-leather-bandoulieres-reglables-en-cuir\\\/#primaryimage\"},\"image\":{\"@id\":\"https:\\\/\\\/www.swisscrochet.ch\\\/fr\\\/produit\\\/salvo-leather-bandoulieres-reglables-en-cuir\\\/#primaryimage\"},\"thumbnailUrl\":\"https:\\\/\\\/www.swisscrochet.ch\\\/wp-content\\\/uploads\\\/2025\\\/11\\\/Leather-Bag-Straps-Overview.jpg\",\"datePublished\":\"2025-11-19T18:51:08+00:00\",\"dateModified\":\"2025-11-19T19:29:21+00:00\",\"description\":\"Bandouli\u00e8res artisanales en cuir pleine fleur pour sacs au crochet. Ajustables, amovibles et fournies avec la bouclerie. Qualit\u00e9 premium, fabriqu\u00e9es en Gr\u00e8ce.\",\"breadcrumb\":{\"@id\":\"https:\\\/\\\/www.swisscrochet.ch\\\/fr\\\/produit\\\/salvo-leather-bandoulieres-reglables-en-cuir\\\/#breadcrumb\"},\"inLanguage\":\"fr-FR\",\"potentialAction\":[{\"@type\":\"ReadAction\",\"target\":[\"https:\\\/\\\/www.swisscrochet.ch\\\/fr\\\/produit\\\/salvo-leather-bandoulieres-reglables-en-cuir\\\/\"]}]},{\"@type\":\"ImageObject\",\"inLanguage\":\"fr-FR\",\"@id\":\"https:\\\/\\\/www.swisscrochet.ch\\\/fr\\\/produit\\\/salvo-leather-bandoulieres-reglables-en-cuir\\\/#primaryimage\",\"url\":\"https:\\\/\\\/www.swisscrochet.ch\\\/wp-content\\\/uploads\\\/2025\\\/11\\\/Leather-Bag-Straps-Overview.jpg\",\"contentUrl\":\"https:\\\/\\\/www.swisscrochet.ch\\\/wp-content\\\/uploads\\\/2025\\\/11\\\/Leather-Bag-Straps-Overview.jpg\",\"width\":1000,\"height\":1000},{\"@type\":\"BreadcrumbList\",\"@id\":\"https:\\\/\\\/www.swisscrochet.ch\\\/fr\\\/produit\\\/salvo-leather-bandoulieres-reglables-en-cuir\\\/#breadcrumb\",\"itemListElement\":[{\"@type\":\"ListItem\",\"position\":1,\"name\":\"Home\",\"item\":\"https:\\\/\\\/www.swisscrochet.ch\\\/fr\\\/\"},{\"@type\":\"ListItem\",\"position\":2,\"name\":\"Boutique\",\"item\":\"https:\\\/\\\/www.swisscrochet.ch\\\/fr\\\/boutique\\\/\"},{\"@type\":\"ListItem\",\"position\":3,\"name\":\"Salvo Leather &#8211; Bandouli\u00e8res r\u00e9glables en cuir\"}]},{\"@type\":\"WebSite\",\"@id\":\"https:\\\/\\\/www.swisscrochet.ch\\\/#website\",\"url\":\"https:\\\/\\\/www.swisscrochet.ch\\\/\",\"name\":\"Swiss Crochet\",\"description\":\"Lib\u00e9rez votre potentiel cr\u00e9atif\",\"potentialAction\":[{\"@type\":\"SearchAction\",\"target\":{\"@type\":\"EntryPoint\",\"urlTemplate\":\"https:\\\/\\\/www.swisscrochet.ch\\\/?s={search_term_string}\"},\"query-input\":{\"@type\":\"PropertyValueSpecification\",\"valueRequired\":true,\"valueName\":\"search_term_string\"}}],\"inLanguage\":\"fr-FR\"}]}<\/script>\n<!-- \/ Yoast SEO plugin. -->","yoast_head_json":{"title":"Salvo Leather - Bandouli\u00e8res r\u00e9glables en cuir &#171; Swiss Crochet","description":"Bandouli\u00e8res artisanales en cuir pleine fleur pour sacs au crochet. Ajustables, amovibles et fournies avec la bouclerie. Qualit\u00e9 premium, fabriqu\u00e9es en Gr\u00e8ce.","robots":{"index":"index","follow":"follow","max-snippet":"max-snippet:-1","max-image-preview":"max-image-preview:large","max-video-preview":"max-video-preview:-1"},"canonical":"https:\/\/www.swisscrochet.ch\/fr\/produit\/salvo-leather-bandoulieres-reglables-en-cuir\/","og_locale":"fr_FR","og_type":"article","og_title":"Salvo Leather - Bandouli\u00e8res r\u00e9glables en cuir &#171; Swiss Crochet","og_description":"Bandouli\u00e8res artisanales en cuir pleine fleur pour sacs au crochet. Ajustables, amovibles et fournies avec la bouclerie. Qualit\u00e9 premium, fabriqu\u00e9es en Gr\u00e8ce.","og_url":"https:\/\/www.swisscrochet.ch\/fr\/produit\/salvo-leather-bandoulieres-reglables-en-cuir\/","og_site_name":"Swiss Crochet","article_modified_time":"2025-11-19T19:29:21+00:00","og_image":[{"width":1000,"height":1000,"url":"https:\/\/www.swisscrochet.ch\/wp-content\/uploads\/2025\/11\/Leather-Bag-Straps-Overview.jpg","type":"image\/jpeg"}],"twitter_card":"summary_large_image","twitter_misc":{"Dur\u00e9e de lecture estim\u00e9e":"1 minute"},"schema":{"@context":"https:\/\/schema.org","@graph":[{"@type":["WebPage","ItemPage"],"@id":"https:\/\/www.swisscrochet.ch\/fr\/produit\/salvo-leather-bandoulieres-reglables-en-cuir\/","url":"https:\/\/www.swisscrochet.ch\/fr\/produit\/salvo-leather-bandoulieres-reglables-en-cuir\/","name":"Salvo Leather - Bandouli\u00e8res r\u00e9glables en cuir &#171; Swiss Crochet","isPartOf":{"@id":"https:\/\/www.swisscrochet.ch\/#website"},"primaryImageOfPage":{"@id":"https:\/\/www.swisscrochet.ch\/fr\/produit\/salvo-leather-bandoulieres-reglables-en-cuir\/#primaryimage"},"image":{"@id":"https:\/\/www.swisscrochet.ch\/fr\/produit\/salvo-leather-bandoulieres-reglables-en-cuir\/#primaryimage"},"thumbnailUrl":"https:\/\/www.swisscrochet.ch\/wp-content\/uploads\/2025\/11\/Leather-Bag-Straps-Overview.jpg","datePublished":"2025-11-19T18:51:08+00:00","dateModified":"2025-11-19T19:29:21+00:00","description":"Bandouli\u00e8res artisanales en cuir pleine fleur pour sacs au crochet. Ajustables, amovibles et fournies avec la bouclerie. Qualit\u00e9 premium, fabriqu\u00e9es en Gr\u00e8ce.","breadcrumb":{"@id":"https:\/\/www.swisscrochet.ch\/fr\/produit\/salvo-leather-bandoulieres-reglables-en-cuir\/#breadcrumb"},"inLanguage":"fr-FR","potentialAction":[{"@type":"ReadAction","target":["https:\/\/www.swisscrochet.ch\/fr\/produit\/salvo-leather-bandoulieres-reglables-en-cuir\/"]}]},{"@type":"ImageObject","inLanguage":"fr-FR","@id":"https:\/\/www.swisscrochet.ch\/fr\/produit\/salvo-leather-bandoulieres-reglables-en-cuir\/#primaryimage","url":"https:\/\/www.swisscrochet.ch\/wp-content\/uploads\/2025\/11\/Leather-Bag-Straps-Overview.jpg","contentUrl":"https:\/\/www.swisscrochet.ch\/wp-content\/uploads\/2025\/11\/Leather-Bag-Straps-Overview.jpg","width":1000,"height":1000},{"@type":"BreadcrumbList","@id":"https:\/\/www.swisscrochet.ch\/fr\/produit\/salvo-leather-bandoulieres-reglables-en-cuir\/#breadcrumb","itemListElement":[{"@type":"ListItem","position":1,"name":"Home","item":"https:\/\/www.swisscrochet.ch\/fr\/"},{"@type":"ListItem","position":2,"name":"Boutique","item":"https:\/\/www.swisscrochet.ch\/fr\/boutique\/"},{"@type":"ListItem","position":3,"name":"Salvo Leather &#8211; Bandouli\u00e8res r\u00e9glables en cuir"}]},{"@type":"WebSite","@id":"https:\/\/www.swisscrochet.ch\/#website","url":"https:\/\/www.swisscrochet.ch\/","name":"Swiss Crochet","description":"Lib\u00e9rez votre potentiel cr\u00e9atif","potentialAction":[{"@type":"SearchAction","target":{"@type":"EntryPoint","urlTemplate":"https:\/\/www.swisscrochet.ch\/?s={search_term_string}"},"query-input":{"@type":"PropertyValueSpecification","valueRequired":true,"valueName":"search_term_string"}}],"inLanguage":"fr-FR"}]}},"_links":{"self":[{"href":"https:\/\/www.swisscrochet.ch\/fr\/wp-json\/wp\/v2\/product\/14997","targetHints":{"allow":["GET"]}}],"collection":[{"href":"https:\/\/www.swisscrochet.ch\/fr\/wp-json\/wp\/v2\/product"}],"about":[{"href":"https:\/\/www.swisscrochet.ch\/fr\/wp-json\/wp\/v2\/types\/product"}],"wp:featuredmedia":[{"embeddable":true,"href":"https:\/\/www.swisscrochet.ch\/fr\/wp-json\/wp\/v2\/media\/14595"}],"wp:attachment":[{"href":"https:\/\/www.swisscrochet.ch\/fr\/wp-json\/wp\/v2\/media?parent=14997"}],"wp:term":[{"taxonomy":"product_brand","embeddable":true,"href":"https:\/\/www.swisscrochet.ch\/fr\/wp-json\/wp\/v2\/product_brand?post=14997"},{"taxonomy":"product_cat","embeddable":true,"href":"https:\/\/www.swisscrochet.ch\/fr\/wp-json\/wp\/v2\/product_cat?post=14997"},{"taxonomy":"product_tag","embeddable":true,"href":"https:\/\/www.swisscrochet.ch\/fr\/wp-json\/wp\/v2\/product_tag?post=14997"}],"curies":[{"name":"wp","href":"https:\/\/api.w.org\/{rel}","templated":true}]}}