{"id":15025,"date":"2025-11-19T20:13:24","date_gmt":"2025-11-19T19:13:24","guid":{"rendered":"https:\/\/www.swisscrochet.ch\/product\/salvo-leather-leather-bag-handles\/"},"modified":"2025-11-19T20:29:13","modified_gmt":"2025-11-19T19:29:13","slug":"salvo-leather-poignees-de-sac-en-cuir","status":"publish","type":"product","link":"https:\/\/www.swisscrochet.ch\/fr\/produit\/salvo-leather-poignees-de-sac-en-cuir\/","title":{"rendered":"Salvo Leather &#8211; Poign\u00e9es de sac en cuir"},"content":{"rendered":"","protected":false},"excerpt":{"rendered":"<p>Les poign\u00e9es de sac en cuir Salvo Leather sont la touche finale parfaite pour vos sacs au crochet faits main. Fabriqu\u00e9es en <strong>cuir v\u00e9ritable pleine fleur de vachette<\/strong>, chaque poign\u00e9e est <strong>faite \u00e0 la main en Gr\u00e8ce par des artisanes et artisans qualifi\u00e9s<\/strong> et finie avec des bords scell\u00e9s pour un aspect net et professionnel.<\/p>\n<p>Ces poign\u00e9es d\u2019\u00e9paule de haute qualit\u00e9 poss\u00e8dent un rembourrage \u00e0 l\u2019int\u00e9rieur, offrant au cuir stabilit\u00e9 et structure suppl\u00e9mentaires. Le rembourrage maintient la poign\u00e9e ferme, compacte et non \u00e9lastique, garantissant que votre sac conserve sa forme et son confort lors de l\u2019utilisation.<\/p>\n<p>Con\u00e7ues pour un port\u00e9 \u00e9paule, chaque poign\u00e9e est livr\u00e9e avec la quincaillerie n\u00e9cessaire et pr\u00eate \u00e0 \u00eatre fix\u00e9e \u00e0 votre sac.<\/p>\n<p>La largeur de la sangle est de 23 mm et la longueur totale, quincaillerie comprise, est de 66 cm, offrant une prise confortable et \u00e9l\u00e9gante sur l\u2019\u00e9paule.<\/p>\n<p>Sublimez vos sacs au crochet faits main avec la qualit\u00e9 intemporelle des poign\u00e9es Salvo Leather \u2013 choisissez votre set et terminez votre projet avec style !<\/p>\n<p><strong>Astuce d\u2019Assimina :<\/strong> <em>Le march\u00e9 de l\u2019artisanat regorge de bandouli\u00e8res en simili-cuir (c\u2019est-\u00e0-dire en plastique). Trouver des <strong>bandouli\u00e8res en cuir v\u00e9ritable et produites de mani\u00e8re durable<\/strong> a \u00e9t\u00e9 un v\u00e9ritable d\u00e9fi \u2013 c\u2019est pourquoi je suis ravie d\u2019avoir enfin d\u00e9couvert ce fournisseur de confiance en Gr\u00e8ce !<\/em><\/p>\n","protected":false},"featured_media":14571,"template":"","meta":[],"product_brand":[],"product_cat":[221,1556],"product_tag":[],"class_list":{"0":"post-15025","1":"product","2":"type-product","3":"status-publish","4":"has-post-thumbnail","6":"product_cat-crochets-et-outils","7":"product_cat-outils-pour-sacs","8":"pa_t1-manufacturer-salvo-leather","9":"description-off","11":"first","12":"instock","13":"taxable","14":"shipping-taxable","15":"purchasable","16":"product-type-variable","17":"wvs-archive-product-wrapper"},"bundled_by":[],"bundle_stock_status":"instock","bundle_stock_quantity":null,"bundle_virtual":false,"bundle_layout":"","bundle_add_to_cart_form_location":"","bundle_editable_in_cart":false,"bundle_sold_individually_context":"","bundle_item_grouping":"","bundle_min_size":"","bundle_max_size":"","bundle_price":[],"bundled_items":[],"bundle_sell_ids":[],"yoast_head":"<!-- This site is optimized with the Yoast SEO plugin v27.5 - https:\/\/yoast.com\/product\/yoast-seo-wordpress\/ -->\n<title>Salvo Leather - Poign\u00e9es de sac en cuir &#171; Swiss Crochet<\/title>\n<meta name=\"description\" content=\"Poign\u00e9es de sac faites \u00e0 la main en cuir pleine fleur, avec bords scell\u00e9s et bouclerie incluse. Sangles d\u2019\u00e9paule robustes et non \u00e9lastiques, fabriqu\u00e9es en Gr\u00e8ce \u2013 parfaites pour les sacs au crochet.\" \/>\n<meta name=\"robots\" content=\"index, follow, max-snippet:-1, max-image-preview:large, max-video-preview:-1\" \/>\n<link rel=\"canonical\" href=\"https:\/\/www.swisscrochet.ch\/produit\/salvo-leather-leather-bag-handles\/\" \/>\n<meta property=\"og:locale\" content=\"fr_FR\" \/>\n<meta property=\"og:type\" content=\"article\" \/>\n<meta property=\"og:title\" content=\"Salvo Leather - Poign\u00e9es de sac en cuir &#171; Swiss Crochet\" \/>\n<meta property=\"og:description\" content=\"Poign\u00e9es de sac faites \u00e0 la main en cuir pleine fleur, avec bords scell\u00e9s et bouclerie incluse. Sangles d\u2019\u00e9paule robustes et non \u00e9lastiques, fabriqu\u00e9es en Gr\u00e8ce \u2013 parfaites pour les sacs au crochet.\" \/>\n<meta property=\"og:url\" content=\"https:\/\/www.swisscrochet.ch\/produit\/salvo-leather-leather-bag-handles\/\" \/>\n<meta property=\"og:site_name\" content=\"Swiss Crochet\" \/>\n<meta property=\"article:modified_time\" content=\"2025-11-19T19:29:13+00:00\" \/>\n<meta property=\"og:image\" content=\"https:\/\/www.swisscrochet.ch\/wp-content\/uploads\/2025\/11\/Leather-Bag-Handles-Overview.jpg\" \/>\n\t<meta property=\"og:image:width\" content=\"1000\" \/>\n\t<meta property=\"og:image:height\" content=\"1000\" \/>\n\t<meta property=\"og:image:type\" content=\"image\/jpeg\" \/>\n<meta name=\"twitter:card\" content=\"summary_large_image\" \/>\n<meta name=\"twitter:label1\" content=\"Dur\u00e9e de lecture estim\u00e9e\" \/>\n\t<meta name=\"twitter:data1\" content=\"1 minute\" \/>\n<script type=\"application\/ld+json\" class=\"yoast-schema-graph\">{\"@context\":\"https:\\\/\\\/schema.org\",\"@graph\":[{\"@type\":[\"WebPage\",\"ItemPage\"],\"@id\":\"https:\\\/\\\/www.swisscrochet.ch\\\/produit\\\/salvo-leather-leather-bag-handles\\\/\",\"url\":\"https:\\\/\\\/www.swisscrochet.ch\\\/produit\\\/salvo-leather-leather-bag-handles\\\/\",\"name\":\"Salvo Leather - Poign\u00e9es de sac en cuir &#171; Swiss Crochet\",\"isPartOf\":{\"@id\":\"https:\\\/\\\/www.swisscrochet.ch\\\/#website\"},\"primaryImageOfPage\":{\"@id\":\"https:\\\/\\\/www.swisscrochet.ch\\\/produit\\\/salvo-leather-leather-bag-handles\\\/#primaryimage\"},\"image\":{\"@id\":\"https:\\\/\\\/www.swisscrochet.ch\\\/produit\\\/salvo-leather-leather-bag-handles\\\/#primaryimage\"},\"thumbnailUrl\":\"https:\\\/\\\/www.swisscrochet.ch\\\/wp-content\\\/uploads\\\/2025\\\/11\\\/Leather-Bag-Handles-Overview.jpg\",\"datePublished\":\"2025-11-19T19:13:24+00:00\",\"dateModified\":\"2025-11-19T19:29:13+00:00\",\"description\":\"Poign\u00e9es de sac faites \u00e0 la main en cuir pleine fleur, avec bords scell\u00e9s et bouclerie incluse. Sangles d\u2019\u00e9paule robustes et non \u00e9lastiques, fabriqu\u00e9es en Gr\u00e8ce \u2013 parfaites pour les sacs au crochet.\",\"breadcrumb\":{\"@id\":\"https:\\\/\\\/www.swisscrochet.ch\\\/produit\\\/salvo-leather-leather-bag-handles\\\/#breadcrumb\"},\"inLanguage\":\"fr-FR\",\"potentialAction\":[{\"@type\":\"ReadAction\",\"target\":[\"https:\\\/\\\/www.swisscrochet.ch\\\/produit\\\/salvo-leather-leather-bag-handles\\\/\"]}]},{\"@type\":\"ImageObject\",\"inLanguage\":\"fr-FR\",\"@id\":\"https:\\\/\\\/www.swisscrochet.ch\\\/produit\\\/salvo-leather-leather-bag-handles\\\/#primaryimage\",\"url\":\"https:\\\/\\\/www.swisscrochet.ch\\\/wp-content\\\/uploads\\\/2025\\\/11\\\/Leather-Bag-Handles-Overview.jpg\",\"contentUrl\":\"https:\\\/\\\/www.swisscrochet.ch\\\/wp-content\\\/uploads\\\/2025\\\/11\\\/Leather-Bag-Handles-Overview.jpg\",\"width\":1000,\"height\":1000},{\"@type\":\"BreadcrumbList\",\"@id\":\"https:\\\/\\\/www.swisscrochet.ch\\\/produit\\\/salvo-leather-leather-bag-handles\\\/#breadcrumb\",\"itemListElement\":[{\"@type\":\"ListItem\",\"position\":1,\"name\":\"Home\",\"item\":\"https:\\\/\\\/www.swisscrochet.ch\\\/fr\\\/\"},{\"@type\":\"ListItem\",\"position\":2,\"name\":\"Boutique\",\"item\":\"https:\\\/\\\/www.swisscrochet.ch\\\/fr\\\/boutique\\\/\"},{\"@type\":\"ListItem\",\"position\":3,\"name\":\"Salvo Leather &#8211; Poign\u00e9es de sac en cuir\"}]},{\"@type\":\"WebSite\",\"@id\":\"https:\\\/\\\/www.swisscrochet.ch\\\/#website\",\"url\":\"https:\\\/\\\/www.swisscrochet.ch\\\/\",\"name\":\"Swiss Crochet\",\"description\":\"Lib\u00e9rez votre potentiel cr\u00e9atif\",\"potentialAction\":[{\"@type\":\"SearchAction\",\"target\":{\"@type\":\"EntryPoint\",\"urlTemplate\":\"https:\\\/\\\/www.swisscrochet.ch\\\/?s={search_term_string}\"},\"query-input\":{\"@type\":\"PropertyValueSpecification\",\"valueRequired\":true,\"valueName\":\"search_term_string\"}}],\"inLanguage\":\"fr-FR\"}]}<\/script>\n<!-- \/ Yoast SEO plugin. -->","yoast_head_json":{"title":"Salvo Leather - Poign\u00e9es de sac en cuir &#171; Swiss Crochet","description":"Poign\u00e9es de sac faites \u00e0 la main en cuir pleine fleur, avec bords scell\u00e9s et bouclerie incluse. Sangles d\u2019\u00e9paule robustes et non \u00e9lastiques, fabriqu\u00e9es en Gr\u00e8ce \u2013 parfaites pour les sacs au crochet.","robots":{"index":"index","follow":"follow","max-snippet":"max-snippet:-1","max-image-preview":"max-image-preview:large","max-video-preview":"max-video-preview:-1"},"canonical":"https:\/\/www.swisscrochet.ch\/produit\/salvo-leather-leather-bag-handles\/","og_locale":"fr_FR","og_type":"article","og_title":"Salvo Leather - Poign\u00e9es de sac en cuir &#171; Swiss Crochet","og_description":"Poign\u00e9es de sac faites \u00e0 la main en cuir pleine fleur, avec bords scell\u00e9s et bouclerie incluse. Sangles d\u2019\u00e9paule robustes et non \u00e9lastiques, fabriqu\u00e9es en Gr\u00e8ce \u2013 parfaites pour les sacs au crochet.","og_url":"https:\/\/www.swisscrochet.ch\/produit\/salvo-leather-leather-bag-handles\/","og_site_name":"Swiss Crochet","article_modified_time":"2025-11-19T19:29:13+00:00","og_image":[{"width":1000,"height":1000,"url":"https:\/\/www.swisscrochet.ch\/wp-content\/uploads\/2025\/11\/Leather-Bag-Handles-Overview.jpg","type":"image\/jpeg"}],"twitter_card":"summary_large_image","twitter_misc":{"Dur\u00e9e de lecture estim\u00e9e":"1 minute"},"schema":{"@context":"https:\/\/schema.org","@graph":[{"@type":["WebPage","ItemPage"],"@id":"https:\/\/www.swisscrochet.ch\/produit\/salvo-leather-leather-bag-handles\/","url":"https:\/\/www.swisscrochet.ch\/produit\/salvo-leather-leather-bag-handles\/","name":"Salvo Leather - Poign\u00e9es de sac en cuir &#171; Swiss Crochet","isPartOf":{"@id":"https:\/\/www.swisscrochet.ch\/#website"},"primaryImageOfPage":{"@id":"https:\/\/www.swisscrochet.ch\/produit\/salvo-leather-leather-bag-handles\/#primaryimage"},"image":{"@id":"https:\/\/www.swisscrochet.ch\/produit\/salvo-leather-leather-bag-handles\/#primaryimage"},"thumbnailUrl":"https:\/\/www.swisscrochet.ch\/wp-content\/uploads\/2025\/11\/Leather-Bag-Handles-Overview.jpg","datePublished":"2025-11-19T19:13:24+00:00","dateModified":"2025-11-19T19:29:13+00:00","description":"Poign\u00e9es de sac faites \u00e0 la main en cuir pleine fleur, avec bords scell\u00e9s et bouclerie incluse. Sangles d\u2019\u00e9paule robustes et non \u00e9lastiques, fabriqu\u00e9es en Gr\u00e8ce \u2013 parfaites pour les sacs au crochet.","breadcrumb":{"@id":"https:\/\/www.swisscrochet.ch\/produit\/salvo-leather-leather-bag-handles\/#breadcrumb"},"inLanguage":"fr-FR","potentialAction":[{"@type":"ReadAction","target":["https:\/\/www.swisscrochet.ch\/produit\/salvo-leather-leather-bag-handles\/"]}]},{"@type":"ImageObject","inLanguage":"fr-FR","@id":"https:\/\/www.swisscrochet.ch\/produit\/salvo-leather-leather-bag-handles\/#primaryimage","url":"https:\/\/www.swisscrochet.ch\/wp-content\/uploads\/2025\/11\/Leather-Bag-Handles-Overview.jpg","contentUrl":"https:\/\/www.swisscrochet.ch\/wp-content\/uploads\/2025\/11\/Leather-Bag-Handles-Overview.jpg","width":1000,"height":1000},{"@type":"BreadcrumbList","@id":"https:\/\/www.swisscrochet.ch\/produit\/salvo-leather-leather-bag-handles\/#breadcrumb","itemListElement":[{"@type":"ListItem","position":1,"name":"Home","item":"https:\/\/www.swisscrochet.ch\/fr\/"},{"@type":"ListItem","position":2,"name":"Boutique","item":"https:\/\/www.swisscrochet.ch\/fr\/boutique\/"},{"@type":"ListItem","position":3,"name":"Salvo Leather &#8211; Poign\u00e9es de sac en cuir"}]},{"@type":"WebSite","@id":"https:\/\/www.swisscrochet.ch\/#website","url":"https:\/\/www.swisscrochet.ch\/","name":"Swiss Crochet","description":"Lib\u00e9rez votre potentiel cr\u00e9atif","potentialAction":[{"@type":"SearchAction","target":{"@type":"EntryPoint","urlTemplate":"https:\/\/www.swisscrochet.ch\/?s={search_term_string}"},"query-input":{"@type":"PropertyValueSpecification","valueRequired":true,"valueName":"search_term_string"}}],"inLanguage":"fr-FR"}]}},"_links":{"self":[{"href":"https:\/\/www.swisscrochet.ch\/fr\/wp-json\/wp\/v2\/product\/15025","targetHints":{"allow":["GET"]}}],"collection":[{"href":"https:\/\/www.swisscrochet.ch\/fr\/wp-json\/wp\/v2\/product"}],"about":[{"href":"https:\/\/www.swisscrochet.ch\/fr\/wp-json\/wp\/v2\/types\/product"}],"wp:featuredmedia":[{"embeddable":true,"href":"https:\/\/www.swisscrochet.ch\/fr\/wp-json\/wp\/v2\/media\/14571"}],"wp:attachment":[{"href":"https:\/\/www.swisscrochet.ch\/fr\/wp-json\/wp\/v2\/media?parent=15025"}],"wp:term":[{"taxonomy":"product_brand","embeddable":true,"href":"https:\/\/www.swisscrochet.ch\/fr\/wp-json\/wp\/v2\/product_brand?post=15025"},{"taxonomy":"product_cat","embeddable":true,"href":"https:\/\/www.swisscrochet.ch\/fr\/wp-json\/wp\/v2\/product_cat?post=15025"},{"taxonomy":"product_tag","embeddable":true,"href":"https:\/\/www.swisscrochet.ch\/fr\/wp-json\/wp\/v2\/product_tag?post=15025"}],"curies":[{"name":"wp","href":"https:\/\/api.w.org\/{rel}","templated":true}]}}