{"id":15870,"date":"2025-11-21T19:15:08","date_gmt":"2025-11-21T18:15:08","guid":{"rendered":"https:\/\/www.swisscrochet.ch\/product\/laines-du-nord-paint-sock-6-ply\/"},"modified":"2025-11-21T20:02:28","modified_gmt":"2025-11-21T19:02:28","slug":"laines-du-nord-paint-sock-6-ply","status":"publish","type":"product","link":"https:\/\/www.swisscrochet.ch\/fr\/produit\/laines-du-nord-paint-sock-6-ply\/","title":{"rendered":"Laines du Nord &#8211; Paint Sock 6 ply"},"content":{"rendered":"","protected":false},"excerpt":{"rendered":"<p>Laines du Nord Paint Sock 6 Ply est un fil de poids sport compos\u00e9 de 75 % de laine sans mulesing et de 25 % de nylon. Sa construction \u00e0 6 brins assure une excellente d\u00e9finition des mailles. Cependant, en raison de sa torsion en S, il peut se d\u00e9faire ou se diviser si vous travaillez trop serr\u00e9 \u2014 une tension d\u00e9tendue est donc recommand\u00e9e.<\/p>\n<p>Chaque \u00e9cheveau Paint Sock 6 Ply est con\u00e7u pour cr\u00e9er deux chaussettes identiques, id\u00e9al pour des paires parfaitement assorties.<\/p>\n<p>Bien qu\u2019il s\u2019agisse d\u2019un fil \u00e0 chaussettes classique, Paint Sock 6 Ply est merveilleusement polyvalent et convient \u00e0 toutes sortes de projets : pulls, cardigans, bonnets, moufles, \u00e9charpes et m\u00eame couvertures !<\/p>\n<p>L\u2019\u00e9chantillon pr\u00e9sent\u00e9 a \u00e9t\u00e9 lav\u00e9 en machine (programme laine \u00e0 30 \u00b0C) puis repass\u00e9 \u00e0 la vapeur.<\/p>\n<p>Disponible dans une superbe gamme de 12 d\u00e9grad\u00e9s ray\u00e9s, Laines du Nord Paint Sock 6 Ply invite \u00e0 une cr\u00e9ativit\u00e9 infinie et \u00e0 des combinaisons de couleurs ludiques pour tous vos projets au crochet.<\/p>\n<p>Choisissez Laines du Nord Paint Sock 6 Ply pour la qualit\u00e9, la polyvalence et des d\u00e9grad\u00e9s \u00e9clatants \u00e0 chaque maille !<\/p>\n","protected":false},"featured_media":15647,"template":"","meta":[],"product_brand":[],"product_cat":[1890,227,1893],"product_tag":[],"class_list":{"0":"post-15870","1":"product","2":"type-product","3":"status-publish","4":"has-post-thumbnail","6":"product_cat-fil-chaussettes","7":"product_cat-fils","8":"product_cat-fils-vetements","9":"pa_y1-brand-laines-du-nord-fr","10":"pa_y17-yarn-weight-sport-fr","11":"description-off","13":"first","14":"instock","15":"taxable","16":"shipping-taxable","17":"purchasable","18":"product-type-variable","19":"wvs-archive-product-wrapper"},"bundled_by":["29817"],"bundle_stock_status":"instock","bundle_stock_quantity":null,"bundle_virtual":false,"bundle_layout":"","bundle_add_to_cart_form_location":"","bundle_editable_in_cart":false,"bundle_sold_individually_context":"","bundle_item_grouping":"","bundle_min_size":"","bundle_max_size":"","bundle_price":[],"bundled_items":[],"bundle_sell_ids":[],"yoast_head":"<!-- This site is optimized with the Yoast SEO plugin v27.4 - https:\/\/yoast.com\/product\/yoast-seo-wordpress\/ -->\n<title>Laines du Nord - Paint Sock 6 ply &#171; Swiss Crochet<\/title>\n<meta name=\"description\" content=\"Laines du Nord Paint Sock 6 Ply : fil chaussette en laine avec de magnifiques rayures. Parfait pour chaussettes, v\u00eatements, accessoires et projets au crochet color\u00e9s.\" \/>\n<meta name=\"robots\" content=\"index, follow, max-snippet:-1, max-image-preview:large, max-video-preview:-1\" \/>\n<link rel=\"canonical\" href=\"https:\/\/www.swisscrochet.ch\/fr\/produit\/laines-du-nord-paint-sock-6-ply\/\" \/>\n<meta property=\"og:locale\" content=\"fr_FR\" \/>\n<meta property=\"og:type\" content=\"article\" \/>\n<meta property=\"og:title\" content=\"Laines du Nord - Paint Sock 6 ply &#171; Swiss Crochet\" \/>\n<meta property=\"og:description\" content=\"Laines du Nord Paint Sock 6 Ply : fil chaussette en laine avec de magnifiques rayures. Parfait pour chaussettes, v\u00eatements, accessoires et projets au crochet color\u00e9s.\" \/>\n<meta property=\"og:url\" content=\"https:\/\/www.swisscrochet.ch\/fr\/produit\/laines-du-nord-paint-sock-6-ply\/\" \/>\n<meta property=\"og:site_name\" content=\"Swiss Crochet\" \/>\n<meta property=\"article:modified_time\" content=\"2025-11-21T19:02:28+00:00\" \/>\n<meta property=\"og:image\" content=\"https:\/\/www.swisscrochet.ch\/wp-content\/uploads\/2025\/11\/Laines-du-Nord-Paint-Sock-6ply-Overview.jpg\" \/>\n\t<meta property=\"og:image:width\" content=\"1000\" \/>\n\t<meta property=\"og:image:height\" content=\"1000\" \/>\n\t<meta property=\"og:image:type\" content=\"image\/jpeg\" \/>\n<meta name=\"twitter:card\" content=\"summary_large_image\" \/>\n<meta name=\"twitter:label1\" content=\"Dur\u00e9e de lecture estim\u00e9e\" \/>\n\t<meta name=\"twitter:data1\" content=\"1 minute\" \/>\n<script type=\"application\/ld+json\" class=\"yoast-schema-graph\">{\"@context\":\"https:\\\/\\\/schema.org\",\"@graph\":[{\"@type\":[\"WebPage\",\"ItemPage\"],\"@id\":\"https:\\\/\\\/www.swisscrochet.ch\\\/fr\\\/produit\\\/laines-du-nord-paint-sock-6-ply\\\/\",\"url\":\"https:\\\/\\\/www.swisscrochet.ch\\\/fr\\\/produit\\\/laines-du-nord-paint-sock-6-ply\\\/\",\"name\":\"Laines du Nord - Paint Sock 6 ply &#171; Swiss Crochet\",\"isPartOf\":{\"@id\":\"https:\\\/\\\/www.swisscrochet.ch\\\/#website\"},\"primaryImageOfPage\":{\"@id\":\"https:\\\/\\\/www.swisscrochet.ch\\\/fr\\\/produit\\\/laines-du-nord-paint-sock-6-ply\\\/#primaryimage\"},\"image\":{\"@id\":\"https:\\\/\\\/www.swisscrochet.ch\\\/fr\\\/produit\\\/laines-du-nord-paint-sock-6-ply\\\/#primaryimage\"},\"thumbnailUrl\":\"https:\\\/\\\/www.swisscrochet.ch\\\/wp-content\\\/uploads\\\/2025\\\/11\\\/Laines-du-Nord-Paint-Sock-6ply-Overview.jpg\",\"datePublished\":\"2025-11-21T18:15:08+00:00\",\"dateModified\":\"2025-11-21T19:02:28+00:00\",\"description\":\"Laines du Nord Paint Sock 6 Ply : fil chaussette en laine avec de magnifiques rayures. Parfait pour chaussettes, v\u00eatements, accessoires et projets au crochet color\u00e9s.\",\"breadcrumb\":{\"@id\":\"https:\\\/\\\/www.swisscrochet.ch\\\/fr\\\/produit\\\/laines-du-nord-paint-sock-6-ply\\\/#breadcrumb\"},\"inLanguage\":\"fr-FR\",\"potentialAction\":[{\"@type\":\"ReadAction\",\"target\":[\"https:\\\/\\\/www.swisscrochet.ch\\\/fr\\\/produit\\\/laines-du-nord-paint-sock-6-ply\\\/\"]}]},{\"@type\":\"ImageObject\",\"inLanguage\":\"fr-FR\",\"@id\":\"https:\\\/\\\/www.swisscrochet.ch\\\/fr\\\/produit\\\/laines-du-nord-paint-sock-6-ply\\\/#primaryimage\",\"url\":\"https:\\\/\\\/www.swisscrochet.ch\\\/wp-content\\\/uploads\\\/2025\\\/11\\\/Laines-du-Nord-Paint-Sock-6ply-Overview.jpg\",\"contentUrl\":\"https:\\\/\\\/www.swisscrochet.ch\\\/wp-content\\\/uploads\\\/2025\\\/11\\\/Laines-du-Nord-Paint-Sock-6ply-Overview.jpg\",\"width\":1000,\"height\":1000},{\"@type\":\"BreadcrumbList\",\"@id\":\"https:\\\/\\\/www.swisscrochet.ch\\\/fr\\\/produit\\\/laines-du-nord-paint-sock-6-ply\\\/#breadcrumb\",\"itemListElement\":[{\"@type\":\"ListItem\",\"position\":1,\"name\":\"Home\",\"item\":\"https:\\\/\\\/www.swisscrochet.ch\\\/fr\\\/\"},{\"@type\":\"ListItem\",\"position\":2,\"name\":\"Boutique\",\"item\":\"https:\\\/\\\/www.swisscrochet.ch\\\/fr\\\/boutique\\\/\"},{\"@type\":\"ListItem\",\"position\":3,\"name\":\"Laines du Nord &#8211; Paint Sock 6 ply\"}]},{\"@type\":\"WebSite\",\"@id\":\"https:\\\/\\\/www.swisscrochet.ch\\\/#website\",\"url\":\"https:\\\/\\\/www.swisscrochet.ch\\\/\",\"name\":\"Swiss Crochet\",\"description\":\"Lib\u00e9rez votre potentiel cr\u00e9atif\",\"potentialAction\":[{\"@type\":\"SearchAction\",\"target\":{\"@type\":\"EntryPoint\",\"urlTemplate\":\"https:\\\/\\\/www.swisscrochet.ch\\\/?s={search_term_string}\"},\"query-input\":{\"@type\":\"PropertyValueSpecification\",\"valueRequired\":true,\"valueName\":\"search_term_string\"}}],\"inLanguage\":\"fr-FR\"}]}<\/script>\n<!-- \/ Yoast SEO plugin. -->","yoast_head_json":{"title":"Laines du Nord - Paint Sock 6 ply &#171; Swiss Crochet","description":"Laines du Nord Paint Sock 6 Ply : fil chaussette en laine avec de magnifiques rayures. Parfait pour chaussettes, v\u00eatements, accessoires et projets au crochet color\u00e9s.","robots":{"index":"index","follow":"follow","max-snippet":"max-snippet:-1","max-image-preview":"max-image-preview:large","max-video-preview":"max-video-preview:-1"},"canonical":"https:\/\/www.swisscrochet.ch\/fr\/produit\/laines-du-nord-paint-sock-6-ply\/","og_locale":"fr_FR","og_type":"article","og_title":"Laines du Nord - Paint Sock 6 ply &#171; Swiss Crochet","og_description":"Laines du Nord Paint Sock 6 Ply : fil chaussette en laine avec de magnifiques rayures. Parfait pour chaussettes, v\u00eatements, accessoires et projets au crochet color\u00e9s.","og_url":"https:\/\/www.swisscrochet.ch\/fr\/produit\/laines-du-nord-paint-sock-6-ply\/","og_site_name":"Swiss Crochet","article_modified_time":"2025-11-21T19:02:28+00:00","og_image":[{"width":1000,"height":1000,"url":"https:\/\/www.swisscrochet.ch\/wp-content\/uploads\/2025\/11\/Laines-du-Nord-Paint-Sock-6ply-Overview.jpg","type":"image\/jpeg"}],"twitter_card":"summary_large_image","twitter_misc":{"Dur\u00e9e de lecture estim\u00e9e":"1 minute"},"schema":{"@context":"https:\/\/schema.org","@graph":[{"@type":["WebPage","ItemPage"],"@id":"https:\/\/www.swisscrochet.ch\/fr\/produit\/laines-du-nord-paint-sock-6-ply\/","url":"https:\/\/www.swisscrochet.ch\/fr\/produit\/laines-du-nord-paint-sock-6-ply\/","name":"Laines du Nord - Paint Sock 6 ply &#171; Swiss Crochet","isPartOf":{"@id":"https:\/\/www.swisscrochet.ch\/#website"},"primaryImageOfPage":{"@id":"https:\/\/www.swisscrochet.ch\/fr\/produit\/laines-du-nord-paint-sock-6-ply\/#primaryimage"},"image":{"@id":"https:\/\/www.swisscrochet.ch\/fr\/produit\/laines-du-nord-paint-sock-6-ply\/#primaryimage"},"thumbnailUrl":"https:\/\/www.swisscrochet.ch\/wp-content\/uploads\/2025\/11\/Laines-du-Nord-Paint-Sock-6ply-Overview.jpg","datePublished":"2025-11-21T18:15:08+00:00","dateModified":"2025-11-21T19:02:28+00:00","description":"Laines du Nord Paint Sock 6 Ply : fil chaussette en laine avec de magnifiques rayures. Parfait pour chaussettes, v\u00eatements, accessoires et projets au crochet color\u00e9s.","breadcrumb":{"@id":"https:\/\/www.swisscrochet.ch\/fr\/produit\/laines-du-nord-paint-sock-6-ply\/#breadcrumb"},"inLanguage":"fr-FR","potentialAction":[{"@type":"ReadAction","target":["https:\/\/www.swisscrochet.ch\/fr\/produit\/laines-du-nord-paint-sock-6-ply\/"]}]},{"@type":"ImageObject","inLanguage":"fr-FR","@id":"https:\/\/www.swisscrochet.ch\/fr\/produit\/laines-du-nord-paint-sock-6-ply\/#primaryimage","url":"https:\/\/www.swisscrochet.ch\/wp-content\/uploads\/2025\/11\/Laines-du-Nord-Paint-Sock-6ply-Overview.jpg","contentUrl":"https:\/\/www.swisscrochet.ch\/wp-content\/uploads\/2025\/11\/Laines-du-Nord-Paint-Sock-6ply-Overview.jpg","width":1000,"height":1000},{"@type":"BreadcrumbList","@id":"https:\/\/www.swisscrochet.ch\/fr\/produit\/laines-du-nord-paint-sock-6-ply\/#breadcrumb","itemListElement":[{"@type":"ListItem","position":1,"name":"Home","item":"https:\/\/www.swisscrochet.ch\/fr\/"},{"@type":"ListItem","position":2,"name":"Boutique","item":"https:\/\/www.swisscrochet.ch\/fr\/boutique\/"},{"@type":"ListItem","position":3,"name":"Laines du Nord &#8211; Paint Sock 6 ply"}]},{"@type":"WebSite","@id":"https:\/\/www.swisscrochet.ch\/#website","url":"https:\/\/www.swisscrochet.ch\/","name":"Swiss Crochet","description":"Lib\u00e9rez votre potentiel cr\u00e9atif","potentialAction":[{"@type":"SearchAction","target":{"@type":"EntryPoint","urlTemplate":"https:\/\/www.swisscrochet.ch\/?s={search_term_string}"},"query-input":{"@type":"PropertyValueSpecification","valueRequired":true,"valueName":"search_term_string"}}],"inLanguage":"fr-FR"}]}},"_links":{"self":[{"href":"https:\/\/www.swisscrochet.ch\/fr\/wp-json\/wp\/v2\/product\/15870","targetHints":{"allow":["GET"]}}],"collection":[{"href":"https:\/\/www.swisscrochet.ch\/fr\/wp-json\/wp\/v2\/product"}],"about":[{"href":"https:\/\/www.swisscrochet.ch\/fr\/wp-json\/wp\/v2\/types\/product"}],"wp:featuredmedia":[{"embeddable":true,"href":"https:\/\/www.swisscrochet.ch\/fr\/wp-json\/wp\/v2\/media\/15647"}],"wp:attachment":[{"href":"https:\/\/www.swisscrochet.ch\/fr\/wp-json\/wp\/v2\/media?parent=15870"}],"wp:term":[{"taxonomy":"product_brand","embeddable":true,"href":"https:\/\/www.swisscrochet.ch\/fr\/wp-json\/wp\/v2\/product_brand?post=15870"},{"taxonomy":"product_cat","embeddable":true,"href":"https:\/\/www.swisscrochet.ch\/fr\/wp-json\/wp\/v2\/product_cat?post=15870"},{"taxonomy":"product_tag","embeddable":true,"href":"https:\/\/www.swisscrochet.ch\/fr\/wp-json\/wp\/v2\/product_tag?post=15870"}],"curies":[{"name":"wp","href":"https:\/\/api.w.org\/{rel}","templated":true}]}}