{"id":16028,"date":"2025-11-25T18:04:59","date_gmt":"2025-11-25T17:04:59","guid":{"rendered":"https:\/\/www.swisscrochet.ch\/product\/red-sparkle-crochet-bag-yarn-kit\/"},"modified":"2025-11-27T11:09:54","modified_gmt":"2025-11-27T10:09:54","slug":"sac-crochete-red-sparkle-kit-de-fil","status":"publish","type":"product","link":"https:\/\/www.swisscrochet.ch\/fr\/produit\/sac-crochete-red-sparkle-kit-de-fil\/","title":{"rendered":"Sac crochet\u00e9 Red Sparkle \u2013 Kit de fil"},"content":{"rendered":"","protected":false},"excerpt":{"rendered":"<p>Cr\u00e9ez un sac crochet\u00e9 magnifiquement scintillant avec ce kit de fil \u00e9l\u00e9gant. L\u2019association de tons rouges vifs et d\u2019une subtile brillance apporte une touche de sophistication \u00e0 votre accessoire fait main \u2013 parfait pour le quotidien comme pour des occasions sp\u00e9ciales.<\/p>\n<p>Dans ce projet, un brin de Nakyang If est utilis\u00e9 avec deux brins de Laines du Nord Arme.<\/p>\n<p><strong>Le kit comprend :<\/strong><\/p>\n<ul>\n<li>2 pelotes de Nakyang If<\/li>\n<li>3 pelotes de Laines du Nord Arme<\/li>\n<\/ul>\n<p><strong>Options suppl\u00e9mentaires :<\/strong><\/p>\n<ul>\n<li>le mod\u00e8le figure dans le livre <em>22 Sacs &amp; Accessoires en Raphia<\/em> d\u2019<em>Ayaka Chiba<\/em>, disponible en fran\u00e7ais (voir les liens ci-dessous)<\/li>\n<li>crochet 3.50 mm<\/li>\n<\/ul>\n<p>Avec ce kit, vous avez tout le mat\u00e9riel n\u00e9cessaire pour cr\u00e9er votre nouveau sac au crochet pr\u00e9f\u00e9r\u00e9 \u2013 simple, \u00e9l\u00e9gant et inspirant.<\/p>\n","protected":false},"featured_media":16017,"template":"","meta":[],"product_brand":[],"product_cat":[331,1664],"product_tag":[2077,2085],"class_list":{"0":"post-16028","1":"product","2":"type-product","3":"status-publish","4":"has-post-thumbnail","6":"product_cat-kits-de-fils","7":"product_cat-kits-de-fils-sacs","8":"product_tag-arme","9":"product_tag-if","10":"description-off","12":"first","13":"instock","14":"virtual","15":"taxable","16":"purchasable","17":"product-type-bundle"},"bundled_by":[],"bundle_stock_status":"instock","bundle_stock_quantity":6,"bundle_virtual":false,"bundle_layout":"default","bundle_add_to_cart_form_location":"default","bundle_editable_in_cart":false,"bundle_sold_individually_context":"product","bundle_item_grouping":"parent","bundle_min_size":"","bundle_max_size":"","bundle_price":{"price":{"min":{"incl_tax":"30","excl_tax":"27.76"},"max":{"incl_tax":"74.8","excl_tax":"71.59"}},"regular_price":{"min":{"incl_tax":"30","excl_tax":"27.76"},"max":{"incl_tax":"74.8","excl_tax":"71.59"}}},"bundled_items":[{"bundled_item_id":559,"product_id":2601,"menu_order":0,"quantity_min":2,"quantity_max":2,"quantity_default":2,"priced_individually":true,"shipped_individually":false,"override_title":false,"title":"Nakyang &#8211; If","override_description":false,"description":"Nakyang &#8211; If","optional":false,"hide_thumbnail":false,"discount":"","override_variations":true,"allowed_variations":[2613],"override_default_variation_attributes":true,"default_variation_attributes":[{"id":0,"name":"Color","option":"267"}],"single_product_visibility":"hidden","cart_visibility":"visible","order_visibility":"visible","single_product_price_visibility":"visible","cart_price_visibility":"visible","order_price_visibility":"visible","stock_status":"in_stock"},{"bundled_item_id":560,"product_id":6073,"menu_order":1,"quantity_min":3,"quantity_max":3,"quantity_default":3,"priced_individually":true,"shipped_individually":false,"override_title":false,"title":"Laines du Nord &#8211; Arm\u00e9","override_description":false,"description":"Laines du Nord &#8211; Arm\u00e9","optional":false,"hide_thumbnail":false,"discount":"","override_variations":true,"allowed_variations":[6076],"override_default_variation_attributes":true,"default_variation_attributes":[{"id":0,"name":"Color","option":"1040"}],"single_product_visibility":"hidden","cart_visibility":"visible","order_visibility":"visible","single_product_price_visibility":"visible","cart_price_visibility":"visible","order_price_visibility":"visible","stock_status":"in_stock"},{"bundled_item_id":561,"product_id":11470,"menu_order":2,"quantity_min":1,"quantity_max":1,"quantity_default":1,"priced_individually":true,"shipped_individually":false,"override_title":false,"title":"22 Sacs &amp; Accessoires en Raphia &#8211; Ayaka Chiba","override_description":true,"description":"","optional":true,"hide_thumbnail":false,"discount":"","override_variations":false,"allowed_variations":[""],"override_default_variation_attributes":false,"default_variation_attributes":[],"single_product_visibility":"visible","cart_visibility":"visible","order_visibility":"visible","single_product_price_visibility":"visible","cart_price_visibility":"visible","order_price_visibility":"visible","stock_status":"in_stock"},{"bundled_item_id":562,"product_id":3501,"menu_order":3,"quantity_min":1,"quantity_max":1,"quantity_default":1,"priced_individually":true,"shipped_individually":false,"override_title":false,"title":"Tulip &#8211; Etimo Red &#8211; Crochet avec manche souple","override_description":true,"description":"","optional":true,"hide_thumbnail":false,"discount":"","override_variations":true,"allowed_variations":[3507],"override_default_variation_attributes":true,"default_variation_attributes":[{"id":0,"name":"Size","option":"3.50 mm"}],"single_product_visibility":"visible","cart_visibility":"visible","order_visibility":"visible","single_product_price_visibility":"visible","cart_price_visibility":"visible","order_price_visibility":"visible","stock_status":"in_stock"}],"bundle_sell_ids":[],"yoast_head":"<!-- This site is optimized with the Yoast SEO plugin v27.4 - https:\/\/yoast.com\/product\/yoast-seo-wordpress\/ -->\n<title>Sac crochet\u00e9 Red Sparkle \u2013 Kit de fil &#171; Swiss Crochet<\/title>\n<meta name=\"description\" content=\"Sac crochet\u00e9 Red Sparkle avec Nakyang If et Laines du Nord Arme. Patron et crochet 3.50 mm disponibles en option. Parfait pour des sacs DIY \u00e9l\u00e9gants.\" \/>\n<meta name=\"robots\" content=\"index, follow, max-snippet:-1, max-image-preview:large, max-video-preview:-1\" \/>\n<link rel=\"canonical\" href=\"https:\/\/www.swisscrochet.ch\/produit\/red-sparkle-crochet-bag-yarn-kit\/\" \/>\n<meta property=\"og:locale\" content=\"fr_FR\" \/>\n<meta property=\"og:type\" content=\"article\" \/>\n<meta property=\"og:title\" content=\"Sac crochet\u00e9 Red Sparkle \u2013 Kit de fil &#171; Swiss Crochet\" \/>\n<meta property=\"og:description\" content=\"Sac crochet\u00e9 Red Sparkle avec Nakyang If et Laines du Nord Arme. Patron et crochet 3.50 mm disponibles en option. Parfait pour des sacs DIY \u00e9l\u00e9gants.\" \/>\n<meta property=\"og:url\" content=\"https:\/\/www.swisscrochet.ch\/produit\/red-sparkle-crochet-bag-yarn-kit\/\" \/>\n<meta property=\"og:site_name\" content=\"Swiss Crochet\" \/>\n<meta property=\"article:modified_time\" content=\"2025-11-27T10:09:54+00:00\" \/>\n<meta property=\"og:image\" content=\"https:\/\/www.swisscrochet.ch\/wp-content\/uploads\/2025\/11\/Red-Sparkle-Crochet-Bag-Overview.jpg\" \/>\n\t<meta property=\"og:image:width\" content=\"1000\" \/>\n\t<meta property=\"og:image:height\" content=\"1000\" \/>\n\t<meta property=\"og:image:type\" content=\"image\/jpeg\" \/>\n<meta name=\"twitter:card\" content=\"summary_large_image\" \/>\n<meta name=\"twitter:label1\" content=\"Dur\u00e9e de lecture estim\u00e9e\" \/>\n\t<meta name=\"twitter:data1\" content=\"1 minute\" \/>\n<script type=\"application\/ld+json\" class=\"yoast-schema-graph\">{\"@context\":\"https:\\\/\\\/schema.org\",\"@graph\":[{\"@type\":[\"WebPage\",\"ItemPage\"],\"@id\":\"https:\\\/\\\/www.swisscrochet.ch\\\/produit\\\/red-sparkle-crochet-bag-yarn-kit\\\/\",\"url\":\"https:\\\/\\\/www.swisscrochet.ch\\\/produit\\\/red-sparkle-crochet-bag-yarn-kit\\\/\",\"name\":\"Sac crochet\u00e9 Red Sparkle \u2013 Kit de fil &#171; Swiss Crochet\",\"isPartOf\":{\"@id\":\"https:\\\/\\\/www.swisscrochet.ch\\\/#website\"},\"primaryImageOfPage\":{\"@id\":\"https:\\\/\\\/www.swisscrochet.ch\\\/produit\\\/red-sparkle-crochet-bag-yarn-kit\\\/#primaryimage\"},\"image\":{\"@id\":\"https:\\\/\\\/www.swisscrochet.ch\\\/produit\\\/red-sparkle-crochet-bag-yarn-kit\\\/#primaryimage\"},\"thumbnailUrl\":\"https:\\\/\\\/www.swisscrochet.ch\\\/wp-content\\\/uploads\\\/2025\\\/11\\\/Red-Sparkle-Crochet-Bag-Overview.jpg\",\"datePublished\":\"2025-11-25T17:04:59+00:00\",\"dateModified\":\"2025-11-27T10:09:54+00:00\",\"description\":\"Sac crochet\u00e9 Red Sparkle avec Nakyang If et Laines du Nord Arme. Patron et crochet 3.50 mm disponibles en option. Parfait pour des sacs DIY \u00e9l\u00e9gants.\",\"breadcrumb\":{\"@id\":\"https:\\\/\\\/www.swisscrochet.ch\\\/produit\\\/red-sparkle-crochet-bag-yarn-kit\\\/#breadcrumb\"},\"inLanguage\":\"fr-FR\",\"potentialAction\":[{\"@type\":\"ReadAction\",\"target\":[\"https:\\\/\\\/www.swisscrochet.ch\\\/produit\\\/red-sparkle-crochet-bag-yarn-kit\\\/\"]}]},{\"@type\":\"ImageObject\",\"inLanguage\":\"fr-FR\",\"@id\":\"https:\\\/\\\/www.swisscrochet.ch\\\/produit\\\/red-sparkle-crochet-bag-yarn-kit\\\/#primaryimage\",\"url\":\"https:\\\/\\\/www.swisscrochet.ch\\\/wp-content\\\/uploads\\\/2025\\\/11\\\/Red-Sparkle-Crochet-Bag-Overview.jpg\",\"contentUrl\":\"https:\\\/\\\/www.swisscrochet.ch\\\/wp-content\\\/uploads\\\/2025\\\/11\\\/Red-Sparkle-Crochet-Bag-Overview.jpg\",\"width\":1000,\"height\":1000},{\"@type\":\"BreadcrumbList\",\"@id\":\"https:\\\/\\\/www.swisscrochet.ch\\\/produit\\\/red-sparkle-crochet-bag-yarn-kit\\\/#breadcrumb\",\"itemListElement\":[{\"@type\":\"ListItem\",\"position\":1,\"name\":\"Home\",\"item\":\"https:\\\/\\\/www.swisscrochet.ch\\\/fr\\\/\"},{\"@type\":\"ListItem\",\"position\":2,\"name\":\"Boutique\",\"item\":\"https:\\\/\\\/www.swisscrochet.ch\\\/fr\\\/boutique\\\/\"},{\"@type\":\"ListItem\",\"position\":3,\"name\":\"Sac crochet\u00e9 Red Sparkle \u2013 Kit de fil\"}]},{\"@type\":\"WebSite\",\"@id\":\"https:\\\/\\\/www.swisscrochet.ch\\\/#website\",\"url\":\"https:\\\/\\\/www.swisscrochet.ch\\\/\",\"name\":\"Swiss Crochet\",\"description\":\"Lib\u00e9rez votre potentiel cr\u00e9atif\",\"potentialAction\":[{\"@type\":\"SearchAction\",\"target\":{\"@type\":\"EntryPoint\",\"urlTemplate\":\"https:\\\/\\\/www.swisscrochet.ch\\\/?s={search_term_string}\"},\"query-input\":{\"@type\":\"PropertyValueSpecification\",\"valueRequired\":true,\"valueName\":\"search_term_string\"}}],\"inLanguage\":\"fr-FR\"}]}<\/script>\n<!-- \/ Yoast SEO plugin. -->","yoast_head_json":{"title":"Sac crochet\u00e9 Red Sparkle \u2013 Kit de fil &#171; Swiss Crochet","description":"Sac crochet\u00e9 Red Sparkle avec Nakyang If et Laines du Nord Arme. Patron et crochet 3.50 mm disponibles en option. Parfait pour des sacs DIY \u00e9l\u00e9gants.","robots":{"index":"index","follow":"follow","max-snippet":"max-snippet:-1","max-image-preview":"max-image-preview:large","max-video-preview":"max-video-preview:-1"},"canonical":"https:\/\/www.swisscrochet.ch\/produit\/red-sparkle-crochet-bag-yarn-kit\/","og_locale":"fr_FR","og_type":"article","og_title":"Sac crochet\u00e9 Red Sparkle \u2013 Kit de fil &#171; Swiss Crochet","og_description":"Sac crochet\u00e9 Red Sparkle avec Nakyang If et Laines du Nord Arme. Patron et crochet 3.50 mm disponibles en option. Parfait pour des sacs DIY \u00e9l\u00e9gants.","og_url":"https:\/\/www.swisscrochet.ch\/produit\/red-sparkle-crochet-bag-yarn-kit\/","og_site_name":"Swiss Crochet","article_modified_time":"2025-11-27T10:09:54+00:00","og_image":[{"width":1000,"height":1000,"url":"https:\/\/www.swisscrochet.ch\/wp-content\/uploads\/2025\/11\/Red-Sparkle-Crochet-Bag-Overview.jpg","type":"image\/jpeg"}],"twitter_card":"summary_large_image","twitter_misc":{"Dur\u00e9e de lecture estim\u00e9e":"1 minute"},"schema":{"@context":"https:\/\/schema.org","@graph":[{"@type":["WebPage","ItemPage"],"@id":"https:\/\/www.swisscrochet.ch\/produit\/red-sparkle-crochet-bag-yarn-kit\/","url":"https:\/\/www.swisscrochet.ch\/produit\/red-sparkle-crochet-bag-yarn-kit\/","name":"Sac crochet\u00e9 Red Sparkle \u2013 Kit de fil &#171; Swiss Crochet","isPartOf":{"@id":"https:\/\/www.swisscrochet.ch\/#website"},"primaryImageOfPage":{"@id":"https:\/\/www.swisscrochet.ch\/produit\/red-sparkle-crochet-bag-yarn-kit\/#primaryimage"},"image":{"@id":"https:\/\/www.swisscrochet.ch\/produit\/red-sparkle-crochet-bag-yarn-kit\/#primaryimage"},"thumbnailUrl":"https:\/\/www.swisscrochet.ch\/wp-content\/uploads\/2025\/11\/Red-Sparkle-Crochet-Bag-Overview.jpg","datePublished":"2025-11-25T17:04:59+00:00","dateModified":"2025-11-27T10:09:54+00:00","description":"Sac crochet\u00e9 Red Sparkle avec Nakyang If et Laines du Nord Arme. Patron et crochet 3.50 mm disponibles en option. Parfait pour des sacs DIY \u00e9l\u00e9gants.","breadcrumb":{"@id":"https:\/\/www.swisscrochet.ch\/produit\/red-sparkle-crochet-bag-yarn-kit\/#breadcrumb"},"inLanguage":"fr-FR","potentialAction":[{"@type":"ReadAction","target":["https:\/\/www.swisscrochet.ch\/produit\/red-sparkle-crochet-bag-yarn-kit\/"]}]},{"@type":"ImageObject","inLanguage":"fr-FR","@id":"https:\/\/www.swisscrochet.ch\/produit\/red-sparkle-crochet-bag-yarn-kit\/#primaryimage","url":"https:\/\/www.swisscrochet.ch\/wp-content\/uploads\/2025\/11\/Red-Sparkle-Crochet-Bag-Overview.jpg","contentUrl":"https:\/\/www.swisscrochet.ch\/wp-content\/uploads\/2025\/11\/Red-Sparkle-Crochet-Bag-Overview.jpg","width":1000,"height":1000},{"@type":"BreadcrumbList","@id":"https:\/\/www.swisscrochet.ch\/produit\/red-sparkle-crochet-bag-yarn-kit\/#breadcrumb","itemListElement":[{"@type":"ListItem","position":1,"name":"Home","item":"https:\/\/www.swisscrochet.ch\/fr\/"},{"@type":"ListItem","position":2,"name":"Boutique","item":"https:\/\/www.swisscrochet.ch\/fr\/boutique\/"},{"@type":"ListItem","position":3,"name":"Sac crochet\u00e9 Red Sparkle \u2013 Kit de fil"}]},{"@type":"WebSite","@id":"https:\/\/www.swisscrochet.ch\/#website","url":"https:\/\/www.swisscrochet.ch\/","name":"Swiss Crochet","description":"Lib\u00e9rez votre potentiel cr\u00e9atif","potentialAction":[{"@type":"SearchAction","target":{"@type":"EntryPoint","urlTemplate":"https:\/\/www.swisscrochet.ch\/?s={search_term_string}"},"query-input":{"@type":"PropertyValueSpecification","valueRequired":true,"valueName":"search_term_string"}}],"inLanguage":"fr-FR"}]}},"_links":{"self":[{"href":"https:\/\/www.swisscrochet.ch\/fr\/wp-json\/wp\/v2\/product\/16028","targetHints":{"allow":["GET"]}}],"collection":[{"href":"https:\/\/www.swisscrochet.ch\/fr\/wp-json\/wp\/v2\/product"}],"about":[{"href":"https:\/\/www.swisscrochet.ch\/fr\/wp-json\/wp\/v2\/types\/product"}],"wp:featuredmedia":[{"embeddable":true,"href":"https:\/\/www.swisscrochet.ch\/fr\/wp-json\/wp\/v2\/media\/16017"}],"wp:attachment":[{"href":"https:\/\/www.swisscrochet.ch\/fr\/wp-json\/wp\/v2\/media?parent=16028"}],"wp:term":[{"taxonomy":"product_brand","embeddable":true,"href":"https:\/\/www.swisscrochet.ch\/fr\/wp-json\/wp\/v2\/product_brand?post=16028"},{"taxonomy":"product_cat","embeddable":true,"href":"https:\/\/www.swisscrochet.ch\/fr\/wp-json\/wp\/v2\/product_cat?post=16028"},{"taxonomy":"product_tag","embeddable":true,"href":"https:\/\/www.swisscrochet.ch\/fr\/wp-json\/wp\/v2\/product_tag?post=16028"}],"curies":[{"name":"wp","href":"https:\/\/api.w.org\/{rel}","templated":true}]}}