{"id":16133,"date":"2025-06-15T11:33:24","date_gmt":"2025-06-15T09:33:24","guid":{"rendered":"https:\/\/www.swisscrochet.ch\/product\/pressed-violets-shawl-with-poema-mohair-yarn-kit\/"},"modified":"2025-12-03T11:54:52","modified_gmt":"2025-12-03T10:54:52","slug":"chale-pressed-violets-avec-poema-mohair-kit-de-fil","status":"publish","type":"product","link":"https:\/\/www.swisscrochet.ch\/fr\/produit\/chale-pressed-violets-avec-poema-mohair-kit-de-fil\/","title":{"rendered":"Ch\u00e2le Pressed Violets avec Poema Mohair &#8211; Kit de fil"},"content":{"rendered":"","protected":false},"excerpt":{"rendered":"<p>Cr\u00e9ez un ch\u00e2le en dentelle d\u00e9licat et a\u00e9rien avec ce kit de fil \u00e9l\u00e9gant. R\u00e9alis\u00e9 avec le fil \u00e0 long d\u00e9grad\u00e9 Poema Mohair, ce projet allie douceur l\u00e9g\u00e8re et transitions de couleur harmonieusement fluides. Vous pouvez en savoir plus sur la cr\u00e9ation de ce ch\u00e2le sur le <a href=\"https:\/\/www.swisscrochet.ch\/fr\/2025\/06\/le-chale-pressed-violets-en-poema-mohair\/\">blog Swiss Crochet<\/a>.<\/p>\n<p><strong>Le kit comprend\u00a0:<\/strong><\/p>\n<ul>\n<li>une copie num\u00e9rique du <a href=\"https:\/\/www.ravelry.com\/patterns\/library\/pressed-violets-shawl\">Pressed Violets Shawl de Lena Fedotova<\/a> (disponible en anglais et en espagnol)<\/li>\n<li>2 \u00e9cheveaux de Laines du Nord Poema dans le coloris de votre choix<\/li>\n<\/ul>\n<p><strong>Options suppl\u00e9mentaires\u00a0:<\/strong><\/p>\n<ul>\n<li>crochet de 3.00 mm<\/li>\n<\/ul>\n<p>Avec ce kit, vous aurez tout ce qu\u2019il vous faut pour cr\u00e9er votre nouveau ch\u00e2le au crochet pr\u00e9f\u00e9r\u00e9 \u2014 \u00e9l\u00e9gant, m\u00e9ditatif et infiniment inspirant.<\/p>\n","protected":false},"featured_media":7677,"template":"","meta":[],"product_brand":[],"product_cat":[1661,331],"product_tag":[2100],"class_list":{"0":"post-16133","1":"product","2":"type-product","3":"status-publish","4":"has-post-thumbnail","6":"product_cat-kits-de-fils-accessoires","7":"product_cat-kits-de-fils","8":"product_tag-poema-mohair","9":"description-off","11":"first","12":"instock","13":"virtual","14":"taxable","15":"purchasable","16":"product-type-bundle"},"bundled_by":[],"bundle_stock_status":"instock","bundle_stock_quantity":46,"bundle_virtual":false,"bundle_layout":"default","bundle_add_to_cart_form_location":"default","bundle_editable_in_cart":false,"bundle_sold_individually_context":"product","bundle_item_grouping":"parent","bundle_min_size":"","bundle_max_size":"","bundle_price":{"price":{"min":{"incl_tax":"63","excl_tax":"58.28"},"max":{"incl_tax":"75.9","excl_tax":"70.21"}},"regular_price":{"min":{"incl_tax":"63","excl_tax":"58.28"},"max":{"incl_tax":"75.9","excl_tax":"70.21"}}},"bundled_items":[{"bundled_item_id":573,"product_id":6030,"menu_order":0,"quantity_min":2,"quantity_max":2,"quantity_default":2,"priced_individually":true,"shipped_individually":false,"override_title":false,"title":"Laines du Nord &#8211; Poema Mohair","override_description":true,"description":"","optional":false,"hide_thumbnail":false,"discount":"","override_variations":false,"allowed_variations":[""],"override_default_variation_attributes":false,"default_variation_attributes":[],"single_product_visibility":"visible","cart_visibility":"visible","order_visibility":"visible","single_product_price_visibility":"visible","cart_price_visibility":"visible","order_price_visibility":"visible","stock_status":"in_stock"},{"bundled_item_id":574,"product_id":3501,"menu_order":1,"quantity_min":1,"quantity_max":1,"quantity_default":1,"priced_individually":true,"shipped_individually":false,"override_title":false,"title":"Tulip &#8211; Etimo Red &#8211; Crochet avec manche souple","override_description":true,"description":"","optional":true,"hide_thumbnail":false,"discount":"","override_variations":true,"allowed_variations":[3506],"override_default_variation_attributes":true,"default_variation_attributes":[{"id":0,"name":"Size","option":"3.00 mm"}],"single_product_visibility":"visible","cart_visibility":"visible","order_visibility":"visible","single_product_price_visibility":"visible","cart_price_visibility":"visible","order_price_visibility":"visible","stock_status":"in_stock"}],"bundle_sell_ids":[],"yoast_head":"<!-- This site is optimized with the Yoast SEO plugin v27.4 - https:\/\/yoast.com\/product\/yoast-seo-wordpress\/ -->\n<title>Ch\u00e2le Pressed Violets avec Poema Mohair - Kit de fil &#171; Swiss Crochet<\/title>\n<meta name=\"description\" content=\"Cr\u00e9ez un ch\u00e2le en dentelle l\u00e9ger et \u00e9l\u00e9gant avec le kit Pressed Violets Shawl, comprenant le fil d\u00e9grad\u00e9 Poema Mohair et un patron num\u00e9rique de Lena Fedotova. Le projet de crochet id\u00e9al et inspirant pour les amatrices de ch\u00e2les.\" \/>\n<meta name=\"robots\" content=\"index, follow, max-snippet:-1, max-image-preview:large, max-video-preview:-1\" \/>\n<link rel=\"canonical\" href=\"https:\/\/www.swisscrochet.ch\/fr\/produit\/chale-pressed-violets-avec-poema-mohair-kit-de-fil\/\" \/>\n<meta property=\"og:locale\" content=\"fr_FR\" \/>\n<meta property=\"og:type\" content=\"article\" \/>\n<meta property=\"og:title\" content=\"Ch\u00e2le Pressed Violets avec Poema Mohair - Kit de fil &#171; Swiss Crochet\" \/>\n<meta property=\"og:description\" content=\"Cr\u00e9ez un ch\u00e2le en dentelle l\u00e9ger et \u00e9l\u00e9gant avec le kit Pressed Violets Shawl, comprenant le fil d\u00e9grad\u00e9 Poema Mohair et un patron num\u00e9rique de Lena Fedotova. Le projet de crochet id\u00e9al et inspirant pour les amatrices de ch\u00e2les.\" \/>\n<meta property=\"og:url\" content=\"https:\/\/www.swisscrochet.ch\/fr\/produit\/chale-pressed-violets-avec-poema-mohair-kit-de-fil\/\" \/>\n<meta property=\"og:site_name\" content=\"Swiss Crochet\" \/>\n<meta property=\"article:modified_time\" content=\"2025-12-03T10:54:52+00:00\" \/>\n<meta property=\"og:image\" content=\"https:\/\/www.swisscrochet.ch\/wp-content\/uploads\/2025\/06\/Pressed-Violets-Shawl-Poema-Mohair-1.jpg\" \/>\n\t<meta property=\"og:image:width\" content=\"1000\" \/>\n\t<meta property=\"og:image:height\" content=\"1000\" \/>\n\t<meta property=\"og:image:type\" content=\"image\/jpeg\" \/>\n<meta name=\"twitter:card\" content=\"summary_large_image\" \/>\n<meta name=\"twitter:label1\" content=\"Dur\u00e9e de lecture estim\u00e9e\" \/>\n\t<meta name=\"twitter:data1\" content=\"1 minute\" \/>\n<script type=\"application\/ld+json\" class=\"yoast-schema-graph\">{\"@context\":\"https:\\\/\\\/schema.org\",\"@graph\":[{\"@type\":[\"WebPage\",\"ItemPage\"],\"@id\":\"https:\\\/\\\/www.swisscrochet.ch\\\/fr\\\/produit\\\/chale-pressed-violets-avec-poema-mohair-kit-de-fil\\\/\",\"url\":\"https:\\\/\\\/www.swisscrochet.ch\\\/fr\\\/produit\\\/chale-pressed-violets-avec-poema-mohair-kit-de-fil\\\/\",\"name\":\"Ch\u00e2le Pressed Violets avec Poema Mohair - Kit de fil &#171; Swiss Crochet\",\"isPartOf\":{\"@id\":\"https:\\\/\\\/www.swisscrochet.ch\\\/#website\"},\"primaryImageOfPage\":{\"@id\":\"https:\\\/\\\/www.swisscrochet.ch\\\/fr\\\/produit\\\/chale-pressed-violets-avec-poema-mohair-kit-de-fil\\\/#primaryimage\"},\"image\":{\"@id\":\"https:\\\/\\\/www.swisscrochet.ch\\\/fr\\\/produit\\\/chale-pressed-violets-avec-poema-mohair-kit-de-fil\\\/#primaryimage\"},\"thumbnailUrl\":\"https:\\\/\\\/www.swisscrochet.ch\\\/wp-content\\\/uploads\\\/2025\\\/06\\\/Pressed-Violets-Shawl-Poema-Mohair-1.jpg\",\"datePublished\":\"2025-06-15T09:33:24+00:00\",\"dateModified\":\"2025-12-03T10:54:52+00:00\",\"description\":\"Cr\u00e9ez un ch\u00e2le en dentelle l\u00e9ger et \u00e9l\u00e9gant avec le kit Pressed Violets Shawl, comprenant le fil d\u00e9grad\u00e9 Poema Mohair et un patron num\u00e9rique de Lena Fedotova. Le projet de crochet id\u00e9al et inspirant pour les amatrices de ch\u00e2les.\",\"breadcrumb\":{\"@id\":\"https:\\\/\\\/www.swisscrochet.ch\\\/fr\\\/produit\\\/chale-pressed-violets-avec-poema-mohair-kit-de-fil\\\/#breadcrumb\"},\"inLanguage\":\"fr-FR\",\"potentialAction\":[{\"@type\":\"ReadAction\",\"target\":[\"https:\\\/\\\/www.swisscrochet.ch\\\/fr\\\/produit\\\/chale-pressed-violets-avec-poema-mohair-kit-de-fil\\\/\"]}]},{\"@type\":\"ImageObject\",\"inLanguage\":\"fr-FR\",\"@id\":\"https:\\\/\\\/www.swisscrochet.ch\\\/fr\\\/produit\\\/chale-pressed-violets-avec-poema-mohair-kit-de-fil\\\/#primaryimage\",\"url\":\"https:\\\/\\\/www.swisscrochet.ch\\\/wp-content\\\/uploads\\\/2025\\\/06\\\/Pressed-Violets-Shawl-Poema-Mohair-1.jpg\",\"contentUrl\":\"https:\\\/\\\/www.swisscrochet.ch\\\/wp-content\\\/uploads\\\/2025\\\/06\\\/Pressed-Violets-Shawl-Poema-Mohair-1.jpg\",\"width\":1000,\"height\":1000},{\"@type\":\"BreadcrumbList\",\"@id\":\"https:\\\/\\\/www.swisscrochet.ch\\\/fr\\\/produit\\\/chale-pressed-violets-avec-poema-mohair-kit-de-fil\\\/#breadcrumb\",\"itemListElement\":[{\"@type\":\"ListItem\",\"position\":1,\"name\":\"Home\",\"item\":\"https:\\\/\\\/www.swisscrochet.ch\\\/fr\\\/\"},{\"@type\":\"ListItem\",\"position\":2,\"name\":\"Boutique\",\"item\":\"https:\\\/\\\/www.swisscrochet.ch\\\/fr\\\/boutique\\\/\"},{\"@type\":\"ListItem\",\"position\":3,\"name\":\"Ch\u00e2le Pressed Violets avec Poema Mohair &#8211; Kit de fil\"}]},{\"@type\":\"WebSite\",\"@id\":\"https:\\\/\\\/www.swisscrochet.ch\\\/#website\",\"url\":\"https:\\\/\\\/www.swisscrochet.ch\\\/\",\"name\":\"Swiss Crochet\",\"description\":\"Lib\u00e9rez votre potentiel cr\u00e9atif\",\"potentialAction\":[{\"@type\":\"SearchAction\",\"target\":{\"@type\":\"EntryPoint\",\"urlTemplate\":\"https:\\\/\\\/www.swisscrochet.ch\\\/?s={search_term_string}\"},\"query-input\":{\"@type\":\"PropertyValueSpecification\",\"valueRequired\":true,\"valueName\":\"search_term_string\"}}],\"inLanguage\":\"fr-FR\"}]}<\/script>\n<!-- \/ Yoast SEO plugin. -->","yoast_head_json":{"title":"Ch\u00e2le Pressed Violets avec Poema Mohair - Kit de fil &#171; Swiss Crochet","description":"Cr\u00e9ez un ch\u00e2le en dentelle l\u00e9ger et \u00e9l\u00e9gant avec le kit Pressed Violets Shawl, comprenant le fil d\u00e9grad\u00e9 Poema Mohair et un patron num\u00e9rique de Lena Fedotova. Le projet de crochet id\u00e9al et inspirant pour les amatrices de ch\u00e2les.","robots":{"index":"index","follow":"follow","max-snippet":"max-snippet:-1","max-image-preview":"max-image-preview:large","max-video-preview":"max-video-preview:-1"},"canonical":"https:\/\/www.swisscrochet.ch\/fr\/produit\/chale-pressed-violets-avec-poema-mohair-kit-de-fil\/","og_locale":"fr_FR","og_type":"article","og_title":"Ch\u00e2le Pressed Violets avec Poema Mohair - Kit de fil &#171; Swiss Crochet","og_description":"Cr\u00e9ez un ch\u00e2le en dentelle l\u00e9ger et \u00e9l\u00e9gant avec le kit Pressed Violets Shawl, comprenant le fil d\u00e9grad\u00e9 Poema Mohair et un patron num\u00e9rique de Lena Fedotova. Le projet de crochet id\u00e9al et inspirant pour les amatrices de ch\u00e2les.","og_url":"https:\/\/www.swisscrochet.ch\/fr\/produit\/chale-pressed-violets-avec-poema-mohair-kit-de-fil\/","og_site_name":"Swiss Crochet","article_modified_time":"2025-12-03T10:54:52+00:00","og_image":[{"width":1000,"height":1000,"url":"https:\/\/www.swisscrochet.ch\/wp-content\/uploads\/2025\/06\/Pressed-Violets-Shawl-Poema-Mohair-1.jpg","type":"image\/jpeg"}],"twitter_card":"summary_large_image","twitter_misc":{"Dur\u00e9e de lecture estim\u00e9e":"1 minute"},"schema":{"@context":"https:\/\/schema.org","@graph":[{"@type":["WebPage","ItemPage"],"@id":"https:\/\/www.swisscrochet.ch\/fr\/produit\/chale-pressed-violets-avec-poema-mohair-kit-de-fil\/","url":"https:\/\/www.swisscrochet.ch\/fr\/produit\/chale-pressed-violets-avec-poema-mohair-kit-de-fil\/","name":"Ch\u00e2le Pressed Violets avec Poema Mohair - Kit de fil &#171; Swiss Crochet","isPartOf":{"@id":"https:\/\/www.swisscrochet.ch\/#website"},"primaryImageOfPage":{"@id":"https:\/\/www.swisscrochet.ch\/fr\/produit\/chale-pressed-violets-avec-poema-mohair-kit-de-fil\/#primaryimage"},"image":{"@id":"https:\/\/www.swisscrochet.ch\/fr\/produit\/chale-pressed-violets-avec-poema-mohair-kit-de-fil\/#primaryimage"},"thumbnailUrl":"https:\/\/www.swisscrochet.ch\/wp-content\/uploads\/2025\/06\/Pressed-Violets-Shawl-Poema-Mohair-1.jpg","datePublished":"2025-06-15T09:33:24+00:00","dateModified":"2025-12-03T10:54:52+00:00","description":"Cr\u00e9ez un ch\u00e2le en dentelle l\u00e9ger et \u00e9l\u00e9gant avec le kit Pressed Violets Shawl, comprenant le fil d\u00e9grad\u00e9 Poema Mohair et un patron num\u00e9rique de Lena Fedotova. Le projet de crochet id\u00e9al et inspirant pour les amatrices de ch\u00e2les.","breadcrumb":{"@id":"https:\/\/www.swisscrochet.ch\/fr\/produit\/chale-pressed-violets-avec-poema-mohair-kit-de-fil\/#breadcrumb"},"inLanguage":"fr-FR","potentialAction":[{"@type":"ReadAction","target":["https:\/\/www.swisscrochet.ch\/fr\/produit\/chale-pressed-violets-avec-poema-mohair-kit-de-fil\/"]}]},{"@type":"ImageObject","inLanguage":"fr-FR","@id":"https:\/\/www.swisscrochet.ch\/fr\/produit\/chale-pressed-violets-avec-poema-mohair-kit-de-fil\/#primaryimage","url":"https:\/\/www.swisscrochet.ch\/wp-content\/uploads\/2025\/06\/Pressed-Violets-Shawl-Poema-Mohair-1.jpg","contentUrl":"https:\/\/www.swisscrochet.ch\/wp-content\/uploads\/2025\/06\/Pressed-Violets-Shawl-Poema-Mohair-1.jpg","width":1000,"height":1000},{"@type":"BreadcrumbList","@id":"https:\/\/www.swisscrochet.ch\/fr\/produit\/chale-pressed-violets-avec-poema-mohair-kit-de-fil\/#breadcrumb","itemListElement":[{"@type":"ListItem","position":1,"name":"Home","item":"https:\/\/www.swisscrochet.ch\/fr\/"},{"@type":"ListItem","position":2,"name":"Boutique","item":"https:\/\/www.swisscrochet.ch\/fr\/boutique\/"},{"@type":"ListItem","position":3,"name":"Ch\u00e2le Pressed Violets avec Poema Mohair &#8211; Kit de fil"}]},{"@type":"WebSite","@id":"https:\/\/www.swisscrochet.ch\/#website","url":"https:\/\/www.swisscrochet.ch\/","name":"Swiss Crochet","description":"Lib\u00e9rez votre potentiel cr\u00e9atif","potentialAction":[{"@type":"SearchAction","target":{"@type":"EntryPoint","urlTemplate":"https:\/\/www.swisscrochet.ch\/?s={search_term_string}"},"query-input":{"@type":"PropertyValueSpecification","valueRequired":true,"valueName":"search_term_string"}}],"inLanguage":"fr-FR"}]}},"_links":{"self":[{"href":"https:\/\/www.swisscrochet.ch\/fr\/wp-json\/wp\/v2\/product\/16133","targetHints":{"allow":["GET"]}}],"collection":[{"href":"https:\/\/www.swisscrochet.ch\/fr\/wp-json\/wp\/v2\/product"}],"about":[{"href":"https:\/\/www.swisscrochet.ch\/fr\/wp-json\/wp\/v2\/types\/product"}],"wp:featuredmedia":[{"embeddable":true,"href":"https:\/\/www.swisscrochet.ch\/fr\/wp-json\/wp\/v2\/media\/7677"}],"wp:attachment":[{"href":"https:\/\/www.swisscrochet.ch\/fr\/wp-json\/wp\/v2\/media?parent=16133"}],"wp:term":[{"taxonomy":"product_brand","embeddable":true,"href":"https:\/\/www.swisscrochet.ch\/fr\/wp-json\/wp\/v2\/product_brand?post=16133"},{"taxonomy":"product_cat","embeddable":true,"href":"https:\/\/www.swisscrochet.ch\/fr\/wp-json\/wp\/v2\/product_cat?post=16133"},{"taxonomy":"product_tag","embeddable":true,"href":"https:\/\/www.swisscrochet.ch\/fr\/wp-json\/wp\/v2\/product_tag?post=16133"}],"curies":[{"name":"wp","href":"https:\/\/api.w.org\/{rel}","templated":true}]}}