{"id":16144,"date":"2025-07-20T11:59:14","date_gmt":"2025-07-20T09:59:14","guid":{"rendered":"https:\/\/www.swisscrochet.ch\/product\/summer-hat-with-daol-yarn-kit\/"},"modified":"2025-12-03T12:23:11","modified_gmt":"2025-12-03T11:23:11","slug":"chapeau-dete-avec-daol-kit-de-fil","status":"publish","type":"product","link":"https:\/\/www.swisscrochet.ch\/fr\/produit\/chapeau-dete-avec-daol-kit-de-fil\/","title":{"rendered":"Chapeau d\u2019\u00e9t\u00e9 avec Daol &#8211; Kit de fil"},"content":{"rendered":"","protected":false},"excerpt":{"rendered":"<p>Ajoutez une touche de style \u00e0 votre garde-robe d\u2019\u00e9t\u00e9 avec ce chapeau au crochet l\u00e9ger et \u00e9l\u00e9gant, r\u00e9alis\u00e9 avec Daol \u2014 un fil 100% papier, parfait pour les journ\u00e9es ensoleill\u00e9es. Que vous alliez \u00e0 la plage ou vous promeniez en ville, ce chapeau allie ombre et subtil \u00e9clat de la mani\u00e8re la plus raffin\u00e9e. Vous pouvez en savoir plus sur la cr\u00e9ation de ce mod\u00e8le sur le <a href=\"https:\/\/www.swisscrochet.ch\/fr\/2025\/07\/un-chapeau-dete-avec-daol\/\">blog Swiss Crochet<\/a>.<\/p>\n<p><strong>Le kit comprend\u00a0:<\/strong><\/p>\n<ul>\n<li>3 \u00e9cheveaux de Nakyang Daol dans le coloris 251<\/li>\n<li>1 \u00e9cheveau de Laines du Nord Arme dans le coloris 1011<\/li>\n<\/ul>\n<p><strong>Options suppl\u00e9mentaires\u00a0:<\/strong><\/p>\n<ul>\n<li>le mod\u00e8le appara\u00eet dans le livre <em>Couture Taschen H\u00e4keln<\/em> d\u2019<em>Ayaka Chiba<\/em>, disponible en allemand (voir liens ci-dessous)<\/li>\n<li>crochet de 3.00 mm<\/li>\n<li>crochet de 4.50 mm<\/li>\n<\/ul>\n<p>Avec ce kit, vous aurez tout ce qu\u2019il vous faut pour cr\u00e9er votre nouveau chapeau d\u2019\u00e9t\u00e9 pr\u00e9f\u00e9r\u00e9 \u2014 \u00e9l\u00e9gant, m\u00e9ditatif et infiniment inspirant.<\/p>\n","protected":false},"featured_media":9395,"template":"","meta":[],"product_brand":[],"product_cat":[1661,331],"product_tag":[2077,2081],"class_list":{"0":"post-16144","1":"product","2":"type-product","3":"status-publish","4":"has-post-thumbnail","6":"product_cat-kits-de-fils-accessoires","7":"product_cat-kits-de-fils","8":"product_tag-arme","9":"product_tag-daol","10":"description-off","12":"first","13":"instock","14":"virtual","15":"taxable","16":"purchasable","17":"product-type-bundle"},"bundled_by":[],"bundle_stock_status":"instock","bundle_stock_quantity":6,"bundle_virtual":false,"bundle_layout":"default","bundle_add_to_cart_form_location":"default","bundle_editable_in_cart":false,"bundle_sold_individually_context":"product","bundle_item_grouping":"parent","bundle_min_size":"","bundle_max_size":"","bundle_price":{"price":{"min":{"incl_tax":"38.1","excl_tax":"35.25"},"max":{"incl_tax":"95.8","excl_tax":"91.01"}},"regular_price":{"min":{"incl_tax":"38.1","excl_tax":"35.25"},"max":{"incl_tax":"95.8","excl_tax":"91.01"}}},"bundled_items":[{"bundled_item_id":599,"product_id":2720,"menu_order":0,"quantity_min":3,"quantity_max":3,"quantity_default":3,"priced_individually":true,"shipped_individually":false,"override_title":false,"title":"Nakyang &#8211; Daol","override_description":false,"description":"Nakyang &#8211; Daol","optional":false,"hide_thumbnail":false,"discount":"","override_variations":true,"allowed_variations":[2721],"override_default_variation_attributes":true,"default_variation_attributes":[{"id":0,"name":"Color","option":"251"}],"single_product_visibility":"hidden","cart_visibility":"visible","order_visibility":"visible","single_product_price_visibility":"visible","cart_price_visibility":"visible","order_price_visibility":"visible","stock_status":"in_stock"},{"bundled_item_id":600,"product_id":6073,"menu_order":1,"quantity_min":1,"quantity_max":1,"quantity_default":1,"priced_individually":true,"shipped_individually":false,"override_title":false,"title":"Laines du Nord &#8211; Arm\u00e9","override_description":false,"description":"Laines du Nord &#8211; Arm\u00e9","optional":false,"hide_thumbnail":false,"discount":"","override_variations":true,"allowed_variations":[6074],"override_default_variation_attributes":true,"default_variation_attributes":[{"id":0,"name":"Color","option":"1011"}],"single_product_visibility":"hidden","cart_visibility":"visible","order_visibility":"visible","single_product_price_visibility":"visible","cart_price_visibility":"visible","order_price_visibility":"visible","stock_status":"in_stock"},{"bundled_item_id":601,"product_id":7316,"menu_order":2,"quantity_min":1,"quantity_max":1,"quantity_default":1,"priced_individually":true,"shipped_individually":false,"override_title":false,"title":"Couture Taschen H\u00e4keln &#8211; Ayaka Chiba","override_description":true,"description":"","optional":true,"hide_thumbnail":false,"discount":"","override_variations":false,"allowed_variations":[""],"override_default_variation_attributes":false,"default_variation_attributes":[],"single_product_visibility":"visible","cart_visibility":"visible","order_visibility":"visible","single_product_price_visibility":"visible","cart_price_visibility":"visible","order_price_visibility":"visible","stock_status":"in_stock"},{"bundled_item_id":602,"product_id":3501,"menu_order":3,"quantity_min":1,"quantity_max":1,"quantity_default":1,"priced_individually":true,"shipped_individually":false,"override_title":false,"title":"Tulip &#8211; Etimo Red &#8211; Crochet avec manche souple","override_description":true,"description":"","optional":true,"hide_thumbnail":false,"discount":"","override_variations":true,"allowed_variations":[3506],"override_default_variation_attributes":true,"default_variation_attributes":[{"id":0,"name":"Size","option":"3.00 mm"}],"single_product_visibility":"visible","cart_visibility":"visible","order_visibility":"visible","single_product_price_visibility":"visible","cart_price_visibility":"visible","order_price_visibility":"visible","stock_status":"in_stock"},{"bundled_item_id":603,"product_id":3501,"menu_order":4,"quantity_min":1,"quantity_max":1,"quantity_default":1,"priced_individually":true,"shipped_individually":false,"override_title":false,"title":"Tulip &#8211; Etimo Red &#8211; Crochet avec manche souple","override_description":true,"description":"","optional":true,"hide_thumbnail":false,"discount":"","override_variations":true,"allowed_variations":[3509],"override_default_variation_attributes":true,"default_variation_attributes":[{"id":0,"name":"Size","option":"4.50 mm"}],"single_product_visibility":"visible","cart_visibility":"visible","order_visibility":"visible","single_product_price_visibility":"visible","cart_price_visibility":"visible","order_price_visibility":"visible","stock_status":"in_stock"}],"bundle_sell_ids":[],"yoast_head":"<!-- This site is optimized with the Yoast SEO plugin v27.4 - https:\/\/yoast.com\/product\/yoast-seo-wordpress\/ -->\n<title>Chapeau d\u2019\u00e9t\u00e9 avec Daol - Kit de fil &#171; Swiss Crochet<\/title>\n<meta name=\"description\" content=\"Cr\u00e9ez un chapeau d\u2019\u00e9t\u00e9 l\u00e9ger et \u00e9l\u00e9gant avec le kit de crochet Daol, comprenant un fil en papier et des accents assortis. Le kit inclut tout le mat\u00e9riel n\u00e9cessaire, ainsi que des outils optionnels, pour un projet estival raffin\u00e9 et inspirant.\" \/>\n<meta name=\"robots\" content=\"index, follow, max-snippet:-1, max-image-preview:large, max-video-preview:-1\" \/>\n<link rel=\"canonical\" href=\"https:\/\/www.swisscrochet.ch\/produit\/summer-hat-with-daol-yarn-kit\/\" \/>\n<meta property=\"og:locale\" content=\"fr_FR\" \/>\n<meta property=\"og:type\" content=\"article\" \/>\n<meta property=\"og:title\" content=\"Chapeau d\u2019\u00e9t\u00e9 avec Daol - Kit de fil &#171; Swiss Crochet\" \/>\n<meta property=\"og:description\" content=\"Cr\u00e9ez un chapeau d\u2019\u00e9t\u00e9 l\u00e9ger et \u00e9l\u00e9gant avec le kit de crochet Daol, comprenant un fil en papier et des accents assortis. Le kit inclut tout le mat\u00e9riel n\u00e9cessaire, ainsi que des outils optionnels, pour un projet estival raffin\u00e9 et inspirant.\" \/>\n<meta property=\"og:url\" content=\"https:\/\/www.swisscrochet.ch\/produit\/summer-hat-with-daol-yarn-kit\/\" \/>\n<meta property=\"og:site_name\" content=\"Swiss Crochet\" \/>\n<meta property=\"article:modified_time\" content=\"2025-12-03T11:23:11+00:00\" \/>\n<meta property=\"og:image\" content=\"https:\/\/www.swisscrochet.ch\/wp-content\/uploads\/2025\/07\/A-Summer-Hat-with-Daol-1-1.jpg\" \/>\n\t<meta property=\"og:image:width\" content=\"1000\" \/>\n\t<meta property=\"og:image:height\" content=\"1000\" \/>\n\t<meta property=\"og:image:type\" content=\"image\/jpeg\" \/>\n<meta name=\"twitter:card\" content=\"summary_large_image\" \/>\n<meta name=\"twitter:label1\" content=\"Dur\u00e9e de lecture estim\u00e9e\" \/>\n\t<meta name=\"twitter:data1\" content=\"1 minute\" \/>\n<script type=\"application\/ld+json\" class=\"yoast-schema-graph\">{\"@context\":\"https:\\\/\\\/schema.org\",\"@graph\":[{\"@type\":[\"WebPage\",\"ItemPage\"],\"@id\":\"https:\\\/\\\/www.swisscrochet.ch\\\/produit\\\/summer-hat-with-daol-yarn-kit\\\/\",\"url\":\"https:\\\/\\\/www.swisscrochet.ch\\\/produit\\\/summer-hat-with-daol-yarn-kit\\\/\",\"name\":\"Chapeau d\u2019\u00e9t\u00e9 avec Daol - Kit de fil &#171; Swiss Crochet\",\"isPartOf\":{\"@id\":\"https:\\\/\\\/www.swisscrochet.ch\\\/#website\"},\"primaryImageOfPage\":{\"@id\":\"https:\\\/\\\/www.swisscrochet.ch\\\/produit\\\/summer-hat-with-daol-yarn-kit\\\/#primaryimage\"},\"image\":{\"@id\":\"https:\\\/\\\/www.swisscrochet.ch\\\/produit\\\/summer-hat-with-daol-yarn-kit\\\/#primaryimage\"},\"thumbnailUrl\":\"https:\\\/\\\/www.swisscrochet.ch\\\/wp-content\\\/uploads\\\/2025\\\/07\\\/A-Summer-Hat-with-Daol-1-1.jpg\",\"datePublished\":\"2025-07-20T09:59:14+00:00\",\"dateModified\":\"2025-12-03T11:23:11+00:00\",\"description\":\"Cr\u00e9ez un chapeau d\u2019\u00e9t\u00e9 l\u00e9ger et \u00e9l\u00e9gant avec le kit de crochet Daol, comprenant un fil en papier et des accents assortis. Le kit inclut tout le mat\u00e9riel n\u00e9cessaire, ainsi que des outils optionnels, pour un projet estival raffin\u00e9 et inspirant.\",\"breadcrumb\":{\"@id\":\"https:\\\/\\\/www.swisscrochet.ch\\\/produit\\\/summer-hat-with-daol-yarn-kit\\\/#breadcrumb\"},\"inLanguage\":\"fr-FR\",\"potentialAction\":[{\"@type\":\"ReadAction\",\"target\":[\"https:\\\/\\\/www.swisscrochet.ch\\\/produit\\\/summer-hat-with-daol-yarn-kit\\\/\"]}]},{\"@type\":\"ImageObject\",\"inLanguage\":\"fr-FR\",\"@id\":\"https:\\\/\\\/www.swisscrochet.ch\\\/produit\\\/summer-hat-with-daol-yarn-kit\\\/#primaryimage\",\"url\":\"https:\\\/\\\/www.swisscrochet.ch\\\/wp-content\\\/uploads\\\/2025\\\/07\\\/A-Summer-Hat-with-Daol-1-1.jpg\",\"contentUrl\":\"https:\\\/\\\/www.swisscrochet.ch\\\/wp-content\\\/uploads\\\/2025\\\/07\\\/A-Summer-Hat-with-Daol-1-1.jpg\",\"width\":1000,\"height\":1000},{\"@type\":\"BreadcrumbList\",\"@id\":\"https:\\\/\\\/www.swisscrochet.ch\\\/produit\\\/summer-hat-with-daol-yarn-kit\\\/#breadcrumb\",\"itemListElement\":[{\"@type\":\"ListItem\",\"position\":1,\"name\":\"Home\",\"item\":\"https:\\\/\\\/www.swisscrochet.ch\\\/fr\\\/\"},{\"@type\":\"ListItem\",\"position\":2,\"name\":\"Boutique\",\"item\":\"https:\\\/\\\/www.swisscrochet.ch\\\/fr\\\/boutique\\\/\"},{\"@type\":\"ListItem\",\"position\":3,\"name\":\"Chapeau d\u2019\u00e9t\u00e9 avec Daol &#8211; Kit de fil\"}]},{\"@type\":\"WebSite\",\"@id\":\"https:\\\/\\\/www.swisscrochet.ch\\\/#website\",\"url\":\"https:\\\/\\\/www.swisscrochet.ch\\\/\",\"name\":\"Swiss Crochet\",\"description\":\"Lib\u00e9rez votre potentiel cr\u00e9atif\",\"potentialAction\":[{\"@type\":\"SearchAction\",\"target\":{\"@type\":\"EntryPoint\",\"urlTemplate\":\"https:\\\/\\\/www.swisscrochet.ch\\\/?s={search_term_string}\"},\"query-input\":{\"@type\":\"PropertyValueSpecification\",\"valueRequired\":true,\"valueName\":\"search_term_string\"}}],\"inLanguage\":\"fr-FR\"}]}<\/script>\n<!-- \/ Yoast SEO plugin. -->","yoast_head_json":{"title":"Chapeau d\u2019\u00e9t\u00e9 avec Daol - Kit de fil &#171; Swiss Crochet","description":"Cr\u00e9ez un chapeau d\u2019\u00e9t\u00e9 l\u00e9ger et \u00e9l\u00e9gant avec le kit de crochet Daol, comprenant un fil en papier et des accents assortis. Le kit inclut tout le mat\u00e9riel n\u00e9cessaire, ainsi que des outils optionnels, pour un projet estival raffin\u00e9 et inspirant.","robots":{"index":"index","follow":"follow","max-snippet":"max-snippet:-1","max-image-preview":"max-image-preview:large","max-video-preview":"max-video-preview:-1"},"canonical":"https:\/\/www.swisscrochet.ch\/produit\/summer-hat-with-daol-yarn-kit\/","og_locale":"fr_FR","og_type":"article","og_title":"Chapeau d\u2019\u00e9t\u00e9 avec Daol - Kit de fil &#171; Swiss Crochet","og_description":"Cr\u00e9ez un chapeau d\u2019\u00e9t\u00e9 l\u00e9ger et \u00e9l\u00e9gant avec le kit de crochet Daol, comprenant un fil en papier et des accents assortis. Le kit inclut tout le mat\u00e9riel n\u00e9cessaire, ainsi que des outils optionnels, pour un projet estival raffin\u00e9 et inspirant.","og_url":"https:\/\/www.swisscrochet.ch\/produit\/summer-hat-with-daol-yarn-kit\/","og_site_name":"Swiss Crochet","article_modified_time":"2025-12-03T11:23:11+00:00","og_image":[{"width":1000,"height":1000,"url":"https:\/\/www.swisscrochet.ch\/wp-content\/uploads\/2025\/07\/A-Summer-Hat-with-Daol-1-1.jpg","type":"image\/jpeg"}],"twitter_card":"summary_large_image","twitter_misc":{"Dur\u00e9e de lecture estim\u00e9e":"1 minute"},"schema":{"@context":"https:\/\/schema.org","@graph":[{"@type":["WebPage","ItemPage"],"@id":"https:\/\/www.swisscrochet.ch\/produit\/summer-hat-with-daol-yarn-kit\/","url":"https:\/\/www.swisscrochet.ch\/produit\/summer-hat-with-daol-yarn-kit\/","name":"Chapeau d\u2019\u00e9t\u00e9 avec Daol - Kit de fil &#171; Swiss Crochet","isPartOf":{"@id":"https:\/\/www.swisscrochet.ch\/#website"},"primaryImageOfPage":{"@id":"https:\/\/www.swisscrochet.ch\/produit\/summer-hat-with-daol-yarn-kit\/#primaryimage"},"image":{"@id":"https:\/\/www.swisscrochet.ch\/produit\/summer-hat-with-daol-yarn-kit\/#primaryimage"},"thumbnailUrl":"https:\/\/www.swisscrochet.ch\/wp-content\/uploads\/2025\/07\/A-Summer-Hat-with-Daol-1-1.jpg","datePublished":"2025-07-20T09:59:14+00:00","dateModified":"2025-12-03T11:23:11+00:00","description":"Cr\u00e9ez un chapeau d\u2019\u00e9t\u00e9 l\u00e9ger et \u00e9l\u00e9gant avec le kit de crochet Daol, comprenant un fil en papier et des accents assortis. Le kit inclut tout le mat\u00e9riel n\u00e9cessaire, ainsi que des outils optionnels, pour un projet estival raffin\u00e9 et inspirant.","breadcrumb":{"@id":"https:\/\/www.swisscrochet.ch\/produit\/summer-hat-with-daol-yarn-kit\/#breadcrumb"},"inLanguage":"fr-FR","potentialAction":[{"@type":"ReadAction","target":["https:\/\/www.swisscrochet.ch\/produit\/summer-hat-with-daol-yarn-kit\/"]}]},{"@type":"ImageObject","inLanguage":"fr-FR","@id":"https:\/\/www.swisscrochet.ch\/produit\/summer-hat-with-daol-yarn-kit\/#primaryimage","url":"https:\/\/www.swisscrochet.ch\/wp-content\/uploads\/2025\/07\/A-Summer-Hat-with-Daol-1-1.jpg","contentUrl":"https:\/\/www.swisscrochet.ch\/wp-content\/uploads\/2025\/07\/A-Summer-Hat-with-Daol-1-1.jpg","width":1000,"height":1000},{"@type":"BreadcrumbList","@id":"https:\/\/www.swisscrochet.ch\/produit\/summer-hat-with-daol-yarn-kit\/#breadcrumb","itemListElement":[{"@type":"ListItem","position":1,"name":"Home","item":"https:\/\/www.swisscrochet.ch\/fr\/"},{"@type":"ListItem","position":2,"name":"Boutique","item":"https:\/\/www.swisscrochet.ch\/fr\/boutique\/"},{"@type":"ListItem","position":3,"name":"Chapeau d\u2019\u00e9t\u00e9 avec Daol &#8211; Kit de fil"}]},{"@type":"WebSite","@id":"https:\/\/www.swisscrochet.ch\/#website","url":"https:\/\/www.swisscrochet.ch\/","name":"Swiss Crochet","description":"Lib\u00e9rez votre potentiel cr\u00e9atif","potentialAction":[{"@type":"SearchAction","target":{"@type":"EntryPoint","urlTemplate":"https:\/\/www.swisscrochet.ch\/?s={search_term_string}"},"query-input":{"@type":"PropertyValueSpecification","valueRequired":true,"valueName":"search_term_string"}}],"inLanguage":"fr-FR"}]}},"_links":{"self":[{"href":"https:\/\/www.swisscrochet.ch\/fr\/wp-json\/wp\/v2\/product\/16144","targetHints":{"allow":["GET"]}}],"collection":[{"href":"https:\/\/www.swisscrochet.ch\/fr\/wp-json\/wp\/v2\/product"}],"about":[{"href":"https:\/\/www.swisscrochet.ch\/fr\/wp-json\/wp\/v2\/types\/product"}],"wp:featuredmedia":[{"embeddable":true,"href":"https:\/\/www.swisscrochet.ch\/fr\/wp-json\/wp\/v2\/media\/9395"}],"wp:attachment":[{"href":"https:\/\/www.swisscrochet.ch\/fr\/wp-json\/wp\/v2\/media?parent=16144"}],"wp:term":[{"taxonomy":"product_brand","embeddable":true,"href":"https:\/\/www.swisscrochet.ch\/fr\/wp-json\/wp\/v2\/product_brand?post=16144"},{"taxonomy":"product_cat","embeddable":true,"href":"https:\/\/www.swisscrochet.ch\/fr\/wp-json\/wp\/v2\/product_cat?post=16144"},{"taxonomy":"product_tag","embeddable":true,"href":"https:\/\/www.swisscrochet.ch\/fr\/wp-json\/wp\/v2\/product_tag?post=16144"}],"curies":[{"name":"wp","href":"https:\/\/api.w.org\/{rel}","templated":true}]}}