{"id":17359,"date":"2025-12-19T13:14:38","date_gmt":"2025-12-19T12:14:38","guid":{"rendered":"https:\/\/www.swisscrochet.ch\/product\/hoooked-coasters-guscio-curry-yellow-macrame-kit\/"},"modified":"2025-12-19T19:19:47","modified_gmt":"2025-12-19T18:19:47","slug":"hoooked-dessous-de-verre-guscio-curry-yellow-kit-de-macrame","status":"publish","type":"product","link":"https:\/\/www.swisscrochet.ch\/fr\/produit\/hoooked-dessous-de-verre-guscio-curry-yellow-kit-de-macrame\/","title":{"rendered":"Hoooked \u2013 Dessous de verre Guscio \u2013 Curry Yellow \u2013 Kit de macram\u00e9"},"content":{"rendered":"","protected":false},"excerpt":{"rendered":"<p>Cr\u00e9ez un ensemble de dessous de verre \u00e9l\u00e9gants et faits main avec le kit macram\u00e9 Guscio de Hoooked. Avec leur design spiral\u00e9 doux et leurs bords frang\u00e9s ludiques, ces dessous de verre apportent une touche boh\u00e8me naturelle \u00e0 votre table. Un projet de macram\u00e9 relaxant et gratifiant, \u00e0 la fois d\u00e9coratif et pratique.<\/p>\n<p><strong>Le kit comprend&nbsp;:<\/strong><\/p>\n<ul>\n<li>une copie imprim\u00e9e des instructions (en anglais, allemand, fran\u00e7ais, espagnol, n\u00e9erlandais) et<\/li>\n<li>1 \u00e9cheveau de Hoooked Spesso Eco Barbante<\/li>\n<\/ul>\n<p>Tout est r\u00e9uni dans un seul kit pratique \u2014 pr\u00eat \u00e0 commencer votre prochain projet de macram\u00e9 imm\u00e9diatement&nbsp;!<\/p>\n","protected":false},"featured_media":16992,"template":"","meta":[],"product_brand":[],"product_cat":[331,1668],"product_tag":[],"class_list":{"0":"post-17359","1":"product","2":"type-product","3":"status-publish","4":"has-post-thumbnail","6":"product_cat-kits-de-fils","7":"product_cat-kits-de-fils-macrame","8":"pa_t1-manufacturer-hoooked-fr","9":"description-off","11":"first","12":"instock","13":"taxable","14":"shipping-taxable","15":"purchasable","16":"product-type-simple"},"bundled_by":[],"bundle_stock_status":"instock","bundle_stock_quantity":3,"bundle_virtual":false,"bundle_layout":"","bundle_add_to_cart_form_location":"","bundle_editable_in_cart":false,"bundle_sold_individually_context":"","bundle_item_grouping":"","bundle_min_size":"","bundle_max_size":"","bundle_price":[],"bundled_items":[],"bundle_sell_ids":[],"yoast_head":"<!-- This site is optimized with the Yoast SEO plugin v27.5 - https:\/\/yoast.com\/product\/yoast-seo-wordpress\/ -->\n<title>Hoooked \u2013 Dessous de verre Guscio \u2013 Curry Yellow \u2013 Kit de macram\u00e9 &#171; Swiss Crochet<\/title>\n<meta name=\"description\" content=\"Cr\u00e9ez d\u2019\u00e9l\u00e9gants dessous de verre en macram\u00e9 avec le kit Hoooked Guscio en Curry Yellow. Comprend le fil et les instructions pour une d\u00e9coration de table faite main et styl\u00e9e.\" \/>\n<meta name=\"robots\" content=\"index, follow, max-snippet:-1, max-image-preview:large, max-video-preview:-1\" \/>\n<link rel=\"canonical\" href=\"https:\/\/www.swisscrochet.ch\/fr\/produit\/hoooked-dessous-de-verre-guscio-curry-yellow-kit-de-macrame\/\" \/>\n<meta property=\"og:locale\" content=\"fr_FR\" \/>\n<meta property=\"og:type\" content=\"article\" \/>\n<meta property=\"og:title\" content=\"Hoooked \u2013 Dessous de verre Guscio \u2013 Curry Yellow \u2013 Kit de macram\u00e9 &#171; Swiss Crochet\" \/>\n<meta property=\"og:description\" content=\"Cr\u00e9ez d\u2019\u00e9l\u00e9gants dessous de verre en macram\u00e9 avec le kit Hoooked Guscio en Curry Yellow. Comprend le fil et les instructions pour une d\u00e9coration de table faite main et styl\u00e9e.\" \/>\n<meta property=\"og:url\" content=\"https:\/\/www.swisscrochet.ch\/fr\/produit\/hoooked-dessous-de-verre-guscio-curry-yellow-kit-de-macrame\/\" \/>\n<meta property=\"og:site_name\" content=\"Swiss Crochet\" \/>\n<meta property=\"article:modified_time\" content=\"2025-12-19T18:19:47+00:00\" \/>\n<meta property=\"og:image\" content=\"https:\/\/www.swisscrochet.ch\/wp-content\/uploads\/2025\/12\/Hoooked-Coasters-Guscio-Curry-Yellow-Macrame-Kit-Overview.jpg\" \/>\n\t<meta property=\"og:image:width\" content=\"1000\" \/>\n\t<meta property=\"og:image:height\" content=\"1000\" \/>\n\t<meta property=\"og:image:type\" content=\"image\/jpeg\" \/>\n<meta name=\"twitter:card\" content=\"summary_large_image\" \/>\n<meta name=\"twitter:label1\" content=\"Dur\u00e9e de lecture estim\u00e9e\" \/>\n\t<meta name=\"twitter:data1\" content=\"1 minute\" \/>\n<script type=\"application\/ld+json\" class=\"yoast-schema-graph\">{\"@context\":\"https:\\\/\\\/schema.org\",\"@graph\":[{\"@type\":[\"WebPage\",\"ItemPage\"],\"@id\":\"https:\\\/\\\/www.swisscrochet.ch\\\/fr\\\/produit\\\/hoooked-dessous-de-verre-guscio-curry-yellow-kit-de-macrame\\\/\",\"url\":\"https:\\\/\\\/www.swisscrochet.ch\\\/fr\\\/produit\\\/hoooked-dessous-de-verre-guscio-curry-yellow-kit-de-macrame\\\/\",\"name\":\"Hoooked \u2013 Dessous de verre Guscio \u2013 Curry Yellow \u2013 Kit de macram\u00e9 &#171; Swiss Crochet\",\"isPartOf\":{\"@id\":\"https:\\\/\\\/www.swisscrochet.ch\\\/#website\"},\"primaryImageOfPage\":{\"@id\":\"https:\\\/\\\/www.swisscrochet.ch\\\/fr\\\/produit\\\/hoooked-dessous-de-verre-guscio-curry-yellow-kit-de-macrame\\\/#primaryimage\"},\"image\":{\"@id\":\"https:\\\/\\\/www.swisscrochet.ch\\\/fr\\\/produit\\\/hoooked-dessous-de-verre-guscio-curry-yellow-kit-de-macrame\\\/#primaryimage\"},\"thumbnailUrl\":\"https:\\\/\\\/www.swisscrochet.ch\\\/wp-content\\\/uploads\\\/2025\\\/12\\\/Hoooked-Coasters-Guscio-Curry-Yellow-Macrame-Kit-Overview.jpg\",\"datePublished\":\"2025-12-19T12:14:38+00:00\",\"dateModified\":\"2025-12-19T18:19:47+00:00\",\"description\":\"Cr\u00e9ez d\u2019\u00e9l\u00e9gants dessous de verre en macram\u00e9 avec le kit Hoooked Guscio en Curry Yellow. Comprend le fil et les instructions pour une d\u00e9coration de table faite main et styl\u00e9e.\",\"breadcrumb\":{\"@id\":\"https:\\\/\\\/www.swisscrochet.ch\\\/fr\\\/produit\\\/hoooked-dessous-de-verre-guscio-curry-yellow-kit-de-macrame\\\/#breadcrumb\"},\"inLanguage\":\"fr-FR\",\"potentialAction\":[{\"@type\":\"ReadAction\",\"target\":[\"https:\\\/\\\/www.swisscrochet.ch\\\/fr\\\/produit\\\/hoooked-dessous-de-verre-guscio-curry-yellow-kit-de-macrame\\\/\"]}]},{\"@type\":\"ImageObject\",\"inLanguage\":\"fr-FR\",\"@id\":\"https:\\\/\\\/www.swisscrochet.ch\\\/fr\\\/produit\\\/hoooked-dessous-de-verre-guscio-curry-yellow-kit-de-macrame\\\/#primaryimage\",\"url\":\"https:\\\/\\\/www.swisscrochet.ch\\\/wp-content\\\/uploads\\\/2025\\\/12\\\/Hoooked-Coasters-Guscio-Curry-Yellow-Macrame-Kit-Overview.jpg\",\"contentUrl\":\"https:\\\/\\\/www.swisscrochet.ch\\\/wp-content\\\/uploads\\\/2025\\\/12\\\/Hoooked-Coasters-Guscio-Curry-Yellow-Macrame-Kit-Overview.jpg\",\"width\":1000,\"height\":1000},{\"@type\":\"BreadcrumbList\",\"@id\":\"https:\\\/\\\/www.swisscrochet.ch\\\/fr\\\/produit\\\/hoooked-dessous-de-verre-guscio-curry-yellow-kit-de-macrame\\\/#breadcrumb\",\"itemListElement\":[{\"@type\":\"ListItem\",\"position\":1,\"name\":\"Home\",\"item\":\"https:\\\/\\\/www.swisscrochet.ch\\\/fr\\\/\"},{\"@type\":\"ListItem\",\"position\":2,\"name\":\"Boutique\",\"item\":\"https:\\\/\\\/www.swisscrochet.ch\\\/fr\\\/boutique\\\/\"},{\"@type\":\"ListItem\",\"position\":3,\"name\":\"Hoooked \u2013 Dessous de verre Guscio \u2013 Curry Yellow \u2013 Kit de macram\u00e9\"}]},{\"@type\":\"WebSite\",\"@id\":\"https:\\\/\\\/www.swisscrochet.ch\\\/#website\",\"url\":\"https:\\\/\\\/www.swisscrochet.ch\\\/\",\"name\":\"Swiss Crochet\",\"description\":\"Lib\u00e9rez votre potentiel cr\u00e9atif\",\"potentialAction\":[{\"@type\":\"SearchAction\",\"target\":{\"@type\":\"EntryPoint\",\"urlTemplate\":\"https:\\\/\\\/www.swisscrochet.ch\\\/?s={search_term_string}\"},\"query-input\":{\"@type\":\"PropertyValueSpecification\",\"valueRequired\":true,\"valueName\":\"search_term_string\"}}],\"inLanguage\":\"fr-FR\"}]}<\/script>\n<!-- \/ Yoast SEO plugin. -->","yoast_head_json":{"title":"Hoooked \u2013 Dessous de verre Guscio \u2013 Curry Yellow \u2013 Kit de macram\u00e9 &#171; Swiss Crochet","description":"Cr\u00e9ez d\u2019\u00e9l\u00e9gants dessous de verre en macram\u00e9 avec le kit Hoooked Guscio en Curry Yellow. Comprend le fil et les instructions pour une d\u00e9coration de table faite main et styl\u00e9e.","robots":{"index":"index","follow":"follow","max-snippet":"max-snippet:-1","max-image-preview":"max-image-preview:large","max-video-preview":"max-video-preview:-1"},"canonical":"https:\/\/www.swisscrochet.ch\/fr\/produit\/hoooked-dessous-de-verre-guscio-curry-yellow-kit-de-macrame\/","og_locale":"fr_FR","og_type":"article","og_title":"Hoooked \u2013 Dessous de verre Guscio \u2013 Curry Yellow \u2013 Kit de macram\u00e9 &#171; Swiss Crochet","og_description":"Cr\u00e9ez d\u2019\u00e9l\u00e9gants dessous de verre en macram\u00e9 avec le kit Hoooked Guscio en Curry Yellow. Comprend le fil et les instructions pour une d\u00e9coration de table faite main et styl\u00e9e.","og_url":"https:\/\/www.swisscrochet.ch\/fr\/produit\/hoooked-dessous-de-verre-guscio-curry-yellow-kit-de-macrame\/","og_site_name":"Swiss Crochet","article_modified_time":"2025-12-19T18:19:47+00:00","og_image":[{"width":1000,"height":1000,"url":"https:\/\/www.swisscrochet.ch\/wp-content\/uploads\/2025\/12\/Hoooked-Coasters-Guscio-Curry-Yellow-Macrame-Kit-Overview.jpg","type":"image\/jpeg"}],"twitter_card":"summary_large_image","twitter_misc":{"Dur\u00e9e de lecture estim\u00e9e":"1 minute"},"schema":{"@context":"https:\/\/schema.org","@graph":[{"@type":["WebPage","ItemPage"],"@id":"https:\/\/www.swisscrochet.ch\/fr\/produit\/hoooked-dessous-de-verre-guscio-curry-yellow-kit-de-macrame\/","url":"https:\/\/www.swisscrochet.ch\/fr\/produit\/hoooked-dessous-de-verre-guscio-curry-yellow-kit-de-macrame\/","name":"Hoooked \u2013 Dessous de verre Guscio \u2013 Curry Yellow \u2013 Kit de macram\u00e9 &#171; Swiss Crochet","isPartOf":{"@id":"https:\/\/www.swisscrochet.ch\/#website"},"primaryImageOfPage":{"@id":"https:\/\/www.swisscrochet.ch\/fr\/produit\/hoooked-dessous-de-verre-guscio-curry-yellow-kit-de-macrame\/#primaryimage"},"image":{"@id":"https:\/\/www.swisscrochet.ch\/fr\/produit\/hoooked-dessous-de-verre-guscio-curry-yellow-kit-de-macrame\/#primaryimage"},"thumbnailUrl":"https:\/\/www.swisscrochet.ch\/wp-content\/uploads\/2025\/12\/Hoooked-Coasters-Guscio-Curry-Yellow-Macrame-Kit-Overview.jpg","datePublished":"2025-12-19T12:14:38+00:00","dateModified":"2025-12-19T18:19:47+00:00","description":"Cr\u00e9ez d\u2019\u00e9l\u00e9gants dessous de verre en macram\u00e9 avec le kit Hoooked Guscio en Curry Yellow. Comprend le fil et les instructions pour une d\u00e9coration de table faite main et styl\u00e9e.","breadcrumb":{"@id":"https:\/\/www.swisscrochet.ch\/fr\/produit\/hoooked-dessous-de-verre-guscio-curry-yellow-kit-de-macrame\/#breadcrumb"},"inLanguage":"fr-FR","potentialAction":[{"@type":"ReadAction","target":["https:\/\/www.swisscrochet.ch\/fr\/produit\/hoooked-dessous-de-verre-guscio-curry-yellow-kit-de-macrame\/"]}]},{"@type":"ImageObject","inLanguage":"fr-FR","@id":"https:\/\/www.swisscrochet.ch\/fr\/produit\/hoooked-dessous-de-verre-guscio-curry-yellow-kit-de-macrame\/#primaryimage","url":"https:\/\/www.swisscrochet.ch\/wp-content\/uploads\/2025\/12\/Hoooked-Coasters-Guscio-Curry-Yellow-Macrame-Kit-Overview.jpg","contentUrl":"https:\/\/www.swisscrochet.ch\/wp-content\/uploads\/2025\/12\/Hoooked-Coasters-Guscio-Curry-Yellow-Macrame-Kit-Overview.jpg","width":1000,"height":1000},{"@type":"BreadcrumbList","@id":"https:\/\/www.swisscrochet.ch\/fr\/produit\/hoooked-dessous-de-verre-guscio-curry-yellow-kit-de-macrame\/#breadcrumb","itemListElement":[{"@type":"ListItem","position":1,"name":"Home","item":"https:\/\/www.swisscrochet.ch\/fr\/"},{"@type":"ListItem","position":2,"name":"Boutique","item":"https:\/\/www.swisscrochet.ch\/fr\/boutique\/"},{"@type":"ListItem","position":3,"name":"Hoooked \u2013 Dessous de verre Guscio \u2013 Curry Yellow \u2013 Kit de macram\u00e9"}]},{"@type":"WebSite","@id":"https:\/\/www.swisscrochet.ch\/#website","url":"https:\/\/www.swisscrochet.ch\/","name":"Swiss Crochet","description":"Lib\u00e9rez votre potentiel cr\u00e9atif","potentialAction":[{"@type":"SearchAction","target":{"@type":"EntryPoint","urlTemplate":"https:\/\/www.swisscrochet.ch\/?s={search_term_string}"},"query-input":{"@type":"PropertyValueSpecification","valueRequired":true,"valueName":"search_term_string"}}],"inLanguage":"fr-FR"}]}},"_links":{"self":[{"href":"https:\/\/www.swisscrochet.ch\/fr\/wp-json\/wp\/v2\/product\/17359","targetHints":{"allow":["GET"]}}],"collection":[{"href":"https:\/\/www.swisscrochet.ch\/fr\/wp-json\/wp\/v2\/product"}],"about":[{"href":"https:\/\/www.swisscrochet.ch\/fr\/wp-json\/wp\/v2\/types\/product"}],"wp:featuredmedia":[{"embeddable":true,"href":"https:\/\/www.swisscrochet.ch\/fr\/wp-json\/wp\/v2\/media\/16992"}],"wp:attachment":[{"href":"https:\/\/www.swisscrochet.ch\/fr\/wp-json\/wp\/v2\/media?parent=17359"}],"wp:term":[{"taxonomy":"product_brand","embeddable":true,"href":"https:\/\/www.swisscrochet.ch\/fr\/wp-json\/wp\/v2\/product_brand?post=17359"},{"taxonomy":"product_cat","embeddable":true,"href":"https:\/\/www.swisscrochet.ch\/fr\/wp-json\/wp\/v2\/product_cat?post=17359"},{"taxonomy":"product_tag","embeddable":true,"href":"https:\/\/www.swisscrochet.ch\/fr\/wp-json\/wp\/v2\/product_tag?post=17359"}],"curies":[{"name":"wp","href":"https:\/\/api.w.org\/{rel}","templated":true}]}}