{"id":17371,"date":"2025-12-19T13:24:10","date_gmt":"2025-12-19T12:24:10","guid":{"rendered":"https:\/\/www.swisscrochet.ch\/product\/hoooked-hanging-basket-grey-jute-macrame-kit\/"},"modified":"2025-12-19T19:24:06","modified_gmt":"2025-12-19T18:24:06","slug":"hoooked-panier-suspendu-jute-grise-kit-macrame","status":"publish","type":"product","link":"https:\/\/www.swisscrochet.ch\/fr\/produit\/hoooked-panier-suspendu-jute-grise-kit-macrame\/","title":{"rendered":"Hoooked \u2013 Panier suspendu \u2013 Jute grise \u2013 Kit macram\u00e9"},"content":{"rendered":"","protected":false},"excerpt":{"rendered":"<p>Initiez-vous au macram\u00e9 et apprenez \u00e0 cr\u00e9er votre propre suspension pour plantes avec ce kit adapt\u00e9 aux d\u00e9butants. Ce projet DIY facile est une mani\u00e8re ludique et accessible de d\u00e9couvrir cet artisanat tr\u00e8s appr\u00e9ci\u00e9 tout en ajoutant une touche de verdure \u00e0 votre int\u00e9rieur.<\/p>\n<p>R\u00e9alis\u00e9 avec du fil de jute issu du commerce \u00e9quitable, ce panier suspendu pr\u00e9sente un bel aspect rustique et constitue un \u00e9l\u00e9ment d\u00e9coratif naturel pour tout type d\u2019int\u00e9rieur.<\/p>\n<p><strong>Le kit comprend&nbsp;:<\/strong><\/p>\n<ul>\n<li>une copie imprim\u00e9e des instructions du mod\u00e8le (en anglais, allemand, fran\u00e7ais, espagnol, n\u00e9erlandais) et<\/li>\n<li>1 \u00e9cheveau de Hoooked Natural Jute dans le coloris Cinnamon Taupe<\/li>\n<li>1 anneau de macram\u00e9<\/li>\n<\/ul>\n<p>Tout est r\u00e9uni dans un seul kit pratique \u2014 pr\u00eat \u00e0 d\u00e9marrer imm\u00e9diatement votre prochain projet de macram\u00e9&nbsp;!<\/p>\n","protected":false},"featured_media":17017,"template":"","meta":[],"product_brand":[],"product_cat":[331,1668],"product_tag":[],"class_list":{"0":"post-17371","1":"product","2":"type-product","3":"status-publish","4":"has-post-thumbnail","6":"product_cat-kits-de-fils","7":"product_cat-kits-de-fils-macrame","8":"pa_t1-manufacturer-hoooked-fr","9":"description-off","11":"first","12":"instock","13":"taxable","14":"shipping-taxable","15":"purchasable","16":"product-type-simple"},"bundled_by":[],"bundle_stock_status":"instock","bundle_stock_quantity":4,"bundle_virtual":false,"bundle_layout":"","bundle_add_to_cart_form_location":"","bundle_editable_in_cart":false,"bundle_sold_individually_context":"","bundle_item_grouping":"","bundle_min_size":"","bundle_max_size":"","bundle_price":[],"bundled_items":[],"bundle_sell_ids":[],"yoast_head":"<!-- This site is optimized with the Yoast SEO plugin v27.5 - https:\/\/yoast.com\/product\/yoast-seo-wordpress\/ -->\n<title>Hoooked \u2013 Panier suspendu \u2013 Jute grise \u2013 Kit macram\u00e9 &#171; Swiss Crochet<\/title>\n<meta name=\"description\" content=\"Cr\u00e9ez un suspension pour plantes en macram\u00e9 au style rustique avec le kit Hoooked Hanging Basket en jute grise. Un projet DIY facile pour d\u00e9butants, id\u00e9al pour apporter une touche de verdure \u00e0 votre int\u00e9rieur.\" \/>\n<meta name=\"robots\" content=\"index, follow, max-snippet:-1, max-image-preview:large, max-video-preview:-1\" \/>\n<link rel=\"canonical\" href=\"https:\/\/www.swisscrochet.ch\/fr\/produit\/hoooked-panier-suspendu-jute-grise-kit-macrame\/\" \/>\n<meta property=\"og:locale\" content=\"fr_FR\" \/>\n<meta property=\"og:type\" content=\"article\" \/>\n<meta property=\"og:title\" content=\"Hoooked \u2013 Panier suspendu \u2013 Jute grise \u2013 Kit macram\u00e9 &#171; Swiss Crochet\" \/>\n<meta property=\"og:description\" content=\"Cr\u00e9ez un suspension pour plantes en macram\u00e9 au style rustique avec le kit Hoooked Hanging Basket en jute grise. Un projet DIY facile pour d\u00e9butants, id\u00e9al pour apporter une touche de verdure \u00e0 votre int\u00e9rieur.\" \/>\n<meta property=\"og:url\" content=\"https:\/\/www.swisscrochet.ch\/fr\/produit\/hoooked-panier-suspendu-jute-grise-kit-macrame\/\" \/>\n<meta property=\"og:site_name\" content=\"Swiss Crochet\" \/>\n<meta property=\"article:modified_time\" content=\"2025-12-19T18:24:06+00:00\" \/>\n<meta property=\"og:image\" content=\"https:\/\/www.swisscrochet.ch\/wp-content\/uploads\/2025\/12\/Hoooked-Hanging-Basket-Grey-Jute-Macrame-Kit-Overview.jpg\" \/>\n\t<meta property=\"og:image:width\" content=\"1000\" \/>\n\t<meta property=\"og:image:height\" content=\"1000\" \/>\n\t<meta property=\"og:image:type\" content=\"image\/jpeg\" \/>\n<meta name=\"twitter:card\" content=\"summary_large_image\" \/>\n<meta name=\"twitter:label1\" content=\"Dur\u00e9e de lecture estim\u00e9e\" \/>\n\t<meta name=\"twitter:data1\" content=\"1 minute\" \/>\n<script type=\"application\/ld+json\" class=\"yoast-schema-graph\">{\"@context\":\"https:\\\/\\\/schema.org\",\"@graph\":[{\"@type\":[\"WebPage\",\"ItemPage\"],\"@id\":\"https:\\\/\\\/www.swisscrochet.ch\\\/fr\\\/produit\\\/hoooked-panier-suspendu-jute-grise-kit-macrame\\\/\",\"url\":\"https:\\\/\\\/www.swisscrochet.ch\\\/fr\\\/produit\\\/hoooked-panier-suspendu-jute-grise-kit-macrame\\\/\",\"name\":\"Hoooked \u2013 Panier suspendu \u2013 Jute grise \u2013 Kit macram\u00e9 &#171; Swiss Crochet\",\"isPartOf\":{\"@id\":\"https:\\\/\\\/www.swisscrochet.ch\\\/#website\"},\"primaryImageOfPage\":{\"@id\":\"https:\\\/\\\/www.swisscrochet.ch\\\/fr\\\/produit\\\/hoooked-panier-suspendu-jute-grise-kit-macrame\\\/#primaryimage\"},\"image\":{\"@id\":\"https:\\\/\\\/www.swisscrochet.ch\\\/fr\\\/produit\\\/hoooked-panier-suspendu-jute-grise-kit-macrame\\\/#primaryimage\"},\"thumbnailUrl\":\"https:\\\/\\\/www.swisscrochet.ch\\\/wp-content\\\/uploads\\\/2025\\\/12\\\/Hoooked-Hanging-Basket-Grey-Jute-Macrame-Kit-Overview.jpg\",\"datePublished\":\"2025-12-19T12:24:10+00:00\",\"dateModified\":\"2025-12-19T18:24:06+00:00\",\"description\":\"Cr\u00e9ez un suspension pour plantes en macram\u00e9 au style rustique avec le kit Hoooked Hanging Basket en jute grise. Un projet DIY facile pour d\u00e9butants, id\u00e9al pour apporter une touche de verdure \u00e0 votre int\u00e9rieur.\",\"breadcrumb\":{\"@id\":\"https:\\\/\\\/www.swisscrochet.ch\\\/fr\\\/produit\\\/hoooked-panier-suspendu-jute-grise-kit-macrame\\\/#breadcrumb\"},\"inLanguage\":\"fr-FR\",\"potentialAction\":[{\"@type\":\"ReadAction\",\"target\":[\"https:\\\/\\\/www.swisscrochet.ch\\\/fr\\\/produit\\\/hoooked-panier-suspendu-jute-grise-kit-macrame\\\/\"]}]},{\"@type\":\"ImageObject\",\"inLanguage\":\"fr-FR\",\"@id\":\"https:\\\/\\\/www.swisscrochet.ch\\\/fr\\\/produit\\\/hoooked-panier-suspendu-jute-grise-kit-macrame\\\/#primaryimage\",\"url\":\"https:\\\/\\\/www.swisscrochet.ch\\\/wp-content\\\/uploads\\\/2025\\\/12\\\/Hoooked-Hanging-Basket-Grey-Jute-Macrame-Kit-Overview.jpg\",\"contentUrl\":\"https:\\\/\\\/www.swisscrochet.ch\\\/wp-content\\\/uploads\\\/2025\\\/12\\\/Hoooked-Hanging-Basket-Grey-Jute-Macrame-Kit-Overview.jpg\",\"width\":1000,\"height\":1000},{\"@type\":\"BreadcrumbList\",\"@id\":\"https:\\\/\\\/www.swisscrochet.ch\\\/fr\\\/produit\\\/hoooked-panier-suspendu-jute-grise-kit-macrame\\\/#breadcrumb\",\"itemListElement\":[{\"@type\":\"ListItem\",\"position\":1,\"name\":\"Home\",\"item\":\"https:\\\/\\\/www.swisscrochet.ch\\\/fr\\\/\"},{\"@type\":\"ListItem\",\"position\":2,\"name\":\"Boutique\",\"item\":\"https:\\\/\\\/www.swisscrochet.ch\\\/fr\\\/boutique\\\/\"},{\"@type\":\"ListItem\",\"position\":3,\"name\":\"Hoooked \u2013 Panier suspendu \u2013 Jute grise \u2013 Kit macram\u00e9\"}]},{\"@type\":\"WebSite\",\"@id\":\"https:\\\/\\\/www.swisscrochet.ch\\\/#website\",\"url\":\"https:\\\/\\\/www.swisscrochet.ch\\\/\",\"name\":\"Swiss Crochet\",\"description\":\"Lib\u00e9rez votre potentiel cr\u00e9atif\",\"potentialAction\":[{\"@type\":\"SearchAction\",\"target\":{\"@type\":\"EntryPoint\",\"urlTemplate\":\"https:\\\/\\\/www.swisscrochet.ch\\\/?s={search_term_string}\"},\"query-input\":{\"@type\":\"PropertyValueSpecification\",\"valueRequired\":true,\"valueName\":\"search_term_string\"}}],\"inLanguage\":\"fr-FR\"}]}<\/script>\n<!-- \/ Yoast SEO plugin. -->","yoast_head_json":{"title":"Hoooked \u2013 Panier suspendu \u2013 Jute grise \u2013 Kit macram\u00e9 &#171; Swiss Crochet","description":"Cr\u00e9ez un suspension pour plantes en macram\u00e9 au style rustique avec le kit Hoooked Hanging Basket en jute grise. Un projet DIY facile pour d\u00e9butants, id\u00e9al pour apporter une touche de verdure \u00e0 votre int\u00e9rieur.","robots":{"index":"index","follow":"follow","max-snippet":"max-snippet:-1","max-image-preview":"max-image-preview:large","max-video-preview":"max-video-preview:-1"},"canonical":"https:\/\/www.swisscrochet.ch\/fr\/produit\/hoooked-panier-suspendu-jute-grise-kit-macrame\/","og_locale":"fr_FR","og_type":"article","og_title":"Hoooked \u2013 Panier suspendu \u2013 Jute grise \u2013 Kit macram\u00e9 &#171; Swiss Crochet","og_description":"Cr\u00e9ez un suspension pour plantes en macram\u00e9 au style rustique avec le kit Hoooked Hanging Basket en jute grise. Un projet DIY facile pour d\u00e9butants, id\u00e9al pour apporter une touche de verdure \u00e0 votre int\u00e9rieur.","og_url":"https:\/\/www.swisscrochet.ch\/fr\/produit\/hoooked-panier-suspendu-jute-grise-kit-macrame\/","og_site_name":"Swiss Crochet","article_modified_time":"2025-12-19T18:24:06+00:00","og_image":[{"width":1000,"height":1000,"url":"https:\/\/www.swisscrochet.ch\/wp-content\/uploads\/2025\/12\/Hoooked-Hanging-Basket-Grey-Jute-Macrame-Kit-Overview.jpg","type":"image\/jpeg"}],"twitter_card":"summary_large_image","twitter_misc":{"Dur\u00e9e de lecture estim\u00e9e":"1 minute"},"schema":{"@context":"https:\/\/schema.org","@graph":[{"@type":["WebPage","ItemPage"],"@id":"https:\/\/www.swisscrochet.ch\/fr\/produit\/hoooked-panier-suspendu-jute-grise-kit-macrame\/","url":"https:\/\/www.swisscrochet.ch\/fr\/produit\/hoooked-panier-suspendu-jute-grise-kit-macrame\/","name":"Hoooked \u2013 Panier suspendu \u2013 Jute grise \u2013 Kit macram\u00e9 &#171; Swiss Crochet","isPartOf":{"@id":"https:\/\/www.swisscrochet.ch\/#website"},"primaryImageOfPage":{"@id":"https:\/\/www.swisscrochet.ch\/fr\/produit\/hoooked-panier-suspendu-jute-grise-kit-macrame\/#primaryimage"},"image":{"@id":"https:\/\/www.swisscrochet.ch\/fr\/produit\/hoooked-panier-suspendu-jute-grise-kit-macrame\/#primaryimage"},"thumbnailUrl":"https:\/\/www.swisscrochet.ch\/wp-content\/uploads\/2025\/12\/Hoooked-Hanging-Basket-Grey-Jute-Macrame-Kit-Overview.jpg","datePublished":"2025-12-19T12:24:10+00:00","dateModified":"2025-12-19T18:24:06+00:00","description":"Cr\u00e9ez un suspension pour plantes en macram\u00e9 au style rustique avec le kit Hoooked Hanging Basket en jute grise. Un projet DIY facile pour d\u00e9butants, id\u00e9al pour apporter une touche de verdure \u00e0 votre int\u00e9rieur.","breadcrumb":{"@id":"https:\/\/www.swisscrochet.ch\/fr\/produit\/hoooked-panier-suspendu-jute-grise-kit-macrame\/#breadcrumb"},"inLanguage":"fr-FR","potentialAction":[{"@type":"ReadAction","target":["https:\/\/www.swisscrochet.ch\/fr\/produit\/hoooked-panier-suspendu-jute-grise-kit-macrame\/"]}]},{"@type":"ImageObject","inLanguage":"fr-FR","@id":"https:\/\/www.swisscrochet.ch\/fr\/produit\/hoooked-panier-suspendu-jute-grise-kit-macrame\/#primaryimage","url":"https:\/\/www.swisscrochet.ch\/wp-content\/uploads\/2025\/12\/Hoooked-Hanging-Basket-Grey-Jute-Macrame-Kit-Overview.jpg","contentUrl":"https:\/\/www.swisscrochet.ch\/wp-content\/uploads\/2025\/12\/Hoooked-Hanging-Basket-Grey-Jute-Macrame-Kit-Overview.jpg","width":1000,"height":1000},{"@type":"BreadcrumbList","@id":"https:\/\/www.swisscrochet.ch\/fr\/produit\/hoooked-panier-suspendu-jute-grise-kit-macrame\/#breadcrumb","itemListElement":[{"@type":"ListItem","position":1,"name":"Home","item":"https:\/\/www.swisscrochet.ch\/fr\/"},{"@type":"ListItem","position":2,"name":"Boutique","item":"https:\/\/www.swisscrochet.ch\/fr\/boutique\/"},{"@type":"ListItem","position":3,"name":"Hoooked \u2013 Panier suspendu \u2013 Jute grise \u2013 Kit macram\u00e9"}]},{"@type":"WebSite","@id":"https:\/\/www.swisscrochet.ch\/#website","url":"https:\/\/www.swisscrochet.ch\/","name":"Swiss Crochet","description":"Lib\u00e9rez votre potentiel cr\u00e9atif","potentialAction":[{"@type":"SearchAction","target":{"@type":"EntryPoint","urlTemplate":"https:\/\/www.swisscrochet.ch\/?s={search_term_string}"},"query-input":{"@type":"PropertyValueSpecification","valueRequired":true,"valueName":"search_term_string"}}],"inLanguage":"fr-FR"}]}},"_links":{"self":[{"href":"https:\/\/www.swisscrochet.ch\/fr\/wp-json\/wp\/v2\/product\/17371","targetHints":{"allow":["GET"]}}],"collection":[{"href":"https:\/\/www.swisscrochet.ch\/fr\/wp-json\/wp\/v2\/product"}],"about":[{"href":"https:\/\/www.swisscrochet.ch\/fr\/wp-json\/wp\/v2\/types\/product"}],"wp:featuredmedia":[{"embeddable":true,"href":"https:\/\/www.swisscrochet.ch\/fr\/wp-json\/wp\/v2\/media\/17017"}],"wp:attachment":[{"href":"https:\/\/www.swisscrochet.ch\/fr\/wp-json\/wp\/v2\/media?parent=17371"}],"wp:term":[{"taxonomy":"product_brand","embeddable":true,"href":"https:\/\/www.swisscrochet.ch\/fr\/wp-json\/wp\/v2\/product_brand?post=17371"},{"taxonomy":"product_cat","embeddable":true,"href":"https:\/\/www.swisscrochet.ch\/fr\/wp-json\/wp\/v2\/product_cat?post=17371"},{"taxonomy":"product_tag","embeddable":true,"href":"https:\/\/www.swisscrochet.ch\/fr\/wp-json\/wp\/v2\/product_tag?post=17371"}],"curies":[{"name":"wp","href":"https:\/\/api.w.org\/{rel}","templated":true}]}}