{"id":17706,"date":"2025-12-28T17:50:44","date_gmt":"2025-12-28T16:50:44","guid":{"rendered":"https:\/\/www.swisscrochet.ch\/product\/three-eyed-monster-yarn-kit\/"},"modified":"2025-12-29T11:16:35","modified_gmt":"2025-12-29T10:16:35","slug":"monstre-a-trois-yeux-kit-de-fil","status":"publish","type":"product","link":"https:\/\/www.swisscrochet.ch\/fr\/produit\/monstre-a-trois-yeux-kit-de-fil\/","title":{"rendered":"Monstre \u00e0 trois yeux \u2013 Kit de fil"},"content":{"rendered":"","protected":false},"excerpt":{"rendered":"<p>Le dr\u00f4le et moelleux monstre \u00e0 trois yeux s\u00e9duit par son large sourire dent\u00e9 et ses bras tendus qui invitent \u00e0 d\u2019innombrables c\u00e2lins !<\/p>\n<p>Mesurant environ 24 cm de hauteur (des pieds jusqu\u2019aux globes oculaires), cet amigurumi amusant est crochet\u00e9 avec le fil Scheepjes Catona.<\/p>\n<p>Les diff\u00e9rentes parties du corps sont r\u00e9alis\u00e9es s\u00e9par\u00e9ment puis assembl\u00e9es. De simples broderies au point droit donnent vie au personnage.<\/p>\n<p><strong>Le kit comprend\u00a0:<\/strong><\/p>\n<ul>\n<li>une copie num\u00e9rique du patron <a href=\"https:\/\/www.scheepjes.com\/en\/yarn-the-after-party-70-three-eyed-monster-13060\/\" target=\"_blank\" rel=\"noopener\">Three Eyed Monster de Florent (Flogurumi)<\/a> (disponible en anglais, allemand, fran\u00e7ais, espagnol, n\u00e9erlandais)<\/li>\n<li>7 pelotes de Catona 25 gr<\/li>\n<li>trois yeux de s\u00e9curit\u00e9 de 6 mm pour peluches, dans la couleur de votre choix<\/li>\n<\/ul>\n<p><strong>Options suppl\u00e9mentaires\u00a0:<\/strong><\/p>\n<ul>\n<li>crochet de 2.50 mm<\/li>\n<li>rembourrage en coton recycl\u00e9<\/li>\n<li>marqueurs de mailles<\/li>\n<\/ul>\n<p>Tout est r\u00e9uni dans un seul kit pratique \u2014 il vous suffit de choisir vos options, de t\u00e9l\u00e9charger le patron et de commencer \u00e0 crocheter votre propre petit monstre.<\/p>\n","protected":false},"featured_media":17659,"template":"","meta":[],"product_brand":[],"product_cat":[1659,331],"product_tag":[2120],"class_list":{"0":"post-17706","1":"product","2":"type-product","3":"status-publish","4":"has-post-thumbnail","6":"product_cat-kits-de-fils-amigurumi","7":"product_cat-kits-de-fils","8":"product_tag-catona","9":"description-off","11":"first","12":"instock","13":"virtual","14":"taxable","15":"purchasable","16":"product-type-bundle"},"bundled_by":[],"bundle_stock_status":"instock","bundle_stock_quantity":5,"bundle_virtual":false,"bundle_layout":"default","bundle_add_to_cart_form_location":"default","bundle_editable_in_cart":false,"bundle_sold_individually_context":"product","bundle_item_grouping":"parent","bundle_min_size":"","bundle_max_size":"","bundle_price":{"price":{"min":{"incl_tax":"16.9","excl_tax":"15.66"},"max":{"incl_tax":"30.1","excl_tax":"27.87"}},"regular_price":{"min":{"incl_tax":"16.9","excl_tax":"15.66"},"max":{"incl_tax":"30.1","excl_tax":"27.87"}}},"bundled_items":[{"bundled_item_id":788,"product_id":2809,"menu_order":0,"quantity_min":3,"quantity_max":3,"quantity_default":3,"priced_individually":true,"shipped_individually":false,"override_title":false,"title":"Scheepjes &#8211; Catona &#8211; 25gr","override_description":false,"description":"Scheepjes &#8211; Catona &#8211; 25gr","optional":false,"hide_thumbnail":false,"discount":"","override_variations":true,"allowed_variations":[2852],"override_default_variation_attributes":true,"default_variation_attributes":[{"id":0,"name":"Color","option":"256 - Cornelia Rose"}],"single_product_visibility":"hidden","cart_visibility":"visible","order_visibility":"visible","single_product_price_visibility":"visible","cart_price_visibility":"visible","order_price_visibility":"visible","stock_status":"in_stock"},{"bundled_item_id":789,"product_id":2809,"menu_order":1,"quantity_min":1,"quantity_max":1,"quantity_default":1,"priced_individually":true,"shipped_individually":false,"override_title":false,"title":"Scheepjes &#8211; Catona &#8211; 25gr","override_description":false,"description":"Scheepjes &#8211; Catona &#8211; 25gr","optional":false,"hide_thumbnail":false,"discount":"","override_variations":true,"allowed_variations":[2908],"override_default_variation_attributes":true,"default_variation_attributes":[{"id":0,"name":"Color","option":"518 - Marshmallow"}],"single_product_visibility":"hidden","cart_visibility":"visible","order_visibility":"visible","single_product_price_visibility":"visible","cart_price_visibility":"visible","order_price_visibility":"visible","stock_status":"in_stock"},{"bundled_item_id":790,"product_id":2809,"menu_order":2,"quantity_min":1,"quantity_max":1,"quantity_default":1,"priced_individually":true,"shipped_individually":false,"override_title":false,"title":"Scheepjes &#8211; Catona &#8211; 25gr","override_description":false,"description":"Scheepjes &#8211; Catona &#8211; 25gr","optional":false,"hide_thumbnail":false,"discount":"","override_variations":true,"allowed_variations":[2813],"override_default_variation_attributes":true,"default_variation_attributes":[{"id":0,"name":"Color","option":"105 - Bridal White"}],"single_product_visibility":"hidden","cart_visibility":"visible","order_visibility":"visible","single_product_price_visibility":"visible","cart_price_visibility":"visible","order_price_visibility":"visible","stock_status":"in_stock"},{"bundled_item_id":791,"product_id":2809,"menu_order":3,"quantity_min":1,"quantity_max":1,"quantity_default":1,"priced_individually":true,"shipped_individually":false,"override_title":false,"title":"Scheepjes &#8211; Catona &#8211; 25gr","override_description":false,"description":"Scheepjes &#8211; Catona &#8211; 25gr","optional":false,"hide_thumbnail":false,"discount":"","override_variations":true,"allowed_variations":[2903],"override_default_variation_attributes":true,"default_variation_attributes":[{"id":0,"name":"Color","option":"513 - Apple Granny"}],"single_product_visibility":"hidden","cart_visibility":"visible","order_visibility":"visible","single_product_price_visibility":"visible","cart_price_visibility":"visible","order_price_visibility":"visible","stock_status":"in_stock"},{"bundled_item_id":792,"product_id":2809,"menu_order":4,"quantity_min":1,"quantity_max":1,"quantity_default":1,"priced_individually":true,"shipped_individually":false,"override_title":false,"title":"Scheepjes &#8211; Catona &#8211; 25gr","override_description":false,"description":"Scheepjes &#8211; Catona &#8211; 25gr","optional":false,"hide_thumbnail":false,"discount":"","override_variations":true,"allowed_variations":[2815],"override_default_variation_attributes":true,"default_variation_attributes":[{"id":0,"name":"Color","option":"110 - Jet Black"}],"single_product_visibility":"hidden","cart_visibility":"visible","order_visibility":"visible","single_product_price_visibility":"visible","cart_price_visibility":"visible","order_price_visibility":"visible","stock_status":"in_stock"},{"bundled_item_id":793,"product_id":8375,"menu_order":5,"quantity_min":3,"quantity_max":3,"quantity_default":3,"priced_individually":true,"shipped_individually":false,"override_title":false,"title":"Yeux d\u2019animaux pour amigurumi \u2013 Color\u00e9s \u2013 1 pi\u00e8ce","override_description":true,"description":"","optional":false,"hide_thumbnail":false,"discount":"","override_variations":true,"allowed_variations":[8385,8386,8376,8377,8378,8379,8380,8381,8382,8383,8384],"override_default_variation_attributes":true,"default_variation_attributes":[{"id":0,"name":"Size","option":"6mm"}],"single_product_visibility":"visible","cart_visibility":"visible","order_visibility":"visible","single_product_price_visibility":"visible","cart_price_visibility":"visible","order_price_visibility":"visible","stock_status":"in_stock"},{"bundled_item_id":794,"product_id":3592,"menu_order":6,"quantity_min":1,"quantity_max":1,"quantity_default":1,"priced_individually":true,"shipped_individually":false,"override_title":false,"title":"Addi &#8211; Crochet sans manche","override_description":true,"description":"","optional":true,"hide_thumbnail":false,"discount":"","override_variations":true,"allowed_variations":[3594],"override_default_variation_attributes":true,"default_variation_attributes":[{"id":0,"name":"Size","option":"2.50 mm"}],"single_product_visibility":"visible","cart_visibility":"visible","order_visibility":"visible","single_product_price_visibility":"visible","cart_price_visibility":"visible","order_price_visibility":"visible","stock_status":"in_stock"},{"bundled_item_id":795,"product_id":7293,"menu_order":7,"quantity_min":1,"quantity_max":1,"quantity_default":1,"priced_individually":true,"shipped_individually":false,"override_title":false,"title":"Hoooked &#8211; Remplissage en coton recycl\u00e9","override_description":true,"description":"","optional":true,"hide_thumbnail":false,"discount":"","override_variations":false,"allowed_variations":[""],"override_default_variation_attributes":false,"default_variation_attributes":[],"single_product_visibility":"visible","cart_visibility":"visible","order_visibility":"visible","single_product_price_visibility":"visible","cart_price_visibility":"visible","order_price_visibility":"visible","stock_status":"in_stock"},{"bundled_item_id":796,"product_id":5060,"menu_order":8,"quantity_min":1,"quantity_max":1,"quantity_default":1,"priced_individually":true,"shipped_individually":false,"override_title":false,"title":"Tulip &#8211; Set de marqueurs de maille &#8211; C\u0153ur","override_description":true,"description":"","optional":true,"hide_thumbnail":false,"discount":"","override_variations":false,"allowed_variations":[""],"override_default_variation_attributes":false,"default_variation_attributes":[],"single_product_visibility":"visible","cart_visibility":"visible","order_visibility":"visible","single_product_price_visibility":"visible","cart_price_visibility":"visible","order_price_visibility":"visible","stock_status":"in_stock"}],"bundle_sell_ids":[],"yoast_head":"<!-- This site is optimized with the Yoast SEO plugin v27.4 - https:\/\/yoast.com\/product\/yoast-seo-wordpress\/ -->\n<title>Monstre \u00e0 trois yeux \u2013 Kit de fil &#171; Swiss Crochet<\/title>\n<meta name=\"description\" content=\"Cr\u00e9ez un adorable monstre \u00e0 trois yeux avec ce kit amigurumi utilisant Scheepjes Catona. Le kit comprend le patron, le fil, les yeux de s\u00e9curit\u00e9 et des outils optionnels.\" \/>\n<meta name=\"robots\" content=\"index, follow, max-snippet:-1, max-image-preview:large, max-video-preview:-1\" \/>\n<link rel=\"canonical\" href=\"https:\/\/www.swisscrochet.ch\/produit\/three-eyed-monster-yarn-kit\/\" \/>\n<meta property=\"og:locale\" content=\"fr_FR\" \/>\n<meta property=\"og:type\" content=\"article\" \/>\n<meta property=\"og:title\" content=\"Monstre \u00e0 trois yeux \u2013 Kit de fil &#171; Swiss Crochet\" \/>\n<meta property=\"og:description\" content=\"Cr\u00e9ez un adorable monstre \u00e0 trois yeux avec ce kit amigurumi utilisant Scheepjes Catona. Le kit comprend le patron, le fil, les yeux de s\u00e9curit\u00e9 et des outils optionnels.\" \/>\n<meta property=\"og:url\" content=\"https:\/\/www.swisscrochet.ch\/produit\/three-eyed-monster-yarn-kit\/\" \/>\n<meta property=\"og:site_name\" content=\"Swiss Crochet\" \/>\n<meta property=\"article:modified_time\" content=\"2025-12-29T10:16:35+00:00\" \/>\n<meta property=\"og:image\" content=\"https:\/\/www.swisscrochet.ch\/wp-content\/uploads\/2025\/12\/Three-Eyed-Monster-1.webp\" \/>\n\t<meta property=\"og:image:width\" content=\"1100\" \/>\n\t<meta property=\"og:image:height\" content=\"1100\" \/>\n\t<meta property=\"og:image:type\" content=\"image\/webp\" \/>\n<meta name=\"twitter:card\" content=\"summary_large_image\" \/>\n<meta name=\"twitter:label1\" content=\"Dur\u00e9e de lecture estim\u00e9e\" \/>\n\t<meta name=\"twitter:data1\" content=\"1 minute\" \/>\n<script type=\"application\/ld+json\" class=\"yoast-schema-graph\">{\"@context\":\"https:\\\/\\\/schema.org\",\"@graph\":[{\"@type\":[\"WebPage\",\"ItemPage\"],\"@id\":\"https:\\\/\\\/www.swisscrochet.ch\\\/produit\\\/three-eyed-monster-yarn-kit\\\/\",\"url\":\"https:\\\/\\\/www.swisscrochet.ch\\\/produit\\\/three-eyed-monster-yarn-kit\\\/\",\"name\":\"Monstre \u00e0 trois yeux \u2013 Kit de fil &#171; Swiss Crochet\",\"isPartOf\":{\"@id\":\"https:\\\/\\\/www.swisscrochet.ch\\\/#website\"},\"primaryImageOfPage\":{\"@id\":\"https:\\\/\\\/www.swisscrochet.ch\\\/produit\\\/three-eyed-monster-yarn-kit\\\/#primaryimage\"},\"image\":{\"@id\":\"https:\\\/\\\/www.swisscrochet.ch\\\/produit\\\/three-eyed-monster-yarn-kit\\\/#primaryimage\"},\"thumbnailUrl\":\"https:\\\/\\\/www.swisscrochet.ch\\\/wp-content\\\/uploads\\\/2025\\\/12\\\/Three-Eyed-Monster-1.webp\",\"datePublished\":\"2025-12-28T16:50:44+00:00\",\"dateModified\":\"2025-12-29T10:16:35+00:00\",\"description\":\"Cr\u00e9ez un adorable monstre \u00e0 trois yeux avec ce kit amigurumi utilisant Scheepjes Catona. Le kit comprend le patron, le fil, les yeux de s\u00e9curit\u00e9 et des outils optionnels.\",\"breadcrumb\":{\"@id\":\"https:\\\/\\\/www.swisscrochet.ch\\\/produit\\\/three-eyed-monster-yarn-kit\\\/#breadcrumb\"},\"inLanguage\":\"fr-FR\",\"potentialAction\":[{\"@type\":\"ReadAction\",\"target\":[\"https:\\\/\\\/www.swisscrochet.ch\\\/produit\\\/three-eyed-monster-yarn-kit\\\/\"]}]},{\"@type\":\"ImageObject\",\"inLanguage\":\"fr-FR\",\"@id\":\"https:\\\/\\\/www.swisscrochet.ch\\\/produit\\\/three-eyed-monster-yarn-kit\\\/#primaryimage\",\"url\":\"https:\\\/\\\/www.swisscrochet.ch\\\/wp-content\\\/uploads\\\/2025\\\/12\\\/Three-Eyed-Monster-1.webp\",\"contentUrl\":\"https:\\\/\\\/www.swisscrochet.ch\\\/wp-content\\\/uploads\\\/2025\\\/12\\\/Three-Eyed-Monster-1.webp\",\"width\":1100,\"height\":1100},{\"@type\":\"BreadcrumbList\",\"@id\":\"https:\\\/\\\/www.swisscrochet.ch\\\/produit\\\/three-eyed-monster-yarn-kit\\\/#breadcrumb\",\"itemListElement\":[{\"@type\":\"ListItem\",\"position\":1,\"name\":\"Home\",\"item\":\"https:\\\/\\\/www.swisscrochet.ch\\\/fr\\\/\"},{\"@type\":\"ListItem\",\"position\":2,\"name\":\"Boutique\",\"item\":\"https:\\\/\\\/www.swisscrochet.ch\\\/fr\\\/boutique\\\/\"},{\"@type\":\"ListItem\",\"position\":3,\"name\":\"Monstre \u00e0 trois yeux \u2013 Kit de fil\"}]},{\"@type\":\"WebSite\",\"@id\":\"https:\\\/\\\/www.swisscrochet.ch\\\/#website\",\"url\":\"https:\\\/\\\/www.swisscrochet.ch\\\/\",\"name\":\"Swiss Crochet\",\"description\":\"Lib\u00e9rez votre potentiel cr\u00e9atif\",\"potentialAction\":[{\"@type\":\"SearchAction\",\"target\":{\"@type\":\"EntryPoint\",\"urlTemplate\":\"https:\\\/\\\/www.swisscrochet.ch\\\/?s={search_term_string}\"},\"query-input\":{\"@type\":\"PropertyValueSpecification\",\"valueRequired\":true,\"valueName\":\"search_term_string\"}}],\"inLanguage\":\"fr-FR\"}]}<\/script>\n<!-- \/ Yoast SEO plugin. -->","yoast_head_json":{"title":"Monstre \u00e0 trois yeux \u2013 Kit de fil &#171; Swiss Crochet","description":"Cr\u00e9ez un adorable monstre \u00e0 trois yeux avec ce kit amigurumi utilisant Scheepjes Catona. Le kit comprend le patron, le fil, les yeux de s\u00e9curit\u00e9 et des outils optionnels.","robots":{"index":"index","follow":"follow","max-snippet":"max-snippet:-1","max-image-preview":"max-image-preview:large","max-video-preview":"max-video-preview:-1"},"canonical":"https:\/\/www.swisscrochet.ch\/produit\/three-eyed-monster-yarn-kit\/","og_locale":"fr_FR","og_type":"article","og_title":"Monstre \u00e0 trois yeux \u2013 Kit de fil &#171; Swiss Crochet","og_description":"Cr\u00e9ez un adorable monstre \u00e0 trois yeux avec ce kit amigurumi utilisant Scheepjes Catona. Le kit comprend le patron, le fil, les yeux de s\u00e9curit\u00e9 et des outils optionnels.","og_url":"https:\/\/www.swisscrochet.ch\/produit\/three-eyed-monster-yarn-kit\/","og_site_name":"Swiss Crochet","article_modified_time":"2025-12-29T10:16:35+00:00","og_image":[{"width":1100,"height":1100,"url":"https:\/\/www.swisscrochet.ch\/wp-content\/uploads\/2025\/12\/Three-Eyed-Monster-1.webp","type":"image\/webp"}],"twitter_card":"summary_large_image","twitter_misc":{"Dur\u00e9e de lecture estim\u00e9e":"1 minute"},"schema":{"@context":"https:\/\/schema.org","@graph":[{"@type":["WebPage","ItemPage"],"@id":"https:\/\/www.swisscrochet.ch\/produit\/three-eyed-monster-yarn-kit\/","url":"https:\/\/www.swisscrochet.ch\/produit\/three-eyed-monster-yarn-kit\/","name":"Monstre \u00e0 trois yeux \u2013 Kit de fil &#171; Swiss Crochet","isPartOf":{"@id":"https:\/\/www.swisscrochet.ch\/#website"},"primaryImageOfPage":{"@id":"https:\/\/www.swisscrochet.ch\/produit\/three-eyed-monster-yarn-kit\/#primaryimage"},"image":{"@id":"https:\/\/www.swisscrochet.ch\/produit\/three-eyed-monster-yarn-kit\/#primaryimage"},"thumbnailUrl":"https:\/\/www.swisscrochet.ch\/wp-content\/uploads\/2025\/12\/Three-Eyed-Monster-1.webp","datePublished":"2025-12-28T16:50:44+00:00","dateModified":"2025-12-29T10:16:35+00:00","description":"Cr\u00e9ez un adorable monstre \u00e0 trois yeux avec ce kit amigurumi utilisant Scheepjes Catona. Le kit comprend le patron, le fil, les yeux de s\u00e9curit\u00e9 et des outils optionnels.","breadcrumb":{"@id":"https:\/\/www.swisscrochet.ch\/produit\/three-eyed-monster-yarn-kit\/#breadcrumb"},"inLanguage":"fr-FR","potentialAction":[{"@type":"ReadAction","target":["https:\/\/www.swisscrochet.ch\/produit\/three-eyed-monster-yarn-kit\/"]}]},{"@type":"ImageObject","inLanguage":"fr-FR","@id":"https:\/\/www.swisscrochet.ch\/produit\/three-eyed-monster-yarn-kit\/#primaryimage","url":"https:\/\/www.swisscrochet.ch\/wp-content\/uploads\/2025\/12\/Three-Eyed-Monster-1.webp","contentUrl":"https:\/\/www.swisscrochet.ch\/wp-content\/uploads\/2025\/12\/Three-Eyed-Monster-1.webp","width":1100,"height":1100},{"@type":"BreadcrumbList","@id":"https:\/\/www.swisscrochet.ch\/produit\/three-eyed-monster-yarn-kit\/#breadcrumb","itemListElement":[{"@type":"ListItem","position":1,"name":"Home","item":"https:\/\/www.swisscrochet.ch\/fr\/"},{"@type":"ListItem","position":2,"name":"Boutique","item":"https:\/\/www.swisscrochet.ch\/fr\/boutique\/"},{"@type":"ListItem","position":3,"name":"Monstre \u00e0 trois yeux \u2013 Kit de fil"}]},{"@type":"WebSite","@id":"https:\/\/www.swisscrochet.ch\/#website","url":"https:\/\/www.swisscrochet.ch\/","name":"Swiss Crochet","description":"Lib\u00e9rez votre potentiel cr\u00e9atif","potentialAction":[{"@type":"SearchAction","target":{"@type":"EntryPoint","urlTemplate":"https:\/\/www.swisscrochet.ch\/?s={search_term_string}"},"query-input":{"@type":"PropertyValueSpecification","valueRequired":true,"valueName":"search_term_string"}}],"inLanguage":"fr-FR"}]}},"_links":{"self":[{"href":"https:\/\/www.swisscrochet.ch\/fr\/wp-json\/wp\/v2\/product\/17706","targetHints":{"allow":["GET"]}}],"collection":[{"href":"https:\/\/www.swisscrochet.ch\/fr\/wp-json\/wp\/v2\/product"}],"about":[{"href":"https:\/\/www.swisscrochet.ch\/fr\/wp-json\/wp\/v2\/types\/product"}],"wp:featuredmedia":[{"embeddable":true,"href":"https:\/\/www.swisscrochet.ch\/fr\/wp-json\/wp\/v2\/media\/17659"}],"wp:attachment":[{"href":"https:\/\/www.swisscrochet.ch\/fr\/wp-json\/wp\/v2\/media?parent=17706"}],"wp:term":[{"taxonomy":"product_brand","embeddable":true,"href":"https:\/\/www.swisscrochet.ch\/fr\/wp-json\/wp\/v2\/product_brand?post=17706"},{"taxonomy":"product_cat","embeddable":true,"href":"https:\/\/www.swisscrochet.ch\/fr\/wp-json\/wp\/v2\/product_cat?post=17706"},{"taxonomy":"product_tag","embeddable":true,"href":"https:\/\/www.swisscrochet.ch\/fr\/wp-json\/wp\/v2\/product_tag?post=17706"}],"curies":[{"name":"wp","href":"https:\/\/api.w.org\/{rel}","templated":true}]}}