{"id":17720,"date":"2025-12-28T19:27:33","date_gmt":"2025-12-28T18:27:33","guid":{"rendered":"https:\/\/www.swisscrochet.ch\/product\/chroma-canal-houses-cushion-yarn-kit\/"},"modified":"2025-12-29T11:29:40","modified_gmt":"2025-12-29T10:29:40","slug":"coussin-chroma-canal-houses-kit-de-fil","status":"publish","type":"product","link":"https:\/\/www.swisscrochet.ch\/fr\/produit\/coussin-chroma-canal-houses-kit-de-fil\/","title":{"rendered":"Coussin Chroma Canal Houses \u2013 Kit de fil"},"content":{"rendered":"","protected":false},"excerpt":{"rendered":"<p>Transformez le c\u00e9l\u00e8bre mod\u00e8le Canal Houses Cushion d\u2019Esme Crick en une pi\u00e8ce vibrante et expressive gr\u00e2ce \u00e0 Scheepjes Catona Chroma ! Nous avons revisit\u00e9 ce design embl\u00e9matique afin de mettre en valeur l\u2019effet spectaculaire de la combinaison du crochet mosa\u00efque avec la version multicolore de Catona, un fil 100% coton merceris\u00e9.<\/p>\n<p>Les nuances panach\u00e9es utilis\u00e9es pour les maisons n\u00e9erlandaises embl\u00e9matiques sont Grassland 015 et Sunrise 016. Avec d\u00e9sormais 20 coloris riches disponibles dans la collection Catona Chroma, les possibilit\u00e9s cr\u00e9atives pour vos coussins sont encore plus vastes.<\/p>\n<p><strong>Le kit comprend :<\/strong><\/p>\n<ul>\n<li>une copie num\u00e9rique du mod\u00e8le <a href=\"https:\/\/www.ravelry.com\/patterns\/library\/chroma-canal-houses-cushion\" target=\"_blank\" rel=\"noopener\">Chroma Canal Houses Cushion par Esme Crick<\/a> (disponible en anglais, allemand, fran\u00e7ais, n\u00e9erlandais)<\/li>\n<li>5 pelotes de Catona 50 g dans le coloris 248 Champagne<\/li>\n<li>2 pelotes de Catona Chroma dans le coloris de votre choix<\/li>\n<\/ul>\n<p><strong>Options suppl\u00e9mentaires :<\/strong><\/p>\n<ul>\n<li>crochet de 3.50 mm<\/li>\n<li>marqueurs de mailles<\/li>\n<\/ul>\n<p>Tout est r\u00e9uni dans un seul kit pratique \u2014 choisissez simplement vos options, t\u00e9l\u00e9chargez le mod\u00e8le et commencez \u00e0 crocheter votre propre coussin vibrant.<\/p>\n","protected":false},"featured_media":17685,"template":"","meta":[],"product_brand":[],"product_cat":[331,1674],"product_tag":[2120],"class_list":{"0":"post-17720","1":"product","2":"type-product","3":"status-publish","4":"has-post-thumbnail","6":"product_cat-kits-de-fils","7":"product_cat-kits-de-fils-plaids-decoration-interieure-autres","8":"product_tag-catona","9":"description-off","11":"first","12":"instock","13":"virtual","14":"taxable","15":"purchasable","16":"product-type-bundle"},"bundled_by":[],"bundle_stock_status":"instock","bundle_stock_quantity":3,"bundle_virtual":false,"bundle_layout":"default","bundle_add_to_cart_form_location":"default","bundle_editable_in_cart":false,"bundle_sold_individually_context":"product","bundle_item_grouping":"parent","bundle_min_size":"","bundle_max_size":"","bundle_price":{"price":{"min":{"incl_tax":"27.1","excl_tax":"25.07"},"max":{"incl_tax":"35.4","excl_tax":"32.75"}},"regular_price":{"min":{"incl_tax":"27.1","excl_tax":"25.07"},"max":{"incl_tax":"35.4","excl_tax":"32.75"}}},"bundled_items":[{"bundled_item_id":839,"product_id":3152,"menu_order":0,"quantity_min":5,"quantity_max":5,"quantity_default":5,"priced_individually":true,"shipped_individually":false,"override_title":false,"title":"Scheepjes &#8211; Catona &#8211; 50gr","override_description":false,"description":"Scheepjes &#8211; Catona &#8211; 50gr","optional":false,"hide_thumbnail":false,"discount":"","override_variations":true,"allowed_variations":[3188],"override_default_variation_attributes":true,"default_variation_attributes":[{"id":0,"name":"Color","option":"248 - Champagne"}],"single_product_visibility":"hidden","cart_visibility":"visible","order_visibility":"visible","single_product_price_visibility":"visible","cart_price_visibility":"visible","order_price_visibility":"visible","stock_status":"in_stock"},{"bundled_item_id":840,"product_id":13166,"menu_order":1,"quantity_min":2,"quantity_max":2,"quantity_default":2,"priced_individually":true,"shipped_individually":false,"override_title":false,"title":"Scheepjes &#8211; Catona Chroma","override_description":true,"description":"","optional":false,"hide_thumbnail":false,"discount":"","override_variations":false,"allowed_variations":[""],"override_default_variation_attributes":false,"default_variation_attributes":[],"single_product_visibility":"visible","cart_visibility":"visible","order_visibility":"visible","single_product_price_visibility":"visible","cart_price_visibility":"visible","order_price_visibility":"visible","stock_status":"in_stock"},{"bundled_item_id":841,"product_id":3592,"menu_order":2,"quantity_min":1,"quantity_max":1,"quantity_default":1,"priced_individually":true,"shipped_individually":false,"override_title":false,"title":"Addi &#8211; Crochet sans manche","override_description":true,"description":"","optional":true,"hide_thumbnail":false,"discount":"","override_variations":true,"allowed_variations":[3596],"override_default_variation_attributes":true,"default_variation_attributes":[{"id":0,"name":"Size","option":"3.50 mm"}],"single_product_visibility":"visible","cart_visibility":"visible","order_visibility":"visible","single_product_price_visibility":"visible","cart_price_visibility":"visible","order_price_visibility":"visible","stock_status":"in_stock"},{"bundled_item_id":842,"product_id":5060,"menu_order":3,"quantity_min":1,"quantity_max":1,"quantity_default":1,"priced_individually":true,"shipped_individually":false,"override_title":false,"title":"Tulip &#8211; Set de marqueurs de maille &#8211; C\u0153ur","override_description":true,"description":"","optional":true,"hide_thumbnail":false,"discount":"","override_variations":false,"allowed_variations":[""],"override_default_variation_attributes":false,"default_variation_attributes":[],"single_product_visibility":"visible","cart_visibility":"visible","order_visibility":"visible","single_product_price_visibility":"visible","cart_price_visibility":"visible","order_price_visibility":"visible","stock_status":"in_stock"}],"bundle_sell_ids":[],"yoast_head":"<!-- This site is optimized with the Yoast SEO plugin v27.4 - https:\/\/yoast.com\/product\/yoast-seo-wordpress\/ -->\n<title>Coussin Chroma Canal Houses \u2013 Kit de fil &#171; Swiss Crochet<\/title>\n<meta name=\"description\" content=\"Cr\u00e9ez un coussin au crochet mosa\u00efque vibrant avec le kit Chroma Canal Houses. Comprend les fils Catona et Catona Chroma ainsi qu\u2019un patron num\u00e9rique d\u2019Esme Crick.\" \/>\n<meta name=\"robots\" content=\"index, follow, max-snippet:-1, max-image-preview:large, max-video-preview:-1\" \/>\n<link rel=\"canonical\" href=\"https:\/\/www.swisscrochet.ch\/produit\/chroma-canal-houses-cushion-yarn-kit\/\" \/>\n<meta property=\"og:locale\" content=\"fr_FR\" \/>\n<meta property=\"og:type\" content=\"article\" \/>\n<meta property=\"og:title\" content=\"Coussin Chroma Canal Houses \u2013 Kit de fil &#171; Swiss Crochet\" \/>\n<meta property=\"og:description\" content=\"Cr\u00e9ez un coussin au crochet mosa\u00efque vibrant avec le kit Chroma Canal Houses. Comprend les fils Catona et Catona Chroma ainsi qu\u2019un patron num\u00e9rique d\u2019Esme Crick.\" \/>\n<meta property=\"og:url\" content=\"https:\/\/www.swisscrochet.ch\/produit\/chroma-canal-houses-cushion-yarn-kit\/\" \/>\n<meta property=\"og:site_name\" content=\"Swiss Crochet\" \/>\n<meta property=\"article:modified_time\" content=\"2025-12-29T10:29:40+00:00\" \/>\n<meta property=\"og:image\" content=\"https:\/\/www.swisscrochet.ch\/wp-content\/uploads\/2025\/12\/Chroma-Canal-Houses-Cushion-1.webp\" \/>\n\t<meta property=\"og:image:width\" content=\"1100\" \/>\n\t<meta property=\"og:image:height\" content=\"1100\" \/>\n\t<meta property=\"og:image:type\" content=\"image\/webp\" \/>\n<meta name=\"twitter:card\" content=\"summary_large_image\" \/>\n<meta name=\"twitter:label1\" content=\"Dur\u00e9e de lecture estim\u00e9e\" \/>\n\t<meta name=\"twitter:data1\" content=\"1 minute\" \/>\n<script type=\"application\/ld+json\" class=\"yoast-schema-graph\">{\"@context\":\"https:\\\/\\\/schema.org\",\"@graph\":[{\"@type\":[\"WebPage\",\"ItemPage\"],\"@id\":\"https:\\\/\\\/www.swisscrochet.ch\\\/produit\\\/chroma-canal-houses-cushion-yarn-kit\\\/\",\"url\":\"https:\\\/\\\/www.swisscrochet.ch\\\/produit\\\/chroma-canal-houses-cushion-yarn-kit\\\/\",\"name\":\"Coussin Chroma Canal Houses \u2013 Kit de fil &#171; Swiss Crochet\",\"isPartOf\":{\"@id\":\"https:\\\/\\\/www.swisscrochet.ch\\\/#website\"},\"primaryImageOfPage\":{\"@id\":\"https:\\\/\\\/www.swisscrochet.ch\\\/produit\\\/chroma-canal-houses-cushion-yarn-kit\\\/#primaryimage\"},\"image\":{\"@id\":\"https:\\\/\\\/www.swisscrochet.ch\\\/produit\\\/chroma-canal-houses-cushion-yarn-kit\\\/#primaryimage\"},\"thumbnailUrl\":\"https:\\\/\\\/www.swisscrochet.ch\\\/wp-content\\\/uploads\\\/2025\\\/12\\\/Chroma-Canal-Houses-Cushion-1.webp\",\"datePublished\":\"2025-12-28T18:27:33+00:00\",\"dateModified\":\"2025-12-29T10:29:40+00:00\",\"description\":\"Cr\u00e9ez un coussin au crochet mosa\u00efque vibrant avec le kit Chroma Canal Houses. Comprend les fils Catona et Catona Chroma ainsi qu\u2019un patron num\u00e9rique d\u2019Esme Crick.\",\"breadcrumb\":{\"@id\":\"https:\\\/\\\/www.swisscrochet.ch\\\/produit\\\/chroma-canal-houses-cushion-yarn-kit\\\/#breadcrumb\"},\"inLanguage\":\"fr-FR\",\"potentialAction\":[{\"@type\":\"ReadAction\",\"target\":[\"https:\\\/\\\/www.swisscrochet.ch\\\/produit\\\/chroma-canal-houses-cushion-yarn-kit\\\/\"]}]},{\"@type\":\"ImageObject\",\"inLanguage\":\"fr-FR\",\"@id\":\"https:\\\/\\\/www.swisscrochet.ch\\\/produit\\\/chroma-canal-houses-cushion-yarn-kit\\\/#primaryimage\",\"url\":\"https:\\\/\\\/www.swisscrochet.ch\\\/wp-content\\\/uploads\\\/2025\\\/12\\\/Chroma-Canal-Houses-Cushion-1.webp\",\"contentUrl\":\"https:\\\/\\\/www.swisscrochet.ch\\\/wp-content\\\/uploads\\\/2025\\\/12\\\/Chroma-Canal-Houses-Cushion-1.webp\",\"width\":1100,\"height\":1100},{\"@type\":\"BreadcrumbList\",\"@id\":\"https:\\\/\\\/www.swisscrochet.ch\\\/produit\\\/chroma-canal-houses-cushion-yarn-kit\\\/#breadcrumb\",\"itemListElement\":[{\"@type\":\"ListItem\",\"position\":1,\"name\":\"Home\",\"item\":\"https:\\\/\\\/www.swisscrochet.ch\\\/fr\\\/\"},{\"@type\":\"ListItem\",\"position\":2,\"name\":\"Boutique\",\"item\":\"https:\\\/\\\/www.swisscrochet.ch\\\/fr\\\/boutique\\\/\"},{\"@type\":\"ListItem\",\"position\":3,\"name\":\"Coussin Chroma Canal Houses \u2013 Kit de fil\"}]},{\"@type\":\"WebSite\",\"@id\":\"https:\\\/\\\/www.swisscrochet.ch\\\/#website\",\"url\":\"https:\\\/\\\/www.swisscrochet.ch\\\/\",\"name\":\"Swiss Crochet\",\"description\":\"Lib\u00e9rez votre potentiel cr\u00e9atif\",\"potentialAction\":[{\"@type\":\"SearchAction\",\"target\":{\"@type\":\"EntryPoint\",\"urlTemplate\":\"https:\\\/\\\/www.swisscrochet.ch\\\/?s={search_term_string}\"},\"query-input\":{\"@type\":\"PropertyValueSpecification\",\"valueRequired\":true,\"valueName\":\"search_term_string\"}}],\"inLanguage\":\"fr-FR\"}]}<\/script>\n<!-- \/ Yoast SEO plugin. -->","yoast_head_json":{"title":"Coussin Chroma Canal Houses \u2013 Kit de fil &#171; Swiss Crochet","description":"Cr\u00e9ez un coussin au crochet mosa\u00efque vibrant avec le kit Chroma Canal Houses. Comprend les fils Catona et Catona Chroma ainsi qu\u2019un patron num\u00e9rique d\u2019Esme Crick.","robots":{"index":"index","follow":"follow","max-snippet":"max-snippet:-1","max-image-preview":"max-image-preview:large","max-video-preview":"max-video-preview:-1"},"canonical":"https:\/\/www.swisscrochet.ch\/produit\/chroma-canal-houses-cushion-yarn-kit\/","og_locale":"fr_FR","og_type":"article","og_title":"Coussin Chroma Canal Houses \u2013 Kit de fil &#171; Swiss Crochet","og_description":"Cr\u00e9ez un coussin au crochet mosa\u00efque vibrant avec le kit Chroma Canal Houses. Comprend les fils Catona et Catona Chroma ainsi qu\u2019un patron num\u00e9rique d\u2019Esme Crick.","og_url":"https:\/\/www.swisscrochet.ch\/produit\/chroma-canal-houses-cushion-yarn-kit\/","og_site_name":"Swiss Crochet","article_modified_time":"2025-12-29T10:29:40+00:00","og_image":[{"width":1100,"height":1100,"url":"https:\/\/www.swisscrochet.ch\/wp-content\/uploads\/2025\/12\/Chroma-Canal-Houses-Cushion-1.webp","type":"image\/webp"}],"twitter_card":"summary_large_image","twitter_misc":{"Dur\u00e9e de lecture estim\u00e9e":"1 minute"},"schema":{"@context":"https:\/\/schema.org","@graph":[{"@type":["WebPage","ItemPage"],"@id":"https:\/\/www.swisscrochet.ch\/produit\/chroma-canal-houses-cushion-yarn-kit\/","url":"https:\/\/www.swisscrochet.ch\/produit\/chroma-canal-houses-cushion-yarn-kit\/","name":"Coussin Chroma Canal Houses \u2013 Kit de fil &#171; Swiss Crochet","isPartOf":{"@id":"https:\/\/www.swisscrochet.ch\/#website"},"primaryImageOfPage":{"@id":"https:\/\/www.swisscrochet.ch\/produit\/chroma-canal-houses-cushion-yarn-kit\/#primaryimage"},"image":{"@id":"https:\/\/www.swisscrochet.ch\/produit\/chroma-canal-houses-cushion-yarn-kit\/#primaryimage"},"thumbnailUrl":"https:\/\/www.swisscrochet.ch\/wp-content\/uploads\/2025\/12\/Chroma-Canal-Houses-Cushion-1.webp","datePublished":"2025-12-28T18:27:33+00:00","dateModified":"2025-12-29T10:29:40+00:00","description":"Cr\u00e9ez un coussin au crochet mosa\u00efque vibrant avec le kit Chroma Canal Houses. Comprend les fils Catona et Catona Chroma ainsi qu\u2019un patron num\u00e9rique d\u2019Esme Crick.","breadcrumb":{"@id":"https:\/\/www.swisscrochet.ch\/produit\/chroma-canal-houses-cushion-yarn-kit\/#breadcrumb"},"inLanguage":"fr-FR","potentialAction":[{"@type":"ReadAction","target":["https:\/\/www.swisscrochet.ch\/produit\/chroma-canal-houses-cushion-yarn-kit\/"]}]},{"@type":"ImageObject","inLanguage":"fr-FR","@id":"https:\/\/www.swisscrochet.ch\/produit\/chroma-canal-houses-cushion-yarn-kit\/#primaryimage","url":"https:\/\/www.swisscrochet.ch\/wp-content\/uploads\/2025\/12\/Chroma-Canal-Houses-Cushion-1.webp","contentUrl":"https:\/\/www.swisscrochet.ch\/wp-content\/uploads\/2025\/12\/Chroma-Canal-Houses-Cushion-1.webp","width":1100,"height":1100},{"@type":"BreadcrumbList","@id":"https:\/\/www.swisscrochet.ch\/produit\/chroma-canal-houses-cushion-yarn-kit\/#breadcrumb","itemListElement":[{"@type":"ListItem","position":1,"name":"Home","item":"https:\/\/www.swisscrochet.ch\/fr\/"},{"@type":"ListItem","position":2,"name":"Boutique","item":"https:\/\/www.swisscrochet.ch\/fr\/boutique\/"},{"@type":"ListItem","position":3,"name":"Coussin Chroma Canal Houses \u2013 Kit de fil"}]},{"@type":"WebSite","@id":"https:\/\/www.swisscrochet.ch\/#website","url":"https:\/\/www.swisscrochet.ch\/","name":"Swiss Crochet","description":"Lib\u00e9rez votre potentiel cr\u00e9atif","potentialAction":[{"@type":"SearchAction","target":{"@type":"EntryPoint","urlTemplate":"https:\/\/www.swisscrochet.ch\/?s={search_term_string}"},"query-input":{"@type":"PropertyValueSpecification","valueRequired":true,"valueName":"search_term_string"}}],"inLanguage":"fr-FR"}]}},"_links":{"self":[{"href":"https:\/\/www.swisscrochet.ch\/fr\/wp-json\/wp\/v2\/product\/17720","targetHints":{"allow":["GET"]}}],"collection":[{"href":"https:\/\/www.swisscrochet.ch\/fr\/wp-json\/wp\/v2\/product"}],"about":[{"href":"https:\/\/www.swisscrochet.ch\/fr\/wp-json\/wp\/v2\/types\/product"}],"wp:featuredmedia":[{"embeddable":true,"href":"https:\/\/www.swisscrochet.ch\/fr\/wp-json\/wp\/v2\/media\/17685"}],"wp:attachment":[{"href":"https:\/\/www.swisscrochet.ch\/fr\/wp-json\/wp\/v2\/media?parent=17720"}],"wp:term":[{"taxonomy":"product_brand","embeddable":true,"href":"https:\/\/www.swisscrochet.ch\/fr\/wp-json\/wp\/v2\/product_brand?post=17720"},{"taxonomy":"product_cat","embeddable":true,"href":"https:\/\/www.swisscrochet.ch\/fr\/wp-json\/wp\/v2\/product_cat?post=17720"},{"taxonomy":"product_tag","embeddable":true,"href":"https:\/\/www.swisscrochet.ch\/fr\/wp-json\/wp\/v2\/product_tag?post=17720"}],"curies":[{"name":"wp","href":"https:\/\/api.w.org\/{rel}","templated":true}]}}