{"id":18338,"date":"2026-01-01T15:57:15","date_gmt":"2026-01-01T14:57:15","guid":{"rendered":"https:\/\/www.swisscrochet.ch\/product\/el-d-mouzakis-butterfly-super-20\/"},"modified":"2026-03-15T20:33:54","modified_gmt":"2026-03-15T19:33:54","slug":"el-d-mouzakis-butterfly-super-20","status":"publish","type":"product","link":"https:\/\/www.swisscrochet.ch\/fr\/produit\/el-d-mouzakis-butterfly-super-20\/","title":{"rendered":"EL.D.Mouzakis Butterfly &#8211; Super 20"},"content":{"rendered":"","protected":false},"excerpt":{"rendered":"<p>Butterfly Super 20 est un fil de cat\u00e9gorie DK doux et fluide, con\u00e7u sp\u00e9cialement pour les crocheteuses. Fabriqu\u00e9 \u00e0 partir de 100% coton merceris\u00e9 cultiv\u00e9 en Gr\u00e8ce, ce fil se distingue par sa grande qualit\u00e9 et une production r\u00e9fl\u00e9chie. L\u2019ensemble du processus \u2014 de la culture du coton au filage, \u00e0 la teinture et \u00e0 l\u2019emballage \u2014 se d\u00e9roule enti\u00e8rement en Gr\u00e8ce, ce qui permet de limiter consid\u00e9rablement les transports. Son trajet le plus long est jusqu\u2019en Suisse.<\/p>\n<p>La construction c\u00e2bl\u00e9e conf\u00e8re \u00e0 Super 20 une solidit\u00e9 et une durabilit\u00e9 exceptionnelles tout en restant l\u00e9ger malgr\u00e9 ses multiples brins. La torsion en Z emp\u00eache le fil de se d\u00e9faire ou de se fendre pendant le crochet, rendant le travail particuli\u00e8rement agr\u00e9able.<\/p>\n<p>Super 20 est particuli\u00e8rement adapt\u00e9 aux v\u00eatements et accessoires portables, offrant un beau tomb\u00e9 et une excellente d\u00e9finition des mailles.<\/p>\n<p>L\u2019\u00e9chantillon pr\u00e9sent\u00e9 a \u00e9t\u00e9 lav\u00e9 en machine (programme normal \u00e0 40\u00a0\u00b0C) puis repass\u00e9 \u00e0 la vapeur.<\/p>\n<p>Disponible dans une palette raffin\u00e9e de 16 coloris, Super 20 invite \u00e0 une cr\u00e9ativit\u00e9 infinie et \u00e0 des associations de couleurs \u00e9l\u00e9gantes pour tous vos projets au crochet.<\/p>\n<p>Choisissez Super 20 pour sa qualit\u00e9, sa polyvalence et ses couleurs vibrantes \u00e0 chaque maille\u00a0!<\/p>\n<p>Remarque : Super 10 et Super 20 sont tous deux des fils de cat\u00e9gorie DK avec la m\u00eame composition et la m\u00eame construction, mais pr\u00e9sentent de l\u00e9g\u00e8res diff\u00e9rences. Super 10 est le plus \u00e9pais des deux, avec 230 m par pelote, tandis que Super 20 est l\u00e9g\u00e8rement plus fin et offre 330 m par pelote.<\/p>\n<p><strong>Disponible exclusivement chez Swiss Crochet.<\/strong><\/p>\n","protected":false},"featured_media":17824,"template":"","meta":[],"product_brand":[],"product_cat":[1885,227,1887,1893],"product_tag":[],"class_list":{"0":"post-18338","1":"product","2":"type-product","3":"status-publish","4":"has-post-thumbnail","6":"product_cat-fils-couvertures","7":"product_cat-fils","8":"product_cat-fils-fils-basiques","9":"product_cat-fils-vetements","10":"pa_y1-brand-el-d-mouzakis-butterfly","11":"pa_y17-yarn-weight-dk-fr","12":"description-off","14":"first","15":"instock","16":"taxable","17":"shipping-taxable","18":"purchasable","19":"product-type-variable","20":"wvs-archive-product-wrapper"},"bundled_by":["25694"],"bundle_stock_status":"instock","bundle_stock_quantity":null,"bundle_virtual":false,"bundle_layout":"","bundle_add_to_cart_form_location":"","bundle_editable_in_cart":false,"bundle_sold_individually_context":"","bundle_item_grouping":"","bundle_min_size":"","bundle_max_size":"","bundle_price":[],"bundled_items":[],"bundle_sell_ids":[],"yoast_head":"<!-- This site is optimized with the Yoast SEO plugin v27.3 - https:\/\/yoast.com\/product\/yoast-seo-wordpress\/ -->\n<title>EL.D.Mouzakis Butterfly - Super 20 &#171; Swiss Crochet<\/title>\n<meta name=\"description\" content=\"Butterfly Super 20 est un fil DK en coton merceris\u00e9 offrant une excellente d\u00e9finition des mailles. Doux, r\u00e9sistant et id\u00e9al pour les v\u00eatements et les projets au crochet. Disponible exclusivement chez Swiss Crochet.\" \/>\n<meta name=\"robots\" content=\"index, follow, max-snippet:-1, max-image-preview:large, max-video-preview:-1\" \/>\n<link rel=\"canonical\" href=\"https:\/\/www.swisscrochet.ch\/fr\/produit\/el-d-mouzakis-butterfly-super-20\/\" \/>\n<meta property=\"og:locale\" content=\"fr_FR\" \/>\n<meta property=\"og:type\" content=\"article\" \/>\n<meta property=\"og:title\" content=\"EL.D.Mouzakis Butterfly - Super 20 &#171; Swiss Crochet\" \/>\n<meta property=\"og:description\" content=\"Butterfly Super 20 est un fil DK en coton merceris\u00e9 offrant une excellente d\u00e9finition des mailles. Doux, r\u00e9sistant et id\u00e9al pour les v\u00eatements et les projets au crochet. Disponible exclusivement chez Swiss Crochet.\" \/>\n<meta property=\"og:url\" content=\"https:\/\/www.swisscrochet.ch\/fr\/produit\/el-d-mouzakis-butterfly-super-20\/\" \/>\n<meta property=\"og:site_name\" content=\"Swiss Crochet\" \/>\n<meta property=\"article:modified_time\" content=\"2026-03-15T19:33:54+00:00\" \/>\n<meta property=\"og:image\" content=\"https:\/\/www.swisscrochet.ch\/wp-content\/uploads\/2025\/12\/EL.D.Mouzakis-Super-20-Overview.jpg\" \/>\n\t<meta property=\"og:image:width\" content=\"1000\" \/>\n\t<meta property=\"og:image:height\" content=\"1000\" \/>\n\t<meta property=\"og:image:type\" content=\"image\/jpeg\" \/>\n<meta name=\"twitter:card\" content=\"summary_large_image\" \/>\n<meta name=\"twitter:label1\" content=\"Dur\u00e9e de lecture estim\u00e9e\" \/>\n\t<meta name=\"twitter:data1\" content=\"1 minute\" \/>\n<script type=\"application\/ld+json\" class=\"yoast-schema-graph\">{\"@context\":\"https:\\\/\\\/schema.org\",\"@graph\":[{\"@type\":[\"WebPage\",\"ItemPage\"],\"@id\":\"https:\\\/\\\/www.swisscrochet.ch\\\/fr\\\/produit\\\/el-d-mouzakis-butterfly-super-20\\\/\",\"url\":\"https:\\\/\\\/www.swisscrochet.ch\\\/fr\\\/produit\\\/el-d-mouzakis-butterfly-super-20\\\/\",\"name\":\"EL.D.Mouzakis Butterfly - Super 20 &#171; Swiss Crochet\",\"isPartOf\":{\"@id\":\"https:\\\/\\\/www.swisscrochet.ch\\\/#website\"},\"primaryImageOfPage\":{\"@id\":\"https:\\\/\\\/www.swisscrochet.ch\\\/fr\\\/produit\\\/el-d-mouzakis-butterfly-super-20\\\/#primaryimage\"},\"image\":{\"@id\":\"https:\\\/\\\/www.swisscrochet.ch\\\/fr\\\/produit\\\/el-d-mouzakis-butterfly-super-20\\\/#primaryimage\"},\"thumbnailUrl\":\"https:\\\/\\\/www.swisscrochet.ch\\\/wp-content\\\/uploads\\\/2025\\\/12\\\/EL.D.Mouzakis-Super-20-Overview.jpg\",\"datePublished\":\"2026-01-01T14:57:15+00:00\",\"dateModified\":\"2026-03-15T19:33:54+00:00\",\"description\":\"Butterfly Super 20 est un fil DK en coton merceris\u00e9 offrant une excellente d\u00e9finition des mailles. Doux, r\u00e9sistant et id\u00e9al pour les v\u00eatements et les projets au crochet. Disponible exclusivement chez Swiss Crochet.\",\"breadcrumb\":{\"@id\":\"https:\\\/\\\/www.swisscrochet.ch\\\/fr\\\/produit\\\/el-d-mouzakis-butterfly-super-20\\\/#breadcrumb\"},\"inLanguage\":\"fr-FR\",\"potentialAction\":[{\"@type\":\"ReadAction\",\"target\":[\"https:\\\/\\\/www.swisscrochet.ch\\\/fr\\\/produit\\\/el-d-mouzakis-butterfly-super-20\\\/\"]}]},{\"@type\":\"ImageObject\",\"inLanguage\":\"fr-FR\",\"@id\":\"https:\\\/\\\/www.swisscrochet.ch\\\/fr\\\/produit\\\/el-d-mouzakis-butterfly-super-20\\\/#primaryimage\",\"url\":\"https:\\\/\\\/www.swisscrochet.ch\\\/wp-content\\\/uploads\\\/2025\\\/12\\\/EL.D.Mouzakis-Super-20-Overview.jpg\",\"contentUrl\":\"https:\\\/\\\/www.swisscrochet.ch\\\/wp-content\\\/uploads\\\/2025\\\/12\\\/EL.D.Mouzakis-Super-20-Overview.jpg\",\"width\":1000,\"height\":1000},{\"@type\":\"BreadcrumbList\",\"@id\":\"https:\\\/\\\/www.swisscrochet.ch\\\/fr\\\/produit\\\/el-d-mouzakis-butterfly-super-20\\\/#breadcrumb\",\"itemListElement\":[{\"@type\":\"ListItem\",\"position\":1,\"name\":\"Home\",\"item\":\"https:\\\/\\\/www.swisscrochet.ch\\\/fr\\\/\"},{\"@type\":\"ListItem\",\"position\":2,\"name\":\"Boutique\",\"item\":\"https:\\\/\\\/www.swisscrochet.ch\\\/fr\\\/boutique\\\/\"},{\"@type\":\"ListItem\",\"position\":3,\"name\":\"EL.D.Mouzakis Butterfly &#8211; Super 20\"}]},{\"@type\":\"WebSite\",\"@id\":\"https:\\\/\\\/www.swisscrochet.ch\\\/#website\",\"url\":\"https:\\\/\\\/www.swisscrochet.ch\\\/\",\"name\":\"Swiss Crochet\",\"description\":\"Lib\u00e9rez votre potentiel cr\u00e9atif\",\"potentialAction\":[{\"@type\":\"SearchAction\",\"target\":{\"@type\":\"EntryPoint\",\"urlTemplate\":\"https:\\\/\\\/www.swisscrochet.ch\\\/?s={search_term_string}\"},\"query-input\":{\"@type\":\"PropertyValueSpecification\",\"valueRequired\":true,\"valueName\":\"search_term_string\"}}],\"inLanguage\":\"fr-FR\"}]}<\/script>\n<!-- \/ Yoast SEO plugin. -->","yoast_head_json":{"title":"EL.D.Mouzakis Butterfly - Super 20 &#171; Swiss Crochet","description":"Butterfly Super 20 est un fil DK en coton merceris\u00e9 offrant une excellente d\u00e9finition des mailles. Doux, r\u00e9sistant et id\u00e9al pour les v\u00eatements et les projets au crochet. Disponible exclusivement chez Swiss Crochet.","robots":{"index":"index","follow":"follow","max-snippet":"max-snippet:-1","max-image-preview":"max-image-preview:large","max-video-preview":"max-video-preview:-1"},"canonical":"https:\/\/www.swisscrochet.ch\/fr\/produit\/el-d-mouzakis-butterfly-super-20\/","og_locale":"fr_FR","og_type":"article","og_title":"EL.D.Mouzakis Butterfly - Super 20 &#171; Swiss Crochet","og_description":"Butterfly Super 20 est un fil DK en coton merceris\u00e9 offrant une excellente d\u00e9finition des mailles. Doux, r\u00e9sistant et id\u00e9al pour les v\u00eatements et les projets au crochet. Disponible exclusivement chez Swiss Crochet.","og_url":"https:\/\/www.swisscrochet.ch\/fr\/produit\/el-d-mouzakis-butterfly-super-20\/","og_site_name":"Swiss Crochet","article_modified_time":"2026-03-15T19:33:54+00:00","og_image":[{"width":1000,"height":1000,"url":"https:\/\/www.swisscrochet.ch\/wp-content\/uploads\/2025\/12\/EL.D.Mouzakis-Super-20-Overview.jpg","type":"image\/jpeg"}],"twitter_card":"summary_large_image","twitter_misc":{"Dur\u00e9e de lecture estim\u00e9e":"1 minute"},"schema":{"@context":"https:\/\/schema.org","@graph":[{"@type":["WebPage","ItemPage"],"@id":"https:\/\/www.swisscrochet.ch\/fr\/produit\/el-d-mouzakis-butterfly-super-20\/","url":"https:\/\/www.swisscrochet.ch\/fr\/produit\/el-d-mouzakis-butterfly-super-20\/","name":"EL.D.Mouzakis Butterfly - Super 20 &#171; Swiss Crochet","isPartOf":{"@id":"https:\/\/www.swisscrochet.ch\/#website"},"primaryImageOfPage":{"@id":"https:\/\/www.swisscrochet.ch\/fr\/produit\/el-d-mouzakis-butterfly-super-20\/#primaryimage"},"image":{"@id":"https:\/\/www.swisscrochet.ch\/fr\/produit\/el-d-mouzakis-butterfly-super-20\/#primaryimage"},"thumbnailUrl":"https:\/\/www.swisscrochet.ch\/wp-content\/uploads\/2025\/12\/EL.D.Mouzakis-Super-20-Overview.jpg","datePublished":"2026-01-01T14:57:15+00:00","dateModified":"2026-03-15T19:33:54+00:00","description":"Butterfly Super 20 est un fil DK en coton merceris\u00e9 offrant une excellente d\u00e9finition des mailles. Doux, r\u00e9sistant et id\u00e9al pour les v\u00eatements et les projets au crochet. Disponible exclusivement chez Swiss Crochet.","breadcrumb":{"@id":"https:\/\/www.swisscrochet.ch\/fr\/produit\/el-d-mouzakis-butterfly-super-20\/#breadcrumb"},"inLanguage":"fr-FR","potentialAction":[{"@type":"ReadAction","target":["https:\/\/www.swisscrochet.ch\/fr\/produit\/el-d-mouzakis-butterfly-super-20\/"]}]},{"@type":"ImageObject","inLanguage":"fr-FR","@id":"https:\/\/www.swisscrochet.ch\/fr\/produit\/el-d-mouzakis-butterfly-super-20\/#primaryimage","url":"https:\/\/www.swisscrochet.ch\/wp-content\/uploads\/2025\/12\/EL.D.Mouzakis-Super-20-Overview.jpg","contentUrl":"https:\/\/www.swisscrochet.ch\/wp-content\/uploads\/2025\/12\/EL.D.Mouzakis-Super-20-Overview.jpg","width":1000,"height":1000},{"@type":"BreadcrumbList","@id":"https:\/\/www.swisscrochet.ch\/fr\/produit\/el-d-mouzakis-butterfly-super-20\/#breadcrumb","itemListElement":[{"@type":"ListItem","position":1,"name":"Home","item":"https:\/\/www.swisscrochet.ch\/fr\/"},{"@type":"ListItem","position":2,"name":"Boutique","item":"https:\/\/www.swisscrochet.ch\/fr\/boutique\/"},{"@type":"ListItem","position":3,"name":"EL.D.Mouzakis Butterfly &#8211; Super 20"}]},{"@type":"WebSite","@id":"https:\/\/www.swisscrochet.ch\/#website","url":"https:\/\/www.swisscrochet.ch\/","name":"Swiss Crochet","description":"Lib\u00e9rez votre potentiel cr\u00e9atif","potentialAction":[{"@type":"SearchAction","target":{"@type":"EntryPoint","urlTemplate":"https:\/\/www.swisscrochet.ch\/?s={search_term_string}"},"query-input":{"@type":"PropertyValueSpecification","valueRequired":true,"valueName":"search_term_string"}}],"inLanguage":"fr-FR"}]}},"_links":{"self":[{"href":"https:\/\/www.swisscrochet.ch\/fr\/wp-json\/wp\/v2\/product\/18338","targetHints":{"allow":["GET"]}}],"collection":[{"href":"https:\/\/www.swisscrochet.ch\/fr\/wp-json\/wp\/v2\/product"}],"about":[{"href":"https:\/\/www.swisscrochet.ch\/fr\/wp-json\/wp\/v2\/types\/product"}],"wp:featuredmedia":[{"embeddable":true,"href":"https:\/\/www.swisscrochet.ch\/fr\/wp-json\/wp\/v2\/media\/17824"}],"wp:attachment":[{"href":"https:\/\/www.swisscrochet.ch\/fr\/wp-json\/wp\/v2\/media?parent=18338"}],"wp:term":[{"taxonomy":"product_brand","embeddable":true,"href":"https:\/\/www.swisscrochet.ch\/fr\/wp-json\/wp\/v2\/product_brand?post=18338"},{"taxonomy":"product_cat","embeddable":true,"href":"https:\/\/www.swisscrochet.ch\/fr\/wp-json\/wp\/v2\/product_cat?post=18338"},{"taxonomy":"product_tag","embeddable":true,"href":"https:\/\/www.swisscrochet.ch\/fr\/wp-json\/wp\/v2\/product_tag?post=18338"}],"curies":[{"name":"wp","href":"https:\/\/api.w.org\/{rel}","templated":true}]}}