{"id":20142,"date":"2026-01-13T20:14:44","date_gmt":"2026-01-13T19:14:44","guid":{"rendered":"https:\/\/www.swisscrochet.ch\/product\/hoooked-tossa-100gr\/"},"modified":"2026-01-13T20:23:05","modified_gmt":"2026-01-13T19:23:05","slug":"hoooked-tossa-100gr","status":"publish","type":"product","link":"https:\/\/www.swisscrochet.ch\/fr\/produit\/hoooked-tossa-100gr\/","title":{"rendered":"Hoooked &#8211; Tossa 100gr"},"content":{"rendered":"","protected":false},"excerpt":{"rendered":"<p>Tossa est un fil robuste compos\u00e9 \u00e0 100% de jute, cultiv\u00e9e sans engrais ni pesticides par une entreprise familiale durable et certifi\u00e9e BCS au Br\u00e9sil.<\/p>\n<p>Sa construction retordue offre une excellente d\u00e9finition des mailles, tandis que l\u2019absence d\u2019\u00e9lasticit\u00e9 le rend particuli\u00e8rement adapt\u00e9 aux projets de macram\u00e9.<\/p>\n<p>Parfait pour crocheter paniers, sacs, tapis et \u00e9l\u00e9ments de d\u00e9coration int\u00e9rieure, Tossa permet d\u2019obtenir des r\u00e9sultats rustiques et pleins de caract\u00e8re.<\/p>\n<p>L\u2019\u00e9chantillon pr\u00e9sent\u00e9 a \u00e9t\u00e9 lav\u00e9 en machine (programme normal \u00e0 40 \u00b0C) puis repass\u00e9 \u00e0 la vapeur.<\/p>\n<p><strong>Veuillez noter :<\/strong> Tossa peut pr\u00e9senter des variations de teinte entre diff\u00e9rents bains de teinture. Ces diff\u00e9rences sont principalement dues \u00e0 des facteurs naturels \u2014 les variations climatiques peuvent affecter la r\u00e9colte et influencer la mani\u00e8re dont les fibres absorbent les teintures naturelles. La couleur n\u2019est pas r\u00e9sistante \u00e0 la lumi\u00e8re et peut s\u2019estomper en cas d\u2019exposition prolong\u00e9e au soleil.<\/p>\n<p>Choisissez Hoooked Tossa pour des projets de crochet rapides, \u00e9cologiques et \u00e0 la texture rustique affirm\u00e9e !<\/p>\n","protected":false},"featured_media":20000,"template":"","meta":[],"product_brand":[],"product_cat":[227,1882],"product_tag":[],"class_list":{"0":"post-20142","1":"product","2":"type-product","3":"status-publish","4":"has-post-thumbnail","6":"product_cat-fils","7":"product_cat-fils-sacs-et-decoration-interieure","8":"pa_y1-brand-hoooked-fr","9":"pa_y17-yarn-weight-dk-fr","10":"description-off","12":"first","13":"instock","14":"taxable","15":"shipping-taxable","16":"purchasable","17":"product-type-variable","18":"wvs-archive-product-wrapper"},"bundled_by":[],"bundle_stock_status":"instock","bundle_stock_quantity":null,"bundle_virtual":false,"bundle_layout":"","bundle_add_to_cart_form_location":"","bundle_editable_in_cart":false,"bundle_sold_individually_context":"","bundle_item_grouping":"","bundle_min_size":"","bundle_max_size":"","bundle_price":[],"bundled_items":[],"bundle_sell_ids":[],"yoast_head":"<!-- This site is optimized with the Yoast SEO plugin v27.4 - https:\/\/yoast.com\/product\/yoast-seo-wordpress\/ -->\n<title>Hoooked - Tossa 100gr &#171; Swiss Crochet<\/title>\n<meta name=\"description\" content=\"Hoooked Tossa \u2013 fil de jute 100% durable, parfait pour le crochet et le macram\u00e9 \u00e9cologiques. Solide, \u00e0 la texture rustique, id\u00e9al pour paniers, sacs, tapis et d\u00e9coration int\u00e9rieure.\" \/>\n<meta name=\"robots\" content=\"index, follow, max-snippet:-1, max-image-preview:large, max-video-preview:-1\" \/>\n<link rel=\"canonical\" href=\"https:\/\/www.swisscrochet.ch\/fr\/produit\/hoooked-tossa-100gr\/\" \/>\n<meta property=\"og:locale\" content=\"fr_FR\" \/>\n<meta property=\"og:type\" content=\"article\" \/>\n<meta property=\"og:title\" content=\"Hoooked - Tossa 100gr &#171; Swiss Crochet\" \/>\n<meta property=\"og:description\" content=\"Hoooked Tossa \u2013 fil de jute 100% durable, parfait pour le crochet et le macram\u00e9 \u00e9cologiques. Solide, \u00e0 la texture rustique, id\u00e9al pour paniers, sacs, tapis et d\u00e9coration int\u00e9rieure.\" \/>\n<meta property=\"og:url\" content=\"https:\/\/www.swisscrochet.ch\/fr\/produit\/hoooked-tossa-100gr\/\" \/>\n<meta property=\"og:site_name\" content=\"Swiss Crochet\" \/>\n<meta property=\"article:modified_time\" content=\"2026-01-13T19:23:05+00:00\" \/>\n<meta property=\"og:image\" content=\"https:\/\/www.swisscrochet.ch\/wp-content\/uploads\/2026\/01\/Hoooked-Tossa-Overview.jpg\" \/>\n\t<meta property=\"og:image:width\" content=\"1000\" \/>\n\t<meta property=\"og:image:height\" content=\"1000\" \/>\n\t<meta property=\"og:image:type\" content=\"image\/jpeg\" \/>\n<meta name=\"twitter:card\" content=\"summary_large_image\" \/>\n<meta name=\"twitter:label1\" content=\"Dur\u00e9e de lecture estim\u00e9e\" \/>\n\t<meta name=\"twitter:data1\" content=\"1 minute\" \/>\n<script type=\"application\/ld+json\" class=\"yoast-schema-graph\">{\"@context\":\"https:\\\/\\\/schema.org\",\"@graph\":[{\"@type\":[\"WebPage\",\"ItemPage\"],\"@id\":\"https:\\\/\\\/www.swisscrochet.ch\\\/fr\\\/produit\\\/hoooked-tossa-100gr\\\/\",\"url\":\"https:\\\/\\\/www.swisscrochet.ch\\\/fr\\\/produit\\\/hoooked-tossa-100gr\\\/\",\"name\":\"Hoooked - Tossa 100gr &#171; Swiss Crochet\",\"isPartOf\":{\"@id\":\"https:\\\/\\\/www.swisscrochet.ch\\\/#website\"},\"primaryImageOfPage\":{\"@id\":\"https:\\\/\\\/www.swisscrochet.ch\\\/fr\\\/produit\\\/hoooked-tossa-100gr\\\/#primaryimage\"},\"image\":{\"@id\":\"https:\\\/\\\/www.swisscrochet.ch\\\/fr\\\/produit\\\/hoooked-tossa-100gr\\\/#primaryimage\"},\"thumbnailUrl\":\"https:\\\/\\\/www.swisscrochet.ch\\\/wp-content\\\/uploads\\\/2026\\\/01\\\/Hoooked-Tossa-Overview.jpg\",\"datePublished\":\"2026-01-13T19:14:44+00:00\",\"dateModified\":\"2026-01-13T19:23:05+00:00\",\"description\":\"Hoooked Tossa \u2013 fil de jute 100% durable, parfait pour le crochet et le macram\u00e9 \u00e9cologiques. Solide, \u00e0 la texture rustique, id\u00e9al pour paniers, sacs, tapis et d\u00e9coration int\u00e9rieure.\",\"breadcrumb\":{\"@id\":\"https:\\\/\\\/www.swisscrochet.ch\\\/fr\\\/produit\\\/hoooked-tossa-100gr\\\/#breadcrumb\"},\"inLanguage\":\"fr-FR\",\"potentialAction\":[{\"@type\":\"ReadAction\",\"target\":[\"https:\\\/\\\/www.swisscrochet.ch\\\/fr\\\/produit\\\/hoooked-tossa-100gr\\\/\"]}]},{\"@type\":\"ImageObject\",\"inLanguage\":\"fr-FR\",\"@id\":\"https:\\\/\\\/www.swisscrochet.ch\\\/fr\\\/produit\\\/hoooked-tossa-100gr\\\/#primaryimage\",\"url\":\"https:\\\/\\\/www.swisscrochet.ch\\\/wp-content\\\/uploads\\\/2026\\\/01\\\/Hoooked-Tossa-Overview.jpg\",\"contentUrl\":\"https:\\\/\\\/www.swisscrochet.ch\\\/wp-content\\\/uploads\\\/2026\\\/01\\\/Hoooked-Tossa-Overview.jpg\",\"width\":1000,\"height\":1000},{\"@type\":\"BreadcrumbList\",\"@id\":\"https:\\\/\\\/www.swisscrochet.ch\\\/fr\\\/produit\\\/hoooked-tossa-100gr\\\/#breadcrumb\",\"itemListElement\":[{\"@type\":\"ListItem\",\"position\":1,\"name\":\"Home\",\"item\":\"https:\\\/\\\/www.swisscrochet.ch\\\/fr\\\/\"},{\"@type\":\"ListItem\",\"position\":2,\"name\":\"Boutique\",\"item\":\"https:\\\/\\\/www.swisscrochet.ch\\\/fr\\\/boutique\\\/\"},{\"@type\":\"ListItem\",\"position\":3,\"name\":\"Hoooked &#8211; Tossa 100gr\"}]},{\"@type\":\"WebSite\",\"@id\":\"https:\\\/\\\/www.swisscrochet.ch\\\/#website\",\"url\":\"https:\\\/\\\/www.swisscrochet.ch\\\/\",\"name\":\"Swiss Crochet\",\"description\":\"Lib\u00e9rez votre potentiel cr\u00e9atif\",\"potentialAction\":[{\"@type\":\"SearchAction\",\"target\":{\"@type\":\"EntryPoint\",\"urlTemplate\":\"https:\\\/\\\/www.swisscrochet.ch\\\/?s={search_term_string}\"},\"query-input\":{\"@type\":\"PropertyValueSpecification\",\"valueRequired\":true,\"valueName\":\"search_term_string\"}}],\"inLanguage\":\"fr-FR\"}]}<\/script>\n<!-- \/ Yoast SEO plugin. -->","yoast_head_json":{"title":"Hoooked - Tossa 100gr &#171; Swiss Crochet","description":"Hoooked Tossa \u2013 fil de jute 100% durable, parfait pour le crochet et le macram\u00e9 \u00e9cologiques. Solide, \u00e0 la texture rustique, id\u00e9al pour paniers, sacs, tapis et d\u00e9coration int\u00e9rieure.","robots":{"index":"index","follow":"follow","max-snippet":"max-snippet:-1","max-image-preview":"max-image-preview:large","max-video-preview":"max-video-preview:-1"},"canonical":"https:\/\/www.swisscrochet.ch\/fr\/produit\/hoooked-tossa-100gr\/","og_locale":"fr_FR","og_type":"article","og_title":"Hoooked - Tossa 100gr &#171; Swiss Crochet","og_description":"Hoooked Tossa \u2013 fil de jute 100% durable, parfait pour le crochet et le macram\u00e9 \u00e9cologiques. Solide, \u00e0 la texture rustique, id\u00e9al pour paniers, sacs, tapis et d\u00e9coration int\u00e9rieure.","og_url":"https:\/\/www.swisscrochet.ch\/fr\/produit\/hoooked-tossa-100gr\/","og_site_name":"Swiss Crochet","article_modified_time":"2026-01-13T19:23:05+00:00","og_image":[{"width":1000,"height":1000,"url":"https:\/\/www.swisscrochet.ch\/wp-content\/uploads\/2026\/01\/Hoooked-Tossa-Overview.jpg","type":"image\/jpeg"}],"twitter_card":"summary_large_image","twitter_misc":{"Dur\u00e9e de lecture estim\u00e9e":"1 minute"},"schema":{"@context":"https:\/\/schema.org","@graph":[{"@type":["WebPage","ItemPage"],"@id":"https:\/\/www.swisscrochet.ch\/fr\/produit\/hoooked-tossa-100gr\/","url":"https:\/\/www.swisscrochet.ch\/fr\/produit\/hoooked-tossa-100gr\/","name":"Hoooked - Tossa 100gr &#171; Swiss Crochet","isPartOf":{"@id":"https:\/\/www.swisscrochet.ch\/#website"},"primaryImageOfPage":{"@id":"https:\/\/www.swisscrochet.ch\/fr\/produit\/hoooked-tossa-100gr\/#primaryimage"},"image":{"@id":"https:\/\/www.swisscrochet.ch\/fr\/produit\/hoooked-tossa-100gr\/#primaryimage"},"thumbnailUrl":"https:\/\/www.swisscrochet.ch\/wp-content\/uploads\/2026\/01\/Hoooked-Tossa-Overview.jpg","datePublished":"2026-01-13T19:14:44+00:00","dateModified":"2026-01-13T19:23:05+00:00","description":"Hoooked Tossa \u2013 fil de jute 100% durable, parfait pour le crochet et le macram\u00e9 \u00e9cologiques. Solide, \u00e0 la texture rustique, id\u00e9al pour paniers, sacs, tapis et d\u00e9coration int\u00e9rieure.","breadcrumb":{"@id":"https:\/\/www.swisscrochet.ch\/fr\/produit\/hoooked-tossa-100gr\/#breadcrumb"},"inLanguage":"fr-FR","potentialAction":[{"@type":"ReadAction","target":["https:\/\/www.swisscrochet.ch\/fr\/produit\/hoooked-tossa-100gr\/"]}]},{"@type":"ImageObject","inLanguage":"fr-FR","@id":"https:\/\/www.swisscrochet.ch\/fr\/produit\/hoooked-tossa-100gr\/#primaryimage","url":"https:\/\/www.swisscrochet.ch\/wp-content\/uploads\/2026\/01\/Hoooked-Tossa-Overview.jpg","contentUrl":"https:\/\/www.swisscrochet.ch\/wp-content\/uploads\/2026\/01\/Hoooked-Tossa-Overview.jpg","width":1000,"height":1000},{"@type":"BreadcrumbList","@id":"https:\/\/www.swisscrochet.ch\/fr\/produit\/hoooked-tossa-100gr\/#breadcrumb","itemListElement":[{"@type":"ListItem","position":1,"name":"Home","item":"https:\/\/www.swisscrochet.ch\/fr\/"},{"@type":"ListItem","position":2,"name":"Boutique","item":"https:\/\/www.swisscrochet.ch\/fr\/boutique\/"},{"@type":"ListItem","position":3,"name":"Hoooked &#8211; Tossa 100gr"}]},{"@type":"WebSite","@id":"https:\/\/www.swisscrochet.ch\/#website","url":"https:\/\/www.swisscrochet.ch\/","name":"Swiss Crochet","description":"Lib\u00e9rez votre potentiel cr\u00e9atif","potentialAction":[{"@type":"SearchAction","target":{"@type":"EntryPoint","urlTemplate":"https:\/\/www.swisscrochet.ch\/?s={search_term_string}"},"query-input":{"@type":"PropertyValueSpecification","valueRequired":true,"valueName":"search_term_string"}}],"inLanguage":"fr-FR"}]}},"_links":{"self":[{"href":"https:\/\/www.swisscrochet.ch\/fr\/wp-json\/wp\/v2\/product\/20142","targetHints":{"allow":["GET"]}}],"collection":[{"href":"https:\/\/www.swisscrochet.ch\/fr\/wp-json\/wp\/v2\/product"}],"about":[{"href":"https:\/\/www.swisscrochet.ch\/fr\/wp-json\/wp\/v2\/types\/product"}],"wp:featuredmedia":[{"embeddable":true,"href":"https:\/\/www.swisscrochet.ch\/fr\/wp-json\/wp\/v2\/media\/20000"}],"wp:attachment":[{"href":"https:\/\/www.swisscrochet.ch\/fr\/wp-json\/wp\/v2\/media?parent=20142"}],"wp:term":[{"taxonomy":"product_brand","embeddable":true,"href":"https:\/\/www.swisscrochet.ch\/fr\/wp-json\/wp\/v2\/product_brand?post=20142"},{"taxonomy":"product_cat","embeddable":true,"href":"https:\/\/www.swisscrochet.ch\/fr\/wp-json\/wp\/v2\/product_cat?post=20142"},{"taxonomy":"product_tag","embeddable":true,"href":"https:\/\/www.swisscrochet.ch\/fr\/wp-json\/wp\/v2\/product_tag?post=20142"}],"curies":[{"name":"wp","href":"https:\/\/api.w.org\/{rel}","templated":true}]}}