{"id":20182,"date":"2026-01-14T19:08:05","date_gmt":"2026-01-14T18:08:05","guid":{"rendered":"https:\/\/www.swisscrochet.ch\/product\/scheepjes-little-darling-colour-pack\/"},"modified":"2026-01-14T19:18:02","modified_gmt":"2026-01-14T18:18:02","slug":"scheepjes-little-darling-colour-pack","status":"publish","type":"product","link":"https:\/\/www.swisscrochet.ch\/fr\/produit\/scheepjes-little-darling-colour-pack\/","title":{"rendered":"Scheepjes &#8211; Little Darling Colour Pack"},"content":{"rendered":"","protected":false},"excerpt":{"rendered":"<p>Laissez libre cours \u00e0 votre cr\u00e9ativit\u00e9 avec le pack de couleurs Little Darling !<\/p>\n<p>Les packs de couleurs Little Darling ont \u00e9t\u00e9 soigneusement compos\u00e9s en collaboration avec <a href=\"https:\/\/www.scheepjes.com\/en\/designer-collective\/sarah-dee-crochet\/\">Sarah Dee Crochet<\/a> du Scheepjes Designer Collective, reconnue pour ses adorables cr\u00e9ations amigurumi. Sarah a con\u00e7u une collection d\u2019amigurumis exclusive sp\u00e9cialement pour Little Darling. Gr\u00e2ce aux autocollants et aux codes QR pr\u00e9sents sur les packs de couleurs, vous acc\u00e9dez facilement aux mod\u00e8les et pouvez d\u00e9marrer votre prochaine aventure cr\u00e9ative en toute simplicit\u00e9 !<\/p>\n<p>Compos\u00e9 de 8 couleurs de Scheepjes Little Darling en adorables mini-pelotes de 25 g, ce pack offre un total de 360 m\u00e8tres de fil chenille, pr\u00e9sent\u00e9s dans une bo\u00eete \u00e9l\u00e9gante et pratique.<\/p>\n<p>Id\u00e9al pour les projets multicolores et les cr\u00e9ations amigurumi, il existe une combinaison pour chaque go\u00fbt et chaque id\u00e9e cr\u00e9ative !<\/p>\n<p>Avec ce pack de fil, vous recevez :<\/p>\n<ul>\n<li>8 mini-pelotes de Scheepjes Little Darling (100% polyester \u2013 25 g \/ 45 m chacune)<\/li>\n<\/ul>\n<p><em>Remarque : ce pack contient uniquement le fil, sans patron ni outils inclus.<\/em><\/p>\n","protected":false},"featured_media":20024,"template":"","meta":[],"product_brand":[],"product_cat":[331,1677],"product_tag":[],"class_list":{"0":"post-20182","1":"product","2":"type-product","3":"status-publish","4":"has-post-thumbnail","6":"product_cat-kits-de-fils","7":"product_cat-kits-de-fils-packs-de-fil","8":"pa_t1-manufacturer-scheepjes-fr","9":"description-off","11":"first","12":"instock","13":"taxable","14":"shipping-taxable","15":"purchasable","16":"product-type-variable","17":"wvs-archive-product-wrapper"},"bundled_by":[],"bundle_stock_status":"instock","bundle_stock_quantity":null,"bundle_virtual":false,"bundle_layout":"","bundle_add_to_cart_form_location":"","bundle_editable_in_cart":false,"bundle_sold_individually_context":"","bundle_item_grouping":"","bundle_min_size":"","bundle_max_size":"","bundle_price":[],"bundled_items":[],"bundle_sell_ids":[],"yoast_head":"<!-- This site is optimized with the Yoast SEO plugin v27.4 - https:\/\/yoast.com\/product\/yoast-seo-wordpress\/ -->\n<title>Scheepjes - Little Darling Colour Pack &#171; Swiss Crochet<\/title>\n<meta name=\"description\" content=\"Pack de couleurs Little Darling avec 8 coloris de fil chenille Scheepjes Little Darling. Parfait pour l\u2019amigurumi et les projets de crochet multicolores. Fil uniquement, sans patron inclus.\" \/>\n<meta name=\"robots\" content=\"index, follow, max-snippet:-1, max-image-preview:large, max-video-preview:-1\" \/>\n<link rel=\"canonical\" href=\"https:\/\/www.swisscrochet.ch\/fr\/produit\/scheepjes-little-darling-colour-pack\/\" \/>\n<meta property=\"og:locale\" content=\"fr_FR\" \/>\n<meta property=\"og:type\" content=\"article\" \/>\n<meta property=\"og:title\" content=\"Scheepjes - Little Darling Colour Pack &#171; Swiss Crochet\" \/>\n<meta property=\"og:description\" content=\"Pack de couleurs Little Darling avec 8 coloris de fil chenille Scheepjes Little Darling. Parfait pour l\u2019amigurumi et les projets de crochet multicolores. Fil uniquement, sans patron inclus.\" \/>\n<meta property=\"og:url\" content=\"https:\/\/www.swisscrochet.ch\/fr\/produit\/scheepjes-little-darling-colour-pack\/\" \/>\n<meta property=\"og:site_name\" content=\"Swiss Crochet\" \/>\n<meta property=\"article:modified_time\" content=\"2026-01-14T18:18:02+00:00\" \/>\n<meta property=\"og:image\" content=\"https:\/\/www.swisscrochet.ch\/wp-content\/uploads\/2026\/01\/Scheepjes-Little-Darling-Colour-Pack-Overview.jpg\" \/>\n\t<meta property=\"og:image:width\" content=\"1000\" \/>\n\t<meta property=\"og:image:height\" content=\"1000\" \/>\n\t<meta property=\"og:image:type\" content=\"image\/jpeg\" \/>\n<meta name=\"twitter:card\" content=\"summary_large_image\" \/>\n<meta name=\"twitter:label1\" content=\"Dur\u00e9e de lecture estim\u00e9e\" \/>\n\t<meta name=\"twitter:data1\" content=\"1 minute\" \/>\n<script type=\"application\/ld+json\" class=\"yoast-schema-graph\">{\"@context\":\"https:\\\/\\\/schema.org\",\"@graph\":[{\"@type\":[\"WebPage\",\"ItemPage\"],\"@id\":\"https:\\\/\\\/www.swisscrochet.ch\\\/fr\\\/produit\\\/scheepjes-little-darling-colour-pack\\\/\",\"url\":\"https:\\\/\\\/www.swisscrochet.ch\\\/fr\\\/produit\\\/scheepjes-little-darling-colour-pack\\\/\",\"name\":\"Scheepjes - Little Darling Colour Pack &#171; Swiss Crochet\",\"isPartOf\":{\"@id\":\"https:\\\/\\\/www.swisscrochet.ch\\\/#website\"},\"primaryImageOfPage\":{\"@id\":\"https:\\\/\\\/www.swisscrochet.ch\\\/fr\\\/produit\\\/scheepjes-little-darling-colour-pack\\\/#primaryimage\"},\"image\":{\"@id\":\"https:\\\/\\\/www.swisscrochet.ch\\\/fr\\\/produit\\\/scheepjes-little-darling-colour-pack\\\/#primaryimage\"},\"thumbnailUrl\":\"https:\\\/\\\/www.swisscrochet.ch\\\/wp-content\\\/uploads\\\/2026\\\/01\\\/Scheepjes-Little-Darling-Colour-Pack-Overview.jpg\",\"datePublished\":\"2026-01-14T18:08:05+00:00\",\"dateModified\":\"2026-01-14T18:18:02+00:00\",\"description\":\"Pack de couleurs Little Darling avec 8 coloris de fil chenille Scheepjes Little Darling. Parfait pour l\u2019amigurumi et les projets de crochet multicolores. Fil uniquement, sans patron inclus.\",\"breadcrumb\":{\"@id\":\"https:\\\/\\\/www.swisscrochet.ch\\\/fr\\\/produit\\\/scheepjes-little-darling-colour-pack\\\/#breadcrumb\"},\"inLanguage\":\"fr-FR\",\"potentialAction\":[{\"@type\":\"ReadAction\",\"target\":[\"https:\\\/\\\/www.swisscrochet.ch\\\/fr\\\/produit\\\/scheepjes-little-darling-colour-pack\\\/\"]}]},{\"@type\":\"ImageObject\",\"inLanguage\":\"fr-FR\",\"@id\":\"https:\\\/\\\/www.swisscrochet.ch\\\/fr\\\/produit\\\/scheepjes-little-darling-colour-pack\\\/#primaryimage\",\"url\":\"https:\\\/\\\/www.swisscrochet.ch\\\/wp-content\\\/uploads\\\/2026\\\/01\\\/Scheepjes-Little-Darling-Colour-Pack-Overview.jpg\",\"contentUrl\":\"https:\\\/\\\/www.swisscrochet.ch\\\/wp-content\\\/uploads\\\/2026\\\/01\\\/Scheepjes-Little-Darling-Colour-Pack-Overview.jpg\",\"width\":1000,\"height\":1000},{\"@type\":\"BreadcrumbList\",\"@id\":\"https:\\\/\\\/www.swisscrochet.ch\\\/fr\\\/produit\\\/scheepjes-little-darling-colour-pack\\\/#breadcrumb\",\"itemListElement\":[{\"@type\":\"ListItem\",\"position\":1,\"name\":\"Home\",\"item\":\"https:\\\/\\\/www.swisscrochet.ch\\\/fr\\\/\"},{\"@type\":\"ListItem\",\"position\":2,\"name\":\"Boutique\",\"item\":\"https:\\\/\\\/www.swisscrochet.ch\\\/fr\\\/boutique\\\/\"},{\"@type\":\"ListItem\",\"position\":3,\"name\":\"Scheepjes &#8211; Little Darling Colour Pack\"}]},{\"@type\":\"WebSite\",\"@id\":\"https:\\\/\\\/www.swisscrochet.ch\\\/#website\",\"url\":\"https:\\\/\\\/www.swisscrochet.ch\\\/\",\"name\":\"Swiss Crochet\",\"description\":\"Lib\u00e9rez votre potentiel cr\u00e9atif\",\"potentialAction\":[{\"@type\":\"SearchAction\",\"target\":{\"@type\":\"EntryPoint\",\"urlTemplate\":\"https:\\\/\\\/www.swisscrochet.ch\\\/?s={search_term_string}\"},\"query-input\":{\"@type\":\"PropertyValueSpecification\",\"valueRequired\":true,\"valueName\":\"search_term_string\"}}],\"inLanguage\":\"fr-FR\"}]}<\/script>\n<!-- \/ Yoast SEO plugin. -->","yoast_head_json":{"title":"Scheepjes - Little Darling Colour Pack &#171; Swiss Crochet","description":"Pack de couleurs Little Darling avec 8 coloris de fil chenille Scheepjes Little Darling. Parfait pour l\u2019amigurumi et les projets de crochet multicolores. Fil uniquement, sans patron inclus.","robots":{"index":"index","follow":"follow","max-snippet":"max-snippet:-1","max-image-preview":"max-image-preview:large","max-video-preview":"max-video-preview:-1"},"canonical":"https:\/\/www.swisscrochet.ch\/fr\/produit\/scheepjes-little-darling-colour-pack\/","og_locale":"fr_FR","og_type":"article","og_title":"Scheepjes - Little Darling Colour Pack &#171; Swiss Crochet","og_description":"Pack de couleurs Little Darling avec 8 coloris de fil chenille Scheepjes Little Darling. Parfait pour l\u2019amigurumi et les projets de crochet multicolores. Fil uniquement, sans patron inclus.","og_url":"https:\/\/www.swisscrochet.ch\/fr\/produit\/scheepjes-little-darling-colour-pack\/","og_site_name":"Swiss Crochet","article_modified_time":"2026-01-14T18:18:02+00:00","og_image":[{"width":1000,"height":1000,"url":"https:\/\/www.swisscrochet.ch\/wp-content\/uploads\/2026\/01\/Scheepjes-Little-Darling-Colour-Pack-Overview.jpg","type":"image\/jpeg"}],"twitter_card":"summary_large_image","twitter_misc":{"Dur\u00e9e de lecture estim\u00e9e":"1 minute"},"schema":{"@context":"https:\/\/schema.org","@graph":[{"@type":["WebPage","ItemPage"],"@id":"https:\/\/www.swisscrochet.ch\/fr\/produit\/scheepjes-little-darling-colour-pack\/","url":"https:\/\/www.swisscrochet.ch\/fr\/produit\/scheepjes-little-darling-colour-pack\/","name":"Scheepjes - Little Darling Colour Pack &#171; Swiss Crochet","isPartOf":{"@id":"https:\/\/www.swisscrochet.ch\/#website"},"primaryImageOfPage":{"@id":"https:\/\/www.swisscrochet.ch\/fr\/produit\/scheepjes-little-darling-colour-pack\/#primaryimage"},"image":{"@id":"https:\/\/www.swisscrochet.ch\/fr\/produit\/scheepjes-little-darling-colour-pack\/#primaryimage"},"thumbnailUrl":"https:\/\/www.swisscrochet.ch\/wp-content\/uploads\/2026\/01\/Scheepjes-Little-Darling-Colour-Pack-Overview.jpg","datePublished":"2026-01-14T18:08:05+00:00","dateModified":"2026-01-14T18:18:02+00:00","description":"Pack de couleurs Little Darling avec 8 coloris de fil chenille Scheepjes Little Darling. Parfait pour l\u2019amigurumi et les projets de crochet multicolores. Fil uniquement, sans patron inclus.","breadcrumb":{"@id":"https:\/\/www.swisscrochet.ch\/fr\/produit\/scheepjes-little-darling-colour-pack\/#breadcrumb"},"inLanguage":"fr-FR","potentialAction":[{"@type":"ReadAction","target":["https:\/\/www.swisscrochet.ch\/fr\/produit\/scheepjes-little-darling-colour-pack\/"]}]},{"@type":"ImageObject","inLanguage":"fr-FR","@id":"https:\/\/www.swisscrochet.ch\/fr\/produit\/scheepjes-little-darling-colour-pack\/#primaryimage","url":"https:\/\/www.swisscrochet.ch\/wp-content\/uploads\/2026\/01\/Scheepjes-Little-Darling-Colour-Pack-Overview.jpg","contentUrl":"https:\/\/www.swisscrochet.ch\/wp-content\/uploads\/2026\/01\/Scheepjes-Little-Darling-Colour-Pack-Overview.jpg","width":1000,"height":1000},{"@type":"BreadcrumbList","@id":"https:\/\/www.swisscrochet.ch\/fr\/produit\/scheepjes-little-darling-colour-pack\/#breadcrumb","itemListElement":[{"@type":"ListItem","position":1,"name":"Home","item":"https:\/\/www.swisscrochet.ch\/fr\/"},{"@type":"ListItem","position":2,"name":"Boutique","item":"https:\/\/www.swisscrochet.ch\/fr\/boutique\/"},{"@type":"ListItem","position":3,"name":"Scheepjes &#8211; Little Darling Colour Pack"}]},{"@type":"WebSite","@id":"https:\/\/www.swisscrochet.ch\/#website","url":"https:\/\/www.swisscrochet.ch\/","name":"Swiss Crochet","description":"Lib\u00e9rez votre potentiel cr\u00e9atif","potentialAction":[{"@type":"SearchAction","target":{"@type":"EntryPoint","urlTemplate":"https:\/\/www.swisscrochet.ch\/?s={search_term_string}"},"query-input":{"@type":"PropertyValueSpecification","valueRequired":true,"valueName":"search_term_string"}}],"inLanguage":"fr-FR"}]}},"_links":{"self":[{"href":"https:\/\/www.swisscrochet.ch\/fr\/wp-json\/wp\/v2\/product\/20182","targetHints":{"allow":["GET"]}}],"collection":[{"href":"https:\/\/www.swisscrochet.ch\/fr\/wp-json\/wp\/v2\/product"}],"about":[{"href":"https:\/\/www.swisscrochet.ch\/fr\/wp-json\/wp\/v2\/types\/product"}],"wp:featuredmedia":[{"embeddable":true,"href":"https:\/\/www.swisscrochet.ch\/fr\/wp-json\/wp\/v2\/media\/20024"}],"wp:attachment":[{"href":"https:\/\/www.swisscrochet.ch\/fr\/wp-json\/wp\/v2\/media?parent=20182"}],"wp:term":[{"taxonomy":"product_brand","embeddable":true,"href":"https:\/\/www.swisscrochet.ch\/fr\/wp-json\/wp\/v2\/product_brand?post=20182"},{"taxonomy":"product_cat","embeddable":true,"href":"https:\/\/www.swisscrochet.ch\/fr\/wp-json\/wp\/v2\/product_cat?post=20182"},{"taxonomy":"product_tag","embeddable":true,"href":"https:\/\/www.swisscrochet.ch\/fr\/wp-json\/wp\/v2\/product_tag?post=20182"}],"curies":[{"name":"wp","href":"https:\/\/api.w.org\/{rel}","templated":true}]}}