{"id":20379,"date":"2026-01-23T19:29:29","date_gmt":"2026-01-23T18:29:29","guid":{"rendered":"https:\/\/www.swisscrochet.ch\/product\/scheepjes-big-darling-monochrome-cake\/"},"modified":"2026-04-28T15:33:52","modified_gmt":"2026-04-28T13:33:52","slug":"scheepjes-big-darling-monochrome-cake","status":"publish","type":"product","link":"https:\/\/www.swisscrochet.ch\/fr\/produit\/scheepjes-big-darling-monochrome-cake\/","title":{"rendered":"Scheepjes &#8211; Big Darling Monochrome Cake"},"content":{"rendered":"","protected":false},"excerpt":{"rendered":"<p>Big Darling Monochrome Cake est un fil doux et \u00e9pais, parfait pour le crochet. Sa structure chenille offre une excellente d\u00e9finition des points et emp\u00eache le fil de s\u2019effilocher ou de se d\u00e9doubler pendant le travail, ce qui le rend tr\u00e8s agr\u00e9able \u00e0 utiliser.<\/p>\n<p>Les fils chenille en fibres naturelles sont difficiles \u00e0 trouver en raison de la demande du march\u00e9 et des co\u00fbts de fabrication \u00e9lev\u00e9s. Il est beaucoup plus courant de trouver des fils chenille en fibres synth\u00e9tiques. Big Darling Monochrome Cake est compos\u00e9 \u00e0 100 % de polyester, ce qui le rend plus facile \u00e0 recycler que les fils m\u00e9lang\u00e9s et lui conf\u00e8re un profil plus respectueux de l\u2019environnement qu\u2019il n\u2019y para\u00eet \u00e0 premi\u00e8re vue.<\/p>\n<p>Big Darling Monochrome Cake est id\u00e9al pour les projets de d\u00e9coration int\u00e9rieure, les accessoires accrocheurs et les amigurumi de grande taille.<\/p>\n<p>L\u2019\u00e9chantillon de jauge pr\u00e9sent\u00e9 a \u00e9t\u00e9 lav\u00e9 en machine (programme normal \u00e0 40 \u00b0C) puis repass\u00e9 \u00e0 la vapeur.<\/p>\n<p>D\u00e9couvrez la magie de Big Darling Monochrome Cake \u2014 choisissez votre d\u00e9grad\u00e9 pr\u00e9f\u00e9r\u00e9 et lancez votre prochain projet cr\u00e9atif d\u00e8s aujourd\u2019hui !<\/p>\n","protected":false},"featured_media":20375,"template":"","meta":[],"product_brand":[],"product_cat":[1880,1885,227],"product_tag":[],"class_list":{"0":"post-20379","1":"product","2":"type-product","3":"status-publish","4":"has-post-thumbnail","6":"product_cat-fils-amigurumi","7":"product_cat-fils-couvertures","8":"product_cat-fils","9":"pa_y1-brand-scheepjes-fr","10":"pa_y17-yarn-weight-bulky-fr","11":"description-off","13":"first","14":"instock","15":"taxable","16":"shipping-taxable","17":"purchasable","18":"product-type-variable","19":"wvs-archive-product-wrapper"},"bundled_by":["29132"],"bundle_stock_status":"instock","bundle_stock_quantity":null,"bundle_virtual":false,"bundle_layout":"","bundle_add_to_cart_form_location":"","bundle_editable_in_cart":false,"bundle_sold_individually_context":"","bundle_item_grouping":"","bundle_min_size":"","bundle_max_size":"","bundle_price":[],"bundled_items":[],"bundle_sell_ids":[],"yoast_head":"<!-- This site is optimized with the Yoast SEO plugin v27.5 - https:\/\/yoast.com\/product\/yoast-seo-wordpress\/ -->\n<title>Scheepjes - Big Darling Monochrome Cake &#171; Swiss Crochet<\/title>\n<meta name=\"description\" content=\"Big Darling Monochrome Cake est un fil chenille \u00e9pais \u00e0 d\u00e9grad\u00e9 de couleurs. Parfait pour le crochet, la d\u00e9coration int\u00e9rieure, les accessoires et les grands projets d\u2019amigurumi.\" \/>\n<meta name=\"robots\" content=\"index, follow, max-snippet:-1, max-image-preview:large, max-video-preview:-1\" \/>\n<link rel=\"canonical\" href=\"https:\/\/www.swisscrochet.ch\/fr\/produit\/scheepjes-big-darling-monochrome-cake\/\" \/>\n<meta property=\"og:locale\" content=\"fr_FR\" \/>\n<meta property=\"og:type\" content=\"article\" \/>\n<meta property=\"og:title\" content=\"Scheepjes - Big Darling Monochrome Cake &#171; Swiss Crochet\" \/>\n<meta property=\"og:description\" content=\"Big Darling Monochrome Cake est un fil chenille \u00e9pais \u00e0 d\u00e9grad\u00e9 de couleurs. Parfait pour le crochet, la d\u00e9coration int\u00e9rieure, les accessoires et les grands projets d\u2019amigurumi.\" \/>\n<meta property=\"og:url\" content=\"https:\/\/www.swisscrochet.ch\/fr\/produit\/scheepjes-big-darling-monochrome-cake\/\" \/>\n<meta property=\"og:site_name\" content=\"Swiss Crochet\" \/>\n<meta property=\"article:modified_time\" content=\"2026-04-28T13:33:52+00:00\" \/>\n<meta property=\"og:image\" content=\"https:\/\/www.swisscrochet.ch\/wp-content\/uploads\/2026\/01\/Scheepjes-Big-Darling-Monochrome-Cake-Overview.jpg\" \/>\n\t<meta property=\"og:image:width\" content=\"1000\" \/>\n\t<meta property=\"og:image:height\" content=\"1000\" \/>\n\t<meta property=\"og:image:type\" content=\"image\/jpeg\" \/>\n<meta name=\"twitter:card\" content=\"summary_large_image\" \/>\n<meta name=\"twitter:label1\" content=\"Dur\u00e9e de lecture estim\u00e9e\" \/>\n\t<meta name=\"twitter:data1\" content=\"1 minute\" \/>\n<script type=\"application\/ld+json\" class=\"yoast-schema-graph\">{\"@context\":\"https:\\\/\\\/schema.org\",\"@graph\":[{\"@type\":[\"WebPage\",\"ItemPage\"],\"@id\":\"https:\\\/\\\/www.swisscrochet.ch\\\/fr\\\/produit\\\/scheepjes-big-darling-monochrome-cake\\\/\",\"url\":\"https:\\\/\\\/www.swisscrochet.ch\\\/fr\\\/produit\\\/scheepjes-big-darling-monochrome-cake\\\/\",\"name\":\"Scheepjes - Big Darling Monochrome Cake &#171; Swiss Crochet\",\"isPartOf\":{\"@id\":\"https:\\\/\\\/www.swisscrochet.ch\\\/#website\"},\"primaryImageOfPage\":{\"@id\":\"https:\\\/\\\/www.swisscrochet.ch\\\/fr\\\/produit\\\/scheepjes-big-darling-monochrome-cake\\\/#primaryimage\"},\"image\":{\"@id\":\"https:\\\/\\\/www.swisscrochet.ch\\\/fr\\\/produit\\\/scheepjes-big-darling-monochrome-cake\\\/#primaryimage\"},\"thumbnailUrl\":\"https:\\\/\\\/www.swisscrochet.ch\\\/wp-content\\\/uploads\\\/2026\\\/01\\\/Scheepjes-Big-Darling-Monochrome-Cake-Overview.jpg\",\"datePublished\":\"2026-01-23T18:29:29+00:00\",\"dateModified\":\"2026-04-28T13:33:52+00:00\",\"description\":\"Big Darling Monochrome Cake est un fil chenille \u00e9pais \u00e0 d\u00e9grad\u00e9 de couleurs. Parfait pour le crochet, la d\u00e9coration int\u00e9rieure, les accessoires et les grands projets d\u2019amigurumi.\",\"breadcrumb\":{\"@id\":\"https:\\\/\\\/www.swisscrochet.ch\\\/fr\\\/produit\\\/scheepjes-big-darling-monochrome-cake\\\/#breadcrumb\"},\"inLanguage\":\"fr-FR\",\"potentialAction\":[{\"@type\":\"ReadAction\",\"target\":[\"https:\\\/\\\/www.swisscrochet.ch\\\/fr\\\/produit\\\/scheepjes-big-darling-monochrome-cake\\\/\"]}]},{\"@type\":\"ImageObject\",\"inLanguage\":\"fr-FR\",\"@id\":\"https:\\\/\\\/www.swisscrochet.ch\\\/fr\\\/produit\\\/scheepjes-big-darling-monochrome-cake\\\/#primaryimage\",\"url\":\"https:\\\/\\\/www.swisscrochet.ch\\\/wp-content\\\/uploads\\\/2026\\\/01\\\/Scheepjes-Big-Darling-Monochrome-Cake-Overview.jpg\",\"contentUrl\":\"https:\\\/\\\/www.swisscrochet.ch\\\/wp-content\\\/uploads\\\/2026\\\/01\\\/Scheepjes-Big-Darling-Monochrome-Cake-Overview.jpg\",\"width\":1000,\"height\":1000},{\"@type\":\"BreadcrumbList\",\"@id\":\"https:\\\/\\\/www.swisscrochet.ch\\\/fr\\\/produit\\\/scheepjes-big-darling-monochrome-cake\\\/#breadcrumb\",\"itemListElement\":[{\"@type\":\"ListItem\",\"position\":1,\"name\":\"Home\",\"item\":\"https:\\\/\\\/www.swisscrochet.ch\\\/fr\\\/\"},{\"@type\":\"ListItem\",\"position\":2,\"name\":\"Boutique\",\"item\":\"https:\\\/\\\/www.swisscrochet.ch\\\/fr\\\/boutique\\\/\"},{\"@type\":\"ListItem\",\"position\":3,\"name\":\"Scheepjes &#8211; Big Darling Monochrome Cake\"}]},{\"@type\":\"WebSite\",\"@id\":\"https:\\\/\\\/www.swisscrochet.ch\\\/#website\",\"url\":\"https:\\\/\\\/www.swisscrochet.ch\\\/\",\"name\":\"Swiss Crochet\",\"description\":\"Lib\u00e9rez votre potentiel cr\u00e9atif\",\"potentialAction\":[{\"@type\":\"SearchAction\",\"target\":{\"@type\":\"EntryPoint\",\"urlTemplate\":\"https:\\\/\\\/www.swisscrochet.ch\\\/?s={search_term_string}\"},\"query-input\":{\"@type\":\"PropertyValueSpecification\",\"valueRequired\":true,\"valueName\":\"search_term_string\"}}],\"inLanguage\":\"fr-FR\"}]}<\/script>\n<!-- \/ Yoast SEO plugin. -->","yoast_head_json":{"title":"Scheepjes - Big Darling Monochrome Cake &#171; Swiss Crochet","description":"Big Darling Monochrome Cake est un fil chenille \u00e9pais \u00e0 d\u00e9grad\u00e9 de couleurs. Parfait pour le crochet, la d\u00e9coration int\u00e9rieure, les accessoires et les grands projets d\u2019amigurumi.","robots":{"index":"index","follow":"follow","max-snippet":"max-snippet:-1","max-image-preview":"max-image-preview:large","max-video-preview":"max-video-preview:-1"},"canonical":"https:\/\/www.swisscrochet.ch\/fr\/produit\/scheepjes-big-darling-monochrome-cake\/","og_locale":"fr_FR","og_type":"article","og_title":"Scheepjes - Big Darling Monochrome Cake &#171; Swiss Crochet","og_description":"Big Darling Monochrome Cake est un fil chenille \u00e9pais \u00e0 d\u00e9grad\u00e9 de couleurs. Parfait pour le crochet, la d\u00e9coration int\u00e9rieure, les accessoires et les grands projets d\u2019amigurumi.","og_url":"https:\/\/www.swisscrochet.ch\/fr\/produit\/scheepjes-big-darling-monochrome-cake\/","og_site_name":"Swiss Crochet","article_modified_time":"2026-04-28T13:33:52+00:00","og_image":[{"width":1000,"height":1000,"url":"https:\/\/www.swisscrochet.ch\/wp-content\/uploads\/2026\/01\/Scheepjes-Big-Darling-Monochrome-Cake-Overview.jpg","type":"image\/jpeg"}],"twitter_card":"summary_large_image","twitter_misc":{"Dur\u00e9e de lecture estim\u00e9e":"1 minute"},"schema":{"@context":"https:\/\/schema.org","@graph":[{"@type":["WebPage","ItemPage"],"@id":"https:\/\/www.swisscrochet.ch\/fr\/produit\/scheepjes-big-darling-monochrome-cake\/","url":"https:\/\/www.swisscrochet.ch\/fr\/produit\/scheepjes-big-darling-monochrome-cake\/","name":"Scheepjes - Big Darling Monochrome Cake &#171; Swiss Crochet","isPartOf":{"@id":"https:\/\/www.swisscrochet.ch\/#website"},"primaryImageOfPage":{"@id":"https:\/\/www.swisscrochet.ch\/fr\/produit\/scheepjes-big-darling-monochrome-cake\/#primaryimage"},"image":{"@id":"https:\/\/www.swisscrochet.ch\/fr\/produit\/scheepjes-big-darling-monochrome-cake\/#primaryimage"},"thumbnailUrl":"https:\/\/www.swisscrochet.ch\/wp-content\/uploads\/2026\/01\/Scheepjes-Big-Darling-Monochrome-Cake-Overview.jpg","datePublished":"2026-01-23T18:29:29+00:00","dateModified":"2026-04-28T13:33:52+00:00","description":"Big Darling Monochrome Cake est un fil chenille \u00e9pais \u00e0 d\u00e9grad\u00e9 de couleurs. Parfait pour le crochet, la d\u00e9coration int\u00e9rieure, les accessoires et les grands projets d\u2019amigurumi.","breadcrumb":{"@id":"https:\/\/www.swisscrochet.ch\/fr\/produit\/scheepjes-big-darling-monochrome-cake\/#breadcrumb"},"inLanguage":"fr-FR","potentialAction":[{"@type":"ReadAction","target":["https:\/\/www.swisscrochet.ch\/fr\/produit\/scheepjes-big-darling-monochrome-cake\/"]}]},{"@type":"ImageObject","inLanguage":"fr-FR","@id":"https:\/\/www.swisscrochet.ch\/fr\/produit\/scheepjes-big-darling-monochrome-cake\/#primaryimage","url":"https:\/\/www.swisscrochet.ch\/wp-content\/uploads\/2026\/01\/Scheepjes-Big-Darling-Monochrome-Cake-Overview.jpg","contentUrl":"https:\/\/www.swisscrochet.ch\/wp-content\/uploads\/2026\/01\/Scheepjes-Big-Darling-Monochrome-Cake-Overview.jpg","width":1000,"height":1000},{"@type":"BreadcrumbList","@id":"https:\/\/www.swisscrochet.ch\/fr\/produit\/scheepjes-big-darling-monochrome-cake\/#breadcrumb","itemListElement":[{"@type":"ListItem","position":1,"name":"Home","item":"https:\/\/www.swisscrochet.ch\/fr\/"},{"@type":"ListItem","position":2,"name":"Boutique","item":"https:\/\/www.swisscrochet.ch\/fr\/boutique\/"},{"@type":"ListItem","position":3,"name":"Scheepjes &#8211; Big Darling Monochrome Cake"}]},{"@type":"WebSite","@id":"https:\/\/www.swisscrochet.ch\/#website","url":"https:\/\/www.swisscrochet.ch\/","name":"Swiss Crochet","description":"Lib\u00e9rez votre potentiel cr\u00e9atif","potentialAction":[{"@type":"SearchAction","target":{"@type":"EntryPoint","urlTemplate":"https:\/\/www.swisscrochet.ch\/?s={search_term_string}"},"query-input":{"@type":"PropertyValueSpecification","valueRequired":true,"valueName":"search_term_string"}}],"inLanguage":"fr-FR"}]}},"_links":{"self":[{"href":"https:\/\/www.swisscrochet.ch\/fr\/wp-json\/wp\/v2\/product\/20379","targetHints":{"allow":["GET"]}}],"collection":[{"href":"https:\/\/www.swisscrochet.ch\/fr\/wp-json\/wp\/v2\/product"}],"about":[{"href":"https:\/\/www.swisscrochet.ch\/fr\/wp-json\/wp\/v2\/types\/product"}],"wp:featuredmedia":[{"embeddable":true,"href":"https:\/\/www.swisscrochet.ch\/fr\/wp-json\/wp\/v2\/media\/20375"}],"wp:attachment":[{"href":"https:\/\/www.swisscrochet.ch\/fr\/wp-json\/wp\/v2\/media?parent=20379"}],"wp:term":[{"taxonomy":"product_brand","embeddable":true,"href":"https:\/\/www.swisscrochet.ch\/fr\/wp-json\/wp\/v2\/product_brand?post=20379"},{"taxonomy":"product_cat","embeddable":true,"href":"https:\/\/www.swisscrochet.ch\/fr\/wp-json\/wp\/v2\/product_cat?post=20379"},{"taxonomy":"product_tag","embeddable":true,"href":"https:\/\/www.swisscrochet.ch\/fr\/wp-json\/wp\/v2\/product_tag?post=20379"}],"curies":[{"name":"wp","href":"https:\/\/api.w.org\/{rel}","templated":true}]}}