{"id":20500,"date":"2026-01-23T20:02:58","date_gmt":"2026-01-23T19:02:58","guid":{"rendered":"https:\/\/www.swisscrochet.ch\/product\/scheepjes-cool-stuff\/"},"modified":"2026-01-23T20:13:10","modified_gmt":"2026-01-23T19:13:10","slug":"scheepjes-cool-stuff","status":"publish","type":"product","link":"https:\/\/www.swisscrochet.ch\/fr\/produit\/scheepjes-cool-stuff\/","title":{"rendered":"Scheepjes &#8211; Cool Stuff"},"content":{"rendered":"","protected":false},"excerpt":{"rendered":"<p>Scheepjes Cool Stuff est un fil jumbo compos\u00e9 \u00e0 100 % de polyester recycl\u00e9. Il se pr\u00e9sente sous la forme d\u2019un tube de tissu jersey rempli de fibres douces, cr\u00e9ant ainsi un fil innovant qui allie une excellente d\u00e9finition des points \u00e0 un confort moelleux.<\/p>\n<p>Aucune aiguille n\u2019est n\u00e9cessaire pour travailler Cool Stuff \u2014 il peut \u00eatre crochet\u00e9 uniquement avec les doigts, ce qui en fait un choix ludique et accessible pour des projets modernes et audacieux.<\/p>\n<p>Cool Stuff est id\u00e9al pour les projets de d\u00e9coration int\u00e9rieure de grande taille et les accessoires accrocheurs. Les points surdimensionn\u00e9s permettent de r\u00e9aliser rapidement et avec satisfaction des coussins, couvertures, paniers et sacs faits main.<\/p>\n<p>L\u2019\u00e9chantillon de jauge pr\u00e9sent\u00e9 a \u00e9t\u00e9 lav\u00e9 en machine (programme normal \u00e0 40 \u00b0C) puis repass\u00e9 \u00e0 la vapeur.<\/p>\n<p style=\"text-align: left;\"><strong>Conseil pro d\u2019Assimina\u00a0:<\/strong> <em>Comme le corps principal de ce fil est un tissu jersey qui s\u2019effiloche tr\u00e8s facilement, il est conseill\u00e9 de bien s\u00e9curiser les extr\u00e9mit\u00e9s. Assemblez les pelotes en cousant les bouts \u00e0 la main et fermez toutes les extr\u00e9mit\u00e9s ouvertes en les cousant.<\/em><\/p>\n<p>D\u00e9couvrez la magie de Cool Stuff \u2014 choisissez votre couleur pr\u00e9f\u00e9r\u00e9e et lancez d\u00e8s aujourd\u2019hui votre prochain projet cr\u00e9atif audacieux !<\/p>\n","protected":false},"featured_media":20490,"template":"","meta":[],"product_brand":[],"product_cat":[227,1882],"product_tag":[],"class_list":{"0":"post-20500","1":"product","2":"type-product","3":"status-publish","4":"has-post-thumbnail","6":"product_cat-fils","7":"product_cat-fils-sacs-et-decoration-interieure","8":"pa_y1-brand-scheepjes-fr","9":"pa_y17-yarn-weight-jumbo-fr","10":"description-off","12":"first","13":"instock","14":"taxable","15":"shipping-taxable","16":"purchasable","17":"product-type-variable","18":"wvs-archive-product-wrapper"},"bundled_by":[],"bundle_stock_status":"instock","bundle_stock_quantity":null,"bundle_virtual":false,"bundle_layout":"","bundle_add_to_cart_form_location":"","bundle_editable_in_cart":false,"bundle_sold_individually_context":"","bundle_item_grouping":"","bundle_min_size":"","bundle_max_size":"","bundle_price":[],"bundled_items":[],"bundle_sell_ids":[],"yoast_head":"<!-- This site is optimized with the Yoast SEO plugin v27.5 - https:\/\/yoast.com\/product\/yoast-seo-wordpress\/ -->\n<title>Scheepjes - Cool Stuff &#171; Swiss Crochet<\/title>\n<meta name=\"description\" content=\"Scheepjes Cool Stuff est un fil jumbo en polyester recycl\u00e9, parfait pour le crochet aux doigts et les projets de d\u00e9coration int\u00e9rieure audacieux comme les couvertures, coussins, paniers et sacs.\" \/>\n<meta name=\"robots\" content=\"index, follow, max-snippet:-1, max-image-preview:large, max-video-preview:-1\" \/>\n<link rel=\"canonical\" href=\"https:\/\/www.swisscrochet.ch\/fr\/produit\/scheepjes-cool-stuff\/\" \/>\n<meta property=\"og:locale\" content=\"fr_FR\" \/>\n<meta property=\"og:type\" content=\"article\" \/>\n<meta property=\"og:title\" content=\"Scheepjes - Cool Stuff &#171; Swiss Crochet\" \/>\n<meta property=\"og:description\" content=\"Scheepjes Cool Stuff est un fil jumbo en polyester recycl\u00e9, parfait pour le crochet aux doigts et les projets de d\u00e9coration int\u00e9rieure audacieux comme les couvertures, coussins, paniers et sacs.\" \/>\n<meta property=\"og:url\" content=\"https:\/\/www.swisscrochet.ch\/fr\/produit\/scheepjes-cool-stuff\/\" \/>\n<meta property=\"og:site_name\" content=\"Swiss Crochet\" \/>\n<meta property=\"article:modified_time\" content=\"2026-01-23T19:13:10+00:00\" \/>\n<meta property=\"og:image\" content=\"https:\/\/www.swisscrochet.ch\/wp-content\/uploads\/2026\/01\/Scheepjes-Cool-Stuff-Overview.jpg\" \/>\n\t<meta property=\"og:image:width\" content=\"1000\" \/>\n\t<meta property=\"og:image:height\" content=\"1000\" \/>\n\t<meta property=\"og:image:type\" content=\"image\/jpeg\" \/>\n<meta name=\"twitter:card\" content=\"summary_large_image\" \/>\n<meta name=\"twitter:label1\" content=\"Dur\u00e9e de lecture estim\u00e9e\" \/>\n\t<meta name=\"twitter:data1\" content=\"1 minute\" \/>\n<script type=\"application\/ld+json\" class=\"yoast-schema-graph\">{\"@context\":\"https:\\\/\\\/schema.org\",\"@graph\":[{\"@type\":[\"WebPage\",\"ItemPage\"],\"@id\":\"https:\\\/\\\/www.swisscrochet.ch\\\/fr\\\/produit\\\/scheepjes-cool-stuff\\\/\",\"url\":\"https:\\\/\\\/www.swisscrochet.ch\\\/fr\\\/produit\\\/scheepjes-cool-stuff\\\/\",\"name\":\"Scheepjes - Cool Stuff &#171; Swiss Crochet\",\"isPartOf\":{\"@id\":\"https:\\\/\\\/www.swisscrochet.ch\\\/#website\"},\"primaryImageOfPage\":{\"@id\":\"https:\\\/\\\/www.swisscrochet.ch\\\/fr\\\/produit\\\/scheepjes-cool-stuff\\\/#primaryimage\"},\"image\":{\"@id\":\"https:\\\/\\\/www.swisscrochet.ch\\\/fr\\\/produit\\\/scheepjes-cool-stuff\\\/#primaryimage\"},\"thumbnailUrl\":\"https:\\\/\\\/www.swisscrochet.ch\\\/wp-content\\\/uploads\\\/2026\\\/01\\\/Scheepjes-Cool-Stuff-Overview.jpg\",\"datePublished\":\"2026-01-23T19:02:58+00:00\",\"dateModified\":\"2026-01-23T19:13:10+00:00\",\"description\":\"Scheepjes Cool Stuff est un fil jumbo en polyester recycl\u00e9, parfait pour le crochet aux doigts et les projets de d\u00e9coration int\u00e9rieure audacieux comme les couvertures, coussins, paniers et sacs.\",\"breadcrumb\":{\"@id\":\"https:\\\/\\\/www.swisscrochet.ch\\\/fr\\\/produit\\\/scheepjes-cool-stuff\\\/#breadcrumb\"},\"inLanguage\":\"fr-FR\",\"potentialAction\":[{\"@type\":\"ReadAction\",\"target\":[\"https:\\\/\\\/www.swisscrochet.ch\\\/fr\\\/produit\\\/scheepjes-cool-stuff\\\/\"]}]},{\"@type\":\"ImageObject\",\"inLanguage\":\"fr-FR\",\"@id\":\"https:\\\/\\\/www.swisscrochet.ch\\\/fr\\\/produit\\\/scheepjes-cool-stuff\\\/#primaryimage\",\"url\":\"https:\\\/\\\/www.swisscrochet.ch\\\/wp-content\\\/uploads\\\/2026\\\/01\\\/Scheepjes-Cool-Stuff-Overview.jpg\",\"contentUrl\":\"https:\\\/\\\/www.swisscrochet.ch\\\/wp-content\\\/uploads\\\/2026\\\/01\\\/Scheepjes-Cool-Stuff-Overview.jpg\",\"width\":1000,\"height\":1000},{\"@type\":\"BreadcrumbList\",\"@id\":\"https:\\\/\\\/www.swisscrochet.ch\\\/fr\\\/produit\\\/scheepjes-cool-stuff\\\/#breadcrumb\",\"itemListElement\":[{\"@type\":\"ListItem\",\"position\":1,\"name\":\"Home\",\"item\":\"https:\\\/\\\/www.swisscrochet.ch\\\/fr\\\/\"},{\"@type\":\"ListItem\",\"position\":2,\"name\":\"Boutique\",\"item\":\"https:\\\/\\\/www.swisscrochet.ch\\\/fr\\\/boutique\\\/\"},{\"@type\":\"ListItem\",\"position\":3,\"name\":\"Scheepjes &#8211; Cool Stuff\"}]},{\"@type\":\"WebSite\",\"@id\":\"https:\\\/\\\/www.swisscrochet.ch\\\/#website\",\"url\":\"https:\\\/\\\/www.swisscrochet.ch\\\/\",\"name\":\"Swiss Crochet\",\"description\":\"Lib\u00e9rez votre potentiel cr\u00e9atif\",\"potentialAction\":[{\"@type\":\"SearchAction\",\"target\":{\"@type\":\"EntryPoint\",\"urlTemplate\":\"https:\\\/\\\/www.swisscrochet.ch\\\/?s={search_term_string}\"},\"query-input\":{\"@type\":\"PropertyValueSpecification\",\"valueRequired\":true,\"valueName\":\"search_term_string\"}}],\"inLanguage\":\"fr-FR\"}]}<\/script>\n<!-- \/ Yoast SEO plugin. -->","yoast_head_json":{"title":"Scheepjes - Cool Stuff &#171; Swiss Crochet","description":"Scheepjes Cool Stuff est un fil jumbo en polyester recycl\u00e9, parfait pour le crochet aux doigts et les projets de d\u00e9coration int\u00e9rieure audacieux comme les couvertures, coussins, paniers et sacs.","robots":{"index":"index","follow":"follow","max-snippet":"max-snippet:-1","max-image-preview":"max-image-preview:large","max-video-preview":"max-video-preview:-1"},"canonical":"https:\/\/www.swisscrochet.ch\/fr\/produit\/scheepjes-cool-stuff\/","og_locale":"fr_FR","og_type":"article","og_title":"Scheepjes - Cool Stuff &#171; Swiss Crochet","og_description":"Scheepjes Cool Stuff est un fil jumbo en polyester recycl\u00e9, parfait pour le crochet aux doigts et les projets de d\u00e9coration int\u00e9rieure audacieux comme les couvertures, coussins, paniers et sacs.","og_url":"https:\/\/www.swisscrochet.ch\/fr\/produit\/scheepjes-cool-stuff\/","og_site_name":"Swiss Crochet","article_modified_time":"2026-01-23T19:13:10+00:00","og_image":[{"width":1000,"height":1000,"url":"https:\/\/www.swisscrochet.ch\/wp-content\/uploads\/2026\/01\/Scheepjes-Cool-Stuff-Overview.jpg","type":"image\/jpeg"}],"twitter_card":"summary_large_image","twitter_misc":{"Dur\u00e9e de lecture estim\u00e9e":"1 minute"},"schema":{"@context":"https:\/\/schema.org","@graph":[{"@type":["WebPage","ItemPage"],"@id":"https:\/\/www.swisscrochet.ch\/fr\/produit\/scheepjes-cool-stuff\/","url":"https:\/\/www.swisscrochet.ch\/fr\/produit\/scheepjes-cool-stuff\/","name":"Scheepjes - Cool Stuff &#171; Swiss Crochet","isPartOf":{"@id":"https:\/\/www.swisscrochet.ch\/#website"},"primaryImageOfPage":{"@id":"https:\/\/www.swisscrochet.ch\/fr\/produit\/scheepjes-cool-stuff\/#primaryimage"},"image":{"@id":"https:\/\/www.swisscrochet.ch\/fr\/produit\/scheepjes-cool-stuff\/#primaryimage"},"thumbnailUrl":"https:\/\/www.swisscrochet.ch\/wp-content\/uploads\/2026\/01\/Scheepjes-Cool-Stuff-Overview.jpg","datePublished":"2026-01-23T19:02:58+00:00","dateModified":"2026-01-23T19:13:10+00:00","description":"Scheepjes Cool Stuff est un fil jumbo en polyester recycl\u00e9, parfait pour le crochet aux doigts et les projets de d\u00e9coration int\u00e9rieure audacieux comme les couvertures, coussins, paniers et sacs.","breadcrumb":{"@id":"https:\/\/www.swisscrochet.ch\/fr\/produit\/scheepjes-cool-stuff\/#breadcrumb"},"inLanguage":"fr-FR","potentialAction":[{"@type":"ReadAction","target":["https:\/\/www.swisscrochet.ch\/fr\/produit\/scheepjes-cool-stuff\/"]}]},{"@type":"ImageObject","inLanguage":"fr-FR","@id":"https:\/\/www.swisscrochet.ch\/fr\/produit\/scheepjes-cool-stuff\/#primaryimage","url":"https:\/\/www.swisscrochet.ch\/wp-content\/uploads\/2026\/01\/Scheepjes-Cool-Stuff-Overview.jpg","contentUrl":"https:\/\/www.swisscrochet.ch\/wp-content\/uploads\/2026\/01\/Scheepjes-Cool-Stuff-Overview.jpg","width":1000,"height":1000},{"@type":"BreadcrumbList","@id":"https:\/\/www.swisscrochet.ch\/fr\/produit\/scheepjes-cool-stuff\/#breadcrumb","itemListElement":[{"@type":"ListItem","position":1,"name":"Home","item":"https:\/\/www.swisscrochet.ch\/fr\/"},{"@type":"ListItem","position":2,"name":"Boutique","item":"https:\/\/www.swisscrochet.ch\/fr\/boutique\/"},{"@type":"ListItem","position":3,"name":"Scheepjes &#8211; Cool Stuff"}]},{"@type":"WebSite","@id":"https:\/\/www.swisscrochet.ch\/#website","url":"https:\/\/www.swisscrochet.ch\/","name":"Swiss Crochet","description":"Lib\u00e9rez votre potentiel cr\u00e9atif","potentialAction":[{"@type":"SearchAction","target":{"@type":"EntryPoint","urlTemplate":"https:\/\/www.swisscrochet.ch\/?s={search_term_string}"},"query-input":{"@type":"PropertyValueSpecification","valueRequired":true,"valueName":"search_term_string"}}],"inLanguage":"fr-FR"}]}},"_links":{"self":[{"href":"https:\/\/www.swisscrochet.ch\/fr\/wp-json\/wp\/v2\/product\/20500","targetHints":{"allow":["GET"]}}],"collection":[{"href":"https:\/\/www.swisscrochet.ch\/fr\/wp-json\/wp\/v2\/product"}],"about":[{"href":"https:\/\/www.swisscrochet.ch\/fr\/wp-json\/wp\/v2\/types\/product"}],"wp:featuredmedia":[{"embeddable":true,"href":"https:\/\/www.swisscrochet.ch\/fr\/wp-json\/wp\/v2\/media\/20490"}],"wp:attachment":[{"href":"https:\/\/www.swisscrochet.ch\/fr\/wp-json\/wp\/v2\/media?parent=20500"}],"wp:term":[{"taxonomy":"product_brand","embeddable":true,"href":"https:\/\/www.swisscrochet.ch\/fr\/wp-json\/wp\/v2\/product_brand?post=20500"},{"taxonomy":"product_cat","embeddable":true,"href":"https:\/\/www.swisscrochet.ch\/fr\/wp-json\/wp\/v2\/product_cat?post=20500"},{"taxonomy":"product_tag","embeddable":true,"href":"https:\/\/www.swisscrochet.ch\/fr\/wp-json\/wp\/v2\/product_tag?post=20500"}],"curies":[{"name":"wp","href":"https:\/\/api.w.org\/{rel}","templated":true}]}}