{"id":2097,"date":"2024-12-27T17:13:17","date_gmt":"2024-12-27T16:13:17","guid":{"rendered":"https:\/\/www.swisscrochet.ch\/product\/scheepjes-cal-festival-of-lights-yarn-kit\/"},"modified":"2025-12-11T18:14:29","modified_gmt":"2025-12-11T17:14:29","slug":"scheepjes-cal-festival-of-lights-kit-de-fils","status":"publish","type":"product","link":"https:\/\/www.swisscrochet.ch\/fr\/produit\/scheepjes-cal-festival-of-lights-kit-de-fils\/","title":{"rendered":"Scheepjes &#8211; CAL Festival of Lights &#8211; Kit de Fils"},"content":{"rendered":"","protected":false},"excerpt":{"rendered":"<p>Une ode aux festivals de lumi\u00e8re et spectacles naturels du monde entier : le <a href=\"https:\/\/www.ravelry.com\/patterns\/library\/scheepjes-festival-of-lights-cal\">Festival of Lights CAL<\/a>, con\u00e7u par Jessica Wifall, membre du Scheepjes Designer Collective, est le Crochet-A-Long officiel Automne\/Hiver 2024 de Scheepjes.<\/p>\n<p>En r\u00e9alisant chaque motif, plongez dans des teintes vibrantes inspir\u00e9es par les plus fascinants jeux de lumi\u00e8re et de couleur au monde \u2013 montgolfi\u00e8res, aurores bor\u00e9ales, feux d\u2019artifice et tra\u00een\u00e9es lumineuses. Fabriqu\u00e9 avec un fil en <strong>coton biologique certifi\u00e9 GOTS<\/strong>, ce projet \u00e9clatant apportera une touche lumineuse \u00e0 votre maison pendant les longues nuits d\u2019hiver.<\/p>\n<p>Le CAL se d\u00e9roule du 16 octobre au 4 d\u00e9cembre 2024. Rejoignez les groupes officiels Facebook de Scheepjes (<a href=\"https:\/\/www.facebook.com\/groups\/ScheepjesCAL.International\">international<\/a> et <a href=\"https:\/\/www.facebook.com\/groups\/scheepjescal\">n\u00e9erlandais<\/a>) pour participer \u00e0 la cr\u00e9ation d\u2019un plaid \u00e0 motifs au crochet incorporant diverses techniques de points.<\/p>\n<p><strong>Informations sur le projet :<\/strong><\/p>\n<ul>\n<li><a href=\"https:\/\/www.scheepjes.com\/en\/cals-and-mals\/scheepjes-cals\/scheepjes-festival-of-lights-cal\/tips-and-tricks\/\">Conseils &amp; astuces, notes sur le mod\u00e8le<\/a> (\u00e0 lire avant de commencer le projet)<\/li>\n<li>Patron gratuit, avec vid\u00e9os : <a href=\"https:\/\/www.scheepjes.com\/en\/cals-and-mals\/scheepjes-cals\/scheepjes-festival-of-lights-cal\/part-1\/\">Partie 1<\/a>, <a href=\"https:\/\/www.scheepjes.com\/en\/cals-and-mals\/scheepjes-cals\/scheepjes-festival-of-lights-cal\/part-2\/\">Partie 2<\/a>, <a href=\"https:\/\/www.scheepjes.com\/en\/cals-and-mals\/scheepjes-cals\/scheepjes-festival-of-lights-cal\/part-3\/\">Partie 3<\/a>, <a href=\"https:\/\/www.scheepjes.com\/en\/cals-and-mals\/scheepjes-cals\/scheepjes-festival-of-lights-cal\/part-4\/\">Partie 4<\/a>, <a href=\"https:\/\/www.scheepjes.com\/en\/cals-and-mals\/scheepjes-cals\/scheepjes-festival-of-lights-cal\/part-5\/\">Partie 5<\/a>, <a href=\"https:\/\/www.scheepjes.com\/en\/cals-and-mals\/scheepjes-cals\/scheepjes-festival-of-lights-cal\/part-6\/\">Partie 6<\/a>, <a href=\"https:\/\/www.scheepjes.com\/en\/cals-and-mals\/scheepjes-cals\/scheepjes-festival-of-lights-cal\/part-7\/\">Partie 7<\/a><\/li>\n<li>Le patron est disponible dans les langues suivantes : anglais (terminologie US &amp; UK), allemand et n\u00e9erlandais<\/li>\n<li><a href=\"https:\/\/jessicawifall.com\/category\/design-blogs\/crochet-a-long\/festival-of-lights-cal-2024\/\">Articles de blog<\/a> de la cr\u00e9atrice Jessica Wifall (uniquement en anglais)<\/li>\n<li>Chaque motif carr\u00e9 mesure 9 x 9 cm avant blocage<\/li>\n<li>Le plaid termin\u00e9 mesurera environ 95 x 95 cm apr\u00e8s blocage<\/li>\n<\/ul>\n<p><strong>Avec ce kit de fil, vous recevrez :<\/strong><\/p>\n<ul>\n<li>1 ensemble de 3 cartes postales<\/li>\n<li>1 mug \u00e9dition sp\u00e9ciale<\/li>\n<li>26 pelotes de Scheepjes Organicon (100 % coton biologique \u2013 50 g \/ 170 m \u2013 fingering \u2013 lavable en machine jusqu\u2019\u00e0 40 \u00b0C)<\/li>\n<\/ul>\n<p><strong>Pour ce projet, vous aurez \u00e9galement besoin de :<\/strong><\/p>\n<ul>\n<li>un crochet de 3,0 mm, que vous pouvez acheter <a href=\"https:\/\/www.swisscrochet.ch\/fr\/categorie-produit\/crochets-et-outils\/\" target=\"_blank\" rel=\"noopener\">s\u00e9par\u00e9ment<\/a>.<\/li>\n<li>des marqueurs de points, que vous pouvez acheter <a href=\"https:\/\/www.swisscrochet.ch\/fr\/categorie-produit\/crochets-et-outils\/marqueurs-de-mailles\/\" target=\"_blank\" rel=\"noopener\">s\u00e9par\u00e9ment<\/a>.<\/li>\n<\/ul>\n<p>Remarque : Ce kit de fil comprend uniquement le fil, aucun patron ou outil\/crochet n\u2019est inclus.<\/p>\n","protected":false},"featured_media":3828,"template":"","meta":[],"product_brand":[],"product_cat":[331,1677],"product_tag":[],"class_list":{"0":"post-2097","1":"product","2":"type-product","3":"status-publish","4":"has-post-thumbnail","6":"product_cat-kits-de-fils","7":"product_cat-kits-de-fils-packs-de-fil","8":"pa_b11-author-designer-jessica-wifall-fr","9":"pa_t1-manufacturer-scheepjes-fr","10":"description-off","12":"first","13":"outofstock","14":"taxable","15":"shipping-taxable","16":"purchasable","17":"product-type-simple"},"bundled_by":[],"bundle_stock_status":"outofstock","bundle_stock_quantity":0,"bundle_virtual":false,"bundle_layout":"","bundle_add_to_cart_form_location":"","bundle_editable_in_cart":false,"bundle_sold_individually_context":"","bundle_item_grouping":"","bundle_min_size":"","bundle_max_size":"","bundle_price":[],"bundled_items":[],"bundle_sell_ids":[],"yoast_head":"<!-- This site is optimized with the Yoast SEO plugin v27.5 - https:\/\/yoast.com\/product\/yoast-seo-wordpress\/ -->\n<title>Scheepjes - CAL Festival of Lights - Kit de Fils &#171; Swiss Crochet<\/title>\n<meta name=\"robots\" content=\"index, follow, max-snippet:-1, max-image-preview:large, max-video-preview:-1\" \/>\n<link rel=\"canonical\" href=\"https:\/\/www.swisscrochet.ch\/fr\/produit\/scheepjes-cal-festival-of-lights-kit-de-fils\/\" \/>\n<meta property=\"og:locale\" content=\"fr_FR\" \/>\n<meta property=\"og:type\" content=\"article\" \/>\n<meta property=\"og:title\" content=\"Scheepjes - CAL Festival of Lights - Kit de Fils &#171; Swiss Crochet\" \/>\n<meta property=\"og:description\" content=\"Une ode aux festivals de lumi\u00e8re et spectacles naturels du monde entier : le Festival of Lights CAL, con\u00e7u par Jessica Wifall, membre du Scheepjes Designer Collective, est le Crochet-A-Long officiel Automne\/Hiver 2024 de Scheepjes.  En r\u00e9alisant chaque motif, plongez dans des teintes vibrantes inspir\u00e9es par les plus fascinants jeux de lumi\u00e8re et de couleur au monde \u2013 montgolfi\u00e8res, aurores bor\u00e9ales, feux d\u2019artifice et tra\u00een\u00e9es lumineuses. Fabriqu\u00e9 avec un fil en coton biologique certifi\u00e9 GOTS, ce projet \u00e9clatant apportera une touche lumineuse \u00e0 votre maison pendant les longues nuits d\u2019hiver.  Le CAL se d\u00e9roule du 16 octobre au 4 d\u00e9cembre 2024. Rejoignez les groupes officiels Facebook de Scheepjes (international et n\u00e9erlandais) pour participer \u00e0 la cr\u00e9ation d\u2019un plaid \u00e0 motifs au crochet incorporant diverses techniques de points.  Informations sur le projet :   Conseils &amp; astuces, notes sur le mod\u00e8le (\u00e0 lire avant de commencer le projet)  Patron gratuit, avec vid\u00e9os : Partie 1, Partie 2, Partie 3, Partie 4, Partie 5, Partie 6, Partie 7  Le patron est disponible dans les langues suivantes : anglais (terminologie US &amp; UK), allemand et n\u00e9erlandais  Articles de blog de la cr\u00e9atrice Jessica Wifall (uniquement en anglais)  Chaque motif carr\u00e9 mesure 9 x 9 cm avant blocage  Le plaid termin\u00e9 mesurera environ 95 x 95 cm apr\u00e8s blocage  Avec ce kit de fil, vous recevrez :   1 ensemble de 3 cartes postales  1 mug \u00e9dition sp\u00e9ciale  26 pelotes de Scheepjes Organicon (100 % coton biologique \u2013 50 g \/ 170 m \u2013 fingering \u2013 lavable en machine jusqu\u2019\u00e0 40 \u00b0C)  Pour ce projet, vous aurez \u00e9galement besoin de :   un crochet de 3,0 mm, que vous pouvez acheter s\u00e9par\u00e9ment.  des marqueurs de points, que vous pouvez acheter s\u00e9par\u00e9ment.  Remarque : Ce kit de fil comprend uniquement le fil, aucun patron ou outil\/crochet n\u2019est inclus.\" \/>\n<meta property=\"og:url\" content=\"https:\/\/www.swisscrochet.ch\/fr\/produit\/scheepjes-cal-festival-of-lights-kit-de-fils\/\" \/>\n<meta property=\"og:site_name\" content=\"Swiss Crochet\" \/>\n<meta property=\"article:modified_time\" content=\"2025-12-11T17:14:29+00:00\" \/>\n<meta property=\"og:image\" content=\"https:\/\/www.swisscrochet.ch\/wp-content\/uploads\/2025\/01\/Scheepjes-CAL-Festival-of-Lights-Overview.jpg\" \/>\n\t<meta property=\"og:image:width\" content=\"1000\" \/>\n\t<meta property=\"og:image:height\" content=\"1000\" \/>\n\t<meta property=\"og:image:type\" content=\"image\/jpeg\" \/>\n<meta name=\"twitter:card\" content=\"summary_large_image\" \/>\n<script type=\"application\/ld+json\" class=\"yoast-schema-graph\">{\"@context\":\"https:\\\/\\\/schema.org\",\"@graph\":[{\"@type\":[\"WebPage\",\"ItemPage\"],\"@id\":\"https:\\\/\\\/www.swisscrochet.ch\\\/fr\\\/produit\\\/scheepjes-cal-festival-of-lights-kit-de-fils\\\/\",\"url\":\"https:\\\/\\\/www.swisscrochet.ch\\\/fr\\\/produit\\\/scheepjes-cal-festival-of-lights-kit-de-fils\\\/\",\"name\":\"Scheepjes - CAL Festival of Lights - Kit de Fils &#171; Swiss Crochet\",\"isPartOf\":{\"@id\":\"https:\\\/\\\/www.swisscrochet.ch\\\/#website\"},\"primaryImageOfPage\":{\"@id\":\"https:\\\/\\\/www.swisscrochet.ch\\\/fr\\\/produit\\\/scheepjes-cal-festival-of-lights-kit-de-fils\\\/#primaryimage\"},\"image\":{\"@id\":\"https:\\\/\\\/www.swisscrochet.ch\\\/fr\\\/produit\\\/scheepjes-cal-festival-of-lights-kit-de-fils\\\/#primaryimage\"},\"thumbnailUrl\":\"https:\\\/\\\/www.swisscrochet.ch\\\/wp-content\\\/uploads\\\/2025\\\/01\\\/Scheepjes-CAL-Festival-of-Lights-Overview.jpg\",\"datePublished\":\"2024-12-27T16:13:17+00:00\",\"dateModified\":\"2025-12-11T17:14:29+00:00\",\"breadcrumb\":{\"@id\":\"https:\\\/\\\/www.swisscrochet.ch\\\/fr\\\/produit\\\/scheepjes-cal-festival-of-lights-kit-de-fils\\\/#breadcrumb\"},\"inLanguage\":\"fr-FR\",\"potentialAction\":[{\"@type\":\"ReadAction\",\"target\":[\"https:\\\/\\\/www.swisscrochet.ch\\\/fr\\\/produit\\\/scheepjes-cal-festival-of-lights-kit-de-fils\\\/\"]}]},{\"@type\":\"ImageObject\",\"inLanguage\":\"fr-FR\",\"@id\":\"https:\\\/\\\/www.swisscrochet.ch\\\/fr\\\/produit\\\/scheepjes-cal-festival-of-lights-kit-de-fils\\\/#primaryimage\",\"url\":\"https:\\\/\\\/www.swisscrochet.ch\\\/wp-content\\\/uploads\\\/2025\\\/01\\\/Scheepjes-CAL-Festival-of-Lights-Overview.jpg\",\"contentUrl\":\"https:\\\/\\\/www.swisscrochet.ch\\\/wp-content\\\/uploads\\\/2025\\\/01\\\/Scheepjes-CAL-Festival-of-Lights-Overview.jpg\",\"width\":1000,\"height\":1000},{\"@type\":\"BreadcrumbList\",\"@id\":\"https:\\\/\\\/www.swisscrochet.ch\\\/fr\\\/produit\\\/scheepjes-cal-festival-of-lights-kit-de-fils\\\/#breadcrumb\",\"itemListElement\":[{\"@type\":\"ListItem\",\"position\":1,\"name\":\"Home\",\"item\":\"https:\\\/\\\/www.swisscrochet.ch\\\/fr\\\/\"},{\"@type\":\"ListItem\",\"position\":2,\"name\":\"Boutique\",\"item\":\"https:\\\/\\\/www.swisscrochet.ch\\\/fr\\\/boutique\\\/\"},{\"@type\":\"ListItem\",\"position\":3,\"name\":\"Scheepjes &#8211; CAL Festival of Lights &#8211; Kit de Fils\"}]},{\"@type\":\"WebSite\",\"@id\":\"https:\\\/\\\/www.swisscrochet.ch\\\/#website\",\"url\":\"https:\\\/\\\/www.swisscrochet.ch\\\/\",\"name\":\"Swiss Crochet\",\"description\":\"Lib\u00e9rez votre potentiel cr\u00e9atif\",\"potentialAction\":[{\"@type\":\"SearchAction\",\"target\":{\"@type\":\"EntryPoint\",\"urlTemplate\":\"https:\\\/\\\/www.swisscrochet.ch\\\/?s={search_term_string}\"},\"query-input\":{\"@type\":\"PropertyValueSpecification\",\"valueRequired\":true,\"valueName\":\"search_term_string\"}}],\"inLanguage\":\"fr-FR\"}]}<\/script>\n<!-- \/ Yoast SEO plugin. -->","yoast_head_json":{"title":"Scheepjes - CAL Festival of Lights - Kit de Fils &#171; Swiss Crochet","robots":{"index":"index","follow":"follow","max-snippet":"max-snippet:-1","max-image-preview":"max-image-preview:large","max-video-preview":"max-video-preview:-1"},"canonical":"https:\/\/www.swisscrochet.ch\/fr\/produit\/scheepjes-cal-festival-of-lights-kit-de-fils\/","og_locale":"fr_FR","og_type":"article","og_title":"Scheepjes - CAL Festival of Lights - Kit de Fils &#171; Swiss Crochet","og_description":"Une ode aux festivals de lumi\u00e8re et spectacles naturels du monde entier : le Festival of Lights CAL, con\u00e7u par Jessica Wifall, membre du Scheepjes Designer Collective, est le Crochet-A-Long officiel Automne\/Hiver 2024 de Scheepjes.  En r\u00e9alisant chaque motif, plongez dans des teintes vibrantes inspir\u00e9es par les plus fascinants jeux de lumi\u00e8re et de couleur au monde \u2013 montgolfi\u00e8res, aurores bor\u00e9ales, feux d\u2019artifice et tra\u00een\u00e9es lumineuses. Fabriqu\u00e9 avec un fil en coton biologique certifi\u00e9 GOTS, ce projet \u00e9clatant apportera une touche lumineuse \u00e0 votre maison pendant les longues nuits d\u2019hiver.  Le CAL se d\u00e9roule du 16 octobre au 4 d\u00e9cembre 2024. Rejoignez les groupes officiels Facebook de Scheepjes (international et n\u00e9erlandais) pour participer \u00e0 la cr\u00e9ation d\u2019un plaid \u00e0 motifs au crochet incorporant diverses techniques de points.  Informations sur le projet :   Conseils &amp; astuces, notes sur le mod\u00e8le (\u00e0 lire avant de commencer le projet)  Patron gratuit, avec vid\u00e9os : Partie 1, Partie 2, Partie 3, Partie 4, Partie 5, Partie 6, Partie 7  Le patron est disponible dans les langues suivantes : anglais (terminologie US &amp; UK), allemand et n\u00e9erlandais  Articles de blog de la cr\u00e9atrice Jessica Wifall (uniquement en anglais)  Chaque motif carr\u00e9 mesure 9 x 9 cm avant blocage  Le plaid termin\u00e9 mesurera environ 95 x 95 cm apr\u00e8s blocage  Avec ce kit de fil, vous recevrez :   1 ensemble de 3 cartes postales  1 mug \u00e9dition sp\u00e9ciale  26 pelotes de Scheepjes Organicon (100 % coton biologique \u2013 50 g \/ 170 m \u2013 fingering \u2013 lavable en machine jusqu\u2019\u00e0 40 \u00b0C)  Pour ce projet, vous aurez \u00e9galement besoin de :   un crochet de 3,0 mm, que vous pouvez acheter s\u00e9par\u00e9ment.  des marqueurs de points, que vous pouvez acheter s\u00e9par\u00e9ment.  Remarque : Ce kit de fil comprend uniquement le fil, aucun patron ou outil\/crochet n\u2019est inclus.","og_url":"https:\/\/www.swisscrochet.ch\/fr\/produit\/scheepjes-cal-festival-of-lights-kit-de-fils\/","og_site_name":"Swiss Crochet","article_modified_time":"2025-12-11T17:14:29+00:00","og_image":[{"width":1000,"height":1000,"url":"https:\/\/www.swisscrochet.ch\/wp-content\/uploads\/2025\/01\/Scheepjes-CAL-Festival-of-Lights-Overview.jpg","type":"image\/jpeg"}],"twitter_card":"summary_large_image","schema":{"@context":"https:\/\/schema.org","@graph":[{"@type":["WebPage","ItemPage"],"@id":"https:\/\/www.swisscrochet.ch\/fr\/produit\/scheepjes-cal-festival-of-lights-kit-de-fils\/","url":"https:\/\/www.swisscrochet.ch\/fr\/produit\/scheepjes-cal-festival-of-lights-kit-de-fils\/","name":"Scheepjes - CAL Festival of Lights - Kit de Fils &#171; Swiss Crochet","isPartOf":{"@id":"https:\/\/www.swisscrochet.ch\/#website"},"primaryImageOfPage":{"@id":"https:\/\/www.swisscrochet.ch\/fr\/produit\/scheepjes-cal-festival-of-lights-kit-de-fils\/#primaryimage"},"image":{"@id":"https:\/\/www.swisscrochet.ch\/fr\/produit\/scheepjes-cal-festival-of-lights-kit-de-fils\/#primaryimage"},"thumbnailUrl":"https:\/\/www.swisscrochet.ch\/wp-content\/uploads\/2025\/01\/Scheepjes-CAL-Festival-of-Lights-Overview.jpg","datePublished":"2024-12-27T16:13:17+00:00","dateModified":"2025-12-11T17:14:29+00:00","breadcrumb":{"@id":"https:\/\/www.swisscrochet.ch\/fr\/produit\/scheepjes-cal-festival-of-lights-kit-de-fils\/#breadcrumb"},"inLanguage":"fr-FR","potentialAction":[{"@type":"ReadAction","target":["https:\/\/www.swisscrochet.ch\/fr\/produit\/scheepjes-cal-festival-of-lights-kit-de-fils\/"]}]},{"@type":"ImageObject","inLanguage":"fr-FR","@id":"https:\/\/www.swisscrochet.ch\/fr\/produit\/scheepjes-cal-festival-of-lights-kit-de-fils\/#primaryimage","url":"https:\/\/www.swisscrochet.ch\/wp-content\/uploads\/2025\/01\/Scheepjes-CAL-Festival-of-Lights-Overview.jpg","contentUrl":"https:\/\/www.swisscrochet.ch\/wp-content\/uploads\/2025\/01\/Scheepjes-CAL-Festival-of-Lights-Overview.jpg","width":1000,"height":1000},{"@type":"BreadcrumbList","@id":"https:\/\/www.swisscrochet.ch\/fr\/produit\/scheepjes-cal-festival-of-lights-kit-de-fils\/#breadcrumb","itemListElement":[{"@type":"ListItem","position":1,"name":"Home","item":"https:\/\/www.swisscrochet.ch\/fr\/"},{"@type":"ListItem","position":2,"name":"Boutique","item":"https:\/\/www.swisscrochet.ch\/fr\/boutique\/"},{"@type":"ListItem","position":3,"name":"Scheepjes &#8211; CAL Festival of Lights &#8211; Kit de Fils"}]},{"@type":"WebSite","@id":"https:\/\/www.swisscrochet.ch\/#website","url":"https:\/\/www.swisscrochet.ch\/","name":"Swiss Crochet","description":"Lib\u00e9rez votre potentiel cr\u00e9atif","potentialAction":[{"@type":"SearchAction","target":{"@type":"EntryPoint","urlTemplate":"https:\/\/www.swisscrochet.ch\/?s={search_term_string}"},"query-input":{"@type":"PropertyValueSpecification","valueRequired":true,"valueName":"search_term_string"}}],"inLanguage":"fr-FR"}]}},"_links":{"self":[{"href":"https:\/\/www.swisscrochet.ch\/fr\/wp-json\/wp\/v2\/product\/2097","targetHints":{"allow":["GET"]}}],"collection":[{"href":"https:\/\/www.swisscrochet.ch\/fr\/wp-json\/wp\/v2\/product"}],"about":[{"href":"https:\/\/www.swisscrochet.ch\/fr\/wp-json\/wp\/v2\/types\/product"}],"wp:featuredmedia":[{"embeddable":true,"href":"https:\/\/www.swisscrochet.ch\/fr\/wp-json\/wp\/v2\/media\/3828"}],"wp:attachment":[{"href":"https:\/\/www.swisscrochet.ch\/fr\/wp-json\/wp\/v2\/media?parent=2097"}],"wp:term":[{"taxonomy":"product_brand","embeddable":true,"href":"https:\/\/www.swisscrochet.ch\/fr\/wp-json\/wp\/v2\/product_brand?post=2097"},{"taxonomy":"product_cat","embeddable":true,"href":"https:\/\/www.swisscrochet.ch\/fr\/wp-json\/wp\/v2\/product_cat?post=2097"},{"taxonomy":"product_tag","embeddable":true,"href":"https:\/\/www.swisscrochet.ch\/fr\/wp-json\/wp\/v2\/product_tag?post=2097"}],"curies":[{"name":"wp","href":"https:\/\/api.w.org\/{rel}","templated":true}]}}