{"id":2104,"date":"2024-10-24T15:05:40","date_gmt":"2024-10-24T13:05:40","guid":{"rendered":"https:\/\/www.swisscrochet.ch\/product\/uber-den-traum-soojus-yarn-kit\/"},"modified":"2025-01-16T16:18:01","modified_gmt":"2025-01-16T15:18:01","slug":"uber-den-traum-soojus-kit-de-fils","status":"publish","type":"product","link":"https:\/\/www.swisscrochet.ch\/fr\/produit\/uber-den-traum-soojus-kit-de-fils\/","title":{"rendered":"\u00dcber den Traum &#8211; Soojus &#8211; Kit de Fils"},"content":{"rendered":"<p><strong>Yarn<\/strong><br \/>\nMod Yarns Fingering 101<br \/>\nFingering \/ 4 ply \/ 14 wpi \/ 80% Merino, 20% Nylon<br \/>\n384 meters &#8211; 420 yards \/ 115 grams<br \/>\nColorway: Elizabeth, 1 skein<\/p>\n<p><strong>Hook<\/strong><br \/>\n3.0 mm or size to obtain gauge<\/p>\n<p><strong>Notions<\/strong><\/p>\n<ul>\n<li>1 removable stitch marker<\/li>\n<li>yarn needle<\/li>\n<li>1 spool of elastic thread (optional)<\/li>\n<\/ul>\n<p><strong>Gauge<\/strong><br \/>\n24 sts \/ 30 rounds = 10 cm (4 inches) square in single crochet<br \/>\n24 sts \/ 20 rounds = 10 cm (4 inches) square in sc, hdc alternating<\/p>\n<p><strong>Sizes<\/strong><br \/>\nXS(S, M, L, XL, XXL, XXXL)<\/p>\n<p>which correspond to:<br \/>\nEU sizes: 34-35(36-38, 39-40, 41-43, 44-45, 46-47, 48)<br \/>\nUS sizes: 3.5-4(5-6.5, 7.5-8, 8.5-10, 11-12, 12-13, 13.5)<\/p>\n<p><strong>Finished Measurements<\/strong><br \/>\nSchematic included in the pattern.<\/p>\n<p>A &#8211; Foot Circumference: 18(19, 20, 22, 24, 25, 26) cm \/ 7.2(7.6, 8, 8.8, 9.6, 10, 10.4) inches<br \/>\nB &#8211; Foot Length: 20(22, 24, 25, 27, 28, 29) cm \/ 8(8.8, 9.6, 10, 10.8, 11.2, 11.6) inches<br \/>\nF &#8211; Leg Length: 20 cm \/ 8 inches<\/p>\n<p><strong>Skills Required\/Techniques Used<\/strong><\/p>\n<ul>\n<li>Basic crochet stitches<\/li>\n<li>Increasing, decreasing<\/li>\n<li>Working in rows and rounds<\/li>\n<li>Sliding loop\/Magic circle<\/li>\n<li>US crochet terminology<\/li>\n<\/ul>\n<p>&nbsp;<\/p>\n<p>\u00a92023 \u00dcber den Traum &#8211; for personal use. No reprinting, redistributing or reselling of these instructions. Selling finished items is permitted, as long as the following statement is included: (in both print &amp; digital format) \u201c Design by Asimina Saranti of <a href=\"http:\/\/www.uberdentraum.com\">www.uberdentraum.com<\/a> \u201d. (live link please!)<\/p>\n","protected":false},"excerpt":{"rendered":"<p>Imaginez la paire de chaussettes parfaite. Une paire robuste et chaude qui durera des ann\u00e9es. Une paire si rapide \u00e0 r\u00e9aliser que vous pourriez \u00e9puiser votre stock de fil \u00e0 chaussettes en quelques mois. Une paire qui ne n\u00e9cessite ni entretien constant ni r\u00e9parations fr\u00e9quentes.<\/p>\n<p>Trop beau pour \u00eatre vrai ? Absolument pas ! Nous parlons ici de chaussettes au crochet !<\/p>\n<p>Soojus est mon mod\u00e8le pr\u00e9f\u00e9r\u00e9 absolu pour les chaussettes.<\/p>\n<p>Laissez-moi vous expliquer pourquoi :<\/p>\n<ul>\n<li>il est incroyablement rapide et facile \u00e0 r\u00e9aliser.<\/li>\n<li>il permet de cr\u00e9er des chaussettes robustes et durables.<\/li>\n<li>il facilite le suivi des tours et permet de travailler les deux chaussettes en m\u00eame temps.<\/li>\n<li>il exploite la maniabilit\u00e9 \u00e0 360 degr\u00e9s du crochet pour cr\u00e9er un talon bien ajust\u00e9.<\/li>\n<li>il propose 7 tailles, un sch\u00e9ma et des mesures d\u00e9taill\u00e9es pour choisir la taille id\u00e9ale pour un ajustement parfait.<\/li>\n<\/ul>\n<p>Encore sceptique ? J&rsquo;ai travaill\u00e9 sur 8 paires de chaussettes pour moi et pour d&rsquo;autres avant de r\u00e9diger le mod\u00e8le. J&rsquo;ai utilis\u00e9 une grande vari\u00e9t\u00e9 de fils \u00e0 chaussettes : light fingering, fingering, sport, avec ou sans nylon. Tous ont montr\u00e9 peu ou pas de signes d&rsquo;usure et Z\u00c9RO trou \u00e0 r\u00e9parer.<\/p>\n<p>Essayez-le ! Vous ne serez pas d\u00e9\u00e7u(e).<\/p>\n<p><strong>Avec ce kit de fil, vous recevrez :<\/strong><\/p>\n<ul>\n<li>une copie imprim\u00e9e du mod\u00e8le en anglais<\/li>\n<li>un acc\u00e8s pour t\u00e9l\u00e9charger le mod\u00e8le en format pdf num\u00e9rique, en anglais et en allemand<\/li>\n<li>1 \u00e9cheveau de Mod Yarns Fingering 101 (80 % m\u00e9rinos, 20 % nylon \u2013 100 g \/ 384 m)<\/li>\n<\/ul>\n<p>Pour ce projet, vous aurez besoin d\u2019un crochet de 3.0 mm, que vous pouvez acheter <a href=\"https:\/\/www.swisscrochet.ch\/fr\/categorie-produit\/crochets-et-outils\/\" target=\"_blank\" rel=\"noopener\">s\u00e9par\u00e9ment<\/a>.<\/p>\n<p>Note : Le kit de fil est disponible en une seule couleur, <em>Elizabeth<\/em>. Le fil est teint \u00e0 la main par Anzula Yarns \u00e0 Fresno, Californie. Le lot de teinture actuel est plus bleu-vert que mon \u00e9chantillon qui semble plus bleu p\u00e2le-violet (voir photos). Il s&rsquo;agit d&rsquo;un kit de fil exclusif en collaboration avec Anzula Yarns et disponible en quantit\u00e9 limit\u00e9e.<\/p>\n<p>Voir la description compl\u00e8te ci-dessous pour plus d&rsquo;informations sur le mod\u00e8le. Pour plus d&rsquo;informations et des photos de projets termin\u00e9s, visitez la <a href=\"https:\/\/www.ravelry.com\/patterns\/library\/soojus\" target=\"_blank\" rel=\"noopener\">page du mod\u00e8le<\/a> sur Ravelry.<\/p>\n","protected":false},"featured_media":1684,"template":"","meta":[],"product_brand":[],"product_cat":[1661,331],"product_tag":[],"class_list":{"0":"post-2104","1":"product","2":"type-product","3":"status-publish","4":"has-post-thumbnail","6":"product_cat-kits-de-fils-accessoires","7":"product_cat-kits-de-fils","8":"description-off","10":"first","11":"instock","12":"taxable","13":"shipping-taxable","14":"purchasable","15":"product-type-simple"},"bundled_by":[],"bundle_stock_status":"instock","bundle_stock_quantity":15,"bundle_virtual":false,"bundle_layout":"","bundle_add_to_cart_form_location":"","bundle_editable_in_cart":false,"bundle_sold_individually_context":"","bundle_item_grouping":"","bundle_min_size":"","bundle_max_size":"","bundle_price":[],"bundled_items":[],"bundle_sell_ids":[],"yoast_head":"<!-- This site is optimized with the Yoast SEO plugin v27.4 - https:\/\/yoast.com\/product\/yoast-seo-wordpress\/ -->\n<title>\u00dcber den Traum - Soojus - Kit de Fils &#171; Swiss Crochet<\/title>\n<meta name=\"robots\" content=\"index, follow, max-snippet:-1, max-image-preview:large, max-video-preview:-1\" \/>\n<link rel=\"canonical\" href=\"https:\/\/www.swisscrochet.ch\/produit\/uber-den-traum-soojus-yarn-kit\/\" \/>\n<meta property=\"og:locale\" content=\"fr_FR\" \/>\n<meta property=\"og:type\" content=\"article\" \/>\n<meta property=\"og:title\" content=\"\u00dcber den Traum - Soojus - Kit de Fils &#171; Swiss Crochet\" \/>\n<meta property=\"og:description\" content=\"Imaginez la paire de chaussettes parfaite. Une paire robuste et chaude qui durera des ann\u00e9es. Une paire si rapide \u00e0 r\u00e9aliser que vous pourriez \u00e9puiser votre stock de fil \u00e0 chaussettes en quelques mois. Une paire qui ne n\u00e9cessite ni entretien constant ni r\u00e9parations fr\u00e9quentes.  Trop beau pour \u00eatre vrai ? Absolument pas ! Nous parlons ici de chaussettes au crochet !  Soojus est mon mod\u00e8le pr\u00e9f\u00e9r\u00e9 absolu pour les chaussettes.  Laissez-moi vous expliquer pourquoi :   il est incroyablement rapide et facile \u00e0 r\u00e9aliser.  il permet de cr\u00e9er des chaussettes robustes et durables.  il facilite le suivi des tours et permet de travailler les deux chaussettes en m\u00eame temps.  il exploite la maniabilit\u00e9 \u00e0 360 degr\u00e9s du crochet pour cr\u00e9er un talon bien ajust\u00e9.  il propose 7 tailles, un sch\u00e9ma et des mesures d\u00e9taill\u00e9es pour choisir la taille id\u00e9ale pour un ajustement parfait.  Encore sceptique ? J&#039;ai travaill\u00e9 sur 8 paires de chaussettes pour moi et pour d&#039;autres avant de r\u00e9diger le mod\u00e8le. J&#039;ai utilis\u00e9 une grande vari\u00e9t\u00e9 de fils \u00e0 chaussettes : light fingering, fingering, sport, avec ou sans nylon. Tous ont montr\u00e9 peu ou pas de signes d&#039;usure et Z\u00c9RO trou \u00e0 r\u00e9parer.  Essayez-le ! Vous ne serez pas d\u00e9\u00e7u(e).  Avec ce kit de fil, vous recevrez :   une copie imprim\u00e9e du mod\u00e8le en anglais  un acc\u00e8s pour t\u00e9l\u00e9charger le mod\u00e8le en format pdf num\u00e9rique, en anglais et en allemand  1 \u00e9cheveau de Mod Yarns Fingering 101 (80 % m\u00e9rinos, 20 % nylon \u2013 100 g \/ 384 m)  Pour ce projet, vous aurez besoin d\u2019un crochet de 3.0 mm, que vous pouvez acheter s\u00e9par\u00e9ment.  Note : Le kit de fil est disponible en une seule couleur, Elizabeth. Le fil est teint \u00e0 la main par Anzula Yarns \u00e0 Fresno, Californie. Le lot de teinture actuel est plus bleu-vert que mon \u00e9chantillon qui semble plus bleu p\u00e2le-violet (voir photos). Il s&#039;agit d&#039;un kit de fil exclusif en collaboration avec Anzula Yarns et disponible en quantit\u00e9 limit\u00e9e.  Voir la description compl\u00e8te ci-dessous pour plus d&#039;informations sur le mod\u00e8le. Pour plus d&#039;informations et des photos de projets termin\u00e9s, visitez la page du mod\u00e8le sur Ravelry.\" \/>\n<meta property=\"og:url\" content=\"https:\/\/www.swisscrochet.ch\/produit\/uber-den-traum-soojus-yarn-kit\/\" \/>\n<meta property=\"og:site_name\" content=\"Swiss Crochet\" \/>\n<meta property=\"article:modified_time\" content=\"2025-01-16T15:18:01+00:00\" \/>\n<meta property=\"og:image\" content=\"https:\/\/www.swisscrochet.ch\/wp-content\/uploads\/2024\/12\/Uber-den-Traum-Soojus-Overview.jpg\" \/>\n\t<meta property=\"og:image:width\" content=\"1100\" \/>\n\t<meta property=\"og:image:height\" content=\"1100\" \/>\n\t<meta property=\"og:image:type\" content=\"image\/jpeg\" \/>\n<meta name=\"twitter:card\" content=\"summary_large_image\" \/>\n<meta name=\"twitter:label1\" content=\"Dur\u00e9e de lecture estim\u00e9e\" \/>\n\t<meta name=\"twitter:data1\" content=\"2 minutes\" \/>\n<script type=\"application\/ld+json\" class=\"yoast-schema-graph\">{\"@context\":\"https:\\\/\\\/schema.org\",\"@graph\":[{\"@type\":[\"WebPage\",\"ItemPage\"],\"@id\":\"https:\\\/\\\/www.swisscrochet.ch\\\/produit\\\/uber-den-traum-soojus-yarn-kit\\\/\",\"url\":\"https:\\\/\\\/www.swisscrochet.ch\\\/produit\\\/uber-den-traum-soojus-yarn-kit\\\/\",\"name\":\"\u00dcber den Traum - Soojus - Kit de Fils &#171; Swiss Crochet\",\"isPartOf\":{\"@id\":\"https:\\\/\\\/www.swisscrochet.ch\\\/#website\"},\"primaryImageOfPage\":{\"@id\":\"https:\\\/\\\/www.swisscrochet.ch\\\/produit\\\/uber-den-traum-soojus-yarn-kit\\\/#primaryimage\"},\"image\":{\"@id\":\"https:\\\/\\\/www.swisscrochet.ch\\\/produit\\\/uber-den-traum-soojus-yarn-kit\\\/#primaryimage\"},\"thumbnailUrl\":\"https:\\\/\\\/www.swisscrochet.ch\\\/wp-content\\\/uploads\\\/2024\\\/12\\\/Uber-den-Traum-Soojus-Overview.jpg\",\"datePublished\":\"2024-10-24T13:05:40+00:00\",\"dateModified\":\"2025-01-16T15:18:01+00:00\",\"breadcrumb\":{\"@id\":\"https:\\\/\\\/www.swisscrochet.ch\\\/produit\\\/uber-den-traum-soojus-yarn-kit\\\/#breadcrumb\"},\"inLanguage\":\"fr-FR\",\"potentialAction\":[{\"@type\":\"ReadAction\",\"target\":[\"https:\\\/\\\/www.swisscrochet.ch\\\/produit\\\/uber-den-traum-soojus-yarn-kit\\\/\"]}]},{\"@type\":\"ImageObject\",\"inLanguage\":\"fr-FR\",\"@id\":\"https:\\\/\\\/www.swisscrochet.ch\\\/produit\\\/uber-den-traum-soojus-yarn-kit\\\/#primaryimage\",\"url\":\"https:\\\/\\\/www.swisscrochet.ch\\\/wp-content\\\/uploads\\\/2024\\\/12\\\/Uber-den-Traum-Soojus-Overview.jpg\",\"contentUrl\":\"https:\\\/\\\/www.swisscrochet.ch\\\/wp-content\\\/uploads\\\/2024\\\/12\\\/Uber-den-Traum-Soojus-Overview.jpg\",\"width\":1100,\"height\":1100},{\"@type\":\"BreadcrumbList\",\"@id\":\"https:\\\/\\\/www.swisscrochet.ch\\\/produit\\\/uber-den-traum-soojus-yarn-kit\\\/#breadcrumb\",\"itemListElement\":[{\"@type\":\"ListItem\",\"position\":1,\"name\":\"Home\",\"item\":\"https:\\\/\\\/www.swisscrochet.ch\\\/fr\\\/\"},{\"@type\":\"ListItem\",\"position\":2,\"name\":\"Boutique\",\"item\":\"https:\\\/\\\/www.swisscrochet.ch\\\/fr\\\/boutique\\\/\"},{\"@type\":\"ListItem\",\"position\":3,\"name\":\"\u00dcber den Traum &#8211; Soojus &#8211; Kit de Fils\"}]},{\"@type\":\"WebSite\",\"@id\":\"https:\\\/\\\/www.swisscrochet.ch\\\/#website\",\"url\":\"https:\\\/\\\/www.swisscrochet.ch\\\/\",\"name\":\"Swiss Crochet\",\"description\":\"Lib\u00e9rez votre potentiel cr\u00e9atif\",\"potentialAction\":[{\"@type\":\"SearchAction\",\"target\":{\"@type\":\"EntryPoint\",\"urlTemplate\":\"https:\\\/\\\/www.swisscrochet.ch\\\/?s={search_term_string}\"},\"query-input\":{\"@type\":\"PropertyValueSpecification\",\"valueRequired\":true,\"valueName\":\"search_term_string\"}}],\"inLanguage\":\"fr-FR\"}]}<\/script>\n<!-- \/ Yoast SEO plugin. -->","yoast_head_json":{"title":"\u00dcber den Traum - Soojus - Kit de Fils &#171; Swiss Crochet","robots":{"index":"index","follow":"follow","max-snippet":"max-snippet:-1","max-image-preview":"max-image-preview:large","max-video-preview":"max-video-preview:-1"},"canonical":"https:\/\/www.swisscrochet.ch\/produit\/uber-den-traum-soojus-yarn-kit\/","og_locale":"fr_FR","og_type":"article","og_title":"\u00dcber den Traum - Soojus - Kit de Fils &#171; Swiss Crochet","og_description":"Imaginez la paire de chaussettes parfaite. Une paire robuste et chaude qui durera des ann\u00e9es. Une paire si rapide \u00e0 r\u00e9aliser que vous pourriez \u00e9puiser votre stock de fil \u00e0 chaussettes en quelques mois. Une paire qui ne n\u00e9cessite ni entretien constant ni r\u00e9parations fr\u00e9quentes.  Trop beau pour \u00eatre vrai ? Absolument pas ! Nous parlons ici de chaussettes au crochet !  Soojus est mon mod\u00e8le pr\u00e9f\u00e9r\u00e9 absolu pour les chaussettes.  Laissez-moi vous expliquer pourquoi :   il est incroyablement rapide et facile \u00e0 r\u00e9aliser.  il permet de cr\u00e9er des chaussettes robustes et durables.  il facilite le suivi des tours et permet de travailler les deux chaussettes en m\u00eame temps.  il exploite la maniabilit\u00e9 \u00e0 360 degr\u00e9s du crochet pour cr\u00e9er un talon bien ajust\u00e9.  il propose 7 tailles, un sch\u00e9ma et des mesures d\u00e9taill\u00e9es pour choisir la taille id\u00e9ale pour un ajustement parfait.  Encore sceptique ? J'ai travaill\u00e9 sur 8 paires de chaussettes pour moi et pour d'autres avant de r\u00e9diger le mod\u00e8le. J'ai utilis\u00e9 une grande vari\u00e9t\u00e9 de fils \u00e0 chaussettes : light fingering, fingering, sport, avec ou sans nylon. Tous ont montr\u00e9 peu ou pas de signes d'usure et Z\u00c9RO trou \u00e0 r\u00e9parer.  Essayez-le ! Vous ne serez pas d\u00e9\u00e7u(e).  Avec ce kit de fil, vous recevrez :   une copie imprim\u00e9e du mod\u00e8le en anglais  un acc\u00e8s pour t\u00e9l\u00e9charger le mod\u00e8le en format pdf num\u00e9rique, en anglais et en allemand  1 \u00e9cheveau de Mod Yarns Fingering 101 (80 % m\u00e9rinos, 20 % nylon \u2013 100 g \/ 384 m)  Pour ce projet, vous aurez besoin d\u2019un crochet de 3.0 mm, que vous pouvez acheter s\u00e9par\u00e9ment.  Note : Le kit de fil est disponible en une seule couleur, Elizabeth. Le fil est teint \u00e0 la main par Anzula Yarns \u00e0 Fresno, Californie. Le lot de teinture actuel est plus bleu-vert que mon \u00e9chantillon qui semble plus bleu p\u00e2le-violet (voir photos). Il s'agit d'un kit de fil exclusif en collaboration avec Anzula Yarns et disponible en quantit\u00e9 limit\u00e9e.  Voir la description compl\u00e8te ci-dessous pour plus d'informations sur le mod\u00e8le. Pour plus d'informations et des photos de projets termin\u00e9s, visitez la page du mod\u00e8le sur Ravelry.","og_url":"https:\/\/www.swisscrochet.ch\/produit\/uber-den-traum-soojus-yarn-kit\/","og_site_name":"Swiss Crochet","article_modified_time":"2025-01-16T15:18:01+00:00","og_image":[{"width":1100,"height":1100,"url":"https:\/\/www.swisscrochet.ch\/wp-content\/uploads\/2024\/12\/Uber-den-Traum-Soojus-Overview.jpg","type":"image\/jpeg"}],"twitter_card":"summary_large_image","twitter_misc":{"Dur\u00e9e de lecture estim\u00e9e":"2 minutes"},"schema":{"@context":"https:\/\/schema.org","@graph":[{"@type":["WebPage","ItemPage"],"@id":"https:\/\/www.swisscrochet.ch\/produit\/uber-den-traum-soojus-yarn-kit\/","url":"https:\/\/www.swisscrochet.ch\/produit\/uber-den-traum-soojus-yarn-kit\/","name":"\u00dcber den Traum - Soojus - Kit de Fils &#171; Swiss Crochet","isPartOf":{"@id":"https:\/\/www.swisscrochet.ch\/#website"},"primaryImageOfPage":{"@id":"https:\/\/www.swisscrochet.ch\/produit\/uber-den-traum-soojus-yarn-kit\/#primaryimage"},"image":{"@id":"https:\/\/www.swisscrochet.ch\/produit\/uber-den-traum-soojus-yarn-kit\/#primaryimage"},"thumbnailUrl":"https:\/\/www.swisscrochet.ch\/wp-content\/uploads\/2024\/12\/Uber-den-Traum-Soojus-Overview.jpg","datePublished":"2024-10-24T13:05:40+00:00","dateModified":"2025-01-16T15:18:01+00:00","breadcrumb":{"@id":"https:\/\/www.swisscrochet.ch\/produit\/uber-den-traum-soojus-yarn-kit\/#breadcrumb"},"inLanguage":"fr-FR","potentialAction":[{"@type":"ReadAction","target":["https:\/\/www.swisscrochet.ch\/produit\/uber-den-traum-soojus-yarn-kit\/"]}]},{"@type":"ImageObject","inLanguage":"fr-FR","@id":"https:\/\/www.swisscrochet.ch\/produit\/uber-den-traum-soojus-yarn-kit\/#primaryimage","url":"https:\/\/www.swisscrochet.ch\/wp-content\/uploads\/2024\/12\/Uber-den-Traum-Soojus-Overview.jpg","contentUrl":"https:\/\/www.swisscrochet.ch\/wp-content\/uploads\/2024\/12\/Uber-den-Traum-Soojus-Overview.jpg","width":1100,"height":1100},{"@type":"BreadcrumbList","@id":"https:\/\/www.swisscrochet.ch\/produit\/uber-den-traum-soojus-yarn-kit\/#breadcrumb","itemListElement":[{"@type":"ListItem","position":1,"name":"Home","item":"https:\/\/www.swisscrochet.ch\/fr\/"},{"@type":"ListItem","position":2,"name":"Boutique","item":"https:\/\/www.swisscrochet.ch\/fr\/boutique\/"},{"@type":"ListItem","position":3,"name":"\u00dcber den Traum &#8211; Soojus &#8211; Kit de Fils"}]},{"@type":"WebSite","@id":"https:\/\/www.swisscrochet.ch\/#website","url":"https:\/\/www.swisscrochet.ch\/","name":"Swiss Crochet","description":"Lib\u00e9rez votre potentiel cr\u00e9atif","potentialAction":[{"@type":"SearchAction","target":{"@type":"EntryPoint","urlTemplate":"https:\/\/www.swisscrochet.ch\/?s={search_term_string}"},"query-input":{"@type":"PropertyValueSpecification","valueRequired":true,"valueName":"search_term_string"}}],"inLanguage":"fr-FR"}]}},"_links":{"self":[{"href":"https:\/\/www.swisscrochet.ch\/fr\/wp-json\/wp\/v2\/product\/2104","targetHints":{"allow":["GET"]}}],"collection":[{"href":"https:\/\/www.swisscrochet.ch\/fr\/wp-json\/wp\/v2\/product"}],"about":[{"href":"https:\/\/www.swisscrochet.ch\/fr\/wp-json\/wp\/v2\/types\/product"}],"wp:featuredmedia":[{"embeddable":true,"href":"https:\/\/www.swisscrochet.ch\/fr\/wp-json\/wp\/v2\/media\/1684"}],"wp:attachment":[{"href":"https:\/\/www.swisscrochet.ch\/fr\/wp-json\/wp\/v2\/media?parent=2104"}],"wp:term":[{"taxonomy":"product_brand","embeddable":true,"href":"https:\/\/www.swisscrochet.ch\/fr\/wp-json\/wp\/v2\/product_brand?post=2104"},{"taxonomy":"product_cat","embeddable":true,"href":"https:\/\/www.swisscrochet.ch\/fr\/wp-json\/wp\/v2\/product_cat?post=2104"},{"taxonomy":"product_tag","embeddable":true,"href":"https:\/\/www.swisscrochet.ch\/fr\/wp-json\/wp\/v2\/product_tag?post=2104"}],"curies":[{"name":"wp","href":"https:\/\/api.w.org\/{rel}","templated":true}]}}