{"id":2136,"date":"2025-01-01T15:56:12","date_gmt":"2025-01-01T14:56:12","guid":{"rendered":"https:\/\/www.swisscrochet.ch\/product\/swiss-crochet-kirke\/"},"modified":"2026-01-14T20:27:10","modified_gmt":"2026-01-14T19:27:10","slug":"swiss-crochet-kirke","status":"publish","type":"product","link":"https:\/\/www.swisscrochet.ch\/fr\/produit\/swiss-crochet-kirke\/","title":{"rendered":"Swiss Crochet &#8211; Kirke"},"content":{"rendered":"","protected":false},"excerpt":{"rendered":"<p>Kirke est un fil doux, moelleux et extr\u00eamement polyvalent, con\u00e7u sp\u00e9cialement pour les crocheteuses. Sa construction c\u00e2bl\u00e9e lui conf\u00e8re une r\u00e9sistance et une durabilit\u00e9 exceptionnelles tout en restant l\u00e9ger gr\u00e2ce \u00e0 ses multiples brins. Le Z-twist garantit que le fil ne s\u2019effiloche pas et ne se d\u00e9double pas pendant le crochetage, rendant son utilisation agr\u00e9able.<\/p>\n<p>Fabriqu\u00e9 en 100 % laine m\u00e9rinos superwash, Kirke convient \u00e0 une grande vari\u00e9t\u00e9 de projets, des v\u00eatements aux accessoires comme les chapeaux, \u00e9charpes et mitaines, ainsi qu\u2019aux articles de d\u00e9coration int\u00e9rieure comme les couvertures.<\/p>\n<p>L\u2019\u00e9chantillon illustr\u00e9 a \u00e9t\u00e9 lav\u00e9 en machine (programme laine \u00e0 30 \u00b0C) et repass\u00e9 \u00e0 la vapeur.<\/p>\n<p>D\u00e9couvrez l\u2019\u00e9quilibre parfait entre r\u00e9sistance, douceur et polyvalence avec le fil Kirke \u2014 id\u00e9al pour toutes vos cr\u00e9ations au crochet!<\/p>\n","protected":false},"featured_media":1860,"template":"","meta":[],"product_brand":[],"product_cat":[1885,227,1887,1893],"product_tag":[],"class_list":{"0":"post-2136","1":"product","2":"type-product","3":"status-publish","4":"has-post-thumbnail","6":"product_cat-fils-couvertures","7":"product_cat-fils","8":"product_cat-fils-fils-basiques","9":"product_cat-fils-vetements","10":"pa_y1-brand-swiss-crochet-fr","11":"pa_y17-yarn-weight-dk-fr","12":"description-off","14":"first","15":"instock","16":"taxable","17":"shipping-taxable","18":"purchasable","19":"product-type-variable","20":"wvs-archive-product-wrapper"},"bundled_by":["13581","13581","13581","13581","13581","13581","13581","13581","13581","13581","13581","13581","13581","13581","13581","13581","13581","13581","13581","13581","13581","13581","13581","25701"],"bundle_stock_status":"instock","bundle_stock_quantity":null,"bundle_virtual":false,"bundle_layout":"","bundle_add_to_cart_form_location":"","bundle_editable_in_cart":false,"bundle_sold_individually_context":"","bundle_item_grouping":"","bundle_min_size":"","bundle_max_size":"","bundle_price":[],"bundled_items":[],"bundle_sell_ids":[],"yoast_head":"<!-- This site is optimized with the Yoast SEO plugin v27.5 - https:\/\/yoast.com\/product\/yoast-seo-wordpress\/ -->\n<title>Swiss Crochet - Kirke &#171; Swiss Crochet<\/title>\n<meta name=\"description\" content=\"Kirke est un fil m\u00e9rinos superwash doux, r\u00e9sistant et polyvalent avec une torsion en Z \u2013 parfait pour les v\u00eatements, accessoires et projets de d\u00e9coration au crochet.\" \/>\n<meta name=\"robots\" content=\"index, follow, max-snippet:-1, max-image-preview:large, max-video-preview:-1\" \/>\n<link rel=\"canonical\" href=\"https:\/\/www.swisscrochet.ch\/produit\/swiss-crochet-kirke\/\" \/>\n<meta property=\"og:locale\" content=\"fr_FR\" \/>\n<meta property=\"og:type\" content=\"article\" \/>\n<meta property=\"og:title\" content=\"Swiss Crochet - Kirke &#171; Swiss Crochet\" \/>\n<meta property=\"og:description\" content=\"Kirke est un fil m\u00e9rinos superwash doux, r\u00e9sistant et polyvalent avec une torsion en Z \u2013 parfait pour les v\u00eatements, accessoires et projets de d\u00e9coration au crochet.\" \/>\n<meta property=\"og:url\" content=\"https:\/\/www.swisscrochet.ch\/produit\/swiss-crochet-kirke\/\" \/>\n<meta property=\"og:site_name\" content=\"Swiss Crochet\" \/>\n<meta property=\"article:modified_time\" content=\"2026-01-14T19:27:10+00:00\" \/>\n<meta property=\"og:image\" content=\"https:\/\/www.swisscrochet.ch\/wp-content\/uploads\/2025\/01\/Swiss-Crochet-Kirke-Overview.jpg\" \/>\n\t<meta property=\"og:image:width\" content=\"1000\" \/>\n\t<meta property=\"og:image:height\" content=\"1000\" \/>\n\t<meta property=\"og:image:type\" content=\"image\/jpeg\" \/>\n<meta name=\"twitter:card\" content=\"summary_large_image\" \/>\n<meta name=\"twitter:label1\" content=\"Dur\u00e9e de lecture estim\u00e9e\" \/>\n\t<meta name=\"twitter:data1\" content=\"1 minute\" \/>\n<script type=\"application\/ld+json\" class=\"yoast-schema-graph\">{\"@context\":\"https:\\\/\\\/schema.org\",\"@graph\":[{\"@type\":[\"WebPage\",\"ItemPage\"],\"@id\":\"https:\\\/\\\/www.swisscrochet.ch\\\/produit\\\/swiss-crochet-kirke\\\/\",\"url\":\"https:\\\/\\\/www.swisscrochet.ch\\\/produit\\\/swiss-crochet-kirke\\\/\",\"name\":\"Swiss Crochet - Kirke &#171; Swiss Crochet\",\"isPartOf\":{\"@id\":\"https:\\\/\\\/www.swisscrochet.ch\\\/#website\"},\"primaryImageOfPage\":{\"@id\":\"https:\\\/\\\/www.swisscrochet.ch\\\/produit\\\/swiss-crochet-kirke\\\/#primaryimage\"},\"image\":{\"@id\":\"https:\\\/\\\/www.swisscrochet.ch\\\/produit\\\/swiss-crochet-kirke\\\/#primaryimage\"},\"thumbnailUrl\":\"https:\\\/\\\/www.swisscrochet.ch\\\/wp-content\\\/uploads\\\/2025\\\/01\\\/Swiss-Crochet-Kirke-Overview.jpg\",\"datePublished\":\"2025-01-01T14:56:12+00:00\",\"dateModified\":\"2026-01-14T19:27:10+00:00\",\"description\":\"Kirke est un fil m\u00e9rinos superwash doux, r\u00e9sistant et polyvalent avec une torsion en Z \u2013 parfait pour les v\u00eatements, accessoires et projets de d\u00e9coration au crochet.\",\"breadcrumb\":{\"@id\":\"https:\\\/\\\/www.swisscrochet.ch\\\/produit\\\/swiss-crochet-kirke\\\/#breadcrumb\"},\"inLanguage\":\"fr-FR\",\"potentialAction\":[{\"@type\":\"ReadAction\",\"target\":[\"https:\\\/\\\/www.swisscrochet.ch\\\/produit\\\/swiss-crochet-kirke\\\/\"]}]},{\"@type\":\"ImageObject\",\"inLanguage\":\"fr-FR\",\"@id\":\"https:\\\/\\\/www.swisscrochet.ch\\\/produit\\\/swiss-crochet-kirke\\\/#primaryimage\",\"url\":\"https:\\\/\\\/www.swisscrochet.ch\\\/wp-content\\\/uploads\\\/2025\\\/01\\\/Swiss-Crochet-Kirke-Overview.jpg\",\"contentUrl\":\"https:\\\/\\\/www.swisscrochet.ch\\\/wp-content\\\/uploads\\\/2025\\\/01\\\/Swiss-Crochet-Kirke-Overview.jpg\",\"width\":1000,\"height\":1000},{\"@type\":\"BreadcrumbList\",\"@id\":\"https:\\\/\\\/www.swisscrochet.ch\\\/produit\\\/swiss-crochet-kirke\\\/#breadcrumb\",\"itemListElement\":[{\"@type\":\"ListItem\",\"position\":1,\"name\":\"Home\",\"item\":\"https:\\\/\\\/www.swisscrochet.ch\\\/fr\\\/\"},{\"@type\":\"ListItem\",\"position\":2,\"name\":\"Boutique\",\"item\":\"https:\\\/\\\/www.swisscrochet.ch\\\/fr\\\/boutique\\\/\"},{\"@type\":\"ListItem\",\"position\":3,\"name\":\"Swiss Crochet &#8211; Kirke\"}]},{\"@type\":\"WebSite\",\"@id\":\"https:\\\/\\\/www.swisscrochet.ch\\\/#website\",\"url\":\"https:\\\/\\\/www.swisscrochet.ch\\\/\",\"name\":\"Swiss Crochet\",\"description\":\"Lib\u00e9rez votre potentiel cr\u00e9atif\",\"potentialAction\":[{\"@type\":\"SearchAction\",\"target\":{\"@type\":\"EntryPoint\",\"urlTemplate\":\"https:\\\/\\\/www.swisscrochet.ch\\\/?s={search_term_string}\"},\"query-input\":{\"@type\":\"PropertyValueSpecification\",\"valueRequired\":true,\"valueName\":\"search_term_string\"}}],\"inLanguage\":\"fr-FR\"}]}<\/script>\n<!-- \/ Yoast SEO plugin. -->","yoast_head_json":{"title":"Swiss Crochet - Kirke &#171; Swiss Crochet","description":"Kirke est un fil m\u00e9rinos superwash doux, r\u00e9sistant et polyvalent avec une torsion en Z \u2013 parfait pour les v\u00eatements, accessoires et projets de d\u00e9coration au crochet.","robots":{"index":"index","follow":"follow","max-snippet":"max-snippet:-1","max-image-preview":"max-image-preview:large","max-video-preview":"max-video-preview:-1"},"canonical":"https:\/\/www.swisscrochet.ch\/produit\/swiss-crochet-kirke\/","og_locale":"fr_FR","og_type":"article","og_title":"Swiss Crochet - Kirke &#171; Swiss Crochet","og_description":"Kirke est un fil m\u00e9rinos superwash doux, r\u00e9sistant et polyvalent avec une torsion en Z \u2013 parfait pour les v\u00eatements, accessoires et projets de d\u00e9coration au crochet.","og_url":"https:\/\/www.swisscrochet.ch\/produit\/swiss-crochet-kirke\/","og_site_name":"Swiss Crochet","article_modified_time":"2026-01-14T19:27:10+00:00","og_image":[{"width":1000,"height":1000,"url":"https:\/\/www.swisscrochet.ch\/wp-content\/uploads\/2025\/01\/Swiss-Crochet-Kirke-Overview.jpg","type":"image\/jpeg"}],"twitter_card":"summary_large_image","twitter_misc":{"Dur\u00e9e de lecture estim\u00e9e":"1 minute"},"schema":{"@context":"https:\/\/schema.org","@graph":[{"@type":["WebPage","ItemPage"],"@id":"https:\/\/www.swisscrochet.ch\/produit\/swiss-crochet-kirke\/","url":"https:\/\/www.swisscrochet.ch\/produit\/swiss-crochet-kirke\/","name":"Swiss Crochet - Kirke &#171; Swiss Crochet","isPartOf":{"@id":"https:\/\/www.swisscrochet.ch\/#website"},"primaryImageOfPage":{"@id":"https:\/\/www.swisscrochet.ch\/produit\/swiss-crochet-kirke\/#primaryimage"},"image":{"@id":"https:\/\/www.swisscrochet.ch\/produit\/swiss-crochet-kirke\/#primaryimage"},"thumbnailUrl":"https:\/\/www.swisscrochet.ch\/wp-content\/uploads\/2025\/01\/Swiss-Crochet-Kirke-Overview.jpg","datePublished":"2025-01-01T14:56:12+00:00","dateModified":"2026-01-14T19:27:10+00:00","description":"Kirke est un fil m\u00e9rinos superwash doux, r\u00e9sistant et polyvalent avec une torsion en Z \u2013 parfait pour les v\u00eatements, accessoires et projets de d\u00e9coration au crochet.","breadcrumb":{"@id":"https:\/\/www.swisscrochet.ch\/produit\/swiss-crochet-kirke\/#breadcrumb"},"inLanguage":"fr-FR","potentialAction":[{"@type":"ReadAction","target":["https:\/\/www.swisscrochet.ch\/produit\/swiss-crochet-kirke\/"]}]},{"@type":"ImageObject","inLanguage":"fr-FR","@id":"https:\/\/www.swisscrochet.ch\/produit\/swiss-crochet-kirke\/#primaryimage","url":"https:\/\/www.swisscrochet.ch\/wp-content\/uploads\/2025\/01\/Swiss-Crochet-Kirke-Overview.jpg","contentUrl":"https:\/\/www.swisscrochet.ch\/wp-content\/uploads\/2025\/01\/Swiss-Crochet-Kirke-Overview.jpg","width":1000,"height":1000},{"@type":"BreadcrumbList","@id":"https:\/\/www.swisscrochet.ch\/produit\/swiss-crochet-kirke\/#breadcrumb","itemListElement":[{"@type":"ListItem","position":1,"name":"Home","item":"https:\/\/www.swisscrochet.ch\/fr\/"},{"@type":"ListItem","position":2,"name":"Boutique","item":"https:\/\/www.swisscrochet.ch\/fr\/boutique\/"},{"@type":"ListItem","position":3,"name":"Swiss Crochet &#8211; Kirke"}]},{"@type":"WebSite","@id":"https:\/\/www.swisscrochet.ch\/#website","url":"https:\/\/www.swisscrochet.ch\/","name":"Swiss Crochet","description":"Lib\u00e9rez votre potentiel cr\u00e9atif","potentialAction":[{"@type":"SearchAction","target":{"@type":"EntryPoint","urlTemplate":"https:\/\/www.swisscrochet.ch\/?s={search_term_string}"},"query-input":{"@type":"PropertyValueSpecification","valueRequired":true,"valueName":"search_term_string"}}],"inLanguage":"fr-FR"}]}},"_links":{"self":[{"href":"https:\/\/www.swisscrochet.ch\/fr\/wp-json\/wp\/v2\/product\/2136","targetHints":{"allow":["GET"]}}],"collection":[{"href":"https:\/\/www.swisscrochet.ch\/fr\/wp-json\/wp\/v2\/product"}],"about":[{"href":"https:\/\/www.swisscrochet.ch\/fr\/wp-json\/wp\/v2\/types\/product"}],"wp:featuredmedia":[{"embeddable":true,"href":"https:\/\/www.swisscrochet.ch\/fr\/wp-json\/wp\/v2\/media\/1860"}],"wp:attachment":[{"href":"https:\/\/www.swisscrochet.ch\/fr\/wp-json\/wp\/v2\/media?parent=2136"}],"wp:term":[{"taxonomy":"product_brand","embeddable":true,"href":"https:\/\/www.swisscrochet.ch\/fr\/wp-json\/wp\/v2\/product_brand?post=2136"},{"taxonomy":"product_cat","embeddable":true,"href":"https:\/\/www.swisscrochet.ch\/fr\/wp-json\/wp\/v2\/product_cat?post=2136"},{"taxonomy":"product_tag","embeddable":true,"href":"https:\/\/www.swisscrochet.ch\/fr\/wp-json\/wp\/v2\/product_tag?post=2136"}],"curies":[{"name":"wp","href":"https:\/\/api.w.org\/{rel}","templated":true}]}}