{"id":22006,"date":"2026-02-03T20:40:56","date_gmt":"2026-02-03T19:40:56","guid":{"rendered":"https:\/\/www.swisscrochet.ch\/product\/nakyang-asa-taesa\/"},"modified":"2026-02-07T15:25:16","modified_gmt":"2026-02-07T14:25:16","slug":"nakyang-asa-taesa","status":"publish","type":"product","link":"https:\/\/www.swisscrochet.ch\/fr\/produit\/nakyang-asa-taesa\/","title":{"rendered":"Nakyang &#8211; Asa Taesa"},"content":{"rendered":"","protected":false},"excerpt":{"rendered":"<p>Asa Taesa est un fil lin-coton doux et l\u00e9ger, parfaitement adapt\u00e9 aux projets qui n\u00e9cessitent \u00e0 la fois du tomb\u00e9 et du confort. Sa construction c\u00e2bl\u00e9e (C\u00e2bl\u00e9) offre une excellente durabilit\u00e9, tandis que la torsion Z aide \u00e0 \u00e9viter que le fil ne se d\u00e9fasse ou ne se fende pendant le crochet, rendant le travail particuli\u00e8rement agr\u00e9able.<\/p>\n<p>Le processus de filature a lieu dans les propres installations de Nakyang \u00e0 Gyeongsan, en Cor\u00e9e du Sud, pr\u00e8s de Daegu, ancien centre textile du pays. Le processus de teinture est r\u00e9alis\u00e9 par des entreprises partenaires situ\u00e9es \u00e0 proximit\u00e9 imm\u00e9diate, toutes dans la r\u00e9gion de Gyeongsan et de Daegu.<\/p>\n<p>Le maintien d\u2019installations de filature et de teinture proches les unes des autres permet de r\u00e9duire les distances de transport entre les \u00e9tapes de production et soutient un processus de fabrication rationalis\u00e9 et localement concentr\u00e9.<\/p>\n<p>Asa Taesa est compos\u00e9 de 70 % de lin et de 30 % de coton, ce qui en fait un excellent choix pour des v\u00eatements d\u2019\u00e9t\u00e9 tels que des tops, des pulls et des cardigans, ainsi que pour des ch\u00e2les l\u00e9gers.<\/p>\n<p>L\u2019\u00e9chantillon de jauge illustr\u00e9 a \u00e9t\u00e9 lav\u00e9 en machine (programme normal \u00e0 40 \u00b0C) et repass\u00e9 \u00e0 la vapeur.<\/p>\n<p>Choisis Asa Taesa pour ton prochain projet par temps chaud et profite d\u2019un fil qui allie structure, confort et production r\u00e9fl\u00e9chie.<\/p>\n<p><strong>Disponible exclusivement chez Swiss Crochet.<\/strong><\/p>\n","protected":false},"featured_media":21659,"template":"","meta":[],"product_brand":[],"product_cat":[227,1887,1893],"product_tag":[],"class_list":{"0":"post-22006","1":"product","2":"type-product","3":"status-publish","4":"has-post-thumbnail","6":"product_cat-fils","7":"product_cat-fils-fils-basiques","8":"product_cat-fils-vetements","9":"pa_y1-brand-nakyang-fr","10":"pa_y17-yarn-weight-fingering-fr","11":"description-off","13":"first","14":"instock","15":"taxable","16":"shipping-taxable","17":"purchasable","18":"product-type-variable","19":"wvs-archive-product-wrapper"},"bundled_by":[],"bundle_stock_status":"instock","bundle_stock_quantity":null,"bundle_virtual":false,"bundle_layout":"","bundle_add_to_cart_form_location":"","bundle_editable_in_cart":false,"bundle_sold_individually_context":"","bundle_item_grouping":"","bundle_min_size":"","bundle_max_size":"","bundle_price":[],"bundled_items":[],"bundle_sell_ids":[],"yoast_head":"<!-- This site is optimized with the Yoast SEO plugin v27.5 - https:\/\/yoast.com\/product\/yoast-seo-wordpress\/ -->\n<title>Nakyang - Asa Taesa &#171; Swiss Crochet<\/title>\n<meta name=\"description\" content=\"Asa Taesa \u2013 Fil lin-coton l\u00e9ger avec construction C\u00e2bl\u00e9 et torsion Z pour une grande durabilit\u00e9 et un crochet fluide. Id\u00e9al pour les v\u00eatements d\u2019\u00e9t\u00e9 et les ch\u00e2les.\" \/>\n<meta name=\"robots\" content=\"index, follow, max-snippet:-1, max-image-preview:large, max-video-preview:-1\" \/>\n<link rel=\"canonical\" href=\"https:\/\/www.swisscrochet.ch\/fr\/produit\/nakyang-asa-taesa\/\" \/>\n<meta property=\"og:locale\" content=\"fr_FR\" \/>\n<meta property=\"og:type\" content=\"article\" \/>\n<meta property=\"og:title\" content=\"Nakyang - Asa Taesa &#171; Swiss Crochet\" \/>\n<meta property=\"og:description\" content=\"Asa Taesa \u2013 Fil lin-coton l\u00e9ger avec construction C\u00e2bl\u00e9 et torsion Z pour une grande durabilit\u00e9 et un crochet fluide. Id\u00e9al pour les v\u00eatements d\u2019\u00e9t\u00e9 et les ch\u00e2les.\" \/>\n<meta property=\"og:url\" content=\"https:\/\/www.swisscrochet.ch\/fr\/produit\/nakyang-asa-taesa\/\" \/>\n<meta property=\"og:site_name\" content=\"Swiss Crochet\" \/>\n<meta property=\"article:modified_time\" content=\"2026-02-07T14:25:16+00:00\" \/>\n<meta property=\"og:image\" content=\"https:\/\/www.swisscrochet.ch\/wp-content\/uploads\/2026\/02\/Nakyang-Asa-Taesa-Overview.jpg\" \/>\n\t<meta property=\"og:image:width\" content=\"1000\" \/>\n\t<meta property=\"og:image:height\" content=\"1000\" \/>\n\t<meta property=\"og:image:type\" content=\"image\/jpeg\" \/>\n<meta name=\"twitter:card\" content=\"summary_large_image\" \/>\n<meta name=\"twitter:label1\" content=\"Dur\u00e9e de lecture estim\u00e9e\" \/>\n\t<meta name=\"twitter:data1\" content=\"1 minute\" \/>\n<script type=\"application\/ld+json\" class=\"yoast-schema-graph\">{\"@context\":\"https:\\\/\\\/schema.org\",\"@graph\":[{\"@type\":[\"WebPage\",\"ItemPage\"],\"@id\":\"https:\\\/\\\/www.swisscrochet.ch\\\/fr\\\/produit\\\/nakyang-asa-taesa\\\/\",\"url\":\"https:\\\/\\\/www.swisscrochet.ch\\\/fr\\\/produit\\\/nakyang-asa-taesa\\\/\",\"name\":\"Nakyang - Asa Taesa &#171; Swiss Crochet\",\"isPartOf\":{\"@id\":\"https:\\\/\\\/www.swisscrochet.ch\\\/#website\"},\"primaryImageOfPage\":{\"@id\":\"https:\\\/\\\/www.swisscrochet.ch\\\/fr\\\/produit\\\/nakyang-asa-taesa\\\/#primaryimage\"},\"image\":{\"@id\":\"https:\\\/\\\/www.swisscrochet.ch\\\/fr\\\/produit\\\/nakyang-asa-taesa\\\/#primaryimage\"},\"thumbnailUrl\":\"https:\\\/\\\/www.swisscrochet.ch\\\/wp-content\\\/uploads\\\/2026\\\/02\\\/Nakyang-Asa-Taesa-Overview.jpg\",\"datePublished\":\"2026-02-03T19:40:56+00:00\",\"dateModified\":\"2026-02-07T14:25:16+00:00\",\"description\":\"Asa Taesa \u2013 Fil lin-coton l\u00e9ger avec construction C\u00e2bl\u00e9 et torsion Z pour une grande durabilit\u00e9 et un crochet fluide. Id\u00e9al pour les v\u00eatements d\u2019\u00e9t\u00e9 et les ch\u00e2les.\",\"breadcrumb\":{\"@id\":\"https:\\\/\\\/www.swisscrochet.ch\\\/fr\\\/produit\\\/nakyang-asa-taesa\\\/#breadcrumb\"},\"inLanguage\":\"fr-FR\",\"potentialAction\":[{\"@type\":\"ReadAction\",\"target\":[\"https:\\\/\\\/www.swisscrochet.ch\\\/fr\\\/produit\\\/nakyang-asa-taesa\\\/\"]}]},{\"@type\":\"ImageObject\",\"inLanguage\":\"fr-FR\",\"@id\":\"https:\\\/\\\/www.swisscrochet.ch\\\/fr\\\/produit\\\/nakyang-asa-taesa\\\/#primaryimage\",\"url\":\"https:\\\/\\\/www.swisscrochet.ch\\\/wp-content\\\/uploads\\\/2026\\\/02\\\/Nakyang-Asa-Taesa-Overview.jpg\",\"contentUrl\":\"https:\\\/\\\/www.swisscrochet.ch\\\/wp-content\\\/uploads\\\/2026\\\/02\\\/Nakyang-Asa-Taesa-Overview.jpg\",\"width\":1000,\"height\":1000},{\"@type\":\"BreadcrumbList\",\"@id\":\"https:\\\/\\\/www.swisscrochet.ch\\\/fr\\\/produit\\\/nakyang-asa-taesa\\\/#breadcrumb\",\"itemListElement\":[{\"@type\":\"ListItem\",\"position\":1,\"name\":\"Home\",\"item\":\"https:\\\/\\\/www.swisscrochet.ch\\\/fr\\\/\"},{\"@type\":\"ListItem\",\"position\":2,\"name\":\"Boutique\",\"item\":\"https:\\\/\\\/www.swisscrochet.ch\\\/fr\\\/boutique\\\/\"},{\"@type\":\"ListItem\",\"position\":3,\"name\":\"Nakyang &#8211; Asa Taesa\"}]},{\"@type\":\"WebSite\",\"@id\":\"https:\\\/\\\/www.swisscrochet.ch\\\/#website\",\"url\":\"https:\\\/\\\/www.swisscrochet.ch\\\/\",\"name\":\"Swiss Crochet\",\"description\":\"Lib\u00e9rez votre potentiel cr\u00e9atif\",\"potentialAction\":[{\"@type\":\"SearchAction\",\"target\":{\"@type\":\"EntryPoint\",\"urlTemplate\":\"https:\\\/\\\/www.swisscrochet.ch\\\/?s={search_term_string}\"},\"query-input\":{\"@type\":\"PropertyValueSpecification\",\"valueRequired\":true,\"valueName\":\"search_term_string\"}}],\"inLanguage\":\"fr-FR\"}]}<\/script>\n<!-- \/ Yoast SEO plugin. -->","yoast_head_json":{"title":"Nakyang - Asa Taesa &#171; Swiss Crochet","description":"Asa Taesa \u2013 Fil lin-coton l\u00e9ger avec construction C\u00e2bl\u00e9 et torsion Z pour une grande durabilit\u00e9 et un crochet fluide. Id\u00e9al pour les v\u00eatements d\u2019\u00e9t\u00e9 et les ch\u00e2les.","robots":{"index":"index","follow":"follow","max-snippet":"max-snippet:-1","max-image-preview":"max-image-preview:large","max-video-preview":"max-video-preview:-1"},"canonical":"https:\/\/www.swisscrochet.ch\/fr\/produit\/nakyang-asa-taesa\/","og_locale":"fr_FR","og_type":"article","og_title":"Nakyang - Asa Taesa &#171; Swiss Crochet","og_description":"Asa Taesa \u2013 Fil lin-coton l\u00e9ger avec construction C\u00e2bl\u00e9 et torsion Z pour une grande durabilit\u00e9 et un crochet fluide. Id\u00e9al pour les v\u00eatements d\u2019\u00e9t\u00e9 et les ch\u00e2les.","og_url":"https:\/\/www.swisscrochet.ch\/fr\/produit\/nakyang-asa-taesa\/","og_site_name":"Swiss Crochet","article_modified_time":"2026-02-07T14:25:16+00:00","og_image":[{"width":1000,"height":1000,"url":"https:\/\/www.swisscrochet.ch\/wp-content\/uploads\/2026\/02\/Nakyang-Asa-Taesa-Overview.jpg","type":"image\/jpeg"}],"twitter_card":"summary_large_image","twitter_misc":{"Dur\u00e9e de lecture estim\u00e9e":"1 minute"},"schema":{"@context":"https:\/\/schema.org","@graph":[{"@type":["WebPage","ItemPage"],"@id":"https:\/\/www.swisscrochet.ch\/fr\/produit\/nakyang-asa-taesa\/","url":"https:\/\/www.swisscrochet.ch\/fr\/produit\/nakyang-asa-taesa\/","name":"Nakyang - Asa Taesa &#171; Swiss Crochet","isPartOf":{"@id":"https:\/\/www.swisscrochet.ch\/#website"},"primaryImageOfPage":{"@id":"https:\/\/www.swisscrochet.ch\/fr\/produit\/nakyang-asa-taesa\/#primaryimage"},"image":{"@id":"https:\/\/www.swisscrochet.ch\/fr\/produit\/nakyang-asa-taesa\/#primaryimage"},"thumbnailUrl":"https:\/\/www.swisscrochet.ch\/wp-content\/uploads\/2026\/02\/Nakyang-Asa-Taesa-Overview.jpg","datePublished":"2026-02-03T19:40:56+00:00","dateModified":"2026-02-07T14:25:16+00:00","description":"Asa Taesa \u2013 Fil lin-coton l\u00e9ger avec construction C\u00e2bl\u00e9 et torsion Z pour une grande durabilit\u00e9 et un crochet fluide. Id\u00e9al pour les v\u00eatements d\u2019\u00e9t\u00e9 et les ch\u00e2les.","breadcrumb":{"@id":"https:\/\/www.swisscrochet.ch\/fr\/produit\/nakyang-asa-taesa\/#breadcrumb"},"inLanguage":"fr-FR","potentialAction":[{"@type":"ReadAction","target":["https:\/\/www.swisscrochet.ch\/fr\/produit\/nakyang-asa-taesa\/"]}]},{"@type":"ImageObject","inLanguage":"fr-FR","@id":"https:\/\/www.swisscrochet.ch\/fr\/produit\/nakyang-asa-taesa\/#primaryimage","url":"https:\/\/www.swisscrochet.ch\/wp-content\/uploads\/2026\/02\/Nakyang-Asa-Taesa-Overview.jpg","contentUrl":"https:\/\/www.swisscrochet.ch\/wp-content\/uploads\/2026\/02\/Nakyang-Asa-Taesa-Overview.jpg","width":1000,"height":1000},{"@type":"BreadcrumbList","@id":"https:\/\/www.swisscrochet.ch\/fr\/produit\/nakyang-asa-taesa\/#breadcrumb","itemListElement":[{"@type":"ListItem","position":1,"name":"Home","item":"https:\/\/www.swisscrochet.ch\/fr\/"},{"@type":"ListItem","position":2,"name":"Boutique","item":"https:\/\/www.swisscrochet.ch\/fr\/boutique\/"},{"@type":"ListItem","position":3,"name":"Nakyang &#8211; Asa Taesa"}]},{"@type":"WebSite","@id":"https:\/\/www.swisscrochet.ch\/#website","url":"https:\/\/www.swisscrochet.ch\/","name":"Swiss Crochet","description":"Lib\u00e9rez votre potentiel cr\u00e9atif","potentialAction":[{"@type":"SearchAction","target":{"@type":"EntryPoint","urlTemplate":"https:\/\/www.swisscrochet.ch\/?s={search_term_string}"},"query-input":{"@type":"PropertyValueSpecification","valueRequired":true,"valueName":"search_term_string"}}],"inLanguage":"fr-FR"}]}},"_links":{"self":[{"href":"https:\/\/www.swisscrochet.ch\/fr\/wp-json\/wp\/v2\/product\/22006","targetHints":{"allow":["GET"]}}],"collection":[{"href":"https:\/\/www.swisscrochet.ch\/fr\/wp-json\/wp\/v2\/product"}],"about":[{"href":"https:\/\/www.swisscrochet.ch\/fr\/wp-json\/wp\/v2\/types\/product"}],"wp:featuredmedia":[{"embeddable":true,"href":"https:\/\/www.swisscrochet.ch\/fr\/wp-json\/wp\/v2\/media\/21659"}],"wp:attachment":[{"href":"https:\/\/www.swisscrochet.ch\/fr\/wp-json\/wp\/v2\/media?parent=22006"}],"wp:term":[{"taxonomy":"product_brand","embeddable":true,"href":"https:\/\/www.swisscrochet.ch\/fr\/wp-json\/wp\/v2\/product_brand?post=22006"},{"taxonomy":"product_cat","embeddable":true,"href":"https:\/\/www.swisscrochet.ch\/fr\/wp-json\/wp\/v2\/product_cat?post=22006"},{"taxonomy":"product_tag","embeddable":true,"href":"https:\/\/www.swisscrochet.ch\/fr\/wp-json\/wp\/v2\/product_tag?post=22006"}],"curies":[{"name":"wp","href":"https:\/\/api.w.org\/{rel}","templated":true}]}}