{"id":22136,"date":"2026-02-03T23:00:09","date_gmt":"2026-02-03T22:00:09","guid":{"rendered":"https:\/\/www.swisscrochet.ch\/product\/nakyang-summer-raffia\/"},"modified":"2026-02-07T15:25:24","modified_gmt":"2026-02-07T14:25:24","slug":"nakyang-summer-raffia","status":"publish","type":"product","link":"https:\/\/www.swisscrochet.ch\/fr\/produit\/nakyang-summer-raffia\/","title":{"rendered":"Nakyang &#8211; Summer Raffia"},"content":{"rendered":"","protected":false},"excerpt":{"rendered":"<p>Summer Raffia est un fil de type raphia robuste et r\u00e9sistant, qui conserve tr\u00e8s bien sa structure et sa forme, m\u00eame apr\u00e8s le lavage.<\/p>\n<p>Le processus de filature a lieu dans les propres installations de Nakyang \u00e0 Gyeongsan, en Cor\u00e9e du Sud, pr\u00e8s de Daegu, ancien centre textile du pays. Le processus de teinture est r\u00e9alis\u00e9 par des entreprises partenaires situ\u00e9es \u00e0 proximit\u00e9 imm\u00e9diate, toutes dans la r\u00e9gion de Gyeongsan et de Daegu.<\/p>\n<p>Le fait de maintenir les installations de filature et de teinture proches les unes des autres permet de r\u00e9duire les distances de transport entre les \u00e9tapes de production et soutient un processus de fabrication rationalis\u00e9 et localement concentr\u00e9.<\/p>\n<p>Summer Raffia est compos\u00e9 \u00e0 100 % de polyester et r\u00e9siste \u00e0 la chaleur et \u00e0 la lumi\u00e8re, ce qui le rend particuli\u00e8rement adapt\u00e9 aux sacs et aux accessoires tels que les chapeaux.<\/p>\n<p>L\u2019\u00e9chantillon de jauge illustr\u00e9 a \u00e9t\u00e9 lav\u00e9 en machine (programme normal \u00e0 40 \u00b0C) et repass\u00e9 \u00e0 la vapeur.<\/p>\n<p>Choisis Summer Raffia pour des accessoires d\u2019\u00e9t\u00e9 structur\u00e9s et durables, qui conservent magnifiquement leur forme.<\/p>\n<p><strong>Disponible exclusivement chez Swiss Crochet.<\/strong><\/p>\n","protected":false},"featured_media":21387,"template":"","meta":[],"product_brand":[],"product_cat":[227,1882],"product_tag":[],"class_list":{"0":"post-22136","1":"product","2":"type-product","3":"status-publish","4":"has-post-thumbnail","6":"product_cat-fils","7":"product_cat-fils-sacs-et-decoration-interieure","8":"pa_y1-brand-nakyang-fr","9":"pa_y17-yarn-weight-dk-fr","10":"description-off","12":"first","13":"instock","14":"taxable","15":"shipping-taxable","16":"purchasable","17":"product-type-variable","18":"wvs-archive-product-wrapper"},"bundled_by":[],"bundle_stock_status":"instock","bundle_stock_quantity":null,"bundle_virtual":false,"bundle_layout":"","bundle_add_to_cart_form_location":"","bundle_editable_in_cart":false,"bundle_sold_individually_context":"","bundle_item_grouping":"","bundle_min_size":"","bundle_max_size":"","bundle_price":[],"bundled_items":[],"bundle_sell_ids":[],"yoast_head":"<!-- This site is optimized with the Yoast SEO plugin v27.5 - https:\/\/yoast.com\/product\/yoast-seo-wordpress\/ -->\n<title>Nakyang - Summer Raffia &#171; Swiss Crochet<\/title>\n<meta name=\"description\" content=\"Fil de type raphia r\u00e9sistant en 100 % polyester. Il conserve bien sa forme, r\u00e9siste \u00e0 la chaleur et \u00e0 la lumi\u00e8re, et est id\u00e9al pour les sacs et les accessoires d\u2019\u00e9t\u00e9.\" \/>\n<meta name=\"robots\" content=\"index, follow, max-snippet:-1, max-image-preview:large, max-video-preview:-1\" \/>\n<link rel=\"canonical\" href=\"https:\/\/www.swisscrochet.ch\/fr\/produit\/nakyang-summer-raffia\/\" \/>\n<meta property=\"og:locale\" content=\"fr_FR\" \/>\n<meta property=\"og:type\" content=\"article\" \/>\n<meta property=\"og:title\" content=\"Nakyang - Summer Raffia &#171; Swiss Crochet\" \/>\n<meta property=\"og:description\" content=\"Fil de type raphia r\u00e9sistant en 100 % polyester. Il conserve bien sa forme, r\u00e9siste \u00e0 la chaleur et \u00e0 la lumi\u00e8re, et est id\u00e9al pour les sacs et les accessoires d\u2019\u00e9t\u00e9.\" \/>\n<meta property=\"og:url\" content=\"https:\/\/www.swisscrochet.ch\/fr\/produit\/nakyang-summer-raffia\/\" \/>\n<meta property=\"og:site_name\" content=\"Swiss Crochet\" \/>\n<meta property=\"article:modified_time\" content=\"2026-02-07T14:25:24+00:00\" \/>\n<meta property=\"og:image\" content=\"https:\/\/www.swisscrochet.ch\/wp-content\/uploads\/2026\/02\/Nakyang-Summer-Raffia-Overview.jpg\" \/>\n\t<meta property=\"og:image:width\" content=\"1000\" \/>\n\t<meta property=\"og:image:height\" content=\"1000\" \/>\n\t<meta property=\"og:image:type\" content=\"image\/jpeg\" \/>\n<meta name=\"twitter:card\" content=\"summary_large_image\" \/>\n<meta name=\"twitter:label1\" content=\"Dur\u00e9e de lecture estim\u00e9e\" \/>\n\t<meta name=\"twitter:data1\" content=\"1 minute\" \/>\n<script type=\"application\/ld+json\" class=\"yoast-schema-graph\">{\"@context\":\"https:\\\/\\\/schema.org\",\"@graph\":[{\"@type\":[\"WebPage\",\"ItemPage\"],\"@id\":\"https:\\\/\\\/www.swisscrochet.ch\\\/fr\\\/produit\\\/nakyang-summer-raffia\\\/\",\"url\":\"https:\\\/\\\/www.swisscrochet.ch\\\/fr\\\/produit\\\/nakyang-summer-raffia\\\/\",\"name\":\"Nakyang - Summer Raffia &#171; Swiss Crochet\",\"isPartOf\":{\"@id\":\"https:\\\/\\\/www.swisscrochet.ch\\\/#website\"},\"primaryImageOfPage\":{\"@id\":\"https:\\\/\\\/www.swisscrochet.ch\\\/fr\\\/produit\\\/nakyang-summer-raffia\\\/#primaryimage\"},\"image\":{\"@id\":\"https:\\\/\\\/www.swisscrochet.ch\\\/fr\\\/produit\\\/nakyang-summer-raffia\\\/#primaryimage\"},\"thumbnailUrl\":\"https:\\\/\\\/www.swisscrochet.ch\\\/wp-content\\\/uploads\\\/2026\\\/02\\\/Nakyang-Summer-Raffia-Overview.jpg\",\"datePublished\":\"2026-02-03T22:00:09+00:00\",\"dateModified\":\"2026-02-07T14:25:24+00:00\",\"description\":\"Fil de type raphia r\u00e9sistant en 100 % polyester. Il conserve bien sa forme, r\u00e9siste \u00e0 la chaleur et \u00e0 la lumi\u00e8re, et est id\u00e9al pour les sacs et les accessoires d\u2019\u00e9t\u00e9.\",\"breadcrumb\":{\"@id\":\"https:\\\/\\\/www.swisscrochet.ch\\\/fr\\\/produit\\\/nakyang-summer-raffia\\\/#breadcrumb\"},\"inLanguage\":\"fr-FR\",\"potentialAction\":[{\"@type\":\"ReadAction\",\"target\":[\"https:\\\/\\\/www.swisscrochet.ch\\\/fr\\\/produit\\\/nakyang-summer-raffia\\\/\"]}]},{\"@type\":\"ImageObject\",\"inLanguage\":\"fr-FR\",\"@id\":\"https:\\\/\\\/www.swisscrochet.ch\\\/fr\\\/produit\\\/nakyang-summer-raffia\\\/#primaryimage\",\"url\":\"https:\\\/\\\/www.swisscrochet.ch\\\/wp-content\\\/uploads\\\/2026\\\/02\\\/Nakyang-Summer-Raffia-Overview.jpg\",\"contentUrl\":\"https:\\\/\\\/www.swisscrochet.ch\\\/wp-content\\\/uploads\\\/2026\\\/02\\\/Nakyang-Summer-Raffia-Overview.jpg\",\"width\":1000,\"height\":1000},{\"@type\":\"BreadcrumbList\",\"@id\":\"https:\\\/\\\/www.swisscrochet.ch\\\/fr\\\/produit\\\/nakyang-summer-raffia\\\/#breadcrumb\",\"itemListElement\":[{\"@type\":\"ListItem\",\"position\":1,\"name\":\"Home\",\"item\":\"https:\\\/\\\/www.swisscrochet.ch\\\/fr\\\/\"},{\"@type\":\"ListItem\",\"position\":2,\"name\":\"Boutique\",\"item\":\"https:\\\/\\\/www.swisscrochet.ch\\\/fr\\\/boutique\\\/\"},{\"@type\":\"ListItem\",\"position\":3,\"name\":\"Nakyang &#8211; Summer Raffia\"}]},{\"@type\":\"WebSite\",\"@id\":\"https:\\\/\\\/www.swisscrochet.ch\\\/#website\",\"url\":\"https:\\\/\\\/www.swisscrochet.ch\\\/\",\"name\":\"Swiss Crochet\",\"description\":\"Lib\u00e9rez votre potentiel cr\u00e9atif\",\"potentialAction\":[{\"@type\":\"SearchAction\",\"target\":{\"@type\":\"EntryPoint\",\"urlTemplate\":\"https:\\\/\\\/www.swisscrochet.ch\\\/?s={search_term_string}\"},\"query-input\":{\"@type\":\"PropertyValueSpecification\",\"valueRequired\":true,\"valueName\":\"search_term_string\"}}],\"inLanguage\":\"fr-FR\"}]}<\/script>\n<!-- \/ Yoast SEO plugin. -->","yoast_head_json":{"title":"Nakyang - Summer Raffia &#171; Swiss Crochet","description":"Fil de type raphia r\u00e9sistant en 100 % polyester. Il conserve bien sa forme, r\u00e9siste \u00e0 la chaleur et \u00e0 la lumi\u00e8re, et est id\u00e9al pour les sacs et les accessoires d\u2019\u00e9t\u00e9.","robots":{"index":"index","follow":"follow","max-snippet":"max-snippet:-1","max-image-preview":"max-image-preview:large","max-video-preview":"max-video-preview:-1"},"canonical":"https:\/\/www.swisscrochet.ch\/fr\/produit\/nakyang-summer-raffia\/","og_locale":"fr_FR","og_type":"article","og_title":"Nakyang - Summer Raffia &#171; Swiss Crochet","og_description":"Fil de type raphia r\u00e9sistant en 100 % polyester. Il conserve bien sa forme, r\u00e9siste \u00e0 la chaleur et \u00e0 la lumi\u00e8re, et est id\u00e9al pour les sacs et les accessoires d\u2019\u00e9t\u00e9.","og_url":"https:\/\/www.swisscrochet.ch\/fr\/produit\/nakyang-summer-raffia\/","og_site_name":"Swiss Crochet","article_modified_time":"2026-02-07T14:25:24+00:00","og_image":[{"width":1000,"height":1000,"url":"https:\/\/www.swisscrochet.ch\/wp-content\/uploads\/2026\/02\/Nakyang-Summer-Raffia-Overview.jpg","type":"image\/jpeg"}],"twitter_card":"summary_large_image","twitter_misc":{"Dur\u00e9e de lecture estim\u00e9e":"1 minute"},"schema":{"@context":"https:\/\/schema.org","@graph":[{"@type":["WebPage","ItemPage"],"@id":"https:\/\/www.swisscrochet.ch\/fr\/produit\/nakyang-summer-raffia\/","url":"https:\/\/www.swisscrochet.ch\/fr\/produit\/nakyang-summer-raffia\/","name":"Nakyang - Summer Raffia &#171; Swiss Crochet","isPartOf":{"@id":"https:\/\/www.swisscrochet.ch\/#website"},"primaryImageOfPage":{"@id":"https:\/\/www.swisscrochet.ch\/fr\/produit\/nakyang-summer-raffia\/#primaryimage"},"image":{"@id":"https:\/\/www.swisscrochet.ch\/fr\/produit\/nakyang-summer-raffia\/#primaryimage"},"thumbnailUrl":"https:\/\/www.swisscrochet.ch\/wp-content\/uploads\/2026\/02\/Nakyang-Summer-Raffia-Overview.jpg","datePublished":"2026-02-03T22:00:09+00:00","dateModified":"2026-02-07T14:25:24+00:00","description":"Fil de type raphia r\u00e9sistant en 100 % polyester. Il conserve bien sa forme, r\u00e9siste \u00e0 la chaleur et \u00e0 la lumi\u00e8re, et est id\u00e9al pour les sacs et les accessoires d\u2019\u00e9t\u00e9.","breadcrumb":{"@id":"https:\/\/www.swisscrochet.ch\/fr\/produit\/nakyang-summer-raffia\/#breadcrumb"},"inLanguage":"fr-FR","potentialAction":[{"@type":"ReadAction","target":["https:\/\/www.swisscrochet.ch\/fr\/produit\/nakyang-summer-raffia\/"]}]},{"@type":"ImageObject","inLanguage":"fr-FR","@id":"https:\/\/www.swisscrochet.ch\/fr\/produit\/nakyang-summer-raffia\/#primaryimage","url":"https:\/\/www.swisscrochet.ch\/wp-content\/uploads\/2026\/02\/Nakyang-Summer-Raffia-Overview.jpg","contentUrl":"https:\/\/www.swisscrochet.ch\/wp-content\/uploads\/2026\/02\/Nakyang-Summer-Raffia-Overview.jpg","width":1000,"height":1000},{"@type":"BreadcrumbList","@id":"https:\/\/www.swisscrochet.ch\/fr\/produit\/nakyang-summer-raffia\/#breadcrumb","itemListElement":[{"@type":"ListItem","position":1,"name":"Home","item":"https:\/\/www.swisscrochet.ch\/fr\/"},{"@type":"ListItem","position":2,"name":"Boutique","item":"https:\/\/www.swisscrochet.ch\/fr\/boutique\/"},{"@type":"ListItem","position":3,"name":"Nakyang &#8211; Summer Raffia"}]},{"@type":"WebSite","@id":"https:\/\/www.swisscrochet.ch\/#website","url":"https:\/\/www.swisscrochet.ch\/","name":"Swiss Crochet","description":"Lib\u00e9rez votre potentiel cr\u00e9atif","potentialAction":[{"@type":"SearchAction","target":{"@type":"EntryPoint","urlTemplate":"https:\/\/www.swisscrochet.ch\/?s={search_term_string}"},"query-input":{"@type":"PropertyValueSpecification","valueRequired":true,"valueName":"search_term_string"}}],"inLanguage":"fr-FR"}]}},"_links":{"self":[{"href":"https:\/\/www.swisscrochet.ch\/fr\/wp-json\/wp\/v2\/product\/22136","targetHints":{"allow":["GET"]}}],"collection":[{"href":"https:\/\/www.swisscrochet.ch\/fr\/wp-json\/wp\/v2\/product"}],"about":[{"href":"https:\/\/www.swisscrochet.ch\/fr\/wp-json\/wp\/v2\/types\/product"}],"wp:featuredmedia":[{"embeddable":true,"href":"https:\/\/www.swisscrochet.ch\/fr\/wp-json\/wp\/v2\/media\/21387"}],"wp:attachment":[{"href":"https:\/\/www.swisscrochet.ch\/fr\/wp-json\/wp\/v2\/media?parent=22136"}],"wp:term":[{"taxonomy":"product_brand","embeddable":true,"href":"https:\/\/www.swisscrochet.ch\/fr\/wp-json\/wp\/v2\/product_brand?post=22136"},{"taxonomy":"product_cat","embeddable":true,"href":"https:\/\/www.swisscrochet.ch\/fr\/wp-json\/wp\/v2\/product_cat?post=22136"},{"taxonomy":"product_tag","embeddable":true,"href":"https:\/\/www.swisscrochet.ch\/fr\/wp-json\/wp\/v2\/product_tag?post=22136"}],"curies":[{"name":"wp","href":"https:\/\/api.w.org\/{rel}","templated":true}]}}