{"id":22275,"date":"2026-02-04T14:30:49","date_gmt":"2026-02-04T13:30:49","guid":{"rendered":"https:\/\/www.swisscrochet.ch\/product\/nakyang-slow-step\/"},"modified":"2026-02-07T15:25:33","modified_gmt":"2026-02-07T14:25:33","slug":"nakyang-slow-step","status":"publish","type":"product","link":"https:\/\/www.swisscrochet.ch\/fr\/produit\/nakyang-slow-step\/","title":{"rendered":"Nakyang &#8211; Slow Step"},"content":{"rendered":"","protected":false},"excerpt":{"rendered":"<p>Slow Step est un fil \u00e0 chaussettes fingering doux, adapt\u00e9 \u00e0 une grande vari\u00e9t\u00e9 de projets. Il pr\u00e9sente une construction classique de fil \u00e0 chaussettes \u00e0 quatre brins avec une torsion S, offrant une torsion suffisante pour un crochet fluide et sans effort, ainsi qu\u2019une exp\u00e9rience de travail agr\u00e9able.<\/p>\n<p>Le processus de filature a lieu dans les propres installations de Nakyang \u00e0 Gyeongsan, en Cor\u00e9e du Sud, pr\u00e8s de Daegu, ancien centre textile du pays. Le processus de teinture est r\u00e9alis\u00e9 par des entreprises partenaires situ\u00e9es \u00e0 proximit\u00e9 imm\u00e9diate, toutes dans la r\u00e9gion de Gyeongsan et de Daegu.<\/p>\n<p>Le maintien d\u2019installations de filature et de teinture proches les unes des autres permet de r\u00e9duire les distances de transport entre les \u00e9tapes de production et soutient un processus de fabrication rationalis\u00e9 et localement concentr\u00e9.<\/p>\n<p>Slow Step est compos\u00e9 de 75 % de laine m\u00e9rinos et de 25 % de nylon, ce qui en fait un excellent choix pour les v\u00eatements et accessoires portables par temps froid n\u00e9cessitant une durabilit\u00e9 accrue, tels que les chaussettes, les moufles et les gants.<\/p>\n<p>L\u2019\u00e9chantillon de jauge illustr\u00e9 a \u00e9t\u00e9 lav\u00e9 en machine (programme laine \u00e0 30 \u00b0C) et repass\u00e9 \u00e0 la vapeur.<\/p>\n<p>Disponible en 23 couleurs \u2014 choisis ta teinte pr\u00e9f\u00e9r\u00e9e et commence ton prochain projet durable et confortable avec Slow Step.<\/p>\n<p><strong>Disponible exclusivement chez Swiss Crochet.<\/strong><\/p>\n","protected":false},"featured_media":21223,"template":"","meta":[],"product_brand":[],"product_cat":[1890,1885,227,1887,1893],"product_tag":[],"class_list":{"0":"post-22275","1":"product","2":"type-product","3":"status-publish","4":"has-post-thumbnail","6":"product_cat-fil-chaussettes","7":"product_cat-fils-couvertures","8":"product_cat-fils","9":"product_cat-fils-fils-basiques","10":"product_cat-fils-vetements","11":"pa_y1-brand-nakyang-fr","12":"pa_y17-yarn-weight-fingering-fr","13":"description-off","15":"first","16":"instock","17":"taxable","18":"shipping-taxable","19":"purchasable","20":"product-type-variable","21":"wvs-archive-product-wrapper"},"bundled_by":[],"bundle_stock_status":"instock","bundle_stock_quantity":null,"bundle_virtual":false,"bundle_layout":"","bundle_add_to_cart_form_location":"","bundle_editable_in_cart":false,"bundle_sold_individually_context":"","bundle_item_grouping":"","bundle_min_size":"","bundle_max_size":"","bundle_price":[],"bundled_items":[],"bundle_sell_ids":[],"yoast_head":"<!-- This site is optimized with the Yoast SEO plugin v27.5 - https:\/\/yoast.com\/product\/yoast-seo-wordpress\/ -->\n<title>Nakyang - Slow Step &#171; Swiss Crochet<\/title>\n<meta name=\"description\" content=\"Slow Step \u2013 Fil \u00e0 chaussettes fingering doux en m\u00e9rinos et nylon. R\u00e9sistant, fluide au crochet et id\u00e9al pour les chaussettes, moufles et accessoires pour temps froid.\" \/>\n<meta name=\"robots\" content=\"index, follow, max-snippet:-1, max-image-preview:large, max-video-preview:-1\" \/>\n<link rel=\"canonical\" href=\"https:\/\/www.swisscrochet.ch\/fr\/produit\/nakyang-slow-step\/\" \/>\n<meta property=\"og:locale\" content=\"fr_FR\" \/>\n<meta property=\"og:type\" content=\"article\" \/>\n<meta property=\"og:title\" content=\"Nakyang - Slow Step &#171; Swiss Crochet\" \/>\n<meta property=\"og:description\" content=\"Slow Step \u2013 Fil \u00e0 chaussettes fingering doux en m\u00e9rinos et nylon. R\u00e9sistant, fluide au crochet et id\u00e9al pour les chaussettes, moufles et accessoires pour temps froid.\" \/>\n<meta property=\"og:url\" content=\"https:\/\/www.swisscrochet.ch\/fr\/produit\/nakyang-slow-step\/\" \/>\n<meta property=\"og:site_name\" content=\"Swiss Crochet\" \/>\n<meta property=\"article:modified_time\" content=\"2026-02-07T14:25:33+00:00\" \/>\n<meta property=\"og:image\" content=\"https:\/\/www.swisscrochet.ch\/wp-content\/uploads\/2026\/02\/Nakyang-Slow-Step-Overview.jpg\" \/>\n\t<meta property=\"og:image:width\" content=\"1000\" \/>\n\t<meta property=\"og:image:height\" content=\"1000\" \/>\n\t<meta property=\"og:image:type\" content=\"image\/jpeg\" \/>\n<meta name=\"twitter:card\" content=\"summary_large_image\" \/>\n<meta name=\"twitter:label1\" content=\"Dur\u00e9e de lecture estim\u00e9e\" \/>\n\t<meta name=\"twitter:data1\" content=\"1 minute\" \/>\n<script type=\"application\/ld+json\" class=\"yoast-schema-graph\">{\"@context\":\"https:\\\/\\\/schema.org\",\"@graph\":[{\"@type\":[\"WebPage\",\"ItemPage\"],\"@id\":\"https:\\\/\\\/www.swisscrochet.ch\\\/fr\\\/produit\\\/nakyang-slow-step\\\/\",\"url\":\"https:\\\/\\\/www.swisscrochet.ch\\\/fr\\\/produit\\\/nakyang-slow-step\\\/\",\"name\":\"Nakyang - Slow Step &#171; Swiss Crochet\",\"isPartOf\":{\"@id\":\"https:\\\/\\\/www.swisscrochet.ch\\\/#website\"},\"primaryImageOfPage\":{\"@id\":\"https:\\\/\\\/www.swisscrochet.ch\\\/fr\\\/produit\\\/nakyang-slow-step\\\/#primaryimage\"},\"image\":{\"@id\":\"https:\\\/\\\/www.swisscrochet.ch\\\/fr\\\/produit\\\/nakyang-slow-step\\\/#primaryimage\"},\"thumbnailUrl\":\"https:\\\/\\\/www.swisscrochet.ch\\\/wp-content\\\/uploads\\\/2026\\\/02\\\/Nakyang-Slow-Step-Overview.jpg\",\"datePublished\":\"2026-02-04T13:30:49+00:00\",\"dateModified\":\"2026-02-07T14:25:33+00:00\",\"description\":\"Slow Step \u2013 Fil \u00e0 chaussettes fingering doux en m\u00e9rinos et nylon. R\u00e9sistant, fluide au crochet et id\u00e9al pour les chaussettes, moufles et accessoires pour temps froid.\",\"breadcrumb\":{\"@id\":\"https:\\\/\\\/www.swisscrochet.ch\\\/fr\\\/produit\\\/nakyang-slow-step\\\/#breadcrumb\"},\"inLanguage\":\"fr-FR\",\"potentialAction\":[{\"@type\":\"ReadAction\",\"target\":[\"https:\\\/\\\/www.swisscrochet.ch\\\/fr\\\/produit\\\/nakyang-slow-step\\\/\"]}]},{\"@type\":\"ImageObject\",\"inLanguage\":\"fr-FR\",\"@id\":\"https:\\\/\\\/www.swisscrochet.ch\\\/fr\\\/produit\\\/nakyang-slow-step\\\/#primaryimage\",\"url\":\"https:\\\/\\\/www.swisscrochet.ch\\\/wp-content\\\/uploads\\\/2026\\\/02\\\/Nakyang-Slow-Step-Overview.jpg\",\"contentUrl\":\"https:\\\/\\\/www.swisscrochet.ch\\\/wp-content\\\/uploads\\\/2026\\\/02\\\/Nakyang-Slow-Step-Overview.jpg\",\"width\":1000,\"height\":1000},{\"@type\":\"BreadcrumbList\",\"@id\":\"https:\\\/\\\/www.swisscrochet.ch\\\/fr\\\/produit\\\/nakyang-slow-step\\\/#breadcrumb\",\"itemListElement\":[{\"@type\":\"ListItem\",\"position\":1,\"name\":\"Home\",\"item\":\"https:\\\/\\\/www.swisscrochet.ch\\\/fr\\\/\"},{\"@type\":\"ListItem\",\"position\":2,\"name\":\"Boutique\",\"item\":\"https:\\\/\\\/www.swisscrochet.ch\\\/fr\\\/boutique\\\/\"},{\"@type\":\"ListItem\",\"position\":3,\"name\":\"Nakyang &#8211; Slow Step\"}]},{\"@type\":\"WebSite\",\"@id\":\"https:\\\/\\\/www.swisscrochet.ch\\\/#website\",\"url\":\"https:\\\/\\\/www.swisscrochet.ch\\\/\",\"name\":\"Swiss Crochet\",\"description\":\"Lib\u00e9rez votre potentiel cr\u00e9atif\",\"potentialAction\":[{\"@type\":\"SearchAction\",\"target\":{\"@type\":\"EntryPoint\",\"urlTemplate\":\"https:\\\/\\\/www.swisscrochet.ch\\\/?s={search_term_string}\"},\"query-input\":{\"@type\":\"PropertyValueSpecification\",\"valueRequired\":true,\"valueName\":\"search_term_string\"}}],\"inLanguage\":\"fr-FR\"}]}<\/script>\n<!-- \/ Yoast SEO plugin. -->","yoast_head_json":{"title":"Nakyang - Slow Step &#171; Swiss Crochet","description":"Slow Step \u2013 Fil \u00e0 chaussettes fingering doux en m\u00e9rinos et nylon. R\u00e9sistant, fluide au crochet et id\u00e9al pour les chaussettes, moufles et accessoires pour temps froid.","robots":{"index":"index","follow":"follow","max-snippet":"max-snippet:-1","max-image-preview":"max-image-preview:large","max-video-preview":"max-video-preview:-1"},"canonical":"https:\/\/www.swisscrochet.ch\/fr\/produit\/nakyang-slow-step\/","og_locale":"fr_FR","og_type":"article","og_title":"Nakyang - Slow Step &#171; Swiss Crochet","og_description":"Slow Step \u2013 Fil \u00e0 chaussettes fingering doux en m\u00e9rinos et nylon. R\u00e9sistant, fluide au crochet et id\u00e9al pour les chaussettes, moufles et accessoires pour temps froid.","og_url":"https:\/\/www.swisscrochet.ch\/fr\/produit\/nakyang-slow-step\/","og_site_name":"Swiss Crochet","article_modified_time":"2026-02-07T14:25:33+00:00","og_image":[{"width":1000,"height":1000,"url":"https:\/\/www.swisscrochet.ch\/wp-content\/uploads\/2026\/02\/Nakyang-Slow-Step-Overview.jpg","type":"image\/jpeg"}],"twitter_card":"summary_large_image","twitter_misc":{"Dur\u00e9e de lecture estim\u00e9e":"1 minute"},"schema":{"@context":"https:\/\/schema.org","@graph":[{"@type":["WebPage","ItemPage"],"@id":"https:\/\/www.swisscrochet.ch\/fr\/produit\/nakyang-slow-step\/","url":"https:\/\/www.swisscrochet.ch\/fr\/produit\/nakyang-slow-step\/","name":"Nakyang - Slow Step &#171; Swiss Crochet","isPartOf":{"@id":"https:\/\/www.swisscrochet.ch\/#website"},"primaryImageOfPage":{"@id":"https:\/\/www.swisscrochet.ch\/fr\/produit\/nakyang-slow-step\/#primaryimage"},"image":{"@id":"https:\/\/www.swisscrochet.ch\/fr\/produit\/nakyang-slow-step\/#primaryimage"},"thumbnailUrl":"https:\/\/www.swisscrochet.ch\/wp-content\/uploads\/2026\/02\/Nakyang-Slow-Step-Overview.jpg","datePublished":"2026-02-04T13:30:49+00:00","dateModified":"2026-02-07T14:25:33+00:00","description":"Slow Step \u2013 Fil \u00e0 chaussettes fingering doux en m\u00e9rinos et nylon. R\u00e9sistant, fluide au crochet et id\u00e9al pour les chaussettes, moufles et accessoires pour temps froid.","breadcrumb":{"@id":"https:\/\/www.swisscrochet.ch\/fr\/produit\/nakyang-slow-step\/#breadcrumb"},"inLanguage":"fr-FR","potentialAction":[{"@type":"ReadAction","target":["https:\/\/www.swisscrochet.ch\/fr\/produit\/nakyang-slow-step\/"]}]},{"@type":"ImageObject","inLanguage":"fr-FR","@id":"https:\/\/www.swisscrochet.ch\/fr\/produit\/nakyang-slow-step\/#primaryimage","url":"https:\/\/www.swisscrochet.ch\/wp-content\/uploads\/2026\/02\/Nakyang-Slow-Step-Overview.jpg","contentUrl":"https:\/\/www.swisscrochet.ch\/wp-content\/uploads\/2026\/02\/Nakyang-Slow-Step-Overview.jpg","width":1000,"height":1000},{"@type":"BreadcrumbList","@id":"https:\/\/www.swisscrochet.ch\/fr\/produit\/nakyang-slow-step\/#breadcrumb","itemListElement":[{"@type":"ListItem","position":1,"name":"Home","item":"https:\/\/www.swisscrochet.ch\/fr\/"},{"@type":"ListItem","position":2,"name":"Boutique","item":"https:\/\/www.swisscrochet.ch\/fr\/boutique\/"},{"@type":"ListItem","position":3,"name":"Nakyang &#8211; Slow Step"}]},{"@type":"WebSite","@id":"https:\/\/www.swisscrochet.ch\/#website","url":"https:\/\/www.swisscrochet.ch\/","name":"Swiss Crochet","description":"Lib\u00e9rez votre potentiel cr\u00e9atif","potentialAction":[{"@type":"SearchAction","target":{"@type":"EntryPoint","urlTemplate":"https:\/\/www.swisscrochet.ch\/?s={search_term_string}"},"query-input":{"@type":"PropertyValueSpecification","valueRequired":true,"valueName":"search_term_string"}}],"inLanguage":"fr-FR"}]}},"_links":{"self":[{"href":"https:\/\/www.swisscrochet.ch\/fr\/wp-json\/wp\/v2\/product\/22275","targetHints":{"allow":["GET"]}}],"collection":[{"href":"https:\/\/www.swisscrochet.ch\/fr\/wp-json\/wp\/v2\/product"}],"about":[{"href":"https:\/\/www.swisscrochet.ch\/fr\/wp-json\/wp\/v2\/types\/product"}],"wp:featuredmedia":[{"embeddable":true,"href":"https:\/\/www.swisscrochet.ch\/fr\/wp-json\/wp\/v2\/media\/21223"}],"wp:attachment":[{"href":"https:\/\/www.swisscrochet.ch\/fr\/wp-json\/wp\/v2\/media?parent=22275"}],"wp:term":[{"taxonomy":"product_brand","embeddable":true,"href":"https:\/\/www.swisscrochet.ch\/fr\/wp-json\/wp\/v2\/product_brand?post=22275"},{"taxonomy":"product_cat","embeddable":true,"href":"https:\/\/www.swisscrochet.ch\/fr\/wp-json\/wp\/v2\/product_cat?post=22275"},{"taxonomy":"product_tag","embeddable":true,"href":"https:\/\/www.swisscrochet.ch\/fr\/wp-json\/wp\/v2\/product_tag?post=22275"}],"curies":[{"name":"wp","href":"https:\/\/api.w.org\/{rel}","templated":true}]}}