{"id":22400,"date":"2026-02-04T15:00:04","date_gmt":"2026-02-04T14:00:04","guid":{"rendered":"https:\/\/www.swisscrochet.ch\/product\/nakyang-im-wool-4\/"},"modified":"2026-02-07T15:25:39","modified_gmt":"2026-02-07T14:25:39","slug":"nakyang-im-wool-4","status":"publish","type":"product","link":"https:\/\/www.swisscrochet.ch\/fr\/produit\/nakyang-im-wool-4\/","title":{"rendered":"Nakyang &#8211; I&rsquo;m Wool 4"},"content":{"rendered":"","protected":false},"excerpt":{"rendered":"<p>I\u2019m Wool 4 est un fil DK doux, adapt\u00e9 \u00e0 une grande vari\u00e9t\u00e9 de projets. Il s\u2019agit d\u2019un fil classique \u00e0 4 brins avec une torsion S, offrant une torsion suffisante pour un crochet fluide et sans effort, ainsi qu\u2019une exp\u00e9rience de travail agr\u00e9able.<\/p>\n<p>Le processus de filature a lieu dans les propres installations de Nakyang \u00e0 Gyeongsan, en Cor\u00e9e du Sud, pr\u00e8s de Daegu, ancien centre textile du pays. Le processus de teinture est r\u00e9alis\u00e9 par des entreprises partenaires situ\u00e9es \u00e0 proximit\u00e9 imm\u00e9diate, toutes dans la r\u00e9gion de Gyeongsan et de Daegu.<\/p>\n<p>Le maintien d\u2019installations de filature et de teinture proches les unes des autres permet de r\u00e9duire les distances de transport entre les \u00e9tapes de production et soutient un processus de fabrication rationalis\u00e9 et localement concentr\u00e9.<\/p>\n<p>I\u2019m Wool 4 est compos\u00e9 de 100 % de laine m\u00e9rinos, ce qui en fait un excellent choix pour les v\u00eatements par temps froid tels que les gilets, pulls et cardigans, ainsi que pour des accessoires comme les bonnets et les \u00e9charpes.<\/p>\n<p>L\u2019\u00e9chantillon de jauge illustr\u00e9 a \u00e9t\u00e9 lav\u00e9 en machine (programme laine \u00e0 30 \u00b0C) et repass\u00e9 \u00e0 la vapeur.<\/p>\n<p>Disponible en 24 couleurs \u2014 choisis ta teinte pr\u00e9f\u00e9r\u00e9e et commence ton prochain projet chaud et confortable avec I\u2019m Wool 4 !<\/p>\n<p><strong>Disponible exclusivement chez Swiss Crochet.<\/strong><\/p>\n","protected":false},"featured_media":21123,"template":"","meta":[],"product_brand":[],"product_cat":[227,1893],"product_tag":[],"class_list":{"0":"post-22400","1":"product","2":"type-product","3":"status-publish","4":"has-post-thumbnail","6":"product_cat-fils","7":"product_cat-fils-vetements","8":"pa_y1-brand-nakyang-fr","9":"pa_y17-yarn-weight-dk-fr","10":"description-off","12":"first","13":"instock","14":"taxable","15":"shipping-taxable","16":"purchasable","17":"product-type-variable","18":"wvs-archive-product-wrapper"},"bundled_by":[],"bundle_stock_status":"instock","bundle_stock_quantity":null,"bundle_virtual":false,"bundle_layout":"","bundle_add_to_cart_form_location":"","bundle_editable_in_cart":false,"bundle_sold_individually_context":"","bundle_item_grouping":"","bundle_min_size":"","bundle_max_size":"","bundle_price":[],"bundled_items":[],"bundle_sell_ids":[],"yoast_head":"<!-- This site is optimized with the Yoast SEO plugin v27.5 - https:\/\/yoast.com\/product\/yoast-seo-wordpress\/ -->\n<title>Nakyang - I&#039;m Wool 4 &#171; Swiss Crochet<\/title>\n<meta name=\"description\" content=\"I\u2019m Wool 4 \u2013 Fil DK doux en laine m\u00e9rinos 100 %. Fluide au crochet et id\u00e9al pour les pulls, cardigans, bonnets et autres projets par temps froid.\" \/>\n<meta name=\"robots\" content=\"index, follow, max-snippet:-1, max-image-preview:large, max-video-preview:-1\" \/>\n<link rel=\"canonical\" href=\"https:\/\/www.swisscrochet.ch\/fr\/produit\/nakyang-im-wool-4\/\" \/>\n<meta property=\"og:locale\" content=\"fr_FR\" \/>\n<meta property=\"og:type\" content=\"article\" \/>\n<meta property=\"og:title\" content=\"Nakyang - I&#039;m Wool 4 &#171; Swiss Crochet\" \/>\n<meta property=\"og:description\" content=\"I\u2019m Wool 4 \u2013 Fil DK doux en laine m\u00e9rinos 100 %. Fluide au crochet et id\u00e9al pour les pulls, cardigans, bonnets et autres projets par temps froid.\" \/>\n<meta property=\"og:url\" content=\"https:\/\/www.swisscrochet.ch\/fr\/produit\/nakyang-im-wool-4\/\" \/>\n<meta property=\"og:site_name\" content=\"Swiss Crochet\" \/>\n<meta property=\"article:modified_time\" content=\"2026-02-07T14:25:39+00:00\" \/>\n<meta property=\"og:image\" content=\"https:\/\/www.swisscrochet.ch\/wp-content\/uploads\/2026\/02\/Nakyang-Im-Wool-4-Overview.jpg\" \/>\n\t<meta property=\"og:image:width\" content=\"1000\" \/>\n\t<meta property=\"og:image:height\" content=\"1000\" \/>\n\t<meta property=\"og:image:type\" content=\"image\/jpeg\" \/>\n<meta name=\"twitter:card\" content=\"summary_large_image\" \/>\n<meta name=\"twitter:label1\" content=\"Dur\u00e9e de lecture estim\u00e9e\" \/>\n\t<meta name=\"twitter:data1\" content=\"1 minute\" \/>\n<script type=\"application\/ld+json\" class=\"yoast-schema-graph\">{\"@context\":\"https:\\\/\\\/schema.org\",\"@graph\":[{\"@type\":[\"WebPage\",\"ItemPage\"],\"@id\":\"https:\\\/\\\/www.swisscrochet.ch\\\/fr\\\/produit\\\/nakyang-im-wool-4\\\/\",\"url\":\"https:\\\/\\\/www.swisscrochet.ch\\\/fr\\\/produit\\\/nakyang-im-wool-4\\\/\",\"name\":\"Nakyang - I'm Wool 4 &#171; Swiss Crochet\",\"isPartOf\":{\"@id\":\"https:\\\/\\\/www.swisscrochet.ch\\\/#website\"},\"primaryImageOfPage\":{\"@id\":\"https:\\\/\\\/www.swisscrochet.ch\\\/fr\\\/produit\\\/nakyang-im-wool-4\\\/#primaryimage\"},\"image\":{\"@id\":\"https:\\\/\\\/www.swisscrochet.ch\\\/fr\\\/produit\\\/nakyang-im-wool-4\\\/#primaryimage\"},\"thumbnailUrl\":\"https:\\\/\\\/www.swisscrochet.ch\\\/wp-content\\\/uploads\\\/2026\\\/02\\\/Nakyang-Im-Wool-4-Overview.jpg\",\"datePublished\":\"2026-02-04T14:00:04+00:00\",\"dateModified\":\"2026-02-07T14:25:39+00:00\",\"description\":\"I\u2019m Wool 4 \u2013 Fil DK doux en laine m\u00e9rinos 100 %. Fluide au crochet et id\u00e9al pour les pulls, cardigans, bonnets et autres projets par temps froid.\",\"breadcrumb\":{\"@id\":\"https:\\\/\\\/www.swisscrochet.ch\\\/fr\\\/produit\\\/nakyang-im-wool-4\\\/#breadcrumb\"},\"inLanguage\":\"fr-FR\",\"potentialAction\":[{\"@type\":\"ReadAction\",\"target\":[\"https:\\\/\\\/www.swisscrochet.ch\\\/fr\\\/produit\\\/nakyang-im-wool-4\\\/\"]}]},{\"@type\":\"ImageObject\",\"inLanguage\":\"fr-FR\",\"@id\":\"https:\\\/\\\/www.swisscrochet.ch\\\/fr\\\/produit\\\/nakyang-im-wool-4\\\/#primaryimage\",\"url\":\"https:\\\/\\\/www.swisscrochet.ch\\\/wp-content\\\/uploads\\\/2026\\\/02\\\/Nakyang-Im-Wool-4-Overview.jpg\",\"contentUrl\":\"https:\\\/\\\/www.swisscrochet.ch\\\/wp-content\\\/uploads\\\/2026\\\/02\\\/Nakyang-Im-Wool-4-Overview.jpg\",\"width\":1000,\"height\":1000},{\"@type\":\"BreadcrumbList\",\"@id\":\"https:\\\/\\\/www.swisscrochet.ch\\\/fr\\\/produit\\\/nakyang-im-wool-4\\\/#breadcrumb\",\"itemListElement\":[{\"@type\":\"ListItem\",\"position\":1,\"name\":\"Home\",\"item\":\"https:\\\/\\\/www.swisscrochet.ch\\\/fr\\\/\"},{\"@type\":\"ListItem\",\"position\":2,\"name\":\"Boutique\",\"item\":\"https:\\\/\\\/www.swisscrochet.ch\\\/fr\\\/boutique\\\/\"},{\"@type\":\"ListItem\",\"position\":3,\"name\":\"Nakyang &#8211; I&#8217;m Wool 4\"}]},{\"@type\":\"WebSite\",\"@id\":\"https:\\\/\\\/www.swisscrochet.ch\\\/#website\",\"url\":\"https:\\\/\\\/www.swisscrochet.ch\\\/\",\"name\":\"Swiss Crochet\",\"description\":\"Lib\u00e9rez votre potentiel cr\u00e9atif\",\"potentialAction\":[{\"@type\":\"SearchAction\",\"target\":{\"@type\":\"EntryPoint\",\"urlTemplate\":\"https:\\\/\\\/www.swisscrochet.ch\\\/?s={search_term_string}\"},\"query-input\":{\"@type\":\"PropertyValueSpecification\",\"valueRequired\":true,\"valueName\":\"search_term_string\"}}],\"inLanguage\":\"fr-FR\"}]}<\/script>\n<!-- \/ Yoast SEO plugin. -->","yoast_head_json":{"title":"Nakyang - I'm Wool 4 &#171; Swiss Crochet","description":"I\u2019m Wool 4 \u2013 Fil DK doux en laine m\u00e9rinos 100 %. Fluide au crochet et id\u00e9al pour les pulls, cardigans, bonnets et autres projets par temps froid.","robots":{"index":"index","follow":"follow","max-snippet":"max-snippet:-1","max-image-preview":"max-image-preview:large","max-video-preview":"max-video-preview:-1"},"canonical":"https:\/\/www.swisscrochet.ch\/fr\/produit\/nakyang-im-wool-4\/","og_locale":"fr_FR","og_type":"article","og_title":"Nakyang - I'm Wool 4 &#171; Swiss Crochet","og_description":"I\u2019m Wool 4 \u2013 Fil DK doux en laine m\u00e9rinos 100 %. Fluide au crochet et id\u00e9al pour les pulls, cardigans, bonnets et autres projets par temps froid.","og_url":"https:\/\/www.swisscrochet.ch\/fr\/produit\/nakyang-im-wool-4\/","og_site_name":"Swiss Crochet","article_modified_time":"2026-02-07T14:25:39+00:00","og_image":[{"width":1000,"height":1000,"url":"https:\/\/www.swisscrochet.ch\/wp-content\/uploads\/2026\/02\/Nakyang-Im-Wool-4-Overview.jpg","type":"image\/jpeg"}],"twitter_card":"summary_large_image","twitter_misc":{"Dur\u00e9e de lecture estim\u00e9e":"1 minute"},"schema":{"@context":"https:\/\/schema.org","@graph":[{"@type":["WebPage","ItemPage"],"@id":"https:\/\/www.swisscrochet.ch\/fr\/produit\/nakyang-im-wool-4\/","url":"https:\/\/www.swisscrochet.ch\/fr\/produit\/nakyang-im-wool-4\/","name":"Nakyang - I'm Wool 4 &#171; Swiss Crochet","isPartOf":{"@id":"https:\/\/www.swisscrochet.ch\/#website"},"primaryImageOfPage":{"@id":"https:\/\/www.swisscrochet.ch\/fr\/produit\/nakyang-im-wool-4\/#primaryimage"},"image":{"@id":"https:\/\/www.swisscrochet.ch\/fr\/produit\/nakyang-im-wool-4\/#primaryimage"},"thumbnailUrl":"https:\/\/www.swisscrochet.ch\/wp-content\/uploads\/2026\/02\/Nakyang-Im-Wool-4-Overview.jpg","datePublished":"2026-02-04T14:00:04+00:00","dateModified":"2026-02-07T14:25:39+00:00","description":"I\u2019m Wool 4 \u2013 Fil DK doux en laine m\u00e9rinos 100 %. Fluide au crochet et id\u00e9al pour les pulls, cardigans, bonnets et autres projets par temps froid.","breadcrumb":{"@id":"https:\/\/www.swisscrochet.ch\/fr\/produit\/nakyang-im-wool-4\/#breadcrumb"},"inLanguage":"fr-FR","potentialAction":[{"@type":"ReadAction","target":["https:\/\/www.swisscrochet.ch\/fr\/produit\/nakyang-im-wool-4\/"]}]},{"@type":"ImageObject","inLanguage":"fr-FR","@id":"https:\/\/www.swisscrochet.ch\/fr\/produit\/nakyang-im-wool-4\/#primaryimage","url":"https:\/\/www.swisscrochet.ch\/wp-content\/uploads\/2026\/02\/Nakyang-Im-Wool-4-Overview.jpg","contentUrl":"https:\/\/www.swisscrochet.ch\/wp-content\/uploads\/2026\/02\/Nakyang-Im-Wool-4-Overview.jpg","width":1000,"height":1000},{"@type":"BreadcrumbList","@id":"https:\/\/www.swisscrochet.ch\/fr\/produit\/nakyang-im-wool-4\/#breadcrumb","itemListElement":[{"@type":"ListItem","position":1,"name":"Home","item":"https:\/\/www.swisscrochet.ch\/fr\/"},{"@type":"ListItem","position":2,"name":"Boutique","item":"https:\/\/www.swisscrochet.ch\/fr\/boutique\/"},{"@type":"ListItem","position":3,"name":"Nakyang &#8211; I&#8217;m Wool 4"}]},{"@type":"WebSite","@id":"https:\/\/www.swisscrochet.ch\/#website","url":"https:\/\/www.swisscrochet.ch\/","name":"Swiss Crochet","description":"Lib\u00e9rez votre potentiel cr\u00e9atif","potentialAction":[{"@type":"SearchAction","target":{"@type":"EntryPoint","urlTemplate":"https:\/\/www.swisscrochet.ch\/?s={search_term_string}"},"query-input":{"@type":"PropertyValueSpecification","valueRequired":true,"valueName":"search_term_string"}}],"inLanguage":"fr-FR"}]}},"_links":{"self":[{"href":"https:\/\/www.swisscrochet.ch\/fr\/wp-json\/wp\/v2\/product\/22400","targetHints":{"allow":["GET"]}}],"collection":[{"href":"https:\/\/www.swisscrochet.ch\/fr\/wp-json\/wp\/v2\/product"}],"about":[{"href":"https:\/\/www.swisscrochet.ch\/fr\/wp-json\/wp\/v2\/types\/product"}],"wp:featuredmedia":[{"embeddable":true,"href":"https:\/\/www.swisscrochet.ch\/fr\/wp-json\/wp\/v2\/media\/21123"}],"wp:attachment":[{"href":"https:\/\/www.swisscrochet.ch\/fr\/wp-json\/wp\/v2\/media?parent=22400"}],"wp:term":[{"taxonomy":"product_brand","embeddable":true,"href":"https:\/\/www.swisscrochet.ch\/fr\/wp-json\/wp\/v2\/product_brand?post=22400"},{"taxonomy":"product_cat","embeddable":true,"href":"https:\/\/www.swisscrochet.ch\/fr\/wp-json\/wp\/v2\/product_cat?post=22400"},{"taxonomy":"product_tag","embeddable":true,"href":"https:\/\/www.swisscrochet.ch\/fr\/wp-json\/wp\/v2\/product_tag?post=22400"}],"curies":[{"name":"wp","href":"https:\/\/api.w.org\/{rel}","templated":true}]}}