{"id":22547,"date":"2026-02-04T15:40:44","date_gmt":"2026-02-04T14:40:44","guid":{"rendered":"https:\/\/www.swisscrochet.ch\/product\/nakyang-make-up\/"},"modified":"2026-02-07T15:25:50","modified_gmt":"2026-02-07T14:25:50","slug":"nakyang-make-up","status":"publish","type":"product","link":"https:\/\/www.swisscrochet.ch\/fr\/produit\/nakyang-make-up\/","title":{"rendered":"Nakyang &#8211; Make Up"},"content":{"rendered":"","protected":false},"excerpt":{"rendered":"<p>Make Up est un fil Aran distinctif dot\u00e9 d\u2019une construction unique. Il est form\u00e9 d\u2019un tube jersey tricot\u00e9, rempli de polyester de mani\u00e8re compacte, ce qui donne un fil volumineux mais l\u00e9ger, avec une excellente d\u00e9finition de point. Le tissu jersey apporte une \u00e9lasticit\u00e9 agr\u00e9able, rendant le travail confortable et plaisant.<\/p>\n<p>Le processus de filature a lieu dans les propres installations de Nakyang \u00e0 Gyeongsan, en Cor\u00e9e du Sud, pr\u00e8s de Daegu, ancien centre textile du pays. Le processus de teinture est r\u00e9alis\u00e9 par des entreprises partenaires situ\u00e9es \u00e0 proximit\u00e9 imm\u00e9diate, toutes dans la r\u00e9gion de Gyeongsan et de Daegu.<\/p>\n<p>Le fait de maintenir les installations de filature et de teinture proches les unes des autres permet de r\u00e9duire les distances de transport entre les \u00e9tapes de production et soutient un processus de fabrication rationalis\u00e9 et localement concentr\u00e9.<\/p>\n<p>Make Up est compos\u00e9 \u00e0 100 % de polyester, il est l\u00e9ger et anti-boulochage, ce qui le rend id\u00e9al pour obtenir des r\u00e9sultats doux et volumineux. Il convient parfaitement aux sacs, accessoires et projets de d\u00e9coration int\u00e9rieure, et peut \u00e9galement \u00eatre utilis\u00e9 pour les amigurumis.<\/p>\n<p>L\u2019\u00e9chantillon de jauge illustr\u00e9 a \u00e9t\u00e9 lav\u00e9 en machine (programme normal \u00e0 30 \u00b0C) et repass\u00e9 \u00e0 la vapeur.<\/p>\n<p>D\u00e9couvre les possibilit\u00e9s cr\u00e9atives de Make Up et apporte texture audacieuse et volume \u00e0 ton prochain projet.<\/p>\n<p><strong>Disponible exclusivement chez Swiss Crochet.<\/strong><\/p>\n","protected":false},"featured_media":21535,"template":"","meta":[],"product_brand":[],"product_cat":[1880,1885,227,1882],"product_tag":[],"class_list":{"0":"post-22547","1":"product","2":"type-product","3":"status-publish","4":"has-post-thumbnail","6":"product_cat-fils-amigurumi","7":"product_cat-fils-couvertures","8":"product_cat-fils","9":"product_cat-fils-sacs-et-decoration-interieure","10":"pa_y1-brand-nakyang-fr","11":"pa_y17-yarn-weight-aran-fr","12":"description-off","14":"first","15":"instock","16":"taxable","17":"shipping-taxable","18":"purchasable","19":"product-type-variable","20":"wvs-archive-product-wrapper"},"bundled_by":[],"bundle_stock_status":"instock","bundle_stock_quantity":null,"bundle_virtual":false,"bundle_layout":"","bundle_add_to_cart_form_location":"","bundle_editable_in_cart":false,"bundle_sold_individually_context":"","bundle_item_grouping":"","bundle_min_size":"","bundle_max_size":"","bundle_price":[],"bundled_items":[],"bundle_sell_ids":[],"yoast_head":"<!-- This site is optimized with the Yoast SEO plugin v27.5 - https:\/\/yoast.com\/product\/yoast-seo-wordpress\/ -->\n<title>Nakyang - Make Up &#171; Swiss Crochet<\/title>\n<meta name=\"description\" content=\"Make Up \u2013 Fil Aran volumineux avec construction en tube jersey. L\u00e9ger, anti-boulochage et id\u00e9al pour les sacs, accessoires, d\u00e9coration int\u00e9rieure et amigurumi.\" \/>\n<meta name=\"robots\" content=\"index, follow, max-snippet:-1, max-image-preview:large, max-video-preview:-1\" \/>\n<link rel=\"canonical\" href=\"https:\/\/www.swisscrochet.ch\/fr\/produit\/nakyang-make-up\/\" \/>\n<meta property=\"og:locale\" content=\"fr_FR\" \/>\n<meta property=\"og:type\" content=\"article\" \/>\n<meta property=\"og:title\" content=\"Nakyang - Make Up &#171; Swiss Crochet\" \/>\n<meta property=\"og:description\" content=\"Make Up \u2013 Fil Aran volumineux avec construction en tube jersey. L\u00e9ger, anti-boulochage et id\u00e9al pour les sacs, accessoires, d\u00e9coration int\u00e9rieure et amigurumi.\" \/>\n<meta property=\"og:url\" content=\"https:\/\/www.swisscrochet.ch\/fr\/produit\/nakyang-make-up\/\" \/>\n<meta property=\"og:site_name\" content=\"Swiss Crochet\" \/>\n<meta property=\"article:modified_time\" content=\"2026-02-07T14:25:50+00:00\" \/>\n<meta property=\"og:image\" content=\"https:\/\/www.swisscrochet.ch\/wp-content\/uploads\/2026\/02\/Nakyang-Make-Up-Overview.jpg\" \/>\n\t<meta property=\"og:image:width\" content=\"1000\" \/>\n\t<meta property=\"og:image:height\" content=\"1000\" \/>\n\t<meta property=\"og:image:type\" content=\"image\/jpeg\" \/>\n<meta name=\"twitter:card\" content=\"summary_large_image\" \/>\n<meta name=\"twitter:label1\" content=\"Dur\u00e9e de lecture estim\u00e9e\" \/>\n\t<meta name=\"twitter:data1\" content=\"1 minute\" \/>\n<script type=\"application\/ld+json\" class=\"yoast-schema-graph\">{\"@context\":\"https:\\\/\\\/schema.org\",\"@graph\":[{\"@type\":[\"WebPage\",\"ItemPage\"],\"@id\":\"https:\\\/\\\/www.swisscrochet.ch\\\/fr\\\/produit\\\/nakyang-make-up\\\/\",\"url\":\"https:\\\/\\\/www.swisscrochet.ch\\\/fr\\\/produit\\\/nakyang-make-up\\\/\",\"name\":\"Nakyang - Make Up &#171; Swiss Crochet\",\"isPartOf\":{\"@id\":\"https:\\\/\\\/www.swisscrochet.ch\\\/#website\"},\"primaryImageOfPage\":{\"@id\":\"https:\\\/\\\/www.swisscrochet.ch\\\/fr\\\/produit\\\/nakyang-make-up\\\/#primaryimage\"},\"image\":{\"@id\":\"https:\\\/\\\/www.swisscrochet.ch\\\/fr\\\/produit\\\/nakyang-make-up\\\/#primaryimage\"},\"thumbnailUrl\":\"https:\\\/\\\/www.swisscrochet.ch\\\/wp-content\\\/uploads\\\/2026\\\/02\\\/Nakyang-Make-Up-Overview.jpg\",\"datePublished\":\"2026-02-04T14:40:44+00:00\",\"dateModified\":\"2026-02-07T14:25:50+00:00\",\"description\":\"Make Up \u2013 Fil Aran volumineux avec construction en tube jersey. L\u00e9ger, anti-boulochage et id\u00e9al pour les sacs, accessoires, d\u00e9coration int\u00e9rieure et amigurumi.\",\"breadcrumb\":{\"@id\":\"https:\\\/\\\/www.swisscrochet.ch\\\/fr\\\/produit\\\/nakyang-make-up\\\/#breadcrumb\"},\"inLanguage\":\"fr-FR\",\"potentialAction\":[{\"@type\":\"ReadAction\",\"target\":[\"https:\\\/\\\/www.swisscrochet.ch\\\/fr\\\/produit\\\/nakyang-make-up\\\/\"]}]},{\"@type\":\"ImageObject\",\"inLanguage\":\"fr-FR\",\"@id\":\"https:\\\/\\\/www.swisscrochet.ch\\\/fr\\\/produit\\\/nakyang-make-up\\\/#primaryimage\",\"url\":\"https:\\\/\\\/www.swisscrochet.ch\\\/wp-content\\\/uploads\\\/2026\\\/02\\\/Nakyang-Make-Up-Overview.jpg\",\"contentUrl\":\"https:\\\/\\\/www.swisscrochet.ch\\\/wp-content\\\/uploads\\\/2026\\\/02\\\/Nakyang-Make-Up-Overview.jpg\",\"width\":1000,\"height\":1000},{\"@type\":\"BreadcrumbList\",\"@id\":\"https:\\\/\\\/www.swisscrochet.ch\\\/fr\\\/produit\\\/nakyang-make-up\\\/#breadcrumb\",\"itemListElement\":[{\"@type\":\"ListItem\",\"position\":1,\"name\":\"Home\",\"item\":\"https:\\\/\\\/www.swisscrochet.ch\\\/fr\\\/\"},{\"@type\":\"ListItem\",\"position\":2,\"name\":\"Boutique\",\"item\":\"https:\\\/\\\/www.swisscrochet.ch\\\/fr\\\/boutique\\\/\"},{\"@type\":\"ListItem\",\"position\":3,\"name\":\"Nakyang &#8211; Make Up\"}]},{\"@type\":\"WebSite\",\"@id\":\"https:\\\/\\\/www.swisscrochet.ch\\\/#website\",\"url\":\"https:\\\/\\\/www.swisscrochet.ch\\\/\",\"name\":\"Swiss Crochet\",\"description\":\"Lib\u00e9rez votre potentiel cr\u00e9atif\",\"potentialAction\":[{\"@type\":\"SearchAction\",\"target\":{\"@type\":\"EntryPoint\",\"urlTemplate\":\"https:\\\/\\\/www.swisscrochet.ch\\\/?s={search_term_string}\"},\"query-input\":{\"@type\":\"PropertyValueSpecification\",\"valueRequired\":true,\"valueName\":\"search_term_string\"}}],\"inLanguage\":\"fr-FR\"}]}<\/script>\n<!-- \/ Yoast SEO plugin. -->","yoast_head_json":{"title":"Nakyang - Make Up &#171; Swiss Crochet","description":"Make Up \u2013 Fil Aran volumineux avec construction en tube jersey. L\u00e9ger, anti-boulochage et id\u00e9al pour les sacs, accessoires, d\u00e9coration int\u00e9rieure et amigurumi.","robots":{"index":"index","follow":"follow","max-snippet":"max-snippet:-1","max-image-preview":"max-image-preview:large","max-video-preview":"max-video-preview:-1"},"canonical":"https:\/\/www.swisscrochet.ch\/fr\/produit\/nakyang-make-up\/","og_locale":"fr_FR","og_type":"article","og_title":"Nakyang - Make Up &#171; Swiss Crochet","og_description":"Make Up \u2013 Fil Aran volumineux avec construction en tube jersey. L\u00e9ger, anti-boulochage et id\u00e9al pour les sacs, accessoires, d\u00e9coration int\u00e9rieure et amigurumi.","og_url":"https:\/\/www.swisscrochet.ch\/fr\/produit\/nakyang-make-up\/","og_site_name":"Swiss Crochet","article_modified_time":"2026-02-07T14:25:50+00:00","og_image":[{"width":1000,"height":1000,"url":"https:\/\/www.swisscrochet.ch\/wp-content\/uploads\/2026\/02\/Nakyang-Make-Up-Overview.jpg","type":"image\/jpeg"}],"twitter_card":"summary_large_image","twitter_misc":{"Dur\u00e9e de lecture estim\u00e9e":"1 minute"},"schema":{"@context":"https:\/\/schema.org","@graph":[{"@type":["WebPage","ItemPage"],"@id":"https:\/\/www.swisscrochet.ch\/fr\/produit\/nakyang-make-up\/","url":"https:\/\/www.swisscrochet.ch\/fr\/produit\/nakyang-make-up\/","name":"Nakyang - Make Up &#171; Swiss Crochet","isPartOf":{"@id":"https:\/\/www.swisscrochet.ch\/#website"},"primaryImageOfPage":{"@id":"https:\/\/www.swisscrochet.ch\/fr\/produit\/nakyang-make-up\/#primaryimage"},"image":{"@id":"https:\/\/www.swisscrochet.ch\/fr\/produit\/nakyang-make-up\/#primaryimage"},"thumbnailUrl":"https:\/\/www.swisscrochet.ch\/wp-content\/uploads\/2026\/02\/Nakyang-Make-Up-Overview.jpg","datePublished":"2026-02-04T14:40:44+00:00","dateModified":"2026-02-07T14:25:50+00:00","description":"Make Up \u2013 Fil Aran volumineux avec construction en tube jersey. L\u00e9ger, anti-boulochage et id\u00e9al pour les sacs, accessoires, d\u00e9coration int\u00e9rieure et amigurumi.","breadcrumb":{"@id":"https:\/\/www.swisscrochet.ch\/fr\/produit\/nakyang-make-up\/#breadcrumb"},"inLanguage":"fr-FR","potentialAction":[{"@type":"ReadAction","target":["https:\/\/www.swisscrochet.ch\/fr\/produit\/nakyang-make-up\/"]}]},{"@type":"ImageObject","inLanguage":"fr-FR","@id":"https:\/\/www.swisscrochet.ch\/fr\/produit\/nakyang-make-up\/#primaryimage","url":"https:\/\/www.swisscrochet.ch\/wp-content\/uploads\/2026\/02\/Nakyang-Make-Up-Overview.jpg","contentUrl":"https:\/\/www.swisscrochet.ch\/wp-content\/uploads\/2026\/02\/Nakyang-Make-Up-Overview.jpg","width":1000,"height":1000},{"@type":"BreadcrumbList","@id":"https:\/\/www.swisscrochet.ch\/fr\/produit\/nakyang-make-up\/#breadcrumb","itemListElement":[{"@type":"ListItem","position":1,"name":"Home","item":"https:\/\/www.swisscrochet.ch\/fr\/"},{"@type":"ListItem","position":2,"name":"Boutique","item":"https:\/\/www.swisscrochet.ch\/fr\/boutique\/"},{"@type":"ListItem","position":3,"name":"Nakyang &#8211; Make Up"}]},{"@type":"WebSite","@id":"https:\/\/www.swisscrochet.ch\/#website","url":"https:\/\/www.swisscrochet.ch\/","name":"Swiss Crochet","description":"Lib\u00e9rez votre potentiel cr\u00e9atif","potentialAction":[{"@type":"SearchAction","target":{"@type":"EntryPoint","urlTemplate":"https:\/\/www.swisscrochet.ch\/?s={search_term_string}"},"query-input":{"@type":"PropertyValueSpecification","valueRequired":true,"valueName":"search_term_string"}}],"inLanguage":"fr-FR"}]}},"_links":{"self":[{"href":"https:\/\/www.swisscrochet.ch\/fr\/wp-json\/wp\/v2\/product\/22547","targetHints":{"allow":["GET"]}}],"collection":[{"href":"https:\/\/www.swisscrochet.ch\/fr\/wp-json\/wp\/v2\/product"}],"about":[{"href":"https:\/\/www.swisscrochet.ch\/fr\/wp-json\/wp\/v2\/types\/product"}],"wp:featuredmedia":[{"embeddable":true,"href":"https:\/\/www.swisscrochet.ch\/fr\/wp-json\/wp\/v2\/media\/21535"}],"wp:attachment":[{"href":"https:\/\/www.swisscrochet.ch\/fr\/wp-json\/wp\/v2\/media?parent=22547"}],"wp:term":[{"taxonomy":"product_brand","embeddable":true,"href":"https:\/\/www.swisscrochet.ch\/fr\/wp-json\/wp\/v2\/product_brand?post=22547"},{"taxonomy":"product_cat","embeddable":true,"href":"https:\/\/www.swisscrochet.ch\/fr\/wp-json\/wp\/v2\/product_cat?post=22547"},{"taxonomy":"product_tag","embeddable":true,"href":"https:\/\/www.swisscrochet.ch\/fr\/wp-json\/wp\/v2\/product_tag?post=22547"}],"curies":[{"name":"wp","href":"https:\/\/api.w.org\/{rel}","templated":true}]}}