{"id":24053,"date":"2026-02-19T16:00:51","date_gmt":"2026-02-19T15:00:51","guid":{"rendered":"https:\/\/www.swisscrochet.ch\/product\/scheepjes-unity\/"},"modified":"2026-03-06T19:42:02","modified_gmt":"2026-03-06T18:42:02","slug":"scheepjes-unity","status":"publish","type":"product","link":"https:\/\/www.swisscrochet.ch\/fr\/produit\/scheepjes-unity\/","title":{"rendered":"Scheepjes &#8211; Unity"},"content":{"rendered":"","protected":false},"excerpt":{"rendered":"<p>Scheepjes Unity est un fil fingering simple brin compos\u00e9 de 70 % laine m\u00e9rinos superwash et 30 % polyamide. Sa construction offre une excellente d\u00e9finition de point et permet un travail fluide sans que le fil ne se fende.<\/p>\n<p>Unity est d\u00e9di\u00e9 \u00e0 la communaut\u00e9 internationale Scheepjes et est disponible dans des combinaisons de couleurs sp\u00e9ciales nomm\u00e9es d\u2019apr\u00e8s des membres du Scheepjes Designer Collective et des Scheepjes Friends de la communaut\u00e9 cr\u00e9ative mondiale.<\/p>\n<p>Ce fil convient parfaitement aux v\u00eatements, aux chaussettes et aux accessoires portables.<\/p>\n<p>L\u2019\u00e9chantillon de jauge illustr\u00e9 a \u00e9t\u00e9 lav\u00e9 en machine (programme laine \u00e0 30 \u00b0C) et repass\u00e9 \u00e0 la vapeur.<\/p>\n<p>D\u00e9couvre les coloris distinctifs de Unity et choisis ta teinte pr\u00e9f\u00e9r\u00e9e pour ton prochain projet.<\/p>\n<p><strong>Remarque : Unity est en cours d\u2019arr\u00eat de production et sera disponible uniquement jusqu\u2019\u00e0 \u00e9puisement des stocks. Vous souhaitez l\u2019ajouter \u00e0 votre r\u00e9serve de fils avant qu\u2019il ne disparaisse ? Utilisez le code UNITY pour recevoir 15 % de r\u00e9duction \u00e0 l\u2019achat de 5 pelotes ou plus.<\/strong><\/p>\n","protected":false},"featured_media":24050,"template":"","meta":[],"product_brand":[],"product_cat":[1890,227,1887,1882,1893],"product_tag":[],"class_list":{"0":"post-24053","1":"product","2":"type-product","3":"status-publish","4":"has-post-thumbnail","6":"product_cat-fil-chaussettes","7":"product_cat-fils","8":"product_cat-fils-fils-basiques","9":"product_cat-fils-sacs-et-decoration-interieure","10":"product_cat-fils-vetements","11":"pa_y1-brand-scheepjes-fr","12":"pa_y17-yarn-weight-fingering-fr","13":"description-off","15":"first","16":"instock","17":"taxable","18":"shipping-taxable","19":"purchasable","20":"product-type-variable","21":"wvs-archive-product-wrapper"},"bundled_by":[],"bundle_stock_status":"instock","bundle_stock_quantity":null,"bundle_virtual":false,"bundle_layout":"","bundle_add_to_cart_form_location":"","bundle_editable_in_cart":false,"bundle_sold_individually_context":"","bundle_item_grouping":"","bundle_min_size":"","bundle_max_size":"","bundle_price":[],"bundled_items":[],"bundle_sell_ids":[],"yoast_head":"<!-- This site is optimized with the Yoast SEO plugin v27.3 - https:\/\/yoast.com\/product\/yoast-seo-wordpress\/ -->\n<title>Scheepjes - Unity &#171; Swiss Crochet<\/title>\n<meta name=\"description\" content=\"Scheepjes Unity est un fil fingering simple brin en m\u00e9rinos superwash et polyamide. Id\u00e9al pour les v\u00eatements, les chaussettes et les accessoires avec une d\u00e9finition de point nette.\" \/>\n<meta name=\"robots\" content=\"index, follow, max-snippet:-1, max-image-preview:large, max-video-preview:-1\" \/>\n<link rel=\"canonical\" href=\"https:\/\/www.swisscrochet.ch\/fr\/produit\/scheepjes-unity\/\" \/>\n<meta property=\"og:locale\" content=\"fr_FR\" \/>\n<meta property=\"og:type\" content=\"article\" \/>\n<meta property=\"og:title\" content=\"Scheepjes - Unity &#171; Swiss Crochet\" \/>\n<meta property=\"og:description\" content=\"Scheepjes Unity est un fil fingering simple brin en m\u00e9rinos superwash et polyamide. Id\u00e9al pour les v\u00eatements, les chaussettes et les accessoires avec une d\u00e9finition de point nette.\" \/>\n<meta property=\"og:url\" content=\"https:\/\/www.swisscrochet.ch\/fr\/produit\/scheepjes-unity\/\" \/>\n<meta property=\"og:site_name\" content=\"Swiss Crochet\" \/>\n<meta property=\"article:modified_time\" content=\"2026-03-06T18:42:02+00:00\" \/>\n<meta property=\"og:image\" content=\"https:\/\/www.swisscrochet.ch\/wp-content\/uploads\/2026\/02\/Scheepjes-Unity-Overview.jpg\" \/>\n\t<meta property=\"og:image:width\" content=\"1000\" \/>\n\t<meta property=\"og:image:height\" content=\"1000\" \/>\n\t<meta property=\"og:image:type\" content=\"image\/jpeg\" \/>\n<meta name=\"twitter:card\" content=\"summary_large_image\" \/>\n<meta name=\"twitter:label1\" content=\"Dur\u00e9e de lecture estim\u00e9e\" \/>\n\t<meta name=\"twitter:data1\" content=\"1 minute\" \/>\n<script type=\"application\/ld+json\" class=\"yoast-schema-graph\">{\"@context\":\"https:\\\/\\\/schema.org\",\"@graph\":[{\"@type\":[\"WebPage\",\"ItemPage\"],\"@id\":\"https:\\\/\\\/www.swisscrochet.ch\\\/fr\\\/produit\\\/scheepjes-unity\\\/\",\"url\":\"https:\\\/\\\/www.swisscrochet.ch\\\/fr\\\/produit\\\/scheepjes-unity\\\/\",\"name\":\"Scheepjes - Unity &#171; Swiss Crochet\",\"isPartOf\":{\"@id\":\"https:\\\/\\\/www.swisscrochet.ch\\\/#website\"},\"primaryImageOfPage\":{\"@id\":\"https:\\\/\\\/www.swisscrochet.ch\\\/fr\\\/produit\\\/scheepjes-unity\\\/#primaryimage\"},\"image\":{\"@id\":\"https:\\\/\\\/www.swisscrochet.ch\\\/fr\\\/produit\\\/scheepjes-unity\\\/#primaryimage\"},\"thumbnailUrl\":\"https:\\\/\\\/www.swisscrochet.ch\\\/wp-content\\\/uploads\\\/2026\\\/02\\\/Scheepjes-Unity-Overview.jpg\",\"datePublished\":\"2026-02-19T15:00:51+00:00\",\"dateModified\":\"2026-03-06T18:42:02+00:00\",\"description\":\"Scheepjes Unity est un fil fingering simple brin en m\u00e9rinos superwash et polyamide. Id\u00e9al pour les v\u00eatements, les chaussettes et les accessoires avec une d\u00e9finition de point nette.\",\"breadcrumb\":{\"@id\":\"https:\\\/\\\/www.swisscrochet.ch\\\/fr\\\/produit\\\/scheepjes-unity\\\/#breadcrumb\"},\"inLanguage\":\"fr-FR\",\"potentialAction\":[{\"@type\":\"ReadAction\",\"target\":[\"https:\\\/\\\/www.swisscrochet.ch\\\/fr\\\/produit\\\/scheepjes-unity\\\/\"]}]},{\"@type\":\"ImageObject\",\"inLanguage\":\"fr-FR\",\"@id\":\"https:\\\/\\\/www.swisscrochet.ch\\\/fr\\\/produit\\\/scheepjes-unity\\\/#primaryimage\",\"url\":\"https:\\\/\\\/www.swisscrochet.ch\\\/wp-content\\\/uploads\\\/2026\\\/02\\\/Scheepjes-Unity-Overview.jpg\",\"contentUrl\":\"https:\\\/\\\/www.swisscrochet.ch\\\/wp-content\\\/uploads\\\/2026\\\/02\\\/Scheepjes-Unity-Overview.jpg\",\"width\":1000,\"height\":1000},{\"@type\":\"BreadcrumbList\",\"@id\":\"https:\\\/\\\/www.swisscrochet.ch\\\/fr\\\/produit\\\/scheepjes-unity\\\/#breadcrumb\",\"itemListElement\":[{\"@type\":\"ListItem\",\"position\":1,\"name\":\"Home\",\"item\":\"https:\\\/\\\/www.swisscrochet.ch\\\/fr\\\/\"},{\"@type\":\"ListItem\",\"position\":2,\"name\":\"Boutique\",\"item\":\"https:\\\/\\\/www.swisscrochet.ch\\\/fr\\\/boutique\\\/\"},{\"@type\":\"ListItem\",\"position\":3,\"name\":\"Scheepjes &#8211; Unity\"}]},{\"@type\":\"WebSite\",\"@id\":\"https:\\\/\\\/www.swisscrochet.ch\\\/#website\",\"url\":\"https:\\\/\\\/www.swisscrochet.ch\\\/\",\"name\":\"Swiss Crochet\",\"description\":\"Lib\u00e9rez votre potentiel cr\u00e9atif\",\"potentialAction\":[{\"@type\":\"SearchAction\",\"target\":{\"@type\":\"EntryPoint\",\"urlTemplate\":\"https:\\\/\\\/www.swisscrochet.ch\\\/?s={search_term_string}\"},\"query-input\":{\"@type\":\"PropertyValueSpecification\",\"valueRequired\":true,\"valueName\":\"search_term_string\"}}],\"inLanguage\":\"fr-FR\"}]}<\/script>\n<!-- \/ Yoast SEO plugin. -->","yoast_head_json":{"title":"Scheepjes - Unity &#171; Swiss Crochet","description":"Scheepjes Unity est un fil fingering simple brin en m\u00e9rinos superwash et polyamide. Id\u00e9al pour les v\u00eatements, les chaussettes et les accessoires avec une d\u00e9finition de point nette.","robots":{"index":"index","follow":"follow","max-snippet":"max-snippet:-1","max-image-preview":"max-image-preview:large","max-video-preview":"max-video-preview:-1"},"canonical":"https:\/\/www.swisscrochet.ch\/fr\/produit\/scheepjes-unity\/","og_locale":"fr_FR","og_type":"article","og_title":"Scheepjes - Unity &#171; Swiss Crochet","og_description":"Scheepjes Unity est un fil fingering simple brin en m\u00e9rinos superwash et polyamide. Id\u00e9al pour les v\u00eatements, les chaussettes et les accessoires avec une d\u00e9finition de point nette.","og_url":"https:\/\/www.swisscrochet.ch\/fr\/produit\/scheepjes-unity\/","og_site_name":"Swiss Crochet","article_modified_time":"2026-03-06T18:42:02+00:00","og_image":[{"width":1000,"height":1000,"url":"https:\/\/www.swisscrochet.ch\/wp-content\/uploads\/2026\/02\/Scheepjes-Unity-Overview.jpg","type":"image\/jpeg"}],"twitter_card":"summary_large_image","twitter_misc":{"Dur\u00e9e de lecture estim\u00e9e":"1 minute"},"schema":{"@context":"https:\/\/schema.org","@graph":[{"@type":["WebPage","ItemPage"],"@id":"https:\/\/www.swisscrochet.ch\/fr\/produit\/scheepjes-unity\/","url":"https:\/\/www.swisscrochet.ch\/fr\/produit\/scheepjes-unity\/","name":"Scheepjes - Unity &#171; Swiss Crochet","isPartOf":{"@id":"https:\/\/www.swisscrochet.ch\/#website"},"primaryImageOfPage":{"@id":"https:\/\/www.swisscrochet.ch\/fr\/produit\/scheepjes-unity\/#primaryimage"},"image":{"@id":"https:\/\/www.swisscrochet.ch\/fr\/produit\/scheepjes-unity\/#primaryimage"},"thumbnailUrl":"https:\/\/www.swisscrochet.ch\/wp-content\/uploads\/2026\/02\/Scheepjes-Unity-Overview.jpg","datePublished":"2026-02-19T15:00:51+00:00","dateModified":"2026-03-06T18:42:02+00:00","description":"Scheepjes Unity est un fil fingering simple brin en m\u00e9rinos superwash et polyamide. Id\u00e9al pour les v\u00eatements, les chaussettes et les accessoires avec une d\u00e9finition de point nette.","breadcrumb":{"@id":"https:\/\/www.swisscrochet.ch\/fr\/produit\/scheepjes-unity\/#breadcrumb"},"inLanguage":"fr-FR","potentialAction":[{"@type":"ReadAction","target":["https:\/\/www.swisscrochet.ch\/fr\/produit\/scheepjes-unity\/"]}]},{"@type":"ImageObject","inLanguage":"fr-FR","@id":"https:\/\/www.swisscrochet.ch\/fr\/produit\/scheepjes-unity\/#primaryimage","url":"https:\/\/www.swisscrochet.ch\/wp-content\/uploads\/2026\/02\/Scheepjes-Unity-Overview.jpg","contentUrl":"https:\/\/www.swisscrochet.ch\/wp-content\/uploads\/2026\/02\/Scheepjes-Unity-Overview.jpg","width":1000,"height":1000},{"@type":"BreadcrumbList","@id":"https:\/\/www.swisscrochet.ch\/fr\/produit\/scheepjes-unity\/#breadcrumb","itemListElement":[{"@type":"ListItem","position":1,"name":"Home","item":"https:\/\/www.swisscrochet.ch\/fr\/"},{"@type":"ListItem","position":2,"name":"Boutique","item":"https:\/\/www.swisscrochet.ch\/fr\/boutique\/"},{"@type":"ListItem","position":3,"name":"Scheepjes &#8211; Unity"}]},{"@type":"WebSite","@id":"https:\/\/www.swisscrochet.ch\/#website","url":"https:\/\/www.swisscrochet.ch\/","name":"Swiss Crochet","description":"Lib\u00e9rez votre potentiel cr\u00e9atif","potentialAction":[{"@type":"SearchAction","target":{"@type":"EntryPoint","urlTemplate":"https:\/\/www.swisscrochet.ch\/?s={search_term_string}"},"query-input":{"@type":"PropertyValueSpecification","valueRequired":true,"valueName":"search_term_string"}}],"inLanguage":"fr-FR"}]}},"_links":{"self":[{"href":"https:\/\/www.swisscrochet.ch\/fr\/wp-json\/wp\/v2\/product\/24053","targetHints":{"allow":["GET"]}}],"collection":[{"href":"https:\/\/www.swisscrochet.ch\/fr\/wp-json\/wp\/v2\/product"}],"about":[{"href":"https:\/\/www.swisscrochet.ch\/fr\/wp-json\/wp\/v2\/types\/product"}],"wp:featuredmedia":[{"embeddable":true,"href":"https:\/\/www.swisscrochet.ch\/fr\/wp-json\/wp\/v2\/media\/24050"}],"wp:attachment":[{"href":"https:\/\/www.swisscrochet.ch\/fr\/wp-json\/wp\/v2\/media?parent=24053"}],"wp:term":[{"taxonomy":"product_brand","embeddable":true,"href":"https:\/\/www.swisscrochet.ch\/fr\/wp-json\/wp\/v2\/product_brand?post=24053"},{"taxonomy":"product_cat","embeddable":true,"href":"https:\/\/www.swisscrochet.ch\/fr\/wp-json\/wp\/v2\/product_cat?post=24053"},{"taxonomy":"product_tag","embeddable":true,"href":"https:\/\/www.swisscrochet.ch\/fr\/wp-json\/wp\/v2\/product_tag?post=24053"}],"curies":[{"name":"wp","href":"https:\/\/api.w.org\/{rel}","templated":true}]}}