{"id":24567,"date":"2026-02-19T18:55:47","date_gmt":"2026-02-19T17:55:47","guid":{"rendered":"https:\/\/www.swisscrochet.ch\/product\/scheepjes-little-darling-sprinkled-gradient-colour-pack\/"},"modified":"2026-02-19T19:03:12","modified_gmt":"2026-02-19T18:03:12","slug":"scheepjes-little-darling-sprinkled-gradient-colour-pack","status":"publish","type":"product","link":"https:\/\/www.swisscrochet.ch\/fr\/produit\/scheepjes-little-darling-sprinkled-gradient-colour-pack\/","title":{"rendered":"Scheepjes &#8211; Little Darling Sprinkled Gradient Colour Pack"},"content":{"rendered":"","protected":false},"excerpt":{"rendered":"<p>Lib\u00e9rez votre cr\u00e9ativit\u00e9 avec le Little Darling Sprinkled Gradient Colour Pack.<\/p>\n<p>Ces Little Darling Colour Packs th\u00e9matiques ont \u00e9t\u00e9 soigneusement compos\u00e9s en collaboration avec Anoek de Nooks Hooks, dont le style expressif et centr\u00e9 sur les personnages se refl\u00e8te dans chaque palette de couleurs. Chaque pelote douce et c\u00e2line pr\u00e9sente des sections mouchet\u00e9es ludiques qui se transforment progressivement en rayures d\u00e9licates et picturales au fur et \u00e0 mesure du crochet \u2014 sans changement de fil.<\/p>\n<p>Id\u00e9aux pour les projets multicolores et les cr\u00e9ations amigurumi, ces packs offrent des combinaisons inspirantes adapt\u00e9es \u00e0 une grande vari\u00e9t\u00e9 d\u2019id\u00e9es cr\u00e9atives.<\/p>\n<p>Avec ce kit de fils, vous recevrez, selon le pack s\u00e9lectionn\u00e9 :<\/p>\n<ul>\n<li>4 \u00e0 6 petites pelotes de Scheepjes Little Darling (100 % polyester \u2013 25 g \/ 45 m chacune)<\/li>\n<\/ul>\n<p><em>Remarque : Ce kit de fils comprend uniquement le fil, aucun mod\u00e8le ni crochet\/outils ne sont inclus.<\/em><\/p>\n","protected":false},"featured_media":24527,"template":"","meta":[],"product_brand":[],"product_cat":[331,1677],"product_tag":[],"class_list":{"0":"post-24567","1":"product","2":"type-product","3":"status-publish","4":"has-post-thumbnail","6":"product_cat-kits-de-fils","7":"product_cat-kits-de-fils-packs-de-fil","8":"pa_t1-manufacturer-scheepjes-fr","9":"description-off","11":"first","12":"instock","13":"taxable","14":"shipping-taxable","15":"purchasable","16":"product-type-variable","17":"wvs-archive-product-wrapper"},"bundled_by":[],"bundle_stock_status":"instock","bundle_stock_quantity":null,"bundle_virtual":false,"bundle_layout":"","bundle_add_to_cart_form_location":"","bundle_editable_in_cart":false,"bundle_sold_individually_context":"","bundle_item_grouping":"","bundle_min_size":"","bundle_max_size":"","bundle_price":[],"bundled_items":[],"bundle_sell_ids":[],"yoast_head":"<!-- This site is optimized with the Yoast SEO plugin v27.4 - https:\/\/yoast.com\/product\/yoast-seo-wordpress\/ -->\n<title>Scheepjes - Little Darling Sprinkled Gradient Colour Pack &#171; Swiss Crochet<\/title>\n<meta name=\"description\" content=\"Little Darling Sprinkled Gradient Colour Pack avec diff\u00e9rentes couleurs de fil chenille. Parfait pour les amigurumis et les projets de crochet multicolores.\" \/>\n<meta name=\"robots\" content=\"index, follow, max-snippet:-1, max-image-preview:large, max-video-preview:-1\" \/>\n<link rel=\"canonical\" href=\"https:\/\/www.swisscrochet.ch\/fr\/produit\/scheepjes-little-darling-sprinkled-gradient-colour-pack\/\" \/>\n<meta property=\"og:locale\" content=\"fr_FR\" \/>\n<meta property=\"og:type\" content=\"article\" \/>\n<meta property=\"og:title\" content=\"Scheepjes - Little Darling Sprinkled Gradient Colour Pack &#171; Swiss Crochet\" \/>\n<meta property=\"og:description\" content=\"Little Darling Sprinkled Gradient Colour Pack avec diff\u00e9rentes couleurs de fil chenille. Parfait pour les amigurumis et les projets de crochet multicolores.\" \/>\n<meta property=\"og:url\" content=\"https:\/\/www.swisscrochet.ch\/fr\/produit\/scheepjes-little-darling-sprinkled-gradient-colour-pack\/\" \/>\n<meta property=\"og:site_name\" content=\"Swiss Crochet\" \/>\n<meta property=\"article:modified_time\" content=\"2026-02-19T18:03:12+00:00\" \/>\n<meta property=\"og:image\" content=\"https:\/\/www.swisscrochet.ch\/wp-content\/uploads\/2026\/02\/Scheepjes-Little-Darling-Sprinkled-Gradient-Colour-Pack-Overview.jpg\" \/>\n\t<meta property=\"og:image:width\" content=\"1000\" \/>\n\t<meta property=\"og:image:height\" content=\"1000\" \/>\n\t<meta property=\"og:image:type\" content=\"image\/jpeg\" \/>\n<meta name=\"twitter:card\" content=\"summary_large_image\" \/>\n<meta name=\"twitter:label1\" content=\"Dur\u00e9e de lecture estim\u00e9e\" \/>\n\t<meta name=\"twitter:data1\" content=\"1 minute\" \/>\n<script type=\"application\/ld+json\" class=\"yoast-schema-graph\">{\"@context\":\"https:\\\/\\\/schema.org\",\"@graph\":[{\"@type\":[\"WebPage\",\"ItemPage\"],\"@id\":\"https:\\\/\\\/www.swisscrochet.ch\\\/fr\\\/produit\\\/scheepjes-little-darling-sprinkled-gradient-colour-pack\\\/\",\"url\":\"https:\\\/\\\/www.swisscrochet.ch\\\/fr\\\/produit\\\/scheepjes-little-darling-sprinkled-gradient-colour-pack\\\/\",\"name\":\"Scheepjes - Little Darling Sprinkled Gradient Colour Pack &#171; Swiss Crochet\",\"isPartOf\":{\"@id\":\"https:\\\/\\\/www.swisscrochet.ch\\\/#website\"},\"primaryImageOfPage\":{\"@id\":\"https:\\\/\\\/www.swisscrochet.ch\\\/fr\\\/produit\\\/scheepjes-little-darling-sprinkled-gradient-colour-pack\\\/#primaryimage\"},\"image\":{\"@id\":\"https:\\\/\\\/www.swisscrochet.ch\\\/fr\\\/produit\\\/scheepjes-little-darling-sprinkled-gradient-colour-pack\\\/#primaryimage\"},\"thumbnailUrl\":\"https:\\\/\\\/www.swisscrochet.ch\\\/wp-content\\\/uploads\\\/2026\\\/02\\\/Scheepjes-Little-Darling-Sprinkled-Gradient-Colour-Pack-Overview.jpg\",\"datePublished\":\"2026-02-19T17:55:47+00:00\",\"dateModified\":\"2026-02-19T18:03:12+00:00\",\"description\":\"Little Darling Sprinkled Gradient Colour Pack avec diff\u00e9rentes couleurs de fil chenille. Parfait pour les amigurumis et les projets de crochet multicolores.\",\"breadcrumb\":{\"@id\":\"https:\\\/\\\/www.swisscrochet.ch\\\/fr\\\/produit\\\/scheepjes-little-darling-sprinkled-gradient-colour-pack\\\/#breadcrumb\"},\"inLanguage\":\"fr-FR\",\"potentialAction\":[{\"@type\":\"ReadAction\",\"target\":[\"https:\\\/\\\/www.swisscrochet.ch\\\/fr\\\/produit\\\/scheepjes-little-darling-sprinkled-gradient-colour-pack\\\/\"]}]},{\"@type\":\"ImageObject\",\"inLanguage\":\"fr-FR\",\"@id\":\"https:\\\/\\\/www.swisscrochet.ch\\\/fr\\\/produit\\\/scheepjes-little-darling-sprinkled-gradient-colour-pack\\\/#primaryimage\",\"url\":\"https:\\\/\\\/www.swisscrochet.ch\\\/wp-content\\\/uploads\\\/2026\\\/02\\\/Scheepjes-Little-Darling-Sprinkled-Gradient-Colour-Pack-Overview.jpg\",\"contentUrl\":\"https:\\\/\\\/www.swisscrochet.ch\\\/wp-content\\\/uploads\\\/2026\\\/02\\\/Scheepjes-Little-Darling-Sprinkled-Gradient-Colour-Pack-Overview.jpg\",\"width\":1000,\"height\":1000},{\"@type\":\"BreadcrumbList\",\"@id\":\"https:\\\/\\\/www.swisscrochet.ch\\\/fr\\\/produit\\\/scheepjes-little-darling-sprinkled-gradient-colour-pack\\\/#breadcrumb\",\"itemListElement\":[{\"@type\":\"ListItem\",\"position\":1,\"name\":\"Home\",\"item\":\"https:\\\/\\\/www.swisscrochet.ch\\\/fr\\\/\"},{\"@type\":\"ListItem\",\"position\":2,\"name\":\"Boutique\",\"item\":\"https:\\\/\\\/www.swisscrochet.ch\\\/fr\\\/boutique\\\/\"},{\"@type\":\"ListItem\",\"position\":3,\"name\":\"Scheepjes &#8211; Little Darling Sprinkled Gradient Colour Pack\"}]},{\"@type\":\"WebSite\",\"@id\":\"https:\\\/\\\/www.swisscrochet.ch\\\/#website\",\"url\":\"https:\\\/\\\/www.swisscrochet.ch\\\/\",\"name\":\"Swiss Crochet\",\"description\":\"Lib\u00e9rez votre potentiel cr\u00e9atif\",\"potentialAction\":[{\"@type\":\"SearchAction\",\"target\":{\"@type\":\"EntryPoint\",\"urlTemplate\":\"https:\\\/\\\/www.swisscrochet.ch\\\/?s={search_term_string}\"},\"query-input\":{\"@type\":\"PropertyValueSpecification\",\"valueRequired\":true,\"valueName\":\"search_term_string\"}}],\"inLanguage\":\"fr-FR\"}]}<\/script>\n<!-- \/ Yoast SEO plugin. -->","yoast_head_json":{"title":"Scheepjes - Little Darling Sprinkled Gradient Colour Pack &#171; Swiss Crochet","description":"Little Darling Sprinkled Gradient Colour Pack avec diff\u00e9rentes couleurs de fil chenille. Parfait pour les amigurumis et les projets de crochet multicolores.","robots":{"index":"index","follow":"follow","max-snippet":"max-snippet:-1","max-image-preview":"max-image-preview:large","max-video-preview":"max-video-preview:-1"},"canonical":"https:\/\/www.swisscrochet.ch\/fr\/produit\/scheepjes-little-darling-sprinkled-gradient-colour-pack\/","og_locale":"fr_FR","og_type":"article","og_title":"Scheepjes - Little Darling Sprinkled Gradient Colour Pack &#171; Swiss Crochet","og_description":"Little Darling Sprinkled Gradient Colour Pack avec diff\u00e9rentes couleurs de fil chenille. Parfait pour les amigurumis et les projets de crochet multicolores.","og_url":"https:\/\/www.swisscrochet.ch\/fr\/produit\/scheepjes-little-darling-sprinkled-gradient-colour-pack\/","og_site_name":"Swiss Crochet","article_modified_time":"2026-02-19T18:03:12+00:00","og_image":[{"width":1000,"height":1000,"url":"https:\/\/www.swisscrochet.ch\/wp-content\/uploads\/2026\/02\/Scheepjes-Little-Darling-Sprinkled-Gradient-Colour-Pack-Overview.jpg","type":"image\/jpeg"}],"twitter_card":"summary_large_image","twitter_misc":{"Dur\u00e9e de lecture estim\u00e9e":"1 minute"},"schema":{"@context":"https:\/\/schema.org","@graph":[{"@type":["WebPage","ItemPage"],"@id":"https:\/\/www.swisscrochet.ch\/fr\/produit\/scheepjes-little-darling-sprinkled-gradient-colour-pack\/","url":"https:\/\/www.swisscrochet.ch\/fr\/produit\/scheepjes-little-darling-sprinkled-gradient-colour-pack\/","name":"Scheepjes - Little Darling Sprinkled Gradient Colour Pack &#171; Swiss Crochet","isPartOf":{"@id":"https:\/\/www.swisscrochet.ch\/#website"},"primaryImageOfPage":{"@id":"https:\/\/www.swisscrochet.ch\/fr\/produit\/scheepjes-little-darling-sprinkled-gradient-colour-pack\/#primaryimage"},"image":{"@id":"https:\/\/www.swisscrochet.ch\/fr\/produit\/scheepjes-little-darling-sprinkled-gradient-colour-pack\/#primaryimage"},"thumbnailUrl":"https:\/\/www.swisscrochet.ch\/wp-content\/uploads\/2026\/02\/Scheepjes-Little-Darling-Sprinkled-Gradient-Colour-Pack-Overview.jpg","datePublished":"2026-02-19T17:55:47+00:00","dateModified":"2026-02-19T18:03:12+00:00","description":"Little Darling Sprinkled Gradient Colour Pack avec diff\u00e9rentes couleurs de fil chenille. Parfait pour les amigurumis et les projets de crochet multicolores.","breadcrumb":{"@id":"https:\/\/www.swisscrochet.ch\/fr\/produit\/scheepjes-little-darling-sprinkled-gradient-colour-pack\/#breadcrumb"},"inLanguage":"fr-FR","potentialAction":[{"@type":"ReadAction","target":["https:\/\/www.swisscrochet.ch\/fr\/produit\/scheepjes-little-darling-sprinkled-gradient-colour-pack\/"]}]},{"@type":"ImageObject","inLanguage":"fr-FR","@id":"https:\/\/www.swisscrochet.ch\/fr\/produit\/scheepjes-little-darling-sprinkled-gradient-colour-pack\/#primaryimage","url":"https:\/\/www.swisscrochet.ch\/wp-content\/uploads\/2026\/02\/Scheepjes-Little-Darling-Sprinkled-Gradient-Colour-Pack-Overview.jpg","contentUrl":"https:\/\/www.swisscrochet.ch\/wp-content\/uploads\/2026\/02\/Scheepjes-Little-Darling-Sprinkled-Gradient-Colour-Pack-Overview.jpg","width":1000,"height":1000},{"@type":"BreadcrumbList","@id":"https:\/\/www.swisscrochet.ch\/fr\/produit\/scheepjes-little-darling-sprinkled-gradient-colour-pack\/#breadcrumb","itemListElement":[{"@type":"ListItem","position":1,"name":"Home","item":"https:\/\/www.swisscrochet.ch\/fr\/"},{"@type":"ListItem","position":2,"name":"Boutique","item":"https:\/\/www.swisscrochet.ch\/fr\/boutique\/"},{"@type":"ListItem","position":3,"name":"Scheepjes &#8211; Little Darling Sprinkled Gradient Colour Pack"}]},{"@type":"WebSite","@id":"https:\/\/www.swisscrochet.ch\/#website","url":"https:\/\/www.swisscrochet.ch\/","name":"Swiss Crochet","description":"Lib\u00e9rez votre potentiel cr\u00e9atif","potentialAction":[{"@type":"SearchAction","target":{"@type":"EntryPoint","urlTemplate":"https:\/\/www.swisscrochet.ch\/?s={search_term_string}"},"query-input":{"@type":"PropertyValueSpecification","valueRequired":true,"valueName":"search_term_string"}}],"inLanguage":"fr-FR"}]}},"_links":{"self":[{"href":"https:\/\/www.swisscrochet.ch\/fr\/wp-json\/wp\/v2\/product\/24567","targetHints":{"allow":["GET"]}}],"collection":[{"href":"https:\/\/www.swisscrochet.ch\/fr\/wp-json\/wp\/v2\/product"}],"about":[{"href":"https:\/\/www.swisscrochet.ch\/fr\/wp-json\/wp\/v2\/types\/product"}],"wp:featuredmedia":[{"embeddable":true,"href":"https:\/\/www.swisscrochet.ch\/fr\/wp-json\/wp\/v2\/media\/24527"}],"wp:attachment":[{"href":"https:\/\/www.swisscrochet.ch\/fr\/wp-json\/wp\/v2\/media?parent=24567"}],"wp:term":[{"taxonomy":"product_brand","embeddable":true,"href":"https:\/\/www.swisscrochet.ch\/fr\/wp-json\/wp\/v2\/product_brand?post=24567"},{"taxonomy":"product_cat","embeddable":true,"href":"https:\/\/www.swisscrochet.ch\/fr\/wp-json\/wp\/v2\/product_cat?post=24567"},{"taxonomy":"product_tag","embeddable":true,"href":"https:\/\/www.swisscrochet.ch\/fr\/wp-json\/wp\/v2\/product_tag?post=24567"}],"curies":[{"name":"wp","href":"https:\/\/api.w.org\/{rel}","templated":true}]}}