{"id":24859,"date":"2026-02-25T20:33:53","date_gmt":"2026-02-25T19:33:53","guid":{"rendered":"https:\/\/www.swisscrochet.ch\/product\/geometric-journey-cal-yarn-kit\/"},"modified":"2026-02-25T20:41:43","modified_gmt":"2026-02-25T19:41:43","slug":"geometric-journey-cal-kit-de-fils","status":"publish","type":"product","link":"https:\/\/www.swisscrochet.ch\/fr\/produit\/geometric-journey-cal-kit-de-fils\/","title":{"rendered":"Geometric Journey CAL &#8211; Kit de fils"},"content":{"rendered":"","protected":false},"excerpt":{"rendered":"<p><em>\u00ab\u00a0Dans ce CAL, nous utiliserons une technique de mosa\u00efque r\u00e9versible pour cr\u00e9er les diff\u00e9rents motifs mosa\u00efque de ce ch\u00e2le, ce qui signifie qu\u2019il est identique des deux c\u00f4t\u00e9s. Il n\u2019y a ni endroit ni envers, et le ch\u00e2le est magnifique quelle que soit la fa\u00e7on dont vous le portez. Autre avantage : vous ne coupez jamais le fil avant que le ch\u00e2le ne soit termin\u00e9.<\/em><\/p>\n<p><em>M\u00eame si le mod\u00e8le semble avanc\u00e9, il est en r\u00e9alit\u00e9 r\u00e9alis\u00e9 uniquement avec des points de base (maille en l\u2019air, maille coul\u00e9e, maille serr\u00e9e et bride demi-haute). Si vous ma\u00eetrisez ces points, vous pouvez r\u00e9aliser ce ch\u00e2le.<\/em><\/p>\n<p><em>En \u00e9crivant ce mod\u00e8le, je voulais qu\u2019une crocheteuse d\u00e9butante (et aventureuse) puisse \u00e9galement le suivre et le r\u00e9aliser. Chaque partie comprend des instructions \u00e9crites, de nombreuses photos d\u2019\u00e9tapes et des diagrammes. Je serai \u00e9galement disponible dans mon groupe FB pendant toute la dur\u00e9e du CAL pour soutenir et aider.\u00a0\u00bb<\/em> Johanna Lindahl<\/p>\n<p><strong>Informations sur le projet :<\/strong><br \/>\nLe CAL se d\u00e9roulera sur 5 semaines et Johanna l\u2019animera dans son groupe Facebook <a href=\"https:\/\/www.facebook.com\/groups\/mijocrochethangout\/\" target=\"_blank\" rel=\"noopener\">Mijo Crochet Hangout<\/a>. Elle sera disponible chaque jour pour r\u00e9pondre aux questions dans le groupe. Elle publiera \u00e9galement de courtes vid\u00e9os sur la technique de mosa\u00efque r\u00e9versible dans le groupe et sur sa cha\u00eene <a href=\"https:\/\/www.youtube.com\/@Mijo_Crochet\" target=\"_blank\" rel=\"noopener\">YouTube<\/a>.<\/p>\n<p>Vous pouvez bien s\u00fbr r\u00e9aliser ce CAL sans rejoindre son groupe Facebook.<\/p>\n<ul>\n<li>En savoir plus sur le site de Johanna : <a href=\"https:\/\/mijocrochet.se\/2026\/01\/30\/geometric-journey-cal-information\/\" target=\"_blank\" rel=\"noopener\">mijocrochet.se<\/a>.<\/li>\n<li>Suggestions de combinaisons de couleurs disponibles sur Instagram : <a href=\"https:\/\/www.ravelry.com\/patterns\/library\/@mijocrochet\" target=\"_blank\" rel=\"noopener\">@mijocrochet<\/a><\/li>\n<li>Toutes les images pr\u00e9sent\u00e9es appartiennent \u00e0 Johanna Lindahl, Mijo Crochet.<\/li>\n<\/ul>\n<p><strong>Dates importantes :<\/strong><\/p>\n<ul>\n<li>4 mars \u2013 Partie 1 : The Geometric Journey Starts!<\/li>\n<li>11 mars \u2013 Partie 2<\/li>\n<li>18 mars \u2013 Partie 3<\/li>\n<li>25 mars \u2013 Partie 4<\/li>\n<li>1er avril \u2013 Partie 5<\/li>\n<\/ul>\n<p><strong>Le kit comprend :<\/strong><\/p>\n<ul>\n<li>une copie num\u00e9rique du <a href=\"www.ravelry.com\/patterns\/library\/geometric-journey-cal\">mod\u00e8le Geometric Journey CAL de Johanna Lindahl<\/a> (disponible en anglais, allemand, danois, n\u00e9erlandais, japonais, espagnol et su\u00e9dois)<\/li>\n<li>1 pelote de Cotton Whirl, dans la couleur de votre choix<\/li>\n<li>2 pelotes de Cotton Whirlette, dans la couleur de votre choix<\/li>\n<\/ul>\n<p>&#8211;&gt; Pour plus de confort, vous pouvez \u00e9galement ajouter un crochet de 3.50 mm \u00e0 votre kit.<\/p>\n<p>Tout ce dont vous avez besoin pour commencer votre prochain projet pr\u00e9f\u00e9r\u00e9 \u2014 simple, \u00e9l\u00e9gant et inspirant.<\/p>\n","protected":false},"featured_media":24831,"template":"","meta":[],"product_brand":[],"product_cat":[1661,331],"product_tag":[2113,2115],"class_list":{"0":"post-24859","1":"product","2":"type-product","3":"status-publish","4":"has-post-thumbnail","6":"product_cat-kits-de-fils-accessoires","7":"product_cat-kits-de-fils","8":"product_tag-cotton-whirl","9":"product_tag-cotton-whirlette","10":"description-off","12":"first","13":"instock","14":"virtual","15":"taxable","16":"purchasable","17":"product-type-bundle"},"bundled_by":[],"bundle_stock_status":"instock","bundle_stock_quantity":48,"bundle_virtual":false,"bundle_layout":"default","bundle_add_to_cart_form_location":"default","bundle_editable_in_cart":false,"bundle_sold_individually_context":"product","bundle_item_grouping":"parent","bundle_min_size":"","bundle_max_size":"","bundle_price":{"price":{"min":{"incl_tax":"55.7","excl_tax":"51.53"},"max":{"incl_tax":"68.6","excl_tax":"63.46"}},"regular_price":{"min":{"incl_tax":"55.7","excl_tax":"51.53"},"max":{"incl_tax":"68.6","excl_tax":"63.46"}}},"bundled_items":[{"bundled_item_id":854,"product_id":20875,"menu_order":0,"quantity_min":1,"quantity_max":1,"quantity_default":1,"priced_individually":true,"shipped_individually":false,"override_title":false,"title":"Scheepjes &#8211; Cotton Whirl","override_description":true,"description":"","optional":false,"hide_thumbnail":false,"discount":"","override_variations":false,"allowed_variations":[""],"override_default_variation_attributes":false,"default_variation_attributes":[],"single_product_visibility":"visible","cart_visibility":"visible","order_visibility":"visible","single_product_price_visibility":"visible","cart_price_visibility":"visible","order_price_visibility":"visible","stock_status":"in_stock"},{"bundled_item_id":855,"product_id":23864,"menu_order":1,"quantity_min":2,"quantity_max":2,"quantity_default":2,"priced_individually":true,"shipped_individually":false,"override_title":false,"title":"Scheepjes &#8211; Cotton Whirlette","override_description":true,"description":"","optional":false,"hide_thumbnail":false,"discount":"","override_variations":false,"allowed_variations":[""],"override_default_variation_attributes":false,"default_variation_attributes":[],"single_product_visibility":"visible","cart_visibility":"visible","order_visibility":"visible","single_product_price_visibility":"visible","cart_price_visibility":"visible","order_price_visibility":"visible","stock_status":"in_stock"},{"bundled_item_id":856,"product_id":3501,"menu_order":2,"quantity_min":1,"quantity_max":1,"quantity_default":1,"priced_individually":true,"shipped_individually":false,"override_title":false,"title":"Tulip &#8211; Etimo Red &#8211; Crochet avec manche souple","override_description":true,"description":"","optional":true,"hide_thumbnail":false,"discount":"","override_variations":true,"allowed_variations":[3507],"override_default_variation_attributes":true,"default_variation_attributes":[{"id":0,"name":"Size","option":"3.50 mm"}],"single_product_visibility":"visible","cart_visibility":"visible","order_visibility":"visible","single_product_price_visibility":"visible","cart_price_visibility":"visible","order_price_visibility":"visible","stock_status":"in_stock"}],"bundle_sell_ids":[],"yoast_head":"<!-- This site is optimized with the Yoast SEO plugin v27.4 - https:\/\/yoast.com\/product\/yoast-seo-wordpress\/ -->\n<title>Geometric Journey CAL - Kit de fils &#171; Swiss Crochet<\/title>\n<meta name=\"description\" content=\"Mod\u00e8le CAL de ch\u00e2le en crochet mosa\u00efque r\u00e9versible utilisant des points de base. Comprend des diagrammes, des photos et un accompagnement. Aucun fil \u00e0 couper avant la fin.\" \/>\n<meta name=\"robots\" content=\"index, follow, max-snippet:-1, max-image-preview:large, max-video-preview:-1\" \/>\n<link rel=\"canonical\" href=\"https:\/\/www.swisscrochet.ch\/product\/geometric-journey-cal-yarn-kit\/\" \/>\n<meta property=\"og:locale\" content=\"fr_FR\" \/>\n<meta property=\"og:type\" content=\"article\" \/>\n<meta property=\"og:title\" content=\"Geometric Journey CAL - Kit de fils &#171; Swiss Crochet\" \/>\n<meta property=\"og:description\" content=\"Mod\u00e8le CAL de ch\u00e2le en crochet mosa\u00efque r\u00e9versible utilisant des points de base. Comprend des diagrammes, des photos et un accompagnement. Aucun fil \u00e0 couper avant la fin.\" \/>\n<meta property=\"og:url\" content=\"https:\/\/www.swisscrochet.ch\/product\/geometric-journey-cal-yarn-kit\/\" \/>\n<meta property=\"og:site_name\" content=\"Swiss Crochet\" \/>\n<meta property=\"article:modified_time\" content=\"2026-02-25T19:41:43+00:00\" \/>\n<meta property=\"og:image\" content=\"https:\/\/www.swisscrochet.ch\/wp-content\/uploads\/2026\/02\/Geometric-Journey-CAL-Yarn-Kit-1.webp\" \/>\n\t<meta property=\"og:image:width\" content=\"640\" \/>\n\t<meta property=\"og:image:height\" content=\"640\" \/>\n\t<meta property=\"og:image:type\" content=\"image\/webp\" \/>\n<meta name=\"twitter:card\" content=\"summary_large_image\" \/>\n<meta name=\"twitter:label1\" content=\"Dur\u00e9e de lecture estim\u00e9e\" \/>\n\t<meta name=\"twitter:data1\" content=\"1 minute\" \/>\n<script type=\"application\/ld+json\" class=\"yoast-schema-graph\">{\"@context\":\"https:\\\/\\\/schema.org\",\"@graph\":[{\"@type\":[\"WebPage\",\"ItemPage\"],\"@id\":\"https:\\\/\\\/www.swisscrochet.ch\\\/product\\\/geometric-journey-cal-yarn-kit\\\/\",\"url\":\"https:\\\/\\\/www.swisscrochet.ch\\\/product\\\/geometric-journey-cal-yarn-kit\\\/\",\"name\":\"Geometric Journey CAL - Kit de fils &#171; Swiss Crochet\",\"isPartOf\":{\"@id\":\"https:\\\/\\\/www.swisscrochet.ch\\\/#website\"},\"primaryImageOfPage\":{\"@id\":\"https:\\\/\\\/www.swisscrochet.ch\\\/product\\\/geometric-journey-cal-yarn-kit\\\/#primaryimage\"},\"image\":{\"@id\":\"https:\\\/\\\/www.swisscrochet.ch\\\/product\\\/geometric-journey-cal-yarn-kit\\\/#primaryimage\"},\"thumbnailUrl\":\"https:\\\/\\\/www.swisscrochet.ch\\\/wp-content\\\/uploads\\\/2026\\\/02\\\/Geometric-Journey-CAL-Yarn-Kit-1.webp\",\"datePublished\":\"2026-02-25T19:33:53+00:00\",\"dateModified\":\"2026-02-25T19:41:43+00:00\",\"description\":\"Mod\u00e8le CAL de ch\u00e2le en crochet mosa\u00efque r\u00e9versible utilisant des points de base. Comprend des diagrammes, des photos et un accompagnement. Aucun fil \u00e0 couper avant la fin.\",\"breadcrumb\":{\"@id\":\"https:\\\/\\\/www.swisscrochet.ch\\\/product\\\/geometric-journey-cal-yarn-kit\\\/#breadcrumb\"},\"inLanguage\":\"fr-FR\",\"potentialAction\":[{\"@type\":\"ReadAction\",\"target\":[\"https:\\\/\\\/www.swisscrochet.ch\\\/product\\\/geometric-journey-cal-yarn-kit\\\/\"]}]},{\"@type\":\"ImageObject\",\"inLanguage\":\"fr-FR\",\"@id\":\"https:\\\/\\\/www.swisscrochet.ch\\\/product\\\/geometric-journey-cal-yarn-kit\\\/#primaryimage\",\"url\":\"https:\\\/\\\/www.swisscrochet.ch\\\/wp-content\\\/uploads\\\/2026\\\/02\\\/Geometric-Journey-CAL-Yarn-Kit-1.webp\",\"contentUrl\":\"https:\\\/\\\/www.swisscrochet.ch\\\/wp-content\\\/uploads\\\/2026\\\/02\\\/Geometric-Journey-CAL-Yarn-Kit-1.webp\",\"width\":640,\"height\":640},{\"@type\":\"BreadcrumbList\",\"@id\":\"https:\\\/\\\/www.swisscrochet.ch\\\/product\\\/geometric-journey-cal-yarn-kit\\\/#breadcrumb\",\"itemListElement\":[{\"@type\":\"ListItem\",\"position\":1,\"name\":\"Home\",\"item\":\"https:\\\/\\\/www.swisscrochet.ch\\\/fr\\\/\"},{\"@type\":\"ListItem\",\"position\":2,\"name\":\"Boutique\",\"item\":\"https:\\\/\\\/www.swisscrochet.ch\\\/fr\\\/boutique\\\/\"},{\"@type\":\"ListItem\",\"position\":3,\"name\":\"Geometric Journey CAL &#8211; Kit de fils\"}]},{\"@type\":\"WebSite\",\"@id\":\"https:\\\/\\\/www.swisscrochet.ch\\\/#website\",\"url\":\"https:\\\/\\\/www.swisscrochet.ch\\\/\",\"name\":\"Swiss Crochet\",\"description\":\"Lib\u00e9rez votre potentiel cr\u00e9atif\",\"potentialAction\":[{\"@type\":\"SearchAction\",\"target\":{\"@type\":\"EntryPoint\",\"urlTemplate\":\"https:\\\/\\\/www.swisscrochet.ch\\\/?s={search_term_string}\"},\"query-input\":{\"@type\":\"PropertyValueSpecification\",\"valueRequired\":true,\"valueName\":\"search_term_string\"}}],\"inLanguage\":\"fr-FR\"}]}<\/script>\n<!-- \/ Yoast SEO plugin. -->","yoast_head_json":{"title":"Geometric Journey CAL - Kit de fils &#171; Swiss Crochet","description":"Mod\u00e8le CAL de ch\u00e2le en crochet mosa\u00efque r\u00e9versible utilisant des points de base. Comprend des diagrammes, des photos et un accompagnement. Aucun fil \u00e0 couper avant la fin.","robots":{"index":"index","follow":"follow","max-snippet":"max-snippet:-1","max-image-preview":"max-image-preview:large","max-video-preview":"max-video-preview:-1"},"canonical":"https:\/\/www.swisscrochet.ch\/product\/geometric-journey-cal-yarn-kit\/","og_locale":"fr_FR","og_type":"article","og_title":"Geometric Journey CAL - Kit de fils &#171; Swiss Crochet","og_description":"Mod\u00e8le CAL de ch\u00e2le en crochet mosa\u00efque r\u00e9versible utilisant des points de base. Comprend des diagrammes, des photos et un accompagnement. Aucun fil \u00e0 couper avant la fin.","og_url":"https:\/\/www.swisscrochet.ch\/product\/geometric-journey-cal-yarn-kit\/","og_site_name":"Swiss Crochet","article_modified_time":"2026-02-25T19:41:43+00:00","og_image":[{"width":640,"height":640,"url":"https:\/\/www.swisscrochet.ch\/wp-content\/uploads\/2026\/02\/Geometric-Journey-CAL-Yarn-Kit-1.webp","type":"image\/webp"}],"twitter_card":"summary_large_image","twitter_misc":{"Dur\u00e9e de lecture estim\u00e9e":"1 minute"},"schema":{"@context":"https:\/\/schema.org","@graph":[{"@type":["WebPage","ItemPage"],"@id":"https:\/\/www.swisscrochet.ch\/product\/geometric-journey-cal-yarn-kit\/","url":"https:\/\/www.swisscrochet.ch\/product\/geometric-journey-cal-yarn-kit\/","name":"Geometric Journey CAL - Kit de fils &#171; Swiss Crochet","isPartOf":{"@id":"https:\/\/www.swisscrochet.ch\/#website"},"primaryImageOfPage":{"@id":"https:\/\/www.swisscrochet.ch\/product\/geometric-journey-cal-yarn-kit\/#primaryimage"},"image":{"@id":"https:\/\/www.swisscrochet.ch\/product\/geometric-journey-cal-yarn-kit\/#primaryimage"},"thumbnailUrl":"https:\/\/www.swisscrochet.ch\/wp-content\/uploads\/2026\/02\/Geometric-Journey-CAL-Yarn-Kit-1.webp","datePublished":"2026-02-25T19:33:53+00:00","dateModified":"2026-02-25T19:41:43+00:00","description":"Mod\u00e8le CAL de ch\u00e2le en crochet mosa\u00efque r\u00e9versible utilisant des points de base. Comprend des diagrammes, des photos et un accompagnement. Aucun fil \u00e0 couper avant la fin.","breadcrumb":{"@id":"https:\/\/www.swisscrochet.ch\/product\/geometric-journey-cal-yarn-kit\/#breadcrumb"},"inLanguage":"fr-FR","potentialAction":[{"@type":"ReadAction","target":["https:\/\/www.swisscrochet.ch\/product\/geometric-journey-cal-yarn-kit\/"]}]},{"@type":"ImageObject","inLanguage":"fr-FR","@id":"https:\/\/www.swisscrochet.ch\/product\/geometric-journey-cal-yarn-kit\/#primaryimage","url":"https:\/\/www.swisscrochet.ch\/wp-content\/uploads\/2026\/02\/Geometric-Journey-CAL-Yarn-Kit-1.webp","contentUrl":"https:\/\/www.swisscrochet.ch\/wp-content\/uploads\/2026\/02\/Geometric-Journey-CAL-Yarn-Kit-1.webp","width":640,"height":640},{"@type":"BreadcrumbList","@id":"https:\/\/www.swisscrochet.ch\/product\/geometric-journey-cal-yarn-kit\/#breadcrumb","itemListElement":[{"@type":"ListItem","position":1,"name":"Home","item":"https:\/\/www.swisscrochet.ch\/fr\/"},{"@type":"ListItem","position":2,"name":"Boutique","item":"https:\/\/www.swisscrochet.ch\/fr\/boutique\/"},{"@type":"ListItem","position":3,"name":"Geometric Journey CAL &#8211; Kit de fils"}]},{"@type":"WebSite","@id":"https:\/\/www.swisscrochet.ch\/#website","url":"https:\/\/www.swisscrochet.ch\/","name":"Swiss Crochet","description":"Lib\u00e9rez votre potentiel cr\u00e9atif","potentialAction":[{"@type":"SearchAction","target":{"@type":"EntryPoint","urlTemplate":"https:\/\/www.swisscrochet.ch\/?s={search_term_string}"},"query-input":{"@type":"PropertyValueSpecification","valueRequired":true,"valueName":"search_term_string"}}],"inLanguage":"fr-FR"}]}},"_links":{"self":[{"href":"https:\/\/www.swisscrochet.ch\/fr\/wp-json\/wp\/v2\/product\/24859","targetHints":{"allow":["GET"]}}],"collection":[{"href":"https:\/\/www.swisscrochet.ch\/fr\/wp-json\/wp\/v2\/product"}],"about":[{"href":"https:\/\/www.swisscrochet.ch\/fr\/wp-json\/wp\/v2\/types\/product"}],"wp:featuredmedia":[{"embeddable":true,"href":"https:\/\/www.swisscrochet.ch\/fr\/wp-json\/wp\/v2\/media\/24831"}],"wp:attachment":[{"href":"https:\/\/www.swisscrochet.ch\/fr\/wp-json\/wp\/v2\/media?parent=24859"}],"wp:term":[{"taxonomy":"product_brand","embeddable":true,"href":"https:\/\/www.swisscrochet.ch\/fr\/wp-json\/wp\/v2\/product_brand?post=24859"},{"taxonomy":"product_cat","embeddable":true,"href":"https:\/\/www.swisscrochet.ch\/fr\/wp-json\/wp\/v2\/product_cat?post=24859"},{"taxonomy":"product_tag","embeddable":true,"href":"https:\/\/www.swisscrochet.ch\/fr\/wp-json\/wp\/v2\/product_tag?post=24859"}],"curies":[{"name":"wp","href":"https:\/\/api.w.org\/{rel}","templated":true}]}}