{"id":25443,"date":"2026-03-03T16:40:30","date_gmt":"2026-03-03T15:40:30","guid":{"rendered":"https:\/\/www.swisscrochet.ch\/product\/theo-blanket-with-little-darling-yarn-kit\/"},"modified":"2026-03-03T16:46:08","modified_gmt":"2026-03-03T15:46:08","slug":"theo-blanket-avec-little-darling-kit-de-fils","status":"publish","type":"product","link":"https:\/\/www.swisscrochet.ch\/fr\/produit\/theo-blanket-avec-little-darling-kit-de-fils\/","title":{"rendered":"Theo Blanket avec Little Darling \u2013 Kit de fils"},"content":{"rendered":"","protected":false},"excerpt":{"rendered":"<p>La Theo Blanket est un projet rapide, facile et agr\u00e9able mettant en valeur le classique point de lin au crochet. Id\u00e9al pour les d\u00e9butantes souhaitant gagner en confiance, ce mod\u00e8le vous guide pas \u00e0 pas pour cr\u00e9er une couverture simple avec une texture marquante et un bel impact visuel. Il comprend des instructions d\u00e9taill\u00e9es rang par rang ainsi que des tutoriels vid\u00e9o utiles pour les parties plus complexes.<\/p>\n<p>R\u00e9alis\u00e9e en Scheepjes Little Darling avec un crochet de 6.00 mm, la couverture obtient une taille g\u00e9n\u00e9reuse de plaid pour les genoux.<\/p>\n<p><strong>Le kit comprend :<\/strong><\/p>\n<ul>\n<li>une copie num\u00e9rique du <a href=\"https:\/\/www.ravelry.com\/patterns\/library\/theo-blanket\">mod\u00e8le Theo Blanket de Toni Lipsey<\/a> (disponible en anglais)<\/li>\n<li>11 pelotes de Little Darling dans la combinaison de couleurs pr\u00e9sent\u00e9e sur les photos<\/li>\n<\/ul>\n<p>&#8211;&gt; Pour plus de confort, vous pouvez \u00e9galement ajouter un crochet de 6.00 mm \u00e0 votre kit.<\/p>\n<p>Tout ce dont vous avez besoin pour commencer un projet de crochet simple, \u00e9l\u00e9gant et gratifiant.<\/p>\n","protected":false},"featured_media":25437,"template":"","meta":[],"product_brand":[],"product_cat":[331,1674],"product_tag":[2090],"class_list":{"0":"post-25443","1":"product","2":"type-product","3":"status-publish","4":"has-post-thumbnail","6":"product_cat-kits-de-fils","7":"product_cat-kits-de-fils-plaids-decoration-interieure-autres","8":"product_tag-little-darling","9":"description-off","11":"first","12":"instock","13":"virtual","14":"taxable","15":"purchasable","16":"product-type-bundle"},"bundled_by":[],"bundle_stock_status":"instock","bundle_stock_quantity":4,"bundle_virtual":false,"bundle_layout":"default","bundle_add_to_cart_form_location":"default","bundle_editable_in_cart":false,"bundle_sold_individually_context":"product","bundle_item_grouping":"parent","bundle_min_size":"","bundle_max_size":"","bundle_price":{"price":{"min":{"incl_tax":"44.5","excl_tax":"41.16"},"max":{"incl_tax":"57.4","excl_tax":"53.09"}},"regular_price":{"min":{"incl_tax":"44.5","excl_tax":"41.16"},"max":{"incl_tax":"57.4","excl_tax":"53.09"}}},"bundled_items":[{"bundled_item_id":896,"product_id":15225,"menu_order":0,"quantity_min":3,"quantity_max":3,"quantity_default":3,"priced_individually":true,"shipped_individually":false,"override_title":false,"title":"Scheepjes &#8211; Little Darling","override_description":false,"description":"Scheepjes &#8211; Little Darling","optional":false,"hide_thumbnail":false,"discount":"","override_variations":true,"allowed_variations":[15230],"override_default_variation_attributes":true,"default_variation_attributes":[{"id":0,"name":"Color","option":"405 Red Panda"}],"single_product_visibility":"hidden","cart_visibility":"visible","order_visibility":"visible","single_product_price_visibility":"visible","cart_price_visibility":"visible","order_price_visibility":"visible","stock_status":"in_stock"},{"bundled_item_id":897,"product_id":15225,"menu_order":1,"quantity_min":3,"quantity_max":3,"quantity_default":3,"priced_individually":true,"shipped_individually":false,"override_title":false,"title":"Scheepjes &#8211; Little Darling","override_description":false,"description":"Scheepjes &#8211; Little Darling","optional":false,"hide_thumbnail":false,"discount":"","override_variations":true,"allowed_variations":[15255],"override_default_variation_attributes":true,"default_variation_attributes":[{"id":0,"name":"Color","option":"430 Jellyfish"}],"single_product_visibility":"hidden","cart_visibility":"visible","order_visibility":"visible","single_product_price_visibility":"visible","cart_price_visibility":"visible","order_price_visibility":"visible","stock_status":"in_stock"},{"bundled_item_id":898,"product_id":15225,"menu_order":2,"quantity_min":2,"quantity_max":2,"quantity_default":2,"priced_individually":true,"shipped_individually":false,"override_title":false,"title":"Scheepjes &#8211; Little Darling","override_description":false,"description":"Scheepjes &#8211; Little Darling","optional":false,"hide_thumbnail":false,"discount":"","override_variations":true,"allowed_variations":[15254],"override_default_variation_attributes":true,"default_variation_attributes":[{"id":0,"name":"Color","option":"429 Shrimp"}],"single_product_visibility":"hidden","cart_visibility":"visible","order_visibility":"visible","single_product_price_visibility":"visible","cart_price_visibility":"visible","order_price_visibility":"visible","stock_status":"in_stock"},{"bundled_item_id":899,"product_id":15225,"menu_order":3,"quantity_min":3,"quantity_max":3,"quantity_default":3,"priced_individually":true,"shipped_individually":false,"override_title":false,"title":"Scheepjes &#8211; Little Darling","override_description":false,"description":"Scheepjes &#8211; Little Darling","optional":false,"hide_thumbnail":false,"discount":"","override_variations":true,"allowed_variations":[15243],"override_default_variation_attributes":true,"default_variation_attributes":[{"id":0,"name":"Color","option":"418 Alpaca"}],"single_product_visibility":"hidden","cart_visibility":"visible","order_visibility":"visible","single_product_price_visibility":"visible","cart_price_visibility":"visible","order_price_visibility":"visible","stock_status":"in_stock"},{"bundled_item_id":900,"product_id":3501,"menu_order":4,"quantity_min":1,"quantity_max":1,"quantity_default":1,"priced_individually":true,"shipped_individually":false,"override_title":false,"title":"Tulip &#8211; Etimo Red &#8211; Crochet avec manche souple","override_description":true,"description":"","optional":true,"hide_thumbnail":false,"discount":"","override_variations":true,"allowed_variations":[3512],"override_default_variation_attributes":true,"default_variation_attributes":[{"id":0,"name":"Size","option":"6.00 mm"}],"single_product_visibility":"visible","cart_visibility":"visible","order_visibility":"visible","single_product_price_visibility":"visible","cart_price_visibility":"visible","order_price_visibility":"visible","stock_status":"in_stock"}],"bundle_sell_ids":[],"yoast_head":"<!-- This site is optimized with the Yoast SEO plugin v27.4 - https:\/\/yoast.com\/product\/yoast-seo-wordpress\/ -->\n<title>Theo Blanket avec Little Darling \u2013 Kit de fils &#171; Swiss Crochet<\/title>\n<meta name=\"description\" content=\"Kit crochet Theo Blanket avec mod\u00e8le PDF de Toni Lipsey et fil Scheepjes Little Darling. Plaid facile au point de lin, adapt\u00e9 aux d\u00e9butantes.\" \/>\n<meta name=\"robots\" content=\"index, follow, max-snippet:-1, max-image-preview:large, max-video-preview:-1\" \/>\n<link rel=\"canonical\" href=\"https:\/\/www.swisscrochet.ch\/fr\/produit\/theo-blanket-avec-little-darling-kit-de-fils\/\" \/>\n<meta property=\"og:locale\" content=\"fr_FR\" \/>\n<meta property=\"og:type\" content=\"article\" \/>\n<meta property=\"og:title\" content=\"Theo Blanket avec Little Darling \u2013 Kit de fils &#171; Swiss Crochet\" \/>\n<meta property=\"og:description\" content=\"Kit crochet Theo Blanket avec mod\u00e8le PDF de Toni Lipsey et fil Scheepjes Little Darling. Plaid facile au point de lin, adapt\u00e9 aux d\u00e9butantes.\" \/>\n<meta property=\"og:url\" content=\"https:\/\/www.swisscrochet.ch\/fr\/produit\/theo-blanket-avec-little-darling-kit-de-fils\/\" \/>\n<meta property=\"og:site_name\" content=\"Swiss Crochet\" \/>\n<meta property=\"article:modified_time\" content=\"2026-03-03T15:46:08+00:00\" \/>\n<meta property=\"og:image\" content=\"https:\/\/www.swisscrochet.ch\/wp-content\/uploads\/2026\/03\/Theo-Blanket-Little-Darling-Overview.jpg\" \/>\n\t<meta property=\"og:image:width\" content=\"1000\" \/>\n\t<meta property=\"og:image:height\" content=\"1000\" \/>\n\t<meta property=\"og:image:type\" content=\"image\/jpeg\" \/>\n<meta name=\"twitter:card\" content=\"summary_large_image\" \/>\n<meta name=\"twitter:label1\" content=\"Dur\u00e9e de lecture estim\u00e9e\" \/>\n\t<meta name=\"twitter:data1\" content=\"1 minute\" \/>\n<script type=\"application\/ld+json\" class=\"yoast-schema-graph\">{\"@context\":\"https:\\\/\\\/schema.org\",\"@graph\":[{\"@type\":[\"WebPage\",\"ItemPage\"],\"@id\":\"https:\\\/\\\/www.swisscrochet.ch\\\/fr\\\/produit\\\/theo-blanket-avec-little-darling-kit-de-fils\\\/\",\"url\":\"https:\\\/\\\/www.swisscrochet.ch\\\/fr\\\/produit\\\/theo-blanket-avec-little-darling-kit-de-fils\\\/\",\"name\":\"Theo Blanket avec Little Darling \u2013 Kit de fils &#171; Swiss Crochet\",\"isPartOf\":{\"@id\":\"https:\\\/\\\/www.swisscrochet.ch\\\/#website\"},\"primaryImageOfPage\":{\"@id\":\"https:\\\/\\\/www.swisscrochet.ch\\\/fr\\\/produit\\\/theo-blanket-avec-little-darling-kit-de-fils\\\/#primaryimage\"},\"image\":{\"@id\":\"https:\\\/\\\/www.swisscrochet.ch\\\/fr\\\/produit\\\/theo-blanket-avec-little-darling-kit-de-fils\\\/#primaryimage\"},\"thumbnailUrl\":\"https:\\\/\\\/www.swisscrochet.ch\\\/wp-content\\\/uploads\\\/2026\\\/03\\\/Theo-Blanket-Little-Darling-Overview.jpg\",\"datePublished\":\"2026-03-03T15:40:30+00:00\",\"dateModified\":\"2026-03-03T15:46:08+00:00\",\"description\":\"Kit crochet Theo Blanket avec mod\u00e8le PDF de Toni Lipsey et fil Scheepjes Little Darling. Plaid facile au point de lin, adapt\u00e9 aux d\u00e9butantes.\",\"breadcrumb\":{\"@id\":\"https:\\\/\\\/www.swisscrochet.ch\\\/fr\\\/produit\\\/theo-blanket-avec-little-darling-kit-de-fils\\\/#breadcrumb\"},\"inLanguage\":\"fr-FR\",\"potentialAction\":[{\"@type\":\"ReadAction\",\"target\":[\"https:\\\/\\\/www.swisscrochet.ch\\\/fr\\\/produit\\\/theo-blanket-avec-little-darling-kit-de-fils\\\/\"]}]},{\"@type\":\"ImageObject\",\"inLanguage\":\"fr-FR\",\"@id\":\"https:\\\/\\\/www.swisscrochet.ch\\\/fr\\\/produit\\\/theo-blanket-avec-little-darling-kit-de-fils\\\/#primaryimage\",\"url\":\"https:\\\/\\\/www.swisscrochet.ch\\\/wp-content\\\/uploads\\\/2026\\\/03\\\/Theo-Blanket-Little-Darling-Overview.jpg\",\"contentUrl\":\"https:\\\/\\\/www.swisscrochet.ch\\\/wp-content\\\/uploads\\\/2026\\\/03\\\/Theo-Blanket-Little-Darling-Overview.jpg\",\"width\":1000,\"height\":1000},{\"@type\":\"BreadcrumbList\",\"@id\":\"https:\\\/\\\/www.swisscrochet.ch\\\/fr\\\/produit\\\/theo-blanket-avec-little-darling-kit-de-fils\\\/#breadcrumb\",\"itemListElement\":[{\"@type\":\"ListItem\",\"position\":1,\"name\":\"Home\",\"item\":\"https:\\\/\\\/www.swisscrochet.ch\\\/fr\\\/\"},{\"@type\":\"ListItem\",\"position\":2,\"name\":\"Boutique\",\"item\":\"https:\\\/\\\/www.swisscrochet.ch\\\/fr\\\/boutique\\\/\"},{\"@type\":\"ListItem\",\"position\":3,\"name\":\"Theo Blanket avec Little Darling \u2013 Kit de fils\"}]},{\"@type\":\"WebSite\",\"@id\":\"https:\\\/\\\/www.swisscrochet.ch\\\/#website\",\"url\":\"https:\\\/\\\/www.swisscrochet.ch\\\/\",\"name\":\"Swiss Crochet\",\"description\":\"Lib\u00e9rez votre potentiel cr\u00e9atif\",\"potentialAction\":[{\"@type\":\"SearchAction\",\"target\":{\"@type\":\"EntryPoint\",\"urlTemplate\":\"https:\\\/\\\/www.swisscrochet.ch\\\/?s={search_term_string}\"},\"query-input\":{\"@type\":\"PropertyValueSpecification\",\"valueRequired\":true,\"valueName\":\"search_term_string\"}}],\"inLanguage\":\"fr-FR\"}]}<\/script>\n<!-- \/ Yoast SEO plugin. -->","yoast_head_json":{"title":"Theo Blanket avec Little Darling \u2013 Kit de fils &#171; Swiss Crochet","description":"Kit crochet Theo Blanket avec mod\u00e8le PDF de Toni Lipsey et fil Scheepjes Little Darling. Plaid facile au point de lin, adapt\u00e9 aux d\u00e9butantes.","robots":{"index":"index","follow":"follow","max-snippet":"max-snippet:-1","max-image-preview":"max-image-preview:large","max-video-preview":"max-video-preview:-1"},"canonical":"https:\/\/www.swisscrochet.ch\/fr\/produit\/theo-blanket-avec-little-darling-kit-de-fils\/","og_locale":"fr_FR","og_type":"article","og_title":"Theo Blanket avec Little Darling \u2013 Kit de fils &#171; Swiss Crochet","og_description":"Kit crochet Theo Blanket avec mod\u00e8le PDF de Toni Lipsey et fil Scheepjes Little Darling. Plaid facile au point de lin, adapt\u00e9 aux d\u00e9butantes.","og_url":"https:\/\/www.swisscrochet.ch\/fr\/produit\/theo-blanket-avec-little-darling-kit-de-fils\/","og_site_name":"Swiss Crochet","article_modified_time":"2026-03-03T15:46:08+00:00","og_image":[{"width":1000,"height":1000,"url":"https:\/\/www.swisscrochet.ch\/wp-content\/uploads\/2026\/03\/Theo-Blanket-Little-Darling-Overview.jpg","type":"image\/jpeg"}],"twitter_card":"summary_large_image","twitter_misc":{"Dur\u00e9e de lecture estim\u00e9e":"1 minute"},"schema":{"@context":"https:\/\/schema.org","@graph":[{"@type":["WebPage","ItemPage"],"@id":"https:\/\/www.swisscrochet.ch\/fr\/produit\/theo-blanket-avec-little-darling-kit-de-fils\/","url":"https:\/\/www.swisscrochet.ch\/fr\/produit\/theo-blanket-avec-little-darling-kit-de-fils\/","name":"Theo Blanket avec Little Darling \u2013 Kit de fils &#171; Swiss Crochet","isPartOf":{"@id":"https:\/\/www.swisscrochet.ch\/#website"},"primaryImageOfPage":{"@id":"https:\/\/www.swisscrochet.ch\/fr\/produit\/theo-blanket-avec-little-darling-kit-de-fils\/#primaryimage"},"image":{"@id":"https:\/\/www.swisscrochet.ch\/fr\/produit\/theo-blanket-avec-little-darling-kit-de-fils\/#primaryimage"},"thumbnailUrl":"https:\/\/www.swisscrochet.ch\/wp-content\/uploads\/2026\/03\/Theo-Blanket-Little-Darling-Overview.jpg","datePublished":"2026-03-03T15:40:30+00:00","dateModified":"2026-03-03T15:46:08+00:00","description":"Kit crochet Theo Blanket avec mod\u00e8le PDF de Toni Lipsey et fil Scheepjes Little Darling. Plaid facile au point de lin, adapt\u00e9 aux d\u00e9butantes.","breadcrumb":{"@id":"https:\/\/www.swisscrochet.ch\/fr\/produit\/theo-blanket-avec-little-darling-kit-de-fils\/#breadcrumb"},"inLanguage":"fr-FR","potentialAction":[{"@type":"ReadAction","target":["https:\/\/www.swisscrochet.ch\/fr\/produit\/theo-blanket-avec-little-darling-kit-de-fils\/"]}]},{"@type":"ImageObject","inLanguage":"fr-FR","@id":"https:\/\/www.swisscrochet.ch\/fr\/produit\/theo-blanket-avec-little-darling-kit-de-fils\/#primaryimage","url":"https:\/\/www.swisscrochet.ch\/wp-content\/uploads\/2026\/03\/Theo-Blanket-Little-Darling-Overview.jpg","contentUrl":"https:\/\/www.swisscrochet.ch\/wp-content\/uploads\/2026\/03\/Theo-Blanket-Little-Darling-Overview.jpg","width":1000,"height":1000},{"@type":"BreadcrumbList","@id":"https:\/\/www.swisscrochet.ch\/fr\/produit\/theo-blanket-avec-little-darling-kit-de-fils\/#breadcrumb","itemListElement":[{"@type":"ListItem","position":1,"name":"Home","item":"https:\/\/www.swisscrochet.ch\/fr\/"},{"@type":"ListItem","position":2,"name":"Boutique","item":"https:\/\/www.swisscrochet.ch\/fr\/boutique\/"},{"@type":"ListItem","position":3,"name":"Theo Blanket avec Little Darling \u2013 Kit de fils"}]},{"@type":"WebSite","@id":"https:\/\/www.swisscrochet.ch\/#website","url":"https:\/\/www.swisscrochet.ch\/","name":"Swiss Crochet","description":"Lib\u00e9rez votre potentiel cr\u00e9atif","potentialAction":[{"@type":"SearchAction","target":{"@type":"EntryPoint","urlTemplate":"https:\/\/www.swisscrochet.ch\/?s={search_term_string}"},"query-input":{"@type":"PropertyValueSpecification","valueRequired":true,"valueName":"search_term_string"}}],"inLanguage":"fr-FR"}]}},"_links":{"self":[{"href":"https:\/\/www.swisscrochet.ch\/fr\/wp-json\/wp\/v2\/product\/25443","targetHints":{"allow":["GET"]}}],"collection":[{"href":"https:\/\/www.swisscrochet.ch\/fr\/wp-json\/wp\/v2\/product"}],"about":[{"href":"https:\/\/www.swisscrochet.ch\/fr\/wp-json\/wp\/v2\/types\/product"}],"wp:featuredmedia":[{"embeddable":true,"href":"https:\/\/www.swisscrochet.ch\/fr\/wp-json\/wp\/v2\/media\/25437"}],"wp:attachment":[{"href":"https:\/\/www.swisscrochet.ch\/fr\/wp-json\/wp\/v2\/media?parent=25443"}],"wp:term":[{"taxonomy":"product_brand","embeddable":true,"href":"https:\/\/www.swisscrochet.ch\/fr\/wp-json\/wp\/v2\/product_brand?post=25443"},{"taxonomy":"product_cat","embeddable":true,"href":"https:\/\/www.swisscrochet.ch\/fr\/wp-json\/wp\/v2\/product_cat?post=25443"},{"taxonomy":"product_tag","embeddable":true,"href":"https:\/\/www.swisscrochet.ch\/fr\/wp-json\/wp\/v2\/product_tag?post=25443"}],"curies":[{"name":"wp","href":"https:\/\/api.w.org\/{rel}","templated":true}]}}