{"id":25451,"date":"2026-03-03T17:03:31","date_gmt":"2026-03-03T16:03:31","guid":{"rendered":"https:\/\/www.swisscrochet.ch\/product\/clutch-coquille-yarn-kit\/"},"modified":"2026-03-03T17:07:23","modified_gmt":"2026-03-03T16:07:23","slug":"clutch-coquille-kit-de-fils","status":"publish","type":"product","link":"https:\/\/www.swisscrochet.ch\/fr\/produit\/clutch-coquille-kit-de-fils\/","title":{"rendered":"Clutch Coquille \u2013 Kit de fils"},"content":{"rendered":"","protected":false},"excerpt":{"rendered":"<p>Cr\u00e9ez un sac au crochet magnifiquement scintillant avec ce kit \u00e9l\u00e9gant. L\u2019association du noir profond et des reflets or rose apporte une touche raffin\u00e9e \u00e0 votre accessoire fait main \u2014 parfait au quotidien comme pour des occasions sp\u00e9ciales.<\/p>\n<p><strong>Le kit comprend :<\/strong><\/p>\n<ul>\n<li>2 pelotes de Hoooked Odyssey<\/li>\n<li>1 fermeture \u00e9clair noire assortie aux couleurs du fil<\/li>\n<li>1 anneau m\u00e9tallique (11 cm de diam\u00e8tre)<\/li>\n<\/ul>\n<p><strong>Options suppl\u00e9mentaires :<\/strong><\/p>\n<ul>\n<li>Le mod\u00e8le appara\u00eet dans le livre <em>21 Accessoires d&rsquo; \u00e9t\u00e9 au crochet<\/em> de <em>Lagoons Moe Nagai<\/em>, disponible \u00e0 l\u2019achat en fran\u00e7ais (voir liens ci-dessous)<\/li>\n<li>crochet 3.00 mm<\/li>\n<\/ul>\n<p>Avec ce kit, vous disposez de tous les mat\u00e9riaux essentiels pour r\u00e9aliser un sac au crochet \u00e9l\u00e9gant, subtilement scintillant et riche en d\u00e9tails raffin\u00e9s.<\/p>\n","protected":false},"featured_media":25269,"template":"","meta":[],"product_brand":[],"product_cat":[331,1664],"product_tag":[2093],"class_list":{"0":"post-25451","1":"product","2":"type-product","3":"status-publish","4":"has-post-thumbnail","6":"product_cat-kits-de-fils","7":"product_cat-kits-de-fils-sacs","8":"product_tag-odyssey-lurex","9":"description-off","11":"first","12":"instock","13":"virtual","14":"taxable","15":"purchasable","16":"product-type-bundle"},"bundled_by":[],"bundle_stock_status":"instock","bundle_stock_quantity":8,"bundle_virtual":false,"bundle_layout":"default","bundle_add_to_cart_form_location":"default","bundle_editable_in_cart":false,"bundle_sold_individually_context":"product","bundle_item_grouping":"parent","bundle_min_size":"","bundle_max_size":"","bundle_price":{"price":{"min":{"incl_tax":"14.7","excl_tax":"13.59"},"max":{"incl_tax":"59.5","excl_tax":"57.42"}},"regular_price":{"min":{"incl_tax":"14.7","excl_tax":"13.59"},"max":{"incl_tax":"59.5","excl_tax":"57.42"}}},"bundled_items":[{"bundled_item_id":926,"product_id":9559,"menu_order":0,"quantity_min":1,"quantity_max":1,"quantity_default":1,"priced_individually":true,"shipped_individually":false,"override_title":false,"title":"Hoooked &#8211; Odyssey Lurex","override_description":false,"description":"Hoooked &#8211; Odyssey Lurex","optional":false,"hide_thumbnail":false,"discount":"","override_variations":true,"allowed_variations":[9575],"override_default_variation_attributes":true,"default_variation_attributes":[{"id":0,"name":"Color","option":"16 - Lunar Eclipse"}],"single_product_visibility":"hidden","cart_visibility":"visible","order_visibility":"visible","single_product_price_visibility":"visible","cart_price_visibility":"visible","order_price_visibility":"visible","stock_status":"in_stock"},{"bundled_item_id":927,"product_id":9559,"menu_order":1,"quantity_min":1,"quantity_max":1,"quantity_default":1,"priced_individually":true,"shipped_individually":false,"override_title":false,"title":"Hoooked &#8211; Odyssey Lurex","override_description":false,"description":"Hoooked &#8211; Odyssey Lurex","optional":false,"hide_thumbnail":false,"discount":"","override_variations":true,"allowed_variations":[9564],"override_default_variation_attributes":true,"default_variation_attributes":[{"id":0,"name":"Color","option":"5 - Cressida"}],"single_product_visibility":"hidden","cart_visibility":"visible","order_visibility":"visible","single_product_price_visibility":"visible","cart_price_visibility":"visible","order_price_visibility":"visible","stock_status":"in_stock"},{"bundled_item_id":928,"product_id":14783,"menu_order":2,"quantity_min":1,"quantity_max":1,"quantity_default":1,"priced_individually":true,"shipped_individually":false,"override_title":false,"title":"Anneaux m\u00e9talliques \u00e9pais \u2013 1 pi\u00e8ce","override_description":false,"description":"Anneaux m\u00e9talliques \u00e9pais \u2013 1 pi\u00e8ce","optional":false,"hide_thumbnail":false,"discount":"","override_variations":true,"allowed_variations":[14785],"override_default_variation_attributes":true,"default_variation_attributes":[{"id":0,"name":"Style","option":"11 cm Black Nickel"}],"single_product_visibility":"hidden","cart_visibility":"visible","order_visibility":"visible","single_product_price_visibility":"visible","cart_price_visibility":"visible","order_price_visibility":"visible","stock_status":"in_stock"},{"bundled_item_id":929,"product_id":11466,"menu_order":3,"quantity_min":1,"quantity_max":1,"quantity_default":1,"priced_individually":true,"shipped_individually":false,"override_title":false,"title":"21 Accessoires d&#8217; \u00e9t\u00e9 au crochet &#8211; Lagoon Moe Nagai","override_description":true,"description":"","optional":true,"hide_thumbnail":false,"discount":"","override_variations":false,"allowed_variations":[""],"override_default_variation_attributes":false,"default_variation_attributes":[],"single_product_visibility":"visible","cart_visibility":"visible","order_visibility":"visible","single_product_price_visibility":"visible","cart_price_visibility":"visible","order_price_visibility":"visible","stock_status":"in_stock"},{"bundled_item_id":930,"product_id":3501,"menu_order":4,"quantity_min":1,"quantity_max":1,"quantity_default":1,"priced_individually":true,"shipped_individually":false,"override_title":false,"title":"Tulip &#8211; Etimo Red &#8211; Crochet avec manche souple","override_description":true,"description":"","optional":true,"hide_thumbnail":false,"discount":"","override_variations":true,"allowed_variations":[3506],"override_default_variation_attributes":true,"default_variation_attributes":[{"id":0,"name":"Size","option":"3.00 mm"}],"single_product_visibility":"visible","cart_visibility":"visible","order_visibility":"visible","single_product_price_visibility":"visible","cart_price_visibility":"visible","order_price_visibility":"visible","stock_status":"in_stock"}],"bundle_sell_ids":[],"yoast_head":"<!-- This site is optimized with the Yoast SEO plugin v27.4 - https:\/\/yoast.com\/product\/yoast-seo-wordpress\/ -->\n<title>Clutch Coquille \u2013 Kit de fils &#171; Swiss Crochet<\/title>\n<meta name=\"description\" content=\"Kit sac au crochet avec fil Hoooked Odyssey, fermeture \u00e9clair et anneau m\u00e9tallique. Design \u00e9l\u00e9gant noir avec \u00e9clat rose dor\u00e9 pour des accessoires faits main styl\u00e9s.\" \/>\n<meta name=\"robots\" content=\"index, follow, max-snippet:-1, max-image-preview:large, max-video-preview:-1\" \/>\n<link rel=\"canonical\" href=\"https:\/\/www.swisscrochet.ch\/fr\/produit\/clutch-coquille-kit-de-fils\/\" \/>\n<meta property=\"og:locale\" content=\"fr_FR\" \/>\n<meta property=\"og:type\" content=\"article\" \/>\n<meta property=\"og:title\" content=\"Clutch Coquille \u2013 Kit de fils &#171; Swiss Crochet\" \/>\n<meta property=\"og:description\" content=\"Kit sac au crochet avec fil Hoooked Odyssey, fermeture \u00e9clair et anneau m\u00e9tallique. Design \u00e9l\u00e9gant noir avec \u00e9clat rose dor\u00e9 pour des accessoires faits main styl\u00e9s.\" \/>\n<meta property=\"og:url\" content=\"https:\/\/www.swisscrochet.ch\/fr\/produit\/clutch-coquille-kit-de-fils\/\" \/>\n<meta property=\"og:site_name\" content=\"Swiss Crochet\" \/>\n<meta property=\"article:modified_time\" content=\"2026-03-03T16:07:23+00:00\" \/>\n<meta property=\"og:image\" content=\"https:\/\/www.swisscrochet.ch\/wp-content\/uploads\/2026\/03\/Sac-clutch-coquille-Overview.jpg\" \/>\n\t<meta property=\"og:image:width\" content=\"1000\" \/>\n\t<meta property=\"og:image:height\" content=\"1000\" \/>\n\t<meta property=\"og:image:type\" content=\"image\/jpeg\" \/>\n<meta name=\"twitter:card\" content=\"summary_large_image\" \/>\n<meta name=\"twitter:label1\" content=\"Dur\u00e9e de lecture estim\u00e9e\" \/>\n\t<meta name=\"twitter:data1\" content=\"1 minute\" \/>\n<script type=\"application\/ld+json\" class=\"yoast-schema-graph\">{\"@context\":\"https:\\\/\\\/schema.org\",\"@graph\":[{\"@type\":[\"WebPage\",\"ItemPage\"],\"@id\":\"https:\\\/\\\/www.swisscrochet.ch\\\/fr\\\/produit\\\/clutch-coquille-kit-de-fils\\\/\",\"url\":\"https:\\\/\\\/www.swisscrochet.ch\\\/fr\\\/produit\\\/clutch-coquille-kit-de-fils\\\/\",\"name\":\"Clutch Coquille \u2013 Kit de fils &#171; Swiss Crochet\",\"isPartOf\":{\"@id\":\"https:\\\/\\\/www.swisscrochet.ch\\\/#website\"},\"primaryImageOfPage\":{\"@id\":\"https:\\\/\\\/www.swisscrochet.ch\\\/fr\\\/produit\\\/clutch-coquille-kit-de-fils\\\/#primaryimage\"},\"image\":{\"@id\":\"https:\\\/\\\/www.swisscrochet.ch\\\/fr\\\/produit\\\/clutch-coquille-kit-de-fils\\\/#primaryimage\"},\"thumbnailUrl\":\"https:\\\/\\\/www.swisscrochet.ch\\\/wp-content\\\/uploads\\\/2026\\\/03\\\/Sac-clutch-coquille-Overview.jpg\",\"datePublished\":\"2026-03-03T16:03:31+00:00\",\"dateModified\":\"2026-03-03T16:07:23+00:00\",\"description\":\"Kit sac au crochet avec fil Hoooked Odyssey, fermeture \u00e9clair et anneau m\u00e9tallique. Design \u00e9l\u00e9gant noir avec \u00e9clat rose dor\u00e9 pour des accessoires faits main styl\u00e9s.\",\"breadcrumb\":{\"@id\":\"https:\\\/\\\/www.swisscrochet.ch\\\/fr\\\/produit\\\/clutch-coquille-kit-de-fils\\\/#breadcrumb\"},\"inLanguage\":\"fr-FR\",\"potentialAction\":[{\"@type\":\"ReadAction\",\"target\":[\"https:\\\/\\\/www.swisscrochet.ch\\\/fr\\\/produit\\\/clutch-coquille-kit-de-fils\\\/\"]}]},{\"@type\":\"ImageObject\",\"inLanguage\":\"fr-FR\",\"@id\":\"https:\\\/\\\/www.swisscrochet.ch\\\/fr\\\/produit\\\/clutch-coquille-kit-de-fils\\\/#primaryimage\",\"url\":\"https:\\\/\\\/www.swisscrochet.ch\\\/wp-content\\\/uploads\\\/2026\\\/03\\\/Sac-clutch-coquille-Overview.jpg\",\"contentUrl\":\"https:\\\/\\\/www.swisscrochet.ch\\\/wp-content\\\/uploads\\\/2026\\\/03\\\/Sac-clutch-coquille-Overview.jpg\",\"width\":1000,\"height\":1000},{\"@type\":\"BreadcrumbList\",\"@id\":\"https:\\\/\\\/www.swisscrochet.ch\\\/fr\\\/produit\\\/clutch-coquille-kit-de-fils\\\/#breadcrumb\",\"itemListElement\":[{\"@type\":\"ListItem\",\"position\":1,\"name\":\"Home\",\"item\":\"https:\\\/\\\/www.swisscrochet.ch\\\/fr\\\/\"},{\"@type\":\"ListItem\",\"position\":2,\"name\":\"Boutique\",\"item\":\"https:\\\/\\\/www.swisscrochet.ch\\\/fr\\\/boutique\\\/\"},{\"@type\":\"ListItem\",\"position\":3,\"name\":\"Clutch Coquille \u2013 Kit de fils\"}]},{\"@type\":\"WebSite\",\"@id\":\"https:\\\/\\\/www.swisscrochet.ch\\\/#website\",\"url\":\"https:\\\/\\\/www.swisscrochet.ch\\\/\",\"name\":\"Swiss Crochet\",\"description\":\"Lib\u00e9rez votre potentiel cr\u00e9atif\",\"potentialAction\":[{\"@type\":\"SearchAction\",\"target\":{\"@type\":\"EntryPoint\",\"urlTemplate\":\"https:\\\/\\\/www.swisscrochet.ch\\\/?s={search_term_string}\"},\"query-input\":{\"@type\":\"PropertyValueSpecification\",\"valueRequired\":true,\"valueName\":\"search_term_string\"}}],\"inLanguage\":\"fr-FR\"}]}<\/script>\n<!-- \/ Yoast SEO plugin. -->","yoast_head_json":{"title":"Clutch Coquille \u2013 Kit de fils &#171; Swiss Crochet","description":"Kit sac au crochet avec fil Hoooked Odyssey, fermeture \u00e9clair et anneau m\u00e9tallique. Design \u00e9l\u00e9gant noir avec \u00e9clat rose dor\u00e9 pour des accessoires faits main styl\u00e9s.","robots":{"index":"index","follow":"follow","max-snippet":"max-snippet:-1","max-image-preview":"max-image-preview:large","max-video-preview":"max-video-preview:-1"},"canonical":"https:\/\/www.swisscrochet.ch\/fr\/produit\/clutch-coquille-kit-de-fils\/","og_locale":"fr_FR","og_type":"article","og_title":"Clutch Coquille \u2013 Kit de fils &#171; Swiss Crochet","og_description":"Kit sac au crochet avec fil Hoooked Odyssey, fermeture \u00e9clair et anneau m\u00e9tallique. Design \u00e9l\u00e9gant noir avec \u00e9clat rose dor\u00e9 pour des accessoires faits main styl\u00e9s.","og_url":"https:\/\/www.swisscrochet.ch\/fr\/produit\/clutch-coquille-kit-de-fils\/","og_site_name":"Swiss Crochet","article_modified_time":"2026-03-03T16:07:23+00:00","og_image":[{"width":1000,"height":1000,"url":"https:\/\/www.swisscrochet.ch\/wp-content\/uploads\/2026\/03\/Sac-clutch-coquille-Overview.jpg","type":"image\/jpeg"}],"twitter_card":"summary_large_image","twitter_misc":{"Dur\u00e9e de lecture estim\u00e9e":"1 minute"},"schema":{"@context":"https:\/\/schema.org","@graph":[{"@type":["WebPage","ItemPage"],"@id":"https:\/\/www.swisscrochet.ch\/fr\/produit\/clutch-coquille-kit-de-fils\/","url":"https:\/\/www.swisscrochet.ch\/fr\/produit\/clutch-coquille-kit-de-fils\/","name":"Clutch Coquille \u2013 Kit de fils &#171; Swiss Crochet","isPartOf":{"@id":"https:\/\/www.swisscrochet.ch\/#website"},"primaryImageOfPage":{"@id":"https:\/\/www.swisscrochet.ch\/fr\/produit\/clutch-coquille-kit-de-fils\/#primaryimage"},"image":{"@id":"https:\/\/www.swisscrochet.ch\/fr\/produit\/clutch-coquille-kit-de-fils\/#primaryimage"},"thumbnailUrl":"https:\/\/www.swisscrochet.ch\/wp-content\/uploads\/2026\/03\/Sac-clutch-coquille-Overview.jpg","datePublished":"2026-03-03T16:03:31+00:00","dateModified":"2026-03-03T16:07:23+00:00","description":"Kit sac au crochet avec fil Hoooked Odyssey, fermeture \u00e9clair et anneau m\u00e9tallique. Design \u00e9l\u00e9gant noir avec \u00e9clat rose dor\u00e9 pour des accessoires faits main styl\u00e9s.","breadcrumb":{"@id":"https:\/\/www.swisscrochet.ch\/fr\/produit\/clutch-coquille-kit-de-fils\/#breadcrumb"},"inLanguage":"fr-FR","potentialAction":[{"@type":"ReadAction","target":["https:\/\/www.swisscrochet.ch\/fr\/produit\/clutch-coquille-kit-de-fils\/"]}]},{"@type":"ImageObject","inLanguage":"fr-FR","@id":"https:\/\/www.swisscrochet.ch\/fr\/produit\/clutch-coquille-kit-de-fils\/#primaryimage","url":"https:\/\/www.swisscrochet.ch\/wp-content\/uploads\/2026\/03\/Sac-clutch-coquille-Overview.jpg","contentUrl":"https:\/\/www.swisscrochet.ch\/wp-content\/uploads\/2026\/03\/Sac-clutch-coquille-Overview.jpg","width":1000,"height":1000},{"@type":"BreadcrumbList","@id":"https:\/\/www.swisscrochet.ch\/fr\/produit\/clutch-coquille-kit-de-fils\/#breadcrumb","itemListElement":[{"@type":"ListItem","position":1,"name":"Home","item":"https:\/\/www.swisscrochet.ch\/fr\/"},{"@type":"ListItem","position":2,"name":"Boutique","item":"https:\/\/www.swisscrochet.ch\/fr\/boutique\/"},{"@type":"ListItem","position":3,"name":"Clutch Coquille \u2013 Kit de fils"}]},{"@type":"WebSite","@id":"https:\/\/www.swisscrochet.ch\/#website","url":"https:\/\/www.swisscrochet.ch\/","name":"Swiss Crochet","description":"Lib\u00e9rez votre potentiel cr\u00e9atif","potentialAction":[{"@type":"SearchAction","target":{"@type":"EntryPoint","urlTemplate":"https:\/\/www.swisscrochet.ch\/?s={search_term_string}"},"query-input":{"@type":"PropertyValueSpecification","valueRequired":true,"valueName":"search_term_string"}}],"inLanguage":"fr-FR"}]}},"_links":{"self":[{"href":"https:\/\/www.swisscrochet.ch\/fr\/wp-json\/wp\/v2\/product\/25451","targetHints":{"allow":["GET"]}}],"collection":[{"href":"https:\/\/www.swisscrochet.ch\/fr\/wp-json\/wp\/v2\/product"}],"about":[{"href":"https:\/\/www.swisscrochet.ch\/fr\/wp-json\/wp\/v2\/types\/product"}],"wp:featuredmedia":[{"embeddable":true,"href":"https:\/\/www.swisscrochet.ch\/fr\/wp-json\/wp\/v2\/media\/25269"}],"wp:attachment":[{"href":"https:\/\/www.swisscrochet.ch\/fr\/wp-json\/wp\/v2\/media?parent=25451"}],"wp:term":[{"taxonomy":"product_brand","embeddable":true,"href":"https:\/\/www.swisscrochet.ch\/fr\/wp-json\/wp\/v2\/product_brand?post=25451"},{"taxonomy":"product_cat","embeddable":true,"href":"https:\/\/www.swisscrochet.ch\/fr\/wp-json\/wp\/v2\/product_cat?post=25451"},{"taxonomy":"product_tag","embeddable":true,"href":"https:\/\/www.swisscrochet.ch\/fr\/wp-json\/wp\/v2\/product_tag?post=25451"}],"curies":[{"name":"wp","href":"https:\/\/api.w.org\/{rel}","templated":true}]}}