{"id":25688,"date":"2026-03-07T15:32:04","date_gmt":"2026-03-07T14:32:04","guid":{"rendered":"https:\/\/www.swisscrochet.ch\/product\/flow-top-with-super-10-yarn-kit\/"},"modified":"2026-04-22T13:10:51","modified_gmt":"2026-04-22T11:10:51","slug":"flow-top-avec-super-10-kit-de-fils","status":"publish","type":"product","link":"https:\/\/www.swisscrochet.ch\/fr\/produit\/flow-top-avec-super-10-kit-de-fils\/","title":{"rendered":"Flow Top avec Super 10 \u2013 Kit de fils"},"content":{"rendered":"","protected":false},"excerpt":{"rendered":"<p>Le Flow Top est une pi\u00e8ce estivale au crochet moderne et l\u00e9g\u00e8re qui accompagne vos mouvements. Il se travaille sur le c\u00f4t\u00e9. Le dos et le devant sont crochet\u00e9s s\u00e9par\u00e9ment, puis les coutures des \u00e9paules et des c\u00f4t\u00e9s sont assembl\u00e9es. Enfin, la finition de l\u2019encolure est r\u00e9alis\u00e9e. Les instructions pour la version courte (pr\u00e9sent\u00e9e) et la longueur r\u00e9guli\u00e8re sont incluses.<\/p>\n<p>L\u2019\u00e9chantillon pr\u00e9sent\u00e9 est r\u00e9alis\u00e9 en taille 2 et utilise environ 590 g de fil (3 pelotes de Super 10).<\/p>\n<p>Tailles : 1 (2, 3, 4, 5)<\/p>\n<p>Tour de poitrine fini : 84 (106, 128, 150, 172) cm \/ 33 (41.5, 50.5, 59, 67.5) in<\/p>\n<p>Con\u00e7u pour \u00eatre port\u00e9 avec 10\u201320 cm \/ 4\u20138 inches d\u2019aisance positive.<\/p>\n<p>Longueur courte = 42 cm \/ 16.5 in<br \/>\nLongueur r\u00e9guli\u00e8re = 59 cm \/ 23.25 in<\/p>\n<p><strong>M\u00e9trage estim\u00e9 par taille :<\/strong><\/p>\n<ul>\n<li>Taille 1 : 2 pelotes<\/li>\n<li>Taille 2 : 3 pelotes<\/li>\n<li>Taille 3 : 4 pelotes<\/li>\n<li>Taille 4 : 4 pelotes<\/li>\n<li>Taille 5 : 5 pelotes<\/li>\n<\/ul>\n<p>Ces quantit\u00e9s correspondent \u00e0 la longueur courte. Pour la longueur r\u00e9guli\u00e8re, ajoutez 1 pelote suppl\u00e9mentaire pour chaque taille.<\/p>\n<p><strong>Le kit comprend :<\/strong><\/p>\n<ul>\n<li>une copie num\u00e9rique du <a href=\"https:\/\/www.ravelry.com\/patterns\/library\/flow-top-2\">Flow Top de Linda Skuja<\/a> (disponible en anglais, allemand et fran\u00e7ais)<\/li>\n<li>Le nombre requis de pelotes de Super 10 dans la couleur de votre choix, selon la taille s\u00e9lectionn\u00e9e<\/li>\n<\/ul>\n<p>&#8211;&gt; Pour plus de confort, vous pouvez \u00e9galement ajouter un crochet de 4.00 mm \u00e0 votre kit.<\/p>\n<p>Tout ce dont vous avez besoin pour commencer votre prochain projet de crochet pr\u00e9f\u00e9r\u00e9 \u2014 simple, \u00e9l\u00e9gant et inspirant.<\/p>\n","protected":false},"featured_media":25543,"template":"","meta":[],"product_brand":[],"product_cat":[331,1671],"product_tag":[1985,2066],"class_list":{"0":"post-25688","1":"product","2":"type-product","3":"status-publish","4":"has-post-thumbnail","6":"product_cat-kits-de-fils","7":"product_cat-kits-de-fils-vetements","8":"product_tag-lindaskuja","9":"product_tag-super-10","10":"description-off","12":"first","13":"instock","14":"virtual","15":"taxable","16":"purchasable","17":"product-type-bundle"},"bundled_by":[],"bundle_stock_status":"instock","bundle_stock_quantity":396,"bundle_virtual":false,"bundle_layout":"default","bundle_add_to_cart_form_location":"default","bundle_editable_in_cart":false,"bundle_sold_individually_context":"product","bundle_item_grouping":"parent","bundle_min_size":"","bundle_max_size":"","bundle_price":{"price":{"min":{"incl_tax":"39.8","excl_tax":"36.82"},"max":{"incl_tax":"","excl_tax":""}},"regular_price":{"min":{"incl_tax":"39.8","excl_tax":"36.82"},"max":{"incl_tax":"","excl_tax":""}}},"bundled_items":[{"bundled_item_id":985,"product_id":19251,"menu_order":0,"quantity_min":2,"quantity_max":"","quantity_default":2,"priced_individually":true,"shipped_individually":false,"override_title":false,"title":"EL.D.Mouzakis Butterfly &#8211; Super 10","override_description":true,"description":"Choisissez le nombre de pelotes selon votre taille :\r\n<ul>\r\n \t<li>Taille 1 : 2 pelotes<\/li>\r\n \t<li>Taille 2 : 3 pelotes<\/li>\r\n \t<li>Taille 3 : 4 pelotes<\/li>\r\n \t<li>Taille 4 : 4 pelotes<\/li>\r\n \t<li>Taille 5 : 5 pelotes<\/li>\r\n<\/ul>\r\nCes quantit\u00e9s correspondent \u00e0 la longueur courte. Pour la longueur r\u00e9guli\u00e8re, ajoutez 1 pelote suppl\u00e9mentaire pour chaque taille.","optional":false,"hide_thumbnail":false,"discount":"","override_variations":false,"allowed_variations":[""],"override_default_variation_attributes":false,"default_variation_attributes":[],"single_product_visibility":"visible","cart_visibility":"visible","order_visibility":"visible","single_product_price_visibility":"visible","cart_price_visibility":"visible","order_price_visibility":"visible","stock_status":"in_stock"},{"bundled_item_id":986,"product_id":24794,"menu_order":1,"quantity_min":1,"quantity_max":1,"quantity_default":1,"priced_individually":true,"shipped_individually":true,"override_title":false,"title":"Linda Skuja &#8211; Flow Top","override_description":false,"description":"Linda Skuja &#8211; Flow Top","optional":false,"hide_thumbnail":false,"discount":"","override_variations":false,"allowed_variations":[""],"override_default_variation_attributes":false,"default_variation_attributes":[],"single_product_visibility":"hidden","cart_visibility":"visible","order_visibility":"visible","single_product_price_visibility":"visible","cart_price_visibility":"visible","order_price_visibility":"visible","stock_status":"in_stock"},{"bundled_item_id":987,"product_id":3501,"menu_order":2,"quantity_min":1,"quantity_max":1,"quantity_default":1,"priced_individually":true,"shipped_individually":false,"override_title":false,"title":"Tulip &#8211; Etimo Red &#8211; Crochet avec manche souple","override_description":true,"description":"","optional":true,"hide_thumbnail":false,"discount":"","override_variations":true,"allowed_variations":[3508],"override_default_variation_attributes":true,"default_variation_attributes":[{"id":0,"name":"Size","option":"4.00 mm"}],"single_product_visibility":"visible","cart_visibility":"visible","order_visibility":"visible","single_product_price_visibility":"visible","cart_price_visibility":"visible","order_price_visibility":"visible","stock_status":"in_stock"}],"bundle_sell_ids":[],"yoast_head":"<!-- This site is optimized with the Yoast SEO plugin v27.4 - https:\/\/yoast.com\/product\/yoast-seo-wordpress\/ -->\n<title>Flow Top avec Super 10 \u2013 Kit de fils &#171; Swiss Crochet<\/title>\n<meta name=\"description\" content=\"Kit crochet Flow Top avec mod\u00e8le PDF de Linda Skuja et fil Super 10. Top d\u2019\u00e9t\u00e9 moderne travaill\u00e9 sur le c\u00f4t\u00e9, avec options de longueur courte et r\u00e9guli\u00e8re. Tailles 1\u20135.\" \/>\n<meta name=\"robots\" content=\"index, follow, max-snippet:-1, max-image-preview:large, max-video-preview:-1\" \/>\n<link rel=\"canonical\" href=\"https:\/\/www.swisscrochet.ch\/fr\/produit\/flow-top-avec-super-10-kit-de-fils\/\" \/>\n<meta property=\"og:locale\" content=\"fr_FR\" \/>\n<meta property=\"og:type\" content=\"article\" \/>\n<meta property=\"og:title\" content=\"Flow Top avec Super 10 \u2013 Kit de fils &#171; Swiss Crochet\" \/>\n<meta property=\"og:description\" content=\"Kit crochet Flow Top avec mod\u00e8le PDF de Linda Skuja et fil Super 10. Top d\u2019\u00e9t\u00e9 moderne travaill\u00e9 sur le c\u00f4t\u00e9, avec options de longueur courte et r\u00e9guli\u00e8re. Tailles 1\u20135.\" \/>\n<meta property=\"og:url\" content=\"https:\/\/www.swisscrochet.ch\/fr\/produit\/flow-top-avec-super-10-kit-de-fils\/\" \/>\n<meta property=\"og:site_name\" content=\"Swiss Crochet\" \/>\n<meta property=\"article:modified_time\" content=\"2026-04-22T11:10:51+00:00\" \/>\n<meta property=\"og:image\" content=\"https:\/\/www.swisscrochet.ch\/wp-content\/uploads\/2026\/03\/Flow-Top-Super-10-1.jpg\" \/>\n\t<meta property=\"og:image:width\" content=\"1000\" \/>\n\t<meta property=\"og:image:height\" content=\"1000\" \/>\n\t<meta property=\"og:image:type\" content=\"image\/jpeg\" \/>\n<meta name=\"twitter:card\" content=\"summary_large_image\" \/>\n<meta name=\"twitter:label1\" content=\"Dur\u00e9e de lecture estim\u00e9e\" \/>\n\t<meta name=\"twitter:data1\" content=\"1 minute\" \/>\n<script type=\"application\/ld+json\" class=\"yoast-schema-graph\">{\"@context\":\"https:\\\/\\\/schema.org\",\"@graph\":[{\"@type\":[\"WebPage\",\"ItemPage\"],\"@id\":\"https:\\\/\\\/www.swisscrochet.ch\\\/fr\\\/produit\\\/flow-top-avec-super-10-kit-de-fils\\\/\",\"url\":\"https:\\\/\\\/www.swisscrochet.ch\\\/fr\\\/produit\\\/flow-top-avec-super-10-kit-de-fils\\\/\",\"name\":\"Flow Top avec Super 10 \u2013 Kit de fils &#171; Swiss Crochet\",\"isPartOf\":{\"@id\":\"https:\\\/\\\/www.swisscrochet.ch\\\/#website\"},\"primaryImageOfPage\":{\"@id\":\"https:\\\/\\\/www.swisscrochet.ch\\\/fr\\\/produit\\\/flow-top-avec-super-10-kit-de-fils\\\/#primaryimage\"},\"image\":{\"@id\":\"https:\\\/\\\/www.swisscrochet.ch\\\/fr\\\/produit\\\/flow-top-avec-super-10-kit-de-fils\\\/#primaryimage\"},\"thumbnailUrl\":\"https:\\\/\\\/www.swisscrochet.ch\\\/wp-content\\\/uploads\\\/2026\\\/03\\\/Flow-Top-Super-10-1.jpg\",\"datePublished\":\"2026-03-07T14:32:04+00:00\",\"dateModified\":\"2026-04-22T11:10:51+00:00\",\"description\":\"Kit crochet Flow Top avec mod\u00e8le PDF de Linda Skuja et fil Super 10. Top d\u2019\u00e9t\u00e9 moderne travaill\u00e9 sur le c\u00f4t\u00e9, avec options de longueur courte et r\u00e9guli\u00e8re. Tailles 1\u20135.\",\"breadcrumb\":{\"@id\":\"https:\\\/\\\/www.swisscrochet.ch\\\/fr\\\/produit\\\/flow-top-avec-super-10-kit-de-fils\\\/#breadcrumb\"},\"inLanguage\":\"fr-FR\",\"potentialAction\":[{\"@type\":\"ReadAction\",\"target\":[\"https:\\\/\\\/www.swisscrochet.ch\\\/fr\\\/produit\\\/flow-top-avec-super-10-kit-de-fils\\\/\"]}]},{\"@type\":\"ImageObject\",\"inLanguage\":\"fr-FR\",\"@id\":\"https:\\\/\\\/www.swisscrochet.ch\\\/fr\\\/produit\\\/flow-top-avec-super-10-kit-de-fils\\\/#primaryimage\",\"url\":\"https:\\\/\\\/www.swisscrochet.ch\\\/wp-content\\\/uploads\\\/2026\\\/03\\\/Flow-Top-Super-10-1.jpg\",\"contentUrl\":\"https:\\\/\\\/www.swisscrochet.ch\\\/wp-content\\\/uploads\\\/2026\\\/03\\\/Flow-Top-Super-10-1.jpg\",\"width\":1000,\"height\":1000},{\"@type\":\"BreadcrumbList\",\"@id\":\"https:\\\/\\\/www.swisscrochet.ch\\\/fr\\\/produit\\\/flow-top-avec-super-10-kit-de-fils\\\/#breadcrumb\",\"itemListElement\":[{\"@type\":\"ListItem\",\"position\":1,\"name\":\"Home\",\"item\":\"https:\\\/\\\/www.swisscrochet.ch\\\/fr\\\/\"},{\"@type\":\"ListItem\",\"position\":2,\"name\":\"Boutique\",\"item\":\"https:\\\/\\\/www.swisscrochet.ch\\\/fr\\\/boutique\\\/\"},{\"@type\":\"ListItem\",\"position\":3,\"name\":\"Flow Top avec Super 10 \u2013 Kit de fils\"}]},{\"@type\":\"WebSite\",\"@id\":\"https:\\\/\\\/www.swisscrochet.ch\\\/#website\",\"url\":\"https:\\\/\\\/www.swisscrochet.ch\\\/\",\"name\":\"Swiss Crochet\",\"description\":\"Lib\u00e9rez votre potentiel cr\u00e9atif\",\"potentialAction\":[{\"@type\":\"SearchAction\",\"target\":{\"@type\":\"EntryPoint\",\"urlTemplate\":\"https:\\\/\\\/www.swisscrochet.ch\\\/?s={search_term_string}\"},\"query-input\":{\"@type\":\"PropertyValueSpecification\",\"valueRequired\":true,\"valueName\":\"search_term_string\"}}],\"inLanguage\":\"fr-FR\"}]}<\/script>\n<!-- \/ Yoast SEO plugin. -->","yoast_head_json":{"title":"Flow Top avec Super 10 \u2013 Kit de fils &#171; Swiss Crochet","description":"Kit crochet Flow Top avec mod\u00e8le PDF de Linda Skuja et fil Super 10. Top d\u2019\u00e9t\u00e9 moderne travaill\u00e9 sur le c\u00f4t\u00e9, avec options de longueur courte et r\u00e9guli\u00e8re. Tailles 1\u20135.","robots":{"index":"index","follow":"follow","max-snippet":"max-snippet:-1","max-image-preview":"max-image-preview:large","max-video-preview":"max-video-preview:-1"},"canonical":"https:\/\/www.swisscrochet.ch\/fr\/produit\/flow-top-avec-super-10-kit-de-fils\/","og_locale":"fr_FR","og_type":"article","og_title":"Flow Top avec Super 10 \u2013 Kit de fils &#171; Swiss Crochet","og_description":"Kit crochet Flow Top avec mod\u00e8le PDF de Linda Skuja et fil Super 10. Top d\u2019\u00e9t\u00e9 moderne travaill\u00e9 sur le c\u00f4t\u00e9, avec options de longueur courte et r\u00e9guli\u00e8re. Tailles 1\u20135.","og_url":"https:\/\/www.swisscrochet.ch\/fr\/produit\/flow-top-avec-super-10-kit-de-fils\/","og_site_name":"Swiss Crochet","article_modified_time":"2026-04-22T11:10:51+00:00","og_image":[{"width":1000,"height":1000,"url":"https:\/\/www.swisscrochet.ch\/wp-content\/uploads\/2026\/03\/Flow-Top-Super-10-1.jpg","type":"image\/jpeg"}],"twitter_card":"summary_large_image","twitter_misc":{"Dur\u00e9e de lecture estim\u00e9e":"1 minute"},"schema":{"@context":"https:\/\/schema.org","@graph":[{"@type":["WebPage","ItemPage"],"@id":"https:\/\/www.swisscrochet.ch\/fr\/produit\/flow-top-avec-super-10-kit-de-fils\/","url":"https:\/\/www.swisscrochet.ch\/fr\/produit\/flow-top-avec-super-10-kit-de-fils\/","name":"Flow Top avec Super 10 \u2013 Kit de fils &#171; Swiss Crochet","isPartOf":{"@id":"https:\/\/www.swisscrochet.ch\/#website"},"primaryImageOfPage":{"@id":"https:\/\/www.swisscrochet.ch\/fr\/produit\/flow-top-avec-super-10-kit-de-fils\/#primaryimage"},"image":{"@id":"https:\/\/www.swisscrochet.ch\/fr\/produit\/flow-top-avec-super-10-kit-de-fils\/#primaryimage"},"thumbnailUrl":"https:\/\/www.swisscrochet.ch\/wp-content\/uploads\/2026\/03\/Flow-Top-Super-10-1.jpg","datePublished":"2026-03-07T14:32:04+00:00","dateModified":"2026-04-22T11:10:51+00:00","description":"Kit crochet Flow Top avec mod\u00e8le PDF de Linda Skuja et fil Super 10. Top d\u2019\u00e9t\u00e9 moderne travaill\u00e9 sur le c\u00f4t\u00e9, avec options de longueur courte et r\u00e9guli\u00e8re. Tailles 1\u20135.","breadcrumb":{"@id":"https:\/\/www.swisscrochet.ch\/fr\/produit\/flow-top-avec-super-10-kit-de-fils\/#breadcrumb"},"inLanguage":"fr-FR","potentialAction":[{"@type":"ReadAction","target":["https:\/\/www.swisscrochet.ch\/fr\/produit\/flow-top-avec-super-10-kit-de-fils\/"]}]},{"@type":"ImageObject","inLanguage":"fr-FR","@id":"https:\/\/www.swisscrochet.ch\/fr\/produit\/flow-top-avec-super-10-kit-de-fils\/#primaryimage","url":"https:\/\/www.swisscrochet.ch\/wp-content\/uploads\/2026\/03\/Flow-Top-Super-10-1.jpg","contentUrl":"https:\/\/www.swisscrochet.ch\/wp-content\/uploads\/2026\/03\/Flow-Top-Super-10-1.jpg","width":1000,"height":1000},{"@type":"BreadcrumbList","@id":"https:\/\/www.swisscrochet.ch\/fr\/produit\/flow-top-avec-super-10-kit-de-fils\/#breadcrumb","itemListElement":[{"@type":"ListItem","position":1,"name":"Home","item":"https:\/\/www.swisscrochet.ch\/fr\/"},{"@type":"ListItem","position":2,"name":"Boutique","item":"https:\/\/www.swisscrochet.ch\/fr\/boutique\/"},{"@type":"ListItem","position":3,"name":"Flow Top avec Super 10 \u2013 Kit de fils"}]},{"@type":"WebSite","@id":"https:\/\/www.swisscrochet.ch\/#website","url":"https:\/\/www.swisscrochet.ch\/","name":"Swiss Crochet","description":"Lib\u00e9rez votre potentiel cr\u00e9atif","potentialAction":[{"@type":"SearchAction","target":{"@type":"EntryPoint","urlTemplate":"https:\/\/www.swisscrochet.ch\/?s={search_term_string}"},"query-input":{"@type":"PropertyValueSpecification","valueRequired":true,"valueName":"search_term_string"}}],"inLanguage":"fr-FR"}]}},"_links":{"self":[{"href":"https:\/\/www.swisscrochet.ch\/fr\/wp-json\/wp\/v2\/product\/25688","targetHints":{"allow":["GET"]}}],"collection":[{"href":"https:\/\/www.swisscrochet.ch\/fr\/wp-json\/wp\/v2\/product"}],"about":[{"href":"https:\/\/www.swisscrochet.ch\/fr\/wp-json\/wp\/v2\/types\/product"}],"wp:featuredmedia":[{"embeddable":true,"href":"https:\/\/www.swisscrochet.ch\/fr\/wp-json\/wp\/v2\/media\/25543"}],"wp:attachment":[{"href":"https:\/\/www.swisscrochet.ch\/fr\/wp-json\/wp\/v2\/media?parent=25688"}],"wp:term":[{"taxonomy":"product_brand","embeddable":true,"href":"https:\/\/www.swisscrochet.ch\/fr\/wp-json\/wp\/v2\/product_brand?post=25688"},{"taxonomy":"product_cat","embeddable":true,"href":"https:\/\/www.swisscrochet.ch\/fr\/wp-json\/wp\/v2\/product_cat?post=25688"},{"taxonomy":"product_tag","embeddable":true,"href":"https:\/\/www.swisscrochet.ch\/fr\/wp-json\/wp\/v2\/product_tag?post=25688"}],"curies":[{"name":"wp","href":"https:\/\/api.w.org\/{rel}","templated":true}]}}