{"id":25694,"date":"2026-03-07T15:35:59","date_gmt":"2026-03-07T14:35:59","guid":{"rendered":"https:\/\/www.swisscrochet.ch\/product\/piens-sweater-with-super-20-yarn-kit\/"},"modified":"2026-03-07T16:57:12","modified_gmt":"2026-03-07T15:57:12","slug":"piens-sweater-avec-super-20-kit-de-fils","status":"publish","type":"product","link":"https:\/\/www.swisscrochet.ch\/fr\/produit\/piens-sweater-avec-super-20-kit-de-fils\/","title":{"rendered":"Piens Sweater avec Super 20 \u2013 Kit de fils"},"content":{"rendered":"","protected":false},"excerpt":{"rendered":"<p>Piens combine esth\u00e9tique, simplicit\u00e9 et fonctionnalit\u00e9, tout en y ajoutant un savoir-faire r\u00e9fl\u00e9chi et un style impeccable. Les lignes descendantes de points relief font de cette pi\u00e8ce un v\u00e9ritable classique, tandis que les grappes de points puff apportent une touche d\u2019int\u00e9r\u00eat. Le r\u00e9sultat est un design a\u00e9rien avec une touche contemporaine. Tout comme le lait est l\u2019origine d\u2019une nouvelle vie, le pull classique Piens est intemporel et essentiel, et ne se d\u00e9mode jamais.<\/p>\n<p>L\u2019\u00e9chantillon pr\u00e9sent\u00e9 est r\u00e9alis\u00e9 en taille 1 et utilise environ 475 g de fil (4 pelotes de Super 20).<\/p>\n<p>Tailles : 1 (2, 3, 4)<\/p>\n<p>Tour de poitrine conseill\u00e9 jusqu\u2019\u00e0 : 86\u201397 (107\u2013117, 127\u2013137, 147\u2013157) cm \/ 34\u201338 (42\u201346, 50\u201354, 58\u201362) in<\/p>\n<p>Tour de poitrine fini : 124 (138, 154, 168) cm \/ 48.75 (54.25, 60.5, 66.25) in<\/p>\n<p><strong>M\u00e9trage estim\u00e9 par taille :<\/strong><\/p>\n<ul>\n<li>Taille 1 : 4 pelotes<\/li>\n<li>Taille 2 : 5 pelotes<\/li>\n<li>Taille 3 : 6 pelotes<\/li>\n<li>Taille 4 : 6 pelotes<\/li>\n<\/ul>\n<p><strong>Le kit comprend :<\/strong><\/p>\n<ul>\n<li>Le nombre requis de pelotes de Super 20 dans la couleur de votre choix, selon la taille s\u00e9lectionn\u00e9e<\/li>\n<\/ul>\n<p><strong>Options suppl\u00e9mentaires :<\/strong><\/p>\n<ul>\n<li>Le mod\u00e8le appara\u00eet dans le livre <em>Crochet Sweaters with a Textured Twist<\/em> de <em>Linda Skuja<\/em>, disponible en anglais et en allemand (voir liens ci-dessous)<\/li>\n<li>crochet 3.75 mm<\/li>\n<\/ul>\n<p>Tout ce dont vous avez besoin pour commencer votre prochain projet de crochet pr\u00e9f\u00e9r\u00e9 \u2014 simple, \u00e9l\u00e9gant et inspirant.<\/p>\n","protected":false},"featured_media":25575,"template":"","meta":[],"product_brand":[],"product_cat":[331,1671],"product_tag":[1985,2103],"class_list":{"0":"post-25694","1":"product","2":"type-product","3":"status-publish","4":"has-post-thumbnail","6":"product_cat-kits-de-fils","7":"product_cat-kits-de-fils-vetements","8":"product_tag-lindaskuja","9":"product_tag-super-20","10":"description-off","12":"first","13":"instock","14":"virtual","15":"taxable","16":"purchasable","17":"product-type-bundle"},"bundled_by":[],"bundle_stock_status":"instock","bundle_stock_quantity":32,"bundle_virtual":false,"bundle_layout":"default","bundle_add_to_cart_form_location":"default","bundle_editable_in_cart":false,"bundle_sold_individually_context":"product","bundle_item_grouping":"parent","bundle_min_size":"","bundle_max_size":"","bundle_price":{"price":{"min":{"incl_tax":"59.6","excl_tax":"55.13"},"max":{"incl_tax":"","excl_tax":""}},"regular_price":{"min":{"incl_tax":"59.6","excl_tax":"55.13"},"max":{"incl_tax":"","excl_tax":""}}},"bundled_items":[{"bundled_item_id":994,"product_id":18338,"menu_order":0,"quantity_min":4,"quantity_max":"","quantity_default":4,"priced_individually":true,"shipped_individually":false,"override_title":false,"title":"EL.D.Mouzakis Butterfly &#8211; Super 20","override_description":true,"description":"Choisissez le nombre de pelotes selon votre taille :\r\n<ul>\r\n \t<li>Taille 1 : 4 pelotes<\/li>\r\n \t<li>Taille 2 : 5 pelotes<\/li>\r\n \t<li>Taille 3 : 6 pelotes<\/li>\r\n \t<li>Taille 4 : 6 pelotes<\/li>\r\n<\/ul>","optional":false,"hide_thumbnail":false,"discount":"","override_variations":false,"allowed_variations":[""],"override_default_variation_attributes":false,"default_variation_attributes":[],"single_product_visibility":"visible","cart_visibility":"visible","order_visibility":"visible","single_product_price_visibility":"visible","cart_price_visibility":"visible","order_price_visibility":"visible","stock_status":"in_stock"},{"bundled_item_id":995,"product_id":7639,"menu_order":1,"quantity_min":1,"quantity_max":1,"quantity_default":1,"priced_individually":true,"shipped_individually":false,"override_title":false,"title":"Crochet Sweaters with a Textured Twist &#8211; Linda Skuja","override_description":true,"description":"","optional":true,"hide_thumbnail":false,"discount":"","override_variations":false,"allowed_variations":[""],"override_default_variation_attributes":false,"default_variation_attributes":[],"single_product_visibility":"visible","cart_visibility":"visible","order_visibility":"visible","single_product_price_visibility":"visible","cart_price_visibility":"visible","order_price_visibility":"visible","stock_status":"in_stock"},{"bundled_item_id":996,"product_id":7331,"menu_order":2,"quantity_min":1,"quantity_max":1,"quantity_default":1,"priced_individually":true,"shipped_individually":false,"override_title":false,"title":"Lieblingspullis H\u00e4keln &#8211; Linda Skuja","override_description":true,"description":"","optional":true,"hide_thumbnail":false,"discount":"","override_variations":false,"allowed_variations":[""],"override_default_variation_attributes":false,"default_variation_attributes":[],"single_product_visibility":"visible","cart_visibility":"visible","order_visibility":"visible","single_product_price_visibility":"visible","cart_price_visibility":"visible","order_price_visibility":"visible","stock_status":"in_stock"},{"bundled_item_id":997,"product_id":3501,"menu_order":3,"quantity_min":1,"quantity_max":1,"quantity_default":1,"priced_individually":true,"shipped_individually":false,"override_title":false,"title":"Tulip &#8211; Etimo Red &#8211; Crochet avec manche souple","override_description":true,"description":"","optional":true,"hide_thumbnail":false,"discount":"","override_variations":true,"allowed_variations":[16727],"override_default_variation_attributes":true,"default_variation_attributes":[{"id":0,"name":"Size","option":"3.75 mm"}],"single_product_visibility":"visible","cart_visibility":"visible","order_visibility":"visible","single_product_price_visibility":"visible","cart_price_visibility":"visible","order_price_visibility":"visible","stock_status":"in_stock"}],"bundle_sell_ids":[],"yoast_head":"<!-- This site is optimized with the Yoast SEO plugin v27.4 - https:\/\/yoast.com\/product\/yoast-seo-wordpress\/ -->\n<title>Piens Sweater avec Super 20 \u2013 Kit de fils &#171; Swiss Crochet<\/title>\n<meta name=\"description\" content=\"Kit pull Piens au crochet avec fil Super 20. Design textur\u00e9 \u00e9l\u00e9gant de Linda Skuja avec points relief et d\u00e9tails puff. Coupe moderne oversize en tailles 1\u20134.\" \/>\n<meta name=\"robots\" content=\"index, follow, max-snippet:-1, max-image-preview:large, max-video-preview:-1\" \/>\n<link rel=\"canonical\" href=\"https:\/\/www.swisscrochet.ch\/fr\/produit\/piens-sweater-avec-super-20-kit-de-fils\/\" \/>\n<meta property=\"og:locale\" content=\"fr_FR\" \/>\n<meta property=\"og:type\" content=\"article\" \/>\n<meta property=\"og:title\" content=\"Piens Sweater avec Super 20 \u2013 Kit de fils &#171; Swiss Crochet\" \/>\n<meta property=\"og:description\" content=\"Kit pull Piens au crochet avec fil Super 20. Design textur\u00e9 \u00e9l\u00e9gant de Linda Skuja avec points relief et d\u00e9tails puff. Coupe moderne oversize en tailles 1\u20134.\" \/>\n<meta property=\"og:url\" content=\"https:\/\/www.swisscrochet.ch\/fr\/produit\/piens-sweater-avec-super-20-kit-de-fils\/\" \/>\n<meta property=\"og:site_name\" content=\"Swiss Crochet\" \/>\n<meta property=\"article:modified_time\" content=\"2026-03-07T15:57:12+00:00\" \/>\n<meta property=\"og:image\" content=\"https:\/\/www.swisscrochet.ch\/wp-content\/uploads\/2026\/03\/Piens-Sweater-Super-20-1.jpg\" \/>\n\t<meta property=\"og:image:width\" content=\"1000\" \/>\n\t<meta property=\"og:image:height\" content=\"1000\" \/>\n\t<meta property=\"og:image:type\" content=\"image\/jpeg\" \/>\n<meta name=\"twitter:card\" content=\"summary_large_image\" \/>\n<meta name=\"twitter:label1\" content=\"Dur\u00e9e de lecture estim\u00e9e\" \/>\n\t<meta name=\"twitter:data1\" content=\"1 minute\" \/>\n<script type=\"application\/ld+json\" class=\"yoast-schema-graph\">{\"@context\":\"https:\\\/\\\/schema.org\",\"@graph\":[{\"@type\":[\"WebPage\",\"ItemPage\"],\"@id\":\"https:\\\/\\\/www.swisscrochet.ch\\\/fr\\\/produit\\\/piens-sweater-avec-super-20-kit-de-fils\\\/\",\"url\":\"https:\\\/\\\/www.swisscrochet.ch\\\/fr\\\/produit\\\/piens-sweater-avec-super-20-kit-de-fils\\\/\",\"name\":\"Piens Sweater avec Super 20 \u2013 Kit de fils &#171; Swiss Crochet\",\"isPartOf\":{\"@id\":\"https:\\\/\\\/www.swisscrochet.ch\\\/#website\"},\"primaryImageOfPage\":{\"@id\":\"https:\\\/\\\/www.swisscrochet.ch\\\/fr\\\/produit\\\/piens-sweater-avec-super-20-kit-de-fils\\\/#primaryimage\"},\"image\":{\"@id\":\"https:\\\/\\\/www.swisscrochet.ch\\\/fr\\\/produit\\\/piens-sweater-avec-super-20-kit-de-fils\\\/#primaryimage\"},\"thumbnailUrl\":\"https:\\\/\\\/www.swisscrochet.ch\\\/wp-content\\\/uploads\\\/2026\\\/03\\\/Piens-Sweater-Super-20-1.jpg\",\"datePublished\":\"2026-03-07T14:35:59+00:00\",\"dateModified\":\"2026-03-07T15:57:12+00:00\",\"description\":\"Kit pull Piens au crochet avec fil Super 20. Design textur\u00e9 \u00e9l\u00e9gant de Linda Skuja avec points relief et d\u00e9tails puff. Coupe moderne oversize en tailles 1\u20134.\",\"breadcrumb\":{\"@id\":\"https:\\\/\\\/www.swisscrochet.ch\\\/fr\\\/produit\\\/piens-sweater-avec-super-20-kit-de-fils\\\/#breadcrumb\"},\"inLanguage\":\"fr-FR\",\"potentialAction\":[{\"@type\":\"ReadAction\",\"target\":[\"https:\\\/\\\/www.swisscrochet.ch\\\/fr\\\/produit\\\/piens-sweater-avec-super-20-kit-de-fils\\\/\"]}]},{\"@type\":\"ImageObject\",\"inLanguage\":\"fr-FR\",\"@id\":\"https:\\\/\\\/www.swisscrochet.ch\\\/fr\\\/produit\\\/piens-sweater-avec-super-20-kit-de-fils\\\/#primaryimage\",\"url\":\"https:\\\/\\\/www.swisscrochet.ch\\\/wp-content\\\/uploads\\\/2026\\\/03\\\/Piens-Sweater-Super-20-1.jpg\",\"contentUrl\":\"https:\\\/\\\/www.swisscrochet.ch\\\/wp-content\\\/uploads\\\/2026\\\/03\\\/Piens-Sweater-Super-20-1.jpg\",\"width\":1000,\"height\":1000},{\"@type\":\"BreadcrumbList\",\"@id\":\"https:\\\/\\\/www.swisscrochet.ch\\\/fr\\\/produit\\\/piens-sweater-avec-super-20-kit-de-fils\\\/#breadcrumb\",\"itemListElement\":[{\"@type\":\"ListItem\",\"position\":1,\"name\":\"Home\",\"item\":\"https:\\\/\\\/www.swisscrochet.ch\\\/fr\\\/\"},{\"@type\":\"ListItem\",\"position\":2,\"name\":\"Boutique\",\"item\":\"https:\\\/\\\/www.swisscrochet.ch\\\/fr\\\/boutique\\\/\"},{\"@type\":\"ListItem\",\"position\":3,\"name\":\"Piens Sweater avec Super 20 \u2013 Kit de fils\"}]},{\"@type\":\"WebSite\",\"@id\":\"https:\\\/\\\/www.swisscrochet.ch\\\/#website\",\"url\":\"https:\\\/\\\/www.swisscrochet.ch\\\/\",\"name\":\"Swiss Crochet\",\"description\":\"Lib\u00e9rez votre potentiel cr\u00e9atif\",\"potentialAction\":[{\"@type\":\"SearchAction\",\"target\":{\"@type\":\"EntryPoint\",\"urlTemplate\":\"https:\\\/\\\/www.swisscrochet.ch\\\/?s={search_term_string}\"},\"query-input\":{\"@type\":\"PropertyValueSpecification\",\"valueRequired\":true,\"valueName\":\"search_term_string\"}}],\"inLanguage\":\"fr-FR\"}]}<\/script>\n<!-- \/ Yoast SEO plugin. -->","yoast_head_json":{"title":"Piens Sweater avec Super 20 \u2013 Kit de fils &#171; Swiss Crochet","description":"Kit pull Piens au crochet avec fil Super 20. Design textur\u00e9 \u00e9l\u00e9gant de Linda Skuja avec points relief et d\u00e9tails puff. Coupe moderne oversize en tailles 1\u20134.","robots":{"index":"index","follow":"follow","max-snippet":"max-snippet:-1","max-image-preview":"max-image-preview:large","max-video-preview":"max-video-preview:-1"},"canonical":"https:\/\/www.swisscrochet.ch\/fr\/produit\/piens-sweater-avec-super-20-kit-de-fils\/","og_locale":"fr_FR","og_type":"article","og_title":"Piens Sweater avec Super 20 \u2013 Kit de fils &#171; Swiss Crochet","og_description":"Kit pull Piens au crochet avec fil Super 20. Design textur\u00e9 \u00e9l\u00e9gant de Linda Skuja avec points relief et d\u00e9tails puff. Coupe moderne oversize en tailles 1\u20134.","og_url":"https:\/\/www.swisscrochet.ch\/fr\/produit\/piens-sweater-avec-super-20-kit-de-fils\/","og_site_name":"Swiss Crochet","article_modified_time":"2026-03-07T15:57:12+00:00","og_image":[{"width":1000,"height":1000,"url":"https:\/\/www.swisscrochet.ch\/wp-content\/uploads\/2026\/03\/Piens-Sweater-Super-20-1.jpg","type":"image\/jpeg"}],"twitter_card":"summary_large_image","twitter_misc":{"Dur\u00e9e de lecture estim\u00e9e":"1 minute"},"schema":{"@context":"https:\/\/schema.org","@graph":[{"@type":["WebPage","ItemPage"],"@id":"https:\/\/www.swisscrochet.ch\/fr\/produit\/piens-sweater-avec-super-20-kit-de-fils\/","url":"https:\/\/www.swisscrochet.ch\/fr\/produit\/piens-sweater-avec-super-20-kit-de-fils\/","name":"Piens Sweater avec Super 20 \u2013 Kit de fils &#171; Swiss Crochet","isPartOf":{"@id":"https:\/\/www.swisscrochet.ch\/#website"},"primaryImageOfPage":{"@id":"https:\/\/www.swisscrochet.ch\/fr\/produit\/piens-sweater-avec-super-20-kit-de-fils\/#primaryimage"},"image":{"@id":"https:\/\/www.swisscrochet.ch\/fr\/produit\/piens-sweater-avec-super-20-kit-de-fils\/#primaryimage"},"thumbnailUrl":"https:\/\/www.swisscrochet.ch\/wp-content\/uploads\/2026\/03\/Piens-Sweater-Super-20-1.jpg","datePublished":"2026-03-07T14:35:59+00:00","dateModified":"2026-03-07T15:57:12+00:00","description":"Kit pull Piens au crochet avec fil Super 20. Design textur\u00e9 \u00e9l\u00e9gant de Linda Skuja avec points relief et d\u00e9tails puff. Coupe moderne oversize en tailles 1\u20134.","breadcrumb":{"@id":"https:\/\/www.swisscrochet.ch\/fr\/produit\/piens-sweater-avec-super-20-kit-de-fils\/#breadcrumb"},"inLanguage":"fr-FR","potentialAction":[{"@type":"ReadAction","target":["https:\/\/www.swisscrochet.ch\/fr\/produit\/piens-sweater-avec-super-20-kit-de-fils\/"]}]},{"@type":"ImageObject","inLanguage":"fr-FR","@id":"https:\/\/www.swisscrochet.ch\/fr\/produit\/piens-sweater-avec-super-20-kit-de-fils\/#primaryimage","url":"https:\/\/www.swisscrochet.ch\/wp-content\/uploads\/2026\/03\/Piens-Sweater-Super-20-1.jpg","contentUrl":"https:\/\/www.swisscrochet.ch\/wp-content\/uploads\/2026\/03\/Piens-Sweater-Super-20-1.jpg","width":1000,"height":1000},{"@type":"BreadcrumbList","@id":"https:\/\/www.swisscrochet.ch\/fr\/produit\/piens-sweater-avec-super-20-kit-de-fils\/#breadcrumb","itemListElement":[{"@type":"ListItem","position":1,"name":"Home","item":"https:\/\/www.swisscrochet.ch\/fr\/"},{"@type":"ListItem","position":2,"name":"Boutique","item":"https:\/\/www.swisscrochet.ch\/fr\/boutique\/"},{"@type":"ListItem","position":3,"name":"Piens Sweater avec Super 20 \u2013 Kit de fils"}]},{"@type":"WebSite","@id":"https:\/\/www.swisscrochet.ch\/#website","url":"https:\/\/www.swisscrochet.ch\/","name":"Swiss Crochet","description":"Lib\u00e9rez votre potentiel cr\u00e9atif","potentialAction":[{"@type":"SearchAction","target":{"@type":"EntryPoint","urlTemplate":"https:\/\/www.swisscrochet.ch\/?s={search_term_string}"},"query-input":{"@type":"PropertyValueSpecification","valueRequired":true,"valueName":"search_term_string"}}],"inLanguage":"fr-FR"}]}},"_links":{"self":[{"href":"https:\/\/www.swisscrochet.ch\/fr\/wp-json\/wp\/v2\/product\/25694","targetHints":{"allow":["GET"]}}],"collection":[{"href":"https:\/\/www.swisscrochet.ch\/fr\/wp-json\/wp\/v2\/product"}],"about":[{"href":"https:\/\/www.swisscrochet.ch\/fr\/wp-json\/wp\/v2\/types\/product"}],"wp:featuredmedia":[{"embeddable":true,"href":"https:\/\/www.swisscrochet.ch\/fr\/wp-json\/wp\/v2\/media\/25575"}],"wp:attachment":[{"href":"https:\/\/www.swisscrochet.ch\/fr\/wp-json\/wp\/v2\/media?parent=25694"}],"wp:term":[{"taxonomy":"product_brand","embeddable":true,"href":"https:\/\/www.swisscrochet.ch\/fr\/wp-json\/wp\/v2\/product_brand?post=25694"},{"taxonomy":"product_cat","embeddable":true,"href":"https:\/\/www.swisscrochet.ch\/fr\/wp-json\/wp\/v2\/product_cat?post=25694"},{"taxonomy":"product_tag","embeddable":true,"href":"https:\/\/www.swisscrochet.ch\/fr\/wp-json\/wp\/v2\/product_tag?post=25694"}],"curies":[{"name":"wp","href":"https:\/\/api.w.org\/{rel}","templated":true}]}}