{"id":25704,"date":"2026-03-07T16:17:51","date_gmt":"2026-03-07T15:17:51","guid":{"rendered":"https:\/\/www.swisscrochet.ch\/product\/ena-sweater-with-rozena-yarn-kit\/"},"modified":"2026-03-07T17:21:11","modified_gmt":"2026-03-07T16:21:11","slug":"ena-sweater-avec-rozena-kit-de-fils","status":"publish","type":"product","link":"https:\/\/www.swisscrochet.ch\/fr\/produit\/ena-sweater-avec-rozena-kit-de-fils\/","title":{"rendered":"Ena Sweater avec Rozena \u2013 Kit de fils"},"content":{"rendered":"","protected":false},"excerpt":{"rendered":"<p>Dans ce pull, les lignes raglan en relief sont r\u00e9interpr\u00e9t\u00e9es en extensions continues et li\u00e9es qui \u00e9voquent l\u2019\u00e9quilibre et l\u2019interconnexion, accompagn\u00e9es d\u2019ombres enveloppantes cr\u00e9\u00e9es par des points relief. Con\u00e7u pour un usage quotidien, \u0112na pr\u00e9sente un d\u00e9licat jeu d\u2019ombres qui apporte de l\u2019int\u00e9r\u00eat \u00e0 une pi\u00e8ce autrement d\u00e9contract\u00e9e.<\/p>\n<p>L\u2019\u00e9chantillon pr\u00e9sent\u00e9 est r\u00e9alis\u00e9 en taille 3 et utilise environ 315 g de fil (13 pelotes de Rozena).<\/p>\n<p>Tailles : 1 (2, 3, 4, 5) (6, 7, 8, 9)<\/p>\n<p>Tour de poitrine conseill\u00e9 : 76 (86, 97, 107, 117) (127, 137, 147, 157) cm \/ 30 (34, 38, 42, 46) (50, 54, 58, 62) in<\/p>\n<p>Tour de poitrine fini : 98.5 (107, 114.5, 121.5, 128.5) (134.5, 141.5, 148.5, 157) cm \/ 38.75 (42.25, 45, 47.75, 50.5) (53, 55.75, 58.5, 61.75) in<\/p>\n<p><strong>M\u00e9trage estim\u00e9 par taille :<\/strong><\/p>\n<ul>\n<li>Taille 1 : 10 pelotes<\/li>\n<li>Taille 2 : 11 pelotes<\/li>\n<li>Taille 3 : 12 pelotes<\/li>\n<li>Taille 4 : 13 pelotes<\/li>\n<li>Taille 5 : 14 pelotes<\/li>\n<li>Taille 6 : 14 pelotes<\/li>\n<li>Taille 7 : 15 pelotes<\/li>\n<li>Taille 8 : 16 pelotes<\/li>\n<li>Taille 9 : 17 pelotes<\/li>\n<\/ul>\n<p><strong>Le kit comprend :<\/strong><\/p>\n<ul>\n<li>Le nombre requis de pelotes de Rozena dans la couleur de votre choix, selon la taille s\u00e9lectionn\u00e9e<\/li>\n<\/ul>\n<p><strong>Options suppl\u00e9mentaires :<\/strong><\/p>\n<ul>\n<li>Le mod\u00e8le appara\u00eet dans le livre <em>Crochet Sweaters with a Textured Twist<\/em> de <em>Linda Skuja<\/em>, disponible en anglais et en allemand (voir liens ci-dessous)<\/li>\n<li>crochet 5.00 mm<\/li>\n<\/ul>\n<p>Tout ce dont vous avez besoin pour commencer votre prochain projet de crochet pr\u00e9f\u00e9r\u00e9 \u2014 simple, \u00e9l\u00e9gant et inspirant.<\/p>\n","protected":false},"featured_media":25405,"template":"","meta":[],"product_brand":[],"product_cat":[331,1671],"product_tag":[1985,2061],"class_list":{"0":"post-25704","1":"product","2":"type-product","3":"status-publish","4":"has-post-thumbnail","6":"product_cat-kits-de-fils","7":"product_cat-kits-de-fils-vetements","8":"product_tag-lindaskuja","9":"product_tag-rozena","10":"description-off","12":"first","13":"instock","14":"virtual","15":"taxable","16":"purchasable","17":"product-type-bundle"},"bundled_by":[],"bundle_stock_status":"instock","bundle_stock_quantity":23,"bundle_virtual":false,"bundle_layout":"default","bundle_add_to_cart_form_location":"default","bundle_editable_in_cart":false,"bundle_sold_individually_context":"product","bundle_item_grouping":"parent","bundle_min_size":"","bundle_max_size":"","bundle_price":{"price":{"min":{"incl_tax":"89","excl_tax":"82.33"},"max":{"incl_tax":"","excl_tax":""}},"regular_price":{"min":{"incl_tax":"89","excl_tax":"82.33"},"max":{"incl_tax":"","excl_tax":""}}},"bundled_items":[{"bundled_item_id":1018,"product_id":5790,"menu_order":0,"quantity_min":10,"quantity_max":"","quantity_default":10,"priced_individually":true,"shipped_individually":false,"override_title":false,"title":"Laines du Nord &#8211; Rozena","override_description":true,"description":"Choisissez le nombre de pelotes selon votre taille :\r\n<ul>\r\n \t<li>Taille 1 : 10 pelotes<\/li>\r\n \t<li>Taille 2 : 11 pelotes<\/li>\r\n \t<li>Taille 3 : 12 pelotes<\/li>\r\n \t<li>Taille 4 : 13 pelotes<\/li>\r\n \t<li>Taille 5 : 14 pelotes<\/li>\r\n \t<li>Taille 6 : 14 pelotes<\/li>\r\n \t<li>Taille 7 : 15 pelotes<\/li>\r\n \t<li>Taille 8 : 16 pelotes<\/li>\r\n \t<li>Taille 9 : 17 pelotes<\/li>\r\n<\/ul>","optional":false,"hide_thumbnail":false,"discount":"","override_variations":false,"allowed_variations":[""],"override_default_variation_attributes":false,"default_variation_attributes":[],"single_product_visibility":"visible","cart_visibility":"visible","order_visibility":"visible","single_product_price_visibility":"visible","cart_price_visibility":"visible","order_price_visibility":"visible","stock_status":"in_stock"},{"bundled_item_id":1019,"product_id":7639,"menu_order":1,"quantity_min":1,"quantity_max":1,"quantity_default":1,"priced_individually":true,"shipped_individually":false,"override_title":false,"title":"Crochet Sweaters with a Textured Twist &#8211; Linda Skuja","override_description":true,"description":"","optional":true,"hide_thumbnail":false,"discount":"","override_variations":false,"allowed_variations":[""],"override_default_variation_attributes":false,"default_variation_attributes":[],"single_product_visibility":"visible","cart_visibility":"visible","order_visibility":"visible","single_product_price_visibility":"visible","cart_price_visibility":"visible","order_price_visibility":"visible","stock_status":"in_stock"},{"bundled_item_id":1020,"product_id":7331,"menu_order":2,"quantity_min":1,"quantity_max":1,"quantity_default":1,"priced_individually":true,"shipped_individually":false,"override_title":false,"title":"Lieblingspullis H\u00e4keln &#8211; Linda Skuja","override_description":true,"description":"","optional":true,"hide_thumbnail":false,"discount":"","override_variations":false,"allowed_variations":[""],"override_default_variation_attributes":false,"default_variation_attributes":[],"single_product_visibility":"visible","cart_visibility":"visible","order_visibility":"visible","single_product_price_visibility":"visible","cart_price_visibility":"visible","order_price_visibility":"visible","stock_status":"in_stock"},{"bundled_item_id":1021,"product_id":3501,"menu_order":3,"quantity_min":1,"quantity_max":1,"quantity_default":1,"priced_individually":true,"shipped_individually":false,"override_title":false,"title":"Tulip &#8211; Etimo Red &#8211; Crochet avec manche souple","override_description":true,"description":"","optional":true,"hide_thumbnail":false,"discount":"","override_variations":true,"allowed_variations":[3510],"override_default_variation_attributes":true,"default_variation_attributes":[{"id":0,"name":"Size","option":"5.00 mm"}],"single_product_visibility":"visible","cart_visibility":"visible","order_visibility":"visible","single_product_price_visibility":"visible","cart_price_visibility":"visible","order_price_visibility":"visible","stock_status":"in_stock"}],"bundle_sell_ids":[],"yoast_head":"<!-- This site is optimized with the Yoast SEO plugin v27.4 - https:\/\/yoast.com\/product\/yoast-seo-wordpress\/ -->\n<title>Ena Sweater avec Rozena \u2013 Kit de fils &#171; Swiss Crochet<\/title>\n<meta name=\"description\" content=\"Kit pull \u0112na au crochet avec fil Rozena. Design raglan moderne de Linda Skuja avec texture en points relief et effets d\u2019ombre. Tailles 1\u20139.\" \/>\n<meta name=\"robots\" content=\"index, follow, max-snippet:-1, max-image-preview:large, max-video-preview:-1\" \/>\n<link rel=\"canonical\" href=\"https:\/\/www.swisscrochet.ch\/fr\/produit\/ena-sweater-avec-rozena-kit-de-fils\/\" \/>\n<meta property=\"og:locale\" content=\"fr_FR\" \/>\n<meta property=\"og:type\" content=\"article\" \/>\n<meta property=\"og:title\" content=\"Ena Sweater avec Rozena \u2013 Kit de fils &#171; Swiss Crochet\" \/>\n<meta property=\"og:description\" content=\"Kit pull \u0112na au crochet avec fil Rozena. Design raglan moderne de Linda Skuja avec texture en points relief et effets d\u2019ombre. Tailles 1\u20139.\" \/>\n<meta property=\"og:url\" content=\"https:\/\/www.swisscrochet.ch\/fr\/produit\/ena-sweater-avec-rozena-kit-de-fils\/\" \/>\n<meta property=\"og:site_name\" content=\"Swiss Crochet\" \/>\n<meta property=\"article:modified_time\" content=\"2026-03-07T16:21:11+00:00\" \/>\n<meta property=\"og:image\" content=\"https:\/\/www.swisscrochet.ch\/wp-content\/uploads\/2026\/03\/Ena-Sweater-Rozena-Overview.jpg\" \/>\n\t<meta property=\"og:image:width\" content=\"1000\" \/>\n\t<meta property=\"og:image:height\" content=\"1000\" \/>\n\t<meta property=\"og:image:type\" content=\"image\/jpeg\" \/>\n<meta name=\"twitter:card\" content=\"summary_large_image\" \/>\n<meta name=\"twitter:label1\" content=\"Dur\u00e9e de lecture estim\u00e9e\" \/>\n\t<meta name=\"twitter:data1\" content=\"1 minute\" \/>\n<script type=\"application\/ld+json\" class=\"yoast-schema-graph\">{\"@context\":\"https:\\\/\\\/schema.org\",\"@graph\":[{\"@type\":[\"WebPage\",\"ItemPage\"],\"@id\":\"https:\\\/\\\/www.swisscrochet.ch\\\/fr\\\/produit\\\/ena-sweater-avec-rozena-kit-de-fils\\\/\",\"url\":\"https:\\\/\\\/www.swisscrochet.ch\\\/fr\\\/produit\\\/ena-sweater-avec-rozena-kit-de-fils\\\/\",\"name\":\"Ena Sweater avec Rozena \u2013 Kit de fils &#171; Swiss Crochet\",\"isPartOf\":{\"@id\":\"https:\\\/\\\/www.swisscrochet.ch\\\/#website\"},\"primaryImageOfPage\":{\"@id\":\"https:\\\/\\\/www.swisscrochet.ch\\\/fr\\\/produit\\\/ena-sweater-avec-rozena-kit-de-fils\\\/#primaryimage\"},\"image\":{\"@id\":\"https:\\\/\\\/www.swisscrochet.ch\\\/fr\\\/produit\\\/ena-sweater-avec-rozena-kit-de-fils\\\/#primaryimage\"},\"thumbnailUrl\":\"https:\\\/\\\/www.swisscrochet.ch\\\/wp-content\\\/uploads\\\/2026\\\/03\\\/Ena-Sweater-Rozena-Overview.jpg\",\"datePublished\":\"2026-03-07T15:17:51+00:00\",\"dateModified\":\"2026-03-07T16:21:11+00:00\",\"description\":\"Kit pull \u0112na au crochet avec fil Rozena. Design raglan moderne de Linda Skuja avec texture en points relief et effets d\u2019ombre. Tailles 1\u20139.\",\"breadcrumb\":{\"@id\":\"https:\\\/\\\/www.swisscrochet.ch\\\/fr\\\/produit\\\/ena-sweater-avec-rozena-kit-de-fils\\\/#breadcrumb\"},\"inLanguage\":\"fr-FR\",\"potentialAction\":[{\"@type\":\"ReadAction\",\"target\":[\"https:\\\/\\\/www.swisscrochet.ch\\\/fr\\\/produit\\\/ena-sweater-avec-rozena-kit-de-fils\\\/\"]}]},{\"@type\":\"ImageObject\",\"inLanguage\":\"fr-FR\",\"@id\":\"https:\\\/\\\/www.swisscrochet.ch\\\/fr\\\/produit\\\/ena-sweater-avec-rozena-kit-de-fils\\\/#primaryimage\",\"url\":\"https:\\\/\\\/www.swisscrochet.ch\\\/wp-content\\\/uploads\\\/2026\\\/03\\\/Ena-Sweater-Rozena-Overview.jpg\",\"contentUrl\":\"https:\\\/\\\/www.swisscrochet.ch\\\/wp-content\\\/uploads\\\/2026\\\/03\\\/Ena-Sweater-Rozena-Overview.jpg\",\"width\":1000,\"height\":1000},{\"@type\":\"BreadcrumbList\",\"@id\":\"https:\\\/\\\/www.swisscrochet.ch\\\/fr\\\/produit\\\/ena-sweater-avec-rozena-kit-de-fils\\\/#breadcrumb\",\"itemListElement\":[{\"@type\":\"ListItem\",\"position\":1,\"name\":\"Home\",\"item\":\"https:\\\/\\\/www.swisscrochet.ch\\\/fr\\\/\"},{\"@type\":\"ListItem\",\"position\":2,\"name\":\"Boutique\",\"item\":\"https:\\\/\\\/www.swisscrochet.ch\\\/fr\\\/boutique\\\/\"},{\"@type\":\"ListItem\",\"position\":3,\"name\":\"Ena Sweater avec Rozena \u2013 Kit de fils\"}]},{\"@type\":\"WebSite\",\"@id\":\"https:\\\/\\\/www.swisscrochet.ch\\\/#website\",\"url\":\"https:\\\/\\\/www.swisscrochet.ch\\\/\",\"name\":\"Swiss Crochet\",\"description\":\"Lib\u00e9rez votre potentiel cr\u00e9atif\",\"potentialAction\":[{\"@type\":\"SearchAction\",\"target\":{\"@type\":\"EntryPoint\",\"urlTemplate\":\"https:\\\/\\\/www.swisscrochet.ch\\\/?s={search_term_string}\"},\"query-input\":{\"@type\":\"PropertyValueSpecification\",\"valueRequired\":true,\"valueName\":\"search_term_string\"}}],\"inLanguage\":\"fr-FR\"}]}<\/script>\n<!-- \/ Yoast SEO plugin. -->","yoast_head_json":{"title":"Ena Sweater avec Rozena \u2013 Kit de fils &#171; Swiss Crochet","description":"Kit pull \u0112na au crochet avec fil Rozena. Design raglan moderne de Linda Skuja avec texture en points relief et effets d\u2019ombre. Tailles 1\u20139.","robots":{"index":"index","follow":"follow","max-snippet":"max-snippet:-1","max-image-preview":"max-image-preview:large","max-video-preview":"max-video-preview:-1"},"canonical":"https:\/\/www.swisscrochet.ch\/fr\/produit\/ena-sweater-avec-rozena-kit-de-fils\/","og_locale":"fr_FR","og_type":"article","og_title":"Ena Sweater avec Rozena \u2013 Kit de fils &#171; Swiss Crochet","og_description":"Kit pull \u0112na au crochet avec fil Rozena. Design raglan moderne de Linda Skuja avec texture en points relief et effets d\u2019ombre. Tailles 1\u20139.","og_url":"https:\/\/www.swisscrochet.ch\/fr\/produit\/ena-sweater-avec-rozena-kit-de-fils\/","og_site_name":"Swiss Crochet","article_modified_time":"2026-03-07T16:21:11+00:00","og_image":[{"width":1000,"height":1000,"url":"https:\/\/www.swisscrochet.ch\/wp-content\/uploads\/2026\/03\/Ena-Sweater-Rozena-Overview.jpg","type":"image\/jpeg"}],"twitter_card":"summary_large_image","twitter_misc":{"Dur\u00e9e de lecture estim\u00e9e":"1 minute"},"schema":{"@context":"https:\/\/schema.org","@graph":[{"@type":["WebPage","ItemPage"],"@id":"https:\/\/www.swisscrochet.ch\/fr\/produit\/ena-sweater-avec-rozena-kit-de-fils\/","url":"https:\/\/www.swisscrochet.ch\/fr\/produit\/ena-sweater-avec-rozena-kit-de-fils\/","name":"Ena Sweater avec Rozena \u2013 Kit de fils &#171; Swiss Crochet","isPartOf":{"@id":"https:\/\/www.swisscrochet.ch\/#website"},"primaryImageOfPage":{"@id":"https:\/\/www.swisscrochet.ch\/fr\/produit\/ena-sweater-avec-rozena-kit-de-fils\/#primaryimage"},"image":{"@id":"https:\/\/www.swisscrochet.ch\/fr\/produit\/ena-sweater-avec-rozena-kit-de-fils\/#primaryimage"},"thumbnailUrl":"https:\/\/www.swisscrochet.ch\/wp-content\/uploads\/2026\/03\/Ena-Sweater-Rozena-Overview.jpg","datePublished":"2026-03-07T15:17:51+00:00","dateModified":"2026-03-07T16:21:11+00:00","description":"Kit pull \u0112na au crochet avec fil Rozena. Design raglan moderne de Linda Skuja avec texture en points relief et effets d\u2019ombre. Tailles 1\u20139.","breadcrumb":{"@id":"https:\/\/www.swisscrochet.ch\/fr\/produit\/ena-sweater-avec-rozena-kit-de-fils\/#breadcrumb"},"inLanguage":"fr-FR","potentialAction":[{"@type":"ReadAction","target":["https:\/\/www.swisscrochet.ch\/fr\/produit\/ena-sweater-avec-rozena-kit-de-fils\/"]}]},{"@type":"ImageObject","inLanguage":"fr-FR","@id":"https:\/\/www.swisscrochet.ch\/fr\/produit\/ena-sweater-avec-rozena-kit-de-fils\/#primaryimage","url":"https:\/\/www.swisscrochet.ch\/wp-content\/uploads\/2026\/03\/Ena-Sweater-Rozena-Overview.jpg","contentUrl":"https:\/\/www.swisscrochet.ch\/wp-content\/uploads\/2026\/03\/Ena-Sweater-Rozena-Overview.jpg","width":1000,"height":1000},{"@type":"BreadcrumbList","@id":"https:\/\/www.swisscrochet.ch\/fr\/produit\/ena-sweater-avec-rozena-kit-de-fils\/#breadcrumb","itemListElement":[{"@type":"ListItem","position":1,"name":"Home","item":"https:\/\/www.swisscrochet.ch\/fr\/"},{"@type":"ListItem","position":2,"name":"Boutique","item":"https:\/\/www.swisscrochet.ch\/fr\/boutique\/"},{"@type":"ListItem","position":3,"name":"Ena Sweater avec Rozena \u2013 Kit de fils"}]},{"@type":"WebSite","@id":"https:\/\/www.swisscrochet.ch\/#website","url":"https:\/\/www.swisscrochet.ch\/","name":"Swiss Crochet","description":"Lib\u00e9rez votre potentiel cr\u00e9atif","potentialAction":[{"@type":"SearchAction","target":{"@type":"EntryPoint","urlTemplate":"https:\/\/www.swisscrochet.ch\/?s={search_term_string}"},"query-input":{"@type":"PropertyValueSpecification","valueRequired":true,"valueName":"search_term_string"}}],"inLanguage":"fr-FR"}]}},"_links":{"self":[{"href":"https:\/\/www.swisscrochet.ch\/fr\/wp-json\/wp\/v2\/product\/25704","targetHints":{"allow":["GET"]}}],"collection":[{"href":"https:\/\/www.swisscrochet.ch\/fr\/wp-json\/wp\/v2\/product"}],"about":[{"href":"https:\/\/www.swisscrochet.ch\/fr\/wp-json\/wp\/v2\/types\/product"}],"wp:featuredmedia":[{"embeddable":true,"href":"https:\/\/www.swisscrochet.ch\/fr\/wp-json\/wp\/v2\/media\/25405"}],"wp:attachment":[{"href":"https:\/\/www.swisscrochet.ch\/fr\/wp-json\/wp\/v2\/media?parent=25704"}],"wp:term":[{"taxonomy":"product_brand","embeddable":true,"href":"https:\/\/www.swisscrochet.ch\/fr\/wp-json\/wp\/v2\/product_brand?post=25704"},{"taxonomy":"product_cat","embeddable":true,"href":"https:\/\/www.swisscrochet.ch\/fr\/wp-json\/wp\/v2\/product_cat?post=25704"},{"taxonomy":"product_tag","embeddable":true,"href":"https:\/\/www.swisscrochet.ch\/fr\/wp-json\/wp\/v2\/product_tag?post=25704"}],"curies":[{"name":"wp","href":"https:\/\/api.w.org\/{rel}","templated":true}]}}