{"id":25708,"date":"2026-03-07T16:31:17","date_gmt":"2026-03-07T15:31:17","guid":{"rendered":"https:\/\/www.swisscrochet.ch\/product\/goldenrod-sweater-with-super-10-yarn-kit\/"},"modified":"2026-03-25T18:52:26","modified_gmt":"2026-03-25T17:52:26","slug":"goldenrod-sweater-avec-super-10-kit-de-fils","status":"publish","type":"product","link":"https:\/\/www.swisscrochet.ch\/fr\/produit\/goldenrod-sweater-avec-super-10-kit-de-fils\/","title":{"rendered":"Goldenrod Sweater avec Super 10 \u2013 Kit de fils"},"content":{"rendered":"","protected":false},"excerpt":{"rendered":"<p>De magnifiques lignes de points puff descendent en cascade et conf\u00e8rent au Goldenrod Sweater une allure presque royale. Ce v\u00eatement en une seule pi\u00e8ce est construit sans couture, de haut en bas, en rond. Le mod\u00e8le est disponible en 8 tailles et comprend des indications pour rallonger ou raccourcir le corps et les manches.<\/p>\n<p>L\u2019\u00e9chantillon pr\u00e9sent\u00e9 est r\u00e9alis\u00e9 en taille 2 et utilise environ 690 g de fil (6 pelotes de Super 10).<\/p>\n<p>Tailles : 1 (2, 3, 4, 5) (6, 7, 8)<\/p>\n<p>Tour de poitrine conseill\u00e9 jusqu\u2019\u00e0 : 71 (71\u201381, 81\u201396, 96\u2013112, 112\u2013127) (127\u2013142, 142\u2013152, 152\u2013162) cm \/ 28 (28\u201332, 32\u201338, 38\u201344, 44\u201350) (50\u201356, 56\u201360, 60\u201364) in<\/p>\n<p>Tour de poitrine fini : 83 (93, 106, 123, 137) (155, 167.5, 174) cm \/ 33.25 (37.25, 42.5, 49.25, 54.75) (62, 67, 69.5) in<\/p>\n<p>Con\u00e7u avec : 10\u201322 cm \/ 4\u20139 in d\u2019aisance positive<\/p>\n<p><strong>M\u00e9trage estim\u00e9 par taille :<\/strong><\/p>\n<ul>\n<li>Taille 1 : 5 pelotes<\/li>\n<li>Taille 2 : 6 pelotes<\/li>\n<li>Taille 3 : 7 pelotes<\/li>\n<li>Taille 4 : 8 pelotes<\/li>\n<li>Taille 5 : 9 pelotes<\/li>\n<li>Taille 6 : 10 pelotes<\/li>\n<li>Taille 7 : 11 pelotes<\/li>\n<li>Taille 8 : 12 pelotes<\/li>\n<\/ul>\n<p><strong>Le kit comprend :<\/strong><\/p>\n<ul>\n<li>une copie num\u00e9rique du <a href=\"https:\/\/www.ravelry.com\/patterns\/library\/goldenrod-sweater\">Goldenrod Sweater de Linda Skuja<\/a> (disponible en anglais et en allemand)<\/li>\n<li>Le nombre requis de pelotes de Super 10 dans la couleur de votre choix, selon la taille s\u00e9lectionn\u00e9e<\/li>\n<\/ul>\n<p>&#8211;&gt; Pour plus de confort, vous pouvez \u00e9galement ajouter un crochet de 4.00 mm \u00e0 votre kit.<\/p>\n<p>Tout ce dont vous avez besoin pour commencer votre prochain projet de crochet pr\u00e9f\u00e9r\u00e9 \u2014 simple, \u00e9l\u00e9gant et inspirant.<\/p>\n","protected":false},"featured_media":28148,"template":"","meta":[],"product_brand":[],"product_cat":[331,1671],"product_tag":[1985,2066],"class_list":{"0":"post-25708","1":"product","2":"type-product","3":"status-publish","4":"has-post-thumbnail","6":"product_cat-kits-de-fils","7":"product_cat-kits-de-fils-vetements","8":"product_tag-lindaskuja","9":"product_tag-super-10","10":"description-off","12":"first","13":"instock","14":"virtual","15":"taxable","16":"purchasable","17":"product-type-bundle"},"bundled_by":[],"bundle_stock_status":"instock","bundle_stock_quantity":101,"bundle_virtual":false,"bundle_layout":"default","bundle_add_to_cart_form_location":"default","bundle_editable_in_cart":false,"bundle_sold_individually_context":"product","bundle_item_grouping":"parent","bundle_min_size":"","bundle_max_size":"","bundle_price":{"price":{"min":{"incl_tax":"84.5","excl_tax":"78.17"},"max":{"incl_tax":"","excl_tax":""}},"regular_price":{"min":{"incl_tax":"84.5","excl_tax":"78.17"},"max":{"incl_tax":"","excl_tax":""}}},"bundled_items":[{"bundled_item_id":1030,"product_id":19251,"menu_order":0,"quantity_min":5,"quantity_max":"","quantity_default":5,"priced_individually":true,"shipped_individually":false,"override_title":false,"title":"EL.D.Mouzakis Butterfly &#8211; Super 10","override_description":true,"description":"Choisissez le nombre de pelotes selon votre taille :\r\n<ul>\r\n \t<li>Taille 1 : 5 pelotes<\/li>\r\n \t<li>Taille 2 : 6 pelotes<\/li>\r\n \t<li>Taille 3 : 7 pelotes<\/li>\r\n \t<li>Taille 4 : 8 pelotes<\/li>\r\n \t<li>Taille 5 : 9 pelotes<\/li>\r\n \t<li>Taille 6 : 10 pelotes<\/li>\r\n \t<li>Taille 7 : 11 pelotes<\/li>\r\n \t<li>Taille 8 : 12 pelotes<\/li>\r\n<\/ul>","optional":false,"hide_thumbnail":false,"discount":"","override_variations":false,"allowed_variations":[""],"override_default_variation_attributes":false,"default_variation_attributes":[],"single_product_visibility":"visible","cart_visibility":"visible","order_visibility":"visible","single_product_price_visibility":"visible","cart_price_visibility":"visible","order_price_visibility":"visible","stock_status":"in_stock"},{"bundled_item_id":1031,"product_id":24797,"menu_order":1,"quantity_min":1,"quantity_max":1,"quantity_default":1,"priced_individually":true,"shipped_individually":true,"override_title":false,"title":"Linda Skuja &#8211; Goldenrod Sweater","override_description":false,"description":"Linda Skuja &#8211; Goldenrod Sweater","optional":false,"hide_thumbnail":false,"discount":"","override_variations":false,"allowed_variations":[""],"override_default_variation_attributes":false,"default_variation_attributes":[],"single_product_visibility":"hidden","cart_visibility":"visible","order_visibility":"visible","single_product_price_visibility":"visible","cart_price_visibility":"visible","order_price_visibility":"visible","stock_status":"in_stock"},{"bundled_item_id":1032,"product_id":3501,"menu_order":2,"quantity_min":1,"quantity_max":1,"quantity_default":1,"priced_individually":true,"shipped_individually":false,"override_title":false,"title":"Tulip &#8211; Etimo Red &#8211; Crochet avec manche souple","override_description":true,"description":"","optional":true,"hide_thumbnail":false,"discount":"","override_variations":true,"allowed_variations":[3508],"override_default_variation_attributes":true,"default_variation_attributes":[{"id":0,"name":"Size","option":"4.00 mm"}],"single_product_visibility":"visible","cart_visibility":"visible","order_visibility":"visible","single_product_price_visibility":"visible","cart_price_visibility":"visible","order_price_visibility":"visible","stock_status":"in_stock"}],"bundle_sell_ids":[],"yoast_head":"<!-- This site is optimized with the Yoast SEO plugin v27.4 - https:\/\/yoast.com\/product\/yoast-seo-wordpress\/ -->\n<title>Goldenrod Sweater avec Super 10 \u2013 Kit de fils &#171; Swiss Crochet<\/title>\n<meta name=\"description\" content=\"Kit crochet Goldenrod Sweater avec mod\u00e8le PDF de Linda Skuja et fil Super 10. Pull sans couture travaill\u00e9 de haut en bas avec texture en points puff. Tailles 1\u20138.\" \/>\n<meta name=\"robots\" content=\"index, follow, max-snippet:-1, max-image-preview:large, max-video-preview:-1\" \/>\n<link rel=\"canonical\" href=\"https:\/\/www.swisscrochet.ch\/fr\/produit\/goldenrod-sweater-avec-super-10-kit-de-fils\/\" \/>\n<meta property=\"og:locale\" content=\"fr_FR\" \/>\n<meta property=\"og:type\" content=\"article\" \/>\n<meta property=\"og:title\" content=\"Goldenrod Sweater avec Super 10 \u2013 Kit de fils &#171; Swiss Crochet\" \/>\n<meta property=\"og:description\" content=\"Kit crochet Goldenrod Sweater avec mod\u00e8le PDF de Linda Skuja et fil Super 10. Pull sans couture travaill\u00e9 de haut en bas avec texture en points puff. Tailles 1\u20138.\" \/>\n<meta property=\"og:url\" content=\"https:\/\/www.swisscrochet.ch\/fr\/produit\/goldenrod-sweater-avec-super-10-kit-de-fils\/\" \/>\n<meta property=\"og:site_name\" content=\"Swiss Crochet\" \/>\n<meta property=\"article:modified_time\" content=\"2026-03-25T17:52:26+00:00\" \/>\n<meta name=\"twitter:card\" content=\"summary_large_image\" \/>\n<script type=\"application\/ld+json\" class=\"yoast-schema-graph\">{\"@context\":\"https:\\\/\\\/schema.org\",\"@graph\":[{\"@type\":[\"WebPage\",\"ItemPage\"],\"@id\":\"https:\\\/\\\/www.swisscrochet.ch\\\/fr\\\/produit\\\/goldenrod-sweater-avec-super-10-kit-de-fils\\\/\",\"url\":\"https:\\\/\\\/www.swisscrochet.ch\\\/fr\\\/produit\\\/goldenrod-sweater-avec-super-10-kit-de-fils\\\/\",\"name\":\"Goldenrod Sweater avec Super 10 \u2013 Kit de fils &#171; Swiss Crochet\",\"isPartOf\":{\"@id\":\"https:\\\/\\\/www.swisscrochet.ch\\\/#website\"},\"primaryImageOfPage\":{\"@id\":\"https:\\\/\\\/www.swisscrochet.ch\\\/fr\\\/produit\\\/goldenrod-sweater-avec-super-10-kit-de-fils\\\/#primaryimage\"},\"image\":{\"@id\":\"https:\\\/\\\/www.swisscrochet.ch\\\/fr\\\/produit\\\/goldenrod-sweater-avec-super-10-kit-de-fils\\\/#primaryimage\"},\"thumbnailUrl\":\"https:\\\/\\\/www.swisscrochet.ch\\\/wp-content\\\/uploads\\\/2026\\\/03\\\/Goldenrod-Sweater-Super-10-1.jpg\",\"datePublished\":\"2026-03-07T15:31:17+00:00\",\"dateModified\":\"2026-03-25T17:52:26+00:00\",\"description\":\"Kit crochet Goldenrod Sweater avec mod\u00e8le PDF de Linda Skuja et fil Super 10. Pull sans couture travaill\u00e9 de haut en bas avec texture en points puff. Tailles 1\u20138.\",\"breadcrumb\":{\"@id\":\"https:\\\/\\\/www.swisscrochet.ch\\\/fr\\\/produit\\\/goldenrod-sweater-avec-super-10-kit-de-fils\\\/#breadcrumb\"},\"inLanguage\":\"fr-FR\",\"potentialAction\":[{\"@type\":\"ReadAction\",\"target\":[\"https:\\\/\\\/www.swisscrochet.ch\\\/fr\\\/produit\\\/goldenrod-sweater-avec-super-10-kit-de-fils\\\/\"]}]},{\"@type\":\"ImageObject\",\"inLanguage\":\"fr-FR\",\"@id\":\"https:\\\/\\\/www.swisscrochet.ch\\\/fr\\\/produit\\\/goldenrod-sweater-avec-super-10-kit-de-fils\\\/#primaryimage\",\"url\":\"https:\\\/\\\/www.swisscrochet.ch\\\/wp-content\\\/uploads\\\/2026\\\/03\\\/Goldenrod-Sweater-Super-10-1.jpg\",\"contentUrl\":\"https:\\\/\\\/www.swisscrochet.ch\\\/wp-content\\\/uploads\\\/2026\\\/03\\\/Goldenrod-Sweater-Super-10-1.jpg\",\"width\":1000,\"height\":1000},{\"@type\":\"BreadcrumbList\",\"@id\":\"https:\\\/\\\/www.swisscrochet.ch\\\/fr\\\/produit\\\/goldenrod-sweater-avec-super-10-kit-de-fils\\\/#breadcrumb\",\"itemListElement\":[{\"@type\":\"ListItem\",\"position\":1,\"name\":\"Home\",\"item\":\"https:\\\/\\\/www.swisscrochet.ch\\\/fr\\\/\"},{\"@type\":\"ListItem\",\"position\":2,\"name\":\"Boutique\",\"item\":\"https:\\\/\\\/www.swisscrochet.ch\\\/fr\\\/boutique\\\/\"},{\"@type\":\"ListItem\",\"position\":3,\"name\":\"Goldenrod Sweater avec Super 10 \u2013 Kit de fils\"}]},{\"@type\":\"WebSite\",\"@id\":\"https:\\\/\\\/www.swisscrochet.ch\\\/#website\",\"url\":\"https:\\\/\\\/www.swisscrochet.ch\\\/\",\"name\":\"Swiss Crochet\",\"description\":\"Lib\u00e9rez votre potentiel cr\u00e9atif\",\"potentialAction\":[{\"@type\":\"SearchAction\",\"target\":{\"@type\":\"EntryPoint\",\"urlTemplate\":\"https:\\\/\\\/www.swisscrochet.ch\\\/?s={search_term_string}\"},\"query-input\":{\"@type\":\"PropertyValueSpecification\",\"valueRequired\":true,\"valueName\":\"search_term_string\"}}],\"inLanguage\":\"fr-FR\"}]}<\/script>\n<!-- \/ Yoast SEO plugin. -->","yoast_head_json":{"title":"Goldenrod Sweater avec Super 10 \u2013 Kit de fils &#171; Swiss Crochet","description":"Kit crochet Goldenrod Sweater avec mod\u00e8le PDF de Linda Skuja et fil Super 10. Pull sans couture travaill\u00e9 de haut en bas avec texture en points puff. Tailles 1\u20138.","robots":{"index":"index","follow":"follow","max-snippet":"max-snippet:-1","max-image-preview":"max-image-preview:large","max-video-preview":"max-video-preview:-1"},"canonical":"https:\/\/www.swisscrochet.ch\/fr\/produit\/goldenrod-sweater-avec-super-10-kit-de-fils\/","og_locale":"fr_FR","og_type":"article","og_title":"Goldenrod Sweater avec Super 10 \u2013 Kit de fils &#171; Swiss Crochet","og_description":"Kit crochet Goldenrod Sweater avec mod\u00e8le PDF de Linda Skuja et fil Super 10. Pull sans couture travaill\u00e9 de haut en bas avec texture en points puff. Tailles 1\u20138.","og_url":"https:\/\/www.swisscrochet.ch\/fr\/produit\/goldenrod-sweater-avec-super-10-kit-de-fils\/","og_site_name":"Swiss Crochet","article_modified_time":"2026-03-25T17:52:26+00:00","twitter_card":"summary_large_image","schema":{"@context":"https:\/\/schema.org","@graph":[{"@type":["WebPage","ItemPage"],"@id":"https:\/\/www.swisscrochet.ch\/fr\/produit\/goldenrod-sweater-avec-super-10-kit-de-fils\/","url":"https:\/\/www.swisscrochet.ch\/fr\/produit\/goldenrod-sweater-avec-super-10-kit-de-fils\/","name":"Goldenrod Sweater avec Super 10 \u2013 Kit de fils &#171; Swiss Crochet","isPartOf":{"@id":"https:\/\/www.swisscrochet.ch\/#website"},"primaryImageOfPage":{"@id":"https:\/\/www.swisscrochet.ch\/fr\/produit\/goldenrod-sweater-avec-super-10-kit-de-fils\/#primaryimage"},"image":{"@id":"https:\/\/www.swisscrochet.ch\/fr\/produit\/goldenrod-sweater-avec-super-10-kit-de-fils\/#primaryimage"},"thumbnailUrl":"https:\/\/www.swisscrochet.ch\/wp-content\/uploads\/2026\/03\/Goldenrod-Sweater-Super-10-1.jpg","datePublished":"2026-03-07T15:31:17+00:00","dateModified":"2026-03-25T17:52:26+00:00","description":"Kit crochet Goldenrod Sweater avec mod\u00e8le PDF de Linda Skuja et fil Super 10. Pull sans couture travaill\u00e9 de haut en bas avec texture en points puff. Tailles 1\u20138.","breadcrumb":{"@id":"https:\/\/www.swisscrochet.ch\/fr\/produit\/goldenrod-sweater-avec-super-10-kit-de-fils\/#breadcrumb"},"inLanguage":"fr-FR","potentialAction":[{"@type":"ReadAction","target":["https:\/\/www.swisscrochet.ch\/fr\/produit\/goldenrod-sweater-avec-super-10-kit-de-fils\/"]}]},{"@type":"ImageObject","inLanguage":"fr-FR","@id":"https:\/\/www.swisscrochet.ch\/fr\/produit\/goldenrod-sweater-avec-super-10-kit-de-fils\/#primaryimage","url":"https:\/\/www.swisscrochet.ch\/wp-content\/uploads\/2026\/03\/Goldenrod-Sweater-Super-10-1.jpg","contentUrl":"https:\/\/www.swisscrochet.ch\/wp-content\/uploads\/2026\/03\/Goldenrod-Sweater-Super-10-1.jpg","width":1000,"height":1000},{"@type":"BreadcrumbList","@id":"https:\/\/www.swisscrochet.ch\/fr\/produit\/goldenrod-sweater-avec-super-10-kit-de-fils\/#breadcrumb","itemListElement":[{"@type":"ListItem","position":1,"name":"Home","item":"https:\/\/www.swisscrochet.ch\/fr\/"},{"@type":"ListItem","position":2,"name":"Boutique","item":"https:\/\/www.swisscrochet.ch\/fr\/boutique\/"},{"@type":"ListItem","position":3,"name":"Goldenrod Sweater avec Super 10 \u2013 Kit de fils"}]},{"@type":"WebSite","@id":"https:\/\/www.swisscrochet.ch\/#website","url":"https:\/\/www.swisscrochet.ch\/","name":"Swiss Crochet","description":"Lib\u00e9rez votre potentiel cr\u00e9atif","potentialAction":[{"@type":"SearchAction","target":{"@type":"EntryPoint","urlTemplate":"https:\/\/www.swisscrochet.ch\/?s={search_term_string}"},"query-input":{"@type":"PropertyValueSpecification","valueRequired":true,"valueName":"search_term_string"}}],"inLanguage":"fr-FR"}]}},"_links":{"self":[{"href":"https:\/\/www.swisscrochet.ch\/fr\/wp-json\/wp\/v2\/product\/25708","targetHints":{"allow":["GET"]}}],"collection":[{"href":"https:\/\/www.swisscrochet.ch\/fr\/wp-json\/wp\/v2\/product"}],"about":[{"href":"https:\/\/www.swisscrochet.ch\/fr\/wp-json\/wp\/v2\/types\/product"}],"wp:featuredmedia":[{"embeddable":true,"href":"https:\/\/www.swisscrochet.ch\/fr\/wp-json\/wp\/v2\/media\/28148"}],"wp:attachment":[{"href":"https:\/\/www.swisscrochet.ch\/fr\/wp-json\/wp\/v2\/media?parent=25708"}],"wp:term":[{"taxonomy":"product_brand","embeddable":true,"href":"https:\/\/www.swisscrochet.ch\/fr\/wp-json\/wp\/v2\/product_brand?post=25708"},{"taxonomy":"product_cat","embeddable":true,"href":"https:\/\/www.swisscrochet.ch\/fr\/wp-json\/wp\/v2\/product_cat?post=25708"},{"taxonomy":"product_tag","embeddable":true,"href":"https:\/\/www.swisscrochet.ch\/fr\/wp-json\/wp\/v2\/product_tag?post=25708"}],"curies":[{"name":"wp","href":"https:\/\/api.w.org\/{rel}","templated":true}]}}