{"id":25928,"date":"2026-03-08T11:56:21","date_gmt":"2026-03-08T10:56:21","guid":{"rendered":"https:\/\/www.swisscrochet.ch\/product\/swiss-crochet-key-chain\/"},"modified":"2026-03-08T12:00:32","modified_gmt":"2026-03-08T11:00:32","slug":"swiss-crochet-porte-cles","status":"publish","type":"product","link":"https:\/\/www.swisscrochet.ch\/fr\/produit\/swiss-crochet-porte-cles\/","title":{"rendered":"Swiss Crochet \u2013 Porte-cl\u00e9s"},"content":{"rendered":"","protected":false},"excerpt":{"rendered":"<p>Emportez un petit morceau de <em>Swiss Crochet<\/em> partout avec vous gr\u00e2ce au porte-cl\u00e9s officiel Swiss Crochet. Avec le logo Swiss Crochet reconnaissable dans le m\u00eame design charmant que le pin\u2019s en \u00e9mail, cette version plus grande est un compagnon \u00e9l\u00e9gant pour vos cl\u00e9s, votre sac de projet ou votre sac du quotidien.<\/p>\n<p>Fabriqu\u00e9 en \u00e9mail dur et m\u00e9tal poli, ce porte-cl\u00e9s est \u00e0 la fois durable et \u00e9l\u00e9gant \u2014 un petit d\u00e9tail qui refl\u00e8te votre amour du crochet et de votre boutique de fils pr\u00e9f\u00e9r\u00e9e.<\/p>\n<p>Que ce soit pour vous-m\u00eame ou comme cadeau attentionn\u00e9 pour une autre passionn\u00e9e de crochet, ce porte-cl\u00e9s est une fa\u00e7on joyeuse de c\u00e9l\u00e9brer votre lien avec la communaut\u00e9 Swiss Crochet.<\/p>\n<p>D\u00e9tails<br \/>\n\u2013 \u00c9mail dur avec finition lisse<br \/>\n\u2013 Anneau porte-cl\u00e9s en m\u00e9tal poli<\/p>\n<p>Un accessoire pratique plein de charme crochet.<\/p>\n","protected":false},"featured_media":25915,"template":"","meta":[],"product_brand":[],"product_cat":[221,2040],"product_tag":[],"class_list":{"0":"post-25928","1":"product","2":"type-product","3":"status-publish","4":"has-post-thumbnail","6":"product_cat-crochets-et-outils","7":"product_cat-goodies-crochet","8":"pa_t1-manufacturer-swiss-crochet-fr","9":"description-off","11":"first","12":"instock","13":"taxable","14":"shipping-taxable","15":"purchasable","16":"product-type-simple"},"bundled_by":[],"bundle_stock_status":"instock","bundle_stock_quantity":100,"bundle_virtual":false,"bundle_layout":"","bundle_add_to_cart_form_location":"","bundle_editable_in_cart":false,"bundle_sold_individually_context":"","bundle_item_grouping":"","bundle_min_size":"","bundle_max_size":"","bundle_price":[],"bundled_items":[],"bundle_sell_ids":[],"yoast_head":"<!-- This site is optimized with the Yoast SEO plugin v27.4 - https:\/\/yoast.com\/product\/yoast-seo-wordpress\/ -->\n<title>Swiss Crochet \u2013 Porte-cl\u00e9s &#171; Swiss Crochet<\/title>\n<meta name=\"description\" content=\"Porte-cl\u00e9s Swiss Crochet avec logo en \u00e9mail dur et anneau en m\u00e9tal poli. Un accessoire \u00e9l\u00e9gant pour les cl\u00e9s ou les sacs de projet et un cadeau parfait pour les passionn\u00e9es de crochet.\" \/>\n<meta name=\"robots\" content=\"index, follow, max-snippet:-1, max-image-preview:large, max-video-preview:-1\" \/>\n<link rel=\"canonical\" href=\"https:\/\/www.swisscrochet.ch\/fr\/produit\/swiss-crochet-porte-cles\/\" \/>\n<meta property=\"og:locale\" content=\"fr_FR\" \/>\n<meta property=\"og:type\" content=\"article\" \/>\n<meta property=\"og:title\" content=\"Swiss Crochet \u2013 Porte-cl\u00e9s &#171; Swiss Crochet\" \/>\n<meta property=\"og:description\" content=\"Porte-cl\u00e9s Swiss Crochet avec logo en \u00e9mail dur et anneau en m\u00e9tal poli. Un accessoire \u00e9l\u00e9gant pour les cl\u00e9s ou les sacs de projet et un cadeau parfait pour les passionn\u00e9es de crochet.\" \/>\n<meta property=\"og:url\" content=\"https:\/\/www.swisscrochet.ch\/fr\/produit\/swiss-crochet-porte-cles\/\" \/>\n<meta property=\"og:site_name\" content=\"Swiss Crochet\" \/>\n<meta property=\"article:modified_time\" content=\"2026-03-08T11:00:32+00:00\" \/>\n<meta property=\"og:image\" content=\"https:\/\/www.swisscrochet.ch\/wp-content\/uploads\/2026\/03\/Swiss-Crochet-Key-Chain-Overview.jpg\" \/>\n\t<meta property=\"og:image:width\" content=\"1000\" \/>\n\t<meta property=\"og:image:height\" content=\"1000\" \/>\n\t<meta property=\"og:image:type\" content=\"image\/jpeg\" \/>\n<meta name=\"twitter:card\" content=\"summary_large_image\" \/>\n<meta name=\"twitter:label1\" content=\"Dur\u00e9e de lecture estim\u00e9e\" \/>\n\t<meta name=\"twitter:data1\" content=\"1 minute\" \/>\n<script type=\"application\/ld+json\" class=\"yoast-schema-graph\">{\"@context\":\"https:\\\/\\\/schema.org\",\"@graph\":[{\"@type\":[\"WebPage\",\"ItemPage\"],\"@id\":\"https:\\\/\\\/www.swisscrochet.ch\\\/fr\\\/produit\\\/swiss-crochet-porte-cles\\\/\",\"url\":\"https:\\\/\\\/www.swisscrochet.ch\\\/fr\\\/produit\\\/swiss-crochet-porte-cles\\\/\",\"name\":\"Swiss Crochet \u2013 Porte-cl\u00e9s &#171; Swiss Crochet\",\"isPartOf\":{\"@id\":\"https:\\\/\\\/www.swisscrochet.ch\\\/#website\"},\"primaryImageOfPage\":{\"@id\":\"https:\\\/\\\/www.swisscrochet.ch\\\/fr\\\/produit\\\/swiss-crochet-porte-cles\\\/#primaryimage\"},\"image\":{\"@id\":\"https:\\\/\\\/www.swisscrochet.ch\\\/fr\\\/produit\\\/swiss-crochet-porte-cles\\\/#primaryimage\"},\"thumbnailUrl\":\"https:\\\/\\\/www.swisscrochet.ch\\\/wp-content\\\/uploads\\\/2026\\\/03\\\/Swiss-Crochet-Key-Chain-Overview.jpg\",\"datePublished\":\"2026-03-08T10:56:21+00:00\",\"dateModified\":\"2026-03-08T11:00:32+00:00\",\"description\":\"Porte-cl\u00e9s Swiss Crochet avec logo en \u00e9mail dur et anneau en m\u00e9tal poli. Un accessoire \u00e9l\u00e9gant pour les cl\u00e9s ou les sacs de projet et un cadeau parfait pour les passionn\u00e9es de crochet.\",\"breadcrumb\":{\"@id\":\"https:\\\/\\\/www.swisscrochet.ch\\\/fr\\\/produit\\\/swiss-crochet-porte-cles\\\/#breadcrumb\"},\"inLanguage\":\"fr-FR\",\"potentialAction\":[{\"@type\":\"ReadAction\",\"target\":[\"https:\\\/\\\/www.swisscrochet.ch\\\/fr\\\/produit\\\/swiss-crochet-porte-cles\\\/\"]}]},{\"@type\":\"ImageObject\",\"inLanguage\":\"fr-FR\",\"@id\":\"https:\\\/\\\/www.swisscrochet.ch\\\/fr\\\/produit\\\/swiss-crochet-porte-cles\\\/#primaryimage\",\"url\":\"https:\\\/\\\/www.swisscrochet.ch\\\/wp-content\\\/uploads\\\/2026\\\/03\\\/Swiss-Crochet-Key-Chain-Overview.jpg\",\"contentUrl\":\"https:\\\/\\\/www.swisscrochet.ch\\\/wp-content\\\/uploads\\\/2026\\\/03\\\/Swiss-Crochet-Key-Chain-Overview.jpg\",\"width\":1000,\"height\":1000},{\"@type\":\"BreadcrumbList\",\"@id\":\"https:\\\/\\\/www.swisscrochet.ch\\\/fr\\\/produit\\\/swiss-crochet-porte-cles\\\/#breadcrumb\",\"itemListElement\":[{\"@type\":\"ListItem\",\"position\":1,\"name\":\"Home\",\"item\":\"https:\\\/\\\/www.swisscrochet.ch\\\/fr\\\/\"},{\"@type\":\"ListItem\",\"position\":2,\"name\":\"Boutique\",\"item\":\"https:\\\/\\\/www.swisscrochet.ch\\\/fr\\\/boutique\\\/\"},{\"@type\":\"ListItem\",\"position\":3,\"name\":\"Swiss Crochet \u2013 Porte-cl\u00e9s\"}]},{\"@type\":\"WebSite\",\"@id\":\"https:\\\/\\\/www.swisscrochet.ch\\\/#website\",\"url\":\"https:\\\/\\\/www.swisscrochet.ch\\\/\",\"name\":\"Swiss Crochet\",\"description\":\"Lib\u00e9rez votre potentiel cr\u00e9atif\",\"potentialAction\":[{\"@type\":\"SearchAction\",\"target\":{\"@type\":\"EntryPoint\",\"urlTemplate\":\"https:\\\/\\\/www.swisscrochet.ch\\\/?s={search_term_string}\"},\"query-input\":{\"@type\":\"PropertyValueSpecification\",\"valueRequired\":true,\"valueName\":\"search_term_string\"}}],\"inLanguage\":\"fr-FR\"}]}<\/script>\n<!-- \/ Yoast SEO plugin. -->","yoast_head_json":{"title":"Swiss Crochet \u2013 Porte-cl\u00e9s &#171; Swiss Crochet","description":"Porte-cl\u00e9s Swiss Crochet avec logo en \u00e9mail dur et anneau en m\u00e9tal poli. Un accessoire \u00e9l\u00e9gant pour les cl\u00e9s ou les sacs de projet et un cadeau parfait pour les passionn\u00e9es de crochet.","robots":{"index":"index","follow":"follow","max-snippet":"max-snippet:-1","max-image-preview":"max-image-preview:large","max-video-preview":"max-video-preview:-1"},"canonical":"https:\/\/www.swisscrochet.ch\/fr\/produit\/swiss-crochet-porte-cles\/","og_locale":"fr_FR","og_type":"article","og_title":"Swiss Crochet \u2013 Porte-cl\u00e9s &#171; Swiss Crochet","og_description":"Porte-cl\u00e9s Swiss Crochet avec logo en \u00e9mail dur et anneau en m\u00e9tal poli. Un accessoire \u00e9l\u00e9gant pour les cl\u00e9s ou les sacs de projet et un cadeau parfait pour les passionn\u00e9es de crochet.","og_url":"https:\/\/www.swisscrochet.ch\/fr\/produit\/swiss-crochet-porte-cles\/","og_site_name":"Swiss Crochet","article_modified_time":"2026-03-08T11:00:32+00:00","og_image":[{"width":1000,"height":1000,"url":"https:\/\/www.swisscrochet.ch\/wp-content\/uploads\/2026\/03\/Swiss-Crochet-Key-Chain-Overview.jpg","type":"image\/jpeg"}],"twitter_card":"summary_large_image","twitter_misc":{"Dur\u00e9e de lecture estim\u00e9e":"1 minute"},"schema":{"@context":"https:\/\/schema.org","@graph":[{"@type":["WebPage","ItemPage"],"@id":"https:\/\/www.swisscrochet.ch\/fr\/produit\/swiss-crochet-porte-cles\/","url":"https:\/\/www.swisscrochet.ch\/fr\/produit\/swiss-crochet-porte-cles\/","name":"Swiss Crochet \u2013 Porte-cl\u00e9s &#171; Swiss Crochet","isPartOf":{"@id":"https:\/\/www.swisscrochet.ch\/#website"},"primaryImageOfPage":{"@id":"https:\/\/www.swisscrochet.ch\/fr\/produit\/swiss-crochet-porte-cles\/#primaryimage"},"image":{"@id":"https:\/\/www.swisscrochet.ch\/fr\/produit\/swiss-crochet-porte-cles\/#primaryimage"},"thumbnailUrl":"https:\/\/www.swisscrochet.ch\/wp-content\/uploads\/2026\/03\/Swiss-Crochet-Key-Chain-Overview.jpg","datePublished":"2026-03-08T10:56:21+00:00","dateModified":"2026-03-08T11:00:32+00:00","description":"Porte-cl\u00e9s Swiss Crochet avec logo en \u00e9mail dur et anneau en m\u00e9tal poli. Un accessoire \u00e9l\u00e9gant pour les cl\u00e9s ou les sacs de projet et un cadeau parfait pour les passionn\u00e9es de crochet.","breadcrumb":{"@id":"https:\/\/www.swisscrochet.ch\/fr\/produit\/swiss-crochet-porte-cles\/#breadcrumb"},"inLanguage":"fr-FR","potentialAction":[{"@type":"ReadAction","target":["https:\/\/www.swisscrochet.ch\/fr\/produit\/swiss-crochet-porte-cles\/"]}]},{"@type":"ImageObject","inLanguage":"fr-FR","@id":"https:\/\/www.swisscrochet.ch\/fr\/produit\/swiss-crochet-porte-cles\/#primaryimage","url":"https:\/\/www.swisscrochet.ch\/wp-content\/uploads\/2026\/03\/Swiss-Crochet-Key-Chain-Overview.jpg","contentUrl":"https:\/\/www.swisscrochet.ch\/wp-content\/uploads\/2026\/03\/Swiss-Crochet-Key-Chain-Overview.jpg","width":1000,"height":1000},{"@type":"BreadcrumbList","@id":"https:\/\/www.swisscrochet.ch\/fr\/produit\/swiss-crochet-porte-cles\/#breadcrumb","itemListElement":[{"@type":"ListItem","position":1,"name":"Home","item":"https:\/\/www.swisscrochet.ch\/fr\/"},{"@type":"ListItem","position":2,"name":"Boutique","item":"https:\/\/www.swisscrochet.ch\/fr\/boutique\/"},{"@type":"ListItem","position":3,"name":"Swiss Crochet \u2013 Porte-cl\u00e9s"}]},{"@type":"WebSite","@id":"https:\/\/www.swisscrochet.ch\/#website","url":"https:\/\/www.swisscrochet.ch\/","name":"Swiss Crochet","description":"Lib\u00e9rez votre potentiel cr\u00e9atif","potentialAction":[{"@type":"SearchAction","target":{"@type":"EntryPoint","urlTemplate":"https:\/\/www.swisscrochet.ch\/?s={search_term_string}"},"query-input":{"@type":"PropertyValueSpecification","valueRequired":true,"valueName":"search_term_string"}}],"inLanguage":"fr-FR"}]}},"_links":{"self":[{"href":"https:\/\/www.swisscrochet.ch\/fr\/wp-json\/wp\/v2\/product\/25928","targetHints":{"allow":["GET"]}}],"collection":[{"href":"https:\/\/www.swisscrochet.ch\/fr\/wp-json\/wp\/v2\/product"}],"about":[{"href":"https:\/\/www.swisscrochet.ch\/fr\/wp-json\/wp\/v2\/types\/product"}],"wp:featuredmedia":[{"embeddable":true,"href":"https:\/\/www.swisscrochet.ch\/fr\/wp-json\/wp\/v2\/media\/25915"}],"wp:attachment":[{"href":"https:\/\/www.swisscrochet.ch\/fr\/wp-json\/wp\/v2\/media?parent=25928"}],"wp:term":[{"taxonomy":"product_brand","embeddable":true,"href":"https:\/\/www.swisscrochet.ch\/fr\/wp-json\/wp\/v2\/product_brand?post=25928"},{"taxonomy":"product_cat","embeddable":true,"href":"https:\/\/www.swisscrochet.ch\/fr\/wp-json\/wp\/v2\/product_cat?post=25928"},{"taxonomy":"product_tag","embeddable":true,"href":"https:\/\/www.swisscrochet.ch\/fr\/wp-json\/wp\/v2\/product_tag?post=25928"}],"curies":[{"name":"wp","href":"https:\/\/api.w.org\/{rel}","templated":true}]}}