{"id":25936,"date":"2026-03-08T12:19:17","date_gmt":"2026-03-08T11:19:17","guid":{"rendered":"https:\/\/www.swisscrochet.ch\/product\/scheepjes-tote-bag\/"},"modified":"2026-03-08T12:25:13","modified_gmt":"2026-03-08T11:25:13","slug":"scheepjes-sac-tote","status":"publish","type":"product","link":"https:\/\/www.swisscrochet.ch\/fr\/produit\/scheepjes-sac-tote\/","title":{"rendered":"Scheepjes \u2013 Sac tote"},"content":{"rendered":"","protected":false},"excerpt":{"rendered":"<p>Montrez votre amour pour Scheepjes partout o\u00f9 vous allez avec le sac tote officiel Scheepjes. Pratique, spacieux et con\u00e7u pour les passionn\u00e9es de travaux cr\u00e9atifs, c\u2019est le compagnon id\u00e9al pour vos sorties shopping, vos achats de fils ou pour transporter votre projet de crochet en cours.<\/p>\n<p>Le sac pr\u00e9sente \u00e0 l\u2019avant une magnifique impression noire illustr\u00e9e du logo Scheepjes, entour\u00e9e de charmants motifs cr\u00e9atifs tels que des pelotes de laine, des aiguilles, des \u00e9pingles, des ciseaux et d\u2019autres outils cr\u00e9atifs. Fabriqu\u00e9 en coton certifi\u00e9 OEKO-TEX\u00ae Standard 100, il est \u00e0 la fois durable et confortable \u00e0 porter.<\/p>\n<p>Que vous vous rendiez dans votre boutique de fils locale, \u00e0 une rencontre cr\u00e9ative ou que vous organisiez simplement votre projet en d\u00e9placement, ce sac tote est une fa\u00e7on pratique de c\u00e9l\u00e9brer votre passion pour les fils et la cr\u00e9ation faite main.<\/p>\n<p>D\u00e9tails<br \/>\n\u2013 Coton certifi\u00e9 OEKO-TEX\u00ae Standard 100<br \/>\n\u2013 Taille : 39.5 \u00d7 38 cm (hors anses)<br \/>\n\u2013 Impression noire illustr\u00e9e du logo Scheepjes avec design sur le th\u00e8me des loisirs cr\u00e9atifs<\/p>\n<p>Un sac fiable pour le quotidien des amoureuses de fil et des cr\u00e9atrices.<\/p>\n","protected":false},"featured_media":25838,"template":"","meta":[],"product_brand":[],"product_cat":[221,577],"product_tag":[],"class_list":{"0":"post-25936","1":"product","2":"type-product","3":"status-publish","4":"has-post-thumbnail","6":"product_cat-crochets-et-outils","7":"product_cat-etuis-et-trousses","8":"pa_t1-manufacturer-scheepjes-fr","9":"description-off","11":"first","12":"instock","13":"taxable","14":"shipping-taxable","15":"purchasable","16":"product-type-simple"},"bundled_by":[],"bundle_stock_status":"instock","bundle_stock_quantity":20,"bundle_virtual":false,"bundle_layout":"","bundle_add_to_cart_form_location":"","bundle_editable_in_cart":false,"bundle_sold_individually_context":"","bundle_item_grouping":"","bundle_min_size":"","bundle_max_size":"","bundle_price":[],"bundled_items":[],"bundle_sell_ids":[],"yoast_head":"<!-- This site is optimized with the Yoast SEO plugin v27.5 - https:\/\/yoast.com\/product\/yoast-seo-wordpress\/ -->\n<title>Scheepjes \u2013 Sac tote &#171; Swiss Crochet<\/title>\n<meta name=\"description\" content=\"Sac tote Scheepjes en coton certifi\u00e9 OEKO-TEX avec logo illustr\u00e9 et motifs li\u00e9s aux travaux cr\u00e9atifs. Parfait pour acheter du fil et transporter vos projets de crochet.\" \/>\n<meta name=\"robots\" content=\"index, follow, max-snippet:-1, max-image-preview:large, max-video-preview:-1\" \/>\n<link rel=\"canonical\" href=\"https:\/\/www.swisscrochet.ch\/fr\/produit\/scheepjes-sac-tote\/\" \/>\n<meta property=\"og:locale\" content=\"fr_FR\" \/>\n<meta property=\"og:type\" content=\"article\" \/>\n<meta property=\"og:title\" content=\"Scheepjes \u2013 Sac tote &#171; Swiss Crochet\" \/>\n<meta property=\"og:description\" content=\"Sac tote Scheepjes en coton certifi\u00e9 OEKO-TEX avec logo illustr\u00e9 et motifs li\u00e9s aux travaux cr\u00e9atifs. Parfait pour acheter du fil et transporter vos projets de crochet.\" \/>\n<meta property=\"og:url\" content=\"https:\/\/www.swisscrochet.ch\/fr\/produit\/scheepjes-sac-tote\/\" \/>\n<meta property=\"og:site_name\" content=\"Swiss Crochet\" \/>\n<meta property=\"article:modified_time\" content=\"2026-03-08T11:25:13+00:00\" \/>\n<meta property=\"og:image\" content=\"https:\/\/www.swisscrochet.ch\/wp-content\/uploads\/2026\/03\/Scheepjes-Tote-Bag-Overview.jpg\" \/>\n\t<meta property=\"og:image:width\" content=\"1000\" \/>\n\t<meta property=\"og:image:height\" content=\"1000\" \/>\n\t<meta property=\"og:image:type\" content=\"image\/jpeg\" \/>\n<meta name=\"twitter:card\" content=\"summary_large_image\" \/>\n<meta name=\"twitter:label1\" content=\"Dur\u00e9e de lecture estim\u00e9e\" \/>\n\t<meta name=\"twitter:data1\" content=\"1 minute\" \/>\n<script type=\"application\/ld+json\" class=\"yoast-schema-graph\">{\"@context\":\"https:\\\/\\\/schema.org\",\"@graph\":[{\"@type\":[\"WebPage\",\"ItemPage\"],\"@id\":\"https:\\\/\\\/www.swisscrochet.ch\\\/fr\\\/produit\\\/scheepjes-sac-tote\\\/\",\"url\":\"https:\\\/\\\/www.swisscrochet.ch\\\/fr\\\/produit\\\/scheepjes-sac-tote\\\/\",\"name\":\"Scheepjes \u2013 Sac tote &#171; Swiss Crochet\",\"isPartOf\":{\"@id\":\"https:\\\/\\\/www.swisscrochet.ch\\\/#website\"},\"primaryImageOfPage\":{\"@id\":\"https:\\\/\\\/www.swisscrochet.ch\\\/fr\\\/produit\\\/scheepjes-sac-tote\\\/#primaryimage\"},\"image\":{\"@id\":\"https:\\\/\\\/www.swisscrochet.ch\\\/fr\\\/produit\\\/scheepjes-sac-tote\\\/#primaryimage\"},\"thumbnailUrl\":\"https:\\\/\\\/www.swisscrochet.ch\\\/wp-content\\\/uploads\\\/2026\\\/03\\\/Scheepjes-Tote-Bag-Overview.jpg\",\"datePublished\":\"2026-03-08T11:19:17+00:00\",\"dateModified\":\"2026-03-08T11:25:13+00:00\",\"description\":\"Sac tote Scheepjes en coton certifi\u00e9 OEKO-TEX avec logo illustr\u00e9 et motifs li\u00e9s aux travaux cr\u00e9atifs. Parfait pour acheter du fil et transporter vos projets de crochet.\",\"breadcrumb\":{\"@id\":\"https:\\\/\\\/www.swisscrochet.ch\\\/fr\\\/produit\\\/scheepjes-sac-tote\\\/#breadcrumb\"},\"inLanguage\":\"fr-FR\",\"potentialAction\":[{\"@type\":\"ReadAction\",\"target\":[\"https:\\\/\\\/www.swisscrochet.ch\\\/fr\\\/produit\\\/scheepjes-sac-tote\\\/\"]}]},{\"@type\":\"ImageObject\",\"inLanguage\":\"fr-FR\",\"@id\":\"https:\\\/\\\/www.swisscrochet.ch\\\/fr\\\/produit\\\/scheepjes-sac-tote\\\/#primaryimage\",\"url\":\"https:\\\/\\\/www.swisscrochet.ch\\\/wp-content\\\/uploads\\\/2026\\\/03\\\/Scheepjes-Tote-Bag-Overview.jpg\",\"contentUrl\":\"https:\\\/\\\/www.swisscrochet.ch\\\/wp-content\\\/uploads\\\/2026\\\/03\\\/Scheepjes-Tote-Bag-Overview.jpg\",\"width\":1000,\"height\":1000},{\"@type\":\"BreadcrumbList\",\"@id\":\"https:\\\/\\\/www.swisscrochet.ch\\\/fr\\\/produit\\\/scheepjes-sac-tote\\\/#breadcrumb\",\"itemListElement\":[{\"@type\":\"ListItem\",\"position\":1,\"name\":\"Home\",\"item\":\"https:\\\/\\\/www.swisscrochet.ch\\\/fr\\\/\"},{\"@type\":\"ListItem\",\"position\":2,\"name\":\"Boutique\",\"item\":\"https:\\\/\\\/www.swisscrochet.ch\\\/fr\\\/boutique\\\/\"},{\"@type\":\"ListItem\",\"position\":3,\"name\":\"Scheepjes \u2013 Sac tote\"}]},{\"@type\":\"WebSite\",\"@id\":\"https:\\\/\\\/www.swisscrochet.ch\\\/#website\",\"url\":\"https:\\\/\\\/www.swisscrochet.ch\\\/\",\"name\":\"Swiss Crochet\",\"description\":\"Lib\u00e9rez votre potentiel cr\u00e9atif\",\"potentialAction\":[{\"@type\":\"SearchAction\",\"target\":{\"@type\":\"EntryPoint\",\"urlTemplate\":\"https:\\\/\\\/www.swisscrochet.ch\\\/?s={search_term_string}\"},\"query-input\":{\"@type\":\"PropertyValueSpecification\",\"valueRequired\":true,\"valueName\":\"search_term_string\"}}],\"inLanguage\":\"fr-FR\"}]}<\/script>\n<!-- \/ Yoast SEO plugin. -->","yoast_head_json":{"title":"Scheepjes \u2013 Sac tote &#171; Swiss Crochet","description":"Sac tote Scheepjes en coton certifi\u00e9 OEKO-TEX avec logo illustr\u00e9 et motifs li\u00e9s aux travaux cr\u00e9atifs. Parfait pour acheter du fil et transporter vos projets de crochet.","robots":{"index":"index","follow":"follow","max-snippet":"max-snippet:-1","max-image-preview":"max-image-preview:large","max-video-preview":"max-video-preview:-1"},"canonical":"https:\/\/www.swisscrochet.ch\/fr\/produit\/scheepjes-sac-tote\/","og_locale":"fr_FR","og_type":"article","og_title":"Scheepjes \u2013 Sac tote &#171; Swiss Crochet","og_description":"Sac tote Scheepjes en coton certifi\u00e9 OEKO-TEX avec logo illustr\u00e9 et motifs li\u00e9s aux travaux cr\u00e9atifs. Parfait pour acheter du fil et transporter vos projets de crochet.","og_url":"https:\/\/www.swisscrochet.ch\/fr\/produit\/scheepjes-sac-tote\/","og_site_name":"Swiss Crochet","article_modified_time":"2026-03-08T11:25:13+00:00","og_image":[{"width":1000,"height":1000,"url":"https:\/\/www.swisscrochet.ch\/wp-content\/uploads\/2026\/03\/Scheepjes-Tote-Bag-Overview.jpg","type":"image\/jpeg"}],"twitter_card":"summary_large_image","twitter_misc":{"Dur\u00e9e de lecture estim\u00e9e":"1 minute"},"schema":{"@context":"https:\/\/schema.org","@graph":[{"@type":["WebPage","ItemPage"],"@id":"https:\/\/www.swisscrochet.ch\/fr\/produit\/scheepjes-sac-tote\/","url":"https:\/\/www.swisscrochet.ch\/fr\/produit\/scheepjes-sac-tote\/","name":"Scheepjes \u2013 Sac tote &#171; Swiss Crochet","isPartOf":{"@id":"https:\/\/www.swisscrochet.ch\/#website"},"primaryImageOfPage":{"@id":"https:\/\/www.swisscrochet.ch\/fr\/produit\/scheepjes-sac-tote\/#primaryimage"},"image":{"@id":"https:\/\/www.swisscrochet.ch\/fr\/produit\/scheepjes-sac-tote\/#primaryimage"},"thumbnailUrl":"https:\/\/www.swisscrochet.ch\/wp-content\/uploads\/2026\/03\/Scheepjes-Tote-Bag-Overview.jpg","datePublished":"2026-03-08T11:19:17+00:00","dateModified":"2026-03-08T11:25:13+00:00","description":"Sac tote Scheepjes en coton certifi\u00e9 OEKO-TEX avec logo illustr\u00e9 et motifs li\u00e9s aux travaux cr\u00e9atifs. Parfait pour acheter du fil et transporter vos projets de crochet.","breadcrumb":{"@id":"https:\/\/www.swisscrochet.ch\/fr\/produit\/scheepjes-sac-tote\/#breadcrumb"},"inLanguage":"fr-FR","potentialAction":[{"@type":"ReadAction","target":["https:\/\/www.swisscrochet.ch\/fr\/produit\/scheepjes-sac-tote\/"]}]},{"@type":"ImageObject","inLanguage":"fr-FR","@id":"https:\/\/www.swisscrochet.ch\/fr\/produit\/scheepjes-sac-tote\/#primaryimage","url":"https:\/\/www.swisscrochet.ch\/wp-content\/uploads\/2026\/03\/Scheepjes-Tote-Bag-Overview.jpg","contentUrl":"https:\/\/www.swisscrochet.ch\/wp-content\/uploads\/2026\/03\/Scheepjes-Tote-Bag-Overview.jpg","width":1000,"height":1000},{"@type":"BreadcrumbList","@id":"https:\/\/www.swisscrochet.ch\/fr\/produit\/scheepjes-sac-tote\/#breadcrumb","itemListElement":[{"@type":"ListItem","position":1,"name":"Home","item":"https:\/\/www.swisscrochet.ch\/fr\/"},{"@type":"ListItem","position":2,"name":"Boutique","item":"https:\/\/www.swisscrochet.ch\/fr\/boutique\/"},{"@type":"ListItem","position":3,"name":"Scheepjes \u2013 Sac tote"}]},{"@type":"WebSite","@id":"https:\/\/www.swisscrochet.ch\/#website","url":"https:\/\/www.swisscrochet.ch\/","name":"Swiss Crochet","description":"Lib\u00e9rez votre potentiel cr\u00e9atif","potentialAction":[{"@type":"SearchAction","target":{"@type":"EntryPoint","urlTemplate":"https:\/\/www.swisscrochet.ch\/?s={search_term_string}"},"query-input":{"@type":"PropertyValueSpecification","valueRequired":true,"valueName":"search_term_string"}}],"inLanguage":"fr-FR"}]}},"_links":{"self":[{"href":"https:\/\/www.swisscrochet.ch\/fr\/wp-json\/wp\/v2\/product\/25936","targetHints":{"allow":["GET"]}}],"collection":[{"href":"https:\/\/www.swisscrochet.ch\/fr\/wp-json\/wp\/v2\/product"}],"about":[{"href":"https:\/\/www.swisscrochet.ch\/fr\/wp-json\/wp\/v2\/types\/product"}],"wp:featuredmedia":[{"embeddable":true,"href":"https:\/\/www.swisscrochet.ch\/fr\/wp-json\/wp\/v2\/media\/25838"}],"wp:attachment":[{"href":"https:\/\/www.swisscrochet.ch\/fr\/wp-json\/wp\/v2\/media?parent=25936"}],"wp:term":[{"taxonomy":"product_brand","embeddable":true,"href":"https:\/\/www.swisscrochet.ch\/fr\/wp-json\/wp\/v2\/product_brand?post=25936"},{"taxonomy":"product_cat","embeddable":true,"href":"https:\/\/www.swisscrochet.ch\/fr\/wp-json\/wp\/v2\/product_cat?post=25936"},{"taxonomy":"product_tag","embeddable":true,"href":"https:\/\/www.swisscrochet.ch\/fr\/wp-json\/wp\/v2\/product_tag?post=25936"}],"curies":[{"name":"wp","href":"https:\/\/api.w.org\/{rel}","templated":true}]}}