{"id":25959,"date":"2026-03-08T13:06:00","date_gmt":"2026-03-08T12:06:00","guid":{"rendered":"https:\/\/www.swisscrochet.ch\/product\/hoooked-macrame-board\/"},"modified":"2026-03-08T13:12:56","modified_gmt":"2026-03-08T12:12:56","slug":"hoooked-planche-de-macrame","status":"publish","type":"product","link":"https:\/\/www.swisscrochet.ch\/fr\/produit\/hoooked-planche-de-macrame\/","title":{"rendered":"Hoooked \u2013 Planche de macram\u00e9"},"content":{"rendered":"","protected":false},"excerpt":{"rendered":"<p>Travaillez avec davantage de pr\u00e9cision gr\u00e2ce \u00e0 la planche de macram\u00e9 Hoooked. Cette planche rectangulaire l\u00e9g\u00e8re est con\u00e7ue pour accompagner les projets de macram\u00e9 de petite \u00e0 moyenne taille, en vous aidant \u00e0 garder vos n\u0153uds bien align\u00e9s et votre ouvrage soigneusement maintenu pendant le travail.<\/p>\n<p><strong>Fabriqu\u00e9e en li\u00e8ge naturel \u00e0 100 % au Portugal<\/strong>, la planche pr\u00e9sente une grille carr\u00e9e imprim\u00e9e qui facilite le placement pr\u00e9cis et l\u2019alignement des cordons et des mailles. Cette grille permet \u00e9galement de mesurer facilement et de maintenir un espacement r\u00e9gulier au fur et \u00e0 mesure que votre projet avance.<\/p>\n<p><strong>Bien qu\u2019elle ait \u00e9t\u00e9 d\u00e9velopp\u00e9e pour le macram\u00e9, cette planche polyvalente est \u00e9galement tr\u00e8s utile pour le crochet<\/strong>. Elle peut servir de planche de blocage compacte pour les petites pi\u00e8ces, la grille vous aidant \u00e0 \u00e9pingler votre ouvrage dans des formes et des dimensions pr\u00e9cises.<\/p>\n<p>La planche est livr\u00e9e avec un lot de 10 \u00e9pingles pour vous permettre de commencer imm\u00e9diatement, et des \u00e9pingles suppl\u00e9mentaires peuvent \u00eatre achet\u00e9es s\u00e9par\u00e9ment si n\u00e9cessaire.<\/p>\n<p><strong>D\u00e9tails<\/strong><br \/>\n\u2013 Fabriqu\u00e9e en li\u00e8ge naturel \u00e0 100 %<br \/>\n\u2013 Fabriqu\u00e9e au Portugal<br \/>\n\u2013 Grille carr\u00e9e imprim\u00e9e pour l\u2019alignement et la mesure<br \/>\n\u2013 Convient aux projets de macram\u00e9 et au blocage des ouvrages au crochet<br \/>\n\u2013 Comprend 10 \u00e9pingles<br \/>\n\u2013 Taille : 25 \u00d7 35 cm<br \/>\n\u2013 L\u00e9g\u00e8re et facile \u00e0 manipuler<\/p>\n<p>Un outil pratique pour garder vos projets nets, pr\u00e9cis et faciles \u00e0 g\u00e9rer pendant que vous travaillez.<\/p>\n","protected":false},"featured_media":25826,"template":"","meta":[],"product_brand":[],"product_cat":[221,575,2045],"product_tag":[],"class_list":{"0":"post-25959","1":"product","2":"type-product","3":"status-publish","4":"has-post-thumbnail","6":"product_cat-crochets-et-outils","7":"product_cat-outils-de-blocage","8":"product_cat-outils-de-macrame","9":"pa_t1-manufacturer-hoooked-fr","10":"description-off","12":"first","13":"instock","14":"taxable","15":"shipping-taxable","16":"purchasable","17":"product-type-simple"},"bundled_by":[],"bundle_stock_status":"instock","bundle_stock_quantity":6,"bundle_virtual":false,"bundle_layout":"","bundle_add_to_cart_form_location":"","bundle_editable_in_cart":false,"bundle_sold_individually_context":"","bundle_item_grouping":"","bundle_min_size":"","bundle_max_size":"","bundle_price":[],"bundled_items":[],"bundle_sell_ids":[],"yoast_head":"<!-- This site is optimized with the Yoast SEO plugin v27.4 - https:\/\/yoast.com\/product\/yoast-seo-wordpress\/ -->\n<title>Hoooked \u2013 Planche de macram\u00e9 &#171; Swiss Crochet<\/title>\n<meta name=\"description\" content=\"Planche de macram\u00e9 Hoooked en li\u00e8ge naturel avec grille imprim\u00e9e et 10 \u00e9pingles. Id\u00e9ale pour les petits projets de macram\u00e9 et comme planche de blocage pour les ouvrages au crochet. Taille : 25 \u00d7 35 cm.\" \/>\n<meta name=\"robots\" content=\"index, follow, max-snippet:-1, max-image-preview:large, max-video-preview:-1\" \/>\n<link rel=\"canonical\" href=\"https:\/\/www.swisscrochet.ch\/fr\/produit\/hoooked-planche-de-macrame\/\" \/>\n<meta property=\"og:locale\" content=\"fr_FR\" \/>\n<meta property=\"og:type\" content=\"article\" \/>\n<meta property=\"og:title\" content=\"Hoooked \u2013 Planche de macram\u00e9 &#171; Swiss Crochet\" \/>\n<meta property=\"og:description\" content=\"Planche de macram\u00e9 Hoooked en li\u00e8ge naturel avec grille imprim\u00e9e et 10 \u00e9pingles. Id\u00e9ale pour les petits projets de macram\u00e9 et comme planche de blocage pour les ouvrages au crochet. Taille : 25 \u00d7 35 cm.\" \/>\n<meta property=\"og:url\" content=\"https:\/\/www.swisscrochet.ch\/fr\/produit\/hoooked-planche-de-macrame\/\" \/>\n<meta property=\"og:site_name\" content=\"Swiss Crochet\" \/>\n<meta property=\"article:modified_time\" content=\"2026-03-08T12:12:56+00:00\" \/>\n<meta property=\"og:image\" content=\"https:\/\/www.swisscrochet.ch\/wp-content\/uploads\/2026\/03\/Hoooked-Macrame-Board-Overview.jpg\" \/>\n\t<meta property=\"og:image:width\" content=\"1000\" \/>\n\t<meta property=\"og:image:height\" content=\"1000\" \/>\n\t<meta property=\"og:image:type\" content=\"image\/jpeg\" \/>\n<meta name=\"twitter:card\" content=\"summary_large_image\" \/>\n<meta name=\"twitter:label1\" content=\"Dur\u00e9e de lecture estim\u00e9e\" \/>\n\t<meta name=\"twitter:data1\" content=\"1 minute\" \/>\n<script type=\"application\/ld+json\" class=\"yoast-schema-graph\">{\"@context\":\"https:\\\/\\\/schema.org\",\"@graph\":[{\"@type\":[\"WebPage\",\"ItemPage\"],\"@id\":\"https:\\\/\\\/www.swisscrochet.ch\\\/fr\\\/produit\\\/hoooked-planche-de-macrame\\\/\",\"url\":\"https:\\\/\\\/www.swisscrochet.ch\\\/fr\\\/produit\\\/hoooked-planche-de-macrame\\\/\",\"name\":\"Hoooked \u2013 Planche de macram\u00e9 &#171; Swiss Crochet\",\"isPartOf\":{\"@id\":\"https:\\\/\\\/www.swisscrochet.ch\\\/#website\"},\"primaryImageOfPage\":{\"@id\":\"https:\\\/\\\/www.swisscrochet.ch\\\/fr\\\/produit\\\/hoooked-planche-de-macrame\\\/#primaryimage\"},\"image\":{\"@id\":\"https:\\\/\\\/www.swisscrochet.ch\\\/fr\\\/produit\\\/hoooked-planche-de-macrame\\\/#primaryimage\"},\"thumbnailUrl\":\"https:\\\/\\\/www.swisscrochet.ch\\\/wp-content\\\/uploads\\\/2026\\\/03\\\/Hoooked-Macrame-Board-Overview.jpg\",\"datePublished\":\"2026-03-08T12:06:00+00:00\",\"dateModified\":\"2026-03-08T12:12:56+00:00\",\"description\":\"Planche de macram\u00e9 Hoooked en li\u00e8ge naturel avec grille imprim\u00e9e et 10 \u00e9pingles. Id\u00e9ale pour les petits projets de macram\u00e9 et comme planche de blocage pour les ouvrages au crochet. Taille : 25 \u00d7 35 cm.\",\"breadcrumb\":{\"@id\":\"https:\\\/\\\/www.swisscrochet.ch\\\/fr\\\/produit\\\/hoooked-planche-de-macrame\\\/#breadcrumb\"},\"inLanguage\":\"fr-FR\",\"potentialAction\":[{\"@type\":\"ReadAction\",\"target\":[\"https:\\\/\\\/www.swisscrochet.ch\\\/fr\\\/produit\\\/hoooked-planche-de-macrame\\\/\"]}]},{\"@type\":\"ImageObject\",\"inLanguage\":\"fr-FR\",\"@id\":\"https:\\\/\\\/www.swisscrochet.ch\\\/fr\\\/produit\\\/hoooked-planche-de-macrame\\\/#primaryimage\",\"url\":\"https:\\\/\\\/www.swisscrochet.ch\\\/wp-content\\\/uploads\\\/2026\\\/03\\\/Hoooked-Macrame-Board-Overview.jpg\",\"contentUrl\":\"https:\\\/\\\/www.swisscrochet.ch\\\/wp-content\\\/uploads\\\/2026\\\/03\\\/Hoooked-Macrame-Board-Overview.jpg\",\"width\":1000,\"height\":1000},{\"@type\":\"BreadcrumbList\",\"@id\":\"https:\\\/\\\/www.swisscrochet.ch\\\/fr\\\/produit\\\/hoooked-planche-de-macrame\\\/#breadcrumb\",\"itemListElement\":[{\"@type\":\"ListItem\",\"position\":1,\"name\":\"Home\",\"item\":\"https:\\\/\\\/www.swisscrochet.ch\\\/fr\\\/\"},{\"@type\":\"ListItem\",\"position\":2,\"name\":\"Boutique\",\"item\":\"https:\\\/\\\/www.swisscrochet.ch\\\/fr\\\/boutique\\\/\"},{\"@type\":\"ListItem\",\"position\":3,\"name\":\"Hoooked \u2013 Planche de macram\u00e9\"}]},{\"@type\":\"WebSite\",\"@id\":\"https:\\\/\\\/www.swisscrochet.ch\\\/#website\",\"url\":\"https:\\\/\\\/www.swisscrochet.ch\\\/\",\"name\":\"Swiss Crochet\",\"description\":\"Lib\u00e9rez votre potentiel cr\u00e9atif\",\"potentialAction\":[{\"@type\":\"SearchAction\",\"target\":{\"@type\":\"EntryPoint\",\"urlTemplate\":\"https:\\\/\\\/www.swisscrochet.ch\\\/?s={search_term_string}\"},\"query-input\":{\"@type\":\"PropertyValueSpecification\",\"valueRequired\":true,\"valueName\":\"search_term_string\"}}],\"inLanguage\":\"fr-FR\"}]}<\/script>\n<!-- \/ Yoast SEO plugin. -->","yoast_head_json":{"title":"Hoooked \u2013 Planche de macram\u00e9 &#171; Swiss Crochet","description":"Planche de macram\u00e9 Hoooked en li\u00e8ge naturel avec grille imprim\u00e9e et 10 \u00e9pingles. Id\u00e9ale pour les petits projets de macram\u00e9 et comme planche de blocage pour les ouvrages au crochet. Taille : 25 \u00d7 35 cm.","robots":{"index":"index","follow":"follow","max-snippet":"max-snippet:-1","max-image-preview":"max-image-preview:large","max-video-preview":"max-video-preview:-1"},"canonical":"https:\/\/www.swisscrochet.ch\/fr\/produit\/hoooked-planche-de-macrame\/","og_locale":"fr_FR","og_type":"article","og_title":"Hoooked \u2013 Planche de macram\u00e9 &#171; Swiss Crochet","og_description":"Planche de macram\u00e9 Hoooked en li\u00e8ge naturel avec grille imprim\u00e9e et 10 \u00e9pingles. Id\u00e9ale pour les petits projets de macram\u00e9 et comme planche de blocage pour les ouvrages au crochet. Taille : 25 \u00d7 35 cm.","og_url":"https:\/\/www.swisscrochet.ch\/fr\/produit\/hoooked-planche-de-macrame\/","og_site_name":"Swiss Crochet","article_modified_time":"2026-03-08T12:12:56+00:00","og_image":[{"width":1000,"height":1000,"url":"https:\/\/www.swisscrochet.ch\/wp-content\/uploads\/2026\/03\/Hoooked-Macrame-Board-Overview.jpg","type":"image\/jpeg"}],"twitter_card":"summary_large_image","twitter_misc":{"Dur\u00e9e de lecture estim\u00e9e":"1 minute"},"schema":{"@context":"https:\/\/schema.org","@graph":[{"@type":["WebPage","ItemPage"],"@id":"https:\/\/www.swisscrochet.ch\/fr\/produit\/hoooked-planche-de-macrame\/","url":"https:\/\/www.swisscrochet.ch\/fr\/produit\/hoooked-planche-de-macrame\/","name":"Hoooked \u2013 Planche de macram\u00e9 &#171; Swiss Crochet","isPartOf":{"@id":"https:\/\/www.swisscrochet.ch\/#website"},"primaryImageOfPage":{"@id":"https:\/\/www.swisscrochet.ch\/fr\/produit\/hoooked-planche-de-macrame\/#primaryimage"},"image":{"@id":"https:\/\/www.swisscrochet.ch\/fr\/produit\/hoooked-planche-de-macrame\/#primaryimage"},"thumbnailUrl":"https:\/\/www.swisscrochet.ch\/wp-content\/uploads\/2026\/03\/Hoooked-Macrame-Board-Overview.jpg","datePublished":"2026-03-08T12:06:00+00:00","dateModified":"2026-03-08T12:12:56+00:00","description":"Planche de macram\u00e9 Hoooked en li\u00e8ge naturel avec grille imprim\u00e9e et 10 \u00e9pingles. Id\u00e9ale pour les petits projets de macram\u00e9 et comme planche de blocage pour les ouvrages au crochet. Taille : 25 \u00d7 35 cm.","breadcrumb":{"@id":"https:\/\/www.swisscrochet.ch\/fr\/produit\/hoooked-planche-de-macrame\/#breadcrumb"},"inLanguage":"fr-FR","potentialAction":[{"@type":"ReadAction","target":["https:\/\/www.swisscrochet.ch\/fr\/produit\/hoooked-planche-de-macrame\/"]}]},{"@type":"ImageObject","inLanguage":"fr-FR","@id":"https:\/\/www.swisscrochet.ch\/fr\/produit\/hoooked-planche-de-macrame\/#primaryimage","url":"https:\/\/www.swisscrochet.ch\/wp-content\/uploads\/2026\/03\/Hoooked-Macrame-Board-Overview.jpg","contentUrl":"https:\/\/www.swisscrochet.ch\/wp-content\/uploads\/2026\/03\/Hoooked-Macrame-Board-Overview.jpg","width":1000,"height":1000},{"@type":"BreadcrumbList","@id":"https:\/\/www.swisscrochet.ch\/fr\/produit\/hoooked-planche-de-macrame\/#breadcrumb","itemListElement":[{"@type":"ListItem","position":1,"name":"Home","item":"https:\/\/www.swisscrochet.ch\/fr\/"},{"@type":"ListItem","position":2,"name":"Boutique","item":"https:\/\/www.swisscrochet.ch\/fr\/boutique\/"},{"@type":"ListItem","position":3,"name":"Hoooked \u2013 Planche de macram\u00e9"}]},{"@type":"WebSite","@id":"https:\/\/www.swisscrochet.ch\/#website","url":"https:\/\/www.swisscrochet.ch\/","name":"Swiss Crochet","description":"Lib\u00e9rez votre potentiel cr\u00e9atif","potentialAction":[{"@type":"SearchAction","target":{"@type":"EntryPoint","urlTemplate":"https:\/\/www.swisscrochet.ch\/?s={search_term_string}"},"query-input":{"@type":"PropertyValueSpecification","valueRequired":true,"valueName":"search_term_string"}}],"inLanguage":"fr-FR"}]}},"_links":{"self":[{"href":"https:\/\/www.swisscrochet.ch\/fr\/wp-json\/wp\/v2\/product\/25959","targetHints":{"allow":["GET"]}}],"collection":[{"href":"https:\/\/www.swisscrochet.ch\/fr\/wp-json\/wp\/v2\/product"}],"about":[{"href":"https:\/\/www.swisscrochet.ch\/fr\/wp-json\/wp\/v2\/types\/product"}],"wp:featuredmedia":[{"embeddable":true,"href":"https:\/\/www.swisscrochet.ch\/fr\/wp-json\/wp\/v2\/media\/25826"}],"wp:attachment":[{"href":"https:\/\/www.swisscrochet.ch\/fr\/wp-json\/wp\/v2\/media?parent=25959"}],"wp:term":[{"taxonomy":"product_brand","embeddable":true,"href":"https:\/\/www.swisscrochet.ch\/fr\/wp-json\/wp\/v2\/product_brand?post=25959"},{"taxonomy":"product_cat","embeddable":true,"href":"https:\/\/www.swisscrochet.ch\/fr\/wp-json\/wp\/v2\/product_cat?post=25959"},{"taxonomy":"product_tag","embeddable":true,"href":"https:\/\/www.swisscrochet.ch\/fr\/wp-json\/wp\/v2\/product_tag?post=25959"}],"curies":[{"name":"wp","href":"https:\/\/api.w.org\/{rel}","templated":true}]}}