{"id":25991,"date":"2026-03-08T13:54:41","date_gmt":"2026-03-08T12:54:41","guid":{"rendered":"https:\/\/www.swisscrochet.ch\/product\/gleener-fabric-shaver-and-lint-brush\/"},"modified":"2026-04-16T16:01:20","modified_gmt":"2026-04-16T14:01:20","slug":"gleener-rasoir-anti-bouloches-et-brosse-anti-peluches","status":"publish","type":"product","link":"https:\/\/www.swisscrochet.ch\/fr\/produit\/gleener-rasoir-anti-bouloches-et-brosse-anti-peluches\/","title":{"rendered":"Gleener \u2013 Rasoir anti-bouloches et brosse anti-peluches"},"content":{"rendered":"","protected":false},"excerpt":{"rendered":"<p>Gardez vos v\u00eatements et textiles de maison impeccables avec le rasoir anti-bouloches et la brosse anti-peluches Gleener. Con\u00e7u pour \u00e9liminer en douceur les peluches, le duvet et le boulochage, cet outil ing\u00e9nieux aide \u00e0 redonner aux tissus un aspect net et soign\u00e9.<\/p>\n<p>Sa forme ergonomique tient confortablement dans la main, ce qui permet de rafra\u00eechir facilement v\u00eatements, coussins, couvertures et autres textiles de maison. Le rasoir comprend trois bords interchangeables, chacun con\u00e7u pour diff\u00e9rents types de tissus, afin de traiter aussi bien les tissus d\u2019ameublement robustes que les mati\u00e8res d\u00e9licates.<\/p>\n<p>Le changement des bords est simple : appuyez sur le bouton de d\u00e9verrouillage pour retirer l\u2019accessoire actuel, puis cliquez le bord souhait\u00e9 en place. De l\u2019autre c\u00f4t\u00e9 de l\u2019outil, une brosse anti-peluches int\u00e9gr\u00e9e permet d\u2019enlever rapidement fibres libres, poussi\u00e8re et poils d\u2019animaux des surfaces textiles.<\/p>\n<p>Comme il fonctionne enti\u00e8rement \u00e0 la main, le rasoir Gleener ne n\u00e9cessite ni piles ni \u00e9lectricit\u00e9, ce qui en fait un outil d\u2019entretien des textiles pratique et r\u00e9utilisable. L\u2019ensemble comprend \u00e9galement une pochette de voyage et de rangement pratique pour le prot\u00e9ger \u00e0 la maison ou l\u2019emporter avec vous.<\/p>\n<p>Comprend<br \/>\n\u2013 Rasoir anti-bouloches avec poign\u00e9e ergonomique<br \/>\n\u2013 3 bords interchangeables pour l\u2019entretien des tissus<br \/>\n\u2013 Brosse anti-peluches int\u00e9gr\u00e9e<br \/>\n\u2013 Pochette de voyage et de rangement<\/p>\n<p>Une solution simple et efficace pour garder vos v\u00eatements et textiles pr\u00e9f\u00e9r\u00e9s en parfait \u00e9tat.<\/p>\n","protected":false},"featured_media":25079,"template":"","meta":[],"product_brand":[],"product_cat":[560,221],"product_tag":[],"class_list":{"0":"post-25991","1":"product","2":"type-product","3":"status-publish","4":"has-post-thumbnail","6":"product_cat-autres-accessoires","7":"product_cat-crochets-et-outils","8":"pa_t1-manufacturer-gleener","9":"description-off","11":"first","12":"instock","13":"taxable","14":"shipping-taxable","15":"purchasable","16":"product-type-simple"},"bundled_by":[],"bundle_stock_status":"instock","bundle_stock_quantity":1,"bundle_virtual":false,"bundle_layout":"","bundle_add_to_cart_form_location":"","bundle_editable_in_cart":false,"bundle_sold_individually_context":"","bundle_item_grouping":"","bundle_min_size":"","bundle_max_size":"","bundle_price":[],"bundled_items":[],"bundle_sell_ids":[],"yoast_head":"<!-- This site is optimized with the Yoast SEO plugin v27.4 - https:\/\/yoast.com\/product\/yoast-seo-wordpress\/ -->\n<title>Gleener \u2013 Rasoir anti-bouloches et brosse anti-peluches &#171; Swiss Crochet<\/title>\n<meta name=\"description\" content=\"Rasoir anti-bouloches et brosse anti-peluches Gleener avec 3 bords interchangeables. \u00c9limine les peluches et le boulochage des v\u00eatements et des textiles de maison. Outil d\u2019entretien des textiles sans batterie.\" \/>\n<meta name=\"robots\" content=\"index, follow, max-snippet:-1, max-image-preview:large, max-video-preview:-1\" \/>\n<link rel=\"canonical\" href=\"https:\/\/www.swisscrochet.ch\/fr\/produit\/gleener-rasoir-anti-bouloches-et-brosse-anti-peluches\/\" \/>\n<meta property=\"og:locale\" content=\"fr_FR\" \/>\n<meta property=\"og:type\" content=\"article\" \/>\n<meta property=\"og:title\" content=\"Gleener \u2013 Rasoir anti-bouloches et brosse anti-peluches &#171; Swiss Crochet\" \/>\n<meta property=\"og:description\" content=\"Rasoir anti-bouloches et brosse anti-peluches Gleener avec 3 bords interchangeables. \u00c9limine les peluches et le boulochage des v\u00eatements et des textiles de maison. Outil d\u2019entretien des textiles sans batterie.\" \/>\n<meta property=\"og:url\" content=\"https:\/\/www.swisscrochet.ch\/fr\/produit\/gleener-rasoir-anti-bouloches-et-brosse-anti-peluches\/\" \/>\n<meta property=\"og:site_name\" content=\"Swiss Crochet\" \/>\n<meta property=\"article:modified_time\" content=\"2026-04-16T14:01:20+00:00\" \/>\n<meta property=\"og:image\" content=\"https:\/\/www.swisscrochet.ch\/wp-content\/uploads\/2026\/03\/Gleener-Fabric-Shaver-Lint-Brush-Overview.jpg\" \/>\n\t<meta property=\"og:image:width\" content=\"1000\" \/>\n\t<meta property=\"og:image:height\" content=\"1000\" \/>\n\t<meta property=\"og:image:type\" content=\"image\/jpeg\" \/>\n<meta name=\"twitter:card\" content=\"summary_large_image\" \/>\n<meta name=\"twitter:label1\" content=\"Dur\u00e9e de lecture estim\u00e9e\" \/>\n\t<meta name=\"twitter:data1\" content=\"1 minute\" \/>\n<script type=\"application\/ld+json\" class=\"yoast-schema-graph\">{\"@context\":\"https:\\\/\\\/schema.org\",\"@graph\":[{\"@type\":[\"WebPage\",\"ItemPage\"],\"@id\":\"https:\\\/\\\/www.swisscrochet.ch\\\/fr\\\/produit\\\/gleener-rasoir-anti-bouloches-et-brosse-anti-peluches\\\/\",\"url\":\"https:\\\/\\\/www.swisscrochet.ch\\\/fr\\\/produit\\\/gleener-rasoir-anti-bouloches-et-brosse-anti-peluches\\\/\",\"name\":\"Gleener \u2013 Rasoir anti-bouloches et brosse anti-peluches &#171; Swiss Crochet\",\"isPartOf\":{\"@id\":\"https:\\\/\\\/www.swisscrochet.ch\\\/#website\"},\"primaryImageOfPage\":{\"@id\":\"https:\\\/\\\/www.swisscrochet.ch\\\/fr\\\/produit\\\/gleener-rasoir-anti-bouloches-et-brosse-anti-peluches\\\/#primaryimage\"},\"image\":{\"@id\":\"https:\\\/\\\/www.swisscrochet.ch\\\/fr\\\/produit\\\/gleener-rasoir-anti-bouloches-et-brosse-anti-peluches\\\/#primaryimage\"},\"thumbnailUrl\":\"https:\\\/\\\/www.swisscrochet.ch\\\/wp-content\\\/uploads\\\/2026\\\/03\\\/Gleener-Fabric-Shaver-Lint-Brush-Overview.jpg\",\"datePublished\":\"2026-03-08T12:54:41+00:00\",\"dateModified\":\"2026-04-16T14:01:20+00:00\",\"description\":\"Rasoir anti-bouloches et brosse anti-peluches Gleener avec 3 bords interchangeables. \u00c9limine les peluches et le boulochage des v\u00eatements et des textiles de maison. Outil d\u2019entretien des textiles sans batterie.\",\"breadcrumb\":{\"@id\":\"https:\\\/\\\/www.swisscrochet.ch\\\/fr\\\/produit\\\/gleener-rasoir-anti-bouloches-et-brosse-anti-peluches\\\/#breadcrumb\"},\"inLanguage\":\"fr-FR\",\"potentialAction\":[{\"@type\":\"ReadAction\",\"target\":[\"https:\\\/\\\/www.swisscrochet.ch\\\/fr\\\/produit\\\/gleener-rasoir-anti-bouloches-et-brosse-anti-peluches\\\/\"]}]},{\"@type\":\"ImageObject\",\"inLanguage\":\"fr-FR\",\"@id\":\"https:\\\/\\\/www.swisscrochet.ch\\\/fr\\\/produit\\\/gleener-rasoir-anti-bouloches-et-brosse-anti-peluches\\\/#primaryimage\",\"url\":\"https:\\\/\\\/www.swisscrochet.ch\\\/wp-content\\\/uploads\\\/2026\\\/03\\\/Gleener-Fabric-Shaver-Lint-Brush-Overview.jpg\",\"contentUrl\":\"https:\\\/\\\/www.swisscrochet.ch\\\/wp-content\\\/uploads\\\/2026\\\/03\\\/Gleener-Fabric-Shaver-Lint-Brush-Overview.jpg\",\"width\":1000,\"height\":1000},{\"@type\":\"BreadcrumbList\",\"@id\":\"https:\\\/\\\/www.swisscrochet.ch\\\/fr\\\/produit\\\/gleener-rasoir-anti-bouloches-et-brosse-anti-peluches\\\/#breadcrumb\",\"itemListElement\":[{\"@type\":\"ListItem\",\"position\":1,\"name\":\"Home\",\"item\":\"https:\\\/\\\/www.swisscrochet.ch\\\/fr\\\/\"},{\"@type\":\"ListItem\",\"position\":2,\"name\":\"Boutique\",\"item\":\"https:\\\/\\\/www.swisscrochet.ch\\\/fr\\\/boutique\\\/\"},{\"@type\":\"ListItem\",\"position\":3,\"name\":\"Gleener \u2013 Rasoir anti-bouloches et brosse anti-peluches\"}]},{\"@type\":\"WebSite\",\"@id\":\"https:\\\/\\\/www.swisscrochet.ch\\\/#website\",\"url\":\"https:\\\/\\\/www.swisscrochet.ch\\\/\",\"name\":\"Swiss Crochet\",\"description\":\"Lib\u00e9rez votre potentiel cr\u00e9atif\",\"potentialAction\":[{\"@type\":\"SearchAction\",\"target\":{\"@type\":\"EntryPoint\",\"urlTemplate\":\"https:\\\/\\\/www.swisscrochet.ch\\\/?s={search_term_string}\"},\"query-input\":{\"@type\":\"PropertyValueSpecification\",\"valueRequired\":true,\"valueName\":\"search_term_string\"}}],\"inLanguage\":\"fr-FR\"}]}<\/script>\n<!-- \/ Yoast SEO plugin. -->","yoast_head_json":{"title":"Gleener \u2013 Rasoir anti-bouloches et brosse anti-peluches &#171; Swiss Crochet","description":"Rasoir anti-bouloches et brosse anti-peluches Gleener avec 3 bords interchangeables. \u00c9limine les peluches et le boulochage des v\u00eatements et des textiles de maison. Outil d\u2019entretien des textiles sans batterie.","robots":{"index":"index","follow":"follow","max-snippet":"max-snippet:-1","max-image-preview":"max-image-preview:large","max-video-preview":"max-video-preview:-1"},"canonical":"https:\/\/www.swisscrochet.ch\/fr\/produit\/gleener-rasoir-anti-bouloches-et-brosse-anti-peluches\/","og_locale":"fr_FR","og_type":"article","og_title":"Gleener \u2013 Rasoir anti-bouloches et brosse anti-peluches &#171; Swiss Crochet","og_description":"Rasoir anti-bouloches et brosse anti-peluches Gleener avec 3 bords interchangeables. \u00c9limine les peluches et le boulochage des v\u00eatements et des textiles de maison. Outil d\u2019entretien des textiles sans batterie.","og_url":"https:\/\/www.swisscrochet.ch\/fr\/produit\/gleener-rasoir-anti-bouloches-et-brosse-anti-peluches\/","og_site_name":"Swiss Crochet","article_modified_time":"2026-04-16T14:01:20+00:00","og_image":[{"width":1000,"height":1000,"url":"https:\/\/www.swisscrochet.ch\/wp-content\/uploads\/2026\/03\/Gleener-Fabric-Shaver-Lint-Brush-Overview.jpg","type":"image\/jpeg"}],"twitter_card":"summary_large_image","twitter_misc":{"Dur\u00e9e de lecture estim\u00e9e":"1 minute"},"schema":{"@context":"https:\/\/schema.org","@graph":[{"@type":["WebPage","ItemPage"],"@id":"https:\/\/www.swisscrochet.ch\/fr\/produit\/gleener-rasoir-anti-bouloches-et-brosse-anti-peluches\/","url":"https:\/\/www.swisscrochet.ch\/fr\/produit\/gleener-rasoir-anti-bouloches-et-brosse-anti-peluches\/","name":"Gleener \u2013 Rasoir anti-bouloches et brosse anti-peluches &#171; Swiss Crochet","isPartOf":{"@id":"https:\/\/www.swisscrochet.ch\/#website"},"primaryImageOfPage":{"@id":"https:\/\/www.swisscrochet.ch\/fr\/produit\/gleener-rasoir-anti-bouloches-et-brosse-anti-peluches\/#primaryimage"},"image":{"@id":"https:\/\/www.swisscrochet.ch\/fr\/produit\/gleener-rasoir-anti-bouloches-et-brosse-anti-peluches\/#primaryimage"},"thumbnailUrl":"https:\/\/www.swisscrochet.ch\/wp-content\/uploads\/2026\/03\/Gleener-Fabric-Shaver-Lint-Brush-Overview.jpg","datePublished":"2026-03-08T12:54:41+00:00","dateModified":"2026-04-16T14:01:20+00:00","description":"Rasoir anti-bouloches et brosse anti-peluches Gleener avec 3 bords interchangeables. \u00c9limine les peluches et le boulochage des v\u00eatements et des textiles de maison. Outil d\u2019entretien des textiles sans batterie.","breadcrumb":{"@id":"https:\/\/www.swisscrochet.ch\/fr\/produit\/gleener-rasoir-anti-bouloches-et-brosse-anti-peluches\/#breadcrumb"},"inLanguage":"fr-FR","potentialAction":[{"@type":"ReadAction","target":["https:\/\/www.swisscrochet.ch\/fr\/produit\/gleener-rasoir-anti-bouloches-et-brosse-anti-peluches\/"]}]},{"@type":"ImageObject","inLanguage":"fr-FR","@id":"https:\/\/www.swisscrochet.ch\/fr\/produit\/gleener-rasoir-anti-bouloches-et-brosse-anti-peluches\/#primaryimage","url":"https:\/\/www.swisscrochet.ch\/wp-content\/uploads\/2026\/03\/Gleener-Fabric-Shaver-Lint-Brush-Overview.jpg","contentUrl":"https:\/\/www.swisscrochet.ch\/wp-content\/uploads\/2026\/03\/Gleener-Fabric-Shaver-Lint-Brush-Overview.jpg","width":1000,"height":1000},{"@type":"BreadcrumbList","@id":"https:\/\/www.swisscrochet.ch\/fr\/produit\/gleener-rasoir-anti-bouloches-et-brosse-anti-peluches\/#breadcrumb","itemListElement":[{"@type":"ListItem","position":1,"name":"Home","item":"https:\/\/www.swisscrochet.ch\/fr\/"},{"@type":"ListItem","position":2,"name":"Boutique","item":"https:\/\/www.swisscrochet.ch\/fr\/boutique\/"},{"@type":"ListItem","position":3,"name":"Gleener \u2013 Rasoir anti-bouloches et brosse anti-peluches"}]},{"@type":"WebSite","@id":"https:\/\/www.swisscrochet.ch\/#website","url":"https:\/\/www.swisscrochet.ch\/","name":"Swiss Crochet","description":"Lib\u00e9rez votre potentiel cr\u00e9atif","potentialAction":[{"@type":"SearchAction","target":{"@type":"EntryPoint","urlTemplate":"https:\/\/www.swisscrochet.ch\/?s={search_term_string}"},"query-input":{"@type":"PropertyValueSpecification","valueRequired":true,"valueName":"search_term_string"}}],"inLanguage":"fr-FR"}]}},"_links":{"self":[{"href":"https:\/\/www.swisscrochet.ch\/fr\/wp-json\/wp\/v2\/product\/25991","targetHints":{"allow":["GET"]}}],"collection":[{"href":"https:\/\/www.swisscrochet.ch\/fr\/wp-json\/wp\/v2\/product"}],"about":[{"href":"https:\/\/www.swisscrochet.ch\/fr\/wp-json\/wp\/v2\/types\/product"}],"wp:featuredmedia":[{"embeddable":true,"href":"https:\/\/www.swisscrochet.ch\/fr\/wp-json\/wp\/v2\/media\/25079"}],"wp:attachment":[{"href":"https:\/\/www.swisscrochet.ch\/fr\/wp-json\/wp\/v2\/media?parent=25991"}],"wp:term":[{"taxonomy":"product_brand","embeddable":true,"href":"https:\/\/www.swisscrochet.ch\/fr\/wp-json\/wp\/v2\/product_brand?post=25991"},{"taxonomy":"product_cat","embeddable":true,"href":"https:\/\/www.swisscrochet.ch\/fr\/wp-json\/wp\/v2\/product_cat?post=25991"},{"taxonomy":"product_tag","embeddable":true,"href":"https:\/\/www.swisscrochet.ch\/fr\/wp-json\/wp\/v2\/product_tag?post=25991"}],"curies":[{"name":"wp","href":"https:\/\/api.w.org\/{rel}","templated":true}]}}