{"id":26468,"date":"2026-03-14T15:29:32","date_gmt":"2026-03-14T14:29:32","guid":{"rendered":"https:\/\/www.swisscrochet.ch\/product\/el-d-mouzakis-butterfly-crochet-thread-size-60\/"},"modified":"2026-03-14T16:01:47","modified_gmt":"2026-03-14T15:01:47","slug":"el-d-mouzakis-butterfly-fil-a-crocheter-n-60","status":"publish","type":"product","link":"https:\/\/www.swisscrochet.ch\/fr\/produit\/el-d-mouzakis-butterfly-fil-a-crocheter-n-60\/","title":{"rendered":"EL.D.Mouzakis Butterfly &#8211; Fil \u00e0 crocheter n\u00b0 60"},"content":{"rendered":"","protected":false},"excerpt":{"rendered":"<p>Le Fil \u00e0 crocheter n\u00b0 60 Butterfly est un fil doux et brillant con\u00e7u sp\u00e9cialement pour les crocheteuses. Fabriqu\u00e9 \u00e0 partir de 100 % coton \u00e9gyptien merceris\u00e9 cultiv\u00e9 en Gr\u00e8ce, ce fil se distingue par sa qualit\u00e9 et sa production r\u00e9fl\u00e9chie. L\u2019ensemble du processus \u2014 de la culture du coton au filage, \u00e0 la teinture et \u00e0 l\u2019emballage \u2014 se d\u00e9roule en Gr\u00e8ce, ce qui limite les distances de transport. Son plus long trajet est jusqu\u2019en Suisse.<\/p>\n<p>Gr\u00e2ce \u00e0 sa construction c\u00e2bl\u00e9e, ce fil \u00e0 crocheter offre une r\u00e9sistance et une durabilit\u00e9 exceptionnelles tout en restant l\u00e9ger malgr\u00e9 ses multiples brins. La torsion Z emp\u00eache le fil de se d\u00e9faire ou de se s\u00e9parer pendant le crochet, ce qui le rend tr\u00e8s agr\u00e9able \u00e0 travailler.<\/p>\n<p>Traditionnellement utilis\u00e9 pour la dentelle fine et les ouvrages tr\u00e8s d\u00e9taill\u00e9s, le Fil \u00e0 crocheter n\u00b0 60 est \u00e9galement \u00e9tonnamment polyvalent. Il peut \u00eatre utilis\u00e9 pour des v\u00eatements et accessoires en tenant plusieurs fils ensemble ou en le combinant avec d\u2019autres fils.<\/p>\n<p>Trois \u00e9chantillons sont pr\u00e9sent\u00e9s :<\/p>\n<ul>\n<li>un fil simple travaill\u00e9 avec un crochet de 0.60 mm<\/li>\n<li>deux fils travaill\u00e9s avec un crochet de 1.00 mm<\/li>\n<li>trois fils travaill\u00e9s avec un crochet de 1.50 mm<\/li>\n<\/ul>\n<p>Les \u00e9chantillons pr\u00e9sent\u00e9s ont \u00e9t\u00e9 lav\u00e9s en machine (programme normal \u00e0 40 \u00b0C) puis repass\u00e9s \u00e0 la vapeur.<\/p>\n<p>Le Fil \u00e0 crocheter n\u00b0 60 Butterfly est disponible en deux couleurs, Snow White et Ecru, et c\u2019est le fil de crochet le plus fin actuellement disponible dans la boutique.<\/p>\n<p><strong>Disponible exclusivement chez Swiss Crochet.<\/strong><\/p>\n","protected":false},"featured_media":26205,"template":"","meta":[],"product_brand":[],"product_cat":[227,1896,1893],"product_tag":[],"class_list":{"0":"post-26468","1":"product","2":"type-product","3":"status-publish","4":"has-post-thumbnail","6":"product_cat-fils","7":"product_cat-fils-microcrochet-et-dentelle","8":"product_cat-fils-vetements","9":"pa_y1-brand-el-d-mouzakis-butterfly","10":"pa_y17-yarn-weight-thread-fr","11":"description-off","13":"first","14":"instock","15":"taxable","16":"shipping-taxable","17":"purchasable","18":"product-type-variable","19":"wvs-archive-product-wrapper"},"bundled_by":[],"bundle_stock_status":"instock","bundle_stock_quantity":null,"bundle_virtual":false,"bundle_layout":"","bundle_add_to_cart_form_location":"","bundle_editable_in_cart":false,"bundle_sold_individually_context":"","bundle_item_grouping":"","bundle_min_size":"","bundle_max_size":"","bundle_price":[],"bundled_items":[],"bundle_sell_ids":[],"yoast_head":"<!-- This site is optimized with the Yoast SEO plugin v27.4 - https:\/\/yoast.com\/product\/yoast-seo-wordpress\/ -->\n<title>EL.D.Mouzakis Butterfly - Fil \u00e0 crocheter n\u00b0 60 &#171; Swiss Crochet<\/title>\n<meta name=\"description\" content=\"Butterfly Fil \u00e0 crocheter n\u00b0 60 est un fil en coton \u00e9gyptien merceris\u00e9 fabriqu\u00e9 en Gr\u00e8ce. Solide, lisse et id\u00e9al pour la dentelle, les v\u00eatements et les travaux de crochet d\u00e9taill\u00e9s.\" \/>\n<meta name=\"robots\" content=\"index, follow, max-snippet:-1, max-image-preview:large, max-video-preview:-1\" \/>\n<link rel=\"canonical\" href=\"https:\/\/www.swisscrochet.ch\/fr\/produit\/el-d-mouzakis-butterfly-fil-a-crocheter-n-60\/\" \/>\n<meta property=\"og:locale\" content=\"fr_FR\" \/>\n<meta property=\"og:type\" content=\"article\" \/>\n<meta property=\"og:title\" content=\"EL.D.Mouzakis Butterfly - Fil \u00e0 crocheter n\u00b0 60 &#171; Swiss Crochet\" \/>\n<meta property=\"og:description\" content=\"Butterfly Fil \u00e0 crocheter n\u00b0 60 est un fil en coton \u00e9gyptien merceris\u00e9 fabriqu\u00e9 en Gr\u00e8ce. Solide, lisse et id\u00e9al pour la dentelle, les v\u00eatements et les travaux de crochet d\u00e9taill\u00e9s.\" \/>\n<meta property=\"og:url\" content=\"https:\/\/www.swisscrochet.ch\/fr\/produit\/el-d-mouzakis-butterfly-fil-a-crocheter-n-60\/\" \/>\n<meta property=\"og:site_name\" content=\"Swiss Crochet\" \/>\n<meta property=\"article:modified_time\" content=\"2026-03-14T15:01:47+00:00\" \/>\n<meta property=\"og:image\" content=\"https:\/\/www.swisscrochet.ch\/wp-content\/uploads\/2026\/03\/EL.D.Mouzakis-Crochet-Thread-Size-60-Overview.jpg\" \/>\n\t<meta property=\"og:image:width\" content=\"1000\" \/>\n\t<meta property=\"og:image:height\" content=\"1000\" \/>\n\t<meta property=\"og:image:type\" content=\"image\/jpeg\" \/>\n<meta name=\"twitter:card\" content=\"summary_large_image\" \/>\n<meta name=\"twitter:label1\" content=\"Dur\u00e9e de lecture estim\u00e9e\" \/>\n\t<meta name=\"twitter:data1\" content=\"1 minute\" \/>\n<script type=\"application\/ld+json\" class=\"yoast-schema-graph\">{\"@context\":\"https:\\\/\\\/schema.org\",\"@graph\":[{\"@type\":[\"WebPage\",\"ItemPage\"],\"@id\":\"https:\\\/\\\/www.swisscrochet.ch\\\/fr\\\/produit\\\/el-d-mouzakis-butterfly-fil-a-crocheter-n-60\\\/\",\"url\":\"https:\\\/\\\/www.swisscrochet.ch\\\/fr\\\/produit\\\/el-d-mouzakis-butterfly-fil-a-crocheter-n-60\\\/\",\"name\":\"EL.D.Mouzakis Butterfly - Fil \u00e0 crocheter n\u00b0 60 &#171; Swiss Crochet\",\"isPartOf\":{\"@id\":\"https:\\\/\\\/www.swisscrochet.ch\\\/#website\"},\"primaryImageOfPage\":{\"@id\":\"https:\\\/\\\/www.swisscrochet.ch\\\/fr\\\/produit\\\/el-d-mouzakis-butterfly-fil-a-crocheter-n-60\\\/#primaryimage\"},\"image\":{\"@id\":\"https:\\\/\\\/www.swisscrochet.ch\\\/fr\\\/produit\\\/el-d-mouzakis-butterfly-fil-a-crocheter-n-60\\\/#primaryimage\"},\"thumbnailUrl\":\"https:\\\/\\\/www.swisscrochet.ch\\\/wp-content\\\/uploads\\\/2026\\\/03\\\/EL.D.Mouzakis-Crochet-Thread-Size-60-Overview.jpg\",\"datePublished\":\"2026-03-14T14:29:32+00:00\",\"dateModified\":\"2026-03-14T15:01:47+00:00\",\"description\":\"Butterfly Fil \u00e0 crocheter n\u00b0 60 est un fil en coton \u00e9gyptien merceris\u00e9 fabriqu\u00e9 en Gr\u00e8ce. Solide, lisse et id\u00e9al pour la dentelle, les v\u00eatements et les travaux de crochet d\u00e9taill\u00e9s.\",\"breadcrumb\":{\"@id\":\"https:\\\/\\\/www.swisscrochet.ch\\\/fr\\\/produit\\\/el-d-mouzakis-butterfly-fil-a-crocheter-n-60\\\/#breadcrumb\"},\"inLanguage\":\"fr-FR\",\"potentialAction\":[{\"@type\":\"ReadAction\",\"target\":[\"https:\\\/\\\/www.swisscrochet.ch\\\/fr\\\/produit\\\/el-d-mouzakis-butterfly-fil-a-crocheter-n-60\\\/\"]}]},{\"@type\":\"ImageObject\",\"inLanguage\":\"fr-FR\",\"@id\":\"https:\\\/\\\/www.swisscrochet.ch\\\/fr\\\/produit\\\/el-d-mouzakis-butterfly-fil-a-crocheter-n-60\\\/#primaryimage\",\"url\":\"https:\\\/\\\/www.swisscrochet.ch\\\/wp-content\\\/uploads\\\/2026\\\/03\\\/EL.D.Mouzakis-Crochet-Thread-Size-60-Overview.jpg\",\"contentUrl\":\"https:\\\/\\\/www.swisscrochet.ch\\\/wp-content\\\/uploads\\\/2026\\\/03\\\/EL.D.Mouzakis-Crochet-Thread-Size-60-Overview.jpg\",\"width\":1000,\"height\":1000},{\"@type\":\"BreadcrumbList\",\"@id\":\"https:\\\/\\\/www.swisscrochet.ch\\\/fr\\\/produit\\\/el-d-mouzakis-butterfly-fil-a-crocheter-n-60\\\/#breadcrumb\",\"itemListElement\":[{\"@type\":\"ListItem\",\"position\":1,\"name\":\"Home\",\"item\":\"https:\\\/\\\/www.swisscrochet.ch\\\/fr\\\/\"},{\"@type\":\"ListItem\",\"position\":2,\"name\":\"Boutique\",\"item\":\"https:\\\/\\\/www.swisscrochet.ch\\\/fr\\\/boutique\\\/\"},{\"@type\":\"ListItem\",\"position\":3,\"name\":\"EL.D.Mouzakis Butterfly &#8211; Fil \u00e0 crocheter n\u00b0 60\"}]},{\"@type\":\"WebSite\",\"@id\":\"https:\\\/\\\/www.swisscrochet.ch\\\/#website\",\"url\":\"https:\\\/\\\/www.swisscrochet.ch\\\/\",\"name\":\"Swiss Crochet\",\"description\":\"Lib\u00e9rez votre potentiel cr\u00e9atif\",\"potentialAction\":[{\"@type\":\"SearchAction\",\"target\":{\"@type\":\"EntryPoint\",\"urlTemplate\":\"https:\\\/\\\/www.swisscrochet.ch\\\/?s={search_term_string}\"},\"query-input\":{\"@type\":\"PropertyValueSpecification\",\"valueRequired\":true,\"valueName\":\"search_term_string\"}}],\"inLanguage\":\"fr-FR\"}]}<\/script>\n<!-- \/ Yoast SEO plugin. -->","yoast_head_json":{"title":"EL.D.Mouzakis Butterfly - Fil \u00e0 crocheter n\u00b0 60 &#171; Swiss Crochet","description":"Butterfly Fil \u00e0 crocheter n\u00b0 60 est un fil en coton \u00e9gyptien merceris\u00e9 fabriqu\u00e9 en Gr\u00e8ce. Solide, lisse et id\u00e9al pour la dentelle, les v\u00eatements et les travaux de crochet d\u00e9taill\u00e9s.","robots":{"index":"index","follow":"follow","max-snippet":"max-snippet:-1","max-image-preview":"max-image-preview:large","max-video-preview":"max-video-preview:-1"},"canonical":"https:\/\/www.swisscrochet.ch\/fr\/produit\/el-d-mouzakis-butterfly-fil-a-crocheter-n-60\/","og_locale":"fr_FR","og_type":"article","og_title":"EL.D.Mouzakis Butterfly - Fil \u00e0 crocheter n\u00b0 60 &#171; Swiss Crochet","og_description":"Butterfly Fil \u00e0 crocheter n\u00b0 60 est un fil en coton \u00e9gyptien merceris\u00e9 fabriqu\u00e9 en Gr\u00e8ce. Solide, lisse et id\u00e9al pour la dentelle, les v\u00eatements et les travaux de crochet d\u00e9taill\u00e9s.","og_url":"https:\/\/www.swisscrochet.ch\/fr\/produit\/el-d-mouzakis-butterfly-fil-a-crocheter-n-60\/","og_site_name":"Swiss Crochet","article_modified_time":"2026-03-14T15:01:47+00:00","og_image":[{"width":1000,"height":1000,"url":"https:\/\/www.swisscrochet.ch\/wp-content\/uploads\/2026\/03\/EL.D.Mouzakis-Crochet-Thread-Size-60-Overview.jpg","type":"image\/jpeg"}],"twitter_card":"summary_large_image","twitter_misc":{"Dur\u00e9e de lecture estim\u00e9e":"1 minute"},"schema":{"@context":"https:\/\/schema.org","@graph":[{"@type":["WebPage","ItemPage"],"@id":"https:\/\/www.swisscrochet.ch\/fr\/produit\/el-d-mouzakis-butterfly-fil-a-crocheter-n-60\/","url":"https:\/\/www.swisscrochet.ch\/fr\/produit\/el-d-mouzakis-butterfly-fil-a-crocheter-n-60\/","name":"EL.D.Mouzakis Butterfly - Fil \u00e0 crocheter n\u00b0 60 &#171; Swiss Crochet","isPartOf":{"@id":"https:\/\/www.swisscrochet.ch\/#website"},"primaryImageOfPage":{"@id":"https:\/\/www.swisscrochet.ch\/fr\/produit\/el-d-mouzakis-butterfly-fil-a-crocheter-n-60\/#primaryimage"},"image":{"@id":"https:\/\/www.swisscrochet.ch\/fr\/produit\/el-d-mouzakis-butterfly-fil-a-crocheter-n-60\/#primaryimage"},"thumbnailUrl":"https:\/\/www.swisscrochet.ch\/wp-content\/uploads\/2026\/03\/EL.D.Mouzakis-Crochet-Thread-Size-60-Overview.jpg","datePublished":"2026-03-14T14:29:32+00:00","dateModified":"2026-03-14T15:01:47+00:00","description":"Butterfly Fil \u00e0 crocheter n\u00b0 60 est un fil en coton \u00e9gyptien merceris\u00e9 fabriqu\u00e9 en Gr\u00e8ce. Solide, lisse et id\u00e9al pour la dentelle, les v\u00eatements et les travaux de crochet d\u00e9taill\u00e9s.","breadcrumb":{"@id":"https:\/\/www.swisscrochet.ch\/fr\/produit\/el-d-mouzakis-butterfly-fil-a-crocheter-n-60\/#breadcrumb"},"inLanguage":"fr-FR","potentialAction":[{"@type":"ReadAction","target":["https:\/\/www.swisscrochet.ch\/fr\/produit\/el-d-mouzakis-butterfly-fil-a-crocheter-n-60\/"]}]},{"@type":"ImageObject","inLanguage":"fr-FR","@id":"https:\/\/www.swisscrochet.ch\/fr\/produit\/el-d-mouzakis-butterfly-fil-a-crocheter-n-60\/#primaryimage","url":"https:\/\/www.swisscrochet.ch\/wp-content\/uploads\/2026\/03\/EL.D.Mouzakis-Crochet-Thread-Size-60-Overview.jpg","contentUrl":"https:\/\/www.swisscrochet.ch\/wp-content\/uploads\/2026\/03\/EL.D.Mouzakis-Crochet-Thread-Size-60-Overview.jpg","width":1000,"height":1000},{"@type":"BreadcrumbList","@id":"https:\/\/www.swisscrochet.ch\/fr\/produit\/el-d-mouzakis-butterfly-fil-a-crocheter-n-60\/#breadcrumb","itemListElement":[{"@type":"ListItem","position":1,"name":"Home","item":"https:\/\/www.swisscrochet.ch\/fr\/"},{"@type":"ListItem","position":2,"name":"Boutique","item":"https:\/\/www.swisscrochet.ch\/fr\/boutique\/"},{"@type":"ListItem","position":3,"name":"EL.D.Mouzakis Butterfly &#8211; Fil \u00e0 crocheter n\u00b0 60"}]},{"@type":"WebSite","@id":"https:\/\/www.swisscrochet.ch\/#website","url":"https:\/\/www.swisscrochet.ch\/","name":"Swiss Crochet","description":"Lib\u00e9rez votre potentiel cr\u00e9atif","potentialAction":[{"@type":"SearchAction","target":{"@type":"EntryPoint","urlTemplate":"https:\/\/www.swisscrochet.ch\/?s={search_term_string}"},"query-input":{"@type":"PropertyValueSpecification","valueRequired":true,"valueName":"search_term_string"}}],"inLanguage":"fr-FR"}]}},"_links":{"self":[{"href":"https:\/\/www.swisscrochet.ch\/fr\/wp-json\/wp\/v2\/product\/26468","targetHints":{"allow":["GET"]}}],"collection":[{"href":"https:\/\/www.swisscrochet.ch\/fr\/wp-json\/wp\/v2\/product"}],"about":[{"href":"https:\/\/www.swisscrochet.ch\/fr\/wp-json\/wp\/v2\/types\/product"}],"wp:featuredmedia":[{"embeddable":true,"href":"https:\/\/www.swisscrochet.ch\/fr\/wp-json\/wp\/v2\/media\/26205"}],"wp:attachment":[{"href":"https:\/\/www.swisscrochet.ch\/fr\/wp-json\/wp\/v2\/media?parent=26468"}],"wp:term":[{"taxonomy":"product_brand","embeddable":true,"href":"https:\/\/www.swisscrochet.ch\/fr\/wp-json\/wp\/v2\/product_brand?post=26468"},{"taxonomy":"product_cat","embeddable":true,"href":"https:\/\/www.swisscrochet.ch\/fr\/wp-json\/wp\/v2\/product_cat?post=26468"},{"taxonomy":"product_tag","embeddable":true,"href":"https:\/\/www.swisscrochet.ch\/fr\/wp-json\/wp\/v2\/product_tag?post=26468"}],"curies":[{"name":"wp","href":"https:\/\/api.w.org\/{rel}","templated":true}]}}