{"id":26563,"date":"2026-03-14T17:52:30","date_gmt":"2026-03-14T16:52:30","guid":{"rendered":"https:\/\/www.swisscrochet.ch\/product\/daruma-sasawashi-flat\/"},"modified":"2026-03-14T17:59:54","modified_gmt":"2026-03-14T16:59:54","slug":"daruma-sasawashi-flat","status":"publish","type":"product","link":"https:\/\/www.swisscrochet.ch\/fr\/produit\/daruma-sasawashi-flat\/","title":{"rendered":"Daruma &#8211; Sasawashi Flat"},"content":{"rendered":"","protected":false},"excerpt":{"rendered":"<p>Sasawashi Flat est un fil raphia l\u00e9ger fabriqu\u00e9 \u00e0 partir de 100 % Sasa Washi, un fil de papier japonais traditionnel produit \u00e0 partir d\u2019herbe de bambou. Fabriqu\u00e9 au Japon, ce mat\u00e9riau unique associe une texture naturelle \u00e0 une sensation structur\u00e9e, ce qui le rend particuli\u00e8rement adapt\u00e9 aux accessoires qui n\u00e9cessitent stabilit\u00e9 et tenue.<\/p>\n<p>Une finition d\u00e9perlante est appliqu\u00e9e au fil afin d\u2019aider \u00e0 prot\u00e9ger les objets r\u00e9alis\u00e9s contre l\u2019humidit\u00e9 l\u00e9g\u00e8re. Avec le temps, cette finition peut toutefois s\u2019affaiblir sous l\u2019effet de la transpiration, de la salet\u00e9, des frottements ou du nettoyage \u00e0 sec.<\/p>\n<p>Sasawashi Flat convient particuli\u00e8rement aux projets d\u2019\u00e9t\u00e9 structur\u00e9s tels que les sacs, les \u00e9l\u00e9ments de d\u00e9coration int\u00e9rieure et les accessoires comme les chapeaux.<\/p>\n<p>L\u2019\u00e9chantillon pr\u00e9sent\u00e9 a \u00e9t\u00e9 lav\u00e9 \u00e0 la main dans de l\u2019eau ti\u00e8de puis repass\u00e9 \u00e0 la vapeur.<\/p>\n<p>Sasawashi Flat est disponible dans une palette de 5 couleurs, comprenant des tons naturels de brun et de beige ainsi qu\u2019un noir classique.<\/p>\n<p>Choisissez Sasawashi Flat pour des accessoires d\u2019\u00e9t\u00e9 structur\u00e9s et durables qui conservent parfaitement leur forme.<\/p>\n<p><strong>Disponible exclusivement chez Swiss Crochet.<\/strong><\/p>\n","protected":false},"featured_media":26555,"template":"","meta":[],"product_brand":[],"product_cat":[227,1882],"product_tag":[],"class_list":{"0":"post-26563","1":"product","2":"type-product","3":"status-publish","4":"has-post-thumbnail","6":"product_cat-fils","7":"product_cat-fils-sacs-et-decoration-interieure","8":"pa_y1-brand-daruma","9":"pa_y17-yarn-weight-sport-fr","10":"description-off","12":"first","13":"instock","14":"taxable","15":"shipping-taxable","16":"purchasable","17":"product-type-variable","18":"wvs-archive-product-wrapper"},"bundled_by":[],"bundle_stock_status":"instock","bundle_stock_quantity":null,"bundle_virtual":false,"bundle_layout":"","bundle_add_to_cart_form_location":"","bundle_editable_in_cart":false,"bundle_sold_individually_context":"","bundle_item_grouping":"","bundle_min_size":"","bundle_max_size":"","bundle_price":[],"bundled_items":[],"bundle_sell_ids":[],"yoast_head":"<!-- This site is optimized with the Yoast SEO plugin v27.5 - https:\/\/yoast.com\/product\/yoast-seo-wordpress\/ -->\n<title>Daruma - Sasawashi Flat &#171; Swiss Crochet<\/title>\n<meta name=\"description\" content=\"Fil raphia plat Sasawashi fabriqu\u00e9 \u00e0 partir de papier d\u2019herbe de bambou. Fil japonais l\u00e9ger, id\u00e9al pour sacs au crochet, chapeaux et accessoires d\u2019\u00e9t\u00e9.\" \/>\n<meta name=\"robots\" content=\"index, follow, max-snippet:-1, max-image-preview:large, max-video-preview:-1\" \/>\n<link rel=\"canonical\" href=\"https:\/\/www.swisscrochet.ch\/fr\/produit\/daruma-sasawashi-flat\/\" \/>\n<meta property=\"og:locale\" content=\"fr_FR\" \/>\n<meta property=\"og:type\" content=\"article\" \/>\n<meta property=\"og:title\" content=\"Daruma - Sasawashi Flat &#171; Swiss Crochet\" \/>\n<meta property=\"og:description\" content=\"Fil raphia plat Sasawashi fabriqu\u00e9 \u00e0 partir de papier d\u2019herbe de bambou. Fil japonais l\u00e9ger, id\u00e9al pour sacs au crochet, chapeaux et accessoires d\u2019\u00e9t\u00e9.\" \/>\n<meta property=\"og:url\" content=\"https:\/\/www.swisscrochet.ch\/fr\/produit\/daruma-sasawashi-flat\/\" \/>\n<meta property=\"og:site_name\" content=\"Swiss Crochet\" \/>\n<meta property=\"article:modified_time\" content=\"2026-03-14T16:59:54+00:00\" \/>\n<meta property=\"og:image\" content=\"https:\/\/www.swisscrochet.ch\/wp-content\/uploads\/2026\/03\/Daruma-Sasawashi-Flat-Overview.jpg\" \/>\n\t<meta property=\"og:image:width\" content=\"1000\" \/>\n\t<meta property=\"og:image:height\" content=\"1000\" \/>\n\t<meta property=\"og:image:type\" content=\"image\/jpeg\" \/>\n<meta name=\"twitter:card\" content=\"summary_large_image\" \/>\n<meta name=\"twitter:label1\" content=\"Dur\u00e9e de lecture estim\u00e9e\" \/>\n\t<meta name=\"twitter:data1\" content=\"1 minute\" \/>\n<script type=\"application\/ld+json\" class=\"yoast-schema-graph\">{\"@context\":\"https:\\\/\\\/schema.org\",\"@graph\":[{\"@type\":[\"WebPage\",\"ItemPage\"],\"@id\":\"https:\\\/\\\/www.swisscrochet.ch\\\/fr\\\/produit\\\/daruma-sasawashi-flat\\\/\",\"url\":\"https:\\\/\\\/www.swisscrochet.ch\\\/fr\\\/produit\\\/daruma-sasawashi-flat\\\/\",\"name\":\"Daruma - Sasawashi Flat &#171; Swiss Crochet\",\"isPartOf\":{\"@id\":\"https:\\\/\\\/www.swisscrochet.ch\\\/#website\"},\"primaryImageOfPage\":{\"@id\":\"https:\\\/\\\/www.swisscrochet.ch\\\/fr\\\/produit\\\/daruma-sasawashi-flat\\\/#primaryimage\"},\"image\":{\"@id\":\"https:\\\/\\\/www.swisscrochet.ch\\\/fr\\\/produit\\\/daruma-sasawashi-flat\\\/#primaryimage\"},\"thumbnailUrl\":\"https:\\\/\\\/www.swisscrochet.ch\\\/wp-content\\\/uploads\\\/2026\\\/03\\\/Daruma-Sasawashi-Flat-Overview.jpg\",\"datePublished\":\"2026-03-14T16:52:30+00:00\",\"dateModified\":\"2026-03-14T16:59:54+00:00\",\"description\":\"Fil raphia plat Sasawashi fabriqu\u00e9 \u00e0 partir de papier d\u2019herbe de bambou. Fil japonais l\u00e9ger, id\u00e9al pour sacs au crochet, chapeaux et accessoires d\u2019\u00e9t\u00e9.\",\"breadcrumb\":{\"@id\":\"https:\\\/\\\/www.swisscrochet.ch\\\/fr\\\/produit\\\/daruma-sasawashi-flat\\\/#breadcrumb\"},\"inLanguage\":\"fr-FR\",\"potentialAction\":[{\"@type\":\"ReadAction\",\"target\":[\"https:\\\/\\\/www.swisscrochet.ch\\\/fr\\\/produit\\\/daruma-sasawashi-flat\\\/\"]}]},{\"@type\":\"ImageObject\",\"inLanguage\":\"fr-FR\",\"@id\":\"https:\\\/\\\/www.swisscrochet.ch\\\/fr\\\/produit\\\/daruma-sasawashi-flat\\\/#primaryimage\",\"url\":\"https:\\\/\\\/www.swisscrochet.ch\\\/wp-content\\\/uploads\\\/2026\\\/03\\\/Daruma-Sasawashi-Flat-Overview.jpg\",\"contentUrl\":\"https:\\\/\\\/www.swisscrochet.ch\\\/wp-content\\\/uploads\\\/2026\\\/03\\\/Daruma-Sasawashi-Flat-Overview.jpg\",\"width\":1000,\"height\":1000},{\"@type\":\"BreadcrumbList\",\"@id\":\"https:\\\/\\\/www.swisscrochet.ch\\\/fr\\\/produit\\\/daruma-sasawashi-flat\\\/#breadcrumb\",\"itemListElement\":[{\"@type\":\"ListItem\",\"position\":1,\"name\":\"Home\",\"item\":\"https:\\\/\\\/www.swisscrochet.ch\\\/fr\\\/\"},{\"@type\":\"ListItem\",\"position\":2,\"name\":\"Boutique\",\"item\":\"https:\\\/\\\/www.swisscrochet.ch\\\/fr\\\/boutique\\\/\"},{\"@type\":\"ListItem\",\"position\":3,\"name\":\"Daruma &#8211; Sasawashi Flat\"}]},{\"@type\":\"WebSite\",\"@id\":\"https:\\\/\\\/www.swisscrochet.ch\\\/#website\",\"url\":\"https:\\\/\\\/www.swisscrochet.ch\\\/\",\"name\":\"Swiss Crochet\",\"description\":\"Lib\u00e9rez votre potentiel cr\u00e9atif\",\"potentialAction\":[{\"@type\":\"SearchAction\",\"target\":{\"@type\":\"EntryPoint\",\"urlTemplate\":\"https:\\\/\\\/www.swisscrochet.ch\\\/?s={search_term_string}\"},\"query-input\":{\"@type\":\"PropertyValueSpecification\",\"valueRequired\":true,\"valueName\":\"search_term_string\"}}],\"inLanguage\":\"fr-FR\"}]}<\/script>\n<!-- \/ Yoast SEO plugin. -->","yoast_head_json":{"title":"Daruma - Sasawashi Flat &#171; Swiss Crochet","description":"Fil raphia plat Sasawashi fabriqu\u00e9 \u00e0 partir de papier d\u2019herbe de bambou. Fil japonais l\u00e9ger, id\u00e9al pour sacs au crochet, chapeaux et accessoires d\u2019\u00e9t\u00e9.","robots":{"index":"index","follow":"follow","max-snippet":"max-snippet:-1","max-image-preview":"max-image-preview:large","max-video-preview":"max-video-preview:-1"},"canonical":"https:\/\/www.swisscrochet.ch\/fr\/produit\/daruma-sasawashi-flat\/","og_locale":"fr_FR","og_type":"article","og_title":"Daruma - Sasawashi Flat &#171; Swiss Crochet","og_description":"Fil raphia plat Sasawashi fabriqu\u00e9 \u00e0 partir de papier d\u2019herbe de bambou. Fil japonais l\u00e9ger, id\u00e9al pour sacs au crochet, chapeaux et accessoires d\u2019\u00e9t\u00e9.","og_url":"https:\/\/www.swisscrochet.ch\/fr\/produit\/daruma-sasawashi-flat\/","og_site_name":"Swiss Crochet","article_modified_time":"2026-03-14T16:59:54+00:00","og_image":[{"width":1000,"height":1000,"url":"https:\/\/www.swisscrochet.ch\/wp-content\/uploads\/2026\/03\/Daruma-Sasawashi-Flat-Overview.jpg","type":"image\/jpeg"}],"twitter_card":"summary_large_image","twitter_misc":{"Dur\u00e9e de lecture estim\u00e9e":"1 minute"},"schema":{"@context":"https:\/\/schema.org","@graph":[{"@type":["WebPage","ItemPage"],"@id":"https:\/\/www.swisscrochet.ch\/fr\/produit\/daruma-sasawashi-flat\/","url":"https:\/\/www.swisscrochet.ch\/fr\/produit\/daruma-sasawashi-flat\/","name":"Daruma - Sasawashi Flat &#171; Swiss Crochet","isPartOf":{"@id":"https:\/\/www.swisscrochet.ch\/#website"},"primaryImageOfPage":{"@id":"https:\/\/www.swisscrochet.ch\/fr\/produit\/daruma-sasawashi-flat\/#primaryimage"},"image":{"@id":"https:\/\/www.swisscrochet.ch\/fr\/produit\/daruma-sasawashi-flat\/#primaryimage"},"thumbnailUrl":"https:\/\/www.swisscrochet.ch\/wp-content\/uploads\/2026\/03\/Daruma-Sasawashi-Flat-Overview.jpg","datePublished":"2026-03-14T16:52:30+00:00","dateModified":"2026-03-14T16:59:54+00:00","description":"Fil raphia plat Sasawashi fabriqu\u00e9 \u00e0 partir de papier d\u2019herbe de bambou. Fil japonais l\u00e9ger, id\u00e9al pour sacs au crochet, chapeaux et accessoires d\u2019\u00e9t\u00e9.","breadcrumb":{"@id":"https:\/\/www.swisscrochet.ch\/fr\/produit\/daruma-sasawashi-flat\/#breadcrumb"},"inLanguage":"fr-FR","potentialAction":[{"@type":"ReadAction","target":["https:\/\/www.swisscrochet.ch\/fr\/produit\/daruma-sasawashi-flat\/"]}]},{"@type":"ImageObject","inLanguage":"fr-FR","@id":"https:\/\/www.swisscrochet.ch\/fr\/produit\/daruma-sasawashi-flat\/#primaryimage","url":"https:\/\/www.swisscrochet.ch\/wp-content\/uploads\/2026\/03\/Daruma-Sasawashi-Flat-Overview.jpg","contentUrl":"https:\/\/www.swisscrochet.ch\/wp-content\/uploads\/2026\/03\/Daruma-Sasawashi-Flat-Overview.jpg","width":1000,"height":1000},{"@type":"BreadcrumbList","@id":"https:\/\/www.swisscrochet.ch\/fr\/produit\/daruma-sasawashi-flat\/#breadcrumb","itemListElement":[{"@type":"ListItem","position":1,"name":"Home","item":"https:\/\/www.swisscrochet.ch\/fr\/"},{"@type":"ListItem","position":2,"name":"Boutique","item":"https:\/\/www.swisscrochet.ch\/fr\/boutique\/"},{"@type":"ListItem","position":3,"name":"Daruma &#8211; Sasawashi Flat"}]},{"@type":"WebSite","@id":"https:\/\/www.swisscrochet.ch\/#website","url":"https:\/\/www.swisscrochet.ch\/","name":"Swiss Crochet","description":"Lib\u00e9rez votre potentiel cr\u00e9atif","potentialAction":[{"@type":"SearchAction","target":{"@type":"EntryPoint","urlTemplate":"https:\/\/www.swisscrochet.ch\/?s={search_term_string}"},"query-input":{"@type":"PropertyValueSpecification","valueRequired":true,"valueName":"search_term_string"}}],"inLanguage":"fr-FR"}]}},"_links":{"self":[{"href":"https:\/\/www.swisscrochet.ch\/fr\/wp-json\/wp\/v2\/product\/26563","targetHints":{"allow":["GET"]}}],"collection":[{"href":"https:\/\/www.swisscrochet.ch\/fr\/wp-json\/wp\/v2\/product"}],"about":[{"href":"https:\/\/www.swisscrochet.ch\/fr\/wp-json\/wp\/v2\/types\/product"}],"wp:featuredmedia":[{"embeddable":true,"href":"https:\/\/www.swisscrochet.ch\/fr\/wp-json\/wp\/v2\/media\/26555"}],"wp:attachment":[{"href":"https:\/\/www.swisscrochet.ch\/fr\/wp-json\/wp\/v2\/media?parent=26563"}],"wp:term":[{"taxonomy":"product_brand","embeddable":true,"href":"https:\/\/www.swisscrochet.ch\/fr\/wp-json\/wp\/v2\/product_brand?post=26563"},{"taxonomy":"product_cat","embeddable":true,"href":"https:\/\/www.swisscrochet.ch\/fr\/wp-json\/wp\/v2\/product_cat?post=26563"},{"taxonomy":"product_tag","embeddable":true,"href":"https:\/\/www.swisscrochet.ch\/fr\/wp-json\/wp\/v2\/product_tag?post=26563"}],"curies":[{"name":"wp","href":"https:\/\/api.w.org\/{rel}","templated":true}]}}